{"id":23336,"date":"2021-05-21T14:34:13","date_gmt":"2021-05-21T18:34:13","guid":{"rendered":"https:\/\/plamdistributions.com\/produit\/auto-recureuse-vertical-12-clarke-ma10-12e\/"},"modified":"2025-01-03T09:52:04","modified_gmt":"2025-01-03T13:52:04","slug":"auto-recureuse-vertical-12-clarke-ma10-12e","status":"publish","type":"product","link":"https:\/\/plamdistributions.com\/en\/produit\/auto-recureuse-vertical-12-clarke-ma10-12e\/","title":{"rendered":"AUTO-R\u00c9CUREUSE 12&#8221; V\u00c9RTICAL CYLINDRIQUE CLARKE MA10 12E"},"content":{"rendered":"<p><strong>Code: AR-CK107408161<\/strong><\/p>\n<p><strong>Caract\u00e9ristiques:<\/strong><\/p>\n<ul>\n<li><strong>Compact:<\/strong> Conception id\u00e9ale pour nettoyer rapidement les petits endroits;<\/li>\n<li><strong>Sanitaire:<\/strong> Cr\u00e9e un environnement plus propre par rapport au nettoyage;<\/li>\n<li><strong>Polyvalent:<\/strong> Nettoie les surfaces dures rapidement et efficacement;<\/li>\n<li><strong>Kit de nettoyage de tapis:<\/strong> Rafra\u00eechissez les petits tapis, y compris l&#8217;\u00e9limination des taches, en utilisant le kit de tapis. Les brosses et raclettes peuvent \u00eatre retir\u00e9es sans aucun outil, ce qui facilite et acc\u00e9l\u00e8re les op\u00e9rations d&#8217;entretien quotidien.<\/li>\n<\/ul>\n<p><strong>\u2713 Fabricant: Clarke<\/strong><\/p>\n","protected":false},"excerpt":{"rendered":"<p>Code: AR-CK107408161 Caract\u00e9ristiques: Compact: Conception id\u00e9ale pour nettoyer rapidement les petits endroits; Sanitaire: Cr\u00e9e un environnement plus propre par rapport<\/p>\n","protected":false},"featured_media":23335,"comment_status":"closed","ping_status":"closed","template":"","meta":[],"product_brand":[],"product_cat":[218,98],"product_tag":[],"class_list":{"0":"post-23336","1":"product","2":"type-product","3":"status-publish","4":"has-post-thumbnail","6":"product_cat-auto-recureuses","7":"product_cat-equipements","8":"product_shipping_class-standard","10":"first","11":"onbackorder","12":"featured","13":"taxable","14":"shipping-taxable","15":"purchasable","16":"product-type-simple"},"yoast_head":"<!-- This site is optimized with the Yoast SEO plugin v27.4 - https:\/\/yoast.com\/product\/yoast-seo-wordpress\/ -->\n<title>AUTO-R\u00c9CUREUSE 12&#039;&#039; V\u00c9RTICAL CYLINDRIQUE CLARKE MA10 12E | Pla-M Distributions<\/title>\n<meta name=\"robots\" content=\"index, follow, max-snippet:-1, max-image-preview:large, max-video-preview:-1\" \/>\n<link rel=\"canonical\" href=\"https:\/\/plamdistributions.com\/en\/produit\/auto-recureuse-vertical-12-clarke-ma10-12e\/\" \/>\n<meta property=\"og:locale\" content=\"en_US\" \/>\n<meta property=\"og:type\" content=\"article\" \/>\n<meta property=\"og:title\" content=\"AUTO-R\u00c9CUREUSE 12&#039;&#039; V\u00c9RTICAL CYLINDRIQUE CLARKE MA10 12E | Pla-M Distributions\" \/>\n<meta property=\"og:description\" content=\"Code: AR-CK107408161 Caract\u00e9ristiques: Compact: Conception id\u00e9ale pour nettoyer rapidement les petits endroits; Sanitaire: Cr\u00e9e un environnement plus propre par rapport\" \/>\n<meta property=\"og:url\" content=\"https:\/\/plamdistributions.com\/en\/produit\/auto-recureuse-vertical-12-clarke-ma10-12e\/\" \/>\n<meta property=\"og:site_name\" content=\"Pla-M Distributions\" \/>\n<meta property=\"article:publisher\" content=\"https:\/\/www.facebook.com\/displam\/\" \/>\n<meta property=\"article:modified_time\" content=\"2025-01-03T13:52:04+00:00\" \/>\n<meta property=\"og:image\" content=\"https:\/\/plamdistributions.com\/wp-content\/uploads\/2021\/05\/AR-CK107408161.jpg\" \/>\n\t<meta property=\"og:image:width\" content=\"600\" \/>\n\t<meta property=\"og:image:height\" content=\"600\" \/>\n\t<meta property=\"og:image:type\" content=\"image\/jpeg\" \/>\n<meta name=\"twitter:card\" content=\"summary_large_image\" \/>\n<meta name=\"twitter:site\" content=\"@Displam\" \/>\n<script type=\"application\/ld+json\" class=\"yoast-schema-graph\">{\"@context\":\"https:\\\/\\\/schema.org\",\"@graph\":[{\"@type\":\"WebPage\",\"@id\":\"https:\\\/\\\/plamdistributions.com\\\/en\\\/produit\\\/auto-recureuse-vertical-12-clarke-ma10-12e\\\/\",\"url\":\"https:\\\/\\\/plamdistributions.com\\\/en\\\/produit\\\/auto-recureuse-vertical-12-clarke-ma10-12e\\\/\",\"name\":\"AUTO-R\u00c9CUREUSE 12'' V\u00c9RTICAL CYLINDRIQUE CLARKE MA10 12E | Pla-M Distributions\",\"isPartOf\":{\"@id\":\"https:\\\/\\\/plamdistributions.com\\\/#website\"},\"primaryImageOfPage\":{\"@id\":\"https:\\\/\\\/plamdistributions.com\\\/en\\\/produit\\\/auto-recureuse-vertical-12-clarke-ma10-12e\\\/#primaryimage\"},\"image\":{\"@id\":\"https:\\\/\\\/plamdistributions.com\\\/en\\\/produit\\\/auto-recureuse-vertical-12-clarke-ma10-12e\\\/#primaryimage\"},\"thumbnailUrl\":\"https:\\\/\\\/plamdistributions.com\\\/wp-content\\\/uploads\\\/2021\\\/05\\\/AR-CK107408161.jpg\",\"datePublished\":\"2021-05-21T18:34:13+00:00\",\"dateModified\":\"2025-01-03T13:52:04+00:00\",\"breadcrumb\":{\"@id\":\"https:\\\/\\\/plamdistributions.com\\\/en\\\/produit\\\/auto-recureuse-vertical-12-clarke-ma10-12e\\\/#breadcrumb\"},\"inLanguage\":\"en-US\",\"potentialAction\":[{\"@type\":\"ReadAction\",\"target\":[\"https:\\\/\\\/plamdistributions.com\\\/en\\\/produit\\\/auto-recureuse-vertical-12-clarke-ma10-12e\\\/\"]}]},{\"@type\":\"ImageObject\",\"inLanguage\":\"en-US\",\"@id\":\"https:\\\/\\\/plamdistributions.com\\\/en\\\/produit\\\/auto-recureuse-vertical-12-clarke-ma10-12e\\\/#primaryimage\",\"url\":\"https:\\\/\\\/plamdistributions.com\\\/wp-content\\\/uploads\\\/2021\\\/05\\\/AR-CK107408161.jpg\",\"contentUrl\":\"https:\\\/\\\/plamdistributions.com\\\/wp-content\\\/uploads\\\/2021\\\/05\\\/AR-CK107408161.jpg\",\"width\":600,\"height\":600},{\"@type\":\"BreadcrumbList\",\"@id\":\"https:\\\/\\\/plamdistributions.com\\\/en\\\/produit\\\/auto-recureuse-vertical-12-clarke-ma10-12e\\\/#breadcrumb\",\"itemListElement\":[{\"@type\":\"ListItem\",\"position\":1,\"name\":\"Accueil\",\"item\":\"https:\\\/\\\/plamdistributions.com\\\/en\\\/\"},{\"@type\":\"ListItem\",\"position\":2,\"name\":\"Shop\",\"item\":\"https:\\\/\\\/plamdistributions.com\\\/en\\\/shop\\\/\"},{\"@type\":\"ListItem\",\"position\":3,\"name\":\"AUTO-R\u00c9CUREUSE 12&#8221; V\u00c9RTICAL CYLINDRIQUE CLARKE MA10 12E\"}]},{\"@type\":\"WebSite\",\"@id\":\"https:\\\/\\\/plamdistributions.com\\\/#website\",\"url\":\"https:\\\/\\\/plamdistributions.com\\\/\",\"name\":\"Distributions Pla-M Inc.\",\"description\":\"Sale of sanitary products and equipment\",\"publisher\":{\"@id\":\"https:\\\/\\\/plamdistributions.com\\\/#organization\"},\"potentialAction\":[{\"@type\":\"SearchAction\",\"target\":{\"@type\":\"EntryPoint\",\"urlTemplate\":\"https:\\\/\\\/plamdistributions.com\\\/?s={search_term_string}\"},\"query-input\":{\"@type\":\"PropertyValueSpecification\",\"valueRequired\":true,\"valueName\":\"search_term_string\"}}],\"inLanguage\":\"en-US\"},{\"@type\":\"Organization\",\"@id\":\"https:\\\/\\\/plamdistributions.com\\\/#organization\",\"name\":\"Distributions Pla-M\",\"url\":\"https:\\\/\\\/plamdistributions.com\\\/\",\"logo\":{\"@type\":\"ImageObject\",\"inLanguage\":\"en-US\",\"@id\":\"https:\\\/\\\/plamdistributions.com\\\/#\\\/schema\\\/logo\\\/image\\\/\",\"url\":\"https:\\\/\\\/plamdistributions.com\\\/wp-content\\\/uploads\\\/2021\\\/05\\\/PLAM-SANS.png\",\"contentUrl\":\"https:\\\/\\\/plamdistributions.com\\\/wp-content\\\/uploads\\\/2021\\\/05\\\/PLAM-SANS.png\",\"width\":289,\"height\":224,\"caption\":\"Distributions Pla-M\"},\"image\":{\"@id\":\"https:\\\/\\\/plamdistributions.com\\\/#\\\/schema\\\/logo\\\/image\\\/\"},\"sameAs\":[\"https:\\\/\\\/www.facebook.com\\\/displam\\\/\",\"https:\\\/\\\/x.com\\\/Displam\",\"https:\\\/\\\/www.youtube.com\\\/channel\\\/UCHmm3HCGnpGuaQ984quISDg\"]}]}<\/script>\n<!-- \/ Yoast SEO plugin. -->","yoast_head_json":{"title":"AUTO-R\u00c9CUREUSE 12'' V\u00c9RTICAL CYLINDRIQUE CLARKE MA10 12E | Pla-M Distributions","robots":{"index":"index","follow":"follow","max-snippet":"max-snippet:-1","max-image-preview":"max-image-preview:large","max-video-preview":"max-video-preview:-1"},"canonical":"https:\/\/plamdistributions.com\/en\/produit\/auto-recureuse-vertical-12-clarke-ma10-12e\/","og_locale":"en_US","og_type":"article","og_title":"AUTO-R\u00c9CUREUSE 12'' V\u00c9RTICAL CYLINDRIQUE CLARKE MA10 12E | Pla-M Distributions","og_description":"Code: AR-CK107408161 Caract\u00e9ristiques: Compact: Conception id\u00e9ale pour nettoyer rapidement les petits endroits; Sanitaire: Cr\u00e9e un environnement plus propre par rapport","og_url":"https:\/\/plamdistributions.com\/en\/produit\/auto-recureuse-vertical-12-clarke-ma10-12e\/","og_site_name":"Pla-M Distributions","article_publisher":"https:\/\/www.facebook.com\/displam\/","article_modified_time":"2025-01-03T13:52:04+00:00","og_image":[{"width":600,"height":600,"url":"https:\/\/plamdistributions.com\/wp-content\/uploads\/2021\/05\/AR-CK107408161.jpg","type":"image\/jpeg"}],"twitter_card":"summary_large_image","twitter_site":"@Displam","schema":{"@context":"https:\/\/schema.org","@graph":[{"@type":"WebPage","@id":"https:\/\/plamdistributions.com\/en\/produit\/auto-recureuse-vertical-12-clarke-ma10-12e\/","url":"https:\/\/plamdistributions.com\/en\/produit\/auto-recureuse-vertical-12-clarke-ma10-12e\/","name":"AUTO-R\u00c9CUREUSE 12'' V\u00c9RTICAL CYLINDRIQUE CLARKE MA10 12E | Pla-M Distributions","isPartOf":{"@id":"https:\/\/plamdistributions.com\/#website"},"primaryImageOfPage":{"@id":"https:\/\/plamdistributions.com\/en\/produit\/auto-recureuse-vertical-12-clarke-ma10-12e\/#primaryimage"},"image":{"@id":"https:\/\/plamdistributions.com\/en\/produit\/auto-recureuse-vertical-12-clarke-ma10-12e\/#primaryimage"},"thumbnailUrl":"https:\/\/plamdistributions.com\/wp-content\/uploads\/2021\/05\/AR-CK107408161.jpg","datePublished":"2021-05-21T18:34:13+00:00","dateModified":"2025-01-03T13:52:04+00:00","breadcrumb":{"@id":"https:\/\/plamdistributions.com\/en\/produit\/auto-recureuse-vertical-12-clarke-ma10-12e\/#breadcrumb"},"inLanguage":"en-US","potentialAction":[{"@type":"ReadAction","target":["https:\/\/plamdistributions.com\/en\/produit\/auto-recureuse-vertical-12-clarke-ma10-12e\/"]}]},{"@type":"ImageObject","inLanguage":"en-US","@id":"https:\/\/plamdistributions.com\/en\/produit\/auto-recureuse-vertical-12-clarke-ma10-12e\/#primaryimage","url":"https:\/\/plamdistributions.com\/wp-content\/uploads\/2021\/05\/AR-CK107408161.jpg","contentUrl":"https:\/\/plamdistributions.com\/wp-content\/uploads\/2021\/05\/AR-CK107408161.jpg","width":600,"height":600},{"@type":"BreadcrumbList","@id":"https:\/\/plamdistributions.com\/en\/produit\/auto-recureuse-vertical-12-clarke-ma10-12e\/#breadcrumb","itemListElement":[{"@type":"ListItem","position":1,"name":"Accueil","item":"https:\/\/plamdistributions.com\/en\/"},{"@type":"ListItem","position":2,"name":"Shop","item":"https:\/\/plamdistributions.com\/en\/shop\/"},{"@type":"ListItem","position":3,"name":"AUTO-R\u00c9CUREUSE 12&#8221; V\u00c9RTICAL CYLINDRIQUE CLARKE MA10 12E"}]},{"@type":"WebSite","@id":"https:\/\/plamdistributions.com\/#website","url":"https:\/\/plamdistributions.com\/","name":"Distributions Pla-M Inc.","description":"Sale of sanitary products and equipment","publisher":{"@id":"https:\/\/plamdistributions.com\/#organization"},"potentialAction":[{"@type":"SearchAction","target":{"@type":"EntryPoint","urlTemplate":"https:\/\/plamdistributions.com\/?s={search_term_string}"},"query-input":{"@type":"PropertyValueSpecification","valueRequired":true,"valueName":"search_term_string"}}],"inLanguage":"en-US"},{"@type":"Organization","@id":"https:\/\/plamdistributions.com\/#organization","name":"Distributions Pla-M","url":"https:\/\/plamdistributions.com\/","logo":{"@type":"ImageObject","inLanguage":"en-US","@id":"https:\/\/plamdistributions.com\/#\/schema\/logo\/image\/","url":"https:\/\/plamdistributions.com\/wp-content\/uploads\/2021\/05\/PLAM-SANS.png","contentUrl":"https:\/\/plamdistributions.com\/wp-content\/uploads\/2021\/05\/PLAM-SANS.png","width":289,"height":224,"caption":"Distributions Pla-M"},"image":{"@id":"https:\/\/plamdistributions.com\/#\/schema\/logo\/image\/"},"sameAs":["https:\/\/www.facebook.com\/displam\/","https:\/\/x.com\/Displam","https:\/\/www.youtube.com\/channel\/UCHmm3HCGnpGuaQ984quISDg"]}]}},"_links":{"self":[{"href":"https:\/\/plamdistributions.com\/en\/wp-json\/wp\/v2\/product\/23336","targetHints":{"allow":["GET"]}}],"collection":[{"href":"https:\/\/plamdistributions.com\/en\/wp-json\/wp\/v2\/product"}],"about":[{"href":"https:\/\/plamdistributions.com\/en\/wp-json\/wp\/v2\/types\/product"}],"replies":[{"embeddable":true,"href":"https:\/\/plamdistributions.com\/en\/wp-json\/wp\/v2\/comments?post=23336"}],"wp:featuredmedia":[{"embeddable":true,"href":"https:\/\/plamdistributions.com\/en\/wp-json\/wp\/v2\/media\/23335"}],"wp:attachment":[{"href":"https:\/\/plamdistributions.com\/en\/wp-json\/wp\/v2\/media?parent=23336"}],"wp:term":[{"taxonomy":"product_brand","embeddable":true,"href":"https:\/\/plamdistributions.com\/en\/wp-json\/wp\/v2\/product_brand?post=23336"},{"taxonomy":"product_cat","embeddable":true,"href":"https:\/\/plamdistributions.com\/en\/wp-json\/wp\/v2\/product_cat?post=23336"},{"taxonomy":"product_tag","embeddable":true,"href":"https:\/\/plamdistributions.com\/en\/wp-json\/wp\/v2\/product_tag?post=23336"}],"curies":[{"name":"wp","href":"https:\/\/api.w.org\/{rel}","templated":true}]}}