{"id":23502,"date":"2021-05-21T14:35:41","date_gmt":"2021-05-21T18:35:41","guid":{"rendered":"https:\/\/plamdistributions.com\/produit\/balai-brosse-24-brins-orange-ferme-bloc-de-bois-bolt\/"},"modified":"2023-01-31T01:11:33","modified_gmt":"2023-01-31T05:11:33","slug":"balai-brosse-24-brins-orange-ferme-bloc-de-bois-bolt","status":"publish","type":"product","link":"https:\/\/plamdistributions.com\/en\/produit\/balai-brosse-24-brins-orange-ferme-bloc-de-bois-bolt\/","title":{"rendered":"BALAI BROSSE 24&#8221; BRINS ORANGE FERME BLOC DE BOIS (BOLT)"},"content":{"rendered":"<p><strong>Code: BB24-AG77224<\/strong><\/p>\n<p>La fibre r\u00e9siste \u00e0 l&#8217;huile et aux solvants. La fibre orange de s\u00e9curit\u00e9 offre une grande visibilit\u00e9 autour des engins de chantier et des chariots \u00e9l\u00e9vateurs. Le syst\u00e8me de poign\u00e9e boulonn\u00e9e \u00e9limine les poign\u00e9es cass\u00e9es et les filets desserr\u00e9s ou us\u00e9s et est r\u00e9versible pour favoriser une usure uniforme.<\/p>\n<p>&nbsp;<\/p>\n","protected":false},"excerpt":{"rendered":"<p>Code: BB24-AG77224 La fibre r\u00e9siste \u00e0 l&#8217;huile et aux solvants. La fibre orange de s\u00e9curit\u00e9 offre une grande visibilit\u00e9 autour<\/p>\n","protected":false},"featured_media":23501,"comment_status":"closed","ping_status":"closed","template":"","meta":[],"product_brand":[],"product_cat":[143,238],"product_tag":[],"class_list":{"0":"post-23502","1":"product","2":"type-product","3":"status-publish","4":"has-post-thumbnail","6":"product_cat-accessoires","7":"product_cat-balais-et-porte-poussieres","8":"product_shipping_class-standard","10":"first","11":"onbackorder","12":"taxable","13":"shipping-taxable","14":"purchasable","15":"product-type-simple"},"yoast_head":"<!-- This site is optimized with the Yoast SEO plugin v27.4 - https:\/\/yoast.com\/product\/yoast-seo-wordpress\/ -->\n<title>BALAI BROSSE 24&#039;&#039; BRINS ORANGE FERME BLOC DE BOIS (BOLT) | Pla-M Distributions<\/title>\n<meta name=\"robots\" content=\"index, follow, max-snippet:-1, max-image-preview:large, max-video-preview:-1\" \/>\n<link rel=\"canonical\" href=\"https:\/\/plamdistributions.com\/produit\/balai-brosse-24-brins-orange-ferme-bloc-de-bois-bolt\/\" \/>\n<meta property=\"og:locale\" content=\"en_US\" \/>\n<meta property=\"og:type\" content=\"article\" \/>\n<meta property=\"og:title\" content=\"BALAI BROSSE 24&#039;&#039; BRINS ORANGE FERME BLOC DE BOIS (BOLT) | Pla-M Distributions\" \/>\n<meta property=\"og:description\" content=\"Code: BB24-AG77224 La fibre r\u00e9siste \u00e0 l&#8217;huile et aux solvants. La fibre orange de s\u00e9curit\u00e9 offre une grande visibilit\u00e9 autour\" \/>\n<meta property=\"og:url\" content=\"https:\/\/plamdistributions.com\/produit\/balai-brosse-24-brins-orange-ferme-bloc-de-bois-bolt\/\" \/>\n<meta property=\"og:site_name\" content=\"Pla-M Distributions\" \/>\n<meta property=\"article:publisher\" content=\"https:\/\/www.facebook.com\/displam\/\" \/>\n<meta property=\"article:modified_time\" content=\"2023-01-31T05:11:33+00:00\" \/>\n<meta property=\"og:image\" content=\"https:\/\/plamdistributions.com\/wp-content\/uploads\/2021\/05\/BB24-AG77224.jpg\" \/>\n\t<meta property=\"og:image:width\" content=\"600\" \/>\n\t<meta property=\"og:image:height\" content=\"600\" \/>\n\t<meta property=\"og:image:type\" content=\"image\/jpeg\" \/>\n<meta name=\"twitter:card\" content=\"summary_large_image\" \/>\n<meta name=\"twitter:site\" content=\"@Displam\" \/>\n<script type=\"application\/ld+json\" class=\"yoast-schema-graph\">{\"@context\":\"https:\\\/\\\/schema.org\",\"@graph\":[{\"@type\":\"WebPage\",\"@id\":\"https:\\\/\\\/plamdistributions.com\\\/produit\\\/balai-brosse-24-brins-orange-ferme-bloc-de-bois-bolt\\\/\",\"url\":\"https:\\\/\\\/plamdistributions.com\\\/produit\\\/balai-brosse-24-brins-orange-ferme-bloc-de-bois-bolt\\\/\",\"name\":\"BALAI BROSSE 24'' BRINS ORANGE FERME BLOC DE BOIS (BOLT) | Pla-M Distributions\",\"isPartOf\":{\"@id\":\"https:\\\/\\\/plamdistributions.com\\\/#website\"},\"primaryImageOfPage\":{\"@id\":\"https:\\\/\\\/plamdistributions.com\\\/produit\\\/balai-brosse-24-brins-orange-ferme-bloc-de-bois-bolt\\\/#primaryimage\"},\"image\":{\"@id\":\"https:\\\/\\\/plamdistributions.com\\\/produit\\\/balai-brosse-24-brins-orange-ferme-bloc-de-bois-bolt\\\/#primaryimage\"},\"thumbnailUrl\":\"https:\\\/\\\/plamdistributions.com\\\/wp-content\\\/uploads\\\/2021\\\/05\\\/BB24-AG77224.jpg\",\"datePublished\":\"2021-05-21T18:35:41+00:00\",\"dateModified\":\"2023-01-31T05:11:33+00:00\",\"breadcrumb\":{\"@id\":\"https:\\\/\\\/plamdistributions.com\\\/produit\\\/balai-brosse-24-brins-orange-ferme-bloc-de-bois-bolt\\\/#breadcrumb\"},\"inLanguage\":\"en-US\",\"potentialAction\":[{\"@type\":\"ReadAction\",\"target\":[\"https:\\\/\\\/plamdistributions.com\\\/produit\\\/balai-brosse-24-brins-orange-ferme-bloc-de-bois-bolt\\\/\"]}]},{\"@type\":\"ImageObject\",\"inLanguage\":\"en-US\",\"@id\":\"https:\\\/\\\/plamdistributions.com\\\/produit\\\/balai-brosse-24-brins-orange-ferme-bloc-de-bois-bolt\\\/#primaryimage\",\"url\":\"https:\\\/\\\/plamdistributions.com\\\/wp-content\\\/uploads\\\/2021\\\/05\\\/BB24-AG77224.jpg\",\"contentUrl\":\"https:\\\/\\\/plamdistributions.com\\\/wp-content\\\/uploads\\\/2021\\\/05\\\/BB24-AG77224.jpg\",\"width\":600,\"height\":600},{\"@type\":\"BreadcrumbList\",\"@id\":\"https:\\\/\\\/plamdistributions.com\\\/produit\\\/balai-brosse-24-brins-orange-ferme-bloc-de-bois-bolt\\\/#breadcrumb\",\"itemListElement\":[{\"@type\":\"ListItem\",\"position\":1,\"name\":\"Accueil\",\"item\":\"https:\\\/\\\/plamdistributions.com\\\/en\\\/\"},{\"@type\":\"ListItem\",\"position\":2,\"name\":\"Shop\",\"item\":\"https:\\\/\\\/plamdistributions.com\\\/en\\\/shop\\\/\"},{\"@type\":\"ListItem\",\"position\":3,\"name\":\"BALAI BROSSE 24\u00a0\u00bb BRINS ORANGE FERME BLOC DE BOIS (BOLT)\"}]},{\"@type\":\"WebSite\",\"@id\":\"https:\\\/\\\/plamdistributions.com\\\/#website\",\"url\":\"https:\\\/\\\/plamdistributions.com\\\/\",\"name\":\"Distributions Pla-M Inc.\",\"description\":\"Sale of sanitary products and equipment\",\"publisher\":{\"@id\":\"https:\\\/\\\/plamdistributions.com\\\/#organization\"},\"potentialAction\":[{\"@type\":\"SearchAction\",\"target\":{\"@type\":\"EntryPoint\",\"urlTemplate\":\"https:\\\/\\\/plamdistributions.com\\\/?s={search_term_string}\"},\"query-input\":{\"@type\":\"PropertyValueSpecification\",\"valueRequired\":true,\"valueName\":\"search_term_string\"}}],\"inLanguage\":\"en-US\"},{\"@type\":\"Organization\",\"@id\":\"https:\\\/\\\/plamdistributions.com\\\/#organization\",\"name\":\"Distributions Pla-M\",\"url\":\"https:\\\/\\\/plamdistributions.com\\\/\",\"logo\":{\"@type\":\"ImageObject\",\"inLanguage\":\"en-US\",\"@id\":\"https:\\\/\\\/plamdistributions.com\\\/#\\\/schema\\\/logo\\\/image\\\/\",\"url\":\"https:\\\/\\\/plamdistributions.com\\\/wp-content\\\/uploads\\\/2021\\\/05\\\/PLAM-SANS.png\",\"contentUrl\":\"https:\\\/\\\/plamdistributions.com\\\/wp-content\\\/uploads\\\/2021\\\/05\\\/PLAM-SANS.png\",\"width\":289,\"height\":224,\"caption\":\"Distributions Pla-M\"},\"image\":{\"@id\":\"https:\\\/\\\/plamdistributions.com\\\/#\\\/schema\\\/logo\\\/image\\\/\"},\"sameAs\":[\"https:\\\/\\\/www.facebook.com\\\/displam\\\/\",\"https:\\\/\\\/x.com\\\/Displam\",\"https:\\\/\\\/www.youtube.com\\\/channel\\\/UCHmm3HCGnpGuaQ984quISDg\"]}]}<\/script>\n<!-- \/ Yoast SEO plugin. -->","yoast_head_json":{"title":"BALAI BROSSE 24'' BRINS ORANGE FERME BLOC DE BOIS (BOLT) | Pla-M Distributions","robots":{"index":"index","follow":"follow","max-snippet":"max-snippet:-1","max-image-preview":"max-image-preview:large","max-video-preview":"max-video-preview:-1"},"canonical":"https:\/\/plamdistributions.com\/produit\/balai-brosse-24-brins-orange-ferme-bloc-de-bois-bolt\/","og_locale":"en_US","og_type":"article","og_title":"BALAI BROSSE 24'' BRINS ORANGE FERME BLOC DE BOIS (BOLT) | Pla-M Distributions","og_description":"Code: BB24-AG77224 La fibre r\u00e9siste \u00e0 l&#8217;huile et aux solvants. La fibre orange de s\u00e9curit\u00e9 offre une grande visibilit\u00e9 autour","og_url":"https:\/\/plamdistributions.com\/produit\/balai-brosse-24-brins-orange-ferme-bloc-de-bois-bolt\/","og_site_name":"Pla-M Distributions","article_publisher":"https:\/\/www.facebook.com\/displam\/","article_modified_time":"2023-01-31T05:11:33+00:00","og_image":[{"width":600,"height":600,"url":"https:\/\/plamdistributions.com\/wp-content\/uploads\/2021\/05\/BB24-AG77224.jpg","type":"image\/jpeg"}],"twitter_card":"summary_large_image","twitter_site":"@Displam","schema":{"@context":"https:\/\/schema.org","@graph":[{"@type":"WebPage","@id":"https:\/\/plamdistributions.com\/produit\/balai-brosse-24-brins-orange-ferme-bloc-de-bois-bolt\/","url":"https:\/\/plamdistributions.com\/produit\/balai-brosse-24-brins-orange-ferme-bloc-de-bois-bolt\/","name":"BALAI BROSSE 24'' BRINS ORANGE FERME BLOC DE BOIS (BOLT) | Pla-M Distributions","isPartOf":{"@id":"https:\/\/plamdistributions.com\/#website"},"primaryImageOfPage":{"@id":"https:\/\/plamdistributions.com\/produit\/balai-brosse-24-brins-orange-ferme-bloc-de-bois-bolt\/#primaryimage"},"image":{"@id":"https:\/\/plamdistributions.com\/produit\/balai-brosse-24-brins-orange-ferme-bloc-de-bois-bolt\/#primaryimage"},"thumbnailUrl":"https:\/\/plamdistributions.com\/wp-content\/uploads\/2021\/05\/BB24-AG77224.jpg","datePublished":"2021-05-21T18:35:41+00:00","dateModified":"2023-01-31T05:11:33+00:00","breadcrumb":{"@id":"https:\/\/plamdistributions.com\/produit\/balai-brosse-24-brins-orange-ferme-bloc-de-bois-bolt\/#breadcrumb"},"inLanguage":"en-US","potentialAction":[{"@type":"ReadAction","target":["https:\/\/plamdistributions.com\/produit\/balai-brosse-24-brins-orange-ferme-bloc-de-bois-bolt\/"]}]},{"@type":"ImageObject","inLanguage":"en-US","@id":"https:\/\/plamdistributions.com\/produit\/balai-brosse-24-brins-orange-ferme-bloc-de-bois-bolt\/#primaryimage","url":"https:\/\/plamdistributions.com\/wp-content\/uploads\/2021\/05\/BB24-AG77224.jpg","contentUrl":"https:\/\/plamdistributions.com\/wp-content\/uploads\/2021\/05\/BB24-AG77224.jpg","width":600,"height":600},{"@type":"BreadcrumbList","@id":"https:\/\/plamdistributions.com\/produit\/balai-brosse-24-brins-orange-ferme-bloc-de-bois-bolt\/#breadcrumb","itemListElement":[{"@type":"ListItem","position":1,"name":"Accueil","item":"https:\/\/plamdistributions.com\/en\/"},{"@type":"ListItem","position":2,"name":"Shop","item":"https:\/\/plamdistributions.com\/en\/shop\/"},{"@type":"ListItem","position":3,"name":"BALAI BROSSE 24\u00a0\u00bb BRINS ORANGE FERME BLOC DE BOIS (BOLT)"}]},{"@type":"WebSite","@id":"https:\/\/plamdistributions.com\/#website","url":"https:\/\/plamdistributions.com\/","name":"Distributions Pla-M Inc.","description":"Sale of sanitary products and equipment","publisher":{"@id":"https:\/\/plamdistributions.com\/#organization"},"potentialAction":[{"@type":"SearchAction","target":{"@type":"EntryPoint","urlTemplate":"https:\/\/plamdistributions.com\/?s={search_term_string}"},"query-input":{"@type":"PropertyValueSpecification","valueRequired":true,"valueName":"search_term_string"}}],"inLanguage":"en-US"},{"@type":"Organization","@id":"https:\/\/plamdistributions.com\/#organization","name":"Distributions Pla-M","url":"https:\/\/plamdistributions.com\/","logo":{"@type":"ImageObject","inLanguage":"en-US","@id":"https:\/\/plamdistributions.com\/#\/schema\/logo\/image\/","url":"https:\/\/plamdistributions.com\/wp-content\/uploads\/2021\/05\/PLAM-SANS.png","contentUrl":"https:\/\/plamdistributions.com\/wp-content\/uploads\/2021\/05\/PLAM-SANS.png","width":289,"height":224,"caption":"Distributions Pla-M"},"image":{"@id":"https:\/\/plamdistributions.com\/#\/schema\/logo\/image\/"},"sameAs":["https:\/\/www.facebook.com\/displam\/","https:\/\/x.com\/Displam","https:\/\/www.youtube.com\/channel\/UCHmm3HCGnpGuaQ984quISDg"]}]}},"_links":{"self":[{"href":"https:\/\/plamdistributions.com\/en\/wp-json\/wp\/v2\/product\/23502","targetHints":{"allow":["GET"]}}],"collection":[{"href":"https:\/\/plamdistributions.com\/en\/wp-json\/wp\/v2\/product"}],"about":[{"href":"https:\/\/plamdistributions.com\/en\/wp-json\/wp\/v2\/types\/product"}],"replies":[{"embeddable":true,"href":"https:\/\/plamdistributions.com\/en\/wp-json\/wp\/v2\/comments?post=23502"}],"wp:featuredmedia":[{"embeddable":true,"href":"https:\/\/plamdistributions.com\/en\/wp-json\/wp\/v2\/media\/23501"}],"wp:attachment":[{"href":"https:\/\/plamdistributions.com\/en\/wp-json\/wp\/v2\/media?parent=23502"}],"wp:term":[{"taxonomy":"product_brand","embeddable":true,"href":"https:\/\/plamdistributions.com\/en\/wp-json\/wp\/v2\/product_brand?post=23502"},{"taxonomy":"product_cat","embeddable":true,"href":"https:\/\/plamdistributions.com\/en\/wp-json\/wp\/v2\/product_cat?post=23502"},{"taxonomy":"product_tag","embeddable":true,"href":"https:\/\/plamdistributions.com\/en\/wp-json\/wp\/v2\/product_tag?post=23502"}],"curies":[{"name":"wp","href":"https:\/\/api.w.org\/{rel}","templated":true}]}}