{"id":24259,"date":"2021-05-21T14:43:20","date_gmt":"2021-05-21T18:43:20","guid":{"rendered":"https:\/\/plamdistributions.com\/produit\/distributrice-papier-hygienique-jumbo-12-san-jamar-3-3\/"},"modified":"2026-01-05T11:53:50","modified_gmt":"2026-01-05T15:53:50","slug":"distributrice-papier-hygienique-jumbo-12-san-jamar-3-3","status":"publish","type":"product","link":"https:\/\/plamdistributions.com\/en\/produit\/distributrice-papier-hygienique-jumbo-12-san-jamar-3-3\/","title":{"rendered":"Distributrice papier hygi\u00e9nique Jumbo 12&#8243; San Jamar 3.3&#8243;"},"content":{"rendered":"<p><strong>Code: DH-SJ6000N \/ DH-SJ6000B\u00a0<\/strong><\/p>\n<ul>\n<li><span class=\"VIiyi\" lang=\"fr\"><span class=\"JLqJ4b ChMk0b\" data-language-for-alternatives=\"fr\" data-language-to-translate-into=\"auto\" data-phrase-index=\"0\">Distribue n&#8217;importe quelle marque ou qualit\u00e9 de papier hygi\u00e9nique jumbo (JBT)<\/span> <\/span><\/li>\n<li><span class=\"VIiyi\" lang=\"fr\"><span class=\"JLqJ4b ChMk0b\" data-language-for-alternatives=\"fr\" data-language-to-translate-into=\"auto\" data-phrase-index=\"2\">Design contemporain sans surfaces planes pour reposer les cigarettes;<\/span> <span class=\"JLqJ4b ChMk0b\" data-language-for-alternatives=\"fr\" data-language-to-translate-into=\"auto\" data-phrase-index=\"3\">minimiser les marques de br\u00fblure laides<\/span><\/span><\/li>\n<li><span class=\"VIiyi\" lang=\"fr\"><span class=\"JLqJ4b ChMk0b\" data-language-for-alternatives=\"fr\" data-language-to-translate-into=\"auto\" data-phrase-index=\"3\">C<\/span><span class=\"JLqJ4b ChMk0b\" data-language-for-alternatives=\"fr\" data-language-to-translate-into=\"auto\" data-phrase-index=\"5\">on\u00e7u pour offrir une facilit\u00e9 d&#8217;utilisation, avec un acc\u00e8s facile au papier et un d\u00e9chirement multidirectionnel<\/span><\/span><\/li>\n<li><span class=\"VIiyi\" lang=\"fr\"><span class=\"JLqJ4b ChMk0b\" data-language-for-alternatives=\"fr\" data-language-to-translate-into=\"auto\" data-phrase-index=\"7\">Construction en plastique durable et incassable.<\/span><\/span><\/li>\n<\/ul>\n<p><strong>\u2713 Fabricant: San Jamar<\/strong><\/p>\n","protected":false},"excerpt":{"rendered":"<p>Code: DH-SJ6000N \/ DH-SJ6000B\u00a0 Distribue n&#8217;importe quelle marque ou qualit\u00e9 de papier hygi\u00e9nique jumbo (JBT) Design contemporain sans surfaces planes<\/p>\n","protected":false},"featured_media":24258,"comment_status":"closed","ping_status":"closed","template":"","meta":[],"product_brand":[],"product_cat":[105,101],"product_tag":[],"class_list":{"0":"post-24259","1":"product","2":"type-product","3":"status-publish","4":"has-post-thumbnail","6":"product_cat-distributeurs","7":"product_cat-papier-chiffons-et-sacs-a-dechets","8":"product_shipping_class-standard","10":"first","11":"instock","12":"taxable","13":"shipping-taxable","14":"purchasable","15":"product-type-variable"},"yoast_head":"<!-- This site is optimized with the Yoast SEO plugin v27.5 - https:\/\/yoast.com\/product\/yoast-seo-wordpress\/ -->\n<title>Distributrice papier hygi\u00e9nique Jumbo 12&quot; San Jamar 3.3&quot; | Pla-M Distributions<\/title>\n<meta name=\"robots\" content=\"index, follow, max-snippet:-1, max-image-preview:large, max-video-preview:-1\" \/>\n<link rel=\"canonical\" href=\"https:\/\/plamdistributions.com\/produit\/distributrice-papier-hygienique-jumbo-12-san-jamar-3-3\/\" \/>\n<meta property=\"og:locale\" content=\"en_US\" \/>\n<meta property=\"og:type\" content=\"article\" \/>\n<meta property=\"og:title\" content=\"Distributrice papier hygi\u00e9nique Jumbo 12&quot; San Jamar 3.3&quot; | Pla-M Distributions\" \/>\n<meta property=\"og:description\" content=\"Code: DH-SJ6000N \/ DH-SJ6000B\u00a0 Distribue n&#8217;importe quelle marque ou qualit\u00e9 de papier hygi\u00e9nique jumbo (JBT) Design contemporain sans surfaces planes\" \/>\n<meta property=\"og:url\" content=\"https:\/\/plamdistributions.com\/produit\/distributrice-papier-hygienique-jumbo-12-san-jamar-3-3\/\" \/>\n<meta property=\"og:site_name\" content=\"Pla-M Distributions\" \/>\n<meta property=\"article:publisher\" content=\"https:\/\/www.facebook.com\/displam\/\" \/>\n<meta property=\"article:modified_time\" content=\"2026-01-05T15:53:50+00:00\" \/>\n<meta property=\"og:image\" content=\"https:\/\/plamdistributions.com\/wp-content\/uploads\/2021\/05\/DH-SJ6000BN.jpg\" \/>\n\t<meta property=\"og:image:width\" content=\"600\" \/>\n\t<meta property=\"og:image:height\" content=\"600\" \/>\n\t<meta property=\"og:image:type\" content=\"image\/jpeg\" \/>\n<meta name=\"twitter:card\" content=\"summary_large_image\" \/>\n<meta name=\"twitter:site\" content=\"@Displam\" \/>\n<script type=\"application\/ld+json\" class=\"yoast-schema-graph\">{\"@context\":\"https:\\\/\\\/schema.org\",\"@graph\":[{\"@type\":\"WebPage\",\"@id\":\"https:\\\/\\\/plamdistributions.com\\\/produit\\\/distributrice-papier-hygienique-jumbo-12-san-jamar-3-3\\\/\",\"url\":\"https:\\\/\\\/plamdistributions.com\\\/produit\\\/distributrice-papier-hygienique-jumbo-12-san-jamar-3-3\\\/\",\"name\":\"Distributrice papier hygi\u00e9nique Jumbo 12\\\" San Jamar 3.3\\\" | Pla-M Distributions\",\"isPartOf\":{\"@id\":\"https:\\\/\\\/plamdistributions.com\\\/#website\"},\"primaryImageOfPage\":{\"@id\":\"https:\\\/\\\/plamdistributions.com\\\/produit\\\/distributrice-papier-hygienique-jumbo-12-san-jamar-3-3\\\/#primaryimage\"},\"image\":{\"@id\":\"https:\\\/\\\/plamdistributions.com\\\/produit\\\/distributrice-papier-hygienique-jumbo-12-san-jamar-3-3\\\/#primaryimage\"},\"thumbnailUrl\":\"https:\\\/\\\/plamdistributions.com\\\/wp-content\\\/uploads\\\/2021\\\/05\\\/DH-SJ6000BN.jpg\",\"datePublished\":\"2021-05-21T18:43:20+00:00\",\"dateModified\":\"2026-01-05T15:53:50+00:00\",\"breadcrumb\":{\"@id\":\"https:\\\/\\\/plamdistributions.com\\\/produit\\\/distributrice-papier-hygienique-jumbo-12-san-jamar-3-3\\\/#breadcrumb\"},\"inLanguage\":\"en-US\",\"potentialAction\":[{\"@type\":\"ReadAction\",\"target\":[\"https:\\\/\\\/plamdistributions.com\\\/produit\\\/distributrice-papier-hygienique-jumbo-12-san-jamar-3-3\\\/\"]}]},{\"@type\":\"ImageObject\",\"inLanguage\":\"en-US\",\"@id\":\"https:\\\/\\\/plamdistributions.com\\\/produit\\\/distributrice-papier-hygienique-jumbo-12-san-jamar-3-3\\\/#primaryimage\",\"url\":\"https:\\\/\\\/plamdistributions.com\\\/wp-content\\\/uploads\\\/2021\\\/05\\\/DH-SJ6000BN.jpg\",\"contentUrl\":\"https:\\\/\\\/plamdistributions.com\\\/wp-content\\\/uploads\\\/2021\\\/05\\\/DH-SJ6000BN.jpg\",\"width\":600,\"height\":600},{\"@type\":\"BreadcrumbList\",\"@id\":\"https:\\\/\\\/plamdistributions.com\\\/produit\\\/distributrice-papier-hygienique-jumbo-12-san-jamar-3-3\\\/#breadcrumb\",\"itemListElement\":[{\"@type\":\"ListItem\",\"position\":1,\"name\":\"Accueil\",\"item\":\"https:\\\/\\\/plamdistributions.com\\\/en\\\/\"},{\"@type\":\"ListItem\",\"position\":2,\"name\":\"Shop\",\"item\":\"https:\\\/\\\/plamdistributions.com\\\/en\\\/shop\\\/\"},{\"@type\":\"ListItem\",\"position\":3,\"name\":\"Distributrice papier hygi\u00e9nique Jumbo 12&Prime; San Jamar 3.3&Prime;\"}]},{\"@type\":\"WebSite\",\"@id\":\"https:\\\/\\\/plamdistributions.com\\\/#website\",\"url\":\"https:\\\/\\\/plamdistributions.com\\\/\",\"name\":\"Distributions Pla-M Inc.\",\"description\":\"Sale of sanitary products and equipment\",\"publisher\":{\"@id\":\"https:\\\/\\\/plamdistributions.com\\\/#organization\"},\"potentialAction\":[{\"@type\":\"SearchAction\",\"target\":{\"@type\":\"EntryPoint\",\"urlTemplate\":\"https:\\\/\\\/plamdistributions.com\\\/?s={search_term_string}\"},\"query-input\":{\"@type\":\"PropertyValueSpecification\",\"valueRequired\":true,\"valueName\":\"search_term_string\"}}],\"inLanguage\":\"en-US\"},{\"@type\":\"Organization\",\"@id\":\"https:\\\/\\\/plamdistributions.com\\\/#organization\",\"name\":\"Distributions Pla-M\",\"url\":\"https:\\\/\\\/plamdistributions.com\\\/\",\"logo\":{\"@type\":\"ImageObject\",\"inLanguage\":\"en-US\",\"@id\":\"https:\\\/\\\/plamdistributions.com\\\/#\\\/schema\\\/logo\\\/image\\\/\",\"url\":\"https:\\\/\\\/plamdistributions.com\\\/wp-content\\\/uploads\\\/2021\\\/05\\\/PLAM-SANS.png\",\"contentUrl\":\"https:\\\/\\\/plamdistributions.com\\\/wp-content\\\/uploads\\\/2021\\\/05\\\/PLAM-SANS.png\",\"width\":289,\"height\":224,\"caption\":\"Distributions Pla-M\"},\"image\":{\"@id\":\"https:\\\/\\\/plamdistributions.com\\\/#\\\/schema\\\/logo\\\/image\\\/\"},\"sameAs\":[\"https:\\\/\\\/www.facebook.com\\\/displam\\\/\",\"https:\\\/\\\/x.com\\\/Displam\",\"https:\\\/\\\/www.youtube.com\\\/channel\\\/UCHmm3HCGnpGuaQ984quISDg\"]}]}<\/script>\n<!-- \/ Yoast SEO plugin. -->","yoast_head_json":{"title":"Distributrice papier hygi\u00e9nique Jumbo 12\" San Jamar 3.3\" | Pla-M Distributions","robots":{"index":"index","follow":"follow","max-snippet":"max-snippet:-1","max-image-preview":"max-image-preview:large","max-video-preview":"max-video-preview:-1"},"canonical":"https:\/\/plamdistributions.com\/produit\/distributrice-papier-hygienique-jumbo-12-san-jamar-3-3\/","og_locale":"en_US","og_type":"article","og_title":"Distributrice papier hygi\u00e9nique Jumbo 12\" San Jamar 3.3\" | Pla-M Distributions","og_description":"Code: DH-SJ6000N \/ DH-SJ6000B\u00a0 Distribue n&#8217;importe quelle marque ou qualit\u00e9 de papier hygi\u00e9nique jumbo (JBT) Design contemporain sans surfaces planes","og_url":"https:\/\/plamdistributions.com\/produit\/distributrice-papier-hygienique-jumbo-12-san-jamar-3-3\/","og_site_name":"Pla-M Distributions","article_publisher":"https:\/\/www.facebook.com\/displam\/","article_modified_time":"2026-01-05T15:53:50+00:00","og_image":[{"width":600,"height":600,"url":"https:\/\/plamdistributions.com\/wp-content\/uploads\/2021\/05\/DH-SJ6000BN.jpg","type":"image\/jpeg"}],"twitter_card":"summary_large_image","twitter_site":"@Displam","schema":{"@context":"https:\/\/schema.org","@graph":[{"@type":"WebPage","@id":"https:\/\/plamdistributions.com\/produit\/distributrice-papier-hygienique-jumbo-12-san-jamar-3-3\/","url":"https:\/\/plamdistributions.com\/produit\/distributrice-papier-hygienique-jumbo-12-san-jamar-3-3\/","name":"Distributrice papier hygi\u00e9nique Jumbo 12\" San Jamar 3.3\" | Pla-M Distributions","isPartOf":{"@id":"https:\/\/plamdistributions.com\/#website"},"primaryImageOfPage":{"@id":"https:\/\/plamdistributions.com\/produit\/distributrice-papier-hygienique-jumbo-12-san-jamar-3-3\/#primaryimage"},"image":{"@id":"https:\/\/plamdistributions.com\/produit\/distributrice-papier-hygienique-jumbo-12-san-jamar-3-3\/#primaryimage"},"thumbnailUrl":"https:\/\/plamdistributions.com\/wp-content\/uploads\/2021\/05\/DH-SJ6000BN.jpg","datePublished":"2021-05-21T18:43:20+00:00","dateModified":"2026-01-05T15:53:50+00:00","breadcrumb":{"@id":"https:\/\/plamdistributions.com\/produit\/distributrice-papier-hygienique-jumbo-12-san-jamar-3-3\/#breadcrumb"},"inLanguage":"en-US","potentialAction":[{"@type":"ReadAction","target":["https:\/\/plamdistributions.com\/produit\/distributrice-papier-hygienique-jumbo-12-san-jamar-3-3\/"]}]},{"@type":"ImageObject","inLanguage":"en-US","@id":"https:\/\/plamdistributions.com\/produit\/distributrice-papier-hygienique-jumbo-12-san-jamar-3-3\/#primaryimage","url":"https:\/\/plamdistributions.com\/wp-content\/uploads\/2021\/05\/DH-SJ6000BN.jpg","contentUrl":"https:\/\/plamdistributions.com\/wp-content\/uploads\/2021\/05\/DH-SJ6000BN.jpg","width":600,"height":600},{"@type":"BreadcrumbList","@id":"https:\/\/plamdistributions.com\/produit\/distributrice-papier-hygienique-jumbo-12-san-jamar-3-3\/#breadcrumb","itemListElement":[{"@type":"ListItem","position":1,"name":"Accueil","item":"https:\/\/plamdistributions.com\/en\/"},{"@type":"ListItem","position":2,"name":"Shop","item":"https:\/\/plamdistributions.com\/en\/shop\/"},{"@type":"ListItem","position":3,"name":"Distributrice papier hygi\u00e9nique Jumbo 12&Prime; San Jamar 3.3&Prime;"}]},{"@type":"WebSite","@id":"https:\/\/plamdistributions.com\/#website","url":"https:\/\/plamdistributions.com\/","name":"Distributions Pla-M Inc.","description":"Sale of sanitary products and equipment","publisher":{"@id":"https:\/\/plamdistributions.com\/#organization"},"potentialAction":[{"@type":"SearchAction","target":{"@type":"EntryPoint","urlTemplate":"https:\/\/plamdistributions.com\/?s={search_term_string}"},"query-input":{"@type":"PropertyValueSpecification","valueRequired":true,"valueName":"search_term_string"}}],"inLanguage":"en-US"},{"@type":"Organization","@id":"https:\/\/plamdistributions.com\/#organization","name":"Distributions Pla-M","url":"https:\/\/plamdistributions.com\/","logo":{"@type":"ImageObject","inLanguage":"en-US","@id":"https:\/\/plamdistributions.com\/#\/schema\/logo\/image\/","url":"https:\/\/plamdistributions.com\/wp-content\/uploads\/2021\/05\/PLAM-SANS.png","contentUrl":"https:\/\/plamdistributions.com\/wp-content\/uploads\/2021\/05\/PLAM-SANS.png","width":289,"height":224,"caption":"Distributions Pla-M"},"image":{"@id":"https:\/\/plamdistributions.com\/#\/schema\/logo\/image\/"},"sameAs":["https:\/\/www.facebook.com\/displam\/","https:\/\/x.com\/Displam","https:\/\/www.youtube.com\/channel\/UCHmm3HCGnpGuaQ984quISDg"]}]}},"_links":{"self":[{"href":"https:\/\/plamdistributions.com\/en\/wp-json\/wp\/v2\/product\/24259","targetHints":{"allow":["GET"]}}],"collection":[{"href":"https:\/\/plamdistributions.com\/en\/wp-json\/wp\/v2\/product"}],"about":[{"href":"https:\/\/plamdistributions.com\/en\/wp-json\/wp\/v2\/types\/product"}],"replies":[{"embeddable":true,"href":"https:\/\/plamdistributions.com\/en\/wp-json\/wp\/v2\/comments?post=24259"}],"wp:featuredmedia":[{"embeddable":true,"href":"https:\/\/plamdistributions.com\/en\/wp-json\/wp\/v2\/media\/24258"}],"wp:attachment":[{"href":"https:\/\/plamdistributions.com\/en\/wp-json\/wp\/v2\/media?parent=24259"}],"wp:term":[{"taxonomy":"product_brand","embeddable":true,"href":"https:\/\/plamdistributions.com\/en\/wp-json\/wp\/v2\/product_brand?post=24259"},{"taxonomy":"product_cat","embeddable":true,"href":"https:\/\/plamdistributions.com\/en\/wp-json\/wp\/v2\/product_cat?post=24259"},{"taxonomy":"product_tag","embeddable":true,"href":"https:\/\/plamdistributions.com\/en\/wp-json\/wp\/v2\/product_tag?post=24259"}],"curies":[{"name":"wp","href":"https:\/\/api.w.org\/{rel}","templated":true}]}}