{"id":24397,"date":"2021-05-21T14:45:33","date_gmt":"2021-05-21T18:45:33","guid":{"rendered":"https:\/\/plamdistributions.com\/produit\/enzyme-destructeur-de-matiere-graisseuse-drain-tame\/"},"modified":"2026-04-22T15:28:08","modified_gmt":"2026-04-22T19:28:08","slug":"enzyme-destructeur-de-matiere-graisseuse-drain-tame","status":"publish","type":"product","link":"https:\/\/plamdistributions.com\/en\/produit\/enzyme-destructeur-de-matiere-graisseuse-drain-tame\/","title":{"rendered":"Enzyme destructeur de mati\u00e8re graisseuse Drain Tame"},"content":{"rendered":"<p><strong>Code: DOE-BD501 \/ DOE-BD5014 \/ DOE-BD50120<\/strong><\/p>\n<p>BIG D DRAIN-TAME PLUS est une combinaison d&#8217;enzymes libres, de nutriments et de spores g\u00e9n\u00e9tiquement modifi\u00e9es con\u00e7ues pour dig\u00e9rer rapidement la graisse ainsi que les prot\u00e9ines et autres d\u00e9chets organiques. Ces spores continuent de cro\u00eetre et de d\u00e9grader les compos\u00e9s de graisse longtemps apr\u00e8s l&#8217;utilisation initiale. Formule non acide et non caustique, DRAIN-TAME PLUS est le moyen s\u00fbr et \u00e9conomique de traiter les syst\u00e8mes de drainage, les pi\u00e8ges \u00e0 graisse, les fosses septiques et les planchers institutionnels. Coupl\u00e9 au d\u00e9odorant BIG D, il d\u00e9sodorise tout en dig\u00e9rant les d\u00e9chets organiques et en r\u00e9duisant le volume des solides, notamment les graisses, les prot\u00e9ines, les graisses et les huiles.<\/p>\n<p>&nbsp;<\/p>\n<p><strong>\u2713 Fabricant: Big D<\/strong><\/p>\n","protected":false},"excerpt":{"rendered":"<p>Code: DOE-BD501 \/ DOE-BD5014 \/ DOE-BD50120 BIG D DRAIN-TAME PLUS est une combinaison d&#8217;enzymes libres, de nutriments et de spores<\/p>\n","protected":false},"featured_media":24396,"comment_status":"closed","ping_status":"closed","template":"","meta":[],"product_brand":[],"product_cat":[137,62],"product_tag":[],"class_list":{"0":"post-24397","1":"product","2":"type-product","3":"status-publish","4":"has-post-thumbnail","6":"product_cat-controle-des-odeurs","7":"product_cat-produits-dentretien-menager","8":"product_shipping_class-standard","10":"first","11":"instock","12":"taxable","13":"shipping-taxable","14":"purchasable","15":"product-type-variable"},"yoast_head":"<!-- This site is optimized with the Yoast SEO plugin v27.4 - https:\/\/yoast.com\/product\/yoast-seo-wordpress\/ -->\n<title>Enzyme destructeur de mati\u00e8re graisseuse Drain Tame | Pla-M Distributions<\/title>\n<meta name=\"robots\" content=\"index, follow, max-snippet:-1, max-image-preview:large, max-video-preview:-1\" \/>\n<link rel=\"canonical\" href=\"https:\/\/plamdistributions.com\/produit\/enzyme-destructeur-de-matiere-graisseuse-drain-tame\/\" \/>\n<meta property=\"og:locale\" content=\"en_US\" \/>\n<meta property=\"og:type\" content=\"article\" \/>\n<meta property=\"og:title\" content=\"Enzyme destructeur de mati\u00e8re graisseuse Drain Tame | Pla-M Distributions\" \/>\n<meta property=\"og:description\" content=\"Code: DOE-BD501 \/ DOE-BD5014 \/ DOE-BD50120 BIG D DRAIN-TAME PLUS est une combinaison d&#8217;enzymes libres, de nutriments et de spores\" \/>\n<meta property=\"og:url\" content=\"https:\/\/plamdistributions.com\/produit\/enzyme-destructeur-de-matiere-graisseuse-drain-tame\/\" \/>\n<meta property=\"og:site_name\" content=\"Pla-M Distributions\" \/>\n<meta property=\"article:publisher\" content=\"https:\/\/www.facebook.com\/displam\/\" \/>\n<meta property=\"article:modified_time\" content=\"2026-04-22T19:28:08+00:00\" \/>\n<meta property=\"og:image\" content=\"https:\/\/plamdistributions.com\/wp-content\/uploads\/2021\/05\/DOE-BD501.jpg\" \/>\n\t<meta property=\"og:image:width\" content=\"600\" \/>\n\t<meta property=\"og:image:height\" content=\"600\" \/>\n\t<meta property=\"og:image:type\" content=\"image\/jpeg\" \/>\n<meta name=\"twitter:card\" content=\"summary_large_image\" \/>\n<meta name=\"twitter:site\" content=\"@Displam\" \/>\n<meta name=\"twitter:label1\" content=\"Est. reading time\" \/>\n\t<meta name=\"twitter:data1\" content=\"1 minute\" \/>\n<script type=\"application\/ld+json\" class=\"yoast-schema-graph\">{\"@context\":\"https:\\\/\\\/schema.org\",\"@graph\":[{\"@type\":\"WebPage\",\"@id\":\"https:\\\/\\\/plamdistributions.com\\\/produit\\\/enzyme-destructeur-de-matiere-graisseuse-drain-tame\\\/\",\"url\":\"https:\\\/\\\/plamdistributions.com\\\/produit\\\/enzyme-destructeur-de-matiere-graisseuse-drain-tame\\\/\",\"name\":\"Enzyme destructeur de mati\u00e8re graisseuse Drain Tame | Pla-M Distributions\",\"isPartOf\":{\"@id\":\"https:\\\/\\\/plamdistributions.com\\\/#website\"},\"primaryImageOfPage\":{\"@id\":\"https:\\\/\\\/plamdistributions.com\\\/produit\\\/enzyme-destructeur-de-matiere-graisseuse-drain-tame\\\/#primaryimage\"},\"image\":{\"@id\":\"https:\\\/\\\/plamdistributions.com\\\/produit\\\/enzyme-destructeur-de-matiere-graisseuse-drain-tame\\\/#primaryimage\"},\"thumbnailUrl\":\"https:\\\/\\\/plamdistributions.com\\\/wp-content\\\/uploads\\\/2021\\\/05\\\/DOE-BD501.jpg\",\"datePublished\":\"2021-05-21T18:45:33+00:00\",\"dateModified\":\"2026-04-22T19:28:08+00:00\",\"breadcrumb\":{\"@id\":\"https:\\\/\\\/plamdistributions.com\\\/produit\\\/enzyme-destructeur-de-matiere-graisseuse-drain-tame\\\/#breadcrumb\"},\"inLanguage\":\"en-US\",\"potentialAction\":[{\"@type\":\"ReadAction\",\"target\":[\"https:\\\/\\\/plamdistributions.com\\\/produit\\\/enzyme-destructeur-de-matiere-graisseuse-drain-tame\\\/\"]}]},{\"@type\":\"ImageObject\",\"inLanguage\":\"en-US\",\"@id\":\"https:\\\/\\\/plamdistributions.com\\\/produit\\\/enzyme-destructeur-de-matiere-graisseuse-drain-tame\\\/#primaryimage\",\"url\":\"https:\\\/\\\/plamdistributions.com\\\/wp-content\\\/uploads\\\/2021\\\/05\\\/DOE-BD501.jpg\",\"contentUrl\":\"https:\\\/\\\/plamdistributions.com\\\/wp-content\\\/uploads\\\/2021\\\/05\\\/DOE-BD501.jpg\",\"width\":600,\"height\":600},{\"@type\":\"BreadcrumbList\",\"@id\":\"https:\\\/\\\/plamdistributions.com\\\/produit\\\/enzyme-destructeur-de-matiere-graisseuse-drain-tame\\\/#breadcrumb\",\"itemListElement\":[{\"@type\":\"ListItem\",\"position\":1,\"name\":\"Accueil\",\"item\":\"https:\\\/\\\/plamdistributions.com\\\/en\\\/\"},{\"@type\":\"ListItem\",\"position\":2,\"name\":\"Shop\",\"item\":\"https:\\\/\\\/plamdistributions.com\\\/en\\\/shop\\\/\"},{\"@type\":\"ListItem\",\"position\":3,\"name\":\"Enzyme destructeur de mati\u00e8re graisseuse Drain Tame\"}]},{\"@type\":\"WebSite\",\"@id\":\"https:\\\/\\\/plamdistributions.com\\\/#website\",\"url\":\"https:\\\/\\\/plamdistributions.com\\\/\",\"name\":\"Distributions Pla-M Inc.\",\"description\":\"Sale of sanitary products and equipment\",\"publisher\":{\"@id\":\"https:\\\/\\\/plamdistributions.com\\\/#organization\"},\"potentialAction\":[{\"@type\":\"SearchAction\",\"target\":{\"@type\":\"EntryPoint\",\"urlTemplate\":\"https:\\\/\\\/plamdistributions.com\\\/?s={search_term_string}\"},\"query-input\":{\"@type\":\"PropertyValueSpecification\",\"valueRequired\":true,\"valueName\":\"search_term_string\"}}],\"inLanguage\":\"en-US\"},{\"@type\":\"Organization\",\"@id\":\"https:\\\/\\\/plamdistributions.com\\\/#organization\",\"name\":\"Distributions Pla-M\",\"url\":\"https:\\\/\\\/plamdistributions.com\\\/\",\"logo\":{\"@type\":\"ImageObject\",\"inLanguage\":\"en-US\",\"@id\":\"https:\\\/\\\/plamdistributions.com\\\/#\\\/schema\\\/logo\\\/image\\\/\",\"url\":\"https:\\\/\\\/plamdistributions.com\\\/wp-content\\\/uploads\\\/2021\\\/05\\\/PLAM-SANS.png\",\"contentUrl\":\"https:\\\/\\\/plamdistributions.com\\\/wp-content\\\/uploads\\\/2021\\\/05\\\/PLAM-SANS.png\",\"width\":289,\"height\":224,\"caption\":\"Distributions Pla-M\"},\"image\":{\"@id\":\"https:\\\/\\\/plamdistributions.com\\\/#\\\/schema\\\/logo\\\/image\\\/\"},\"sameAs\":[\"https:\\\/\\\/www.facebook.com\\\/displam\\\/\",\"https:\\\/\\\/x.com\\\/Displam\",\"https:\\\/\\\/www.youtube.com\\\/channel\\\/UCHmm3HCGnpGuaQ984quISDg\"]}]}<\/script>\n<!-- \/ Yoast SEO plugin. -->","yoast_head_json":{"title":"Enzyme destructeur de mati\u00e8re graisseuse Drain Tame | Pla-M Distributions","robots":{"index":"index","follow":"follow","max-snippet":"max-snippet:-1","max-image-preview":"max-image-preview:large","max-video-preview":"max-video-preview:-1"},"canonical":"https:\/\/plamdistributions.com\/produit\/enzyme-destructeur-de-matiere-graisseuse-drain-tame\/","og_locale":"en_US","og_type":"article","og_title":"Enzyme destructeur de mati\u00e8re graisseuse Drain Tame | Pla-M Distributions","og_description":"Code: DOE-BD501 \/ DOE-BD5014 \/ DOE-BD50120 BIG D DRAIN-TAME PLUS est une combinaison d&#8217;enzymes libres, de nutriments et de spores","og_url":"https:\/\/plamdistributions.com\/produit\/enzyme-destructeur-de-matiere-graisseuse-drain-tame\/","og_site_name":"Pla-M Distributions","article_publisher":"https:\/\/www.facebook.com\/displam\/","article_modified_time":"2026-04-22T19:28:08+00:00","og_image":[{"width":600,"height":600,"url":"https:\/\/plamdistributions.com\/wp-content\/uploads\/2021\/05\/DOE-BD501.jpg","type":"image\/jpeg"}],"twitter_card":"summary_large_image","twitter_site":"@Displam","twitter_misc":{"Est. reading time":"1 minute"},"schema":{"@context":"https:\/\/schema.org","@graph":[{"@type":"WebPage","@id":"https:\/\/plamdistributions.com\/produit\/enzyme-destructeur-de-matiere-graisseuse-drain-tame\/","url":"https:\/\/plamdistributions.com\/produit\/enzyme-destructeur-de-matiere-graisseuse-drain-tame\/","name":"Enzyme destructeur de mati\u00e8re graisseuse Drain Tame | Pla-M Distributions","isPartOf":{"@id":"https:\/\/plamdistributions.com\/#website"},"primaryImageOfPage":{"@id":"https:\/\/plamdistributions.com\/produit\/enzyme-destructeur-de-matiere-graisseuse-drain-tame\/#primaryimage"},"image":{"@id":"https:\/\/plamdistributions.com\/produit\/enzyme-destructeur-de-matiere-graisseuse-drain-tame\/#primaryimage"},"thumbnailUrl":"https:\/\/plamdistributions.com\/wp-content\/uploads\/2021\/05\/DOE-BD501.jpg","datePublished":"2021-05-21T18:45:33+00:00","dateModified":"2026-04-22T19:28:08+00:00","breadcrumb":{"@id":"https:\/\/plamdistributions.com\/produit\/enzyme-destructeur-de-matiere-graisseuse-drain-tame\/#breadcrumb"},"inLanguage":"en-US","potentialAction":[{"@type":"ReadAction","target":["https:\/\/plamdistributions.com\/produit\/enzyme-destructeur-de-matiere-graisseuse-drain-tame\/"]}]},{"@type":"ImageObject","inLanguage":"en-US","@id":"https:\/\/plamdistributions.com\/produit\/enzyme-destructeur-de-matiere-graisseuse-drain-tame\/#primaryimage","url":"https:\/\/plamdistributions.com\/wp-content\/uploads\/2021\/05\/DOE-BD501.jpg","contentUrl":"https:\/\/plamdistributions.com\/wp-content\/uploads\/2021\/05\/DOE-BD501.jpg","width":600,"height":600},{"@type":"BreadcrumbList","@id":"https:\/\/plamdistributions.com\/produit\/enzyme-destructeur-de-matiere-graisseuse-drain-tame\/#breadcrumb","itemListElement":[{"@type":"ListItem","position":1,"name":"Accueil","item":"https:\/\/plamdistributions.com\/en\/"},{"@type":"ListItem","position":2,"name":"Shop","item":"https:\/\/plamdistributions.com\/en\/shop\/"},{"@type":"ListItem","position":3,"name":"Enzyme destructeur de mati\u00e8re graisseuse Drain Tame"}]},{"@type":"WebSite","@id":"https:\/\/plamdistributions.com\/#website","url":"https:\/\/plamdistributions.com\/","name":"Distributions Pla-M Inc.","description":"Sale of sanitary products and equipment","publisher":{"@id":"https:\/\/plamdistributions.com\/#organization"},"potentialAction":[{"@type":"SearchAction","target":{"@type":"EntryPoint","urlTemplate":"https:\/\/plamdistributions.com\/?s={search_term_string}"},"query-input":{"@type":"PropertyValueSpecification","valueRequired":true,"valueName":"search_term_string"}}],"inLanguage":"en-US"},{"@type":"Organization","@id":"https:\/\/plamdistributions.com\/#organization","name":"Distributions Pla-M","url":"https:\/\/plamdistributions.com\/","logo":{"@type":"ImageObject","inLanguage":"en-US","@id":"https:\/\/plamdistributions.com\/#\/schema\/logo\/image\/","url":"https:\/\/plamdistributions.com\/wp-content\/uploads\/2021\/05\/PLAM-SANS.png","contentUrl":"https:\/\/plamdistributions.com\/wp-content\/uploads\/2021\/05\/PLAM-SANS.png","width":289,"height":224,"caption":"Distributions Pla-M"},"image":{"@id":"https:\/\/plamdistributions.com\/#\/schema\/logo\/image\/"},"sameAs":["https:\/\/www.facebook.com\/displam\/","https:\/\/x.com\/Displam","https:\/\/www.youtube.com\/channel\/UCHmm3HCGnpGuaQ984quISDg"]}]}},"_links":{"self":[{"href":"https:\/\/plamdistributions.com\/en\/wp-json\/wp\/v2\/product\/24397","targetHints":{"allow":["GET"]}}],"collection":[{"href":"https:\/\/plamdistributions.com\/en\/wp-json\/wp\/v2\/product"}],"about":[{"href":"https:\/\/plamdistributions.com\/en\/wp-json\/wp\/v2\/types\/product"}],"replies":[{"embeddable":true,"href":"https:\/\/plamdistributions.com\/en\/wp-json\/wp\/v2\/comments?post=24397"}],"wp:featuredmedia":[{"embeddable":true,"href":"https:\/\/plamdistributions.com\/en\/wp-json\/wp\/v2\/media\/24396"}],"wp:attachment":[{"href":"https:\/\/plamdistributions.com\/en\/wp-json\/wp\/v2\/media?parent=24397"}],"wp:term":[{"taxonomy":"product_brand","embeddable":true,"href":"https:\/\/plamdistributions.com\/en\/wp-json\/wp\/v2\/product_brand?post=24397"},{"taxonomy":"product_cat","embeddable":true,"href":"https:\/\/plamdistributions.com\/en\/wp-json\/wp\/v2\/product_cat?post=24397"},{"taxonomy":"product_tag","embeddable":true,"href":"https:\/\/plamdistributions.com\/en\/wp-json\/wp\/v2\/product_tag?post=24397"}],"curies":[{"name":"wp","href":"https:\/\/api.w.org\/{rel}","templated":true}]}}