{"id":24422,"date":"2021-05-21T14:45:50","date_gmt":"2021-05-21T18:45:50","guid":{"rendered":"https:\/\/plamdistributions.com\/produit\/desodorisant-big-d-apres-sinistre-4l\/"},"modified":"2023-09-06T09:49:04","modified_gmt":"2023-09-06T13:49:04","slug":"desodorisant-big-d-apres-sinistre-4l","status":"publish","type":"product","link":"https:\/\/plamdistributions.com\/en\/produit\/desodorisant-big-d-apres-sinistre-4l\/","title":{"rendered":"DESO BIG D APRES SINISTRE 4L"},"content":{"rendered":"<p><strong>Code: DOL-BD120200\u00a0<\/strong><\/p>\n<p>Le d\u00e9sorodisant Big D Apr\u00e8s Sinistre, lorsqu&#8217;il est utilis\u00e9 comme indiqu\u00e9 et en quantit\u00e9s suffisantes, \u00e9liminera absolument les odeurs &#8211; m\u00eame du bois carbonis\u00e9 et du c\u00e2blage en caoutchouc br\u00fbl\u00e9. Contrairement \u00e0 la plupart des d\u00e9odorants Big D, le Apr\u00e8s Sinistre doit \u00eatre utilis\u00e9 \u00e0 pleine puissance. Il ne doit \u00eatre m\u00e9lang\u00e9 \u00e0 aucun autre produit ou dilu\u00e9 avec de l&#8217;eau ou une solution aqueuse. C&#8217;est un produit puissant con\u00e7u pour lutter contre les probl\u00e8mes d&#8217;odeurs fortes &#8211; traitez-le avec soin et il prendra soin de votre probl\u00e8me d&#8217;odeur comme aucun autre produit d\u00e9odorant n&#8217;est capable de le faire.<\/p>\n<p><strong>\u2713 Fabricant: Big D<\/strong><\/p>\n","protected":false},"excerpt":{"rendered":"<p>Code: DOL-BD120200\u00a0 Le d\u00e9sorodisant Big D Apr\u00e8s Sinistre, lorsqu&#8217;il est utilis\u00e9 comme indiqu\u00e9 et en quantit\u00e9s suffisantes, \u00e9liminera absolument les<\/p>\n","protected":false},"featured_media":24421,"comment_status":"closed","ping_status":"closed","template":"","meta":[],"product_brand":[],"product_cat":[137,62],"product_tag":[],"class_list":{"0":"post-24422","1":"product","2":"type-product","3":"status-publish","4":"has-post-thumbnail","6":"product_cat-controle-des-odeurs","7":"product_cat-produits-dentretien-menager","8":"product_shipping_class-standard","10":"first","11":"onbackorder","12":"taxable","13":"shipping-taxable","14":"purchasable","15":"product-type-simple"},"yoast_head":"<!-- This site is optimized with the Yoast SEO plugin v27.4 - https:\/\/yoast.com\/product\/yoast-seo-wordpress\/ -->\n<title>DESO BIG D APRES SINISTRE 4L | Pla-M Distributions<\/title>\n<meta name=\"robots\" content=\"index, follow, max-snippet:-1, max-image-preview:large, max-video-preview:-1\" \/>\n<link rel=\"canonical\" href=\"https:\/\/plamdistributions.com\/produit\/desodorisant-big-d-apres-sinistre-4l\/\" \/>\n<meta property=\"og:locale\" content=\"en_US\" \/>\n<meta property=\"og:type\" content=\"article\" \/>\n<meta property=\"og:title\" content=\"DESO BIG D APRES SINISTRE 4L | Pla-M Distributions\" \/>\n<meta property=\"og:description\" content=\"Code: DOL-BD120200\u00a0 Le d\u00e9sorodisant Big D Apr\u00e8s Sinistre, lorsqu&#8217;il est utilis\u00e9 comme indiqu\u00e9 et en quantit\u00e9s suffisantes, \u00e9liminera absolument les\" \/>\n<meta property=\"og:url\" content=\"https:\/\/plamdistributions.com\/produit\/desodorisant-big-d-apres-sinistre-4l\/\" \/>\n<meta property=\"og:site_name\" content=\"Pla-M Distributions\" \/>\n<meta property=\"article:publisher\" content=\"https:\/\/www.facebook.com\/displam\/\" \/>\n<meta property=\"article:modified_time\" content=\"2023-09-06T13:49:04+00:00\" \/>\n<meta property=\"og:image\" content=\"https:\/\/plamdistributions.com\/wp-content\/uploads\/2021\/05\/DOL-BD120200.jpg\" \/>\n\t<meta property=\"og:image:width\" content=\"600\" \/>\n\t<meta property=\"og:image:height\" content=\"600\" \/>\n\t<meta property=\"og:image:type\" content=\"image\/jpeg\" \/>\n<meta name=\"twitter:card\" content=\"summary_large_image\" \/>\n<meta name=\"twitter:site\" content=\"@Displam\" \/>\n<meta name=\"twitter:label1\" content=\"Est. reading time\" \/>\n\t<meta name=\"twitter:data1\" content=\"1 minute\" \/>\n<script type=\"application\/ld+json\" class=\"yoast-schema-graph\">{\"@context\":\"https:\\\/\\\/schema.org\",\"@graph\":[{\"@type\":\"WebPage\",\"@id\":\"https:\\\/\\\/plamdistributions.com\\\/produit\\\/desodorisant-big-d-apres-sinistre-4l\\\/\",\"url\":\"https:\\\/\\\/plamdistributions.com\\\/produit\\\/desodorisant-big-d-apres-sinistre-4l\\\/\",\"name\":\"DESO BIG D APRES SINISTRE 4L | Pla-M Distributions\",\"isPartOf\":{\"@id\":\"https:\\\/\\\/plamdistributions.com\\\/#website\"},\"primaryImageOfPage\":{\"@id\":\"https:\\\/\\\/plamdistributions.com\\\/produit\\\/desodorisant-big-d-apres-sinistre-4l\\\/#primaryimage\"},\"image\":{\"@id\":\"https:\\\/\\\/plamdistributions.com\\\/produit\\\/desodorisant-big-d-apres-sinistre-4l\\\/#primaryimage\"},\"thumbnailUrl\":\"https:\\\/\\\/plamdistributions.com\\\/wp-content\\\/uploads\\\/2021\\\/05\\\/DOL-BD120200.jpg\",\"datePublished\":\"2021-05-21T18:45:50+00:00\",\"dateModified\":\"2023-09-06T13:49:04+00:00\",\"breadcrumb\":{\"@id\":\"https:\\\/\\\/plamdistributions.com\\\/produit\\\/desodorisant-big-d-apres-sinistre-4l\\\/#breadcrumb\"},\"inLanguage\":\"en-US\",\"potentialAction\":[{\"@type\":\"ReadAction\",\"target\":[\"https:\\\/\\\/plamdistributions.com\\\/produit\\\/desodorisant-big-d-apres-sinistre-4l\\\/\"]}]},{\"@type\":\"ImageObject\",\"inLanguage\":\"en-US\",\"@id\":\"https:\\\/\\\/plamdistributions.com\\\/produit\\\/desodorisant-big-d-apres-sinistre-4l\\\/#primaryimage\",\"url\":\"https:\\\/\\\/plamdistributions.com\\\/wp-content\\\/uploads\\\/2021\\\/05\\\/DOL-BD120200.jpg\",\"contentUrl\":\"https:\\\/\\\/plamdistributions.com\\\/wp-content\\\/uploads\\\/2021\\\/05\\\/DOL-BD120200.jpg\",\"width\":600,\"height\":600},{\"@type\":\"BreadcrumbList\",\"@id\":\"https:\\\/\\\/plamdistributions.com\\\/produit\\\/desodorisant-big-d-apres-sinistre-4l\\\/#breadcrumb\",\"itemListElement\":[{\"@type\":\"ListItem\",\"position\":1,\"name\":\"Accueil\",\"item\":\"https:\\\/\\\/plamdistributions.com\\\/en\\\/\"},{\"@type\":\"ListItem\",\"position\":2,\"name\":\"Shop\",\"item\":\"https:\\\/\\\/plamdistributions.com\\\/en\\\/shop\\\/\"},{\"@type\":\"ListItem\",\"position\":3,\"name\":\"DESO BIG D APRES SINISTRE 4L\"}]},{\"@type\":\"WebSite\",\"@id\":\"https:\\\/\\\/plamdistributions.com\\\/#website\",\"url\":\"https:\\\/\\\/plamdistributions.com\\\/\",\"name\":\"Distributions Pla-M Inc.\",\"description\":\"Sale of sanitary products and equipment\",\"publisher\":{\"@id\":\"https:\\\/\\\/plamdistributions.com\\\/#organization\"},\"potentialAction\":[{\"@type\":\"SearchAction\",\"target\":{\"@type\":\"EntryPoint\",\"urlTemplate\":\"https:\\\/\\\/plamdistributions.com\\\/?s={search_term_string}\"},\"query-input\":{\"@type\":\"PropertyValueSpecification\",\"valueRequired\":true,\"valueName\":\"search_term_string\"}}],\"inLanguage\":\"en-US\"},{\"@type\":\"Organization\",\"@id\":\"https:\\\/\\\/plamdistributions.com\\\/#organization\",\"name\":\"Distributions Pla-M\",\"url\":\"https:\\\/\\\/plamdistributions.com\\\/\",\"logo\":{\"@type\":\"ImageObject\",\"inLanguage\":\"en-US\",\"@id\":\"https:\\\/\\\/plamdistributions.com\\\/#\\\/schema\\\/logo\\\/image\\\/\",\"url\":\"https:\\\/\\\/plamdistributions.com\\\/wp-content\\\/uploads\\\/2021\\\/05\\\/PLAM-SANS.png\",\"contentUrl\":\"https:\\\/\\\/plamdistributions.com\\\/wp-content\\\/uploads\\\/2021\\\/05\\\/PLAM-SANS.png\",\"width\":289,\"height\":224,\"caption\":\"Distributions Pla-M\"},\"image\":{\"@id\":\"https:\\\/\\\/plamdistributions.com\\\/#\\\/schema\\\/logo\\\/image\\\/\"},\"sameAs\":[\"https:\\\/\\\/www.facebook.com\\\/displam\\\/\",\"https:\\\/\\\/x.com\\\/Displam\",\"https:\\\/\\\/www.youtube.com\\\/channel\\\/UCHmm3HCGnpGuaQ984quISDg\"]}]}<\/script>\n<!-- \/ Yoast SEO plugin. -->","yoast_head_json":{"title":"DESO BIG D APRES SINISTRE 4L | Pla-M Distributions","robots":{"index":"index","follow":"follow","max-snippet":"max-snippet:-1","max-image-preview":"max-image-preview:large","max-video-preview":"max-video-preview:-1"},"canonical":"https:\/\/plamdistributions.com\/produit\/desodorisant-big-d-apres-sinistre-4l\/","og_locale":"en_US","og_type":"article","og_title":"DESO BIG D APRES SINISTRE 4L | Pla-M Distributions","og_description":"Code: DOL-BD120200\u00a0 Le d\u00e9sorodisant Big D Apr\u00e8s Sinistre, lorsqu&#8217;il est utilis\u00e9 comme indiqu\u00e9 et en quantit\u00e9s suffisantes, \u00e9liminera absolument les","og_url":"https:\/\/plamdistributions.com\/produit\/desodorisant-big-d-apres-sinistre-4l\/","og_site_name":"Pla-M Distributions","article_publisher":"https:\/\/www.facebook.com\/displam\/","article_modified_time":"2023-09-06T13:49:04+00:00","og_image":[{"width":600,"height":600,"url":"https:\/\/plamdistributions.com\/wp-content\/uploads\/2021\/05\/DOL-BD120200.jpg","type":"image\/jpeg"}],"twitter_card":"summary_large_image","twitter_site":"@Displam","twitter_misc":{"Est. reading time":"1 minute"},"schema":{"@context":"https:\/\/schema.org","@graph":[{"@type":"WebPage","@id":"https:\/\/plamdistributions.com\/produit\/desodorisant-big-d-apres-sinistre-4l\/","url":"https:\/\/plamdistributions.com\/produit\/desodorisant-big-d-apres-sinistre-4l\/","name":"DESO BIG D APRES SINISTRE 4L | Pla-M Distributions","isPartOf":{"@id":"https:\/\/plamdistributions.com\/#website"},"primaryImageOfPage":{"@id":"https:\/\/plamdistributions.com\/produit\/desodorisant-big-d-apres-sinistre-4l\/#primaryimage"},"image":{"@id":"https:\/\/plamdistributions.com\/produit\/desodorisant-big-d-apres-sinistre-4l\/#primaryimage"},"thumbnailUrl":"https:\/\/plamdistributions.com\/wp-content\/uploads\/2021\/05\/DOL-BD120200.jpg","datePublished":"2021-05-21T18:45:50+00:00","dateModified":"2023-09-06T13:49:04+00:00","breadcrumb":{"@id":"https:\/\/plamdistributions.com\/produit\/desodorisant-big-d-apres-sinistre-4l\/#breadcrumb"},"inLanguage":"en-US","potentialAction":[{"@type":"ReadAction","target":["https:\/\/plamdistributions.com\/produit\/desodorisant-big-d-apres-sinistre-4l\/"]}]},{"@type":"ImageObject","inLanguage":"en-US","@id":"https:\/\/plamdistributions.com\/produit\/desodorisant-big-d-apres-sinistre-4l\/#primaryimage","url":"https:\/\/plamdistributions.com\/wp-content\/uploads\/2021\/05\/DOL-BD120200.jpg","contentUrl":"https:\/\/plamdistributions.com\/wp-content\/uploads\/2021\/05\/DOL-BD120200.jpg","width":600,"height":600},{"@type":"BreadcrumbList","@id":"https:\/\/plamdistributions.com\/produit\/desodorisant-big-d-apres-sinistre-4l\/#breadcrumb","itemListElement":[{"@type":"ListItem","position":1,"name":"Accueil","item":"https:\/\/plamdistributions.com\/en\/"},{"@type":"ListItem","position":2,"name":"Shop","item":"https:\/\/plamdistributions.com\/en\/shop\/"},{"@type":"ListItem","position":3,"name":"DESO BIG D APRES SINISTRE 4L"}]},{"@type":"WebSite","@id":"https:\/\/plamdistributions.com\/#website","url":"https:\/\/plamdistributions.com\/","name":"Distributions Pla-M Inc.","description":"Sale of sanitary products and equipment","publisher":{"@id":"https:\/\/plamdistributions.com\/#organization"},"potentialAction":[{"@type":"SearchAction","target":{"@type":"EntryPoint","urlTemplate":"https:\/\/plamdistributions.com\/?s={search_term_string}"},"query-input":{"@type":"PropertyValueSpecification","valueRequired":true,"valueName":"search_term_string"}}],"inLanguage":"en-US"},{"@type":"Organization","@id":"https:\/\/plamdistributions.com\/#organization","name":"Distributions Pla-M","url":"https:\/\/plamdistributions.com\/","logo":{"@type":"ImageObject","inLanguage":"en-US","@id":"https:\/\/plamdistributions.com\/#\/schema\/logo\/image\/","url":"https:\/\/plamdistributions.com\/wp-content\/uploads\/2021\/05\/PLAM-SANS.png","contentUrl":"https:\/\/plamdistributions.com\/wp-content\/uploads\/2021\/05\/PLAM-SANS.png","width":289,"height":224,"caption":"Distributions Pla-M"},"image":{"@id":"https:\/\/plamdistributions.com\/#\/schema\/logo\/image\/"},"sameAs":["https:\/\/www.facebook.com\/displam\/","https:\/\/x.com\/Displam","https:\/\/www.youtube.com\/channel\/UCHmm3HCGnpGuaQ984quISDg"]}]}},"_links":{"self":[{"href":"https:\/\/plamdistributions.com\/en\/wp-json\/wp\/v2\/product\/24422","targetHints":{"allow":["GET"]}}],"collection":[{"href":"https:\/\/plamdistributions.com\/en\/wp-json\/wp\/v2\/product"}],"about":[{"href":"https:\/\/plamdistributions.com\/en\/wp-json\/wp\/v2\/types\/product"}],"replies":[{"embeddable":true,"href":"https:\/\/plamdistributions.com\/en\/wp-json\/wp\/v2\/comments?post=24422"}],"wp:featuredmedia":[{"embeddable":true,"href":"https:\/\/plamdistributions.com\/en\/wp-json\/wp\/v2\/media\/24421"}],"wp:attachment":[{"href":"https:\/\/plamdistributions.com\/en\/wp-json\/wp\/v2\/media?parent=24422"}],"wp:term":[{"taxonomy":"product_brand","embeddable":true,"href":"https:\/\/plamdistributions.com\/en\/wp-json\/wp\/v2\/product_brand?post=24422"},{"taxonomy":"product_cat","embeddable":true,"href":"https:\/\/plamdistributions.com\/en\/wp-json\/wp\/v2\/product_cat?post=24422"},{"taxonomy":"product_tag","embeddable":true,"href":"https:\/\/plamdistributions.com\/en\/wp-json\/wp\/v2\/product_tag?post=24422"}],"curies":[{"name":"wp","href":"https:\/\/api.w.org\/{rel}","templated":true}]}}