{"id":24529,"date":"2021-05-21T14:46:58","date_gmt":"2021-05-21T18:46:58","guid":{"rendered":"https:\/\/plamdistributions.com\/produit\/distributrice-frost-papier-rouleaux-ou-plis-simples\/"},"modified":"2026-05-14T10:08:18","modified_gmt":"2026-05-14T14:08:18","slug":"distributrice-frost-papier-rouleaux-ou-plis-simples","status":"publish","type":"product","link":"https:\/\/plamdistributions.com\/en\/produit\/distributrice-frost-papier-rouleaux-ou-plis-simples\/","title":{"rendered":"Distributrice Frost papier rouleaux ou plis simples"},"content":{"rendered":"<p><strong>Code: DP-F101 \/ DP-F1011<\/strong><\/p>\n<p>Les distributeurs de la S\u00e9rie 101, devenus une norme pour les industries, peuvent s\u2019utiliser dans toutes les pi\u00e8ces out emplacements d\u00e9sir\u00e9s.<\/p>\n<p><strong>Caract\u00e9ristiques: \u00a0<\/strong>Distributeur polyvalent, pour essuie-mains ordinaires \u00e0 un pli ou en rouleau, avec maximum de 15 cm (6 po) de diam\u00e8tre et jusqu\u2019\u00e0 25 cm (10 po) de longueur. Mod\u00e8les avec serrure \u00e0 broches, pour r\u00e9duire les vois et le vandalisme. Chargement frontal, pour faciliter le remplissage et l\u2019entretien. \u00a0Charni\u00e8re piano sur toute la longueur de la porte. Bord de coupe en dents de scie prot\u00e9g\u00e9, en stratifi\u00e9-vinyle.<\/p>\n<p><strong>Poids:<\/strong>\u00a02,3 kg (5 lbs)<\/p>\n<p><strong>Dimensions:<\/strong>\u00a026,67 cm de L x 24,13\u2033 cm de H x 17,145 cm de P<\/p>\n<p><strong>Installation<\/strong><strong>:<\/strong>\u00a0Pour faciliter l\u2019acc\u00e8s en fauteuil roulant, el dessous du distributeur ne doit pas\u00a0\u00eatre plac\u00e9 \u00e0 plus de 111 cm (44 po) du sol.<\/p>\n<p><strong>\u2713 Fabricant: Frost<\/strong><\/p>\n<p>&nbsp;<\/p>\n<p>&nbsp;<\/p>\n<p>&nbsp;<\/p>\n","protected":false},"excerpt":{"rendered":"<p>Code: DP-F101 \/ DP-F1011 Les distributeurs de la S\u00e9rie 101, devenus une norme pour les industries, peuvent s\u2019utiliser dans toutes<\/p>\n","protected":false},"featured_media":24528,"comment_status":"closed","ping_status":"closed","template":"","meta":[],"product_brand":[],"product_cat":[105],"product_tag":[],"class_list":{"0":"post-24529","1":"product","2":"type-product","3":"status-publish","4":"has-post-thumbnail","6":"product_cat-distributeurs","7":"product_shipping_class-standard","9":"first","10":"instock","11":"taxable","12":"shipping-taxable","13":"purchasable","14":"product-type-variable"},"yoast_head":"<!-- This site is optimized with the Yoast SEO plugin v27.5 - https:\/\/yoast.com\/product\/yoast-seo-wordpress\/ -->\n<title>Distributrice Frost papier rouleaux ou plis simples | Pla-M Distributions<\/title>\n<meta name=\"robots\" content=\"index, follow, max-snippet:-1, max-image-preview:large, max-video-preview:-1\" \/>\n<link rel=\"canonical\" href=\"https:\/\/plamdistributions.com\/produit\/distributrice-frost-papier-rouleaux-ou-plis-simples\/\" \/>\n<meta property=\"og:locale\" content=\"en_US\" \/>\n<meta property=\"og:type\" content=\"article\" \/>\n<meta property=\"og:title\" content=\"Distributrice Frost papier rouleaux ou plis simples | Pla-M Distributions\" \/>\n<meta property=\"og:description\" content=\"Code: DP-F101 \/ DP-F1011 Les distributeurs de la S\u00e9rie 101, devenus une norme pour les industries, peuvent s\u2019utiliser dans toutes\" \/>\n<meta property=\"og:url\" content=\"https:\/\/plamdistributions.com\/produit\/distributrice-frost-papier-rouleaux-ou-plis-simples\/\" \/>\n<meta property=\"og:site_name\" content=\"Pla-M Distributions\" \/>\n<meta property=\"article:publisher\" content=\"https:\/\/www.facebook.com\/displam\/\" \/>\n<meta property=\"article:modified_time\" content=\"2026-05-14T14:08:18+00:00\" \/>\n<meta property=\"og:image\" content=\"https:\/\/plamdistributions.com\/wp-content\/uploads\/2021\/05\/DP-F101.jpg\" \/>\n\t<meta property=\"og:image:width\" content=\"682\" \/>\n\t<meta property=\"og:image:height\" content=\"661\" \/>\n\t<meta property=\"og:image:type\" content=\"image\/jpeg\" \/>\n<meta name=\"twitter:card\" content=\"summary_large_image\" \/>\n<meta name=\"twitter:site\" content=\"@Displam\" \/>\n<meta name=\"twitter:label1\" content=\"Est. reading time\" \/>\n\t<meta name=\"twitter:data1\" content=\"1 minute\" \/>\n<script type=\"application\/ld+json\" class=\"yoast-schema-graph\">{\"@context\":\"https:\\\/\\\/schema.org\",\"@graph\":[{\"@type\":\"WebPage\",\"@id\":\"https:\\\/\\\/plamdistributions.com\\\/produit\\\/distributrice-frost-papier-rouleaux-ou-plis-simples\\\/\",\"url\":\"https:\\\/\\\/plamdistributions.com\\\/produit\\\/distributrice-frost-papier-rouleaux-ou-plis-simples\\\/\",\"name\":\"Distributrice Frost papier rouleaux ou plis simples | Pla-M Distributions\",\"isPartOf\":{\"@id\":\"https:\\\/\\\/plamdistributions.com\\\/#website\"},\"primaryImageOfPage\":{\"@id\":\"https:\\\/\\\/plamdistributions.com\\\/produit\\\/distributrice-frost-papier-rouleaux-ou-plis-simples\\\/#primaryimage\"},\"image\":{\"@id\":\"https:\\\/\\\/plamdistributions.com\\\/produit\\\/distributrice-frost-papier-rouleaux-ou-plis-simples\\\/#primaryimage\"},\"thumbnailUrl\":\"https:\\\/\\\/plamdistributions.com\\\/wp-content\\\/uploads\\\/2021\\\/05\\\/DP-F101.jpg\",\"datePublished\":\"2021-05-21T18:46:58+00:00\",\"dateModified\":\"2026-05-14T14:08:18+00:00\",\"breadcrumb\":{\"@id\":\"https:\\\/\\\/plamdistributions.com\\\/produit\\\/distributrice-frost-papier-rouleaux-ou-plis-simples\\\/#breadcrumb\"},\"inLanguage\":\"en-US\",\"potentialAction\":[{\"@type\":\"ReadAction\",\"target\":[\"https:\\\/\\\/plamdistributions.com\\\/produit\\\/distributrice-frost-papier-rouleaux-ou-plis-simples\\\/\"]}]},{\"@type\":\"ImageObject\",\"inLanguage\":\"en-US\",\"@id\":\"https:\\\/\\\/plamdistributions.com\\\/produit\\\/distributrice-frost-papier-rouleaux-ou-plis-simples\\\/#primaryimage\",\"url\":\"https:\\\/\\\/plamdistributions.com\\\/wp-content\\\/uploads\\\/2021\\\/05\\\/DP-F101.jpg\",\"contentUrl\":\"https:\\\/\\\/plamdistributions.com\\\/wp-content\\\/uploads\\\/2021\\\/05\\\/DP-F101.jpg\",\"width\":682,\"height\":661},{\"@type\":\"BreadcrumbList\",\"@id\":\"https:\\\/\\\/plamdistributions.com\\\/produit\\\/distributrice-frost-papier-rouleaux-ou-plis-simples\\\/#breadcrumb\",\"itemListElement\":[{\"@type\":\"ListItem\",\"position\":1,\"name\":\"Accueil\",\"item\":\"https:\\\/\\\/plamdistributions.com\\\/en\\\/\"},{\"@type\":\"ListItem\",\"position\":2,\"name\":\"Shop\",\"item\":\"https:\\\/\\\/plamdistributions.com\\\/en\\\/shop\\\/\"},{\"@type\":\"ListItem\",\"position\":3,\"name\":\"Distributrice Frost papier rouleaux ou plis simples\"}]},{\"@type\":\"WebSite\",\"@id\":\"https:\\\/\\\/plamdistributions.com\\\/#website\",\"url\":\"https:\\\/\\\/plamdistributions.com\\\/\",\"name\":\"Distributions Pla-M Inc.\",\"description\":\"Sale of sanitary products and equipment\",\"publisher\":{\"@id\":\"https:\\\/\\\/plamdistributions.com\\\/#organization\"},\"potentialAction\":[{\"@type\":\"SearchAction\",\"target\":{\"@type\":\"EntryPoint\",\"urlTemplate\":\"https:\\\/\\\/plamdistributions.com\\\/?s={search_term_string}\"},\"query-input\":{\"@type\":\"PropertyValueSpecification\",\"valueRequired\":true,\"valueName\":\"search_term_string\"}}],\"inLanguage\":\"en-US\"},{\"@type\":\"Organization\",\"@id\":\"https:\\\/\\\/plamdistributions.com\\\/#organization\",\"name\":\"Distributions Pla-M\",\"url\":\"https:\\\/\\\/plamdistributions.com\\\/\",\"logo\":{\"@type\":\"ImageObject\",\"inLanguage\":\"en-US\",\"@id\":\"https:\\\/\\\/plamdistributions.com\\\/#\\\/schema\\\/logo\\\/image\\\/\",\"url\":\"https:\\\/\\\/plamdistributions.com\\\/wp-content\\\/uploads\\\/2021\\\/05\\\/PLAM-SANS.png\",\"contentUrl\":\"https:\\\/\\\/plamdistributions.com\\\/wp-content\\\/uploads\\\/2021\\\/05\\\/PLAM-SANS.png\",\"width\":289,\"height\":224,\"caption\":\"Distributions Pla-M\"},\"image\":{\"@id\":\"https:\\\/\\\/plamdistributions.com\\\/#\\\/schema\\\/logo\\\/image\\\/\"},\"sameAs\":[\"https:\\\/\\\/www.facebook.com\\\/displam\\\/\",\"https:\\\/\\\/x.com\\\/Displam\",\"https:\\\/\\\/www.youtube.com\\\/channel\\\/UCHmm3HCGnpGuaQ984quISDg\"]}]}<\/script>\n<!-- \/ Yoast SEO plugin. -->","yoast_head_json":{"title":"Distributrice Frost papier rouleaux ou plis simples | Pla-M Distributions","robots":{"index":"index","follow":"follow","max-snippet":"max-snippet:-1","max-image-preview":"max-image-preview:large","max-video-preview":"max-video-preview:-1"},"canonical":"https:\/\/plamdistributions.com\/produit\/distributrice-frost-papier-rouleaux-ou-plis-simples\/","og_locale":"en_US","og_type":"article","og_title":"Distributrice Frost papier rouleaux ou plis simples | Pla-M Distributions","og_description":"Code: DP-F101 \/ DP-F1011 Les distributeurs de la S\u00e9rie 101, devenus une norme pour les industries, peuvent s\u2019utiliser dans toutes","og_url":"https:\/\/plamdistributions.com\/produit\/distributrice-frost-papier-rouleaux-ou-plis-simples\/","og_site_name":"Pla-M Distributions","article_publisher":"https:\/\/www.facebook.com\/displam\/","article_modified_time":"2026-05-14T14:08:18+00:00","og_image":[{"width":682,"height":661,"url":"https:\/\/plamdistributions.com\/wp-content\/uploads\/2021\/05\/DP-F101.jpg","type":"image\/jpeg"}],"twitter_card":"summary_large_image","twitter_site":"@Displam","twitter_misc":{"Est. reading time":"1 minute"},"schema":{"@context":"https:\/\/schema.org","@graph":[{"@type":"WebPage","@id":"https:\/\/plamdistributions.com\/produit\/distributrice-frost-papier-rouleaux-ou-plis-simples\/","url":"https:\/\/plamdistributions.com\/produit\/distributrice-frost-papier-rouleaux-ou-plis-simples\/","name":"Distributrice Frost papier rouleaux ou plis simples | Pla-M Distributions","isPartOf":{"@id":"https:\/\/plamdistributions.com\/#website"},"primaryImageOfPage":{"@id":"https:\/\/plamdistributions.com\/produit\/distributrice-frost-papier-rouleaux-ou-plis-simples\/#primaryimage"},"image":{"@id":"https:\/\/plamdistributions.com\/produit\/distributrice-frost-papier-rouleaux-ou-plis-simples\/#primaryimage"},"thumbnailUrl":"https:\/\/plamdistributions.com\/wp-content\/uploads\/2021\/05\/DP-F101.jpg","datePublished":"2021-05-21T18:46:58+00:00","dateModified":"2026-05-14T14:08:18+00:00","breadcrumb":{"@id":"https:\/\/plamdistributions.com\/produit\/distributrice-frost-papier-rouleaux-ou-plis-simples\/#breadcrumb"},"inLanguage":"en-US","potentialAction":[{"@type":"ReadAction","target":["https:\/\/plamdistributions.com\/produit\/distributrice-frost-papier-rouleaux-ou-plis-simples\/"]}]},{"@type":"ImageObject","inLanguage":"en-US","@id":"https:\/\/plamdistributions.com\/produit\/distributrice-frost-papier-rouleaux-ou-plis-simples\/#primaryimage","url":"https:\/\/plamdistributions.com\/wp-content\/uploads\/2021\/05\/DP-F101.jpg","contentUrl":"https:\/\/plamdistributions.com\/wp-content\/uploads\/2021\/05\/DP-F101.jpg","width":682,"height":661},{"@type":"BreadcrumbList","@id":"https:\/\/plamdistributions.com\/produit\/distributrice-frost-papier-rouleaux-ou-plis-simples\/#breadcrumb","itemListElement":[{"@type":"ListItem","position":1,"name":"Accueil","item":"https:\/\/plamdistributions.com\/en\/"},{"@type":"ListItem","position":2,"name":"Shop","item":"https:\/\/plamdistributions.com\/en\/shop\/"},{"@type":"ListItem","position":3,"name":"Distributrice Frost papier rouleaux ou plis simples"}]},{"@type":"WebSite","@id":"https:\/\/plamdistributions.com\/#website","url":"https:\/\/plamdistributions.com\/","name":"Distributions Pla-M Inc.","description":"Sale of sanitary products and equipment","publisher":{"@id":"https:\/\/plamdistributions.com\/#organization"},"potentialAction":[{"@type":"SearchAction","target":{"@type":"EntryPoint","urlTemplate":"https:\/\/plamdistributions.com\/?s={search_term_string}"},"query-input":{"@type":"PropertyValueSpecification","valueRequired":true,"valueName":"search_term_string"}}],"inLanguage":"en-US"},{"@type":"Organization","@id":"https:\/\/plamdistributions.com\/#organization","name":"Distributions Pla-M","url":"https:\/\/plamdistributions.com\/","logo":{"@type":"ImageObject","inLanguage":"en-US","@id":"https:\/\/plamdistributions.com\/#\/schema\/logo\/image\/","url":"https:\/\/plamdistributions.com\/wp-content\/uploads\/2021\/05\/PLAM-SANS.png","contentUrl":"https:\/\/plamdistributions.com\/wp-content\/uploads\/2021\/05\/PLAM-SANS.png","width":289,"height":224,"caption":"Distributions Pla-M"},"image":{"@id":"https:\/\/plamdistributions.com\/#\/schema\/logo\/image\/"},"sameAs":["https:\/\/www.facebook.com\/displam\/","https:\/\/x.com\/Displam","https:\/\/www.youtube.com\/channel\/UCHmm3HCGnpGuaQ984quISDg"]}]}},"_links":{"self":[{"href":"https:\/\/plamdistributions.com\/en\/wp-json\/wp\/v2\/product\/24529","targetHints":{"allow":["GET"]}}],"collection":[{"href":"https:\/\/plamdistributions.com\/en\/wp-json\/wp\/v2\/product"}],"about":[{"href":"https:\/\/plamdistributions.com\/en\/wp-json\/wp\/v2\/types\/product"}],"replies":[{"embeddable":true,"href":"https:\/\/plamdistributions.com\/en\/wp-json\/wp\/v2\/comments?post=24529"}],"wp:featuredmedia":[{"embeddable":true,"href":"https:\/\/plamdistributions.com\/en\/wp-json\/wp\/v2\/media\/24528"}],"wp:attachment":[{"href":"https:\/\/plamdistributions.com\/en\/wp-json\/wp\/v2\/media?parent=24529"}],"wp:term":[{"taxonomy":"product_brand","embeddable":true,"href":"https:\/\/plamdistributions.com\/en\/wp-json\/wp\/v2\/product_brand?post=24529"},{"taxonomy":"product_cat","embeddable":true,"href":"https:\/\/plamdistributions.com\/en\/wp-json\/wp\/v2\/product_cat?post=24529"},{"taxonomy":"product_tag","embeddable":true,"href":"https:\/\/plamdistributions.com\/en\/wp-json\/wp\/v2\/product_tag?post=24529"}],"curies":[{"name":"wp","href":"https:\/\/api.w.org\/{rel}","templated":true}]}}