{"id":24769,"date":"2021-05-21T14:49:25","date_gmt":"2021-05-21T18:49:25","guid":{"rendered":"https:\/\/plamdistributions.com\/produit\/detachant-concentre-pour-tissu\/"},"modified":"2023-01-31T02:14:29","modified_gmt":"2023-01-31T06:14:29","slug":"detachant-concentre-pour-tissu","status":"publish","type":"product","link":"https:\/\/plamdistributions.com\/en\/produit\/detachant-concentre-pour-tissu\/","title":{"rendered":"D\u00e9tachant concentr\u00e9 pour tissu"},"content":{"rendered":"<p><strong>Code: FIESTA \/ FIESTA4\u00a0<\/strong><\/p>\n<p>FIESTA est un m\u00e9lange concentr\u00e9 d\u2019agents mouillants p\u00e9n\u00e9trants et de d\u00e9tergents qui agissent simultan\u00e9ment pour d\u00e9loger les taches rebelles telles que les taches de sang, de fruits, de gazon, de breuvages, de transpiration, de cirage \u00e0 chaussures, de chocolat, de maquillage, d\u2019huile et de graisse. FIESTA enl\u00e8ve les taches sur les tissus des tabliers, uniformes, chiffons, toiles, draps, taies d\u2019oreillers, v\u00eatements chirurgicaux et autres tissus \u00e9pais comme les tapis et moquettes.<\/p>\n<div id=\"row-1660212610\" class=\"row\">\n<div id=\"col-1953325379\" class=\"col tab-product-avmor small-12 large-12\">\n<div class=\"col-inner\">\n<div class=\"tabbed-content\">\n<div class=\"tab-panels\">\n<div id=\"tab_use-directions\" class=\"panel entry-content active\">\n<p><strong>NOTE<\/strong>: Pr\u00e9tester l\u2019effet de la solution sur la solidit\u00e9 des couleurs d\u2019une partie peu visible du tapis ou du tissu.<br \/>\nUtiliser le concentr\u00e9 directement sur la tache avant de laver. Frotter avec une brosse. Laisser agir pendant 10 minutes. Laver draps, uniformes et autres tissus de fa\u00e7on habituelle.<br \/>\n<strong>TAPIS ET MOQUETTES:<\/strong> Utiliser le concentr\u00e9 et verser directement sur les taches. Attendre quelques minutes avant d\u2019\u00e9ponger l\u00e9g\u00e8rement et rincer \u00e0 l\u2019eau ti\u00e8de.<\/p>\n<\/div>\n<\/div>\n<\/div>\n<\/div>\n<\/div>\n<\/div>\n<h4 class=\"sous-titre\"><span class=\"badge bg-vert\">\u2713\u00a0 <\/span><strong>Fabricant: Avmor<\/strong><\/h4>\n<p>&nbsp;<\/p>\n","protected":false},"excerpt":{"rendered":"<p>Code: FIESTA \/ FIESTA4\u00a0 FIESTA est un m\u00e9lange concentr\u00e9 d\u2019agents mouillants p\u00e9n\u00e9trants et de d\u00e9tergents qui agissent simultan\u00e9ment pour d\u00e9loger<\/p>\n","protected":false},"featured_media":24768,"comment_status":"closed","ping_status":"closed","template":"","meta":[],"product_brand":[],"product_cat":[111,62],"product_tag":[],"class_list":{"0":"post-24769","1":"product","2":"type-product","3":"status-publish","4":"has-post-thumbnail","6":"product_cat-produits-buanderie","7":"product_cat-produits-dentretien-menager","8":"product_shipping_class-standard","10":"first","11":"onbackorder","12":"taxable","13":"shipping-taxable","14":"purchasable","15":"product-type-variable"},"yoast_head":"<!-- This site is optimized with the Yoast SEO plugin v27.4 - https:\/\/yoast.com\/product\/yoast-seo-wordpress\/ -->\n<title>D\u00e9tachant concentr\u00e9 pour tissu | Pla-M Distributions<\/title>\n<meta name=\"robots\" content=\"index, follow, max-snippet:-1, max-image-preview:large, max-video-preview:-1\" \/>\n<link rel=\"canonical\" href=\"https:\/\/plamdistributions.com\/produit\/detachant-concentre-pour-tissu\/\" \/>\n<meta property=\"og:locale\" content=\"en_US\" \/>\n<meta property=\"og:type\" content=\"article\" \/>\n<meta property=\"og:title\" content=\"D\u00e9tachant concentr\u00e9 pour tissu | Pla-M Distributions\" \/>\n<meta property=\"og:description\" content=\"Code: FIESTA \/ FIESTA4\u00a0 FIESTA est un m\u00e9lange concentr\u00e9 d\u2019agents mouillants p\u00e9n\u00e9trants et de d\u00e9tergents qui agissent simultan\u00e9ment pour d\u00e9loger\" \/>\n<meta property=\"og:url\" content=\"https:\/\/plamdistributions.com\/produit\/detachant-concentre-pour-tissu\/\" \/>\n<meta property=\"og:site_name\" content=\"Pla-M Distributions\" \/>\n<meta property=\"article:publisher\" content=\"https:\/\/www.facebook.com\/displam\/\" \/>\n<meta property=\"article:modified_time\" content=\"2023-01-31T06:14:29+00:00\" \/>\n<meta property=\"og:image\" content=\"https:\/\/plamdistributions.com\/wp-content\/uploads\/2021\/05\/FIESTA.jpg\" \/>\n\t<meta property=\"og:image:width\" content=\"600\" \/>\n\t<meta property=\"og:image:height\" content=\"600\" \/>\n\t<meta property=\"og:image:type\" content=\"image\/jpeg\" \/>\n<meta name=\"twitter:card\" content=\"summary_large_image\" \/>\n<meta name=\"twitter:site\" content=\"@Displam\" \/>\n<meta name=\"twitter:label1\" content=\"Est. reading time\" \/>\n\t<meta name=\"twitter:data1\" content=\"1 minute\" \/>\n<script type=\"application\/ld+json\" class=\"yoast-schema-graph\">{\"@context\":\"https:\\\/\\\/schema.org\",\"@graph\":[{\"@type\":\"WebPage\",\"@id\":\"https:\\\/\\\/plamdistributions.com\\\/produit\\\/detachant-concentre-pour-tissu\\\/\",\"url\":\"https:\\\/\\\/plamdistributions.com\\\/produit\\\/detachant-concentre-pour-tissu\\\/\",\"name\":\"D\u00e9tachant concentr\u00e9 pour tissu | Pla-M Distributions\",\"isPartOf\":{\"@id\":\"https:\\\/\\\/plamdistributions.com\\\/#website\"},\"primaryImageOfPage\":{\"@id\":\"https:\\\/\\\/plamdistributions.com\\\/produit\\\/detachant-concentre-pour-tissu\\\/#primaryimage\"},\"image\":{\"@id\":\"https:\\\/\\\/plamdistributions.com\\\/produit\\\/detachant-concentre-pour-tissu\\\/#primaryimage\"},\"thumbnailUrl\":\"https:\\\/\\\/plamdistributions.com\\\/wp-content\\\/uploads\\\/2021\\\/05\\\/FIESTA.jpg\",\"datePublished\":\"2021-05-21T18:49:25+00:00\",\"dateModified\":\"2023-01-31T06:14:29+00:00\",\"breadcrumb\":{\"@id\":\"https:\\\/\\\/plamdistributions.com\\\/produit\\\/detachant-concentre-pour-tissu\\\/#breadcrumb\"},\"inLanguage\":\"en-US\",\"potentialAction\":[{\"@type\":\"ReadAction\",\"target\":[\"https:\\\/\\\/plamdistributions.com\\\/produit\\\/detachant-concentre-pour-tissu\\\/\"]}]},{\"@type\":\"ImageObject\",\"inLanguage\":\"en-US\",\"@id\":\"https:\\\/\\\/plamdistributions.com\\\/produit\\\/detachant-concentre-pour-tissu\\\/#primaryimage\",\"url\":\"https:\\\/\\\/plamdistributions.com\\\/wp-content\\\/uploads\\\/2021\\\/05\\\/FIESTA.jpg\",\"contentUrl\":\"https:\\\/\\\/plamdistributions.com\\\/wp-content\\\/uploads\\\/2021\\\/05\\\/FIESTA.jpg\",\"width\":600,\"height\":600},{\"@type\":\"BreadcrumbList\",\"@id\":\"https:\\\/\\\/plamdistributions.com\\\/produit\\\/detachant-concentre-pour-tissu\\\/#breadcrumb\",\"itemListElement\":[{\"@type\":\"ListItem\",\"position\":1,\"name\":\"Accueil\",\"item\":\"https:\\\/\\\/plamdistributions.com\\\/en\\\/\"},{\"@type\":\"ListItem\",\"position\":2,\"name\":\"Shop\",\"item\":\"https:\\\/\\\/plamdistributions.com\\\/en\\\/shop\\\/\"},{\"@type\":\"ListItem\",\"position\":3,\"name\":\"D\u00e9tachant concentr\u00e9 pour tissu\"}]},{\"@type\":\"WebSite\",\"@id\":\"https:\\\/\\\/plamdistributions.com\\\/#website\",\"url\":\"https:\\\/\\\/plamdistributions.com\\\/\",\"name\":\"Distributions Pla-M Inc.\",\"description\":\"Sale of sanitary products and equipment\",\"publisher\":{\"@id\":\"https:\\\/\\\/plamdistributions.com\\\/#organization\"},\"potentialAction\":[{\"@type\":\"SearchAction\",\"target\":{\"@type\":\"EntryPoint\",\"urlTemplate\":\"https:\\\/\\\/plamdistributions.com\\\/?s={search_term_string}\"},\"query-input\":{\"@type\":\"PropertyValueSpecification\",\"valueRequired\":true,\"valueName\":\"search_term_string\"}}],\"inLanguage\":\"en-US\"},{\"@type\":\"Organization\",\"@id\":\"https:\\\/\\\/plamdistributions.com\\\/#organization\",\"name\":\"Distributions Pla-M\",\"url\":\"https:\\\/\\\/plamdistributions.com\\\/\",\"logo\":{\"@type\":\"ImageObject\",\"inLanguage\":\"en-US\",\"@id\":\"https:\\\/\\\/plamdistributions.com\\\/#\\\/schema\\\/logo\\\/image\\\/\",\"url\":\"https:\\\/\\\/plamdistributions.com\\\/wp-content\\\/uploads\\\/2021\\\/05\\\/PLAM-SANS.png\",\"contentUrl\":\"https:\\\/\\\/plamdistributions.com\\\/wp-content\\\/uploads\\\/2021\\\/05\\\/PLAM-SANS.png\",\"width\":289,\"height\":224,\"caption\":\"Distributions Pla-M\"},\"image\":{\"@id\":\"https:\\\/\\\/plamdistributions.com\\\/#\\\/schema\\\/logo\\\/image\\\/\"},\"sameAs\":[\"https:\\\/\\\/www.facebook.com\\\/displam\\\/\",\"https:\\\/\\\/x.com\\\/Displam\",\"https:\\\/\\\/www.youtube.com\\\/channel\\\/UCHmm3HCGnpGuaQ984quISDg\"]}]}<\/script>\n<!-- \/ Yoast SEO plugin. -->","yoast_head_json":{"title":"D\u00e9tachant concentr\u00e9 pour tissu | Pla-M Distributions","robots":{"index":"index","follow":"follow","max-snippet":"max-snippet:-1","max-image-preview":"max-image-preview:large","max-video-preview":"max-video-preview:-1"},"canonical":"https:\/\/plamdistributions.com\/produit\/detachant-concentre-pour-tissu\/","og_locale":"en_US","og_type":"article","og_title":"D\u00e9tachant concentr\u00e9 pour tissu | Pla-M Distributions","og_description":"Code: FIESTA \/ FIESTA4\u00a0 FIESTA est un m\u00e9lange concentr\u00e9 d\u2019agents mouillants p\u00e9n\u00e9trants et de d\u00e9tergents qui agissent simultan\u00e9ment pour d\u00e9loger","og_url":"https:\/\/plamdistributions.com\/produit\/detachant-concentre-pour-tissu\/","og_site_name":"Pla-M Distributions","article_publisher":"https:\/\/www.facebook.com\/displam\/","article_modified_time":"2023-01-31T06:14:29+00:00","og_image":[{"width":600,"height":600,"url":"https:\/\/plamdistributions.com\/wp-content\/uploads\/2021\/05\/FIESTA.jpg","type":"image\/jpeg"}],"twitter_card":"summary_large_image","twitter_site":"@Displam","twitter_misc":{"Est. reading time":"1 minute"},"schema":{"@context":"https:\/\/schema.org","@graph":[{"@type":"WebPage","@id":"https:\/\/plamdistributions.com\/produit\/detachant-concentre-pour-tissu\/","url":"https:\/\/plamdistributions.com\/produit\/detachant-concentre-pour-tissu\/","name":"D\u00e9tachant concentr\u00e9 pour tissu | Pla-M Distributions","isPartOf":{"@id":"https:\/\/plamdistributions.com\/#website"},"primaryImageOfPage":{"@id":"https:\/\/plamdistributions.com\/produit\/detachant-concentre-pour-tissu\/#primaryimage"},"image":{"@id":"https:\/\/plamdistributions.com\/produit\/detachant-concentre-pour-tissu\/#primaryimage"},"thumbnailUrl":"https:\/\/plamdistributions.com\/wp-content\/uploads\/2021\/05\/FIESTA.jpg","datePublished":"2021-05-21T18:49:25+00:00","dateModified":"2023-01-31T06:14:29+00:00","breadcrumb":{"@id":"https:\/\/plamdistributions.com\/produit\/detachant-concentre-pour-tissu\/#breadcrumb"},"inLanguage":"en-US","potentialAction":[{"@type":"ReadAction","target":["https:\/\/plamdistributions.com\/produit\/detachant-concentre-pour-tissu\/"]}]},{"@type":"ImageObject","inLanguage":"en-US","@id":"https:\/\/plamdistributions.com\/produit\/detachant-concentre-pour-tissu\/#primaryimage","url":"https:\/\/plamdistributions.com\/wp-content\/uploads\/2021\/05\/FIESTA.jpg","contentUrl":"https:\/\/plamdistributions.com\/wp-content\/uploads\/2021\/05\/FIESTA.jpg","width":600,"height":600},{"@type":"BreadcrumbList","@id":"https:\/\/plamdistributions.com\/produit\/detachant-concentre-pour-tissu\/#breadcrumb","itemListElement":[{"@type":"ListItem","position":1,"name":"Accueil","item":"https:\/\/plamdistributions.com\/en\/"},{"@type":"ListItem","position":2,"name":"Shop","item":"https:\/\/plamdistributions.com\/en\/shop\/"},{"@type":"ListItem","position":3,"name":"D\u00e9tachant concentr\u00e9 pour tissu"}]},{"@type":"WebSite","@id":"https:\/\/plamdistributions.com\/#website","url":"https:\/\/plamdistributions.com\/","name":"Distributions Pla-M Inc.","description":"Sale of sanitary products and equipment","publisher":{"@id":"https:\/\/plamdistributions.com\/#organization"},"potentialAction":[{"@type":"SearchAction","target":{"@type":"EntryPoint","urlTemplate":"https:\/\/plamdistributions.com\/?s={search_term_string}"},"query-input":{"@type":"PropertyValueSpecification","valueRequired":true,"valueName":"search_term_string"}}],"inLanguage":"en-US"},{"@type":"Organization","@id":"https:\/\/plamdistributions.com\/#organization","name":"Distributions Pla-M","url":"https:\/\/plamdistributions.com\/","logo":{"@type":"ImageObject","inLanguage":"en-US","@id":"https:\/\/plamdistributions.com\/#\/schema\/logo\/image\/","url":"https:\/\/plamdistributions.com\/wp-content\/uploads\/2021\/05\/PLAM-SANS.png","contentUrl":"https:\/\/plamdistributions.com\/wp-content\/uploads\/2021\/05\/PLAM-SANS.png","width":289,"height":224,"caption":"Distributions Pla-M"},"image":{"@id":"https:\/\/plamdistributions.com\/#\/schema\/logo\/image\/"},"sameAs":["https:\/\/www.facebook.com\/displam\/","https:\/\/x.com\/Displam","https:\/\/www.youtube.com\/channel\/UCHmm3HCGnpGuaQ984quISDg"]}]}},"_links":{"self":[{"href":"https:\/\/plamdistributions.com\/en\/wp-json\/wp\/v2\/product\/24769","targetHints":{"allow":["GET"]}}],"collection":[{"href":"https:\/\/plamdistributions.com\/en\/wp-json\/wp\/v2\/product"}],"about":[{"href":"https:\/\/plamdistributions.com\/en\/wp-json\/wp\/v2\/types\/product"}],"replies":[{"embeddable":true,"href":"https:\/\/plamdistributions.com\/en\/wp-json\/wp\/v2\/comments?post=24769"}],"wp:featuredmedia":[{"embeddable":true,"href":"https:\/\/plamdistributions.com\/en\/wp-json\/wp\/v2\/media\/24768"}],"wp:attachment":[{"href":"https:\/\/plamdistributions.com\/en\/wp-json\/wp\/v2\/media?parent=24769"}],"wp:term":[{"taxonomy":"product_brand","embeddable":true,"href":"https:\/\/plamdistributions.com\/en\/wp-json\/wp\/v2\/product_brand?post=24769"},{"taxonomy":"product_cat","embeddable":true,"href":"https:\/\/plamdistributions.com\/en\/wp-json\/wp\/v2\/product_cat?post=24769"},{"taxonomy":"product_tag","embeddable":true,"href":"https:\/\/plamdistributions.com\/en\/wp-json\/wp\/v2\/product_tag?post=24769"}],"curies":[{"name":"wp","href":"https:\/\/api.w.org\/{rel}","templated":true}]}}