{"id":25044,"date":"2021-05-21T14:51:55","date_gmt":"2021-05-21T18:51:55","guid":{"rendered":"https:\/\/plamdistributions.com\/produit\/lingettes-humides-certainty-2-rlx-de-800fls\/"},"modified":"2026-04-23T14:24:23","modified_gmt":"2026-04-23T18:24:23","slug":"lingettes-humides-certainty-2-rlx-de-800fls","status":"publish","type":"product","link":"https:\/\/plamdistributions.com\/en\/produit\/lingettes-humides-certainty-2-rlx-de-800fls\/","title":{"rendered":"Lingettes humides CERTAINTY 2 Rlx de 800fls ou 1000fls"},"content":{"rendered":"<p><strong>Code: LGH-ME91000 \/ LGH-ME9685<\/strong><\/p>\n<p><strong>\u2713 Sans parfum et sans alcool\u00a0 \u00a0 \u2713 Jetables<\/strong><\/p>\n<p><span class=\"JLqJ4b ChMk0b\" data-language-for-alternatives=\"fr\" data-language-to-translate-into=\"auto\" data-phrase-index=\"0\">Nos lingettes d\u00e9sinfectantes de qualit\u00e9 sup\u00e9rieure Certainty \u2122 Plus sont con\u00e7ues pour combattre les germes, virus et champignons pr\u00e9sents sur toutes les surfaces dures et non poreuses.<\/span> <span class=\"JLqJ4b ChMk0b\" data-language-for-alternatives=\"fr\" data-language-to-translate-into=\"auto\" data-phrase-index=\"1\">Ils \u00e9liminent rapidement la salet\u00e9 et la salet\u00e9 de tous les points de contact tout en favorisant un environnement sain et en \u00e9vitant le risque de contamination crois\u00e9e.<\/span> <span class=\"JLqJ4b ChMk0b\" data-language-for-alternatives=\"fr\" data-language-to-translate-into=\"auto\" data-phrase-index=\"2\">Id\u00e9al pour les centres de conditionnement physique, les bureaux, les \u00e9piceries et plus encore.<\/span><\/p>\n<ul>\n<li><span class=\"JLqJ4b ChMk0b\" data-language-for-alternatives=\"fr\" data-language-to-translate-into=\"auto\" data-phrase-index=\"6\">Tue 99,9% des germes courants susceptibles de provoquer des maladies<\/span><\/li>\n<li><span class=\"JLqJ4b ChMk0b\" data-language-for-alternatives=\"fr\" data-language-to-translate-into=\"auto\" data-phrase-index=\"12\">DIN enregistr\u00e9 a<\/span><span class=\"JLqJ4b ChMk0b\" data-language-for-alternatives=\"fr\" data-language-to-translate-into=\"auto\" data-phrase-index=\"12\">upr\u00e8s de Sant\u00e9 Canada<\/span><\/li>\n<li><span class=\"JLqJ4b ChMk0b\" data-language-for-alternatives=\"fr\" data-language-to-translate-into=\"auto\" data-phrase-index=\"14\">Un grand nombre de lingettes r\u00e9duit les co\u00fbts<\/span><\/li>\n<li><span class=\"JLqJ4b ChMk0b\" data-language-for-alternatives=\"fr\" data-language-to-translate-into=\"auto\" data-phrase-index=\"16\">Le tissu de qualit\u00e9 sup\u00e9rieure \u00e9limine rapidement la salet\u00e9 et la salet\u00e9<\/span><\/li>\n<\/ul>\n<p><strong>\u2713 Fabricant: Certainty\u00a0<\/strong><\/p>\n","protected":false},"excerpt":{"rendered":"<p>Code: LGH-ME91000 \/ LGH-ME9685 \u2713 Sans parfum et sans alcool\u00a0 \u00a0 \u2713 Jetables Nos lingettes d\u00e9sinfectantes de qualit\u00e9 sup\u00e9rieure Certainty<\/p>\n","protected":false},"featured_media":25043,"comment_status":"closed","ping_status":"closed","template":"","meta":[],"product_brand":[],"product_cat":[278,101],"product_tag":[],"class_list":{"0":"post-25044","1":"product","2":"type-product","3":"status-publish","4":"has-post-thumbnail","6":"product_cat-chiffons-et-lingettes-humides","7":"product_cat-papier-chiffons-et-sacs-a-dechets","8":"product_shipping_class-standard","10":"first","11":"instock","12":"taxable","13":"shipping-taxable","14":"purchasable","15":"product-type-variable"},"yoast_head":"<!-- This site is optimized with the Yoast SEO plugin v27.4 - https:\/\/yoast.com\/product\/yoast-seo-wordpress\/ -->\n<title>Lingettes humides CERTAINTY 2 Rlx de 800fls ou 1000fls | Pla-M Distributions<\/title>\n<meta name=\"robots\" content=\"index, follow, max-snippet:-1, max-image-preview:large, max-video-preview:-1\" \/>\n<link rel=\"canonical\" href=\"https:\/\/plamdistributions.com\/produit\/lingettes-humides-certainty-2-rlx-de-800fls\/\" \/>\n<meta property=\"og:locale\" content=\"en_US\" \/>\n<meta property=\"og:type\" content=\"article\" \/>\n<meta property=\"og:title\" content=\"Lingettes humides CERTAINTY 2 Rlx de 800fls ou 1000fls | Pla-M Distributions\" \/>\n<meta property=\"og:description\" content=\"Code: LGH-ME91000 \/ LGH-ME9685 \u2713 Sans parfum et sans alcool\u00a0 \u00a0 \u2713 Jetables Nos lingettes d\u00e9sinfectantes de qualit\u00e9 sup\u00e9rieure Certainty\" \/>\n<meta property=\"og:url\" content=\"https:\/\/plamdistributions.com\/produit\/lingettes-humides-certainty-2-rlx-de-800fls\/\" \/>\n<meta property=\"og:site_name\" content=\"Pla-M Distributions\" \/>\n<meta property=\"article:publisher\" content=\"https:\/\/www.facebook.com\/displam\/\" \/>\n<meta property=\"article:modified_time\" content=\"2026-04-23T18:24:23+00:00\" \/>\n<meta property=\"og:image\" content=\"https:\/\/plamdistributions.com\/wp-content\/uploads\/2021\/05\/LGH-ME91000.jpg\" \/>\n\t<meta property=\"og:image:width\" content=\"600\" \/>\n\t<meta property=\"og:image:height\" content=\"600\" \/>\n\t<meta property=\"og:image:type\" content=\"image\/jpeg\" \/>\n<meta name=\"twitter:card\" content=\"summary_large_image\" \/>\n<meta name=\"twitter:site\" content=\"@Displam\" \/>\n<meta name=\"twitter:label1\" content=\"Est. reading time\" \/>\n\t<meta name=\"twitter:data1\" content=\"1 minute\" \/>\n<script type=\"application\/ld+json\" class=\"yoast-schema-graph\">{\"@context\":\"https:\\\/\\\/schema.org\",\"@graph\":[{\"@type\":\"WebPage\",\"@id\":\"https:\\\/\\\/plamdistributions.com\\\/produit\\\/lingettes-humides-certainty-2-rlx-de-800fls\\\/\",\"url\":\"https:\\\/\\\/plamdistributions.com\\\/produit\\\/lingettes-humides-certainty-2-rlx-de-800fls\\\/\",\"name\":\"Lingettes humides CERTAINTY 2 Rlx de 800fls ou 1000fls | Pla-M Distributions\",\"isPartOf\":{\"@id\":\"https:\\\/\\\/plamdistributions.com\\\/#website\"},\"primaryImageOfPage\":{\"@id\":\"https:\\\/\\\/plamdistributions.com\\\/produit\\\/lingettes-humides-certainty-2-rlx-de-800fls\\\/#primaryimage\"},\"image\":{\"@id\":\"https:\\\/\\\/plamdistributions.com\\\/produit\\\/lingettes-humides-certainty-2-rlx-de-800fls\\\/#primaryimage\"},\"thumbnailUrl\":\"https:\\\/\\\/plamdistributions.com\\\/wp-content\\\/uploads\\\/2021\\\/05\\\/LGH-ME91000.jpg\",\"datePublished\":\"2021-05-21T18:51:55+00:00\",\"dateModified\":\"2026-04-23T18:24:23+00:00\",\"breadcrumb\":{\"@id\":\"https:\\\/\\\/plamdistributions.com\\\/produit\\\/lingettes-humides-certainty-2-rlx-de-800fls\\\/#breadcrumb\"},\"inLanguage\":\"en-US\",\"potentialAction\":[{\"@type\":\"ReadAction\",\"target\":[\"https:\\\/\\\/plamdistributions.com\\\/produit\\\/lingettes-humides-certainty-2-rlx-de-800fls\\\/\"]}]},{\"@type\":\"ImageObject\",\"inLanguage\":\"en-US\",\"@id\":\"https:\\\/\\\/plamdistributions.com\\\/produit\\\/lingettes-humides-certainty-2-rlx-de-800fls\\\/#primaryimage\",\"url\":\"https:\\\/\\\/plamdistributions.com\\\/wp-content\\\/uploads\\\/2021\\\/05\\\/LGH-ME91000.jpg\",\"contentUrl\":\"https:\\\/\\\/plamdistributions.com\\\/wp-content\\\/uploads\\\/2021\\\/05\\\/LGH-ME91000.jpg\",\"width\":600,\"height\":600},{\"@type\":\"BreadcrumbList\",\"@id\":\"https:\\\/\\\/plamdistributions.com\\\/produit\\\/lingettes-humides-certainty-2-rlx-de-800fls\\\/#breadcrumb\",\"itemListElement\":[{\"@type\":\"ListItem\",\"position\":1,\"name\":\"Accueil\",\"item\":\"https:\\\/\\\/plamdistributions.com\\\/en\\\/\"},{\"@type\":\"ListItem\",\"position\":2,\"name\":\"Shop\",\"item\":\"https:\\\/\\\/plamdistributions.com\\\/en\\\/shop\\\/\"},{\"@type\":\"ListItem\",\"position\":3,\"name\":\"Lingettes humides CERTAINTY 2 Rlx de 800fls ou 1000fls\"}]},{\"@type\":\"WebSite\",\"@id\":\"https:\\\/\\\/plamdistributions.com\\\/#website\",\"url\":\"https:\\\/\\\/plamdistributions.com\\\/\",\"name\":\"Distributions Pla-M Inc.\",\"description\":\"Sale of sanitary products and equipment\",\"publisher\":{\"@id\":\"https:\\\/\\\/plamdistributions.com\\\/#organization\"},\"potentialAction\":[{\"@type\":\"SearchAction\",\"target\":{\"@type\":\"EntryPoint\",\"urlTemplate\":\"https:\\\/\\\/plamdistributions.com\\\/?s={search_term_string}\"},\"query-input\":{\"@type\":\"PropertyValueSpecification\",\"valueRequired\":true,\"valueName\":\"search_term_string\"}}],\"inLanguage\":\"en-US\"},{\"@type\":\"Organization\",\"@id\":\"https:\\\/\\\/plamdistributions.com\\\/#organization\",\"name\":\"Distributions Pla-M\",\"url\":\"https:\\\/\\\/plamdistributions.com\\\/\",\"logo\":{\"@type\":\"ImageObject\",\"inLanguage\":\"en-US\",\"@id\":\"https:\\\/\\\/plamdistributions.com\\\/#\\\/schema\\\/logo\\\/image\\\/\",\"url\":\"https:\\\/\\\/plamdistributions.com\\\/wp-content\\\/uploads\\\/2021\\\/05\\\/PLAM-SANS.png\",\"contentUrl\":\"https:\\\/\\\/plamdistributions.com\\\/wp-content\\\/uploads\\\/2021\\\/05\\\/PLAM-SANS.png\",\"width\":289,\"height\":224,\"caption\":\"Distributions Pla-M\"},\"image\":{\"@id\":\"https:\\\/\\\/plamdistributions.com\\\/#\\\/schema\\\/logo\\\/image\\\/\"},\"sameAs\":[\"https:\\\/\\\/www.facebook.com\\\/displam\\\/\",\"https:\\\/\\\/x.com\\\/Displam\",\"https:\\\/\\\/www.youtube.com\\\/channel\\\/UCHmm3HCGnpGuaQ984quISDg\"]}]}<\/script>\n<!-- \/ Yoast SEO plugin. -->","yoast_head_json":{"title":"Lingettes humides CERTAINTY 2 Rlx de 800fls ou 1000fls | Pla-M Distributions","robots":{"index":"index","follow":"follow","max-snippet":"max-snippet:-1","max-image-preview":"max-image-preview:large","max-video-preview":"max-video-preview:-1"},"canonical":"https:\/\/plamdistributions.com\/produit\/lingettes-humides-certainty-2-rlx-de-800fls\/","og_locale":"en_US","og_type":"article","og_title":"Lingettes humides CERTAINTY 2 Rlx de 800fls ou 1000fls | Pla-M Distributions","og_description":"Code: LGH-ME91000 \/ LGH-ME9685 \u2713 Sans parfum et sans alcool\u00a0 \u00a0 \u2713 Jetables Nos lingettes d\u00e9sinfectantes de qualit\u00e9 sup\u00e9rieure Certainty","og_url":"https:\/\/plamdistributions.com\/produit\/lingettes-humides-certainty-2-rlx-de-800fls\/","og_site_name":"Pla-M Distributions","article_publisher":"https:\/\/www.facebook.com\/displam\/","article_modified_time":"2026-04-23T18:24:23+00:00","og_image":[{"width":600,"height":600,"url":"https:\/\/plamdistributions.com\/wp-content\/uploads\/2021\/05\/LGH-ME91000.jpg","type":"image\/jpeg"}],"twitter_card":"summary_large_image","twitter_site":"@Displam","twitter_misc":{"Est. reading time":"1 minute"},"schema":{"@context":"https:\/\/schema.org","@graph":[{"@type":"WebPage","@id":"https:\/\/plamdistributions.com\/produit\/lingettes-humides-certainty-2-rlx-de-800fls\/","url":"https:\/\/plamdistributions.com\/produit\/lingettes-humides-certainty-2-rlx-de-800fls\/","name":"Lingettes humides CERTAINTY 2 Rlx de 800fls ou 1000fls | Pla-M Distributions","isPartOf":{"@id":"https:\/\/plamdistributions.com\/#website"},"primaryImageOfPage":{"@id":"https:\/\/plamdistributions.com\/produit\/lingettes-humides-certainty-2-rlx-de-800fls\/#primaryimage"},"image":{"@id":"https:\/\/plamdistributions.com\/produit\/lingettes-humides-certainty-2-rlx-de-800fls\/#primaryimage"},"thumbnailUrl":"https:\/\/plamdistributions.com\/wp-content\/uploads\/2021\/05\/LGH-ME91000.jpg","datePublished":"2021-05-21T18:51:55+00:00","dateModified":"2026-04-23T18:24:23+00:00","breadcrumb":{"@id":"https:\/\/plamdistributions.com\/produit\/lingettes-humides-certainty-2-rlx-de-800fls\/#breadcrumb"},"inLanguage":"en-US","potentialAction":[{"@type":"ReadAction","target":["https:\/\/plamdistributions.com\/produit\/lingettes-humides-certainty-2-rlx-de-800fls\/"]}]},{"@type":"ImageObject","inLanguage":"en-US","@id":"https:\/\/plamdistributions.com\/produit\/lingettes-humides-certainty-2-rlx-de-800fls\/#primaryimage","url":"https:\/\/plamdistributions.com\/wp-content\/uploads\/2021\/05\/LGH-ME91000.jpg","contentUrl":"https:\/\/plamdistributions.com\/wp-content\/uploads\/2021\/05\/LGH-ME91000.jpg","width":600,"height":600},{"@type":"BreadcrumbList","@id":"https:\/\/plamdistributions.com\/produit\/lingettes-humides-certainty-2-rlx-de-800fls\/#breadcrumb","itemListElement":[{"@type":"ListItem","position":1,"name":"Accueil","item":"https:\/\/plamdistributions.com\/en\/"},{"@type":"ListItem","position":2,"name":"Shop","item":"https:\/\/plamdistributions.com\/en\/shop\/"},{"@type":"ListItem","position":3,"name":"Lingettes humides CERTAINTY 2 Rlx de 800fls ou 1000fls"}]},{"@type":"WebSite","@id":"https:\/\/plamdistributions.com\/#website","url":"https:\/\/plamdistributions.com\/","name":"Distributions Pla-M Inc.","description":"Sale of sanitary products and equipment","publisher":{"@id":"https:\/\/plamdistributions.com\/#organization"},"potentialAction":[{"@type":"SearchAction","target":{"@type":"EntryPoint","urlTemplate":"https:\/\/plamdistributions.com\/?s={search_term_string}"},"query-input":{"@type":"PropertyValueSpecification","valueRequired":true,"valueName":"search_term_string"}}],"inLanguage":"en-US"},{"@type":"Organization","@id":"https:\/\/plamdistributions.com\/#organization","name":"Distributions Pla-M","url":"https:\/\/plamdistributions.com\/","logo":{"@type":"ImageObject","inLanguage":"en-US","@id":"https:\/\/plamdistributions.com\/#\/schema\/logo\/image\/","url":"https:\/\/plamdistributions.com\/wp-content\/uploads\/2021\/05\/PLAM-SANS.png","contentUrl":"https:\/\/plamdistributions.com\/wp-content\/uploads\/2021\/05\/PLAM-SANS.png","width":289,"height":224,"caption":"Distributions Pla-M"},"image":{"@id":"https:\/\/plamdistributions.com\/#\/schema\/logo\/image\/"},"sameAs":["https:\/\/www.facebook.com\/displam\/","https:\/\/x.com\/Displam","https:\/\/www.youtube.com\/channel\/UCHmm3HCGnpGuaQ984quISDg"]}]}},"_links":{"self":[{"href":"https:\/\/plamdistributions.com\/en\/wp-json\/wp\/v2\/product\/25044","targetHints":{"allow":["GET"]}}],"collection":[{"href":"https:\/\/plamdistributions.com\/en\/wp-json\/wp\/v2\/product"}],"about":[{"href":"https:\/\/plamdistributions.com\/en\/wp-json\/wp\/v2\/types\/product"}],"replies":[{"embeddable":true,"href":"https:\/\/plamdistributions.com\/en\/wp-json\/wp\/v2\/comments?post=25044"}],"wp:featuredmedia":[{"embeddable":true,"href":"https:\/\/plamdistributions.com\/en\/wp-json\/wp\/v2\/media\/25043"}],"wp:attachment":[{"href":"https:\/\/plamdistributions.com\/en\/wp-json\/wp\/v2\/media?parent=25044"}],"wp:term":[{"taxonomy":"product_brand","embeddable":true,"href":"https:\/\/plamdistributions.com\/en\/wp-json\/wp\/v2\/product_brand?post=25044"},{"taxonomy":"product_cat","embeddable":true,"href":"https:\/\/plamdistributions.com\/en\/wp-json\/wp\/v2\/product_cat?post=25044"},{"taxonomy":"product_tag","embeddable":true,"href":"https:\/\/plamdistributions.com\/en\/wp-json\/wp\/v2\/product_tag?post=25044"}],"curies":[{"name":"wp","href":"https:\/\/api.w.org\/{rel}","templated":true}]}}