{"id":25079,"date":"2021-05-21T14:52:10","date_gmt":"2021-05-21T18:52:10","guid":{"rendered":"https:\/\/plamdistributions.com\/produit\/nettoyant-lave-vitre-auto-4-litres\/"},"modified":"2026-03-17T15:59:21","modified_gmt":"2026-03-17T19:59:21","slug":"nettoyant-lave-vitre-auto-4-litres","status":"publish","type":"product","link":"https:\/\/plamdistributions.com\/en\/produit\/nettoyant-lave-vitre-auto-4-litres\/","title":{"rendered":"NETTOYANT LAVE VITRE AUTO -40 \/ 4LTS"},"content":{"rendered":"<p><strong>Code: LVA4<\/strong><\/p>\n<p>Le nettoyant lave-vitre pr\u00e9servera le pare-brise de votre automobile d\u00e9gag\u00e9 et clair quelles que soient les conditions m\u00e9t\u00e9orologiques et les conditions de la route. Il peut \u00eatre utilis\u00e9 \u00e0 des temp\u00e9ratures aussi basses que -40\u00b0C et restera dans sa forme liquide sans se transformer en gel. Il \u00e9limine rapidement la salet\u00e9 et les salissures des fen\u00eatres sans laisser de taches d&#8217;huile, de traces ou de pellicules. Le fluoropolym\u00e8re contenu dans ce liquide lave-glace pour pare-brise dissout la glace, le sel, les salissures, la neige et les huiles de voirie qui s&#8217;\u00e9chappent des autres v\u00e9hicules par mauvais temps. En \u00e9t\u00e9, il aide \u00e0 nettoyer rapidement les taches d&#8217;insectes et les salissures pour une visibilit\u00e9 optimale lors de la conduite. Ce liquide de nettoyage pour pare-brise d&#8217;automobile est contenu dans un r\u00e9cipient facile \u00e0 verser de 3,78 litres.<\/p>\n","protected":false},"excerpt":{"rendered":"<p>Code: LVA4 Le nettoyant lave-vitre pr\u00e9servera le pare-brise de votre automobile d\u00e9gag\u00e9 et clair quelles que soient les conditions m\u00e9t\u00e9orologiques<\/p>\n","protected":false},"featured_media":25078,"comment_status":"closed","ping_status":"closed","template":"","meta":[],"product_brand":[],"product_cat":[62,124],"product_tag":[470,471,472],"class_list":{"0":"post-25079","1":"product","2":"type-product","3":"status-publish","4":"has-post-thumbnail","6":"product_cat-produits-dentretien-menager","7":"product_cat-vitres-chrome-et-les-miroirs","8":"product_tag-auto","9":"product_tag-nettoyant","10":"product_tag-vitre","11":"product_shipping_class-standard","13":"first","14":"instock","15":"taxable","16":"shipping-taxable","17":"purchasable","18":"product-type-simple"},"yoast_head":"<!-- This site is optimized with the Yoast SEO plugin v27.4 - https:\/\/yoast.com\/product\/yoast-seo-wordpress\/ -->\n<title>NETTOYANT LAVE VITRE AUTO -40 \/ 4LTS | Pla-M Distributions<\/title>\n<meta name=\"robots\" content=\"index, follow, max-snippet:-1, max-image-preview:large, max-video-preview:-1\" \/>\n<link rel=\"canonical\" href=\"https:\/\/plamdistributions.com\/produit\/nettoyant-lave-vitre-auto-4-litres\/\" \/>\n<meta property=\"og:locale\" content=\"en_US\" \/>\n<meta property=\"og:type\" content=\"article\" \/>\n<meta property=\"og:title\" content=\"NETTOYANT LAVE VITRE AUTO -40 \/ 4LTS | Pla-M Distributions\" \/>\n<meta property=\"og:description\" content=\"Code: LVA4 Le nettoyant lave-vitre pr\u00e9servera le pare-brise de votre automobile d\u00e9gag\u00e9 et clair quelles que soient les conditions m\u00e9t\u00e9orologiques\" \/>\n<meta property=\"og:url\" content=\"https:\/\/plamdistributions.com\/produit\/nettoyant-lave-vitre-auto-4-litres\/\" \/>\n<meta property=\"og:site_name\" content=\"Pla-M Distributions\" \/>\n<meta property=\"article:publisher\" content=\"https:\/\/www.facebook.com\/displam\/\" \/>\n<meta property=\"article:modified_time\" content=\"2026-03-17T19:59:21+00:00\" \/>\n<meta property=\"og:image\" content=\"https:\/\/plamdistributions.com\/wp-content\/uploads\/2021\/05\/LVA4.jpg\" \/>\n\t<meta property=\"og:image:width\" content=\"600\" \/>\n\t<meta property=\"og:image:height\" content=\"600\" \/>\n\t<meta property=\"og:image:type\" content=\"image\/jpeg\" \/>\n<meta name=\"twitter:card\" content=\"summary_large_image\" \/>\n<meta name=\"twitter:site\" content=\"@Displam\" \/>\n<meta name=\"twitter:label1\" content=\"Est. reading time\" \/>\n\t<meta name=\"twitter:data1\" content=\"1 minute\" \/>\n<script type=\"application\/ld+json\" class=\"yoast-schema-graph\">{\"@context\":\"https:\\\/\\\/schema.org\",\"@graph\":[{\"@type\":\"WebPage\",\"@id\":\"https:\\\/\\\/plamdistributions.com\\\/produit\\\/nettoyant-lave-vitre-auto-4-litres\\\/\",\"url\":\"https:\\\/\\\/plamdistributions.com\\\/produit\\\/nettoyant-lave-vitre-auto-4-litres\\\/\",\"name\":\"NETTOYANT LAVE VITRE AUTO -40 \\\/ 4LTS | Pla-M Distributions\",\"isPartOf\":{\"@id\":\"https:\\\/\\\/plamdistributions.com\\\/#website\"},\"primaryImageOfPage\":{\"@id\":\"https:\\\/\\\/plamdistributions.com\\\/produit\\\/nettoyant-lave-vitre-auto-4-litres\\\/#primaryimage\"},\"image\":{\"@id\":\"https:\\\/\\\/plamdistributions.com\\\/produit\\\/nettoyant-lave-vitre-auto-4-litres\\\/#primaryimage\"},\"thumbnailUrl\":\"https:\\\/\\\/plamdistributions.com\\\/wp-content\\\/uploads\\\/2021\\\/05\\\/LVA4.jpg\",\"datePublished\":\"2021-05-21T18:52:10+00:00\",\"dateModified\":\"2026-03-17T19:59:21+00:00\",\"breadcrumb\":{\"@id\":\"https:\\\/\\\/plamdistributions.com\\\/produit\\\/nettoyant-lave-vitre-auto-4-litres\\\/#breadcrumb\"},\"inLanguage\":\"en-US\",\"potentialAction\":[{\"@type\":\"ReadAction\",\"target\":[\"https:\\\/\\\/plamdistributions.com\\\/produit\\\/nettoyant-lave-vitre-auto-4-litres\\\/\"]}]},{\"@type\":\"ImageObject\",\"inLanguage\":\"en-US\",\"@id\":\"https:\\\/\\\/plamdistributions.com\\\/produit\\\/nettoyant-lave-vitre-auto-4-litres\\\/#primaryimage\",\"url\":\"https:\\\/\\\/plamdistributions.com\\\/wp-content\\\/uploads\\\/2021\\\/05\\\/LVA4.jpg\",\"contentUrl\":\"https:\\\/\\\/plamdistributions.com\\\/wp-content\\\/uploads\\\/2021\\\/05\\\/LVA4.jpg\",\"width\":600,\"height\":600,\"caption\":\"Nettoyant lave-vitre auto 4 litres\"},{\"@type\":\"BreadcrumbList\",\"@id\":\"https:\\\/\\\/plamdistributions.com\\\/produit\\\/nettoyant-lave-vitre-auto-4-litres\\\/#breadcrumb\",\"itemListElement\":[{\"@type\":\"ListItem\",\"position\":1,\"name\":\"Accueil\",\"item\":\"https:\\\/\\\/plamdistributions.com\\\/en\\\/\"},{\"@type\":\"ListItem\",\"position\":2,\"name\":\"Shop\",\"item\":\"https:\\\/\\\/plamdistributions.com\\\/en\\\/shop\\\/\"},{\"@type\":\"ListItem\",\"position\":3,\"name\":\"NETTOYANT LAVE VITRE AUTO -40 \\\/ 4LTS\"}]},{\"@type\":\"WebSite\",\"@id\":\"https:\\\/\\\/plamdistributions.com\\\/#website\",\"url\":\"https:\\\/\\\/plamdistributions.com\\\/\",\"name\":\"Distributions Pla-M Inc.\",\"description\":\"Sale of sanitary products and equipment\",\"publisher\":{\"@id\":\"https:\\\/\\\/plamdistributions.com\\\/#organization\"},\"potentialAction\":[{\"@type\":\"SearchAction\",\"target\":{\"@type\":\"EntryPoint\",\"urlTemplate\":\"https:\\\/\\\/plamdistributions.com\\\/?s={search_term_string}\"},\"query-input\":{\"@type\":\"PropertyValueSpecification\",\"valueRequired\":true,\"valueName\":\"search_term_string\"}}],\"inLanguage\":\"en-US\"},{\"@type\":\"Organization\",\"@id\":\"https:\\\/\\\/plamdistributions.com\\\/#organization\",\"name\":\"Distributions Pla-M\",\"url\":\"https:\\\/\\\/plamdistributions.com\\\/\",\"logo\":{\"@type\":\"ImageObject\",\"inLanguage\":\"en-US\",\"@id\":\"https:\\\/\\\/plamdistributions.com\\\/#\\\/schema\\\/logo\\\/image\\\/\",\"url\":\"https:\\\/\\\/plamdistributions.com\\\/wp-content\\\/uploads\\\/2021\\\/05\\\/PLAM-SANS.png\",\"contentUrl\":\"https:\\\/\\\/plamdistributions.com\\\/wp-content\\\/uploads\\\/2021\\\/05\\\/PLAM-SANS.png\",\"width\":289,\"height\":224,\"caption\":\"Distributions Pla-M\"},\"image\":{\"@id\":\"https:\\\/\\\/plamdistributions.com\\\/#\\\/schema\\\/logo\\\/image\\\/\"},\"sameAs\":[\"https:\\\/\\\/www.facebook.com\\\/displam\\\/\",\"https:\\\/\\\/x.com\\\/Displam\",\"https:\\\/\\\/www.youtube.com\\\/channel\\\/UCHmm3HCGnpGuaQ984quISDg\"]}]}<\/script>\n<!-- \/ Yoast SEO plugin. -->","yoast_head_json":{"title":"NETTOYANT LAVE VITRE AUTO -40 \/ 4LTS | Pla-M Distributions","robots":{"index":"index","follow":"follow","max-snippet":"max-snippet:-1","max-image-preview":"max-image-preview:large","max-video-preview":"max-video-preview:-1"},"canonical":"https:\/\/plamdistributions.com\/produit\/nettoyant-lave-vitre-auto-4-litres\/","og_locale":"en_US","og_type":"article","og_title":"NETTOYANT LAVE VITRE AUTO -40 \/ 4LTS | Pla-M Distributions","og_description":"Code: LVA4 Le nettoyant lave-vitre pr\u00e9servera le pare-brise de votre automobile d\u00e9gag\u00e9 et clair quelles que soient les conditions m\u00e9t\u00e9orologiques","og_url":"https:\/\/plamdistributions.com\/produit\/nettoyant-lave-vitre-auto-4-litres\/","og_site_name":"Pla-M Distributions","article_publisher":"https:\/\/www.facebook.com\/displam\/","article_modified_time":"2026-03-17T19:59:21+00:00","og_image":[{"width":600,"height":600,"url":"https:\/\/plamdistributions.com\/wp-content\/uploads\/2021\/05\/LVA4.jpg","type":"image\/jpeg"}],"twitter_card":"summary_large_image","twitter_site":"@Displam","twitter_misc":{"Est. reading time":"1 minute"},"schema":{"@context":"https:\/\/schema.org","@graph":[{"@type":"WebPage","@id":"https:\/\/plamdistributions.com\/produit\/nettoyant-lave-vitre-auto-4-litres\/","url":"https:\/\/plamdistributions.com\/produit\/nettoyant-lave-vitre-auto-4-litres\/","name":"NETTOYANT LAVE VITRE AUTO -40 \/ 4LTS | Pla-M Distributions","isPartOf":{"@id":"https:\/\/plamdistributions.com\/#website"},"primaryImageOfPage":{"@id":"https:\/\/plamdistributions.com\/produit\/nettoyant-lave-vitre-auto-4-litres\/#primaryimage"},"image":{"@id":"https:\/\/plamdistributions.com\/produit\/nettoyant-lave-vitre-auto-4-litres\/#primaryimage"},"thumbnailUrl":"https:\/\/plamdistributions.com\/wp-content\/uploads\/2021\/05\/LVA4.jpg","datePublished":"2021-05-21T18:52:10+00:00","dateModified":"2026-03-17T19:59:21+00:00","breadcrumb":{"@id":"https:\/\/plamdistributions.com\/produit\/nettoyant-lave-vitre-auto-4-litres\/#breadcrumb"},"inLanguage":"en-US","potentialAction":[{"@type":"ReadAction","target":["https:\/\/plamdistributions.com\/produit\/nettoyant-lave-vitre-auto-4-litres\/"]}]},{"@type":"ImageObject","inLanguage":"en-US","@id":"https:\/\/plamdistributions.com\/produit\/nettoyant-lave-vitre-auto-4-litres\/#primaryimage","url":"https:\/\/plamdistributions.com\/wp-content\/uploads\/2021\/05\/LVA4.jpg","contentUrl":"https:\/\/plamdistributions.com\/wp-content\/uploads\/2021\/05\/LVA4.jpg","width":600,"height":600,"caption":"Nettoyant lave-vitre auto 4 litres"},{"@type":"BreadcrumbList","@id":"https:\/\/plamdistributions.com\/produit\/nettoyant-lave-vitre-auto-4-litres\/#breadcrumb","itemListElement":[{"@type":"ListItem","position":1,"name":"Accueil","item":"https:\/\/plamdistributions.com\/en\/"},{"@type":"ListItem","position":2,"name":"Shop","item":"https:\/\/plamdistributions.com\/en\/shop\/"},{"@type":"ListItem","position":3,"name":"NETTOYANT LAVE VITRE AUTO -40 \/ 4LTS"}]},{"@type":"WebSite","@id":"https:\/\/plamdistributions.com\/#website","url":"https:\/\/plamdistributions.com\/","name":"Distributions Pla-M Inc.","description":"Sale of sanitary products and equipment","publisher":{"@id":"https:\/\/plamdistributions.com\/#organization"},"potentialAction":[{"@type":"SearchAction","target":{"@type":"EntryPoint","urlTemplate":"https:\/\/plamdistributions.com\/?s={search_term_string}"},"query-input":{"@type":"PropertyValueSpecification","valueRequired":true,"valueName":"search_term_string"}}],"inLanguage":"en-US"},{"@type":"Organization","@id":"https:\/\/plamdistributions.com\/#organization","name":"Distributions Pla-M","url":"https:\/\/plamdistributions.com\/","logo":{"@type":"ImageObject","inLanguage":"en-US","@id":"https:\/\/plamdistributions.com\/#\/schema\/logo\/image\/","url":"https:\/\/plamdistributions.com\/wp-content\/uploads\/2021\/05\/PLAM-SANS.png","contentUrl":"https:\/\/plamdistributions.com\/wp-content\/uploads\/2021\/05\/PLAM-SANS.png","width":289,"height":224,"caption":"Distributions Pla-M"},"image":{"@id":"https:\/\/plamdistributions.com\/#\/schema\/logo\/image\/"},"sameAs":["https:\/\/www.facebook.com\/displam\/","https:\/\/x.com\/Displam","https:\/\/www.youtube.com\/channel\/UCHmm3HCGnpGuaQ984quISDg"]}]}},"_links":{"self":[{"href":"https:\/\/plamdistributions.com\/en\/wp-json\/wp\/v2\/product\/25079","targetHints":{"allow":["GET"]}}],"collection":[{"href":"https:\/\/plamdistributions.com\/en\/wp-json\/wp\/v2\/product"}],"about":[{"href":"https:\/\/plamdistributions.com\/en\/wp-json\/wp\/v2\/types\/product"}],"replies":[{"embeddable":true,"href":"https:\/\/plamdistributions.com\/en\/wp-json\/wp\/v2\/comments?post=25079"}],"wp:featuredmedia":[{"embeddable":true,"href":"https:\/\/plamdistributions.com\/en\/wp-json\/wp\/v2\/media\/25078"}],"wp:attachment":[{"href":"https:\/\/plamdistributions.com\/en\/wp-json\/wp\/v2\/media?parent=25079"}],"wp:term":[{"taxonomy":"product_brand","embeddable":true,"href":"https:\/\/plamdistributions.com\/en\/wp-json\/wp\/v2\/product_brand?post=25079"},{"taxonomy":"product_cat","embeddable":true,"href":"https:\/\/plamdistributions.com\/en\/wp-json\/wp\/v2\/product_cat?post=25079"},{"taxonomy":"product_tag","embeddable":true,"href":"https:\/\/plamdistributions.com\/en\/wp-json\/wp\/v2\/product_tag?post=25079"}],"curies":[{"name":"wp","href":"https:\/\/api.w.org\/{rel}","templated":true}]}}