{"id":25583,"date":"2021-05-21T14:56:56","date_gmt":"2021-05-21T18:56:56","guid":{"rendered":"https:\/\/plamdistributions.com\/produit\/sac-aspirateur-proteam-intercept-everest-10-sacs\/"},"modified":"2026-04-08T08:15:43","modified_gmt":"2026-04-08T12:15:43","slug":"sac-aspirateur-proteam-intercept-everest-10-sacs","status":"publish","type":"product","link":"https:\/\/plamdistributions.com\/en\/produit\/sac-aspirateur-proteam-intercept-everest-10-sacs\/","title":{"rendered":"SAC ASPI PROTEAM INTERCEPT EVEREST \/10 SACS   A"},"content":{"rendered":"<p><strong>Code: SAD-PT103191\u00a0<\/strong><\/p>\n<ul>\n<li><strong>Filtration \u00e0 quatre niveaux:<\/strong> Le syst\u00e8me de filtration \u00e0 quatre niveaux de ProTeam offre une protection avanc\u00e9e contre l&#8217;introduction de polluants dans un environnement.<\/li>\n<li><strong>Capacit\u00e9 plus grande:<\/strong> Les micro-filtres Intercept de ProTeam ont 21% plus de surface de filtration que les filtres non pliss\u00e9s.<\/li>\n<li><strong>Am\u00e9lioration de la qualit\u00e9 de l&#8217;air:<\/strong>\u00a0 La construction \u00e0 deux couches capture les particules fines, am\u00e9liorant la qualit\u00e9 de l&#8217;air int\u00e9rieur. Le traitement microbien Intercept aide \u00e0 contenir les odeurs et \u00e0 pr\u00e9venir la croissance de moisissures et de bact\u00e9ries.<\/li>\n<\/ul>\n<p><strong>\u2713 Fabricant: ProTeam<\/strong><\/p>\n","protected":false},"excerpt":{"rendered":"<p>Code: SAD-PT103191\u00a0 Filtration \u00e0 quatre niveaux: Le syst\u00e8me de filtration \u00e0 quatre niveaux de ProTeam offre une protection avanc\u00e9e contre<\/p>\n","protected":false},"featured_media":25582,"comment_status":"closed","ping_status":"closed","template":"","meta":[],"product_brand":[],"product_cat":[143,424],"product_tag":[],"class_list":{"0":"post-25583","1":"product","2":"type-product","3":"status-publish","4":"has-post-thumbnail","6":"product_cat-accessoires","7":"product_cat-accessoires-daspirateurs-sacs-et-filtres","8":"product_shipping_class-standard","10":"first","11":"instock","12":"taxable","13":"shipping-taxable","14":"purchasable","15":"product-type-simple"},"yoast_head":"<!-- This site is optimized with the Yoast SEO plugin v27.4 - https:\/\/yoast.com\/product\/yoast-seo-wordpress\/ -->\n<title>SAC ASPI PROTEAM INTERCEPT EVEREST \/10 SACS  A | Pla-M Distributions<\/title>\n<meta name=\"robots\" content=\"index, follow, max-snippet:-1, max-image-preview:large, max-video-preview:-1\" \/>\n<link rel=\"canonical\" href=\"https:\/\/plamdistributions.com\/en\/produit\/sac-aspirateur-proteam-intercept-everest-10-sacs\/\" \/>\n<meta property=\"og:locale\" content=\"en_US\" \/>\n<meta property=\"og:type\" content=\"article\" \/>\n<meta property=\"og:title\" content=\"SAC ASPI PROTEAM INTERCEPT EVEREST \/10 SACS  A | Pla-M Distributions\" \/>\n<meta property=\"og:description\" content=\"Code: SAD-PT103191\u00a0 Filtration \u00e0 quatre niveaux: Le syst\u00e8me de filtration \u00e0 quatre niveaux de ProTeam offre une protection avanc\u00e9e contre\" \/>\n<meta property=\"og:url\" content=\"https:\/\/plamdistributions.com\/en\/produit\/sac-aspirateur-proteam-intercept-everest-10-sacs\/\" \/>\n<meta property=\"og:site_name\" content=\"Pla-M Distributions\" \/>\n<meta property=\"article:publisher\" content=\"https:\/\/www.facebook.com\/displam\/\" \/>\n<meta property=\"article:modified_time\" content=\"2026-04-08T12:15:43+00:00\" \/>\n<meta property=\"og:image\" content=\"https:\/\/plamdistributions.com\/wp-content\/uploads\/2021\/05\/SAD-PT103191.jpg\" \/>\n\t<meta property=\"og:image:width\" content=\"600\" \/>\n\t<meta property=\"og:image:height\" content=\"600\" \/>\n\t<meta property=\"og:image:type\" content=\"image\/jpeg\" \/>\n<meta name=\"twitter:card\" content=\"summary_large_image\" \/>\n<meta name=\"twitter:site\" content=\"@Displam\" \/>\n<script type=\"application\/ld+json\" class=\"yoast-schema-graph\">{\"@context\":\"https:\\\/\\\/schema.org\",\"@graph\":[{\"@type\":\"WebPage\",\"@id\":\"https:\\\/\\\/plamdistributions.com\\\/en\\\/produit\\\/sac-aspirateur-proteam-intercept-everest-10-sacs\\\/\",\"url\":\"https:\\\/\\\/plamdistributions.com\\\/en\\\/produit\\\/sac-aspirateur-proteam-intercept-everest-10-sacs\\\/\",\"name\":\"SAC ASPI PROTEAM INTERCEPT EVEREST \\\/10 SACS A | Pla-M Distributions\",\"isPartOf\":{\"@id\":\"https:\\\/\\\/plamdistributions.com\\\/#website\"},\"primaryImageOfPage\":{\"@id\":\"https:\\\/\\\/plamdistributions.com\\\/en\\\/produit\\\/sac-aspirateur-proteam-intercept-everest-10-sacs\\\/#primaryimage\"},\"image\":{\"@id\":\"https:\\\/\\\/plamdistributions.com\\\/en\\\/produit\\\/sac-aspirateur-proteam-intercept-everest-10-sacs\\\/#primaryimage\"},\"thumbnailUrl\":\"https:\\\/\\\/plamdistributions.com\\\/wp-content\\\/uploads\\\/2021\\\/05\\\/SAD-PT103191.jpg\",\"datePublished\":\"2021-05-21T18:56:56+00:00\",\"dateModified\":\"2026-04-08T12:15:43+00:00\",\"breadcrumb\":{\"@id\":\"https:\\\/\\\/plamdistributions.com\\\/en\\\/produit\\\/sac-aspirateur-proteam-intercept-everest-10-sacs\\\/#breadcrumb\"},\"inLanguage\":\"en-US\",\"potentialAction\":[{\"@type\":\"ReadAction\",\"target\":[\"https:\\\/\\\/plamdistributions.com\\\/en\\\/produit\\\/sac-aspirateur-proteam-intercept-everest-10-sacs\\\/\"]}]},{\"@type\":\"ImageObject\",\"inLanguage\":\"en-US\",\"@id\":\"https:\\\/\\\/plamdistributions.com\\\/en\\\/produit\\\/sac-aspirateur-proteam-intercept-everest-10-sacs\\\/#primaryimage\",\"url\":\"https:\\\/\\\/plamdistributions.com\\\/wp-content\\\/uploads\\\/2021\\\/05\\\/SAD-PT103191.jpg\",\"contentUrl\":\"https:\\\/\\\/plamdistributions.com\\\/wp-content\\\/uploads\\\/2021\\\/05\\\/SAD-PT103191.jpg\",\"width\":600,\"height\":600},{\"@type\":\"BreadcrumbList\",\"@id\":\"https:\\\/\\\/plamdistributions.com\\\/en\\\/produit\\\/sac-aspirateur-proteam-intercept-everest-10-sacs\\\/#breadcrumb\",\"itemListElement\":[{\"@type\":\"ListItem\",\"position\":1,\"name\":\"Accueil\",\"item\":\"https:\\\/\\\/plamdistributions.com\\\/en\\\/\"},{\"@type\":\"ListItem\",\"position\":2,\"name\":\"Shop\",\"item\":\"https:\\\/\\\/plamdistributions.com\\\/en\\\/shop\\\/\"},{\"@type\":\"ListItem\",\"position\":3,\"name\":\"SAC ASPI PROTEAM INTERCEPT EVEREST \\\/10 SACS A\"}]},{\"@type\":\"WebSite\",\"@id\":\"https:\\\/\\\/plamdistributions.com\\\/#website\",\"url\":\"https:\\\/\\\/plamdistributions.com\\\/\",\"name\":\"Distributions Pla-M Inc.\",\"description\":\"Sale of sanitary products and equipment\",\"publisher\":{\"@id\":\"https:\\\/\\\/plamdistributions.com\\\/#organization\"},\"potentialAction\":[{\"@type\":\"SearchAction\",\"target\":{\"@type\":\"EntryPoint\",\"urlTemplate\":\"https:\\\/\\\/plamdistributions.com\\\/?s={search_term_string}\"},\"query-input\":{\"@type\":\"PropertyValueSpecification\",\"valueRequired\":true,\"valueName\":\"search_term_string\"}}],\"inLanguage\":\"en-US\"},{\"@type\":\"Organization\",\"@id\":\"https:\\\/\\\/plamdistributions.com\\\/#organization\",\"name\":\"Distributions Pla-M\",\"url\":\"https:\\\/\\\/plamdistributions.com\\\/\",\"logo\":{\"@type\":\"ImageObject\",\"inLanguage\":\"en-US\",\"@id\":\"https:\\\/\\\/plamdistributions.com\\\/#\\\/schema\\\/logo\\\/image\\\/\",\"url\":\"https:\\\/\\\/plamdistributions.com\\\/wp-content\\\/uploads\\\/2021\\\/05\\\/PLAM-SANS.png\",\"contentUrl\":\"https:\\\/\\\/plamdistributions.com\\\/wp-content\\\/uploads\\\/2021\\\/05\\\/PLAM-SANS.png\",\"width\":289,\"height\":224,\"caption\":\"Distributions Pla-M\"},\"image\":{\"@id\":\"https:\\\/\\\/plamdistributions.com\\\/#\\\/schema\\\/logo\\\/image\\\/\"},\"sameAs\":[\"https:\\\/\\\/www.facebook.com\\\/displam\\\/\",\"https:\\\/\\\/x.com\\\/Displam\",\"https:\\\/\\\/www.youtube.com\\\/channel\\\/UCHmm3HCGnpGuaQ984quISDg\"]}]}<\/script>\n<!-- \/ Yoast SEO plugin. -->","yoast_head_json":{"title":"SAC ASPI PROTEAM INTERCEPT EVEREST \/10 SACS  A | Pla-M Distributions","robots":{"index":"index","follow":"follow","max-snippet":"max-snippet:-1","max-image-preview":"max-image-preview:large","max-video-preview":"max-video-preview:-1"},"canonical":"https:\/\/plamdistributions.com\/en\/produit\/sac-aspirateur-proteam-intercept-everest-10-sacs\/","og_locale":"en_US","og_type":"article","og_title":"SAC ASPI PROTEAM INTERCEPT EVEREST \/10 SACS  A | Pla-M Distributions","og_description":"Code: SAD-PT103191\u00a0 Filtration \u00e0 quatre niveaux: Le syst\u00e8me de filtration \u00e0 quatre niveaux de ProTeam offre une protection avanc\u00e9e contre","og_url":"https:\/\/plamdistributions.com\/en\/produit\/sac-aspirateur-proteam-intercept-everest-10-sacs\/","og_site_name":"Pla-M Distributions","article_publisher":"https:\/\/www.facebook.com\/displam\/","article_modified_time":"2026-04-08T12:15:43+00:00","og_image":[{"width":600,"height":600,"url":"https:\/\/plamdistributions.com\/wp-content\/uploads\/2021\/05\/SAD-PT103191.jpg","type":"image\/jpeg"}],"twitter_card":"summary_large_image","twitter_site":"@Displam","schema":{"@context":"https:\/\/schema.org","@graph":[{"@type":"WebPage","@id":"https:\/\/plamdistributions.com\/en\/produit\/sac-aspirateur-proteam-intercept-everest-10-sacs\/","url":"https:\/\/plamdistributions.com\/en\/produit\/sac-aspirateur-proteam-intercept-everest-10-sacs\/","name":"SAC ASPI PROTEAM INTERCEPT EVEREST \/10 SACS A | Pla-M Distributions","isPartOf":{"@id":"https:\/\/plamdistributions.com\/#website"},"primaryImageOfPage":{"@id":"https:\/\/plamdistributions.com\/en\/produit\/sac-aspirateur-proteam-intercept-everest-10-sacs\/#primaryimage"},"image":{"@id":"https:\/\/plamdistributions.com\/en\/produit\/sac-aspirateur-proteam-intercept-everest-10-sacs\/#primaryimage"},"thumbnailUrl":"https:\/\/plamdistributions.com\/wp-content\/uploads\/2021\/05\/SAD-PT103191.jpg","datePublished":"2021-05-21T18:56:56+00:00","dateModified":"2026-04-08T12:15:43+00:00","breadcrumb":{"@id":"https:\/\/plamdistributions.com\/en\/produit\/sac-aspirateur-proteam-intercept-everest-10-sacs\/#breadcrumb"},"inLanguage":"en-US","potentialAction":[{"@type":"ReadAction","target":["https:\/\/plamdistributions.com\/en\/produit\/sac-aspirateur-proteam-intercept-everest-10-sacs\/"]}]},{"@type":"ImageObject","inLanguage":"en-US","@id":"https:\/\/plamdistributions.com\/en\/produit\/sac-aspirateur-proteam-intercept-everest-10-sacs\/#primaryimage","url":"https:\/\/plamdistributions.com\/wp-content\/uploads\/2021\/05\/SAD-PT103191.jpg","contentUrl":"https:\/\/plamdistributions.com\/wp-content\/uploads\/2021\/05\/SAD-PT103191.jpg","width":600,"height":600},{"@type":"BreadcrumbList","@id":"https:\/\/plamdistributions.com\/en\/produit\/sac-aspirateur-proteam-intercept-everest-10-sacs\/#breadcrumb","itemListElement":[{"@type":"ListItem","position":1,"name":"Accueil","item":"https:\/\/plamdistributions.com\/en\/"},{"@type":"ListItem","position":2,"name":"Shop","item":"https:\/\/plamdistributions.com\/en\/shop\/"},{"@type":"ListItem","position":3,"name":"SAC ASPI PROTEAM INTERCEPT EVEREST \/10 SACS A"}]},{"@type":"WebSite","@id":"https:\/\/plamdistributions.com\/#website","url":"https:\/\/plamdistributions.com\/","name":"Distributions Pla-M Inc.","description":"Sale of sanitary products and equipment","publisher":{"@id":"https:\/\/plamdistributions.com\/#organization"},"potentialAction":[{"@type":"SearchAction","target":{"@type":"EntryPoint","urlTemplate":"https:\/\/plamdistributions.com\/?s={search_term_string}"},"query-input":{"@type":"PropertyValueSpecification","valueRequired":true,"valueName":"search_term_string"}}],"inLanguage":"en-US"},{"@type":"Organization","@id":"https:\/\/plamdistributions.com\/#organization","name":"Distributions Pla-M","url":"https:\/\/plamdistributions.com\/","logo":{"@type":"ImageObject","inLanguage":"en-US","@id":"https:\/\/plamdistributions.com\/#\/schema\/logo\/image\/","url":"https:\/\/plamdistributions.com\/wp-content\/uploads\/2021\/05\/PLAM-SANS.png","contentUrl":"https:\/\/plamdistributions.com\/wp-content\/uploads\/2021\/05\/PLAM-SANS.png","width":289,"height":224,"caption":"Distributions Pla-M"},"image":{"@id":"https:\/\/plamdistributions.com\/#\/schema\/logo\/image\/"},"sameAs":["https:\/\/www.facebook.com\/displam\/","https:\/\/x.com\/Displam","https:\/\/www.youtube.com\/channel\/UCHmm3HCGnpGuaQ984quISDg"]}]}},"_links":{"self":[{"href":"https:\/\/plamdistributions.com\/en\/wp-json\/wp\/v2\/product\/25583","targetHints":{"allow":["GET"]}}],"collection":[{"href":"https:\/\/plamdistributions.com\/en\/wp-json\/wp\/v2\/product"}],"about":[{"href":"https:\/\/plamdistributions.com\/en\/wp-json\/wp\/v2\/types\/product"}],"replies":[{"embeddable":true,"href":"https:\/\/plamdistributions.com\/en\/wp-json\/wp\/v2\/comments?post=25583"}],"wp:featuredmedia":[{"embeddable":true,"href":"https:\/\/plamdistributions.com\/en\/wp-json\/wp\/v2\/media\/25582"}],"wp:attachment":[{"href":"https:\/\/plamdistributions.com\/en\/wp-json\/wp\/v2\/media?parent=25583"}],"wp:term":[{"taxonomy":"product_brand","embeddable":true,"href":"https:\/\/plamdistributions.com\/en\/wp-json\/wp\/v2\/product_brand?post=25583"},{"taxonomy":"product_cat","embeddable":true,"href":"https:\/\/plamdistributions.com\/en\/wp-json\/wp\/v2\/product_cat?post=25583"},{"taxonomy":"product_tag","embeddable":true,"href":"https:\/\/plamdistributions.com\/en\/wp-json\/wp\/v2\/product_tag?post=25583"}],"curies":[{"name":"wp","href":"https:\/\/api.w.org\/{rel}","templated":true}]}}