{"id":25626,"date":"2021-05-21T14:57:21","date_gmt":"2021-05-21T18:57:21","guid":{"rendered":"https:\/\/plamdistributions.com\/produit\/savon-mousse-cartouche-tork-1000ml-x-6\/"},"modified":"2024-08-29T13:58:43","modified_gmt":"2024-08-29T17:58:43","slug":"savon-mousse-cartouche-tork-1000ml-x-6","status":"publish","type":"product","link":"https:\/\/plamdistributions.com\/en\/produit\/savon-mousse-cartouche-tork-1000ml-x-6\/","title":{"rendered":"SAVON MOUSSE CARTOUCHE TORK 6X 1000ML (401811)"},"content":{"rendered":"<p><strong>Code: SM-TK401211<\/strong><\/p>\n<p><strong>\u2713 Ecologo\u00a0 \u00a0\u2713 Jusqu&#8217;\u00e0 2500 doses<\/strong><\/p>\n<p>Le savon mousse extra-doux Tork est id\u00e9al pour le lavage des mains au quotidien dans les \u00e9coles, les restaurants, les \u00e9tablissements de soins longue dur\u00e9e et les autres \u00e9tablissements de services. Notre nouvelle formule de qualit\u00e9 sup\u00e9rieure b\u00e9n\u00e9ficie de trois certifications, garantissant le caract\u00e8re \u00e9cologique de ce produit de soin de la peau, sans colorants, sans parfums et sans gluten. Produit compatible avec les distributeurs de savon et d\u00e9sinfectant de soin de la peau Tork, se distinguant par une conception conviviale \u00e9prouv\u00e9e, favorable \u00e0 l&#8217;hygi\u00e8ne des mains de tous les visiteurs. Ingr\u00e9dients doux pour la peau, ayant fait l&#8217;objet de tests dermatologiques. Un choix id\u00e9al pour les mains lav\u00e9es fr\u00e9quemment. Grande capacit\u00e9 : permet de distribuer jusqu&#8217;\u00e0 2 500 doses, avec contr\u00f4le des quantit\u00e9s pr\u00e9venant les gaspillages. Se remplit en 3 secondes ; \u00ab chargez et pompez \u00bb. Flacon en plastique recyclable s&#8217;\u00e9crasant sur lui-m\u00eame, r\u00e9duisant le volume de d\u00e9chet de 70 %, ce qui constitue un avantage pour l&#8217;environnement et pour votre image. Certification ECOLOGO\u00ae et Green Seal\u2122. Produit certifi\u00e9 NSF P1 et Sant\u00e9 Canada<\/p>\n<p><strong>\u2713 Fabricant: Tork<\/strong><\/p>\n","protected":false},"excerpt":{"rendered":"<p>Code: SM-TK401211 \u2713 Ecologo\u00a0 \u00a0\u2713 Jusqu&#8217;\u00e0 2500 doses Le savon mousse extra-doux Tork est id\u00e9al pour le lavage des mains<\/p>\n","protected":false},"featured_media":25624,"comment_status":"closed","ping_status":"closed","template":"","meta":[],"product_brand":[],"product_cat":[62,104],"product_tag":[],"class_list":{"0":"post-25626","1":"product","2":"type-product","3":"status-publish","4":"has-post-thumbnail","6":"product_cat-produits-dentretien-menager","7":"product_cat-soins-de-la-peau","8":"product_shipping_class-standard","10":"first","11":"outofstock","12":"taxable","13":"shipping-taxable","14":"purchasable","15":"product-type-simple"},"yoast_head":"<!-- This site is optimized with the Yoast SEO plugin v27.4 - https:\/\/yoast.com\/product\/yoast-seo-wordpress\/ -->\n<title>SAVON MOUSSE CARTOUCHE TORK 6X 1000ML (401811) | Pla-M Distributions<\/title>\n<meta name=\"robots\" content=\"index, follow, max-snippet:-1, max-image-preview:large, max-video-preview:-1\" \/>\n<link rel=\"canonical\" href=\"https:\/\/plamdistributions.com\/produit\/savon-mousse-cartouche-tork-1000ml-x-6\/\" \/>\n<meta property=\"og:locale\" content=\"en_US\" \/>\n<meta property=\"og:type\" content=\"article\" \/>\n<meta property=\"og:title\" content=\"SAVON MOUSSE CARTOUCHE TORK 6X 1000ML (401811) | Pla-M Distributions\" \/>\n<meta property=\"og:description\" content=\"Code: SM-TK401211 \u2713 Ecologo\u00a0 \u00a0\u2713 Jusqu&#8217;\u00e0 2500 doses Le savon mousse extra-doux Tork est id\u00e9al pour le lavage des mains\" \/>\n<meta property=\"og:url\" content=\"https:\/\/plamdistributions.com\/produit\/savon-mousse-cartouche-tork-1000ml-x-6\/\" \/>\n<meta property=\"og:site_name\" content=\"Pla-M Distributions\" \/>\n<meta property=\"article:publisher\" content=\"https:\/\/www.facebook.com\/displam\/\" \/>\n<meta property=\"article:modified_time\" content=\"2024-08-29T17:58:43+00:00\" \/>\n<meta property=\"og:image\" content=\"https:\/\/plamdistributions.com\/wp-content\/uploads\/2021\/05\/SM-TK401211.jpg\" \/>\n\t<meta property=\"og:image:width\" content=\"600\" \/>\n\t<meta property=\"og:image:height\" content=\"600\" \/>\n\t<meta property=\"og:image:type\" content=\"image\/jpeg\" \/>\n<meta name=\"twitter:card\" content=\"summary_large_image\" \/>\n<meta name=\"twitter:site\" content=\"@Displam\" \/>\n<meta name=\"twitter:label1\" content=\"Est. reading time\" \/>\n\t<meta name=\"twitter:data1\" content=\"1 minute\" \/>\n<script type=\"application\/ld+json\" class=\"yoast-schema-graph\">{\"@context\":\"https:\\\/\\\/schema.org\",\"@graph\":[{\"@type\":\"WebPage\",\"@id\":\"https:\\\/\\\/plamdistributions.com\\\/produit\\\/savon-mousse-cartouche-tork-1000ml-x-6\\\/\",\"url\":\"https:\\\/\\\/plamdistributions.com\\\/produit\\\/savon-mousse-cartouche-tork-1000ml-x-6\\\/\",\"name\":\"SAVON MOUSSE CARTOUCHE TORK 6X 1000ML (401811) | Pla-M Distributions\",\"isPartOf\":{\"@id\":\"https:\\\/\\\/plamdistributions.com\\\/#website\"},\"primaryImageOfPage\":{\"@id\":\"https:\\\/\\\/plamdistributions.com\\\/produit\\\/savon-mousse-cartouche-tork-1000ml-x-6\\\/#primaryimage\"},\"image\":{\"@id\":\"https:\\\/\\\/plamdistributions.com\\\/produit\\\/savon-mousse-cartouche-tork-1000ml-x-6\\\/#primaryimage\"},\"thumbnailUrl\":\"https:\\\/\\\/plamdistributions.com\\\/wp-content\\\/uploads\\\/2021\\\/05\\\/SM-TK401211.jpg\",\"datePublished\":\"2021-05-21T18:57:21+00:00\",\"dateModified\":\"2024-08-29T17:58:43+00:00\",\"breadcrumb\":{\"@id\":\"https:\\\/\\\/plamdistributions.com\\\/produit\\\/savon-mousse-cartouche-tork-1000ml-x-6\\\/#breadcrumb\"},\"inLanguage\":\"en-US\",\"potentialAction\":[{\"@type\":\"ReadAction\",\"target\":[\"https:\\\/\\\/plamdistributions.com\\\/produit\\\/savon-mousse-cartouche-tork-1000ml-x-6\\\/\"]}]},{\"@type\":\"ImageObject\",\"inLanguage\":\"en-US\",\"@id\":\"https:\\\/\\\/plamdistributions.com\\\/produit\\\/savon-mousse-cartouche-tork-1000ml-x-6\\\/#primaryimage\",\"url\":\"https:\\\/\\\/plamdistributions.com\\\/wp-content\\\/uploads\\\/2021\\\/05\\\/SM-TK401211.jpg\",\"contentUrl\":\"https:\\\/\\\/plamdistributions.com\\\/wp-content\\\/uploads\\\/2021\\\/05\\\/SM-TK401211.jpg\",\"width\":600,\"height\":600},{\"@type\":\"BreadcrumbList\",\"@id\":\"https:\\\/\\\/plamdistributions.com\\\/produit\\\/savon-mousse-cartouche-tork-1000ml-x-6\\\/#breadcrumb\",\"itemListElement\":[{\"@type\":\"ListItem\",\"position\":1,\"name\":\"Accueil\",\"item\":\"https:\\\/\\\/plamdistributions.com\\\/en\\\/\"},{\"@type\":\"ListItem\",\"position\":2,\"name\":\"Shop\",\"item\":\"https:\\\/\\\/plamdistributions.com\\\/en\\\/shop\\\/\"},{\"@type\":\"ListItem\",\"position\":3,\"name\":\"SAVON MOUSSE CARTOUCHE TORK 6X 1000ML (401811)\"}]},{\"@type\":\"WebSite\",\"@id\":\"https:\\\/\\\/plamdistributions.com\\\/#website\",\"url\":\"https:\\\/\\\/plamdistributions.com\\\/\",\"name\":\"Distributions Pla-M Inc.\",\"description\":\"Sale of sanitary products and equipment\",\"publisher\":{\"@id\":\"https:\\\/\\\/plamdistributions.com\\\/#organization\"},\"potentialAction\":[{\"@type\":\"SearchAction\",\"target\":{\"@type\":\"EntryPoint\",\"urlTemplate\":\"https:\\\/\\\/plamdistributions.com\\\/?s={search_term_string}\"},\"query-input\":{\"@type\":\"PropertyValueSpecification\",\"valueRequired\":true,\"valueName\":\"search_term_string\"}}],\"inLanguage\":\"en-US\"},{\"@type\":\"Organization\",\"@id\":\"https:\\\/\\\/plamdistributions.com\\\/#organization\",\"name\":\"Distributions Pla-M\",\"url\":\"https:\\\/\\\/plamdistributions.com\\\/\",\"logo\":{\"@type\":\"ImageObject\",\"inLanguage\":\"en-US\",\"@id\":\"https:\\\/\\\/plamdistributions.com\\\/#\\\/schema\\\/logo\\\/image\\\/\",\"url\":\"https:\\\/\\\/plamdistributions.com\\\/wp-content\\\/uploads\\\/2021\\\/05\\\/PLAM-SANS.png\",\"contentUrl\":\"https:\\\/\\\/plamdistributions.com\\\/wp-content\\\/uploads\\\/2021\\\/05\\\/PLAM-SANS.png\",\"width\":289,\"height\":224,\"caption\":\"Distributions Pla-M\"},\"image\":{\"@id\":\"https:\\\/\\\/plamdistributions.com\\\/#\\\/schema\\\/logo\\\/image\\\/\"},\"sameAs\":[\"https:\\\/\\\/www.facebook.com\\\/displam\\\/\",\"https:\\\/\\\/x.com\\\/Displam\",\"https:\\\/\\\/www.youtube.com\\\/channel\\\/UCHmm3HCGnpGuaQ984quISDg\"]}]}<\/script>\n<!-- \/ Yoast SEO plugin. -->","yoast_head_json":{"title":"SAVON MOUSSE CARTOUCHE TORK 6X 1000ML (401811) | Pla-M Distributions","robots":{"index":"index","follow":"follow","max-snippet":"max-snippet:-1","max-image-preview":"max-image-preview:large","max-video-preview":"max-video-preview:-1"},"canonical":"https:\/\/plamdistributions.com\/produit\/savon-mousse-cartouche-tork-1000ml-x-6\/","og_locale":"en_US","og_type":"article","og_title":"SAVON MOUSSE CARTOUCHE TORK 6X 1000ML (401811) | Pla-M Distributions","og_description":"Code: SM-TK401211 \u2713 Ecologo\u00a0 \u00a0\u2713 Jusqu&#8217;\u00e0 2500 doses Le savon mousse extra-doux Tork est id\u00e9al pour le lavage des mains","og_url":"https:\/\/plamdistributions.com\/produit\/savon-mousse-cartouche-tork-1000ml-x-6\/","og_site_name":"Pla-M Distributions","article_publisher":"https:\/\/www.facebook.com\/displam\/","article_modified_time":"2024-08-29T17:58:43+00:00","og_image":[{"width":600,"height":600,"url":"https:\/\/plamdistributions.com\/wp-content\/uploads\/2021\/05\/SM-TK401211.jpg","type":"image\/jpeg"}],"twitter_card":"summary_large_image","twitter_site":"@Displam","twitter_misc":{"Est. reading time":"1 minute"},"schema":{"@context":"https:\/\/schema.org","@graph":[{"@type":"WebPage","@id":"https:\/\/plamdistributions.com\/produit\/savon-mousse-cartouche-tork-1000ml-x-6\/","url":"https:\/\/plamdistributions.com\/produit\/savon-mousse-cartouche-tork-1000ml-x-6\/","name":"SAVON MOUSSE CARTOUCHE TORK 6X 1000ML (401811) | Pla-M Distributions","isPartOf":{"@id":"https:\/\/plamdistributions.com\/#website"},"primaryImageOfPage":{"@id":"https:\/\/plamdistributions.com\/produit\/savon-mousse-cartouche-tork-1000ml-x-6\/#primaryimage"},"image":{"@id":"https:\/\/plamdistributions.com\/produit\/savon-mousse-cartouche-tork-1000ml-x-6\/#primaryimage"},"thumbnailUrl":"https:\/\/plamdistributions.com\/wp-content\/uploads\/2021\/05\/SM-TK401211.jpg","datePublished":"2021-05-21T18:57:21+00:00","dateModified":"2024-08-29T17:58:43+00:00","breadcrumb":{"@id":"https:\/\/plamdistributions.com\/produit\/savon-mousse-cartouche-tork-1000ml-x-6\/#breadcrumb"},"inLanguage":"en-US","potentialAction":[{"@type":"ReadAction","target":["https:\/\/plamdistributions.com\/produit\/savon-mousse-cartouche-tork-1000ml-x-6\/"]}]},{"@type":"ImageObject","inLanguage":"en-US","@id":"https:\/\/plamdistributions.com\/produit\/savon-mousse-cartouche-tork-1000ml-x-6\/#primaryimage","url":"https:\/\/plamdistributions.com\/wp-content\/uploads\/2021\/05\/SM-TK401211.jpg","contentUrl":"https:\/\/plamdistributions.com\/wp-content\/uploads\/2021\/05\/SM-TK401211.jpg","width":600,"height":600},{"@type":"BreadcrumbList","@id":"https:\/\/plamdistributions.com\/produit\/savon-mousse-cartouche-tork-1000ml-x-6\/#breadcrumb","itemListElement":[{"@type":"ListItem","position":1,"name":"Accueil","item":"https:\/\/plamdistributions.com\/en\/"},{"@type":"ListItem","position":2,"name":"Shop","item":"https:\/\/plamdistributions.com\/en\/shop\/"},{"@type":"ListItem","position":3,"name":"SAVON MOUSSE CARTOUCHE TORK 6X 1000ML (401811)"}]},{"@type":"WebSite","@id":"https:\/\/plamdistributions.com\/#website","url":"https:\/\/plamdistributions.com\/","name":"Distributions Pla-M Inc.","description":"Sale of sanitary products and equipment","publisher":{"@id":"https:\/\/plamdistributions.com\/#organization"},"potentialAction":[{"@type":"SearchAction","target":{"@type":"EntryPoint","urlTemplate":"https:\/\/plamdistributions.com\/?s={search_term_string}"},"query-input":{"@type":"PropertyValueSpecification","valueRequired":true,"valueName":"search_term_string"}}],"inLanguage":"en-US"},{"@type":"Organization","@id":"https:\/\/plamdistributions.com\/#organization","name":"Distributions Pla-M","url":"https:\/\/plamdistributions.com\/","logo":{"@type":"ImageObject","inLanguage":"en-US","@id":"https:\/\/plamdistributions.com\/#\/schema\/logo\/image\/","url":"https:\/\/plamdistributions.com\/wp-content\/uploads\/2021\/05\/PLAM-SANS.png","contentUrl":"https:\/\/plamdistributions.com\/wp-content\/uploads\/2021\/05\/PLAM-SANS.png","width":289,"height":224,"caption":"Distributions Pla-M"},"image":{"@id":"https:\/\/plamdistributions.com\/#\/schema\/logo\/image\/"},"sameAs":["https:\/\/www.facebook.com\/displam\/","https:\/\/x.com\/Displam","https:\/\/www.youtube.com\/channel\/UCHmm3HCGnpGuaQ984quISDg"]}]}},"_links":{"self":[{"href":"https:\/\/plamdistributions.com\/en\/wp-json\/wp\/v2\/product\/25626","targetHints":{"allow":["GET"]}}],"collection":[{"href":"https:\/\/plamdistributions.com\/en\/wp-json\/wp\/v2\/product"}],"about":[{"href":"https:\/\/plamdistributions.com\/en\/wp-json\/wp\/v2\/types\/product"}],"replies":[{"embeddable":true,"href":"https:\/\/plamdistributions.com\/en\/wp-json\/wp\/v2\/comments?post=25626"}],"wp:featuredmedia":[{"embeddable":true,"href":"https:\/\/plamdistributions.com\/en\/wp-json\/wp\/v2\/media\/25624"}],"wp:attachment":[{"href":"https:\/\/plamdistributions.com\/en\/wp-json\/wp\/v2\/media?parent=25626"}],"wp:term":[{"taxonomy":"product_brand","embeddable":true,"href":"https:\/\/plamdistributions.com\/en\/wp-json\/wp\/v2\/product_brand?post=25626"},{"taxonomy":"product_cat","embeddable":true,"href":"https:\/\/plamdistributions.com\/en\/wp-json\/wp\/v2\/product_cat?post=25626"},{"taxonomy":"product_tag","embeddable":true,"href":"https:\/\/plamdistributions.com\/en\/wp-json\/wp\/v2\/product_tag?post=25626"}],"curies":[{"name":"wp","href":"https:\/\/api.w.org\/{rel}","templated":true}]}}