{"id":25836,"date":"2021-05-21T14:59:09","date_gmt":"2021-05-21T18:59:09","guid":{"rendered":"https:\/\/plamdistributions.com\/produit\/thermothane-scellant-ceramique-et-ciment\/"},"modified":"2024-01-17T12:32:08","modified_gmt":"2024-01-17T16:32:08","slug":"thermothane-scellant-ceramique-et-ciment","status":"publish","type":"product","link":"https:\/\/plamdistributions.com\/en\/produit\/thermothane-scellant-ceramique-et-ciment\/","title":{"rendered":"THERMOTHANE scellant c\u00e9ramique et ciment"},"content":{"rendered":"<p><strong>Code: THERMOTHANE<\/strong><\/p>\n<p>THERMOTHANE est un scellant thermoplastique-ur\u00e9thane aqueux, sp\u00e9ciale ment formul\u00e9 pour prot\u00e9ger les surfaces int\u00e9rieures non-r\u00e9silientes telles que le ciment, la tuile de terre cuite, la tuile mexicaine, la tuile non-glac\u00e9e, l\u2019ardoise et autres. THERMOTHANE ne contient aucun solvant, il est inodore, s\u00e8che rapidement et est antid\u00e9rapant. Ce scellant aqueux \u00e0 \u00e9mulsion, est utilis\u00e9 pour usage industriel et institutionnel et lorsque la durabilit\u00e9 et la r\u00e9sistance aux produits chimiques, \u00e0 l\u2019eau et au jaunissement sont les propri\u00e9t\u00e9s essentielles recherch\u00e9es.<\/p>\n<p><strong>\u2713\u00a0 Fabricant: Avmor<\/strong><\/p>\n","protected":false},"excerpt":{"rendered":"<p>Code: THERMOTHANE THERMOTHANE est un scellant thermoplastique-ur\u00e9thane aqueux, sp\u00e9ciale ment formul\u00e9 pour prot\u00e9ger les surfaces int\u00e9rieures non-r\u00e9silientes telles que le<\/p>\n","protected":false},"featured_media":25835,"comment_status":"closed","ping_status":"closed","template":"","meta":[],"product_brand":[],"product_cat":[62,110],"product_tag":[],"class_list":{"0":"post-25836","1":"product","2":"type-product","3":"status-publish","4":"has-post-thumbnail","6":"product_cat-produits-dentretien-menager","7":"product_cat-produits-pour-planchers","8":"product_shipping_class-standard","10":"first","11":"onbackorder","12":"taxable","13":"shipping-taxable","14":"purchasable","15":"product-type-variable"},"yoast_head":"<!-- This site is optimized with the Yoast SEO plugin v27.4 - https:\/\/yoast.com\/product\/yoast-seo-wordpress\/ -->\n<title>THERMOTHANE scellant c\u00e9ramique et ciment | Pla-M Distributions<\/title>\n<meta name=\"robots\" content=\"index, follow, max-snippet:-1, max-image-preview:large, max-video-preview:-1\" \/>\n<link rel=\"canonical\" href=\"https:\/\/plamdistributions.com\/en\/produit\/thermothane-scellant-ceramique-et-ciment\/\" \/>\n<meta property=\"og:locale\" content=\"en_US\" \/>\n<meta property=\"og:type\" content=\"article\" \/>\n<meta property=\"og:title\" content=\"THERMOTHANE scellant c\u00e9ramique et ciment | Pla-M Distributions\" \/>\n<meta property=\"og:description\" content=\"Code: THERMOTHANE THERMOTHANE est un scellant thermoplastique-ur\u00e9thane aqueux, sp\u00e9ciale ment formul\u00e9 pour prot\u00e9ger les surfaces int\u00e9rieures non-r\u00e9silientes telles que le\" \/>\n<meta property=\"og:url\" content=\"https:\/\/plamdistributions.com\/en\/produit\/thermothane-scellant-ceramique-et-ciment\/\" \/>\n<meta property=\"og:site_name\" content=\"Pla-M Distributions\" \/>\n<meta property=\"article:publisher\" content=\"https:\/\/www.facebook.com\/displam\/\" \/>\n<meta property=\"article:modified_time\" content=\"2024-01-17T16:32:08+00:00\" \/>\n<meta property=\"og:image\" content=\"https:\/\/plamdistributions.com\/wp-content\/uploads\/2021\/05\/THERMOTHAN.jpg\" \/>\n\t<meta property=\"og:image:width\" content=\"510\" \/>\n\t<meta property=\"og:image:height\" content=\"510\" \/>\n\t<meta property=\"og:image:type\" content=\"image\/jpeg\" \/>\n<meta name=\"twitter:card\" content=\"summary_large_image\" \/>\n<meta name=\"twitter:site\" content=\"@Displam\" \/>\n<meta name=\"twitter:label1\" content=\"Est. reading time\" \/>\n\t<meta name=\"twitter:data1\" content=\"1 minute\" \/>\n<script type=\"application\/ld+json\" class=\"yoast-schema-graph\">{\"@context\":\"https:\\\/\\\/schema.org\",\"@graph\":[{\"@type\":\"WebPage\",\"@id\":\"https:\\\/\\\/plamdistributions.com\\\/en\\\/produit\\\/thermothane-scellant-ceramique-et-ciment\\\/\",\"url\":\"https:\\\/\\\/plamdistributions.com\\\/en\\\/produit\\\/thermothane-scellant-ceramique-et-ciment\\\/\",\"name\":\"THERMOTHANE scellant c\u00e9ramique et ciment | Pla-M Distributions\",\"isPartOf\":{\"@id\":\"https:\\\/\\\/plamdistributions.com\\\/#website\"},\"primaryImageOfPage\":{\"@id\":\"https:\\\/\\\/plamdistributions.com\\\/en\\\/produit\\\/thermothane-scellant-ceramique-et-ciment\\\/#primaryimage\"},\"image\":{\"@id\":\"https:\\\/\\\/plamdistributions.com\\\/en\\\/produit\\\/thermothane-scellant-ceramique-et-ciment\\\/#primaryimage\"},\"thumbnailUrl\":\"https:\\\/\\\/plamdistributions.com\\\/wp-content\\\/uploads\\\/2021\\\/05\\\/THERMOTHAN.jpg\",\"datePublished\":\"2021-05-21T18:59:09+00:00\",\"dateModified\":\"2024-01-17T16:32:08+00:00\",\"breadcrumb\":{\"@id\":\"https:\\\/\\\/plamdistributions.com\\\/en\\\/produit\\\/thermothane-scellant-ceramique-et-ciment\\\/#breadcrumb\"},\"inLanguage\":\"en-US\",\"potentialAction\":[{\"@type\":\"ReadAction\",\"target\":[\"https:\\\/\\\/plamdistributions.com\\\/en\\\/produit\\\/thermothane-scellant-ceramique-et-ciment\\\/\"]}]},{\"@type\":\"ImageObject\",\"inLanguage\":\"en-US\",\"@id\":\"https:\\\/\\\/plamdistributions.com\\\/en\\\/produit\\\/thermothane-scellant-ceramique-et-ciment\\\/#primaryimage\",\"url\":\"https:\\\/\\\/plamdistributions.com\\\/wp-content\\\/uploads\\\/2021\\\/05\\\/THERMOTHAN.jpg\",\"contentUrl\":\"https:\\\/\\\/plamdistributions.com\\\/wp-content\\\/uploads\\\/2021\\\/05\\\/THERMOTHAN.jpg\",\"width\":510,\"height\":510,\"caption\":\"THERMOTHANE scellant c\u00e9ramique et ciment\"},{\"@type\":\"BreadcrumbList\",\"@id\":\"https:\\\/\\\/plamdistributions.com\\\/en\\\/produit\\\/thermothane-scellant-ceramique-et-ciment\\\/#breadcrumb\",\"itemListElement\":[{\"@type\":\"ListItem\",\"position\":1,\"name\":\"Accueil\",\"item\":\"https:\\\/\\\/plamdistributions.com\\\/en\\\/\"},{\"@type\":\"ListItem\",\"position\":2,\"name\":\"Shop\",\"item\":\"https:\\\/\\\/plamdistributions.com\\\/en\\\/shop\\\/\"},{\"@type\":\"ListItem\",\"position\":3,\"name\":\"THERMOTHANE scellant c\u00e9ramique et ciment\"}]},{\"@type\":\"WebSite\",\"@id\":\"https:\\\/\\\/plamdistributions.com\\\/#website\",\"url\":\"https:\\\/\\\/plamdistributions.com\\\/\",\"name\":\"Distributions Pla-M Inc.\",\"description\":\"Sale of sanitary products and equipment\",\"publisher\":{\"@id\":\"https:\\\/\\\/plamdistributions.com\\\/#organization\"},\"potentialAction\":[{\"@type\":\"SearchAction\",\"target\":{\"@type\":\"EntryPoint\",\"urlTemplate\":\"https:\\\/\\\/plamdistributions.com\\\/?s={search_term_string}\"},\"query-input\":{\"@type\":\"PropertyValueSpecification\",\"valueRequired\":true,\"valueName\":\"search_term_string\"}}],\"inLanguage\":\"en-US\"},{\"@type\":\"Organization\",\"@id\":\"https:\\\/\\\/plamdistributions.com\\\/#organization\",\"name\":\"Distributions Pla-M\",\"url\":\"https:\\\/\\\/plamdistributions.com\\\/\",\"logo\":{\"@type\":\"ImageObject\",\"inLanguage\":\"en-US\",\"@id\":\"https:\\\/\\\/plamdistributions.com\\\/#\\\/schema\\\/logo\\\/image\\\/\",\"url\":\"https:\\\/\\\/plamdistributions.com\\\/wp-content\\\/uploads\\\/2021\\\/05\\\/PLAM-SANS.png\",\"contentUrl\":\"https:\\\/\\\/plamdistributions.com\\\/wp-content\\\/uploads\\\/2021\\\/05\\\/PLAM-SANS.png\",\"width\":289,\"height\":224,\"caption\":\"Distributions Pla-M\"},\"image\":{\"@id\":\"https:\\\/\\\/plamdistributions.com\\\/#\\\/schema\\\/logo\\\/image\\\/\"},\"sameAs\":[\"https:\\\/\\\/www.facebook.com\\\/displam\\\/\",\"https:\\\/\\\/x.com\\\/Displam\",\"https:\\\/\\\/www.youtube.com\\\/channel\\\/UCHmm3HCGnpGuaQ984quISDg\"]}]}<\/script>\n<!-- \/ Yoast SEO plugin. -->","yoast_head_json":{"title":"THERMOTHANE scellant c\u00e9ramique et ciment | Pla-M Distributions","robots":{"index":"index","follow":"follow","max-snippet":"max-snippet:-1","max-image-preview":"max-image-preview:large","max-video-preview":"max-video-preview:-1"},"canonical":"https:\/\/plamdistributions.com\/en\/produit\/thermothane-scellant-ceramique-et-ciment\/","og_locale":"en_US","og_type":"article","og_title":"THERMOTHANE scellant c\u00e9ramique et ciment | Pla-M Distributions","og_description":"Code: THERMOTHANE THERMOTHANE est un scellant thermoplastique-ur\u00e9thane aqueux, sp\u00e9ciale ment formul\u00e9 pour prot\u00e9ger les surfaces int\u00e9rieures non-r\u00e9silientes telles que le","og_url":"https:\/\/plamdistributions.com\/en\/produit\/thermothane-scellant-ceramique-et-ciment\/","og_site_name":"Pla-M Distributions","article_publisher":"https:\/\/www.facebook.com\/displam\/","article_modified_time":"2024-01-17T16:32:08+00:00","og_image":[{"width":510,"height":510,"url":"https:\/\/plamdistributions.com\/wp-content\/uploads\/2021\/05\/THERMOTHAN.jpg","type":"image\/jpeg"}],"twitter_card":"summary_large_image","twitter_site":"@Displam","twitter_misc":{"Est. reading time":"1 minute"},"schema":{"@context":"https:\/\/schema.org","@graph":[{"@type":"WebPage","@id":"https:\/\/plamdistributions.com\/en\/produit\/thermothane-scellant-ceramique-et-ciment\/","url":"https:\/\/plamdistributions.com\/en\/produit\/thermothane-scellant-ceramique-et-ciment\/","name":"THERMOTHANE scellant c\u00e9ramique et ciment | Pla-M Distributions","isPartOf":{"@id":"https:\/\/plamdistributions.com\/#website"},"primaryImageOfPage":{"@id":"https:\/\/plamdistributions.com\/en\/produit\/thermothane-scellant-ceramique-et-ciment\/#primaryimage"},"image":{"@id":"https:\/\/plamdistributions.com\/en\/produit\/thermothane-scellant-ceramique-et-ciment\/#primaryimage"},"thumbnailUrl":"https:\/\/plamdistributions.com\/wp-content\/uploads\/2021\/05\/THERMOTHAN.jpg","datePublished":"2021-05-21T18:59:09+00:00","dateModified":"2024-01-17T16:32:08+00:00","breadcrumb":{"@id":"https:\/\/plamdistributions.com\/en\/produit\/thermothane-scellant-ceramique-et-ciment\/#breadcrumb"},"inLanguage":"en-US","potentialAction":[{"@type":"ReadAction","target":["https:\/\/plamdistributions.com\/en\/produit\/thermothane-scellant-ceramique-et-ciment\/"]}]},{"@type":"ImageObject","inLanguage":"en-US","@id":"https:\/\/plamdistributions.com\/en\/produit\/thermothane-scellant-ceramique-et-ciment\/#primaryimage","url":"https:\/\/plamdistributions.com\/wp-content\/uploads\/2021\/05\/THERMOTHAN.jpg","contentUrl":"https:\/\/plamdistributions.com\/wp-content\/uploads\/2021\/05\/THERMOTHAN.jpg","width":510,"height":510,"caption":"THERMOTHANE scellant c\u00e9ramique et ciment"},{"@type":"BreadcrumbList","@id":"https:\/\/plamdistributions.com\/en\/produit\/thermothane-scellant-ceramique-et-ciment\/#breadcrumb","itemListElement":[{"@type":"ListItem","position":1,"name":"Accueil","item":"https:\/\/plamdistributions.com\/en\/"},{"@type":"ListItem","position":2,"name":"Shop","item":"https:\/\/plamdistributions.com\/en\/shop\/"},{"@type":"ListItem","position":3,"name":"THERMOTHANE scellant c\u00e9ramique et ciment"}]},{"@type":"WebSite","@id":"https:\/\/plamdistributions.com\/#website","url":"https:\/\/plamdistributions.com\/","name":"Distributions Pla-M Inc.","description":"Sale of sanitary products and equipment","publisher":{"@id":"https:\/\/plamdistributions.com\/#organization"},"potentialAction":[{"@type":"SearchAction","target":{"@type":"EntryPoint","urlTemplate":"https:\/\/plamdistributions.com\/?s={search_term_string}"},"query-input":{"@type":"PropertyValueSpecification","valueRequired":true,"valueName":"search_term_string"}}],"inLanguage":"en-US"},{"@type":"Organization","@id":"https:\/\/plamdistributions.com\/#organization","name":"Distributions Pla-M","url":"https:\/\/plamdistributions.com\/","logo":{"@type":"ImageObject","inLanguage":"en-US","@id":"https:\/\/plamdistributions.com\/#\/schema\/logo\/image\/","url":"https:\/\/plamdistributions.com\/wp-content\/uploads\/2021\/05\/PLAM-SANS.png","contentUrl":"https:\/\/plamdistributions.com\/wp-content\/uploads\/2021\/05\/PLAM-SANS.png","width":289,"height":224,"caption":"Distributions Pla-M"},"image":{"@id":"https:\/\/plamdistributions.com\/#\/schema\/logo\/image\/"},"sameAs":["https:\/\/www.facebook.com\/displam\/","https:\/\/x.com\/Displam","https:\/\/www.youtube.com\/channel\/UCHmm3HCGnpGuaQ984quISDg"]}]}},"_links":{"self":[{"href":"https:\/\/plamdistributions.com\/en\/wp-json\/wp\/v2\/product\/25836","targetHints":{"allow":["GET"]}}],"collection":[{"href":"https:\/\/plamdistributions.com\/en\/wp-json\/wp\/v2\/product"}],"about":[{"href":"https:\/\/plamdistributions.com\/en\/wp-json\/wp\/v2\/types\/product"}],"replies":[{"embeddable":true,"href":"https:\/\/plamdistributions.com\/en\/wp-json\/wp\/v2\/comments?post=25836"}],"wp:featuredmedia":[{"embeddable":true,"href":"https:\/\/plamdistributions.com\/en\/wp-json\/wp\/v2\/media\/25835"}],"wp:attachment":[{"href":"https:\/\/plamdistributions.com\/en\/wp-json\/wp\/v2\/media?parent=25836"}],"wp:term":[{"taxonomy":"product_brand","embeddable":true,"href":"https:\/\/plamdistributions.com\/en\/wp-json\/wp\/v2\/product_brand?post=25836"},{"taxonomy":"product_cat","embeddable":true,"href":"https:\/\/plamdistributions.com\/en\/wp-json\/wp\/v2\/product_cat?post=25836"},{"taxonomy":"product_tag","embeddable":true,"href":"https:\/\/plamdistributions.com\/en\/wp-json\/wp\/v2\/product_tag?post=25836"}],"curies":[{"name":"wp","href":"https:\/\/api.w.org\/{rel}","templated":true}]}}