{"id":25946,"date":"2021-05-21T14:59:56","date_gmt":"2021-05-21T18:59:56","guid":{"rendered":"https:\/\/plamdistributions.com\/produit\/dissolvant-de-calcaire-et-rouille-aciersolve\/"},"modified":"2026-04-08T12:01:17","modified_gmt":"2026-04-08T16:01:17","slug":"dissolvant-de-calcaire-et-rouille-aciersolve","status":"publish","type":"product","link":"https:\/\/plamdistributions.com\/en\/produit\/dissolvant-de-calcaire-et-rouille-aciersolve\/","title":{"rendered":"Dissolvant de calcaire et rouille ACIERSOLVE"},"content":{"rendered":"<p><strong>Code: UNI NAC204\u00a0<\/strong><\/p>\n<h4 class=\"sous-titre\"><span class=\"badge bg-vert\">\u2713 Ultra concentr\u00e9<\/span>\u00a0<span class=\"badge bg-vert\">\u2713 Enl\u00e8ve rouille, calcaire et salet\u00e9<\/span><\/h4>\n<p class=\"text-justify\">ACIERSOLVE est un produit 100% biod\u00e9gradable utilis\u00e9 pour enlever les d\u00e9p\u00f4ts de calcaire ou taches de rouille dans les cafeti\u00e8res \u00e9lectriques, les humidificateurs, les baignoires, cuvettes, lavabos, sur la verrerie, porcelaine, tuiles et coulis naturels de douches, ciment, brique, stucco, acier inoxydable, chrome et m\u00e9taux. Il est \u00e9galement tr\u00e8s efficace pour nettoyer l\u2019aluminium et le cuivre oxyd\u00e9s ainsi que l\u2019oxydation sur les bornes de batterie.<\/p>\n<h3 class=\"page-header\">Plus:<\/h3>\n<ul>\n<li>Dissolvant \u00e0 poussi\u00e8re de rouille tr\u00e8s efficace, 100% biod\u00e9gradable \u00e0 l&#8217;eau.<\/li>\n<li>Nettoyant tr\u00e8s puissant pour l&#8217;aluminium, le vinyle et les tuiles.<\/li>\n<li>Se m\u00e9lange facilement dans l&#8217;eau dure ou douce, chaude ou froide.<\/li>\n<li>Permet de dissoudre facilement le calcaire.<\/li>\n<\/ul>\n<p><strong>\u2713 Fabricant: Unica Canada<\/strong><\/p>\n","protected":false},"excerpt":{"rendered":"<p>Code: UNI NAC204\u00a0 \u2713 Ultra concentr\u00e9\u00a0\u2713 Enl\u00e8ve rouille, calcaire et salet\u00e9 ACIERSOLVE est un produit 100% biod\u00e9gradable utilis\u00e9 pour enlever<\/p>\n","protected":false},"featured_media":25945,"comment_status":"closed","ping_status":"closed","template":"","meta":[],"product_brand":[],"product_cat":[62,109],"product_tag":[],"class_list":{"0":"post-25946","1":"product","2":"type-product","3":"status-publish","4":"has-post-thumbnail","6":"product_cat-produits-dentretien-menager","7":"product_cat-produits-pour-le-nettoyage-general","8":"product_shipping_class-standard","10":"first","11":"instock","12":"featured","13":"taxable","14":"shipping-taxable","15":"purchasable","16":"product-type-variable"},"yoast_head":"<!-- This site is optimized with the Yoast SEO plugin v27.4 - https:\/\/yoast.com\/product\/yoast-seo-wordpress\/ -->\n<title>Dissolvant de calcaire et rouille ACIERSOLVE | Pla-M Distributions<\/title>\n<meta name=\"robots\" content=\"index, follow, max-snippet:-1, max-image-preview:large, max-video-preview:-1\" \/>\n<link rel=\"canonical\" href=\"https:\/\/plamdistributions.com\/en\/produit\/dissolvant-de-calcaire-et-rouille-aciersolve\/\" \/>\n<meta property=\"og:locale\" content=\"en_US\" \/>\n<meta property=\"og:type\" content=\"article\" \/>\n<meta property=\"og:title\" content=\"Dissolvant de calcaire et rouille ACIERSOLVE | Pla-M Distributions\" \/>\n<meta property=\"og:description\" content=\"Code: UNI NAC204\u00a0 \u2713 Ultra concentr\u00e9\u00a0\u2713 Enl\u00e8ve rouille, calcaire et salet\u00e9 ACIERSOLVE est un produit 100% biod\u00e9gradable utilis\u00e9 pour enlever\" \/>\n<meta property=\"og:url\" content=\"https:\/\/plamdistributions.com\/en\/produit\/dissolvant-de-calcaire-et-rouille-aciersolve\/\" \/>\n<meta property=\"og:site_name\" content=\"Pla-M Distributions\" \/>\n<meta property=\"article:publisher\" content=\"https:\/\/www.facebook.com\/displam\/\" \/>\n<meta property=\"article:modified_time\" content=\"2026-04-08T16:01:17+00:00\" \/>\n<meta property=\"og:image\" content=\"https:\/\/plamdistributions.com\/wp-content\/uploads\/2021\/05\/UNI-NAC204-1.jpg\" \/>\n\t<meta property=\"og:image:width\" content=\"600\" \/>\n\t<meta property=\"og:image:height\" content=\"600\" \/>\n\t<meta property=\"og:image:type\" content=\"image\/jpeg\" \/>\n<meta name=\"twitter:card\" content=\"summary_large_image\" \/>\n<meta name=\"twitter:site\" content=\"@Displam\" \/>\n<meta name=\"twitter:label1\" content=\"Est. reading time\" \/>\n\t<meta name=\"twitter:data1\" content=\"1 minute\" \/>\n<script type=\"application\/ld+json\" class=\"yoast-schema-graph\">{\"@context\":\"https:\\\/\\\/schema.org\",\"@graph\":[{\"@type\":\"WebPage\",\"@id\":\"https:\\\/\\\/plamdistributions.com\\\/en\\\/produit\\\/dissolvant-de-calcaire-et-rouille-aciersolve\\\/\",\"url\":\"https:\\\/\\\/plamdistributions.com\\\/en\\\/produit\\\/dissolvant-de-calcaire-et-rouille-aciersolve\\\/\",\"name\":\"Dissolvant de calcaire et rouille ACIERSOLVE | Pla-M Distributions\",\"isPartOf\":{\"@id\":\"https:\\\/\\\/plamdistributions.com\\\/#website\"},\"primaryImageOfPage\":{\"@id\":\"https:\\\/\\\/plamdistributions.com\\\/en\\\/produit\\\/dissolvant-de-calcaire-et-rouille-aciersolve\\\/#primaryimage\"},\"image\":{\"@id\":\"https:\\\/\\\/plamdistributions.com\\\/en\\\/produit\\\/dissolvant-de-calcaire-et-rouille-aciersolve\\\/#primaryimage\"},\"thumbnailUrl\":\"https:\\\/\\\/plamdistributions.com\\\/wp-content\\\/uploads\\\/2021\\\/05\\\/UNI-NAC204-1.jpg\",\"datePublished\":\"2021-05-21T18:59:56+00:00\",\"dateModified\":\"2026-04-08T16:01:17+00:00\",\"breadcrumb\":{\"@id\":\"https:\\\/\\\/plamdistributions.com\\\/en\\\/produit\\\/dissolvant-de-calcaire-et-rouille-aciersolve\\\/#breadcrumb\"},\"inLanguage\":\"en-US\",\"potentialAction\":[{\"@type\":\"ReadAction\",\"target\":[\"https:\\\/\\\/plamdistributions.com\\\/en\\\/produit\\\/dissolvant-de-calcaire-et-rouille-aciersolve\\\/\"]}]},{\"@type\":\"ImageObject\",\"inLanguage\":\"en-US\",\"@id\":\"https:\\\/\\\/plamdistributions.com\\\/en\\\/produit\\\/dissolvant-de-calcaire-et-rouille-aciersolve\\\/#primaryimage\",\"url\":\"https:\\\/\\\/plamdistributions.com\\\/wp-content\\\/uploads\\\/2021\\\/05\\\/UNI-NAC204-1.jpg\",\"contentUrl\":\"https:\\\/\\\/plamdistributions.com\\\/wp-content\\\/uploads\\\/2021\\\/05\\\/UNI-NAC204-1.jpg\",\"width\":600,\"height\":600},{\"@type\":\"BreadcrumbList\",\"@id\":\"https:\\\/\\\/plamdistributions.com\\\/en\\\/produit\\\/dissolvant-de-calcaire-et-rouille-aciersolve\\\/#breadcrumb\",\"itemListElement\":[{\"@type\":\"ListItem\",\"position\":1,\"name\":\"Accueil\",\"item\":\"https:\\\/\\\/plamdistributions.com\\\/en\\\/\"},{\"@type\":\"ListItem\",\"position\":2,\"name\":\"Shop\",\"item\":\"https:\\\/\\\/plamdistributions.com\\\/en\\\/shop\\\/\"},{\"@type\":\"ListItem\",\"position\":3,\"name\":\"Dissolvant de calcaire et rouille ACIERSOLVE\"}]},{\"@type\":\"WebSite\",\"@id\":\"https:\\\/\\\/plamdistributions.com\\\/#website\",\"url\":\"https:\\\/\\\/plamdistributions.com\\\/\",\"name\":\"Distributions Pla-M Inc.\",\"description\":\"Sale of sanitary products and equipment\",\"publisher\":{\"@id\":\"https:\\\/\\\/plamdistributions.com\\\/#organization\"},\"potentialAction\":[{\"@type\":\"SearchAction\",\"target\":{\"@type\":\"EntryPoint\",\"urlTemplate\":\"https:\\\/\\\/plamdistributions.com\\\/?s={search_term_string}\"},\"query-input\":{\"@type\":\"PropertyValueSpecification\",\"valueRequired\":true,\"valueName\":\"search_term_string\"}}],\"inLanguage\":\"en-US\"},{\"@type\":\"Organization\",\"@id\":\"https:\\\/\\\/plamdistributions.com\\\/#organization\",\"name\":\"Distributions Pla-M\",\"url\":\"https:\\\/\\\/plamdistributions.com\\\/\",\"logo\":{\"@type\":\"ImageObject\",\"inLanguage\":\"en-US\",\"@id\":\"https:\\\/\\\/plamdistributions.com\\\/#\\\/schema\\\/logo\\\/image\\\/\",\"url\":\"https:\\\/\\\/plamdistributions.com\\\/wp-content\\\/uploads\\\/2021\\\/05\\\/PLAM-SANS.png\",\"contentUrl\":\"https:\\\/\\\/plamdistributions.com\\\/wp-content\\\/uploads\\\/2021\\\/05\\\/PLAM-SANS.png\",\"width\":289,\"height\":224,\"caption\":\"Distributions Pla-M\"},\"image\":{\"@id\":\"https:\\\/\\\/plamdistributions.com\\\/#\\\/schema\\\/logo\\\/image\\\/\"},\"sameAs\":[\"https:\\\/\\\/www.facebook.com\\\/displam\\\/\",\"https:\\\/\\\/x.com\\\/Displam\",\"https:\\\/\\\/www.youtube.com\\\/channel\\\/UCHmm3HCGnpGuaQ984quISDg\"]}]}<\/script>\n<!-- \/ Yoast SEO plugin. -->","yoast_head_json":{"title":"Dissolvant de calcaire et rouille ACIERSOLVE | Pla-M Distributions","robots":{"index":"index","follow":"follow","max-snippet":"max-snippet:-1","max-image-preview":"max-image-preview:large","max-video-preview":"max-video-preview:-1"},"canonical":"https:\/\/plamdistributions.com\/en\/produit\/dissolvant-de-calcaire-et-rouille-aciersolve\/","og_locale":"en_US","og_type":"article","og_title":"Dissolvant de calcaire et rouille ACIERSOLVE | Pla-M Distributions","og_description":"Code: UNI NAC204\u00a0 \u2713 Ultra concentr\u00e9\u00a0\u2713 Enl\u00e8ve rouille, calcaire et salet\u00e9 ACIERSOLVE est un produit 100% biod\u00e9gradable utilis\u00e9 pour enlever","og_url":"https:\/\/plamdistributions.com\/en\/produit\/dissolvant-de-calcaire-et-rouille-aciersolve\/","og_site_name":"Pla-M Distributions","article_publisher":"https:\/\/www.facebook.com\/displam\/","article_modified_time":"2026-04-08T16:01:17+00:00","og_image":[{"width":600,"height":600,"url":"https:\/\/plamdistributions.com\/wp-content\/uploads\/2021\/05\/UNI-NAC204-1.jpg","type":"image\/jpeg"}],"twitter_card":"summary_large_image","twitter_site":"@Displam","twitter_misc":{"Est. reading time":"1 minute"},"schema":{"@context":"https:\/\/schema.org","@graph":[{"@type":"WebPage","@id":"https:\/\/plamdistributions.com\/en\/produit\/dissolvant-de-calcaire-et-rouille-aciersolve\/","url":"https:\/\/plamdistributions.com\/en\/produit\/dissolvant-de-calcaire-et-rouille-aciersolve\/","name":"Dissolvant de calcaire et rouille ACIERSOLVE | Pla-M Distributions","isPartOf":{"@id":"https:\/\/plamdistributions.com\/#website"},"primaryImageOfPage":{"@id":"https:\/\/plamdistributions.com\/en\/produit\/dissolvant-de-calcaire-et-rouille-aciersolve\/#primaryimage"},"image":{"@id":"https:\/\/plamdistributions.com\/en\/produit\/dissolvant-de-calcaire-et-rouille-aciersolve\/#primaryimage"},"thumbnailUrl":"https:\/\/plamdistributions.com\/wp-content\/uploads\/2021\/05\/UNI-NAC204-1.jpg","datePublished":"2021-05-21T18:59:56+00:00","dateModified":"2026-04-08T16:01:17+00:00","breadcrumb":{"@id":"https:\/\/plamdistributions.com\/en\/produit\/dissolvant-de-calcaire-et-rouille-aciersolve\/#breadcrumb"},"inLanguage":"en-US","potentialAction":[{"@type":"ReadAction","target":["https:\/\/plamdistributions.com\/en\/produit\/dissolvant-de-calcaire-et-rouille-aciersolve\/"]}]},{"@type":"ImageObject","inLanguage":"en-US","@id":"https:\/\/plamdistributions.com\/en\/produit\/dissolvant-de-calcaire-et-rouille-aciersolve\/#primaryimage","url":"https:\/\/plamdistributions.com\/wp-content\/uploads\/2021\/05\/UNI-NAC204-1.jpg","contentUrl":"https:\/\/plamdistributions.com\/wp-content\/uploads\/2021\/05\/UNI-NAC204-1.jpg","width":600,"height":600},{"@type":"BreadcrumbList","@id":"https:\/\/plamdistributions.com\/en\/produit\/dissolvant-de-calcaire-et-rouille-aciersolve\/#breadcrumb","itemListElement":[{"@type":"ListItem","position":1,"name":"Accueil","item":"https:\/\/plamdistributions.com\/en\/"},{"@type":"ListItem","position":2,"name":"Shop","item":"https:\/\/plamdistributions.com\/en\/shop\/"},{"@type":"ListItem","position":3,"name":"Dissolvant de calcaire et rouille ACIERSOLVE"}]},{"@type":"WebSite","@id":"https:\/\/plamdistributions.com\/#website","url":"https:\/\/plamdistributions.com\/","name":"Distributions Pla-M Inc.","description":"Sale of sanitary products and equipment","publisher":{"@id":"https:\/\/plamdistributions.com\/#organization"},"potentialAction":[{"@type":"SearchAction","target":{"@type":"EntryPoint","urlTemplate":"https:\/\/plamdistributions.com\/?s={search_term_string}"},"query-input":{"@type":"PropertyValueSpecification","valueRequired":true,"valueName":"search_term_string"}}],"inLanguage":"en-US"},{"@type":"Organization","@id":"https:\/\/plamdistributions.com\/#organization","name":"Distributions Pla-M","url":"https:\/\/plamdistributions.com\/","logo":{"@type":"ImageObject","inLanguage":"en-US","@id":"https:\/\/plamdistributions.com\/#\/schema\/logo\/image\/","url":"https:\/\/plamdistributions.com\/wp-content\/uploads\/2021\/05\/PLAM-SANS.png","contentUrl":"https:\/\/plamdistributions.com\/wp-content\/uploads\/2021\/05\/PLAM-SANS.png","width":289,"height":224,"caption":"Distributions Pla-M"},"image":{"@id":"https:\/\/plamdistributions.com\/#\/schema\/logo\/image\/"},"sameAs":["https:\/\/www.facebook.com\/displam\/","https:\/\/x.com\/Displam","https:\/\/www.youtube.com\/channel\/UCHmm3HCGnpGuaQ984quISDg"]}]}},"_links":{"self":[{"href":"https:\/\/plamdistributions.com\/en\/wp-json\/wp\/v2\/product\/25946","targetHints":{"allow":["GET"]}}],"collection":[{"href":"https:\/\/plamdistributions.com\/en\/wp-json\/wp\/v2\/product"}],"about":[{"href":"https:\/\/plamdistributions.com\/en\/wp-json\/wp\/v2\/types\/product"}],"replies":[{"embeddable":true,"href":"https:\/\/plamdistributions.com\/en\/wp-json\/wp\/v2\/comments?post=25946"}],"wp:featuredmedia":[{"embeddable":true,"href":"https:\/\/plamdistributions.com\/en\/wp-json\/wp\/v2\/media\/25945"}],"wp:attachment":[{"href":"https:\/\/plamdistributions.com\/en\/wp-json\/wp\/v2\/media?parent=25946"}],"wp:term":[{"taxonomy":"product_brand","embeddable":true,"href":"https:\/\/plamdistributions.com\/en\/wp-json\/wp\/v2\/product_brand?post=25946"},{"taxonomy":"product_cat","embeddable":true,"href":"https:\/\/plamdistributions.com\/en\/wp-json\/wp\/v2\/product_cat?post=25946"},{"taxonomy":"product_tag","embeddable":true,"href":"https:\/\/plamdistributions.com\/en\/wp-json\/wp\/v2\/product_tag?post=25946"}],"curies":[{"name":"wp","href":"https:\/\/api.w.org\/{rel}","templated":true}]}}