{"id":26006,"date":"2021-05-21T15:00:29","date_gmt":"2021-05-21T19:00:29","guid":{"rendered":"https:\/\/plamdistributions.com\/produit\/nettoyant-protecteur-unicall-vinyle-et-cuir-4lts\/"},"modified":"2023-05-09T12:02:47","modified_gmt":"2023-05-09T16:02:47","slug":"nettoyant-protecteur-unicall-vinyle-et-cuir-4lts","status":"publish","type":"product","link":"https:\/\/plamdistributions.com\/en\/produit\/nettoyant-protecteur-unicall-vinyle-et-cuir-4lts\/","title":{"rendered":"NETTOYANT PROTECTEUR UNICAL VINYLE ET CUIR 4LTS"},"content":{"rendered":"<p><strong>Code: UNICAL<\/strong><\/p>\n<p><strong>\u2713 Pr\u00eat \u00e0 l&#8217;usage \u2713 Sans phosphore \u2713 Prot\u00e8ge et fait briller<\/strong><\/p>\n<p>UNICALL est un nettoyant protecteur liquide pour vinyle, cuir, plastique et caoutchouc, additionn\u00e9 de silicone. Sa formule unique cr\u00e9e une barri\u00e8re de protection qui bloque les rayons UV qui cause la d\u00e9pr\u00e9ciation pr\u00e9matur\u00e9e et la d\u00e9coloration des surfaces. Il p\u00e9n\u00e8tre les surfaces et aide \u00e0 ralentir le processus de vieillissement afin de conserver l\u2019aspect neuf des surfaces, tout en les faisant briller. Id\u00e9al pour les tableaux de bord, si\u00e8ges de vinyle, consoles, garnitures, pneus, pare-chocs, toits de vinyle et moulures de porti\u00e8res.<\/p>\n<p><strong>\u2713 Fabricant: Unica Canada<\/strong><\/p>\n","protected":false},"excerpt":{"rendered":"<p>Code: UNICAL \u2713 Pr\u00eat \u00e0 l&#8217;usage \u2713 Sans phosphore \u2713 Prot\u00e8ge et fait briller UNICALL est un nettoyant protecteur liquide<\/p>\n","protected":false},"featured_media":26005,"comment_status":"closed","ping_status":"closed","template":"","meta":[],"product_brand":[],"product_cat":[205,62],"product_tag":[],"class_list":{"0":"post-26006","1":"product","2":"type-product","3":"status-publish","4":"has-post-thumbnail","6":"product_cat-mecanique-et-lindustrie","7":"product_cat-produits-dentretien-menager","8":"product_shipping_class-standard","10":"first","11":"onbackorder","12":"featured","13":"taxable","14":"shipping-taxable","15":"purchasable","16":"product-type-simple"},"yoast_head":"<!-- This site is optimized with the Yoast SEO plugin v27.4 - https:\/\/yoast.com\/product\/yoast-seo-wordpress\/ -->\n<title>NETTOYANT PROTECTEUR UNICAL VINYLE ET CUIR 4LTS | Pla-M Distributions<\/title>\n<meta name=\"robots\" content=\"index, follow, max-snippet:-1, max-image-preview:large, max-video-preview:-1\" \/>\n<link rel=\"canonical\" href=\"https:\/\/plamdistributions.com\/en\/produit\/nettoyant-protecteur-unicall-vinyle-et-cuir-4lts\/\" \/>\n<meta property=\"og:locale\" content=\"en_US\" \/>\n<meta property=\"og:type\" content=\"article\" \/>\n<meta property=\"og:title\" content=\"NETTOYANT PROTECTEUR UNICAL VINYLE ET CUIR 4LTS | Pla-M Distributions\" \/>\n<meta property=\"og:description\" content=\"Code: UNICAL \u2713 Pr\u00eat \u00e0 l&#8217;usage \u2713 Sans phosphore \u2713 Prot\u00e8ge et fait briller UNICALL est un nettoyant protecteur liquide\" \/>\n<meta property=\"og:url\" content=\"https:\/\/plamdistributions.com\/en\/produit\/nettoyant-protecteur-unicall-vinyle-et-cuir-4lts\/\" \/>\n<meta property=\"og:site_name\" content=\"Pla-M Distributions\" \/>\n<meta property=\"article:publisher\" content=\"https:\/\/www.facebook.com\/displam\/\" \/>\n<meta property=\"article:modified_time\" content=\"2023-05-09T16:02:47+00:00\" \/>\n<meta property=\"og:image\" content=\"https:\/\/plamdistributions.com\/wp-content\/uploads\/2021\/05\/UNICALL-1.jpg\" \/>\n\t<meta property=\"og:image:width\" content=\"600\" \/>\n\t<meta property=\"og:image:height\" content=\"600\" \/>\n\t<meta property=\"og:image:type\" content=\"image\/jpeg\" \/>\n<meta name=\"twitter:card\" content=\"summary_large_image\" \/>\n<meta name=\"twitter:site\" content=\"@Displam\" \/>\n<meta name=\"twitter:label1\" content=\"Est. reading time\" \/>\n\t<meta name=\"twitter:data1\" content=\"1 minute\" \/>\n<script type=\"application\/ld+json\" class=\"yoast-schema-graph\">{\"@context\":\"https:\\\/\\\/schema.org\",\"@graph\":[{\"@type\":\"WebPage\",\"@id\":\"https:\\\/\\\/plamdistributions.com\\\/en\\\/produit\\\/nettoyant-protecteur-unicall-vinyle-et-cuir-4lts\\\/\",\"url\":\"https:\\\/\\\/plamdistributions.com\\\/en\\\/produit\\\/nettoyant-protecteur-unicall-vinyle-et-cuir-4lts\\\/\",\"name\":\"NETTOYANT PROTECTEUR UNICAL VINYLE ET CUIR 4LTS | Pla-M Distributions\",\"isPartOf\":{\"@id\":\"https:\\\/\\\/plamdistributions.com\\\/#website\"},\"primaryImageOfPage\":{\"@id\":\"https:\\\/\\\/plamdistributions.com\\\/en\\\/produit\\\/nettoyant-protecteur-unicall-vinyle-et-cuir-4lts\\\/#primaryimage\"},\"image\":{\"@id\":\"https:\\\/\\\/plamdistributions.com\\\/en\\\/produit\\\/nettoyant-protecteur-unicall-vinyle-et-cuir-4lts\\\/#primaryimage\"},\"thumbnailUrl\":\"https:\\\/\\\/plamdistributions.com\\\/wp-content\\\/uploads\\\/2021\\\/05\\\/UNICALL-1.jpg\",\"datePublished\":\"2021-05-21T19:00:29+00:00\",\"dateModified\":\"2023-05-09T16:02:47+00:00\",\"breadcrumb\":{\"@id\":\"https:\\\/\\\/plamdistributions.com\\\/en\\\/produit\\\/nettoyant-protecteur-unicall-vinyle-et-cuir-4lts\\\/#breadcrumb\"},\"inLanguage\":\"en-US\",\"potentialAction\":[{\"@type\":\"ReadAction\",\"target\":[\"https:\\\/\\\/plamdistributions.com\\\/en\\\/produit\\\/nettoyant-protecteur-unicall-vinyle-et-cuir-4lts\\\/\"]}]},{\"@type\":\"ImageObject\",\"inLanguage\":\"en-US\",\"@id\":\"https:\\\/\\\/plamdistributions.com\\\/en\\\/produit\\\/nettoyant-protecteur-unicall-vinyle-et-cuir-4lts\\\/#primaryimage\",\"url\":\"https:\\\/\\\/plamdistributions.com\\\/wp-content\\\/uploads\\\/2021\\\/05\\\/UNICALL-1.jpg\",\"contentUrl\":\"https:\\\/\\\/plamdistributions.com\\\/wp-content\\\/uploads\\\/2021\\\/05\\\/UNICALL-1.jpg\",\"width\":600,\"height\":600,\"caption\":\"UNICALL - Unica Canada - Distributions Pla-M\"},{\"@type\":\"BreadcrumbList\",\"@id\":\"https:\\\/\\\/plamdistributions.com\\\/en\\\/produit\\\/nettoyant-protecteur-unicall-vinyle-et-cuir-4lts\\\/#breadcrumb\",\"itemListElement\":[{\"@type\":\"ListItem\",\"position\":1,\"name\":\"Accueil\",\"item\":\"https:\\\/\\\/plamdistributions.com\\\/en\\\/\"},{\"@type\":\"ListItem\",\"position\":2,\"name\":\"Shop\",\"item\":\"https:\\\/\\\/plamdistributions.com\\\/en\\\/shop\\\/\"},{\"@type\":\"ListItem\",\"position\":3,\"name\":\"NETTOYANT PROTECTEUR UNICAL VINYLE ET CUIR 4LTS\"}]},{\"@type\":\"WebSite\",\"@id\":\"https:\\\/\\\/plamdistributions.com\\\/#website\",\"url\":\"https:\\\/\\\/plamdistributions.com\\\/\",\"name\":\"Distributions Pla-M Inc.\",\"description\":\"Sale of sanitary products and equipment\",\"publisher\":{\"@id\":\"https:\\\/\\\/plamdistributions.com\\\/#organization\"},\"potentialAction\":[{\"@type\":\"SearchAction\",\"target\":{\"@type\":\"EntryPoint\",\"urlTemplate\":\"https:\\\/\\\/plamdistributions.com\\\/?s={search_term_string}\"},\"query-input\":{\"@type\":\"PropertyValueSpecification\",\"valueRequired\":true,\"valueName\":\"search_term_string\"}}],\"inLanguage\":\"en-US\"},{\"@type\":\"Organization\",\"@id\":\"https:\\\/\\\/plamdistributions.com\\\/#organization\",\"name\":\"Distributions Pla-M\",\"url\":\"https:\\\/\\\/plamdistributions.com\\\/\",\"logo\":{\"@type\":\"ImageObject\",\"inLanguage\":\"en-US\",\"@id\":\"https:\\\/\\\/plamdistributions.com\\\/#\\\/schema\\\/logo\\\/image\\\/\",\"url\":\"https:\\\/\\\/plamdistributions.com\\\/wp-content\\\/uploads\\\/2021\\\/05\\\/PLAM-SANS.png\",\"contentUrl\":\"https:\\\/\\\/plamdistributions.com\\\/wp-content\\\/uploads\\\/2021\\\/05\\\/PLAM-SANS.png\",\"width\":289,\"height\":224,\"caption\":\"Distributions Pla-M\"},\"image\":{\"@id\":\"https:\\\/\\\/plamdistributions.com\\\/#\\\/schema\\\/logo\\\/image\\\/\"},\"sameAs\":[\"https:\\\/\\\/www.facebook.com\\\/displam\\\/\",\"https:\\\/\\\/x.com\\\/Displam\",\"https:\\\/\\\/www.youtube.com\\\/channel\\\/UCHmm3HCGnpGuaQ984quISDg\"]}]}<\/script>\n<!-- \/ Yoast SEO plugin. -->","yoast_head_json":{"title":"NETTOYANT PROTECTEUR UNICAL VINYLE ET CUIR 4LTS | Pla-M Distributions","robots":{"index":"index","follow":"follow","max-snippet":"max-snippet:-1","max-image-preview":"max-image-preview:large","max-video-preview":"max-video-preview:-1"},"canonical":"https:\/\/plamdistributions.com\/en\/produit\/nettoyant-protecteur-unicall-vinyle-et-cuir-4lts\/","og_locale":"en_US","og_type":"article","og_title":"NETTOYANT PROTECTEUR UNICAL VINYLE ET CUIR 4LTS | Pla-M Distributions","og_description":"Code: UNICAL \u2713 Pr\u00eat \u00e0 l&#8217;usage \u2713 Sans phosphore \u2713 Prot\u00e8ge et fait briller UNICALL est un nettoyant protecteur liquide","og_url":"https:\/\/plamdistributions.com\/en\/produit\/nettoyant-protecteur-unicall-vinyle-et-cuir-4lts\/","og_site_name":"Pla-M Distributions","article_publisher":"https:\/\/www.facebook.com\/displam\/","article_modified_time":"2023-05-09T16:02:47+00:00","og_image":[{"width":600,"height":600,"url":"https:\/\/plamdistributions.com\/wp-content\/uploads\/2021\/05\/UNICALL-1.jpg","type":"image\/jpeg"}],"twitter_card":"summary_large_image","twitter_site":"@Displam","twitter_misc":{"Est. reading time":"1 minute"},"schema":{"@context":"https:\/\/schema.org","@graph":[{"@type":"WebPage","@id":"https:\/\/plamdistributions.com\/en\/produit\/nettoyant-protecteur-unicall-vinyle-et-cuir-4lts\/","url":"https:\/\/plamdistributions.com\/en\/produit\/nettoyant-protecteur-unicall-vinyle-et-cuir-4lts\/","name":"NETTOYANT PROTECTEUR UNICAL VINYLE ET CUIR 4LTS | Pla-M Distributions","isPartOf":{"@id":"https:\/\/plamdistributions.com\/#website"},"primaryImageOfPage":{"@id":"https:\/\/plamdistributions.com\/en\/produit\/nettoyant-protecteur-unicall-vinyle-et-cuir-4lts\/#primaryimage"},"image":{"@id":"https:\/\/plamdistributions.com\/en\/produit\/nettoyant-protecteur-unicall-vinyle-et-cuir-4lts\/#primaryimage"},"thumbnailUrl":"https:\/\/plamdistributions.com\/wp-content\/uploads\/2021\/05\/UNICALL-1.jpg","datePublished":"2021-05-21T19:00:29+00:00","dateModified":"2023-05-09T16:02:47+00:00","breadcrumb":{"@id":"https:\/\/plamdistributions.com\/en\/produit\/nettoyant-protecteur-unicall-vinyle-et-cuir-4lts\/#breadcrumb"},"inLanguage":"en-US","potentialAction":[{"@type":"ReadAction","target":["https:\/\/plamdistributions.com\/en\/produit\/nettoyant-protecteur-unicall-vinyle-et-cuir-4lts\/"]}]},{"@type":"ImageObject","inLanguage":"en-US","@id":"https:\/\/plamdistributions.com\/en\/produit\/nettoyant-protecteur-unicall-vinyle-et-cuir-4lts\/#primaryimage","url":"https:\/\/plamdistributions.com\/wp-content\/uploads\/2021\/05\/UNICALL-1.jpg","contentUrl":"https:\/\/plamdistributions.com\/wp-content\/uploads\/2021\/05\/UNICALL-1.jpg","width":600,"height":600,"caption":"UNICALL - Unica Canada - Distributions Pla-M"},{"@type":"BreadcrumbList","@id":"https:\/\/plamdistributions.com\/en\/produit\/nettoyant-protecteur-unicall-vinyle-et-cuir-4lts\/#breadcrumb","itemListElement":[{"@type":"ListItem","position":1,"name":"Accueil","item":"https:\/\/plamdistributions.com\/en\/"},{"@type":"ListItem","position":2,"name":"Shop","item":"https:\/\/plamdistributions.com\/en\/shop\/"},{"@type":"ListItem","position":3,"name":"NETTOYANT PROTECTEUR UNICAL VINYLE ET CUIR 4LTS"}]},{"@type":"WebSite","@id":"https:\/\/plamdistributions.com\/#website","url":"https:\/\/plamdistributions.com\/","name":"Distributions Pla-M Inc.","description":"Sale of sanitary products and equipment","publisher":{"@id":"https:\/\/plamdistributions.com\/#organization"},"potentialAction":[{"@type":"SearchAction","target":{"@type":"EntryPoint","urlTemplate":"https:\/\/plamdistributions.com\/?s={search_term_string}"},"query-input":{"@type":"PropertyValueSpecification","valueRequired":true,"valueName":"search_term_string"}}],"inLanguage":"en-US"},{"@type":"Organization","@id":"https:\/\/plamdistributions.com\/#organization","name":"Distributions Pla-M","url":"https:\/\/plamdistributions.com\/","logo":{"@type":"ImageObject","inLanguage":"en-US","@id":"https:\/\/plamdistributions.com\/#\/schema\/logo\/image\/","url":"https:\/\/plamdistributions.com\/wp-content\/uploads\/2021\/05\/PLAM-SANS.png","contentUrl":"https:\/\/plamdistributions.com\/wp-content\/uploads\/2021\/05\/PLAM-SANS.png","width":289,"height":224,"caption":"Distributions Pla-M"},"image":{"@id":"https:\/\/plamdistributions.com\/#\/schema\/logo\/image\/"},"sameAs":["https:\/\/www.facebook.com\/displam\/","https:\/\/x.com\/Displam","https:\/\/www.youtube.com\/channel\/UCHmm3HCGnpGuaQ984quISDg"]}]}},"_links":{"self":[{"href":"https:\/\/plamdistributions.com\/en\/wp-json\/wp\/v2\/product\/26006","targetHints":{"allow":["GET"]}}],"collection":[{"href":"https:\/\/plamdistributions.com\/en\/wp-json\/wp\/v2\/product"}],"about":[{"href":"https:\/\/plamdistributions.com\/en\/wp-json\/wp\/v2\/types\/product"}],"replies":[{"embeddable":true,"href":"https:\/\/plamdistributions.com\/en\/wp-json\/wp\/v2\/comments?post=26006"}],"wp:featuredmedia":[{"embeddable":true,"href":"https:\/\/plamdistributions.com\/en\/wp-json\/wp\/v2\/media\/26005"}],"wp:attachment":[{"href":"https:\/\/plamdistributions.com\/en\/wp-json\/wp\/v2\/media?parent=26006"}],"wp:term":[{"taxonomy":"product_brand","embeddable":true,"href":"https:\/\/plamdistributions.com\/en\/wp-json\/wp\/v2\/product_brand?post=26006"},{"taxonomy":"product_cat","embeddable":true,"href":"https:\/\/plamdistributions.com\/en\/wp-json\/wp\/v2\/product_cat?post=26006"},{"taxonomy":"product_tag","embeddable":true,"href":"https:\/\/plamdistributions.com\/en\/wp-json\/wp\/v2\/product_tag?post=26006"}],"curies":[{"name":"wp","href":"https:\/\/api.w.org\/{rel}","templated":true}]}}