{"id":26024,"date":"2021-05-21T15:00:38","date_gmt":"2021-05-21T19:00:38","guid":{"rendered":"https:\/\/plamdistributions.com\/produit\/savon-lotion-a-mains-super-lotion-600-4lts\/"},"modified":"2026-01-05T12:47:45","modified_gmt":"2026-01-05T16:47:45","slug":"savon-lotion-a-mains-super-lotion-600-4lts","status":"publish","type":"product","link":"https:\/\/plamdistributions.com\/en\/produit\/savon-lotion-a-mains-super-lotion-600-4lts\/","title":{"rendered":"SAVON MAIN SANS EAU P\u00caCHE+ BILLE PLASTIQUE 4LTS"},"content":{"rendered":"<h4><strong><a href=\"https:\/\/distributionsplam.ca\/wp-content\/uploads\/2020\/09\/UNICAS600_ft.pdf\"><img decoding=\"async\" class=\"alignnone wp-image-30822\" src=\"https:\/\/distributionsplam.ca\/wp-content\/uploads\/2019\/11\/Fiche-technique-300x134.jpg\" alt=\"Fiche technique en fran\u00e7ais\" width=\"145\" height=\"65\" \/><\/a><\/strong><a href=\"https:\/\/distributionsplam.ca\/wp-content\/uploads\/2020\/09\/UNICAS600_tds.pdf\"><img decoding=\"async\" class=\"alignnone wp-image-30824\" src=\"https:\/\/distributionsplam.ca\/wp-content\/uploads\/2019\/11\/Technical-data-sheet-1-300x134.jpg\" alt=\"Technical data sheet\" width=\"142\" height=\"64\" \/><\/a><\/h4>\n<p><strong>Code: UNICAS600<\/strong><\/p>\n<p><strong>\u2713 P\u00eache\u00a0 \u2713 Non irritante \u2713 Avec exfoliant naturel<\/strong><\/p>\n<p>Savon lotion doux, de couleur jaune avec exfoliant naturel produisant une mousse riche et abondante dont la texture cr\u00e9meuse et non irritante dissout la graisse et la salet\u00e9 sur les mains. Tr\u00e8s appr\u00e9ci\u00e9 de ceux qui veulent un nettoyage des mains en profondeur tout en s\u2019assurant de garder la peau douce.<\/p>\n<p><strong>Format: 4L\u00a0<\/strong><\/p>\n<p><strong>\u2713 Fabricant: Unica Canada<\/strong><\/p>\n","protected":false},"excerpt":{"rendered":"<p>Code: UNICAS600 \u2713 P\u00eache\u00a0 \u2713 Non irritante \u2713 Avec exfoliant naturel Savon lotion doux, de couleur jaune avec exfoliant naturel<\/p>\n","protected":false},"featured_media":26022,"comment_status":"closed","ping_status":"closed","template":"","meta":[],"product_brand":[],"product_cat":[62,104],"product_tag":[],"class_list":{"0":"post-26024","1":"product","2":"type-product","3":"status-publish","4":"has-post-thumbnail","6":"product_cat-produits-dentretien-menager","7":"product_cat-soins-de-la-peau","8":"product_shipping_class-standard","10":"first","11":"outofstock","12":"featured","13":"taxable","14":"shipping-taxable","15":"purchasable","16":"product-type-simple"},"yoast_head":"<!-- This site is optimized with the Yoast SEO plugin v27.5 - https:\/\/yoast.com\/product\/yoast-seo-wordpress\/ -->\n<title>SAVON MAIN SANS EAU P\u00caCHE+ BILLE PLASTIQUE 4LTS | Pla-M Distributions<\/title>\n<meta name=\"robots\" content=\"index, follow, max-snippet:-1, max-image-preview:large, max-video-preview:-1\" \/>\n<link rel=\"canonical\" href=\"https:\/\/plamdistributions.com\/produit\/savon-lotion-a-mains-super-lotion-600-4lts\/\" \/>\n<meta property=\"og:locale\" content=\"en_US\" \/>\n<meta property=\"og:type\" content=\"article\" \/>\n<meta property=\"og:title\" content=\"SAVON MAIN SANS EAU P\u00caCHE+ BILLE PLASTIQUE 4LTS | Pla-M Distributions\" \/>\n<meta property=\"og:description\" content=\"Code: UNICAS600 \u2713 P\u00eache\u00a0 \u2713 Non irritante \u2713 Avec exfoliant naturel Savon lotion doux, de couleur jaune avec exfoliant naturel\" \/>\n<meta property=\"og:url\" content=\"https:\/\/plamdistributions.com\/produit\/savon-lotion-a-mains-super-lotion-600-4lts\/\" \/>\n<meta property=\"og:site_name\" content=\"Pla-M Distributions\" \/>\n<meta property=\"article:publisher\" content=\"https:\/\/www.facebook.com\/displam\/\" \/>\n<meta property=\"article:modified_time\" content=\"2026-01-05T16:47:45+00:00\" \/>\n<meta property=\"og:image\" content=\"https:\/\/plamdistributions.com\/wp-content\/uploads\/2021\/05\/UNICAS600-1.jpg\" \/>\n\t<meta property=\"og:image:width\" content=\"600\" \/>\n\t<meta property=\"og:image:height\" content=\"600\" \/>\n\t<meta property=\"og:image:type\" content=\"image\/jpeg\" \/>\n<meta name=\"twitter:card\" content=\"summary_large_image\" \/>\n<meta name=\"twitter:site\" content=\"@Displam\" \/>\n<script type=\"application\/ld+json\" class=\"yoast-schema-graph\">{\"@context\":\"https:\\\/\\\/schema.org\",\"@graph\":[{\"@type\":\"WebPage\",\"@id\":\"https:\\\/\\\/plamdistributions.com\\\/produit\\\/savon-lotion-a-mains-super-lotion-600-4lts\\\/\",\"url\":\"https:\\\/\\\/plamdistributions.com\\\/produit\\\/savon-lotion-a-mains-super-lotion-600-4lts\\\/\",\"name\":\"SAVON MAIN SANS EAU P\u00caCHE+ BILLE PLASTIQUE 4LTS | Pla-M Distributions\",\"isPartOf\":{\"@id\":\"https:\\\/\\\/plamdistributions.com\\\/#website\"},\"primaryImageOfPage\":{\"@id\":\"https:\\\/\\\/plamdistributions.com\\\/produit\\\/savon-lotion-a-mains-super-lotion-600-4lts\\\/#primaryimage\"},\"image\":{\"@id\":\"https:\\\/\\\/plamdistributions.com\\\/produit\\\/savon-lotion-a-mains-super-lotion-600-4lts\\\/#primaryimage\"},\"thumbnailUrl\":\"https:\\\/\\\/plamdistributions.com\\\/wp-content\\\/uploads\\\/2021\\\/05\\\/UNICAS600-1.jpg\",\"datePublished\":\"2021-05-21T19:00:38+00:00\",\"dateModified\":\"2026-01-05T16:47:45+00:00\",\"breadcrumb\":{\"@id\":\"https:\\\/\\\/plamdistributions.com\\\/produit\\\/savon-lotion-a-mains-super-lotion-600-4lts\\\/#breadcrumb\"},\"inLanguage\":\"en-US\",\"potentialAction\":[{\"@type\":\"ReadAction\",\"target\":[\"https:\\\/\\\/plamdistributions.com\\\/produit\\\/savon-lotion-a-mains-super-lotion-600-4lts\\\/\"]}]},{\"@type\":\"ImageObject\",\"inLanguage\":\"en-US\",\"@id\":\"https:\\\/\\\/plamdistributions.com\\\/produit\\\/savon-lotion-a-mains-super-lotion-600-4lts\\\/#primaryimage\",\"url\":\"https:\\\/\\\/plamdistributions.com\\\/wp-content\\\/uploads\\\/2021\\\/05\\\/UNICAS600-1.jpg\",\"contentUrl\":\"https:\\\/\\\/plamdistributions.com\\\/wp-content\\\/uploads\\\/2021\\\/05\\\/UNICAS600-1.jpg\",\"width\":600,\"height\":600},{\"@type\":\"BreadcrumbList\",\"@id\":\"https:\\\/\\\/plamdistributions.com\\\/produit\\\/savon-lotion-a-mains-super-lotion-600-4lts\\\/#breadcrumb\",\"itemListElement\":[{\"@type\":\"ListItem\",\"position\":1,\"name\":\"Accueil\",\"item\":\"https:\\\/\\\/plamdistributions.com\\\/en\\\/\"},{\"@type\":\"ListItem\",\"position\":2,\"name\":\"Shop\",\"item\":\"https:\\\/\\\/plamdistributions.com\\\/en\\\/shop\\\/\"},{\"@type\":\"ListItem\",\"position\":3,\"name\":\"SAVON MAIN SANS EAU P\u00caCHE+ BILLE PLASTIQUE 4LTS\"}]},{\"@type\":\"WebSite\",\"@id\":\"https:\\\/\\\/plamdistributions.com\\\/#website\",\"url\":\"https:\\\/\\\/plamdistributions.com\\\/\",\"name\":\"Distributions Pla-M Inc.\",\"description\":\"Sale of sanitary products and equipment\",\"publisher\":{\"@id\":\"https:\\\/\\\/plamdistributions.com\\\/#organization\"},\"potentialAction\":[{\"@type\":\"SearchAction\",\"target\":{\"@type\":\"EntryPoint\",\"urlTemplate\":\"https:\\\/\\\/plamdistributions.com\\\/?s={search_term_string}\"},\"query-input\":{\"@type\":\"PropertyValueSpecification\",\"valueRequired\":true,\"valueName\":\"search_term_string\"}}],\"inLanguage\":\"en-US\"},{\"@type\":\"Organization\",\"@id\":\"https:\\\/\\\/plamdistributions.com\\\/#organization\",\"name\":\"Distributions Pla-M\",\"url\":\"https:\\\/\\\/plamdistributions.com\\\/\",\"logo\":{\"@type\":\"ImageObject\",\"inLanguage\":\"en-US\",\"@id\":\"https:\\\/\\\/plamdistributions.com\\\/#\\\/schema\\\/logo\\\/image\\\/\",\"url\":\"https:\\\/\\\/plamdistributions.com\\\/wp-content\\\/uploads\\\/2021\\\/05\\\/PLAM-SANS.png\",\"contentUrl\":\"https:\\\/\\\/plamdistributions.com\\\/wp-content\\\/uploads\\\/2021\\\/05\\\/PLAM-SANS.png\",\"width\":289,\"height\":224,\"caption\":\"Distributions Pla-M\"},\"image\":{\"@id\":\"https:\\\/\\\/plamdistributions.com\\\/#\\\/schema\\\/logo\\\/image\\\/\"},\"sameAs\":[\"https:\\\/\\\/www.facebook.com\\\/displam\\\/\",\"https:\\\/\\\/x.com\\\/Displam\",\"https:\\\/\\\/www.youtube.com\\\/channel\\\/UCHmm3HCGnpGuaQ984quISDg\"]}]}<\/script>\n<!-- \/ Yoast SEO plugin. -->","yoast_head_json":{"title":"SAVON MAIN SANS EAU P\u00caCHE+ BILLE PLASTIQUE 4LTS | Pla-M Distributions","robots":{"index":"index","follow":"follow","max-snippet":"max-snippet:-1","max-image-preview":"max-image-preview:large","max-video-preview":"max-video-preview:-1"},"canonical":"https:\/\/plamdistributions.com\/produit\/savon-lotion-a-mains-super-lotion-600-4lts\/","og_locale":"en_US","og_type":"article","og_title":"SAVON MAIN SANS EAU P\u00caCHE+ BILLE PLASTIQUE 4LTS | Pla-M Distributions","og_description":"Code: UNICAS600 \u2713 P\u00eache\u00a0 \u2713 Non irritante \u2713 Avec exfoliant naturel Savon lotion doux, de couleur jaune avec exfoliant naturel","og_url":"https:\/\/plamdistributions.com\/produit\/savon-lotion-a-mains-super-lotion-600-4lts\/","og_site_name":"Pla-M Distributions","article_publisher":"https:\/\/www.facebook.com\/displam\/","article_modified_time":"2026-01-05T16:47:45+00:00","og_image":[{"width":600,"height":600,"url":"https:\/\/plamdistributions.com\/wp-content\/uploads\/2021\/05\/UNICAS600-1.jpg","type":"image\/jpeg"}],"twitter_card":"summary_large_image","twitter_site":"@Displam","schema":{"@context":"https:\/\/schema.org","@graph":[{"@type":"WebPage","@id":"https:\/\/plamdistributions.com\/produit\/savon-lotion-a-mains-super-lotion-600-4lts\/","url":"https:\/\/plamdistributions.com\/produit\/savon-lotion-a-mains-super-lotion-600-4lts\/","name":"SAVON MAIN SANS EAU P\u00caCHE+ BILLE PLASTIQUE 4LTS | Pla-M Distributions","isPartOf":{"@id":"https:\/\/plamdistributions.com\/#website"},"primaryImageOfPage":{"@id":"https:\/\/plamdistributions.com\/produit\/savon-lotion-a-mains-super-lotion-600-4lts\/#primaryimage"},"image":{"@id":"https:\/\/plamdistributions.com\/produit\/savon-lotion-a-mains-super-lotion-600-4lts\/#primaryimage"},"thumbnailUrl":"https:\/\/plamdistributions.com\/wp-content\/uploads\/2021\/05\/UNICAS600-1.jpg","datePublished":"2021-05-21T19:00:38+00:00","dateModified":"2026-01-05T16:47:45+00:00","breadcrumb":{"@id":"https:\/\/plamdistributions.com\/produit\/savon-lotion-a-mains-super-lotion-600-4lts\/#breadcrumb"},"inLanguage":"en-US","potentialAction":[{"@type":"ReadAction","target":["https:\/\/plamdistributions.com\/produit\/savon-lotion-a-mains-super-lotion-600-4lts\/"]}]},{"@type":"ImageObject","inLanguage":"en-US","@id":"https:\/\/plamdistributions.com\/produit\/savon-lotion-a-mains-super-lotion-600-4lts\/#primaryimage","url":"https:\/\/plamdistributions.com\/wp-content\/uploads\/2021\/05\/UNICAS600-1.jpg","contentUrl":"https:\/\/plamdistributions.com\/wp-content\/uploads\/2021\/05\/UNICAS600-1.jpg","width":600,"height":600},{"@type":"BreadcrumbList","@id":"https:\/\/plamdistributions.com\/produit\/savon-lotion-a-mains-super-lotion-600-4lts\/#breadcrumb","itemListElement":[{"@type":"ListItem","position":1,"name":"Accueil","item":"https:\/\/plamdistributions.com\/en\/"},{"@type":"ListItem","position":2,"name":"Shop","item":"https:\/\/plamdistributions.com\/en\/shop\/"},{"@type":"ListItem","position":3,"name":"SAVON MAIN SANS EAU P\u00caCHE+ BILLE PLASTIQUE 4LTS"}]},{"@type":"WebSite","@id":"https:\/\/plamdistributions.com\/#website","url":"https:\/\/plamdistributions.com\/","name":"Distributions Pla-M Inc.","description":"Sale of sanitary products and equipment","publisher":{"@id":"https:\/\/plamdistributions.com\/#organization"},"potentialAction":[{"@type":"SearchAction","target":{"@type":"EntryPoint","urlTemplate":"https:\/\/plamdistributions.com\/?s={search_term_string}"},"query-input":{"@type":"PropertyValueSpecification","valueRequired":true,"valueName":"search_term_string"}}],"inLanguage":"en-US"},{"@type":"Organization","@id":"https:\/\/plamdistributions.com\/#organization","name":"Distributions Pla-M","url":"https:\/\/plamdistributions.com\/","logo":{"@type":"ImageObject","inLanguage":"en-US","@id":"https:\/\/plamdistributions.com\/#\/schema\/logo\/image\/","url":"https:\/\/plamdistributions.com\/wp-content\/uploads\/2021\/05\/PLAM-SANS.png","contentUrl":"https:\/\/plamdistributions.com\/wp-content\/uploads\/2021\/05\/PLAM-SANS.png","width":289,"height":224,"caption":"Distributions Pla-M"},"image":{"@id":"https:\/\/plamdistributions.com\/#\/schema\/logo\/image\/"},"sameAs":["https:\/\/www.facebook.com\/displam\/","https:\/\/x.com\/Displam","https:\/\/www.youtube.com\/channel\/UCHmm3HCGnpGuaQ984quISDg"]}]}},"_links":{"self":[{"href":"https:\/\/plamdistributions.com\/en\/wp-json\/wp\/v2\/product\/26024","targetHints":{"allow":["GET"]}}],"collection":[{"href":"https:\/\/plamdistributions.com\/en\/wp-json\/wp\/v2\/product"}],"about":[{"href":"https:\/\/plamdistributions.com\/en\/wp-json\/wp\/v2\/types\/product"}],"replies":[{"embeddable":true,"href":"https:\/\/plamdistributions.com\/en\/wp-json\/wp\/v2\/comments?post=26024"}],"wp:featuredmedia":[{"embeddable":true,"href":"https:\/\/plamdistributions.com\/en\/wp-json\/wp\/v2\/media\/26022"}],"wp:attachment":[{"href":"https:\/\/plamdistributions.com\/en\/wp-json\/wp\/v2\/media?parent=26024"}],"wp:term":[{"taxonomy":"product_brand","embeddable":true,"href":"https:\/\/plamdistributions.com\/en\/wp-json\/wp\/v2\/product_brand?post=26024"},{"taxonomy":"product_cat","embeddable":true,"href":"https:\/\/plamdistributions.com\/en\/wp-json\/wp\/v2\/product_cat?post=26024"},{"taxonomy":"product_tag","embeddable":true,"href":"https:\/\/plamdistributions.com\/en\/wp-json\/wp\/v2\/product_tag?post=26024"}],"curies":[{"name":"wp","href":"https:\/\/api.w.org\/{rel}","templated":true}]}}