{"id":26323,"date":"2021-05-21T15:03:08","date_gmt":"2021-05-21T19:03:08","guid":{"rendered":"https:\/\/plamdistributions.com\/produit\/pine-a-bac-de-zep-4-x-4-lts\/"},"modified":"2024-06-13T15:05:45","modified_gmt":"2024-06-13T19:05:45","slug":"pine-a-bac-de-zep-4-x-4-lts","status":"publish","type":"product","link":"https:\/\/plamdistributions.com\/en\/produit\/pine-a-bac-de-zep-4-x-4-lts\/","title":{"rendered":"******  DISCONTINU\u00c9 ****** PINE-A-BAC DE ZEP 4 X 4LTS"},"content":{"rendered":"<p><strong>Code: ZEP-231954C<\/strong><\/p>\n<p><strong>\u2713 Bo\u00eete de 4 unit\u00e9s<\/strong><\/p>\n<p>Pine \u00e0 bac multi-usages de Zep nettoie et d\u00e9sodorise en une seule \u00e9tape. Le produit polyvalent exploite la puissance de l&#8217;huile de pin pour \u00e9liminer la graisse et la salet\u00e9 d&#8217;une vari\u00e9t\u00e9 de surfaces et laisse un parfum de pin dans son sillage, le rendant id\u00e9al pour une utilisation dans la cuisine, la salle \u00e0 manger et la salle de bain. Il fonctionne sur les murs, les sols, les baignoires, les cabines de douche et les toilettes autour de la maison, du bureau et de l&#8217;\u00e9cole. En plus, un gallon de concentr\u00e9 donne jusqu&#8217;\u00e0 64 gallons de nettoyant.<\/p>\n<p><strong>\u2713 Fabricant: ZEP<\/strong><\/p>\n","protected":false},"excerpt":{"rendered":"<p>Code: ZEP-231954C \u2713 Bo\u00eete de 4 unit\u00e9s Pine \u00e0 bac multi-usages de Zep nettoie et d\u00e9sodorise en une seule \u00e9tape.<\/p>\n","protected":false},"featured_media":26322,"comment_status":"closed","ping_status":"closed","template":"","meta":[],"product_brand":[],"product_cat":[62,109],"product_tag":[],"class_list":{"0":"post-26323","1":"product","2":"type-product","3":"status-publish","4":"has-post-thumbnail","6":"product_cat-produits-dentretien-menager","7":"product_cat-produits-pour-le-nettoyage-general","8":"product_shipping_class-standard","10":"first","11":"onbackorder","12":"featured","13":"taxable","14":"shipping-taxable","15":"purchasable","16":"product-type-simple"},"yoast_head":"<!-- This site is optimized with the Yoast SEO plugin v27.4 - https:\/\/yoast.com\/product\/yoast-seo-wordpress\/ -->\n<title>****** DISCONTINU\u00c9 ****** PINE-A-BAC DE ZEP 4 X 4LTS | Pla-M Distributions<\/title>\n<meta name=\"robots\" content=\"index, follow, max-snippet:-1, max-image-preview:large, max-video-preview:-1\" \/>\n<link rel=\"canonical\" href=\"https:\/\/plamdistributions.com\/produit\/pine-a-bac-de-zep-4-x-4-lts\/\" \/>\n<meta property=\"og:locale\" content=\"en_US\" \/>\n<meta property=\"og:type\" content=\"article\" \/>\n<meta property=\"og:title\" content=\"****** DISCONTINU\u00c9 ****** PINE-A-BAC DE ZEP 4 X 4LTS | Pla-M Distributions\" \/>\n<meta property=\"og:description\" content=\"Code: ZEP-231954C \u2713 Bo\u00eete de 4 unit\u00e9s Pine \u00e0 bac multi-usages de Zep nettoie et d\u00e9sodorise en une seule \u00e9tape.\" \/>\n<meta property=\"og:url\" content=\"https:\/\/plamdistributions.com\/produit\/pine-a-bac-de-zep-4-x-4-lts\/\" \/>\n<meta property=\"og:site_name\" content=\"Pla-M Distributions\" \/>\n<meta property=\"article:publisher\" content=\"https:\/\/www.facebook.com\/displam\/\" \/>\n<meta property=\"article:modified_time\" content=\"2024-06-13T19:05:45+00:00\" \/>\n<meta property=\"og:image\" content=\"https:\/\/plamdistributions.com\/wp-content\/uploads\/2021\/05\/ZEP-231954C.jpg\" \/>\n\t<meta property=\"og:image:width\" content=\"1000\" \/>\n\t<meta property=\"og:image:height\" content=\"1000\" \/>\n\t<meta property=\"og:image:type\" content=\"image\/jpeg\" \/>\n<meta name=\"twitter:card\" content=\"summary_large_image\" \/>\n<meta name=\"twitter:site\" content=\"@Displam\" \/>\n<meta name=\"twitter:label1\" content=\"Est. reading time\" \/>\n\t<meta name=\"twitter:data1\" content=\"1 minute\" \/>\n<script type=\"application\/ld+json\" class=\"yoast-schema-graph\">{\"@context\":\"https:\\\/\\\/schema.org\",\"@graph\":[{\"@type\":\"WebPage\",\"@id\":\"https:\\\/\\\/plamdistributions.com\\\/produit\\\/pine-a-bac-de-zep-4-x-4-lts\\\/\",\"url\":\"https:\\\/\\\/plamdistributions.com\\\/produit\\\/pine-a-bac-de-zep-4-x-4-lts\\\/\",\"name\":\"****** DISCONTINU\u00c9 ****** PINE-A-BAC DE ZEP 4 X 4LTS | Pla-M Distributions\",\"isPartOf\":{\"@id\":\"https:\\\/\\\/plamdistributions.com\\\/en\\\/#website\"},\"primaryImageOfPage\":{\"@id\":\"https:\\\/\\\/plamdistributions.com\\\/produit\\\/pine-a-bac-de-zep-4-x-4-lts\\\/#primaryimage\"},\"image\":{\"@id\":\"https:\\\/\\\/plamdistributions.com\\\/produit\\\/pine-a-bac-de-zep-4-x-4-lts\\\/#primaryimage\"},\"thumbnailUrl\":\"https:\\\/\\\/plamdistributions.com\\\/wp-content\\\/uploads\\\/2021\\\/05\\\/ZEP-231954C.jpg\",\"datePublished\":\"2021-05-21T19:03:08+00:00\",\"dateModified\":\"2024-06-13T19:05:45+00:00\",\"breadcrumb\":{\"@id\":\"https:\\\/\\\/plamdistributions.com\\\/produit\\\/pine-a-bac-de-zep-4-x-4-lts\\\/#breadcrumb\"},\"inLanguage\":\"en-US\",\"potentialAction\":[{\"@type\":\"ReadAction\",\"target\":[\"https:\\\/\\\/plamdistributions.com\\\/produit\\\/pine-a-bac-de-zep-4-x-4-lts\\\/\"]}]},{\"@type\":\"ImageObject\",\"inLanguage\":\"en-US\",\"@id\":\"https:\\\/\\\/plamdistributions.com\\\/produit\\\/pine-a-bac-de-zep-4-x-4-lts\\\/#primaryimage\",\"url\":\"https:\\\/\\\/plamdistributions.com\\\/wp-content\\\/uploads\\\/2021\\\/05\\\/ZEP-231954C.jpg\",\"contentUrl\":\"https:\\\/\\\/plamdistributions.com\\\/wp-content\\\/uploads\\\/2021\\\/05\\\/ZEP-231954C.jpg\",\"width\":1000,\"height\":1000},{\"@type\":\"BreadcrumbList\",\"@id\":\"https:\\\/\\\/plamdistributions.com\\\/produit\\\/pine-a-bac-de-zep-4-x-4-lts\\\/#breadcrumb\",\"itemListElement\":[{\"@type\":\"ListItem\",\"position\":1,\"name\":\"Accueil\",\"item\":\"https:\\\/\\\/plamdistributions.com\\\/en\\\/\"},{\"@type\":\"ListItem\",\"position\":2,\"name\":\"Shop\",\"item\":\"https:\\\/\\\/plamdistributions.com\\\/en\\\/shop\\\/\"},{\"@type\":\"ListItem\",\"position\":3,\"name\":\"****** DISCONTINU\u00c9 ****** PINE-A-BAC DE ZEP 4 X 4LTS\"}]},{\"@type\":\"WebSite\",\"@id\":\"https:\\\/\\\/plamdistributions.com\\\/en\\\/#website\",\"url\":\"https:\\\/\\\/plamdistributions.com\\\/en\\\/\",\"name\":\"Distributions Pla-M Inc.\",\"description\":\"Sale of sanitary products and equipment\",\"publisher\":{\"@id\":\"https:\\\/\\\/plamdistributions.com\\\/en\\\/#organization\"},\"potentialAction\":[{\"@type\":\"SearchAction\",\"target\":{\"@type\":\"EntryPoint\",\"urlTemplate\":\"https:\\\/\\\/plamdistributions.com\\\/en\\\/?s={search_term_string}\"},\"query-input\":{\"@type\":\"PropertyValueSpecification\",\"valueRequired\":true,\"valueName\":\"search_term_string\"}}],\"inLanguage\":\"en-US\"},{\"@type\":\"Organization\",\"@id\":\"https:\\\/\\\/plamdistributions.com\\\/en\\\/#organization\",\"name\":\"Distributions Pla-M\",\"url\":\"https:\\\/\\\/plamdistributions.com\\\/en\\\/\",\"logo\":{\"@type\":\"ImageObject\",\"inLanguage\":\"en-US\",\"@id\":\"https:\\\/\\\/plamdistributions.com\\\/en\\\/#\\\/schema\\\/logo\\\/image\\\/\",\"url\":\"https:\\\/\\\/plamdistributions.com\\\/wp-content\\\/uploads\\\/2021\\\/05\\\/PLAM-SANS.png\",\"contentUrl\":\"https:\\\/\\\/plamdistributions.com\\\/wp-content\\\/uploads\\\/2021\\\/05\\\/PLAM-SANS.png\",\"width\":289,\"height\":224,\"caption\":\"Distributions Pla-M\"},\"image\":{\"@id\":\"https:\\\/\\\/plamdistributions.com\\\/en\\\/#\\\/schema\\\/logo\\\/image\\\/\"},\"sameAs\":[\"https:\\\/\\\/www.facebook.com\\\/displam\\\/\",\"https:\\\/\\\/x.com\\\/Displam\",\"https:\\\/\\\/www.youtube.com\\\/channel\\\/UCHmm3HCGnpGuaQ984quISDg\"]}]}<\/script>\n<!-- \/ Yoast SEO plugin. -->","yoast_head_json":{"title":"****** DISCONTINU\u00c9 ****** PINE-A-BAC DE ZEP 4 X 4LTS | Pla-M Distributions","robots":{"index":"index","follow":"follow","max-snippet":"max-snippet:-1","max-image-preview":"max-image-preview:large","max-video-preview":"max-video-preview:-1"},"canonical":"https:\/\/plamdistributions.com\/produit\/pine-a-bac-de-zep-4-x-4-lts\/","og_locale":"en_US","og_type":"article","og_title":"****** DISCONTINU\u00c9 ****** PINE-A-BAC DE ZEP 4 X 4LTS | Pla-M Distributions","og_description":"Code: ZEP-231954C \u2713 Bo\u00eete de 4 unit\u00e9s Pine \u00e0 bac multi-usages de Zep nettoie et d\u00e9sodorise en une seule \u00e9tape.","og_url":"https:\/\/plamdistributions.com\/produit\/pine-a-bac-de-zep-4-x-4-lts\/","og_site_name":"Pla-M Distributions","article_publisher":"https:\/\/www.facebook.com\/displam\/","article_modified_time":"2024-06-13T19:05:45+00:00","og_image":[{"width":1000,"height":1000,"url":"https:\/\/plamdistributions.com\/wp-content\/uploads\/2021\/05\/ZEP-231954C.jpg","type":"image\/jpeg"}],"twitter_card":"summary_large_image","twitter_site":"@Displam","twitter_misc":{"Est. reading time":"1 minute"},"schema":{"@context":"https:\/\/schema.org","@graph":[{"@type":"WebPage","@id":"https:\/\/plamdistributions.com\/produit\/pine-a-bac-de-zep-4-x-4-lts\/","url":"https:\/\/plamdistributions.com\/produit\/pine-a-bac-de-zep-4-x-4-lts\/","name":"****** DISCONTINU\u00c9 ****** PINE-A-BAC DE ZEP 4 X 4LTS | Pla-M Distributions","isPartOf":{"@id":"https:\/\/plamdistributions.com\/en\/#website"},"primaryImageOfPage":{"@id":"https:\/\/plamdistributions.com\/produit\/pine-a-bac-de-zep-4-x-4-lts\/#primaryimage"},"image":{"@id":"https:\/\/plamdistributions.com\/produit\/pine-a-bac-de-zep-4-x-4-lts\/#primaryimage"},"thumbnailUrl":"https:\/\/plamdistributions.com\/wp-content\/uploads\/2021\/05\/ZEP-231954C.jpg","datePublished":"2021-05-21T19:03:08+00:00","dateModified":"2024-06-13T19:05:45+00:00","breadcrumb":{"@id":"https:\/\/plamdistributions.com\/produit\/pine-a-bac-de-zep-4-x-4-lts\/#breadcrumb"},"inLanguage":"en-US","potentialAction":[{"@type":"ReadAction","target":["https:\/\/plamdistributions.com\/produit\/pine-a-bac-de-zep-4-x-4-lts\/"]}]},{"@type":"ImageObject","inLanguage":"en-US","@id":"https:\/\/plamdistributions.com\/produit\/pine-a-bac-de-zep-4-x-4-lts\/#primaryimage","url":"https:\/\/plamdistributions.com\/wp-content\/uploads\/2021\/05\/ZEP-231954C.jpg","contentUrl":"https:\/\/plamdistributions.com\/wp-content\/uploads\/2021\/05\/ZEP-231954C.jpg","width":1000,"height":1000},{"@type":"BreadcrumbList","@id":"https:\/\/plamdistributions.com\/produit\/pine-a-bac-de-zep-4-x-4-lts\/#breadcrumb","itemListElement":[{"@type":"ListItem","position":1,"name":"Accueil","item":"https:\/\/plamdistributions.com\/en\/"},{"@type":"ListItem","position":2,"name":"Shop","item":"https:\/\/plamdistributions.com\/en\/shop\/"},{"@type":"ListItem","position":3,"name":"****** DISCONTINU\u00c9 ****** PINE-A-BAC DE ZEP 4 X 4LTS"}]},{"@type":"WebSite","@id":"https:\/\/plamdistributions.com\/en\/#website","url":"https:\/\/plamdistributions.com\/en\/","name":"Distributions Pla-M Inc.","description":"Sale of sanitary products and equipment","publisher":{"@id":"https:\/\/plamdistributions.com\/en\/#organization"},"potentialAction":[{"@type":"SearchAction","target":{"@type":"EntryPoint","urlTemplate":"https:\/\/plamdistributions.com\/en\/?s={search_term_string}"},"query-input":{"@type":"PropertyValueSpecification","valueRequired":true,"valueName":"search_term_string"}}],"inLanguage":"en-US"},{"@type":"Organization","@id":"https:\/\/plamdistributions.com\/en\/#organization","name":"Distributions Pla-M","url":"https:\/\/plamdistributions.com\/en\/","logo":{"@type":"ImageObject","inLanguage":"en-US","@id":"https:\/\/plamdistributions.com\/en\/#\/schema\/logo\/image\/","url":"https:\/\/plamdistributions.com\/wp-content\/uploads\/2021\/05\/PLAM-SANS.png","contentUrl":"https:\/\/plamdistributions.com\/wp-content\/uploads\/2021\/05\/PLAM-SANS.png","width":289,"height":224,"caption":"Distributions Pla-M"},"image":{"@id":"https:\/\/plamdistributions.com\/en\/#\/schema\/logo\/image\/"},"sameAs":["https:\/\/www.facebook.com\/displam\/","https:\/\/x.com\/Displam","https:\/\/www.youtube.com\/channel\/UCHmm3HCGnpGuaQ984quISDg"]}]}},"_links":{"self":[{"href":"https:\/\/plamdistributions.com\/en\/wp-json\/wp\/v2\/product\/26323","targetHints":{"allow":["GET"]}}],"collection":[{"href":"https:\/\/plamdistributions.com\/en\/wp-json\/wp\/v2\/product"}],"about":[{"href":"https:\/\/plamdistributions.com\/en\/wp-json\/wp\/v2\/types\/product"}],"replies":[{"embeddable":true,"href":"https:\/\/plamdistributions.com\/en\/wp-json\/wp\/v2\/comments?post=26323"}],"wp:featuredmedia":[{"embeddable":true,"href":"https:\/\/plamdistributions.com\/en\/wp-json\/wp\/v2\/media\/26322"}],"wp:attachment":[{"href":"https:\/\/plamdistributions.com\/en\/wp-json\/wp\/v2\/media?parent=26323"}],"wp:term":[{"taxonomy":"product_brand","embeddable":true,"href":"https:\/\/plamdistributions.com\/en\/wp-json\/wp\/v2\/product_brand?post=26323"},{"taxonomy":"product_cat","embeddable":true,"href":"https:\/\/plamdistributions.com\/en\/wp-json\/wp\/v2\/product_cat?post=26323"},{"taxonomy":"product_tag","embeddable":true,"href":"https:\/\/plamdistributions.com\/en\/wp-json\/wp\/v2\/product_tag?post=26323"}],"curies":[{"name":"wp","href":"https:\/\/api.w.org\/{rel}","templated":true}]}}