{"id":26621,"date":"2021-05-21T15:05:31","date_gmt":"2021-05-21T19:05:31","guid":{"rendered":"https:\/\/plamdistributions.com\/produit\/lustrant-pour-pneus-sprayway-sw930-tire-shine\/"},"modified":"2026-01-05T12:36:25","modified_gmt":"2026-01-05T16:36:25","slug":"lustrant-pour-pneus-sprayway-sw930-tire-shine","status":"publish","type":"product","link":"https:\/\/plamdistributions.com\/en\/produit\/lustrant-pour-pneus-sprayway-sw930-tire-shine\/","title":{"rendered":"LUSTRANT POUR PNEUS SPRAYWAY 20OZ ( TIRE SHINE)"},"content":{"rendered":"<p><strong>Code: SW930<\/strong><\/p>\n<div class=\"col-xs-12\">\n<div id=\"product-tab-desc\" class=\"details-accordian-body\">\n<p>Un brillant rapide et facile \u00e0 utiliser pour les pneus donne \u00e0 vos pneus un aspect \u00abmouill\u00e9\u00bb durable, am\u00e9liorant l&#8217;apparence g\u00e9n\u00e9rale de votre v\u00e9hicule. La formulation Tire Shine de Sprayway aide \u00e0 redonner corps, humidit\u00e9 et vie aux pneus et garnitures dess\u00e9ch\u00e9s. Le motif de pulv\u00e9risation personnalis\u00e9 est parfait pour les pneus \u00e0 profil \u00e9troit ou bas vous permettant de pulv\u00e9riser et de partir &#8211; aucun essuyage n&#8217;est requis! Ce produit est formul\u00e9 pour ne pas endommager les roues en aluminium enduites et les enjoliveurs en plastique.<\/p>\n<\/div>\n<\/div>\n<p><strong>\u2713\u00a0 Fabricant: Sprayway<\/strong><\/p>\n","protected":false},"excerpt":{"rendered":"<p>Code: SW930 Un brillant rapide et facile \u00e0 utiliser pour les pneus donne \u00e0 vos pneus un aspect \u00abmouill\u00e9\u00bb durable,<\/p>\n","protected":false},"featured_media":26620,"comment_status":"closed","ping_status":"closed","template":"","meta":[],"product_brand":[],"product_cat":[62,109],"product_tag":[],"class_list":{"0":"post-26621","1":"product","2":"type-product","3":"status-publish","4":"has-post-thumbnail","6":"product_cat-produits-dentretien-menager","7":"product_cat-produits-pour-le-nettoyage-general","8":"product_shipping_class-standard","10":"first","11":"instock","12":"featured","13":"taxable","14":"shipping-taxable","15":"purchasable","16":"product-type-simple"},"yoast_head":"<!-- This site is optimized with the Yoast SEO plugin v27.4 - https:\/\/yoast.com\/product\/yoast-seo-wordpress\/ -->\n<title>LUSTRANT POUR PNEUS SPRAYWAY 20OZ ( TIRE SHINE) | Pla-M Distributions<\/title>\n<meta name=\"robots\" content=\"index, follow, max-snippet:-1, max-image-preview:large, max-video-preview:-1\" \/>\n<link rel=\"canonical\" href=\"https:\/\/plamdistributions.com\/produit\/lustrant-pour-pneus-sprayway-sw930-tire-shine\/\" \/>\n<meta property=\"og:locale\" content=\"en_US\" \/>\n<meta property=\"og:type\" content=\"article\" \/>\n<meta property=\"og:title\" content=\"LUSTRANT POUR PNEUS SPRAYWAY 20OZ ( TIRE SHINE) | Pla-M Distributions\" \/>\n<meta property=\"og:description\" content=\"Code: SW930 Un brillant rapide et facile \u00e0 utiliser pour les pneus donne \u00e0 vos pneus un aspect \u00abmouill\u00e9\u00bb durable,\" \/>\n<meta property=\"og:url\" content=\"https:\/\/plamdistributions.com\/produit\/lustrant-pour-pneus-sprayway-sw930-tire-shine\/\" \/>\n<meta property=\"og:site_name\" content=\"Pla-M Distributions\" \/>\n<meta property=\"article:publisher\" content=\"https:\/\/www.facebook.com\/displam\/\" \/>\n<meta property=\"article:modified_time\" content=\"2026-01-05T16:36:25+00:00\" \/>\n<meta property=\"og:image\" content=\"https:\/\/plamdistributions.com\/wp-content\/uploads\/2021\/05\/SW930.jpg\" \/>\n\t<meta property=\"og:image:width\" content=\"600\" \/>\n\t<meta property=\"og:image:height\" content=\"600\" \/>\n\t<meta property=\"og:image:type\" content=\"image\/jpeg\" \/>\n<meta name=\"twitter:card\" content=\"summary_large_image\" \/>\n<meta name=\"twitter:site\" content=\"@Displam\" \/>\n<script type=\"application\/ld+json\" class=\"yoast-schema-graph\">{\"@context\":\"https:\\\/\\\/schema.org\",\"@graph\":[{\"@type\":\"WebPage\",\"@id\":\"https:\\\/\\\/plamdistributions.com\\\/produit\\\/lustrant-pour-pneus-sprayway-sw930-tire-shine\\\/\",\"url\":\"https:\\\/\\\/plamdistributions.com\\\/produit\\\/lustrant-pour-pneus-sprayway-sw930-tire-shine\\\/\",\"name\":\"LUSTRANT POUR PNEUS SPRAYWAY 20OZ ( TIRE SHINE) | Pla-M Distributions\",\"isPartOf\":{\"@id\":\"https:\\\/\\\/plamdistributions.com\\\/#website\"},\"primaryImageOfPage\":{\"@id\":\"https:\\\/\\\/plamdistributions.com\\\/produit\\\/lustrant-pour-pneus-sprayway-sw930-tire-shine\\\/#primaryimage\"},\"image\":{\"@id\":\"https:\\\/\\\/plamdistributions.com\\\/produit\\\/lustrant-pour-pneus-sprayway-sw930-tire-shine\\\/#primaryimage\"},\"thumbnailUrl\":\"https:\\\/\\\/plamdistributions.com\\\/wp-content\\\/uploads\\\/2021\\\/05\\\/SW930.jpg\",\"datePublished\":\"2021-05-21T19:05:31+00:00\",\"dateModified\":\"2026-01-05T16:36:25+00:00\",\"breadcrumb\":{\"@id\":\"https:\\\/\\\/plamdistributions.com\\\/produit\\\/lustrant-pour-pneus-sprayway-sw930-tire-shine\\\/#breadcrumb\"},\"inLanguage\":\"en-US\",\"potentialAction\":[{\"@type\":\"ReadAction\",\"target\":[\"https:\\\/\\\/plamdistributions.com\\\/produit\\\/lustrant-pour-pneus-sprayway-sw930-tire-shine\\\/\"]}]},{\"@type\":\"ImageObject\",\"inLanguage\":\"en-US\",\"@id\":\"https:\\\/\\\/plamdistributions.com\\\/produit\\\/lustrant-pour-pneus-sprayway-sw930-tire-shine\\\/#primaryimage\",\"url\":\"https:\\\/\\\/plamdistributions.com\\\/wp-content\\\/uploads\\\/2021\\\/05\\\/SW930.jpg\",\"contentUrl\":\"https:\\\/\\\/plamdistributions.com\\\/wp-content\\\/uploads\\\/2021\\\/05\\\/SW930.jpg\",\"width\":600,\"height\":600},{\"@type\":\"BreadcrumbList\",\"@id\":\"https:\\\/\\\/plamdistributions.com\\\/produit\\\/lustrant-pour-pneus-sprayway-sw930-tire-shine\\\/#breadcrumb\",\"itemListElement\":[{\"@type\":\"ListItem\",\"position\":1,\"name\":\"Accueil\",\"item\":\"https:\\\/\\\/plamdistributions.com\\\/en\\\/\"},{\"@type\":\"ListItem\",\"position\":2,\"name\":\"Shop\",\"item\":\"https:\\\/\\\/plamdistributions.com\\\/en\\\/shop\\\/\"},{\"@type\":\"ListItem\",\"position\":3,\"name\":\"LUSTRANT POUR PNEUS SPRAYWAY 20OZ ( TIRE SHINE)\"}]},{\"@type\":\"WebSite\",\"@id\":\"https:\\\/\\\/plamdistributions.com\\\/#website\",\"url\":\"https:\\\/\\\/plamdistributions.com\\\/\",\"name\":\"Distributions Pla-M Inc.\",\"description\":\"Sale of sanitary products and equipment\",\"publisher\":{\"@id\":\"https:\\\/\\\/plamdistributions.com\\\/#organization\"},\"potentialAction\":[{\"@type\":\"SearchAction\",\"target\":{\"@type\":\"EntryPoint\",\"urlTemplate\":\"https:\\\/\\\/plamdistributions.com\\\/?s={search_term_string}\"},\"query-input\":{\"@type\":\"PropertyValueSpecification\",\"valueRequired\":true,\"valueName\":\"search_term_string\"}}],\"inLanguage\":\"en-US\"},{\"@type\":\"Organization\",\"@id\":\"https:\\\/\\\/plamdistributions.com\\\/#organization\",\"name\":\"Distributions Pla-M\",\"url\":\"https:\\\/\\\/plamdistributions.com\\\/\",\"logo\":{\"@type\":\"ImageObject\",\"inLanguage\":\"en-US\",\"@id\":\"https:\\\/\\\/plamdistributions.com\\\/#\\\/schema\\\/logo\\\/image\\\/\",\"url\":\"https:\\\/\\\/plamdistributions.com\\\/wp-content\\\/uploads\\\/2021\\\/05\\\/PLAM-SANS.png\",\"contentUrl\":\"https:\\\/\\\/plamdistributions.com\\\/wp-content\\\/uploads\\\/2021\\\/05\\\/PLAM-SANS.png\",\"width\":289,\"height\":224,\"caption\":\"Distributions Pla-M\"},\"image\":{\"@id\":\"https:\\\/\\\/plamdistributions.com\\\/#\\\/schema\\\/logo\\\/image\\\/\"},\"sameAs\":[\"https:\\\/\\\/www.facebook.com\\\/displam\\\/\",\"https:\\\/\\\/x.com\\\/Displam\",\"https:\\\/\\\/www.youtube.com\\\/channel\\\/UCHmm3HCGnpGuaQ984quISDg\"]}]}<\/script>\n<!-- \/ Yoast SEO plugin. -->","yoast_head_json":{"title":"LUSTRANT POUR PNEUS SPRAYWAY 20OZ ( TIRE SHINE) | Pla-M Distributions","robots":{"index":"index","follow":"follow","max-snippet":"max-snippet:-1","max-image-preview":"max-image-preview:large","max-video-preview":"max-video-preview:-1"},"canonical":"https:\/\/plamdistributions.com\/produit\/lustrant-pour-pneus-sprayway-sw930-tire-shine\/","og_locale":"en_US","og_type":"article","og_title":"LUSTRANT POUR PNEUS SPRAYWAY 20OZ ( TIRE SHINE) | Pla-M Distributions","og_description":"Code: SW930 Un brillant rapide et facile \u00e0 utiliser pour les pneus donne \u00e0 vos pneus un aspect \u00abmouill\u00e9\u00bb durable,","og_url":"https:\/\/plamdistributions.com\/produit\/lustrant-pour-pneus-sprayway-sw930-tire-shine\/","og_site_name":"Pla-M Distributions","article_publisher":"https:\/\/www.facebook.com\/displam\/","article_modified_time":"2026-01-05T16:36:25+00:00","og_image":[{"width":600,"height":600,"url":"https:\/\/plamdistributions.com\/wp-content\/uploads\/2021\/05\/SW930.jpg","type":"image\/jpeg"}],"twitter_card":"summary_large_image","twitter_site":"@Displam","schema":{"@context":"https:\/\/schema.org","@graph":[{"@type":"WebPage","@id":"https:\/\/plamdistributions.com\/produit\/lustrant-pour-pneus-sprayway-sw930-tire-shine\/","url":"https:\/\/plamdistributions.com\/produit\/lustrant-pour-pneus-sprayway-sw930-tire-shine\/","name":"LUSTRANT POUR PNEUS SPRAYWAY 20OZ ( TIRE SHINE) | Pla-M Distributions","isPartOf":{"@id":"https:\/\/plamdistributions.com\/#website"},"primaryImageOfPage":{"@id":"https:\/\/plamdistributions.com\/produit\/lustrant-pour-pneus-sprayway-sw930-tire-shine\/#primaryimage"},"image":{"@id":"https:\/\/plamdistributions.com\/produit\/lustrant-pour-pneus-sprayway-sw930-tire-shine\/#primaryimage"},"thumbnailUrl":"https:\/\/plamdistributions.com\/wp-content\/uploads\/2021\/05\/SW930.jpg","datePublished":"2021-05-21T19:05:31+00:00","dateModified":"2026-01-05T16:36:25+00:00","breadcrumb":{"@id":"https:\/\/plamdistributions.com\/produit\/lustrant-pour-pneus-sprayway-sw930-tire-shine\/#breadcrumb"},"inLanguage":"en-US","potentialAction":[{"@type":"ReadAction","target":["https:\/\/plamdistributions.com\/produit\/lustrant-pour-pneus-sprayway-sw930-tire-shine\/"]}]},{"@type":"ImageObject","inLanguage":"en-US","@id":"https:\/\/plamdistributions.com\/produit\/lustrant-pour-pneus-sprayway-sw930-tire-shine\/#primaryimage","url":"https:\/\/plamdistributions.com\/wp-content\/uploads\/2021\/05\/SW930.jpg","contentUrl":"https:\/\/plamdistributions.com\/wp-content\/uploads\/2021\/05\/SW930.jpg","width":600,"height":600},{"@type":"BreadcrumbList","@id":"https:\/\/plamdistributions.com\/produit\/lustrant-pour-pneus-sprayway-sw930-tire-shine\/#breadcrumb","itemListElement":[{"@type":"ListItem","position":1,"name":"Accueil","item":"https:\/\/plamdistributions.com\/en\/"},{"@type":"ListItem","position":2,"name":"Shop","item":"https:\/\/plamdistributions.com\/en\/shop\/"},{"@type":"ListItem","position":3,"name":"LUSTRANT POUR PNEUS SPRAYWAY 20OZ ( TIRE SHINE)"}]},{"@type":"WebSite","@id":"https:\/\/plamdistributions.com\/#website","url":"https:\/\/plamdistributions.com\/","name":"Distributions Pla-M Inc.","description":"Sale of sanitary products and equipment","publisher":{"@id":"https:\/\/plamdistributions.com\/#organization"},"potentialAction":[{"@type":"SearchAction","target":{"@type":"EntryPoint","urlTemplate":"https:\/\/plamdistributions.com\/?s={search_term_string}"},"query-input":{"@type":"PropertyValueSpecification","valueRequired":true,"valueName":"search_term_string"}}],"inLanguage":"en-US"},{"@type":"Organization","@id":"https:\/\/plamdistributions.com\/#organization","name":"Distributions Pla-M","url":"https:\/\/plamdistributions.com\/","logo":{"@type":"ImageObject","inLanguage":"en-US","@id":"https:\/\/plamdistributions.com\/#\/schema\/logo\/image\/","url":"https:\/\/plamdistributions.com\/wp-content\/uploads\/2021\/05\/PLAM-SANS.png","contentUrl":"https:\/\/plamdistributions.com\/wp-content\/uploads\/2021\/05\/PLAM-SANS.png","width":289,"height":224,"caption":"Distributions Pla-M"},"image":{"@id":"https:\/\/plamdistributions.com\/#\/schema\/logo\/image\/"},"sameAs":["https:\/\/www.facebook.com\/displam\/","https:\/\/x.com\/Displam","https:\/\/www.youtube.com\/channel\/UCHmm3HCGnpGuaQ984quISDg"]}]}},"_links":{"self":[{"href":"https:\/\/plamdistributions.com\/en\/wp-json\/wp\/v2\/product\/26621","targetHints":{"allow":["GET"]}}],"collection":[{"href":"https:\/\/plamdistributions.com\/en\/wp-json\/wp\/v2\/product"}],"about":[{"href":"https:\/\/plamdistributions.com\/en\/wp-json\/wp\/v2\/types\/product"}],"replies":[{"embeddable":true,"href":"https:\/\/plamdistributions.com\/en\/wp-json\/wp\/v2\/comments?post=26621"}],"wp:featuredmedia":[{"embeddable":true,"href":"https:\/\/plamdistributions.com\/en\/wp-json\/wp\/v2\/media\/26620"}],"wp:attachment":[{"href":"https:\/\/plamdistributions.com\/en\/wp-json\/wp\/v2\/media?parent=26621"}],"wp:term":[{"taxonomy":"product_brand","embeddable":true,"href":"https:\/\/plamdistributions.com\/en\/wp-json\/wp\/v2\/product_brand?post=26621"},{"taxonomy":"product_cat","embeddable":true,"href":"https:\/\/plamdistributions.com\/en\/wp-json\/wp\/v2\/product_cat?post=26621"},{"taxonomy":"product_tag","embeddable":true,"href":"https:\/\/plamdistributions.com\/en\/wp-json\/wp\/v2\/product_tag?post=26621"}],"curies":[{"name":"wp","href":"https:\/\/api.w.org\/{rel}","templated":true}]}}