{"id":28817,"date":"2021-05-21T14:34:05","date_gmt":"2021-08-10T13:46:58","guid":{"rendered":"https:\/\/plamdistributions.com\/produit\/aigle-concentrated-all-purpose-cleaner-antibacterial\/"},"modified":"2022-06-28T14:45:43","modified_gmt":"2022-06-28T18:45:43","slug":"aigle-concentrated-all-purpose-cleaner-antibacterial","status":"publish","type":"product","link":"https:\/\/plamdistributions.com\/en\/produit\/aigle-concentrated-all-purpose-cleaner-antibacterial\/","title":{"rendered":"AIGLE ANTIBACTERIAL CLEANER &amp; DEGREASER"},"content":{"rendered":"<h4><a href=\"http:\/\/plamdistributions.com\/wp-content\/uploads\/2021\/05\/AIGLE-FT.pdf\" target=\"_blank\" rel=\"- AIGLE Distributions Fiche Nettoyant Pla-M Super antibact\u00e9rien d\u00e9graissant multi-usage noopener puissant technique\"><img decoding=\"async\" class=\"alignnone wp-image-28821\" title=\"Fiche technique AIGLE Nettoyant d\u00e9graissant multi-usage antibact\u00e9rien - Super puissant Distributions Pla-M\" src=\"http:\/\/plamdistributions.com\/wp-content\/uploads\/2021\/06\/Fiche-technique.jpg\" alt=\"Fiche technique AIGLE Nettoyant d\u00e9graissant multi-usage antibact\u00e9rien - Super puissant Distributions Pla-M\" width=\"144\" height=\"64\" srcset=\"https:\/\/plamdistributions.com\/wp-content\/uploads\/2021\/06\/Fiche-technique-200x89.jpg 200w, https:\/\/plamdistributions.com\/wp-content\/uploads\/2021\/06\/Fiche-technique-300x134.jpg 300w, https:\/\/plamdistributions.com\/wp-content\/uploads\/2021\/06\/Fiche-technique.jpg 400w\" sizes=\"(max-width: 144px) 100vw, 144px\" \/><\/a><a href=\"http:\/\/plamdistributions.com\/wp-content\/uploads\/2021\/05\/AIGLE-FTA-1.pdf\" target=\"_blank\" rel=\"AIGLE All-Purpose Antibacterial Cleaner Concentrated Distributions Pla-M Technical data noopener sheet\"><img decoding=\"async\" class=\"alignnone wp-image-28824\" title=\"Technical data sheet AIGLE Concentrated All-Purpose Cleaner Antibacterial Distributions Pla-M\" src=\"http:\/\/plamdistributions.com\/wp-content\/uploads\/2021\/06\/Technical-data-sheet.jpg\" alt=\"Technical data sheet AIGLE Concentrated All-Purpose Cleaner Antibacterial Distributions Pla-M\" width=\"144\" height=\"64\" srcset=\"https:\/\/plamdistributions.com\/wp-content\/uploads\/2021\/06\/Technical-data-sheet-200x89.jpg 200w, https:\/\/plamdistributions.com\/wp-content\/uploads\/2021\/06\/Technical-data-sheet-300x134.jpg 300w, https:\/\/plamdistributions.com\/wp-content\/uploads\/2021\/06\/Technical-data-sheet.jpg 400w\" sizes=\"(max-width: 144px) 100vw, 144px\" \/><\/a><a href=\"http:\/\/plamdistributions.com\/wp-content\/uploads\/2021\/05\/AIGLE_FRE.pdf\" target=\"_blank\" rel=\"&amp; AIGLE Distributions Fiche Pla-M antibact\u00e9rien d\u00e9graissant nettoyant noopener signal\u00e9tique\"><img decoding=\"async\" class=\"alignnone wp-image-39485\" title=\"Fiche signal\u00e9tique AIGLE nettoyant &amp; d\u00e9graissant antibact\u00e9rien Distributions Pla-M\" src=\"http:\/\/plamdistributions.com\/wp-content\/uploads\/2021\/06\/Fiche-signaletique-300x134.jpg\" alt=\"Fiche signal\u00e9tique AIGLE nettoyant &amp; d\u00e9graissant antibact\u00e9rien Distributions Pla-M\" width=\"141\" height=\"63\" srcset=\"https:\/\/plamdistributions.com\/wp-content\/uploads\/2021\/06\/Fiche-signaletique-200x89.jpg 200w, https:\/\/plamdistributions.com\/wp-content\/uploads\/2021\/06\/Fiche-signaletique-300x134.jpg 300w, https:\/\/plamdistributions.com\/wp-content\/uploads\/2021\/06\/Fiche-signaletique.jpg 400w\" sizes=\"(max-width: 141px) 100vw, 141px\" \/><\/a><strong><a href=\"http:\/\/plamdistributions.com\/wp-content\/uploads\/2021\/05\/AIGLE-EN.pdf\" target=\"_blank\" rel=\"AIGLE Distributions Pla-M Safety and antibacterial cleaner data degreaser noopener sheet\"><img decoding=\"async\" class=\"alignnone wp-image-39483\" title=\"Safety data sheet AIGLE antibacterial cleaner and degreaser Distributions Pla-M\" src=\"http:\/\/plamdistributions.com\/wp-content\/uploads\/2021\/05\/Safety-data-sheet-300x134.png\" alt=\"Safety data sheet AIGLE antibacterial cleaner and degreaser Distributions Pla-M\" width=\"148\" height=\"66\" srcset=\"https:\/\/plamdistributions.com\/wp-content\/uploads\/2021\/05\/Safety-data-sheet-200x89.png 200w, https:\/\/plamdistributions.com\/wp-content\/uploads\/2021\/05\/Safety-data-sheet-300x134.png 300w, https:\/\/plamdistributions.com\/wp-content\/uploads\/2021\/05\/Safety-data-sheet.png 400w\" sizes=\"(max-width: 148px) 100vw, 148px\" \/><\/a><\/strong><\/h4>\n<p><strong>Code: AIGLE<\/strong><\/p>\n<p><strong>AIGLE<\/strong> is an extremely efficient antibacterial degreasing cleaner for the most demanding degreasing. Its powerful cleaning agents begin to work immediately by suspending, emulsifying and floating away ink, soot, carbon, grease, wax, soil, dirt, oil, black streaks and stains of all type on all washable surfaces without damaging the finish! For industrial or residential cleaning task, interior or exterior. Immediate and unbelievable results on all type of indoor or outdoor finish (brick, aluminium, PVC, vinyl, glass fibre, marble, melamine), concrete pave, pool, spa, hardwood or laminate floor, all type of fabric covering (armchair, chair), kitchen appliance, range hood, floor covering (linoleum, ceramic tiles, carpeting), electronic filter, sporting good, all type of vehicles (car, truck, motor home, boat, ATV, snowmobile), heavy machinery, motor, machine parts, tires, mag wheels, spoke wheels, and car interior.<\/p>\n<p><strong>\u2713 Exclusive product: Distributions Pla-M <\/strong><\/p>\n","protected":false},"excerpt":{"rendered":"<p><iframe title=\"YouTube video player\" src=\"https:\/\/www.youtube.com\/embed\/oe9EU7ZzLkk\" width=\"560\" height=\"315\" frameborder=\"0\" allowfullscreen=\"allowfullscreen\"><\/iframe><\/p>\n","protected":false},"featured_media":23313,"comment_status":"closed","ping_status":"closed","template":"","meta":[],"product_brand":[],"product_cat":[686,691,758,757,756,755],"product_tag":[],"class_list":{"0":"post-28817","1":"product","2":"type-product","3":"status-publish","4":"has-post-thumbnail","6":"product_cat-cleaning-products","7":"product_cat-productos-de-limpieza","8":"product_cat-productos-para-la-limpieza-general","9":"product_cat-productos-pla-m","10":"product_cat-products-for-general-cleaning","11":"product_cat-products-pla-m","12":"product_shipping_class-standard-en","13":"product_shipping_class-standard-es","15":"first","16":"instock","17":"featured","18":"taxable","19":"shipping-taxable","20":"purchasable","21":"product-type-variable"},"yoast_head":"<!-- This site is optimized with the Yoast SEO plugin v27.4 - https:\/\/yoast.com\/product\/yoast-seo-wordpress\/ -->\n<title>AIGLE ANTIBACTERIAL CLEANER &amp; DEGREASER | Pla-M Distributions<\/title>\n<meta name=\"robots\" content=\"index, follow, max-snippet:-1, max-image-preview:large, max-video-preview:-1\" \/>\n<link rel=\"canonical\" href=\"https:\/\/plamdistributions.com\/en\/produit\/aigle-concentrated-all-purpose-cleaner-antibacterial\/\" \/>\n<meta property=\"og:locale\" content=\"en_US\" \/>\n<meta property=\"og:type\" content=\"article\" \/>\n<meta property=\"og:title\" content=\"AIGLE ANTIBACTERIAL CLEANER &amp; DEGREASER | Pla-M Distributions\" \/>\n<meta property=\"og:url\" content=\"https:\/\/plamdistributions.com\/en\/produit\/aigle-concentrated-all-purpose-cleaner-antibacterial\/\" \/>\n<meta property=\"og:site_name\" content=\"Pla-M Distributions\" \/>\n<meta property=\"article:publisher\" content=\"https:\/\/www.facebook.com\/displam\/\" \/>\n<meta property=\"article:modified_time\" content=\"2022-06-28T18:45:43+00:00\" \/>\n<meta property=\"og:image\" content=\"https:\/\/plamdistributions.com\/wp-content\/uploads\/2021\/05\/AIGLE-1.jpg\" \/>\n\t<meta property=\"og:image:width\" content=\"600\" \/>\n\t<meta property=\"og:image:height\" content=\"600\" \/>\n\t<meta property=\"og:image:type\" content=\"image\/jpeg\" \/>\n<meta name=\"twitter:card\" content=\"summary_large_image\" \/>\n<meta name=\"twitter:site\" content=\"@Displam\" \/>\n<meta name=\"twitter:label1\" content=\"Est. reading time\" \/>\n\t<meta name=\"twitter:data1\" content=\"1 minute\" \/>\n<script type=\"application\/ld+json\" class=\"yoast-schema-graph\">{\"@context\":\"https:\\\/\\\/schema.org\",\"@graph\":[{\"@type\":\"WebPage\",\"@id\":\"https:\\\/\\\/plamdistributions.com\\\/en\\\/produit\\\/aigle-concentrated-all-purpose-cleaner-antibacterial\\\/\",\"url\":\"https:\\\/\\\/plamdistributions.com\\\/en\\\/produit\\\/aigle-concentrated-all-purpose-cleaner-antibacterial\\\/\",\"name\":\"AIGLE ANTIBACTERIAL CLEANER &amp; DEGREASER | Pla-M Distributions\",\"isPartOf\":{\"@id\":\"https:\\\/\\\/plamdistributions.com\\\/en\\\/#website\"},\"primaryImageOfPage\":{\"@id\":\"https:\\\/\\\/plamdistributions.com\\\/en\\\/produit\\\/aigle-concentrated-all-purpose-cleaner-antibacterial\\\/#primaryimage\"},\"image\":{\"@id\":\"https:\\\/\\\/plamdistributions.com\\\/en\\\/produit\\\/aigle-concentrated-all-purpose-cleaner-antibacterial\\\/#primaryimage\"},\"thumbnailUrl\":\"https:\\\/\\\/plamdistributions.com\\\/wp-content\\\/uploads\\\/2021\\\/05\\\/AIGLE-1.jpg\",\"datePublished\":\"2021-08-10T13:46:58+00:00\",\"dateModified\":\"2022-06-28T18:45:43+00:00\",\"breadcrumb\":{\"@id\":\"https:\\\/\\\/plamdistributions.com\\\/en\\\/produit\\\/aigle-concentrated-all-purpose-cleaner-antibacterial\\\/#breadcrumb\"},\"inLanguage\":\"en-US\",\"potentialAction\":[{\"@type\":\"ReadAction\",\"target\":[\"https:\\\/\\\/plamdistributions.com\\\/en\\\/produit\\\/aigle-concentrated-all-purpose-cleaner-antibacterial\\\/\"]}]},{\"@type\":\"ImageObject\",\"inLanguage\":\"en-US\",\"@id\":\"https:\\\/\\\/plamdistributions.com\\\/en\\\/produit\\\/aigle-concentrated-all-purpose-cleaner-antibacterial\\\/#primaryimage\",\"url\":\"https:\\\/\\\/plamdistributions.com\\\/wp-content\\\/uploads\\\/2021\\\/05\\\/AIGLE-1.jpg\",\"contentUrl\":\"https:\\\/\\\/plamdistributions.com\\\/wp-content\\\/uploads\\\/2021\\\/05\\\/AIGLE-1.jpg\",\"width\":600,\"height\":600,\"caption\":\"AIGLE Concentrated All-Purpose Cleaner Antibacterial exclusive Distributions Pla-M product\"},{\"@type\":\"BreadcrumbList\",\"@id\":\"https:\\\/\\\/plamdistributions.com\\\/en\\\/produit\\\/aigle-concentrated-all-purpose-cleaner-antibacterial\\\/#breadcrumb\",\"itemListElement\":[{\"@type\":\"ListItem\",\"position\":1,\"name\":\"Accueil\",\"item\":\"https:\\\/\\\/plamdistributions.com\\\/en\\\/\"},{\"@type\":\"ListItem\",\"position\":2,\"name\":\"Shop\",\"item\":\"https:\\\/\\\/plamdistributions.com\\\/en\\\/shop\\\/\"},{\"@type\":\"ListItem\",\"position\":3,\"name\":\"AIGLE ANTIBACTERIAL CLEANER &amp; DEGREASER\"}]},{\"@type\":\"WebSite\",\"@id\":\"https:\\\/\\\/plamdistributions.com\\\/en\\\/#website\",\"url\":\"https:\\\/\\\/plamdistributions.com\\\/en\\\/\",\"name\":\"Distributions Pla-M Inc.\",\"description\":\"Sale of sanitary products and equipment\",\"publisher\":{\"@id\":\"https:\\\/\\\/plamdistributions.com\\\/en\\\/#organization\"},\"potentialAction\":[{\"@type\":\"SearchAction\",\"target\":{\"@type\":\"EntryPoint\",\"urlTemplate\":\"https:\\\/\\\/plamdistributions.com\\\/en\\\/?s={search_term_string}\"},\"query-input\":{\"@type\":\"PropertyValueSpecification\",\"valueRequired\":true,\"valueName\":\"search_term_string\"}}],\"inLanguage\":\"en-US\"},{\"@type\":\"Organization\",\"@id\":\"https:\\\/\\\/plamdistributions.com\\\/en\\\/#organization\",\"name\":\"Distributions Pla-M\",\"url\":\"https:\\\/\\\/plamdistributions.com\\\/en\\\/\",\"logo\":{\"@type\":\"ImageObject\",\"inLanguage\":\"en-US\",\"@id\":\"https:\\\/\\\/plamdistributions.com\\\/en\\\/#\\\/schema\\\/logo\\\/image\\\/\",\"url\":\"https:\\\/\\\/plamdistributions.com\\\/wp-content\\\/uploads\\\/2021\\\/05\\\/PLAM-SANS.png\",\"contentUrl\":\"https:\\\/\\\/plamdistributions.com\\\/wp-content\\\/uploads\\\/2021\\\/05\\\/PLAM-SANS.png\",\"width\":289,\"height\":224,\"caption\":\"Distributions Pla-M\"},\"image\":{\"@id\":\"https:\\\/\\\/plamdistributions.com\\\/en\\\/#\\\/schema\\\/logo\\\/image\\\/\"},\"sameAs\":[\"https:\\\/\\\/www.facebook.com\\\/displam\\\/\",\"https:\\\/\\\/x.com\\\/Displam\",\"https:\\\/\\\/www.youtube.com\\\/channel\\\/UCHmm3HCGnpGuaQ984quISDg\"]}]}<\/script>\n<!-- \/ Yoast SEO plugin. -->","yoast_head_json":{"title":"AIGLE ANTIBACTERIAL CLEANER &amp; DEGREASER | Pla-M Distributions","robots":{"index":"index","follow":"follow","max-snippet":"max-snippet:-1","max-image-preview":"max-image-preview:large","max-video-preview":"max-video-preview:-1"},"canonical":"https:\/\/plamdistributions.com\/en\/produit\/aigle-concentrated-all-purpose-cleaner-antibacterial\/","og_locale":"en_US","og_type":"article","og_title":"AIGLE ANTIBACTERIAL CLEANER &amp; DEGREASER | Pla-M Distributions","og_url":"https:\/\/plamdistributions.com\/en\/produit\/aigle-concentrated-all-purpose-cleaner-antibacterial\/","og_site_name":"Pla-M Distributions","article_publisher":"https:\/\/www.facebook.com\/displam\/","article_modified_time":"2022-06-28T18:45:43+00:00","og_image":[{"width":600,"height":600,"url":"https:\/\/plamdistributions.com\/wp-content\/uploads\/2021\/05\/AIGLE-1.jpg","type":"image\/jpeg"}],"twitter_card":"summary_large_image","twitter_site":"@Displam","twitter_misc":{"Est. reading time":"1 minute"},"schema":{"@context":"https:\/\/schema.org","@graph":[{"@type":"WebPage","@id":"https:\/\/plamdistributions.com\/en\/produit\/aigle-concentrated-all-purpose-cleaner-antibacterial\/","url":"https:\/\/plamdistributions.com\/en\/produit\/aigle-concentrated-all-purpose-cleaner-antibacterial\/","name":"AIGLE ANTIBACTERIAL CLEANER &amp; DEGREASER | Pla-M Distributions","isPartOf":{"@id":"https:\/\/plamdistributions.com\/en\/#website"},"primaryImageOfPage":{"@id":"https:\/\/plamdistributions.com\/en\/produit\/aigle-concentrated-all-purpose-cleaner-antibacterial\/#primaryimage"},"image":{"@id":"https:\/\/plamdistributions.com\/en\/produit\/aigle-concentrated-all-purpose-cleaner-antibacterial\/#primaryimage"},"thumbnailUrl":"https:\/\/plamdistributions.com\/wp-content\/uploads\/2021\/05\/AIGLE-1.jpg","datePublished":"2021-08-10T13:46:58+00:00","dateModified":"2022-06-28T18:45:43+00:00","breadcrumb":{"@id":"https:\/\/plamdistributions.com\/en\/produit\/aigle-concentrated-all-purpose-cleaner-antibacterial\/#breadcrumb"},"inLanguage":"en-US","potentialAction":[{"@type":"ReadAction","target":["https:\/\/plamdistributions.com\/en\/produit\/aigle-concentrated-all-purpose-cleaner-antibacterial\/"]}]},{"@type":"ImageObject","inLanguage":"en-US","@id":"https:\/\/plamdistributions.com\/en\/produit\/aigle-concentrated-all-purpose-cleaner-antibacterial\/#primaryimage","url":"https:\/\/plamdistributions.com\/wp-content\/uploads\/2021\/05\/AIGLE-1.jpg","contentUrl":"https:\/\/plamdistributions.com\/wp-content\/uploads\/2021\/05\/AIGLE-1.jpg","width":600,"height":600,"caption":"AIGLE Concentrated All-Purpose Cleaner Antibacterial exclusive Distributions Pla-M product"},{"@type":"BreadcrumbList","@id":"https:\/\/plamdistributions.com\/en\/produit\/aigle-concentrated-all-purpose-cleaner-antibacterial\/#breadcrumb","itemListElement":[{"@type":"ListItem","position":1,"name":"Accueil","item":"https:\/\/plamdistributions.com\/en\/"},{"@type":"ListItem","position":2,"name":"Shop","item":"https:\/\/plamdistributions.com\/en\/shop\/"},{"@type":"ListItem","position":3,"name":"AIGLE ANTIBACTERIAL CLEANER &amp; DEGREASER"}]},{"@type":"WebSite","@id":"https:\/\/plamdistributions.com\/en\/#website","url":"https:\/\/plamdistributions.com\/en\/","name":"Distributions Pla-M Inc.","description":"Sale of sanitary products and equipment","publisher":{"@id":"https:\/\/plamdistributions.com\/en\/#organization"},"potentialAction":[{"@type":"SearchAction","target":{"@type":"EntryPoint","urlTemplate":"https:\/\/plamdistributions.com\/en\/?s={search_term_string}"},"query-input":{"@type":"PropertyValueSpecification","valueRequired":true,"valueName":"search_term_string"}}],"inLanguage":"en-US"},{"@type":"Organization","@id":"https:\/\/plamdistributions.com\/en\/#organization","name":"Distributions Pla-M","url":"https:\/\/plamdistributions.com\/en\/","logo":{"@type":"ImageObject","inLanguage":"en-US","@id":"https:\/\/plamdistributions.com\/en\/#\/schema\/logo\/image\/","url":"https:\/\/plamdistributions.com\/wp-content\/uploads\/2021\/05\/PLAM-SANS.png","contentUrl":"https:\/\/plamdistributions.com\/wp-content\/uploads\/2021\/05\/PLAM-SANS.png","width":289,"height":224,"caption":"Distributions Pla-M"},"image":{"@id":"https:\/\/plamdistributions.com\/en\/#\/schema\/logo\/image\/"},"sameAs":["https:\/\/www.facebook.com\/displam\/","https:\/\/x.com\/Displam","https:\/\/www.youtube.com\/channel\/UCHmm3HCGnpGuaQ984quISDg"]}]}},"_links":{"self":[{"href":"https:\/\/plamdistributions.com\/en\/wp-json\/wp\/v2\/product\/28817","targetHints":{"allow":["GET"]}}],"collection":[{"href":"https:\/\/plamdistributions.com\/en\/wp-json\/wp\/v2\/product"}],"about":[{"href":"https:\/\/plamdistributions.com\/en\/wp-json\/wp\/v2\/types\/product"}],"replies":[{"embeddable":true,"href":"https:\/\/plamdistributions.com\/en\/wp-json\/wp\/v2\/comments?post=28817"}],"wp:featuredmedia":[{"embeddable":true,"href":"https:\/\/plamdistributions.com\/en\/wp-json\/wp\/v2\/media\/23313"}],"wp:attachment":[{"href":"https:\/\/plamdistributions.com\/en\/wp-json\/wp\/v2\/media?parent=28817"}],"wp:term":[{"taxonomy":"product_brand","embeddable":true,"href":"https:\/\/plamdistributions.com\/en\/wp-json\/wp\/v2\/product_brand?post=28817"},{"taxonomy":"product_cat","embeddable":true,"href":"https:\/\/plamdistributions.com\/en\/wp-json\/wp\/v2\/product_cat?post=28817"},{"taxonomy":"product_tag","embeddable":true,"href":"https:\/\/plamdistributions.com\/en\/wp-json\/wp\/v2\/product_tag?post=28817"}],"curies":[{"name":"wp","href":"https:\/\/api.w.org\/{rel}","templated":true}]}}