{"id":29162,"date":"2021-05-21T14:50:44","date_gmt":"2021-08-10T20:26:54","guid":{"rendered":"https:\/\/plamdistributions.com\/produit\/grand-cormoran-carpets-runners-cleaner-stain-remover\/"},"modified":"2022-06-28T14:22:54","modified_gmt":"2022-06-28T18:22:54","slug":"grand-cormoran-carpets-and-runners-cleaner-and-stain-remover","status":"publish","type":"product","link":"https:\/\/plamdistributions.com\/en\/produit\/grand-cormoran-carpets-and-runners-cleaner-and-stain-remover\/","title":{"rendered":"GRAND CORMORAN CARPET SHAMPOO"},"content":{"rendered":"<h4><a href=\"http:\/\/plamdistributions.com\/wp-content\/uploads\/2021\/05\/G-CORMORAN-FT.pdf\" target=\"_blank\" rel=\"CORMORAN Distributions Fiche GRAND Pla-M noopener shampoing tapis technique \u00e0\"><img decoding=\"async\" class=\"alignnone wp-image-28821\" title=\"Fiche technique GRAND CORMORAN shampoing \u00e0 tapis Distributions Pla-M\" src=\"http:\/\/plamdistributions.com\/wp-content\/uploads\/2021\/06\/Fiche-technique.jpg\" alt=\"Fiche technique GRAND CORMORAN shampoing \u00e0 tapis Distributions Pla-M\" width=\"144\" height=\"64\" srcset=\"https:\/\/plamdistributions.com\/wp-content\/uploads\/2021\/06\/Fiche-technique-200x89.jpg 200w, https:\/\/plamdistributions.com\/wp-content\/uploads\/2021\/06\/Fiche-technique-300x134.jpg 300w, https:\/\/plamdistributions.com\/wp-content\/uploads\/2021\/06\/Fiche-technique.jpg 400w\" sizes=\"(max-width: 144px) 100vw, 144px\" \/><\/a><a href=\"http:\/\/plamdistributions.com\/wp-content\/uploads\/2021\/05\/G-CORMORAN-FTA.pdf\" target=\"_blank\" rel=\"&amp; CORMORAN Carpets Cleaner Distributions GRAND Pla-M Remover Runners Stain Technical data noopener sheet\"><img decoding=\"async\" class=\"alignnone wp-image-28824\" title=\"Technical data sheet GRAND CORMORAN Carpets &amp; Runners Cleaner &amp; Stain Remover Distributions Pla-M\" src=\"http:\/\/plamdistributions.com\/wp-content\/uploads\/2021\/06\/Technical-data-sheet.jpg\" alt=\"Technical data sheet GRAND CORMORAN Carpets &amp; Runners Cleaner &amp; Stain Remover Distributions Pla-M\" width=\"144\" height=\"64\" srcset=\"https:\/\/plamdistributions.com\/wp-content\/uploads\/2021\/06\/Technical-data-sheet-200x89.jpg 200w, https:\/\/plamdistributions.com\/wp-content\/uploads\/2021\/06\/Technical-data-sheet-300x134.jpg 300w, https:\/\/plamdistributions.com\/wp-content\/uploads\/2021\/06\/Technical-data-sheet.jpg 400w\" sizes=\"(max-width: 144px) 100vw, 144px\" \/><\/a><a href=\"http:\/\/plamdistributions.com\/wp-content\/uploads\/2021\/05\/GRAND-COMORAN_FRE.pdf\" target=\"_blank\" rel=\"&amp; AIGLE Distributions Fiche Pla-M antibact\u00e9rien d\u00e9graissant nettoyant noopener signal\u00e9tique\"><img decoding=\"async\" class=\"alignnone wp-image-39485\" title=\"Fiche signal\u00e9tique AIGLE nettoyant &amp; d\u00e9graissant antibact\u00e9rien Distributions Pla-M\" src=\"http:\/\/plamdistributions.com\/wp-content\/uploads\/2021\/06\/Fiche-signaletique-300x134.jpg\" alt=\"Fiche signal\u00e9tique AIGLE nettoyant &amp; d\u00e9graissant antibact\u00e9rien Distributions Pla-M\" width=\"141\" height=\"63\" srcset=\"https:\/\/plamdistributions.com\/wp-content\/uploads\/2021\/06\/Fiche-signaletique-200x89.jpg 200w, https:\/\/plamdistributions.com\/wp-content\/uploads\/2021\/06\/Fiche-signaletique-300x134.jpg 300w, https:\/\/plamdistributions.com\/wp-content\/uploads\/2021\/06\/Fiche-signaletique.jpg 400w\" sizes=\"(max-width: 141px) 100vw, 141px\" \/><\/a><strong><a href=\"http:\/\/plamdistributions.com\/wp-content\/uploads\/2021\/05\/GRAND-CORMORAN-EN.pdf\" target=\"_blank\" rel=\"&amp; CORMORAN Carpets Cleaner Distributions GRAND Pla-M Remover Runners Safety Stain data noopener sheet\"><img decoding=\"async\" class=\"alignnone wp-image-39483\" title=\"Safety data sheet GRAND CORMORAN Carpets &amp; Runners Cleaner &amp; Stain Remover Distributions Pla-M\" src=\"http:\/\/plamdistributions.com\/wp-content\/uploads\/2021\/05\/Safety-data-sheet-300x134.png\" alt=\"Safety data sheet GRAND CORMORAN Carpets &amp; Runners Cleaner &amp; Stain Remover Distributions Pla-M\" width=\"148\" height=\"66\" srcset=\"https:\/\/plamdistributions.com\/wp-content\/uploads\/2021\/05\/Safety-data-sheet-200x89.png 200w, https:\/\/plamdistributions.com\/wp-content\/uploads\/2021\/05\/Safety-data-sheet-300x134.png 300w, https:\/\/plamdistributions.com\/wp-content\/uploads\/2021\/05\/Safety-data-sheet.png 400w\" sizes=\"(max-width: 148px) 100vw, 148px\" \/><\/a><\/strong><\/h4>\n<h4><strong>Code: GRANDCORMORAN<\/strong><\/h4>\n<h4><strong>\u2713 Cleaner-Stain Remover<\/strong><\/h4>\n<p>Grand Cormoran is a <strong>biodegradable<\/strong> ultra concentrated carpet cleaner and stain remover. Its combined cleaning actions and its 2 in 1 cleaner \u2013 stain remover are very efficient to deeply remove dirt and toughest stains on all type of carpet fibres Its special odour control action leaves a nice cherry scent and neutralizes organic matters that cause bad odours even after cleaning. It contains a colour safe agent that keeps carpet colour as new. It may be use with hot water extractor or with a spray.<\/p>\n<p><strong>\u2713 Exclusive product: Distributions Pla-M <\/strong><\/p>\n","protected":false},"excerpt":{"rendered":"<p><iframe title=\"YouTube video player\" src=\"https:\/\/www.youtube.com\/embed\/F87N4v57R_k\" width=\"560\" height=\"315\" frameborder=\"0\" allowfullscreen=\"allowfullscreen\"><\/iframe><\/p>\n","protected":false},"featured_media":30384,"comment_status":"closed","ping_status":"closed","template":"","meta":[],"product_brand":[],"product_cat":[773,774,686,691,757,755],"product_tag":[],"class_list":{"0":"post-29162","1":"product","2":"type-product","3":"status-publish","4":"has-post-thumbnail","6":"product_cat-carpets-and-textiles","7":"product_cat-carpets-and-textiles-es","8":"product_cat-cleaning-products","9":"product_cat-productos-de-limpieza","10":"product_cat-productos-pla-m","11":"product_cat-products-pla-m","12":"product_shipping_class-standard-en","13":"product_shipping_class-standard-es","15":"first","16":"instock","17":"taxable","18":"shipping-taxable","19":"purchasable","20":"product-type-variable"},"yoast_head":"<!-- This site is optimized with the Yoast SEO plugin v27.4 - https:\/\/yoast.com\/product\/yoast-seo-wordpress\/ -->\n<title>GRAND CORMORAN CARPET SHAMPOO | Pla-M Distributions<\/title>\n<meta name=\"robots\" content=\"index, follow, max-snippet:-1, max-image-preview:large, max-video-preview:-1\" \/>\n<link rel=\"canonical\" href=\"https:\/\/plamdistributions.com\/en\/produit\/grand-cormoran-carpets-and-runners-cleaner-and-stain-remover\/\" \/>\n<meta property=\"og:locale\" content=\"en_US\" \/>\n<meta property=\"og:type\" content=\"article\" \/>\n<meta property=\"og:title\" content=\"GRAND CORMORAN CARPET SHAMPOO | Pla-M Distributions\" \/>\n<meta property=\"og:url\" content=\"https:\/\/plamdistributions.com\/en\/produit\/grand-cormoran-carpets-and-runners-cleaner-and-stain-remover\/\" \/>\n<meta property=\"og:site_name\" content=\"Pla-M Distributions\" \/>\n<meta property=\"article:publisher\" content=\"https:\/\/www.facebook.com\/displam\/\" \/>\n<meta property=\"article:modified_time\" content=\"2022-06-28T18:22:54+00:00\" \/>\n<meta property=\"og:image\" content=\"https:\/\/plamdistributions.com\/wp-content\/uploads\/2021\/05\/GRANDCORMORAN20.jpg\" \/>\n\t<meta property=\"og:image:width\" content=\"600\" \/>\n\t<meta property=\"og:image:height\" content=\"600\" \/>\n\t<meta property=\"og:image:type\" content=\"image\/jpeg\" \/>\n<meta name=\"twitter:card\" content=\"summary_large_image\" \/>\n<meta name=\"twitter:site\" content=\"@Displam\" \/>\n<script type=\"application\/ld+json\" class=\"yoast-schema-graph\">{\"@context\":\"https:\\\/\\\/schema.org\",\"@graph\":[{\"@type\":\"WebPage\",\"@id\":\"https:\\\/\\\/plamdistributions.com\\\/en\\\/produit\\\/grand-cormoran-carpets-and-runners-cleaner-and-stain-remover\\\/\",\"url\":\"https:\\\/\\\/plamdistributions.com\\\/en\\\/produit\\\/grand-cormoran-carpets-and-runners-cleaner-and-stain-remover\\\/\",\"name\":\"GRAND CORMORAN CARPET SHAMPOO | Pla-M Distributions\",\"isPartOf\":{\"@id\":\"https:\\\/\\\/plamdistributions.com\\\/#website\"},\"primaryImageOfPage\":{\"@id\":\"https:\\\/\\\/plamdistributions.com\\\/en\\\/produit\\\/grand-cormoran-carpets-and-runners-cleaner-and-stain-remover\\\/#primaryimage\"},\"image\":{\"@id\":\"https:\\\/\\\/plamdistributions.com\\\/en\\\/produit\\\/grand-cormoran-carpets-and-runners-cleaner-and-stain-remover\\\/#primaryimage\"},\"thumbnailUrl\":\"https:\\\/\\\/plamdistributions.com\\\/wp-content\\\/uploads\\\/2021\\\/05\\\/GRANDCORMORAN20.jpg\",\"datePublished\":\"2021-08-10T20:26:54+00:00\",\"dateModified\":\"2022-06-28T18:22:54+00:00\",\"breadcrumb\":{\"@id\":\"https:\\\/\\\/plamdistributions.com\\\/en\\\/produit\\\/grand-cormoran-carpets-and-runners-cleaner-and-stain-remover\\\/#breadcrumb\"},\"inLanguage\":\"en-US\",\"potentialAction\":[{\"@type\":\"ReadAction\",\"target\":[\"https:\\\/\\\/plamdistributions.com\\\/en\\\/produit\\\/grand-cormoran-carpets-and-runners-cleaner-and-stain-remover\\\/\"]}]},{\"@type\":\"ImageObject\",\"inLanguage\":\"en-US\",\"@id\":\"https:\\\/\\\/plamdistributions.com\\\/en\\\/produit\\\/grand-cormoran-carpets-and-runners-cleaner-and-stain-remover\\\/#primaryimage\",\"url\":\"https:\\\/\\\/plamdistributions.com\\\/wp-content\\\/uploads\\\/2021\\\/05\\\/GRANDCORMORAN20.jpg\",\"contentUrl\":\"https:\\\/\\\/plamdistributions.com\\\/wp-content\\\/uploads\\\/2021\\\/05\\\/GRANDCORMORAN20.jpg\",\"width\":600,\"height\":600,\"caption\":\"Nettoyant Grand Cormoran shampoing \u00e0 tapis\"},{\"@type\":\"BreadcrumbList\",\"@id\":\"https:\\\/\\\/plamdistributions.com\\\/en\\\/produit\\\/grand-cormoran-carpets-and-runners-cleaner-and-stain-remover\\\/#breadcrumb\",\"itemListElement\":[{\"@type\":\"ListItem\",\"position\":1,\"name\":\"Accueil\",\"item\":\"https:\\\/\\\/plamdistributions.com\\\/en\\\/\"},{\"@type\":\"ListItem\",\"position\":2,\"name\":\"Shop\",\"item\":\"https:\\\/\\\/plamdistributions.com\\\/en\\\/shop\\\/\"},{\"@type\":\"ListItem\",\"position\":3,\"name\":\"GRAND CORMORAN CARPET SHAMPOO\"}]},{\"@type\":\"WebSite\",\"@id\":\"https:\\\/\\\/plamdistributions.com\\\/#website\",\"url\":\"https:\\\/\\\/plamdistributions.com\\\/\",\"name\":\"Distributions Pla-M Inc.\",\"description\":\"Sale of sanitary products and equipment\",\"publisher\":{\"@id\":\"https:\\\/\\\/plamdistributions.com\\\/#organization\"},\"potentialAction\":[{\"@type\":\"SearchAction\",\"target\":{\"@type\":\"EntryPoint\",\"urlTemplate\":\"https:\\\/\\\/plamdistributions.com\\\/?s={search_term_string}\"},\"query-input\":{\"@type\":\"PropertyValueSpecification\",\"valueRequired\":true,\"valueName\":\"search_term_string\"}}],\"inLanguage\":\"en-US\"},{\"@type\":\"Organization\",\"@id\":\"https:\\\/\\\/plamdistributions.com\\\/#organization\",\"name\":\"Distributions Pla-M\",\"url\":\"https:\\\/\\\/plamdistributions.com\\\/\",\"logo\":{\"@type\":\"ImageObject\",\"inLanguage\":\"en-US\",\"@id\":\"https:\\\/\\\/plamdistributions.com\\\/#\\\/schema\\\/logo\\\/image\\\/\",\"url\":\"https:\\\/\\\/plamdistributions.com\\\/wp-content\\\/uploads\\\/2021\\\/05\\\/PLAM-SANS.png\",\"contentUrl\":\"https:\\\/\\\/plamdistributions.com\\\/wp-content\\\/uploads\\\/2021\\\/05\\\/PLAM-SANS.png\",\"width\":289,\"height\":224,\"caption\":\"Distributions Pla-M\"},\"image\":{\"@id\":\"https:\\\/\\\/plamdistributions.com\\\/#\\\/schema\\\/logo\\\/image\\\/\"},\"sameAs\":[\"https:\\\/\\\/www.facebook.com\\\/displam\\\/\",\"https:\\\/\\\/x.com\\\/Displam\",\"https:\\\/\\\/www.youtube.com\\\/channel\\\/UCHmm3HCGnpGuaQ984quISDg\"]}]}<\/script>\n<!-- \/ Yoast SEO plugin. -->","yoast_head_json":{"title":"GRAND CORMORAN CARPET SHAMPOO | Pla-M Distributions","robots":{"index":"index","follow":"follow","max-snippet":"max-snippet:-1","max-image-preview":"max-image-preview:large","max-video-preview":"max-video-preview:-1"},"canonical":"https:\/\/plamdistributions.com\/en\/produit\/grand-cormoran-carpets-and-runners-cleaner-and-stain-remover\/","og_locale":"en_US","og_type":"article","og_title":"GRAND CORMORAN CARPET SHAMPOO | Pla-M Distributions","og_url":"https:\/\/plamdistributions.com\/en\/produit\/grand-cormoran-carpets-and-runners-cleaner-and-stain-remover\/","og_site_name":"Pla-M Distributions","article_publisher":"https:\/\/www.facebook.com\/displam\/","article_modified_time":"2022-06-28T18:22:54+00:00","og_image":[{"width":600,"height":600,"url":"https:\/\/plamdistributions.com\/wp-content\/uploads\/2021\/05\/GRANDCORMORAN20.jpg","type":"image\/jpeg"}],"twitter_card":"summary_large_image","twitter_site":"@Displam","schema":{"@context":"https:\/\/schema.org","@graph":[{"@type":"WebPage","@id":"https:\/\/plamdistributions.com\/en\/produit\/grand-cormoran-carpets-and-runners-cleaner-and-stain-remover\/","url":"https:\/\/plamdistributions.com\/en\/produit\/grand-cormoran-carpets-and-runners-cleaner-and-stain-remover\/","name":"GRAND CORMORAN CARPET SHAMPOO | Pla-M Distributions","isPartOf":{"@id":"https:\/\/plamdistributions.com\/#website"},"primaryImageOfPage":{"@id":"https:\/\/plamdistributions.com\/en\/produit\/grand-cormoran-carpets-and-runners-cleaner-and-stain-remover\/#primaryimage"},"image":{"@id":"https:\/\/plamdistributions.com\/en\/produit\/grand-cormoran-carpets-and-runners-cleaner-and-stain-remover\/#primaryimage"},"thumbnailUrl":"https:\/\/plamdistributions.com\/wp-content\/uploads\/2021\/05\/GRANDCORMORAN20.jpg","datePublished":"2021-08-10T20:26:54+00:00","dateModified":"2022-06-28T18:22:54+00:00","breadcrumb":{"@id":"https:\/\/plamdistributions.com\/en\/produit\/grand-cormoran-carpets-and-runners-cleaner-and-stain-remover\/#breadcrumb"},"inLanguage":"en-US","potentialAction":[{"@type":"ReadAction","target":["https:\/\/plamdistributions.com\/en\/produit\/grand-cormoran-carpets-and-runners-cleaner-and-stain-remover\/"]}]},{"@type":"ImageObject","inLanguage":"en-US","@id":"https:\/\/plamdistributions.com\/en\/produit\/grand-cormoran-carpets-and-runners-cleaner-and-stain-remover\/#primaryimage","url":"https:\/\/plamdistributions.com\/wp-content\/uploads\/2021\/05\/GRANDCORMORAN20.jpg","contentUrl":"https:\/\/plamdistributions.com\/wp-content\/uploads\/2021\/05\/GRANDCORMORAN20.jpg","width":600,"height":600,"caption":"Nettoyant Grand Cormoran shampoing \u00e0 tapis"},{"@type":"BreadcrumbList","@id":"https:\/\/plamdistributions.com\/en\/produit\/grand-cormoran-carpets-and-runners-cleaner-and-stain-remover\/#breadcrumb","itemListElement":[{"@type":"ListItem","position":1,"name":"Accueil","item":"https:\/\/plamdistributions.com\/en\/"},{"@type":"ListItem","position":2,"name":"Shop","item":"https:\/\/plamdistributions.com\/en\/shop\/"},{"@type":"ListItem","position":3,"name":"GRAND CORMORAN CARPET SHAMPOO"}]},{"@type":"WebSite","@id":"https:\/\/plamdistributions.com\/#website","url":"https:\/\/plamdistributions.com\/","name":"Distributions Pla-M Inc.","description":"Sale of sanitary products and equipment","publisher":{"@id":"https:\/\/plamdistributions.com\/#organization"},"potentialAction":[{"@type":"SearchAction","target":{"@type":"EntryPoint","urlTemplate":"https:\/\/plamdistributions.com\/?s={search_term_string}"},"query-input":{"@type":"PropertyValueSpecification","valueRequired":true,"valueName":"search_term_string"}}],"inLanguage":"en-US"},{"@type":"Organization","@id":"https:\/\/plamdistributions.com\/#organization","name":"Distributions Pla-M","url":"https:\/\/plamdistributions.com\/","logo":{"@type":"ImageObject","inLanguage":"en-US","@id":"https:\/\/plamdistributions.com\/#\/schema\/logo\/image\/","url":"https:\/\/plamdistributions.com\/wp-content\/uploads\/2021\/05\/PLAM-SANS.png","contentUrl":"https:\/\/plamdistributions.com\/wp-content\/uploads\/2021\/05\/PLAM-SANS.png","width":289,"height":224,"caption":"Distributions Pla-M"},"image":{"@id":"https:\/\/plamdistributions.com\/#\/schema\/logo\/image\/"},"sameAs":["https:\/\/www.facebook.com\/displam\/","https:\/\/x.com\/Displam","https:\/\/www.youtube.com\/channel\/UCHmm3HCGnpGuaQ984quISDg"]}]}},"_links":{"self":[{"href":"https:\/\/plamdistributions.com\/en\/wp-json\/wp\/v2\/product\/29162","targetHints":{"allow":["GET"]}}],"collection":[{"href":"https:\/\/plamdistributions.com\/en\/wp-json\/wp\/v2\/product"}],"about":[{"href":"https:\/\/plamdistributions.com\/en\/wp-json\/wp\/v2\/types\/product"}],"replies":[{"embeddable":true,"href":"https:\/\/plamdistributions.com\/en\/wp-json\/wp\/v2\/comments?post=29162"}],"wp:featuredmedia":[{"embeddable":true,"href":"https:\/\/plamdistributions.com\/en\/wp-json\/wp\/v2\/media\/30384"}],"wp:attachment":[{"href":"https:\/\/plamdistributions.com\/en\/wp-json\/wp\/v2\/media?parent=29162"}],"wp:term":[{"taxonomy":"product_brand","embeddable":true,"href":"https:\/\/plamdistributions.com\/en\/wp-json\/wp\/v2\/product_brand?post=29162"},{"taxonomy":"product_cat","embeddable":true,"href":"https:\/\/plamdistributions.com\/en\/wp-json\/wp\/v2\/product_cat?post=29162"},{"taxonomy":"product_tag","embeddable":true,"href":"https:\/\/plamdistributions.com\/en\/wp-json\/wp\/v2\/product_tag?post=29162"}],"curies":[{"name":"wp","href":"https:\/\/api.w.org\/{rel}","templated":true}]}}