{"id":29248,"date":"2021-05-21T14:56:41","date_gmt":"2021-05-21T18:56:41","guid":{"rendered":"https:\/\/plamdistributions.com\/produit\/roselin-dishwashing-liquid-soap-4lts\/"},"modified":"2022-06-28T15:38:38","modified_gmt":"2022-06-28T19:38:38","slug":"roselin-dishwashing-liquid-soap-4lts","status":"publish","type":"product","link":"https:\/\/plamdistributions.com\/en\/produit\/roselin-dishwashing-liquid-soap-4lts\/","title":{"rendered":"ROSELIN PINK DISH DETERGENT 4LTS"},"content":{"rendered":"<h4><a href=\"http:\/\/plamdistributions.com\/wp-content\/uploads\/2021\/05\/ROSELIN-FT-1.pdf\" target=\"_blank\" rel=\"Distributions Fiche Pla-M ROSELIN d\u00e9tergent noopener rose technique vaisselle \u00e0\"><img decoding=\"async\" class=\"alignnone wp-image-28821\" title=\"Fiche technique ROSELIN d\u00e9tergent \u00e0 vaisselle rose Distributions Pla-M\" src=\"http:\/\/plamdistributions.com\/wp-content\/uploads\/2021\/06\/Fiche-technique.jpg\" alt=\"Fiche technique ROSELIN d\u00e9tergent \u00e0 vaisselle rose Distributions Pla-M\" width=\"144\" height=\"64\" srcset=\"https:\/\/plamdistributions.com\/wp-content\/uploads\/2021\/06\/Fiche-technique-200x89.jpg 200w, https:\/\/plamdistributions.com\/wp-content\/uploads\/2021\/06\/Fiche-technique-300x134.jpg 300w, https:\/\/plamdistributions.com\/wp-content\/uploads\/2021\/06\/Fiche-technique.jpg 400w\" sizes=\"(max-width: 144px) 100vw, 144px\" \/><\/a><a href=\"http:\/\/plamdistributions.com\/wp-content\/uploads\/2021\/05\/ROSELIN_FRE.pdf\" target=\"_blank\" rel=\"Distributions Fiche Pla-M ROSELIN d\u00e9tergent noopener rose signal\u00e9tique vaisselle \u00e0\"><img decoding=\"async\" class=\"alignnone wp-image-39485\" title=\"Fiche signal\u00e9tique ROSELIN d\u00e9tergent \u00e0 vaisselle rose Distributions Pla-M\" src=\"http:\/\/plamdistributions.com\/wp-content\/uploads\/2021\/06\/Fiche-signaletique-300x134.jpg\" alt=\"Fiche signal\u00e9tique ROSELIN d\u00e9tergent \u00e0 vaisselle rose Distributions Pla-M\" width=\"137\" height=\"61\" srcset=\"https:\/\/plamdistributions.com\/wp-content\/uploads\/2021\/06\/Fiche-signaletique-200x89.jpg 200w, https:\/\/plamdistributions.com\/wp-content\/uploads\/2021\/06\/Fiche-signaletique-300x134.jpg 300w, https:\/\/plamdistributions.com\/wp-content\/uploads\/2021\/06\/Fiche-signaletique.jpg 400w\" sizes=\"(max-width: 137px) 100vw, 137px\" \/><\/a><strong><a href=\"http:\/\/plamdistributions.com\/wp-content\/uploads\/2021\/05\/ROSELIN_ANG.pdf\" target=\"_blank\" rel=\"Distributions Pla-M ROSELIN Safety data detergent dish noopener pink sheet\"><img decoding=\"async\" class=\"alignnone wp-image-39483\" title=\"Safety data sheet ROSELIN pink dish detergent Distributions Pla-M\" src=\"http:\/\/plamdistributions.com\/wp-content\/uploads\/2021\/05\/Safety-data-sheet-300x134.png\" alt=\"Safety data sheet ROSELIN pink dish detergent Distributions Pla-M\" width=\"139\" height=\"62\" srcset=\"https:\/\/plamdistributions.com\/wp-content\/uploads\/2021\/05\/Safety-data-sheet-200x89.png 200w, https:\/\/plamdistributions.com\/wp-content\/uploads\/2021\/05\/Safety-data-sheet-300x134.png 300w, https:\/\/plamdistributions.com\/wp-content\/uploads\/2021\/05\/Safety-data-sheet.png 400w\" sizes=\"(max-width: 139px) 100vw, 139px\" \/><\/a><\/strong><\/h4>\n<p><strong>Code: ROSELIN<\/strong><\/p>\n<p>Roselin is a quality powerful economic product. Not only it cleans your dishes efficiently, it is also an hand cleaner or a multi purpose household cleaner. It produces an abundant lather and it leaves your dishes. Roselin gently clean smooth leathers vinyl, painted or doors and windows sparkle. Powerful enough to wash doors, walls, tiles, wood or linoleum floors, it will make windows and mirrors shine. 28 ml of detergent per 5 litres of water will produce a rich lather. Food equipemt and all surfaces subject to contact with food must be rinsed thoroughly with drinking water.<\/p>\n<p><strong>\u2713 Exclusive product: Distributions Pla-M<\/strong><\/p>\n","protected":false},"excerpt":{"rendered":"<p><iframe title=\"YouTube video player\" src=\"https:\/\/www.youtube.com\/embed\/9TDbocXJ-mE\" width=\"560\" height=\"315\" frameborder=\"0\" allowfullscreen=\"allowfullscreen\"><\/iframe><\/p>\n","protected":false},"featured_media":25557,"comment_status":"closed","ping_status":"closed","template":"","meta":[],"product_brand":[],"product_cat":[686,767,755],"product_tag":[],"class_list":{"0":"post-29248","1":"product","2":"type-product","3":"status-publish","4":"has-post-thumbnail","6":"product_cat-cleaning-products","7":"product_cat-food-industry-and-kitchens","8":"product_cat-products-pla-m","9":"product_shipping_class-standard-en","11":"first","12":"instock","13":"featured","14":"taxable","15":"shipping-taxable","16":"purchasable","17":"product-type-simple"},"yoast_head":"<!-- This site is optimized with the Yoast SEO plugin v27.4 - https:\/\/yoast.com\/product\/yoast-seo-wordpress\/ -->\n<title>ROSELIN PINK DISH DETERGENT 4LTS | Pla-M Distributions<\/title>\n<meta name=\"robots\" content=\"index, follow, max-snippet:-1, max-image-preview:large, max-video-preview:-1\" \/>\n<link rel=\"canonical\" href=\"https:\/\/plamdistributions.com\/en\/produit\/roselin-dishwashing-liquid-soap-4lts\/\" \/>\n<meta property=\"og:locale\" content=\"en_US\" \/>\n<meta property=\"og:type\" content=\"article\" \/>\n<meta property=\"og:title\" content=\"ROSELIN PINK DISH DETERGENT 4LTS | Pla-M Distributions\" \/>\n<meta property=\"og:url\" content=\"https:\/\/plamdistributions.com\/en\/produit\/roselin-dishwashing-liquid-soap-4lts\/\" \/>\n<meta property=\"og:site_name\" content=\"Pla-M Distributions\" \/>\n<meta property=\"article:publisher\" content=\"https:\/\/www.facebook.com\/displam\/\" \/>\n<meta property=\"article:modified_time\" content=\"2022-06-28T19:38:38+00:00\" \/>\n<meta property=\"og:image\" content=\"https:\/\/plamdistributions.com\/wp-content\/uploads\/2021\/05\/ROSELIN-1.jpg\" \/>\n\t<meta property=\"og:image:width\" content=\"600\" \/>\n\t<meta property=\"og:image:height\" content=\"600\" \/>\n\t<meta property=\"og:image:type\" content=\"image\/jpeg\" \/>\n<meta name=\"twitter:card\" content=\"summary_large_image\" \/>\n<meta name=\"twitter:site\" content=\"@Displam\" \/>\n<meta name=\"twitter:label1\" content=\"Est. reading time\" \/>\n\t<meta name=\"twitter:data1\" content=\"1 minute\" \/>\n<script type=\"application\/ld+json\" class=\"yoast-schema-graph\">{\"@context\":\"https:\\\/\\\/schema.org\",\"@graph\":[{\"@type\":\"WebPage\",\"@id\":\"https:\\\/\\\/plamdistributions.com\\\/en\\\/produit\\\/roselin-dishwashing-liquid-soap-4lts\\\/\",\"url\":\"https:\\\/\\\/plamdistributions.com\\\/en\\\/produit\\\/roselin-dishwashing-liquid-soap-4lts\\\/\",\"name\":\"ROSELIN PINK DISH DETERGENT 4LTS | Pla-M Distributions\",\"isPartOf\":{\"@id\":\"https:\\\/\\\/plamdistributions.com\\\/en\\\/#website\"},\"primaryImageOfPage\":{\"@id\":\"https:\\\/\\\/plamdistributions.com\\\/en\\\/produit\\\/roselin-dishwashing-liquid-soap-4lts\\\/#primaryimage\"},\"image\":{\"@id\":\"https:\\\/\\\/plamdistributions.com\\\/en\\\/produit\\\/roselin-dishwashing-liquid-soap-4lts\\\/#primaryimage\"},\"thumbnailUrl\":\"https:\\\/\\\/plamdistributions.com\\\/wp-content\\\/uploads\\\/2021\\\/05\\\/ROSELIN-1.jpg\",\"datePublished\":\"2021-05-21T18:56:41+00:00\",\"dateModified\":\"2022-06-28T19:38:38+00:00\",\"breadcrumb\":{\"@id\":\"https:\\\/\\\/plamdistributions.com\\\/en\\\/produit\\\/roselin-dishwashing-liquid-soap-4lts\\\/#breadcrumb\"},\"inLanguage\":\"en-US\",\"potentialAction\":[{\"@type\":\"ReadAction\",\"target\":[\"https:\\\/\\\/plamdistributions.com\\\/en\\\/produit\\\/roselin-dishwashing-liquid-soap-4lts\\\/\"]}]},{\"@type\":\"ImageObject\",\"inLanguage\":\"en-US\",\"@id\":\"https:\\\/\\\/plamdistributions.com\\\/en\\\/produit\\\/roselin-dishwashing-liquid-soap-4lts\\\/#primaryimage\",\"url\":\"https:\\\/\\\/plamdistributions.com\\\/wp-content\\\/uploads\\\/2021\\\/05\\\/ROSELIN-1.jpg\",\"contentUrl\":\"https:\\\/\\\/plamdistributions.com\\\/wp-content\\\/uploads\\\/2021\\\/05\\\/ROSELIN-1.jpg\",\"width\":600,\"height\":600,\"caption\":\"ROSELIN dishwashing liquid soap, Exclusive product de Distributions Pla-M\"},{\"@type\":\"BreadcrumbList\",\"@id\":\"https:\\\/\\\/plamdistributions.com\\\/en\\\/produit\\\/roselin-dishwashing-liquid-soap-4lts\\\/#breadcrumb\",\"itemListElement\":[{\"@type\":\"ListItem\",\"position\":1,\"name\":\"Accueil\",\"item\":\"https:\\\/\\\/plamdistributions.com\\\/en\\\/\"},{\"@type\":\"ListItem\",\"position\":2,\"name\":\"Shop\",\"item\":\"https:\\\/\\\/plamdistributions.com\\\/en\\\/shop\\\/\"},{\"@type\":\"ListItem\",\"position\":3,\"name\":\"ROSELIN PINK DISH DETERGENT 4LTS\"}]},{\"@type\":\"WebSite\",\"@id\":\"https:\\\/\\\/plamdistributions.com\\\/en\\\/#website\",\"url\":\"https:\\\/\\\/plamdistributions.com\\\/en\\\/\",\"name\":\"Distributions Pla-M Inc.\",\"description\":\"Sale of sanitary products and equipment\",\"publisher\":{\"@id\":\"https:\\\/\\\/plamdistributions.com\\\/en\\\/#organization\"},\"potentialAction\":[{\"@type\":\"SearchAction\",\"target\":{\"@type\":\"EntryPoint\",\"urlTemplate\":\"https:\\\/\\\/plamdistributions.com\\\/en\\\/?s={search_term_string}\"},\"query-input\":{\"@type\":\"PropertyValueSpecification\",\"valueRequired\":true,\"valueName\":\"search_term_string\"}}],\"inLanguage\":\"en-US\"},{\"@type\":\"Organization\",\"@id\":\"https:\\\/\\\/plamdistributions.com\\\/en\\\/#organization\",\"name\":\"Distributions Pla-M\",\"url\":\"https:\\\/\\\/plamdistributions.com\\\/en\\\/\",\"logo\":{\"@type\":\"ImageObject\",\"inLanguage\":\"en-US\",\"@id\":\"https:\\\/\\\/plamdistributions.com\\\/en\\\/#\\\/schema\\\/logo\\\/image\\\/\",\"url\":\"https:\\\/\\\/plamdistributions.com\\\/wp-content\\\/uploads\\\/2021\\\/05\\\/PLAM-SANS.png\",\"contentUrl\":\"https:\\\/\\\/plamdistributions.com\\\/wp-content\\\/uploads\\\/2021\\\/05\\\/PLAM-SANS.png\",\"width\":289,\"height\":224,\"caption\":\"Distributions Pla-M\"},\"image\":{\"@id\":\"https:\\\/\\\/plamdistributions.com\\\/en\\\/#\\\/schema\\\/logo\\\/image\\\/\"},\"sameAs\":[\"https:\\\/\\\/www.facebook.com\\\/displam\\\/\",\"https:\\\/\\\/x.com\\\/Displam\",\"https:\\\/\\\/www.youtube.com\\\/channel\\\/UCHmm3HCGnpGuaQ984quISDg\"]}]}<\/script>\n<!-- \/ Yoast SEO plugin. -->","yoast_head_json":{"title":"ROSELIN PINK DISH DETERGENT 4LTS | Pla-M Distributions","robots":{"index":"index","follow":"follow","max-snippet":"max-snippet:-1","max-image-preview":"max-image-preview:large","max-video-preview":"max-video-preview:-1"},"canonical":"https:\/\/plamdistributions.com\/en\/produit\/roselin-dishwashing-liquid-soap-4lts\/","og_locale":"en_US","og_type":"article","og_title":"ROSELIN PINK DISH DETERGENT 4LTS | Pla-M Distributions","og_url":"https:\/\/plamdistributions.com\/en\/produit\/roselin-dishwashing-liquid-soap-4lts\/","og_site_name":"Pla-M Distributions","article_publisher":"https:\/\/www.facebook.com\/displam\/","article_modified_time":"2022-06-28T19:38:38+00:00","og_image":[{"width":600,"height":600,"url":"https:\/\/plamdistributions.com\/wp-content\/uploads\/2021\/05\/ROSELIN-1.jpg","type":"image\/jpeg"}],"twitter_card":"summary_large_image","twitter_site":"@Displam","twitter_misc":{"Est. reading time":"1 minute"},"schema":{"@context":"https:\/\/schema.org","@graph":[{"@type":"WebPage","@id":"https:\/\/plamdistributions.com\/en\/produit\/roselin-dishwashing-liquid-soap-4lts\/","url":"https:\/\/plamdistributions.com\/en\/produit\/roselin-dishwashing-liquid-soap-4lts\/","name":"ROSELIN PINK DISH DETERGENT 4LTS | Pla-M Distributions","isPartOf":{"@id":"https:\/\/plamdistributions.com\/en\/#website"},"primaryImageOfPage":{"@id":"https:\/\/plamdistributions.com\/en\/produit\/roselin-dishwashing-liquid-soap-4lts\/#primaryimage"},"image":{"@id":"https:\/\/plamdistributions.com\/en\/produit\/roselin-dishwashing-liquid-soap-4lts\/#primaryimage"},"thumbnailUrl":"https:\/\/plamdistributions.com\/wp-content\/uploads\/2021\/05\/ROSELIN-1.jpg","datePublished":"2021-05-21T18:56:41+00:00","dateModified":"2022-06-28T19:38:38+00:00","breadcrumb":{"@id":"https:\/\/plamdistributions.com\/en\/produit\/roselin-dishwashing-liquid-soap-4lts\/#breadcrumb"},"inLanguage":"en-US","potentialAction":[{"@type":"ReadAction","target":["https:\/\/plamdistributions.com\/en\/produit\/roselin-dishwashing-liquid-soap-4lts\/"]}]},{"@type":"ImageObject","inLanguage":"en-US","@id":"https:\/\/plamdistributions.com\/en\/produit\/roselin-dishwashing-liquid-soap-4lts\/#primaryimage","url":"https:\/\/plamdistributions.com\/wp-content\/uploads\/2021\/05\/ROSELIN-1.jpg","contentUrl":"https:\/\/plamdistributions.com\/wp-content\/uploads\/2021\/05\/ROSELIN-1.jpg","width":600,"height":600,"caption":"ROSELIN dishwashing liquid soap, Exclusive product de Distributions Pla-M"},{"@type":"BreadcrumbList","@id":"https:\/\/plamdistributions.com\/en\/produit\/roselin-dishwashing-liquid-soap-4lts\/#breadcrumb","itemListElement":[{"@type":"ListItem","position":1,"name":"Accueil","item":"https:\/\/plamdistributions.com\/en\/"},{"@type":"ListItem","position":2,"name":"Shop","item":"https:\/\/plamdistributions.com\/en\/shop\/"},{"@type":"ListItem","position":3,"name":"ROSELIN PINK DISH DETERGENT 4LTS"}]},{"@type":"WebSite","@id":"https:\/\/plamdistributions.com\/en\/#website","url":"https:\/\/plamdistributions.com\/en\/","name":"Distributions Pla-M Inc.","description":"Sale of sanitary products and equipment","publisher":{"@id":"https:\/\/plamdistributions.com\/en\/#organization"},"potentialAction":[{"@type":"SearchAction","target":{"@type":"EntryPoint","urlTemplate":"https:\/\/plamdistributions.com\/en\/?s={search_term_string}"},"query-input":{"@type":"PropertyValueSpecification","valueRequired":true,"valueName":"search_term_string"}}],"inLanguage":"en-US"},{"@type":"Organization","@id":"https:\/\/plamdistributions.com\/en\/#organization","name":"Distributions Pla-M","url":"https:\/\/plamdistributions.com\/en\/","logo":{"@type":"ImageObject","inLanguage":"en-US","@id":"https:\/\/plamdistributions.com\/en\/#\/schema\/logo\/image\/","url":"https:\/\/plamdistributions.com\/wp-content\/uploads\/2021\/05\/PLAM-SANS.png","contentUrl":"https:\/\/plamdistributions.com\/wp-content\/uploads\/2021\/05\/PLAM-SANS.png","width":289,"height":224,"caption":"Distributions Pla-M"},"image":{"@id":"https:\/\/plamdistributions.com\/en\/#\/schema\/logo\/image\/"},"sameAs":["https:\/\/www.facebook.com\/displam\/","https:\/\/x.com\/Displam","https:\/\/www.youtube.com\/channel\/UCHmm3HCGnpGuaQ984quISDg"]}]}},"_links":{"self":[{"href":"https:\/\/plamdistributions.com\/en\/wp-json\/wp\/v2\/product\/29248","targetHints":{"allow":["GET"]}}],"collection":[{"href":"https:\/\/plamdistributions.com\/en\/wp-json\/wp\/v2\/product"}],"about":[{"href":"https:\/\/plamdistributions.com\/en\/wp-json\/wp\/v2\/types\/product"}],"replies":[{"embeddable":true,"href":"https:\/\/plamdistributions.com\/en\/wp-json\/wp\/v2\/comments?post=29248"}],"wp:featuredmedia":[{"embeddable":true,"href":"https:\/\/plamdistributions.com\/en\/wp-json\/wp\/v2\/media\/25557"}],"wp:attachment":[{"href":"https:\/\/plamdistributions.com\/en\/wp-json\/wp\/v2\/media?parent=29248"}],"wp:term":[{"taxonomy":"product_brand","embeddable":true,"href":"https:\/\/plamdistributions.com\/en\/wp-json\/wp\/v2\/product_brand?post=29248"},{"taxonomy":"product_cat","embeddable":true,"href":"https:\/\/plamdistributions.com\/en\/wp-json\/wp\/v2\/product_cat?post=29248"},{"taxonomy":"product_tag","embeddable":true,"href":"https:\/\/plamdistributions.com\/en\/wp-json\/wp\/v2\/product_tag?post=29248"}],"curies":[{"name":"wp","href":"https:\/\/api.w.org\/{rel}","templated":true}]}}