{"id":29696,"date":"2021-11-04T11:58:26","date_gmt":"2021-11-04T15:58:26","guid":{"rendered":"https:\/\/plamdistributions.com\/?post_type=product&#038;p=29696"},"modified":"2023-01-31T01:04:50","modified_gmt":"2023-01-31T05:04:50","slug":"proportionneur-4-sorties-1gl-minute-ou-4gl-minute","status":"publish","type":"product","link":"https:\/\/plamdistributions.com\/en\/produit\/proportionneur-4-sorties-1gl-minute-ou-4gl-minute\/","title":{"rendered":"Proportionneur 4 sorties (1GL\/minute ou 4GL\/minute)"},"content":{"rendered":"<p><strong>Code: ACP-PD803\/ ACP-PD804<br \/>\n<\/strong><\/p>\n<p>Dilution \u00e0 la main extr\u00eame pour 1 ou plusieurs produits \u00e0 faible d\u00e9bit, remplissage de bouteilles ou haut d\u00e9bit, remplissage de seau. Le remplissage des bouteilles peut \u00eatre activ\u00e9 d&#8217;une seule main pour une plus grande flexibilit\u00e9 et une activation \u00e0 distance en option pour le remplissage des seaux ou des \u00e9purateurs est \u00e9galement disponible. Les unit\u00e9s sont disponibles avec des dispositifs anti-retour<strong><em> <a href=\"https:\/\/raytechcanada.com\/fr\/marques\/dema\">DEMA<\/a><\/em><\/strong> Action Gap ou \u00e0 entrefer et avec plusieurs configurations de bo\u00eetiers verrouillables.<\/p>\n<p><strong>\u2713 Fournisseur: <a href=\"https:\/\/raytechcanada.com\/fr\/\">Technologies Sanitaires Raytech<\/a><\/strong><\/p>\n","protected":false},"excerpt":{"rendered":"<p><strong>\u2713 Fournisseur: <a href=\"https:\/\/raytechcanada.com\/fr\/\">Technologies Sanitaires Raytech<\/a><\/strong><\/p>\n","protected":false},"featured_media":29702,"comment_status":"closed","ping_status":"closed","template":"","meta":[],"product_brand":[],"product_cat":[143,208],"product_tag":[],"class_list":{"0":"post-29696","1":"product","2":"type-product","3":"status-publish","4":"has-post-thumbnail","6":"product_cat-accessoires","7":"product_cat-autres-accessoires","8":"product_shipping_class-standard","10":"first","11":"onbackorder","12":"taxable","13":"shipping-taxable","14":"purchasable","15":"product-type-variable"},"yoast_head":"<!-- This site is optimized with the Yoast SEO plugin v27.4 - https:\/\/yoast.com\/product\/yoast-seo-wordpress\/ -->\n<title>Proportionneur 4 sorties (1GL\/minute ou 4GL\/minute) | Pla-M Distributions<\/title>\n<meta name=\"robots\" content=\"index, follow, max-snippet:-1, max-image-preview:large, max-video-preview:-1\" \/>\n<link rel=\"canonical\" href=\"https:\/\/plamdistributions.com\/produit\/proportionneur-4-sorties-1gl-minute-ou-4gl-minute\/\" \/>\n<meta property=\"og:locale\" content=\"en_US\" \/>\n<meta property=\"og:type\" content=\"article\" \/>\n<meta property=\"og:title\" content=\"Proportionneur 4 sorties (1GL\/minute ou 4GL\/minute) | Pla-M Distributions\" \/>\n<meta property=\"og:description\" content=\"\u2713 Fournisseur: Technologies Sanitaires Raytech\" \/>\n<meta property=\"og:url\" content=\"https:\/\/plamdistributions.com\/produit\/proportionneur-4-sorties-1gl-minute-ou-4gl-minute\/\" \/>\n<meta property=\"og:site_name\" content=\"Pla-M Distributions\" \/>\n<meta property=\"article:publisher\" content=\"https:\/\/www.facebook.com\/displam\/\" \/>\n<meta property=\"article:modified_time\" content=\"2023-01-31T05:04:50+00:00\" \/>\n<meta property=\"og:image\" content=\"https:\/\/plamdistributions.com\/wp-content\/uploads\/2021\/11\/ACP-PD803-ACP-PD804-PROPORTIONNEUR-4-SORTIES.jpg\" \/>\n\t<meta property=\"og:image:width\" content=\"700\" \/>\n\t<meta property=\"og:image:height\" content=\"700\" \/>\n\t<meta property=\"og:image:type\" content=\"image\/jpeg\" \/>\n<meta name=\"twitter:card\" content=\"summary_large_image\" \/>\n<meta name=\"twitter:site\" content=\"@Displam\" \/>\n<script type=\"application\/ld+json\" class=\"yoast-schema-graph\">{\"@context\":\"https:\\\/\\\/schema.org\",\"@graph\":[{\"@type\":\"WebPage\",\"@id\":\"https:\\\/\\\/plamdistributions.com\\\/produit\\\/proportionneur-4-sorties-1gl-minute-ou-4gl-minute\\\/\",\"url\":\"https:\\\/\\\/plamdistributions.com\\\/produit\\\/proportionneur-4-sorties-1gl-minute-ou-4gl-minute\\\/\",\"name\":\"Proportionneur 4 sorties (1GL\\\/minute ou 4GL\\\/minute) | Pla-M Distributions\",\"isPartOf\":{\"@id\":\"https:\\\/\\\/plamdistributions.com\\\/#website\"},\"primaryImageOfPage\":{\"@id\":\"https:\\\/\\\/plamdistributions.com\\\/produit\\\/proportionneur-4-sorties-1gl-minute-ou-4gl-minute\\\/#primaryimage\"},\"image\":{\"@id\":\"https:\\\/\\\/plamdistributions.com\\\/produit\\\/proportionneur-4-sorties-1gl-minute-ou-4gl-minute\\\/#primaryimage\"},\"thumbnailUrl\":\"https:\\\/\\\/plamdistributions.com\\\/wp-content\\\/uploads\\\/2021\\\/11\\\/ACP-PD803-ACP-PD804-PROPORTIONNEUR-4-SORTIES.jpg\",\"datePublished\":\"2021-11-04T15:58:26+00:00\",\"dateModified\":\"2023-01-31T05:04:50+00:00\",\"breadcrumb\":{\"@id\":\"https:\\\/\\\/plamdistributions.com\\\/produit\\\/proportionneur-4-sorties-1gl-minute-ou-4gl-minute\\\/#breadcrumb\"},\"inLanguage\":\"en-US\",\"potentialAction\":[{\"@type\":\"ReadAction\",\"target\":[\"https:\\\/\\\/plamdistributions.com\\\/produit\\\/proportionneur-4-sorties-1gl-minute-ou-4gl-minute\\\/\"]}]},{\"@type\":\"ImageObject\",\"inLanguage\":\"en-US\",\"@id\":\"https:\\\/\\\/plamdistributions.com\\\/produit\\\/proportionneur-4-sorties-1gl-minute-ou-4gl-minute\\\/#primaryimage\",\"url\":\"https:\\\/\\\/plamdistributions.com\\\/wp-content\\\/uploads\\\/2021\\\/11\\\/ACP-PD803-ACP-PD804-PROPORTIONNEUR-4-SORTIES.jpg\",\"contentUrl\":\"https:\\\/\\\/plamdistributions.com\\\/wp-content\\\/uploads\\\/2021\\\/11\\\/ACP-PD803-ACP-PD804-PROPORTIONNEUR-4-SORTIES.jpg\",\"width\":700,\"height\":700,\"caption\":\"Proportionneur 4 sorties DEMA 803GAP ou 804GAP fournisseur Technologies Sanitaires Raytech\"},{\"@type\":\"BreadcrumbList\",\"@id\":\"https:\\\/\\\/plamdistributions.com\\\/produit\\\/proportionneur-4-sorties-1gl-minute-ou-4gl-minute\\\/#breadcrumb\",\"itemListElement\":[{\"@type\":\"ListItem\",\"position\":1,\"name\":\"Accueil\",\"item\":\"https:\\\/\\\/plamdistributions.com\\\/en\\\/\"},{\"@type\":\"ListItem\",\"position\":2,\"name\":\"Shop\",\"item\":\"https:\\\/\\\/plamdistributions.com\\\/en\\\/shop\\\/\"},{\"@type\":\"ListItem\",\"position\":3,\"name\":\"Proportionneur 4 sorties (1GL\\\/minute ou 4GL\\\/minute)\"}]},{\"@type\":\"WebSite\",\"@id\":\"https:\\\/\\\/plamdistributions.com\\\/#website\",\"url\":\"https:\\\/\\\/plamdistributions.com\\\/\",\"name\":\"Distributions Pla-M Inc.\",\"description\":\"Sale of sanitary products and equipment\",\"publisher\":{\"@id\":\"https:\\\/\\\/plamdistributions.com\\\/#organization\"},\"potentialAction\":[{\"@type\":\"SearchAction\",\"target\":{\"@type\":\"EntryPoint\",\"urlTemplate\":\"https:\\\/\\\/plamdistributions.com\\\/?s={search_term_string}\"},\"query-input\":{\"@type\":\"PropertyValueSpecification\",\"valueRequired\":true,\"valueName\":\"search_term_string\"}}],\"inLanguage\":\"en-US\"},{\"@type\":\"Organization\",\"@id\":\"https:\\\/\\\/plamdistributions.com\\\/#organization\",\"name\":\"Distributions Pla-M\",\"url\":\"https:\\\/\\\/plamdistributions.com\\\/\",\"logo\":{\"@type\":\"ImageObject\",\"inLanguage\":\"en-US\",\"@id\":\"https:\\\/\\\/plamdistributions.com\\\/#\\\/schema\\\/logo\\\/image\\\/\",\"url\":\"https:\\\/\\\/plamdistributions.com\\\/wp-content\\\/uploads\\\/2021\\\/05\\\/PLAM-SANS.png\",\"contentUrl\":\"https:\\\/\\\/plamdistributions.com\\\/wp-content\\\/uploads\\\/2021\\\/05\\\/PLAM-SANS.png\",\"width\":289,\"height\":224,\"caption\":\"Distributions Pla-M\"},\"image\":{\"@id\":\"https:\\\/\\\/plamdistributions.com\\\/#\\\/schema\\\/logo\\\/image\\\/\"},\"sameAs\":[\"https:\\\/\\\/www.facebook.com\\\/displam\\\/\",\"https:\\\/\\\/x.com\\\/Displam\",\"https:\\\/\\\/www.youtube.com\\\/channel\\\/UCHmm3HCGnpGuaQ984quISDg\"]}]}<\/script>\n<!-- \/ Yoast SEO plugin. -->","yoast_head_json":{"title":"Proportionneur 4 sorties (1GL\/minute ou 4GL\/minute) | Pla-M Distributions","robots":{"index":"index","follow":"follow","max-snippet":"max-snippet:-1","max-image-preview":"max-image-preview:large","max-video-preview":"max-video-preview:-1"},"canonical":"https:\/\/plamdistributions.com\/produit\/proportionneur-4-sorties-1gl-minute-ou-4gl-minute\/","og_locale":"en_US","og_type":"article","og_title":"Proportionneur 4 sorties (1GL\/minute ou 4GL\/minute) | Pla-M Distributions","og_description":"\u2713 Fournisseur: Technologies Sanitaires Raytech","og_url":"https:\/\/plamdistributions.com\/produit\/proportionneur-4-sorties-1gl-minute-ou-4gl-minute\/","og_site_name":"Pla-M Distributions","article_publisher":"https:\/\/www.facebook.com\/displam\/","article_modified_time":"2023-01-31T05:04:50+00:00","og_image":[{"width":700,"height":700,"url":"https:\/\/plamdistributions.com\/wp-content\/uploads\/2021\/11\/ACP-PD803-ACP-PD804-PROPORTIONNEUR-4-SORTIES.jpg","type":"image\/jpeg"}],"twitter_card":"summary_large_image","twitter_site":"@Displam","schema":{"@context":"https:\/\/schema.org","@graph":[{"@type":"WebPage","@id":"https:\/\/plamdistributions.com\/produit\/proportionneur-4-sorties-1gl-minute-ou-4gl-minute\/","url":"https:\/\/plamdistributions.com\/produit\/proportionneur-4-sorties-1gl-minute-ou-4gl-minute\/","name":"Proportionneur 4 sorties (1GL\/minute ou 4GL\/minute) | Pla-M Distributions","isPartOf":{"@id":"https:\/\/plamdistributions.com\/#website"},"primaryImageOfPage":{"@id":"https:\/\/plamdistributions.com\/produit\/proportionneur-4-sorties-1gl-minute-ou-4gl-minute\/#primaryimage"},"image":{"@id":"https:\/\/plamdistributions.com\/produit\/proportionneur-4-sorties-1gl-minute-ou-4gl-minute\/#primaryimage"},"thumbnailUrl":"https:\/\/plamdistributions.com\/wp-content\/uploads\/2021\/11\/ACP-PD803-ACP-PD804-PROPORTIONNEUR-4-SORTIES.jpg","datePublished":"2021-11-04T15:58:26+00:00","dateModified":"2023-01-31T05:04:50+00:00","breadcrumb":{"@id":"https:\/\/plamdistributions.com\/produit\/proportionneur-4-sorties-1gl-minute-ou-4gl-minute\/#breadcrumb"},"inLanguage":"en-US","potentialAction":[{"@type":"ReadAction","target":["https:\/\/plamdistributions.com\/produit\/proportionneur-4-sorties-1gl-minute-ou-4gl-minute\/"]}]},{"@type":"ImageObject","inLanguage":"en-US","@id":"https:\/\/plamdistributions.com\/produit\/proportionneur-4-sorties-1gl-minute-ou-4gl-minute\/#primaryimage","url":"https:\/\/plamdistributions.com\/wp-content\/uploads\/2021\/11\/ACP-PD803-ACP-PD804-PROPORTIONNEUR-4-SORTIES.jpg","contentUrl":"https:\/\/plamdistributions.com\/wp-content\/uploads\/2021\/11\/ACP-PD803-ACP-PD804-PROPORTIONNEUR-4-SORTIES.jpg","width":700,"height":700,"caption":"Proportionneur 4 sorties DEMA 803GAP ou 804GAP fournisseur Technologies Sanitaires Raytech"},{"@type":"BreadcrumbList","@id":"https:\/\/plamdistributions.com\/produit\/proportionneur-4-sorties-1gl-minute-ou-4gl-minute\/#breadcrumb","itemListElement":[{"@type":"ListItem","position":1,"name":"Accueil","item":"https:\/\/plamdistributions.com\/en\/"},{"@type":"ListItem","position":2,"name":"Shop","item":"https:\/\/plamdistributions.com\/en\/shop\/"},{"@type":"ListItem","position":3,"name":"Proportionneur 4 sorties (1GL\/minute ou 4GL\/minute)"}]},{"@type":"WebSite","@id":"https:\/\/plamdistributions.com\/#website","url":"https:\/\/plamdistributions.com\/","name":"Distributions Pla-M Inc.","description":"Sale of sanitary products and equipment","publisher":{"@id":"https:\/\/plamdistributions.com\/#organization"},"potentialAction":[{"@type":"SearchAction","target":{"@type":"EntryPoint","urlTemplate":"https:\/\/plamdistributions.com\/?s={search_term_string}"},"query-input":{"@type":"PropertyValueSpecification","valueRequired":true,"valueName":"search_term_string"}}],"inLanguage":"en-US"},{"@type":"Organization","@id":"https:\/\/plamdistributions.com\/#organization","name":"Distributions Pla-M","url":"https:\/\/plamdistributions.com\/","logo":{"@type":"ImageObject","inLanguage":"en-US","@id":"https:\/\/plamdistributions.com\/#\/schema\/logo\/image\/","url":"https:\/\/plamdistributions.com\/wp-content\/uploads\/2021\/05\/PLAM-SANS.png","contentUrl":"https:\/\/plamdistributions.com\/wp-content\/uploads\/2021\/05\/PLAM-SANS.png","width":289,"height":224,"caption":"Distributions Pla-M"},"image":{"@id":"https:\/\/plamdistributions.com\/#\/schema\/logo\/image\/"},"sameAs":["https:\/\/www.facebook.com\/displam\/","https:\/\/x.com\/Displam","https:\/\/www.youtube.com\/channel\/UCHmm3HCGnpGuaQ984quISDg"]}]}},"_links":{"self":[{"href":"https:\/\/plamdistributions.com\/en\/wp-json\/wp\/v2\/product\/29696","targetHints":{"allow":["GET"]}}],"collection":[{"href":"https:\/\/plamdistributions.com\/en\/wp-json\/wp\/v2\/product"}],"about":[{"href":"https:\/\/plamdistributions.com\/en\/wp-json\/wp\/v2\/types\/product"}],"replies":[{"embeddable":true,"href":"https:\/\/plamdistributions.com\/en\/wp-json\/wp\/v2\/comments?post=29696"}],"wp:featuredmedia":[{"embeddable":true,"href":"https:\/\/plamdistributions.com\/en\/wp-json\/wp\/v2\/media\/29702"}],"wp:attachment":[{"href":"https:\/\/plamdistributions.com\/en\/wp-json\/wp\/v2\/media?parent=29696"}],"wp:term":[{"taxonomy":"product_brand","embeddable":true,"href":"https:\/\/plamdistributions.com\/en\/wp-json\/wp\/v2\/product_brand?post=29696"},{"taxonomy":"product_cat","embeddable":true,"href":"https:\/\/plamdistributions.com\/en\/wp-json\/wp\/v2\/product_cat?post=29696"},{"taxonomy":"product_tag","embeddable":true,"href":"https:\/\/plamdistributions.com\/en\/wp-json\/wp\/v2\/product_tag?post=29696"}],"curies":[{"name":"wp","href":"https:\/\/api.w.org\/{rel}","templated":true}]}}