{"id":29982,"date":"2021-11-11T17:23:12","date_gmt":"2021-11-11T21:23:12","guid":{"rendered":"https:\/\/plamdistributions.com\/?post_type=product&#038;p=29982"},"modified":"2026-02-11T09:08:33","modified_gmt":"2026-02-11T13:08:33","slug":"extracteur-a-tapis-jvm15-outil","status":"publish","type":"product","link":"https:\/\/plamdistributions.com\/en\/produit\/extracteur-a-tapis-jvm15-outil\/","title":{"rendered":"EXTRACTEUR \u00c0 TAPIS JVM15 + OUTIL"},"content":{"rendered":"<p><strong>Code: EXT-JVM15<br \/>\n<\/strong><\/p>\n<p>La JVM15 est un extracteur \u00e0 tapis et un aspirateur en m\u00eame temps. Le grand avantage avec cette laveuse \u00e0 tapis est sa forme compacte et sa mobilit\u00e9. Ne vous encombrez plus de gros appareil inutile ; la JVM15 se faufile dans les endroits difficiles et se manie tr\u00e8s facilement.<\/p>\n<p>Gr\u00e2ce \u00e0 un syst\u00e8me de pulv\u00e9risation\/extraction, permettant des utilisations intensives, la JVM15 injecte en profondeur une solution d&#8217;eau et de savon qui nettoie les tapis et moquettes tandis que l&#8217;aspirateur reprend imm\u00e9diatement l&#8217;eau sale et ass\u00e8che le sol.<\/p>\n<p>Id\u00e9ale pour le nettoyage des moquettes, tapis, fauteuils.<\/p>\n<p><strong>\u2713 Fabricant: Johnny Vac<\/strong><\/p>\n","protected":false},"excerpt":{"rendered":"<p>Code: EXT-JVM15 La JVM15 est un extracteur \u00e0 tapis et un aspirateur en m\u00eame temps. Le grand avantage avec cette<\/p>\n","protected":false},"featured_media":29992,"comment_status":"closed","ping_status":"closed","template":"","meta":[],"product_brand":[],"product_cat":[255,98,420],"product_tag":[],"class_list":{"0":"post-29982","1":"product","2":"type-product","3":"status-publish","4":"has-post-thumbnail","6":"product_cat-autres-equipements-pour-planchers","7":"product_cat-equipements","8":"product_cat-extracteurs-a-tapis","9":"product_shipping_class-standard","11":"first","12":"instock","13":"featured","14":"taxable","15":"shipping-taxable","16":"purchasable","17":"product-type-simple"},"yoast_head":"<!-- This site is optimized with the Yoast SEO plugin v27.4 - https:\/\/yoast.com\/product\/yoast-seo-wordpress\/ -->\n<title>EXTRACTEUR \u00c0 TAPIS JVM15 + OUTIL | Pla-M Distributions<\/title>\n<meta name=\"robots\" content=\"index, follow, max-snippet:-1, max-image-preview:large, max-video-preview:-1\" \/>\n<link rel=\"canonical\" href=\"https:\/\/plamdistributions.com\/en\/produit\/extracteur-a-tapis-jvm15-outil\/\" \/>\n<meta property=\"og:locale\" content=\"en_US\" \/>\n<meta property=\"og:type\" content=\"article\" \/>\n<meta property=\"og:title\" content=\"EXTRACTEUR \u00c0 TAPIS JVM15 + OUTIL | Pla-M Distributions\" \/>\n<meta property=\"og:description\" content=\"Code: EXT-JVM15 La JVM15 est un extracteur \u00e0 tapis et un aspirateur en m\u00eame temps. Le grand avantage avec cette\" \/>\n<meta property=\"og:url\" content=\"https:\/\/plamdistributions.com\/en\/produit\/extracteur-a-tapis-jvm15-outil\/\" \/>\n<meta property=\"og:site_name\" content=\"Pla-M Distributions\" \/>\n<meta property=\"article:publisher\" content=\"https:\/\/www.facebook.com\/displam\/\" \/>\n<meta property=\"article:modified_time\" content=\"2026-02-11T13:08:33+00:00\" \/>\n<meta property=\"og:image\" content=\"https:\/\/plamdistributions.com\/wp-content\/uploads\/2021\/11\/EXT-JVM15.jpg\" \/>\n\t<meta property=\"og:image:width\" content=\"700\" \/>\n\t<meta property=\"og:image:height\" content=\"700\" \/>\n\t<meta property=\"og:image:type\" content=\"image\/jpeg\" \/>\n<meta name=\"twitter:card\" content=\"summary_large_image\" \/>\n<meta name=\"twitter:site\" content=\"@Displam\" \/>\n<meta name=\"twitter:label1\" content=\"Est. reading time\" \/>\n\t<meta name=\"twitter:data1\" content=\"1 minute\" \/>\n<script type=\"application\/ld+json\" class=\"yoast-schema-graph\">{\"@context\":\"https:\\\/\\\/schema.org\",\"@graph\":[{\"@type\":\"WebPage\",\"@id\":\"https:\\\/\\\/plamdistributions.com\\\/en\\\/produit\\\/extracteur-a-tapis-jvm15-outil\\\/\",\"url\":\"https:\\\/\\\/plamdistributions.com\\\/en\\\/produit\\\/extracteur-a-tapis-jvm15-outil\\\/\",\"name\":\"EXTRACTEUR \u00c0 TAPIS JVM15 + OUTIL | Pla-M Distributions\",\"isPartOf\":{\"@id\":\"https:\\\/\\\/plamdistributions.com\\\/#website\"},\"primaryImageOfPage\":{\"@id\":\"https:\\\/\\\/plamdistributions.com\\\/en\\\/produit\\\/extracteur-a-tapis-jvm15-outil\\\/#primaryimage\"},\"image\":{\"@id\":\"https:\\\/\\\/plamdistributions.com\\\/en\\\/produit\\\/extracteur-a-tapis-jvm15-outil\\\/#primaryimage\"},\"thumbnailUrl\":\"https:\\\/\\\/plamdistributions.com\\\/wp-content\\\/uploads\\\/2021\\\/11\\\/EXT-JVM15.jpg\",\"datePublished\":\"2021-11-11T21:23:12+00:00\",\"dateModified\":\"2026-02-11T13:08:33+00:00\",\"breadcrumb\":{\"@id\":\"https:\\\/\\\/plamdistributions.com\\\/en\\\/produit\\\/extracteur-a-tapis-jvm15-outil\\\/#breadcrumb\"},\"inLanguage\":\"en-US\",\"potentialAction\":[{\"@type\":\"ReadAction\",\"target\":[\"https:\\\/\\\/plamdistributions.com\\\/en\\\/produit\\\/extracteur-a-tapis-jvm15-outil\\\/\"]}]},{\"@type\":\"ImageObject\",\"inLanguage\":\"en-US\",\"@id\":\"https:\\\/\\\/plamdistributions.com\\\/en\\\/produit\\\/extracteur-a-tapis-jvm15-outil\\\/#primaryimage\",\"url\":\"https:\\\/\\\/plamdistributions.com\\\/wp-content\\\/uploads\\\/2021\\\/11\\\/EXT-JVM15.jpg\",\"contentUrl\":\"https:\\\/\\\/plamdistributions.com\\\/wp-content\\\/uploads\\\/2021\\\/11\\\/EXT-JVM15.jpg\",\"width\":700,\"height\":700,\"caption\":\"Extracteur Johnny Vac JVM15\"},{\"@type\":\"BreadcrumbList\",\"@id\":\"https:\\\/\\\/plamdistributions.com\\\/en\\\/produit\\\/extracteur-a-tapis-jvm15-outil\\\/#breadcrumb\",\"itemListElement\":[{\"@type\":\"ListItem\",\"position\":1,\"name\":\"Accueil\",\"item\":\"https:\\\/\\\/plamdistributions.com\\\/en\\\/\"},{\"@type\":\"ListItem\",\"position\":2,\"name\":\"Shop\",\"item\":\"https:\\\/\\\/plamdistributions.com\\\/en\\\/shop\\\/\"},{\"@type\":\"ListItem\",\"position\":3,\"name\":\"EXTRACTEUR \u00c0 TAPIS JVM15 + OUTIL\"}]},{\"@type\":\"WebSite\",\"@id\":\"https:\\\/\\\/plamdistributions.com\\\/#website\",\"url\":\"https:\\\/\\\/plamdistributions.com\\\/\",\"name\":\"Distributions Pla-M Inc.\",\"description\":\"Sale of sanitary products and equipment\",\"publisher\":{\"@id\":\"https:\\\/\\\/plamdistributions.com\\\/#organization\"},\"potentialAction\":[{\"@type\":\"SearchAction\",\"target\":{\"@type\":\"EntryPoint\",\"urlTemplate\":\"https:\\\/\\\/plamdistributions.com\\\/?s={search_term_string}\"},\"query-input\":{\"@type\":\"PropertyValueSpecification\",\"valueRequired\":true,\"valueName\":\"search_term_string\"}}],\"inLanguage\":\"en-US\"},{\"@type\":\"Organization\",\"@id\":\"https:\\\/\\\/plamdistributions.com\\\/#organization\",\"name\":\"Distributions Pla-M\",\"url\":\"https:\\\/\\\/plamdistributions.com\\\/\",\"logo\":{\"@type\":\"ImageObject\",\"inLanguage\":\"en-US\",\"@id\":\"https:\\\/\\\/plamdistributions.com\\\/#\\\/schema\\\/logo\\\/image\\\/\",\"url\":\"https:\\\/\\\/plamdistributions.com\\\/wp-content\\\/uploads\\\/2021\\\/05\\\/PLAM-SANS.png\",\"contentUrl\":\"https:\\\/\\\/plamdistributions.com\\\/wp-content\\\/uploads\\\/2021\\\/05\\\/PLAM-SANS.png\",\"width\":289,\"height\":224,\"caption\":\"Distributions Pla-M\"},\"image\":{\"@id\":\"https:\\\/\\\/plamdistributions.com\\\/#\\\/schema\\\/logo\\\/image\\\/\"},\"sameAs\":[\"https:\\\/\\\/www.facebook.com\\\/displam\\\/\",\"https:\\\/\\\/x.com\\\/Displam\",\"https:\\\/\\\/www.youtube.com\\\/channel\\\/UCHmm3HCGnpGuaQ984quISDg\"]}]}<\/script>\n<!-- \/ Yoast SEO plugin. -->","yoast_head_json":{"title":"EXTRACTEUR \u00c0 TAPIS JVM15 + OUTIL | Pla-M Distributions","robots":{"index":"index","follow":"follow","max-snippet":"max-snippet:-1","max-image-preview":"max-image-preview:large","max-video-preview":"max-video-preview:-1"},"canonical":"https:\/\/plamdistributions.com\/en\/produit\/extracteur-a-tapis-jvm15-outil\/","og_locale":"en_US","og_type":"article","og_title":"EXTRACTEUR \u00c0 TAPIS JVM15 + OUTIL | Pla-M Distributions","og_description":"Code: EXT-JVM15 La JVM15 est un extracteur \u00e0 tapis et un aspirateur en m\u00eame temps. Le grand avantage avec cette","og_url":"https:\/\/plamdistributions.com\/en\/produit\/extracteur-a-tapis-jvm15-outil\/","og_site_name":"Pla-M Distributions","article_publisher":"https:\/\/www.facebook.com\/displam\/","article_modified_time":"2026-02-11T13:08:33+00:00","og_image":[{"width":700,"height":700,"url":"https:\/\/plamdistributions.com\/wp-content\/uploads\/2021\/11\/EXT-JVM15.jpg","type":"image\/jpeg"}],"twitter_card":"summary_large_image","twitter_site":"@Displam","twitter_misc":{"Est. reading time":"1 minute"},"schema":{"@context":"https:\/\/schema.org","@graph":[{"@type":"WebPage","@id":"https:\/\/plamdistributions.com\/en\/produit\/extracteur-a-tapis-jvm15-outil\/","url":"https:\/\/plamdistributions.com\/en\/produit\/extracteur-a-tapis-jvm15-outil\/","name":"EXTRACTEUR \u00c0 TAPIS JVM15 + OUTIL | Pla-M Distributions","isPartOf":{"@id":"https:\/\/plamdistributions.com\/#website"},"primaryImageOfPage":{"@id":"https:\/\/plamdistributions.com\/en\/produit\/extracteur-a-tapis-jvm15-outil\/#primaryimage"},"image":{"@id":"https:\/\/plamdistributions.com\/en\/produit\/extracteur-a-tapis-jvm15-outil\/#primaryimage"},"thumbnailUrl":"https:\/\/plamdistributions.com\/wp-content\/uploads\/2021\/11\/EXT-JVM15.jpg","datePublished":"2021-11-11T21:23:12+00:00","dateModified":"2026-02-11T13:08:33+00:00","breadcrumb":{"@id":"https:\/\/plamdistributions.com\/en\/produit\/extracteur-a-tapis-jvm15-outil\/#breadcrumb"},"inLanguage":"en-US","potentialAction":[{"@type":"ReadAction","target":["https:\/\/plamdistributions.com\/en\/produit\/extracteur-a-tapis-jvm15-outil\/"]}]},{"@type":"ImageObject","inLanguage":"en-US","@id":"https:\/\/plamdistributions.com\/en\/produit\/extracteur-a-tapis-jvm15-outil\/#primaryimage","url":"https:\/\/plamdistributions.com\/wp-content\/uploads\/2021\/11\/EXT-JVM15.jpg","contentUrl":"https:\/\/plamdistributions.com\/wp-content\/uploads\/2021\/11\/EXT-JVM15.jpg","width":700,"height":700,"caption":"Extracteur Johnny Vac JVM15"},{"@type":"BreadcrumbList","@id":"https:\/\/plamdistributions.com\/en\/produit\/extracteur-a-tapis-jvm15-outil\/#breadcrumb","itemListElement":[{"@type":"ListItem","position":1,"name":"Accueil","item":"https:\/\/plamdistributions.com\/en\/"},{"@type":"ListItem","position":2,"name":"Shop","item":"https:\/\/plamdistributions.com\/en\/shop\/"},{"@type":"ListItem","position":3,"name":"EXTRACTEUR \u00c0 TAPIS JVM15 + OUTIL"}]},{"@type":"WebSite","@id":"https:\/\/plamdistributions.com\/#website","url":"https:\/\/plamdistributions.com\/","name":"Distributions Pla-M Inc.","description":"Sale of sanitary products and equipment","publisher":{"@id":"https:\/\/plamdistributions.com\/#organization"},"potentialAction":[{"@type":"SearchAction","target":{"@type":"EntryPoint","urlTemplate":"https:\/\/plamdistributions.com\/?s={search_term_string}"},"query-input":{"@type":"PropertyValueSpecification","valueRequired":true,"valueName":"search_term_string"}}],"inLanguage":"en-US"},{"@type":"Organization","@id":"https:\/\/plamdistributions.com\/#organization","name":"Distributions Pla-M","url":"https:\/\/plamdistributions.com\/","logo":{"@type":"ImageObject","inLanguage":"en-US","@id":"https:\/\/plamdistributions.com\/#\/schema\/logo\/image\/","url":"https:\/\/plamdistributions.com\/wp-content\/uploads\/2021\/05\/PLAM-SANS.png","contentUrl":"https:\/\/plamdistributions.com\/wp-content\/uploads\/2021\/05\/PLAM-SANS.png","width":289,"height":224,"caption":"Distributions Pla-M"},"image":{"@id":"https:\/\/plamdistributions.com\/#\/schema\/logo\/image\/"},"sameAs":["https:\/\/www.facebook.com\/displam\/","https:\/\/x.com\/Displam","https:\/\/www.youtube.com\/channel\/UCHmm3HCGnpGuaQ984quISDg"]}]}},"_links":{"self":[{"href":"https:\/\/plamdistributions.com\/en\/wp-json\/wp\/v2\/product\/29982","targetHints":{"allow":["GET"]}}],"collection":[{"href":"https:\/\/plamdistributions.com\/en\/wp-json\/wp\/v2\/product"}],"about":[{"href":"https:\/\/plamdistributions.com\/en\/wp-json\/wp\/v2\/types\/product"}],"replies":[{"embeddable":true,"href":"https:\/\/plamdistributions.com\/en\/wp-json\/wp\/v2\/comments?post=29982"}],"wp:featuredmedia":[{"embeddable":true,"href":"https:\/\/plamdistributions.com\/en\/wp-json\/wp\/v2\/media\/29992"}],"wp:attachment":[{"href":"https:\/\/plamdistributions.com\/en\/wp-json\/wp\/v2\/media?parent=29982"}],"wp:term":[{"taxonomy":"product_brand","embeddable":true,"href":"https:\/\/plamdistributions.com\/en\/wp-json\/wp\/v2\/product_brand?post=29982"},{"taxonomy":"product_cat","embeddable":true,"href":"https:\/\/plamdistributions.com\/en\/wp-json\/wp\/v2\/product_cat?post=29982"},{"taxonomy":"product_tag","embeddable":true,"href":"https:\/\/plamdistributions.com\/en\/wp-json\/wp\/v2\/product_tag?post=29982"}],"curies":[{"name":"wp","href":"https:\/\/api.w.org\/{rel}","templated":true}]}}