{"id":29998,"date":"2021-11-12T11:01:16","date_gmt":"2021-11-12T15:01:16","guid":{"rendered":"https:\/\/plamdistributions.com\/?post_type=product&#038;p=29998"},"modified":"2026-05-11T08:18:31","modified_gmt":"2026-05-11T12:18:31","slug":"gant-jaune-latex-16m","status":"publish","type":"product","link":"https:\/\/plamdistributions.com\/en\/produit\/gant-jaune-latex-16m\/","title":{"rendered":"Gant jaune latex 16M"},"content":{"rendered":"<p><strong>Code: GLJ-S \/ GLJ-M \/ GLJ-L \/ GLJ-XL<\/strong><\/p>\n<p>Le latex est g\u00e9n\u00e9ralement consid\u00e9r\u00e9 comme offrant le meilleur ajustement, offre une excellente sensibilit\u00e9 tactile et une grande dext\u00e9rit\u00e9. Les gants en latex offrent \u00e9galement une r\u00e9sistance \u00e9lev\u00e9e \u00e0 la traction et \u00e0 la perforation, ce qui en fait des barri\u00e8res tr\u00e8s efficaces contre les risques biologiques.<strong><br \/>\n<\/strong><\/p>\n<p>&nbsp;<\/p>\n<p>&nbsp;<\/p>\n","protected":false},"excerpt":{"rendered":"<p>Code: GLJ-S \/ GLJ-M \/ GLJ-L \/ GLJ-XL Le latex est g\u00e9n\u00e9ralement consid\u00e9r\u00e9 comme offrant le meilleur ajustement, offre une<\/p>\n","protected":false},"featured_media":30003,"comment_status":"closed","ping_status":"closed","template":"","meta":[],"product_brand":[],"product_cat":[143,431],"product_tag":[],"class_list":{"0":"post-29998","1":"product","2":"type-product","3":"status-publish","4":"has-post-thumbnail","6":"product_cat-accessoires","7":"product_cat-gants","8":"product_shipping_class-standard","10":"first","11":"instock","12":"taxable","13":"shipping-taxable","14":"purchasable","15":"product-type-variable"},"yoast_head":"<!-- This site is optimized with the Yoast SEO plugin v27.5 - https:\/\/yoast.com\/product\/yoast-seo-wordpress\/ -->\n<title>Gant jaune latex 16M | Pla-M Distributions<\/title>\n<meta name=\"robots\" content=\"index, follow, max-snippet:-1, max-image-preview:large, max-video-preview:-1\" \/>\n<link rel=\"canonical\" href=\"https:\/\/plamdistributions.com\/produit\/gant-jaune-latex-16m\/\" \/>\n<meta property=\"og:locale\" content=\"en_US\" \/>\n<meta property=\"og:type\" content=\"article\" \/>\n<meta property=\"og:title\" content=\"Gant jaune latex 16M | Pla-M Distributions\" \/>\n<meta property=\"og:description\" content=\"Code: GLJ-S \/ GLJ-M \/ GLJ-L \/ GLJ-XL Le latex est g\u00e9n\u00e9ralement consid\u00e9r\u00e9 comme offrant le meilleur ajustement, offre une\" \/>\n<meta property=\"og:url\" content=\"https:\/\/plamdistributions.com\/produit\/gant-jaune-latex-16m\/\" \/>\n<meta property=\"og:site_name\" content=\"Pla-M Distributions\" \/>\n<meta property=\"article:publisher\" content=\"https:\/\/www.facebook.com\/displam\/\" \/>\n<meta property=\"article:modified_time\" content=\"2026-05-11T12:18:31+00:00\" \/>\n<meta property=\"og:image\" content=\"https:\/\/plamdistributions.com\/wp-content\/uploads\/2021\/11\/GL-L116LL-GANT-JAUNE-LATEX-16M-LARGE-HOSPECO.jpg\" \/>\n\t<meta property=\"og:image:width\" content=\"700\" \/>\n\t<meta property=\"og:image:height\" content=\"700\" \/>\n\t<meta property=\"og:image:type\" content=\"image\/jpeg\" \/>\n<meta name=\"twitter:card\" content=\"summary_large_image\" \/>\n<meta name=\"twitter:site\" content=\"@Displam\" \/>\n<script type=\"application\/ld+json\" class=\"yoast-schema-graph\">{\"@context\":\"https:\\\/\\\/schema.org\",\"@graph\":[{\"@type\":\"WebPage\",\"@id\":\"https:\\\/\\\/plamdistributions.com\\\/produit\\\/gant-jaune-latex-16m\\\/\",\"url\":\"https:\\\/\\\/plamdistributions.com\\\/produit\\\/gant-jaune-latex-16m\\\/\",\"name\":\"Gant jaune latex 16M | Pla-M Distributions\",\"isPartOf\":{\"@id\":\"https:\\\/\\\/plamdistributions.com\\\/es\\\/#website\"},\"primaryImageOfPage\":{\"@id\":\"https:\\\/\\\/plamdistributions.com\\\/produit\\\/gant-jaune-latex-16m\\\/#primaryimage\"},\"image\":{\"@id\":\"https:\\\/\\\/plamdistributions.com\\\/produit\\\/gant-jaune-latex-16m\\\/#primaryimage\"},\"thumbnailUrl\":\"https:\\\/\\\/plamdistributions.com\\\/wp-content\\\/uploads\\\/2021\\\/11\\\/GL-L116LL-GANT-JAUNE-LATEX-16M-LARGE-HOSPECO.jpg\",\"datePublished\":\"2021-11-12T15:01:16+00:00\",\"dateModified\":\"2026-05-11T12:18:31+00:00\",\"breadcrumb\":{\"@id\":\"https:\\\/\\\/plamdistributions.com\\\/produit\\\/gant-jaune-latex-16m\\\/#breadcrumb\"},\"inLanguage\":\"en-US\",\"potentialAction\":[{\"@type\":\"ReadAction\",\"target\":[\"https:\\\/\\\/plamdistributions.com\\\/produit\\\/gant-jaune-latex-16m\\\/\"]}]},{\"@type\":\"ImageObject\",\"inLanguage\":\"en-US\",\"@id\":\"https:\\\/\\\/plamdistributions.com\\\/produit\\\/gant-jaune-latex-16m\\\/#primaryimage\",\"url\":\"https:\\\/\\\/plamdistributions.com\\\/wp-content\\\/uploads\\\/2021\\\/11\\\/GL-L116LL-GANT-JAUNE-LATEX-16M-LARGE-HOSPECO.jpg\",\"contentUrl\":\"https:\\\/\\\/plamdistributions.com\\\/wp-content\\\/uploads\\\/2021\\\/11\\\/GL-L116LL-GANT-JAUNE-LATEX-16M-LARGE-HOSPECO.jpg\",\"width\":700,\"height\":700,\"caption\":\"Gant jaune Hospeco\"},{\"@type\":\"BreadcrumbList\",\"@id\":\"https:\\\/\\\/plamdistributions.com\\\/produit\\\/gant-jaune-latex-16m\\\/#breadcrumb\",\"itemListElement\":[{\"@type\":\"ListItem\",\"position\":1,\"name\":\"Accueil\",\"item\":\"https:\\\/\\\/plamdistributions.com\\\/en\\\/\"},{\"@type\":\"ListItem\",\"position\":2,\"name\":\"Shop\",\"item\":\"https:\\\/\\\/plamdistributions.com\\\/en\\\/shop\\\/\"},{\"@type\":\"ListItem\",\"position\":3,\"name\":\"Gant jaune latex 16M\"}]},{\"@type\":\"WebSite\",\"@id\":\"https:\\\/\\\/plamdistributions.com\\\/es\\\/#website\",\"url\":\"https:\\\/\\\/plamdistributions.com\\\/es\\\/\",\"name\":\"Distributions Pla-M Inc.\",\"description\":\"Sale of sanitary products and equipment\",\"publisher\":{\"@id\":\"https:\\\/\\\/plamdistributions.com\\\/es\\\/#organization\"},\"potentialAction\":[{\"@type\":\"SearchAction\",\"target\":{\"@type\":\"EntryPoint\",\"urlTemplate\":\"https:\\\/\\\/plamdistributions.com\\\/es\\\/?s={search_term_string}\"},\"query-input\":{\"@type\":\"PropertyValueSpecification\",\"valueRequired\":true,\"valueName\":\"search_term_string\"}}],\"inLanguage\":\"en-US\"},{\"@type\":\"Organization\",\"@id\":\"https:\\\/\\\/plamdistributions.com\\\/es\\\/#organization\",\"name\":\"Distributions Pla-M\",\"url\":\"https:\\\/\\\/plamdistributions.com\\\/es\\\/\",\"logo\":{\"@type\":\"ImageObject\",\"inLanguage\":\"en-US\",\"@id\":\"https:\\\/\\\/plamdistributions.com\\\/es\\\/#\\\/schema\\\/logo\\\/image\\\/\",\"url\":\"https:\\\/\\\/plamdistributions.com\\\/wp-content\\\/uploads\\\/2021\\\/05\\\/PLAM-SANS.png\",\"contentUrl\":\"https:\\\/\\\/plamdistributions.com\\\/wp-content\\\/uploads\\\/2021\\\/05\\\/PLAM-SANS.png\",\"width\":289,\"height\":224,\"caption\":\"Distributions Pla-M\"},\"image\":{\"@id\":\"https:\\\/\\\/plamdistributions.com\\\/es\\\/#\\\/schema\\\/logo\\\/image\\\/\"},\"sameAs\":[\"https:\\\/\\\/www.facebook.com\\\/displam\\\/\",\"https:\\\/\\\/x.com\\\/Displam\",\"https:\\\/\\\/www.youtube.com\\\/channel\\\/UCHmm3HCGnpGuaQ984quISDg\"]}]}<\/script>\n<!-- \/ Yoast SEO plugin. -->","yoast_head_json":{"title":"Gant jaune latex 16M | Pla-M Distributions","robots":{"index":"index","follow":"follow","max-snippet":"max-snippet:-1","max-image-preview":"max-image-preview:large","max-video-preview":"max-video-preview:-1"},"canonical":"https:\/\/plamdistributions.com\/produit\/gant-jaune-latex-16m\/","og_locale":"en_US","og_type":"article","og_title":"Gant jaune latex 16M | Pla-M Distributions","og_description":"Code: GLJ-S \/ GLJ-M \/ GLJ-L \/ GLJ-XL Le latex est g\u00e9n\u00e9ralement consid\u00e9r\u00e9 comme offrant le meilleur ajustement, offre une","og_url":"https:\/\/plamdistributions.com\/produit\/gant-jaune-latex-16m\/","og_site_name":"Pla-M Distributions","article_publisher":"https:\/\/www.facebook.com\/displam\/","article_modified_time":"2026-05-11T12:18:31+00:00","og_image":[{"width":700,"height":700,"url":"https:\/\/plamdistributions.com\/wp-content\/uploads\/2021\/11\/GL-L116LL-GANT-JAUNE-LATEX-16M-LARGE-HOSPECO.jpg","type":"image\/jpeg"}],"twitter_card":"summary_large_image","twitter_site":"@Displam","schema":{"@context":"https:\/\/schema.org","@graph":[{"@type":"WebPage","@id":"https:\/\/plamdistributions.com\/produit\/gant-jaune-latex-16m\/","url":"https:\/\/plamdistributions.com\/produit\/gant-jaune-latex-16m\/","name":"Gant jaune latex 16M | Pla-M Distributions","isPartOf":{"@id":"https:\/\/plamdistributions.com\/es\/#website"},"primaryImageOfPage":{"@id":"https:\/\/plamdistributions.com\/produit\/gant-jaune-latex-16m\/#primaryimage"},"image":{"@id":"https:\/\/plamdistributions.com\/produit\/gant-jaune-latex-16m\/#primaryimage"},"thumbnailUrl":"https:\/\/plamdistributions.com\/wp-content\/uploads\/2021\/11\/GL-L116LL-GANT-JAUNE-LATEX-16M-LARGE-HOSPECO.jpg","datePublished":"2021-11-12T15:01:16+00:00","dateModified":"2026-05-11T12:18:31+00:00","breadcrumb":{"@id":"https:\/\/plamdistributions.com\/produit\/gant-jaune-latex-16m\/#breadcrumb"},"inLanguage":"en-US","potentialAction":[{"@type":"ReadAction","target":["https:\/\/plamdistributions.com\/produit\/gant-jaune-latex-16m\/"]}]},{"@type":"ImageObject","inLanguage":"en-US","@id":"https:\/\/plamdistributions.com\/produit\/gant-jaune-latex-16m\/#primaryimage","url":"https:\/\/plamdistributions.com\/wp-content\/uploads\/2021\/11\/GL-L116LL-GANT-JAUNE-LATEX-16M-LARGE-HOSPECO.jpg","contentUrl":"https:\/\/plamdistributions.com\/wp-content\/uploads\/2021\/11\/GL-L116LL-GANT-JAUNE-LATEX-16M-LARGE-HOSPECO.jpg","width":700,"height":700,"caption":"Gant jaune Hospeco"},{"@type":"BreadcrumbList","@id":"https:\/\/plamdistributions.com\/produit\/gant-jaune-latex-16m\/#breadcrumb","itemListElement":[{"@type":"ListItem","position":1,"name":"Accueil","item":"https:\/\/plamdistributions.com\/en\/"},{"@type":"ListItem","position":2,"name":"Shop","item":"https:\/\/plamdistributions.com\/en\/shop\/"},{"@type":"ListItem","position":3,"name":"Gant jaune latex 16M"}]},{"@type":"WebSite","@id":"https:\/\/plamdistributions.com\/es\/#website","url":"https:\/\/plamdistributions.com\/es\/","name":"Distributions Pla-M Inc.","description":"Sale of sanitary products and equipment","publisher":{"@id":"https:\/\/plamdistributions.com\/es\/#organization"},"potentialAction":[{"@type":"SearchAction","target":{"@type":"EntryPoint","urlTemplate":"https:\/\/plamdistributions.com\/es\/?s={search_term_string}"},"query-input":{"@type":"PropertyValueSpecification","valueRequired":true,"valueName":"search_term_string"}}],"inLanguage":"en-US"},{"@type":"Organization","@id":"https:\/\/plamdistributions.com\/es\/#organization","name":"Distributions Pla-M","url":"https:\/\/plamdistributions.com\/es\/","logo":{"@type":"ImageObject","inLanguage":"en-US","@id":"https:\/\/plamdistributions.com\/es\/#\/schema\/logo\/image\/","url":"https:\/\/plamdistributions.com\/wp-content\/uploads\/2021\/05\/PLAM-SANS.png","contentUrl":"https:\/\/plamdistributions.com\/wp-content\/uploads\/2021\/05\/PLAM-SANS.png","width":289,"height":224,"caption":"Distributions Pla-M"},"image":{"@id":"https:\/\/plamdistributions.com\/es\/#\/schema\/logo\/image\/"},"sameAs":["https:\/\/www.facebook.com\/displam\/","https:\/\/x.com\/Displam","https:\/\/www.youtube.com\/channel\/UCHmm3HCGnpGuaQ984quISDg"]}]}},"_links":{"self":[{"href":"https:\/\/plamdistributions.com\/en\/wp-json\/wp\/v2\/product\/29998","targetHints":{"allow":["GET"]}}],"collection":[{"href":"https:\/\/plamdistributions.com\/en\/wp-json\/wp\/v2\/product"}],"about":[{"href":"https:\/\/plamdistributions.com\/en\/wp-json\/wp\/v2\/types\/product"}],"replies":[{"embeddable":true,"href":"https:\/\/plamdistributions.com\/en\/wp-json\/wp\/v2\/comments?post=29998"}],"wp:featuredmedia":[{"embeddable":true,"href":"https:\/\/plamdistributions.com\/en\/wp-json\/wp\/v2\/media\/30003"}],"wp:attachment":[{"href":"https:\/\/plamdistributions.com\/en\/wp-json\/wp\/v2\/media?parent=29998"}],"wp:term":[{"taxonomy":"product_brand","embeddable":true,"href":"https:\/\/plamdistributions.com\/en\/wp-json\/wp\/v2\/product_brand?post=29998"},{"taxonomy":"product_cat","embeddable":true,"href":"https:\/\/plamdistributions.com\/en\/wp-json\/wp\/v2\/product_cat?post=29998"},{"taxonomy":"product_tag","embeddable":true,"href":"https:\/\/plamdistributions.com\/en\/wp-json\/wp\/v2\/product_tag?post=29998"}],"curies":[{"name":"wp","href":"https:\/\/api.w.org\/{rel}","templated":true}]}}