{"id":33276,"date":"2021-05-21T14:43:03","date_gmt":"2022-02-21T14:00:22","guid":{"rendered":"https:\/\/plamdistributions.com\/produit\/distributrice-hygienique-papier-junior-double-frost\/"},"modified":"2022-02-21T10:00:22","modified_gmt":"2022-02-21T14:00:22","slug":"distributrice-papier-hygienique-junior-double-frost-2","status":"publish","type":"product","link":"https:\/\/plamdistributions.com\/en\/produit\/distributrice-papier-hygienique-junior-double-frost-2\/","title":{"rendered":"Distributrice hygi\u00e9nique papier junior double Frost"},"content":{"rendered":"<p><strong>Code: DH-F169 \/ DH-F170<\/strong><\/p>\n<p>Ideal for high traffic areas requiring the durability of an all steel exterior.<\/p>\n<p><strong>Features: <\/strong>Holds two 9\u201d (230mm) jumbo toilet tissue rolls. Moulded spindles can accommodate 2-1\/4\u201d or 3\u201d (57 or 76mm) diameter cores. Spring loaded access tray will lock into position only when first roll on left side is depleted. Equipped with tumbler lock. La personne charg\u00e9e de l\u2019entretien peut ensuite placer le rouleau entam\u00e9 du c\u00f4t\u00e9 gauche (position d\u2019utilisation par d\u00e9faut) et un nouveau rouleau de 9\u2033 (230 mm) du c\u00f4t\u00e9 droit.<\/p>\n<p><strong>\u2713 Manufacture: Frost<\/strong><\/p>\n","protected":false},"excerpt":{"rendered":"<p>Code: DH-F169 \/ DH-F170 Ideal for high traffic areas requiring the durability of an all steel exterior. Features: Holds two<\/p>\n","protected":false},"featured_media":24223,"comment_status":"closed","ping_status":"closed","template":"","meta":[],"product_brand":[],"product_cat":[1095,1142],"product_tag":[],"class_list":{"0":"post-33276","1":"product","2":"type-product","3":"status-publish","4":"has-post-thumbnail","6":"product_cat-bath-tissue-cloth-rags-and-trash-liners-bags","7":"product_cat-dispenser","8":"product_shipping_class-standard-en","10":"first","11":"onbackorder","12":"taxable","13":"shipping-taxable","14":"purchasable","15":"product-type-variable"},"yoast_head":"<!-- This site is optimized with the Yoast SEO plugin v27.4 - https:\/\/yoast.com\/product\/yoast-seo-wordpress\/ -->\n<title>Distributrice hygi\u00e9nique papier junior double Frost | Pla-M Distributions<\/title>\n<meta name=\"robots\" content=\"index, follow, max-snippet:-1, max-image-preview:large, max-video-preview:-1\" \/>\n<link rel=\"canonical\" href=\"https:\/\/plamdistributions.com\/en\/produit\/distributrice-papier-hygienique-junior-double-frost-2\/\" \/>\n<meta property=\"og:locale\" content=\"en_US\" \/>\n<meta property=\"og:type\" content=\"article\" \/>\n<meta property=\"og:title\" content=\"Distributrice hygi\u00e9nique papier junior double Frost | Pla-M Distributions\" \/>\n<meta property=\"og:description\" content=\"Code: DH-F169 \/ DH-F170 Ideal for high traffic areas requiring the durability of an all steel exterior. Features: Holds two\" \/>\n<meta property=\"og:url\" content=\"https:\/\/plamdistributions.com\/en\/produit\/distributrice-papier-hygienique-junior-double-frost-2\/\" \/>\n<meta property=\"og:site_name\" content=\"Pla-M Distributions\" \/>\n<meta property=\"article:publisher\" content=\"https:\/\/www.facebook.com\/displam\/\" \/>\n<meta property=\"og:image\" content=\"https:\/\/plamdistributions.com\/wp-content\/uploads\/2021\/05\/DH-F169.jpg\" \/>\n\t<meta property=\"og:image:width\" content=\"600\" \/>\n\t<meta property=\"og:image:height\" content=\"600\" \/>\n\t<meta property=\"og:image:type\" content=\"image\/jpeg\" \/>\n<meta name=\"twitter:card\" content=\"summary_large_image\" \/>\n<meta name=\"twitter:site\" content=\"@Displam\" \/>\n<script type=\"application\/ld+json\" class=\"yoast-schema-graph\">{\"@context\":\"https:\\\/\\\/schema.org\",\"@graph\":[{\"@type\":\"WebPage\",\"@id\":\"https:\\\/\\\/plamdistributions.com\\\/en\\\/produit\\\/distributrice-papier-hygienique-junior-double-frost-2\\\/\",\"url\":\"https:\\\/\\\/plamdistributions.com\\\/en\\\/produit\\\/distributrice-papier-hygienique-junior-double-frost-2\\\/\",\"name\":\"Distributrice hygi\u00e9nique papier junior double Frost | Pla-M Distributions\",\"isPartOf\":{\"@id\":\"https:\\\/\\\/plamdistributions.com\\\/en\\\/#website\"},\"primaryImageOfPage\":{\"@id\":\"https:\\\/\\\/plamdistributions.com\\\/en\\\/produit\\\/distributrice-papier-hygienique-junior-double-frost-2\\\/#primaryimage\"},\"image\":{\"@id\":\"https:\\\/\\\/plamdistributions.com\\\/en\\\/produit\\\/distributrice-papier-hygienique-junior-double-frost-2\\\/#primaryimage\"},\"thumbnailUrl\":\"https:\\\/\\\/plamdistributions.com\\\/wp-content\\\/uploads\\\/2021\\\/05\\\/DH-F169.jpg\",\"datePublished\":\"2022-02-21T14:00:22+00:00\",\"breadcrumb\":{\"@id\":\"https:\\\/\\\/plamdistributions.com\\\/en\\\/produit\\\/distributrice-papier-hygienique-junior-double-frost-2\\\/#breadcrumb\"},\"inLanguage\":\"en-US\",\"potentialAction\":[{\"@type\":\"ReadAction\",\"target\":[\"https:\\\/\\\/plamdistributions.com\\\/en\\\/produit\\\/distributrice-papier-hygienique-junior-double-frost-2\\\/\"]}]},{\"@type\":\"ImageObject\",\"inLanguage\":\"en-US\",\"@id\":\"https:\\\/\\\/plamdistributions.com\\\/en\\\/produit\\\/distributrice-papier-hygienique-junior-double-frost-2\\\/#primaryimage\",\"url\":\"https:\\\/\\\/plamdistributions.com\\\/wp-content\\\/uploads\\\/2021\\\/05\\\/DH-F169.jpg\",\"contentUrl\":\"https:\\\/\\\/plamdistributions.com\\\/wp-content\\\/uploads\\\/2021\\\/05\\\/DH-F169.jpg\",\"width\":600,\"height\":600},{\"@type\":\"BreadcrumbList\",\"@id\":\"https:\\\/\\\/plamdistributions.com\\\/en\\\/produit\\\/distributrice-papier-hygienique-junior-double-frost-2\\\/#breadcrumb\",\"itemListElement\":[{\"@type\":\"ListItem\",\"position\":1,\"name\":\"Accueil\",\"item\":\"https:\\\/\\\/plamdistributions.com\\\/en\\\/\"},{\"@type\":\"ListItem\",\"position\":2,\"name\":\"Shop\",\"item\":\"https:\\\/\\\/plamdistributions.com\\\/en\\\/shop\\\/\"},{\"@type\":\"ListItem\",\"position\":3,\"name\":\"Distributrice hygi\u00e9nique papier junior double Frost\"}]},{\"@type\":\"WebSite\",\"@id\":\"https:\\\/\\\/plamdistributions.com\\\/en\\\/#website\",\"url\":\"https:\\\/\\\/plamdistributions.com\\\/en\\\/\",\"name\":\"Distributions Pla-M Inc.\",\"description\":\"Sale of sanitary products and equipment\",\"publisher\":{\"@id\":\"https:\\\/\\\/plamdistributions.com\\\/en\\\/#organization\"},\"potentialAction\":[{\"@type\":\"SearchAction\",\"target\":{\"@type\":\"EntryPoint\",\"urlTemplate\":\"https:\\\/\\\/plamdistributions.com\\\/en\\\/?s={search_term_string}\"},\"query-input\":{\"@type\":\"PropertyValueSpecification\",\"valueRequired\":true,\"valueName\":\"search_term_string\"}}],\"inLanguage\":\"en-US\"},{\"@type\":\"Organization\",\"@id\":\"https:\\\/\\\/plamdistributions.com\\\/en\\\/#organization\",\"name\":\"Distributions Pla-M\",\"url\":\"https:\\\/\\\/plamdistributions.com\\\/en\\\/\",\"logo\":{\"@type\":\"ImageObject\",\"inLanguage\":\"en-US\",\"@id\":\"https:\\\/\\\/plamdistributions.com\\\/en\\\/#\\\/schema\\\/logo\\\/image\\\/\",\"url\":\"https:\\\/\\\/plamdistributions.com\\\/wp-content\\\/uploads\\\/2021\\\/05\\\/PLAM-SANS.png\",\"contentUrl\":\"https:\\\/\\\/plamdistributions.com\\\/wp-content\\\/uploads\\\/2021\\\/05\\\/PLAM-SANS.png\",\"width\":289,\"height\":224,\"caption\":\"Distributions Pla-M\"},\"image\":{\"@id\":\"https:\\\/\\\/plamdistributions.com\\\/en\\\/#\\\/schema\\\/logo\\\/image\\\/\"},\"sameAs\":[\"https:\\\/\\\/www.facebook.com\\\/displam\\\/\",\"https:\\\/\\\/x.com\\\/Displam\",\"https:\\\/\\\/www.youtube.com\\\/channel\\\/UCHmm3HCGnpGuaQ984quISDg\"]}]}<\/script>\n<!-- \/ Yoast SEO plugin. -->","yoast_head_json":{"title":"Distributrice hygi\u00e9nique papier junior double Frost | Pla-M Distributions","robots":{"index":"index","follow":"follow","max-snippet":"max-snippet:-1","max-image-preview":"max-image-preview:large","max-video-preview":"max-video-preview:-1"},"canonical":"https:\/\/plamdistributions.com\/en\/produit\/distributrice-papier-hygienique-junior-double-frost-2\/","og_locale":"en_US","og_type":"article","og_title":"Distributrice hygi\u00e9nique papier junior double Frost | Pla-M Distributions","og_description":"Code: DH-F169 \/ DH-F170 Ideal for high traffic areas requiring the durability of an all steel exterior. Features: Holds two","og_url":"https:\/\/plamdistributions.com\/en\/produit\/distributrice-papier-hygienique-junior-double-frost-2\/","og_site_name":"Pla-M Distributions","article_publisher":"https:\/\/www.facebook.com\/displam\/","og_image":[{"width":600,"height":600,"url":"https:\/\/plamdistributions.com\/wp-content\/uploads\/2021\/05\/DH-F169.jpg","type":"image\/jpeg"}],"twitter_card":"summary_large_image","twitter_site":"@Displam","schema":{"@context":"https:\/\/schema.org","@graph":[{"@type":"WebPage","@id":"https:\/\/plamdistributions.com\/en\/produit\/distributrice-papier-hygienique-junior-double-frost-2\/","url":"https:\/\/plamdistributions.com\/en\/produit\/distributrice-papier-hygienique-junior-double-frost-2\/","name":"Distributrice hygi\u00e9nique papier junior double Frost | Pla-M Distributions","isPartOf":{"@id":"https:\/\/plamdistributions.com\/en\/#website"},"primaryImageOfPage":{"@id":"https:\/\/plamdistributions.com\/en\/produit\/distributrice-papier-hygienique-junior-double-frost-2\/#primaryimage"},"image":{"@id":"https:\/\/plamdistributions.com\/en\/produit\/distributrice-papier-hygienique-junior-double-frost-2\/#primaryimage"},"thumbnailUrl":"https:\/\/plamdistributions.com\/wp-content\/uploads\/2021\/05\/DH-F169.jpg","datePublished":"2022-02-21T14:00:22+00:00","breadcrumb":{"@id":"https:\/\/plamdistributions.com\/en\/produit\/distributrice-papier-hygienique-junior-double-frost-2\/#breadcrumb"},"inLanguage":"en-US","potentialAction":[{"@type":"ReadAction","target":["https:\/\/plamdistributions.com\/en\/produit\/distributrice-papier-hygienique-junior-double-frost-2\/"]}]},{"@type":"ImageObject","inLanguage":"en-US","@id":"https:\/\/plamdistributions.com\/en\/produit\/distributrice-papier-hygienique-junior-double-frost-2\/#primaryimage","url":"https:\/\/plamdistributions.com\/wp-content\/uploads\/2021\/05\/DH-F169.jpg","contentUrl":"https:\/\/plamdistributions.com\/wp-content\/uploads\/2021\/05\/DH-F169.jpg","width":600,"height":600},{"@type":"BreadcrumbList","@id":"https:\/\/plamdistributions.com\/en\/produit\/distributrice-papier-hygienique-junior-double-frost-2\/#breadcrumb","itemListElement":[{"@type":"ListItem","position":1,"name":"Accueil","item":"https:\/\/plamdistributions.com\/en\/"},{"@type":"ListItem","position":2,"name":"Shop","item":"https:\/\/plamdistributions.com\/en\/shop\/"},{"@type":"ListItem","position":3,"name":"Distributrice hygi\u00e9nique papier junior double Frost"}]},{"@type":"WebSite","@id":"https:\/\/plamdistributions.com\/en\/#website","url":"https:\/\/plamdistributions.com\/en\/","name":"Distributions Pla-M Inc.","description":"Sale of sanitary products and equipment","publisher":{"@id":"https:\/\/plamdistributions.com\/en\/#organization"},"potentialAction":[{"@type":"SearchAction","target":{"@type":"EntryPoint","urlTemplate":"https:\/\/plamdistributions.com\/en\/?s={search_term_string}"},"query-input":{"@type":"PropertyValueSpecification","valueRequired":true,"valueName":"search_term_string"}}],"inLanguage":"en-US"},{"@type":"Organization","@id":"https:\/\/plamdistributions.com\/en\/#organization","name":"Distributions Pla-M","url":"https:\/\/plamdistributions.com\/en\/","logo":{"@type":"ImageObject","inLanguage":"en-US","@id":"https:\/\/plamdistributions.com\/en\/#\/schema\/logo\/image\/","url":"https:\/\/plamdistributions.com\/wp-content\/uploads\/2021\/05\/PLAM-SANS.png","contentUrl":"https:\/\/plamdistributions.com\/wp-content\/uploads\/2021\/05\/PLAM-SANS.png","width":289,"height":224,"caption":"Distributions Pla-M"},"image":{"@id":"https:\/\/plamdistributions.com\/en\/#\/schema\/logo\/image\/"},"sameAs":["https:\/\/www.facebook.com\/displam\/","https:\/\/x.com\/Displam","https:\/\/www.youtube.com\/channel\/UCHmm3HCGnpGuaQ984quISDg"]}]}},"_links":{"self":[{"href":"https:\/\/plamdistributions.com\/en\/wp-json\/wp\/v2\/product\/33276","targetHints":{"allow":["GET"]}}],"collection":[{"href":"https:\/\/plamdistributions.com\/en\/wp-json\/wp\/v2\/product"}],"about":[{"href":"https:\/\/plamdistributions.com\/en\/wp-json\/wp\/v2\/types\/product"}],"replies":[{"embeddable":true,"href":"https:\/\/plamdistributions.com\/en\/wp-json\/wp\/v2\/comments?post=33276"}],"wp:featuredmedia":[{"embeddable":true,"href":"https:\/\/plamdistributions.com\/en\/wp-json\/wp\/v2\/media\/24223"}],"wp:attachment":[{"href":"https:\/\/plamdistributions.com\/en\/wp-json\/wp\/v2\/media?parent=33276"}],"wp:term":[{"taxonomy":"product_brand","embeddable":true,"href":"https:\/\/plamdistributions.com\/en\/wp-json\/wp\/v2\/product_brand?post=33276"},{"taxonomy":"product_cat","embeddable":true,"href":"https:\/\/plamdistributions.com\/en\/wp-json\/wp\/v2\/product_cat?post=33276"},{"taxonomy":"product_tag","embeddable":true,"href":"https:\/\/plamdistributions.com\/en\/wp-json\/wp\/v2\/product_tag?post=33276"}],"curies":[{"name":"wp","href":"https:\/\/api.w.org\/{rel}","templated":true}]}}