{"id":33767,"date":"2022-02-28T11:24:49","date_gmt":"2022-02-28T15:24:49","guid":{"rendered":"https:\/\/plamdistributions.com\/?post_type=product&#038;p=33767"},"modified":"2026-01-05T12:03:36","modified_gmt":"2026-01-05T16:03:36","slug":"ep67-degraissant-industriel-avmor-pret-a-lusage","status":"publish","type":"product","link":"https:\/\/plamdistributions.com\/en\/produit\/ep67-degraissant-industriel-avmor-pret-a-lusage\/","title":{"rendered":"EP67 D\u00e9graissant industriel Avmor pret \u00e0 l&#8217;usage"},"content":{"rendered":"<p><strong>Code: EP67 \/ EP6718 \/ EP674<\/strong><\/p>\n<p>EP67 D\u00e9graissant industriel surpuissant \u00e9limine rapidement et efficacement la graisse, les r\u00e9sidus huileux, le carbone, l\u2019encre le p\u00e9trole et la suie des surfaces lavables. EP67 peut \u00eatre utilis\u00e9 sur les planchers, les murs, la c\u00e9ramique, le plastique, le cuivre, le laiton, le m\u00e9tal, le ciment et autres surfaces r\u00e9sistantes \u00e0 l\u2019eau.<\/p>\n<p><strong>\u2713\u00a0 Fabricant: Avmor<\/strong><\/p>\n<p>&nbsp;<\/p>\n","protected":false},"excerpt":{"rendered":"<p>Code: EP67 \/ EP6718 \/ EP674 EP67 D\u00e9graissant industriel surpuissant \u00e9limine rapidement et efficacement la graisse, les r\u00e9sidus huileux, le<\/p>\n","protected":false},"featured_media":33768,"comment_status":"closed","ping_status":"closed","template":"","meta":[],"product_brand":[],"product_cat":[112,62],"product_tag":[],"class_list":{"0":"post-33767","1":"product","2":"type-product","3":"status-publish","4":"has-post-thumbnail","6":"product_cat-desinfection-et-asssainissants","7":"product_cat-produits-dentretien-menager","8":"product_shipping_class-standard","10":"first","11":"onbackorder","12":"taxable","13":"shipping-taxable","14":"purchasable","15":"product-type-variable"},"yoast_head":"<!-- This site is optimized with the Yoast SEO plugin v27.5 - https:\/\/yoast.com\/product\/yoast-seo-wordpress\/ -->\n<title>EP67 D\u00e9graissant industriel Avmor pret \u00e0 l&#039;usage | Pla-M Distributions<\/title>\n<meta name=\"robots\" content=\"index, follow, max-snippet:-1, max-image-preview:large, max-video-preview:-1\" \/>\n<link rel=\"canonical\" href=\"https:\/\/plamdistributions.com\/en\/produit\/ep67-degraissant-industriel-avmor-pret-a-lusage\/\" \/>\n<meta property=\"og:locale\" content=\"en_US\" \/>\n<meta property=\"og:type\" content=\"article\" \/>\n<meta property=\"og:title\" content=\"EP67 D\u00e9graissant industriel Avmor pret \u00e0 l&#039;usage | Pla-M Distributions\" \/>\n<meta property=\"og:description\" content=\"Code: EP67 \/ EP6718 \/ EP674 EP67 D\u00e9graissant industriel surpuissant \u00e9limine rapidement et efficacement la graisse, les r\u00e9sidus huileux, le\" \/>\n<meta property=\"og:url\" content=\"https:\/\/plamdistributions.com\/en\/produit\/ep67-degraissant-industriel-avmor-pret-a-lusage\/\" \/>\n<meta property=\"og:site_name\" content=\"Pla-M Distributions\" \/>\n<meta property=\"article:publisher\" content=\"https:\/\/www.facebook.com\/displam\/\" \/>\n<meta property=\"article:modified_time\" content=\"2026-01-05T16:03:36+00:00\" \/>\n<meta property=\"og:image\" content=\"https:\/\/plamdistributions.com\/wp-content\/uploads\/2022\/02\/EP674.jpg\" \/>\n\t<meta property=\"og:image:width\" content=\"700\" \/>\n\t<meta property=\"og:image:height\" content=\"700\" \/>\n\t<meta property=\"og:image:type\" content=\"image\/jpeg\" \/>\n<meta name=\"twitter:card\" content=\"summary_large_image\" \/>\n<meta name=\"twitter:site\" content=\"@Displam\" \/>\n<meta name=\"twitter:label1\" content=\"Est. reading time\" \/>\n\t<meta name=\"twitter:data1\" content=\"1 minute\" \/>\n<script type=\"application\/ld+json\" class=\"yoast-schema-graph\">{\"@context\":\"https:\\\/\\\/schema.org\",\"@graph\":[{\"@type\":\"WebPage\",\"@id\":\"https:\\\/\\\/plamdistributions.com\\\/en\\\/produit\\\/ep67-degraissant-industriel-avmor-pret-a-lusage\\\/\",\"url\":\"https:\\\/\\\/plamdistributions.com\\\/en\\\/produit\\\/ep67-degraissant-industriel-avmor-pret-a-lusage\\\/\",\"name\":\"EP67 D\u00e9graissant industriel Avmor pret \u00e0 l'usage | Pla-M Distributions\",\"isPartOf\":{\"@id\":\"https:\\\/\\\/plamdistributions.com\\\/es\\\/#website\"},\"primaryImageOfPage\":{\"@id\":\"https:\\\/\\\/plamdistributions.com\\\/en\\\/produit\\\/ep67-degraissant-industriel-avmor-pret-a-lusage\\\/#primaryimage\"},\"image\":{\"@id\":\"https:\\\/\\\/plamdistributions.com\\\/en\\\/produit\\\/ep67-degraissant-industriel-avmor-pret-a-lusage\\\/#primaryimage\"},\"thumbnailUrl\":\"https:\\\/\\\/plamdistributions.com\\\/wp-content\\\/uploads\\\/2022\\\/02\\\/EP674.jpg\",\"datePublished\":\"2022-02-28T15:24:49+00:00\",\"dateModified\":\"2026-01-05T16:03:36+00:00\",\"breadcrumb\":{\"@id\":\"https:\\\/\\\/plamdistributions.com\\\/en\\\/produit\\\/ep67-degraissant-industriel-avmor-pret-a-lusage\\\/#breadcrumb\"},\"inLanguage\":\"en-US\",\"potentialAction\":[{\"@type\":\"ReadAction\",\"target\":[\"https:\\\/\\\/plamdistributions.com\\\/en\\\/produit\\\/ep67-degraissant-industriel-avmor-pret-a-lusage\\\/\"]}]},{\"@type\":\"ImageObject\",\"inLanguage\":\"en-US\",\"@id\":\"https:\\\/\\\/plamdistributions.com\\\/en\\\/produit\\\/ep67-degraissant-industriel-avmor-pret-a-lusage\\\/#primaryimage\",\"url\":\"https:\\\/\\\/plamdistributions.com\\\/wp-content\\\/uploads\\\/2022\\\/02\\\/EP674.jpg\",\"contentUrl\":\"https:\\\/\\\/plamdistributions.com\\\/wp-content\\\/uploads\\\/2022\\\/02\\\/EP674.jpg\",\"width\":700,\"height\":700,\"caption\":\"EP67 D\u00e9graissant industriel Avmor pret \u00e0 l'usage\"},{\"@type\":\"BreadcrumbList\",\"@id\":\"https:\\\/\\\/plamdistributions.com\\\/en\\\/produit\\\/ep67-degraissant-industriel-avmor-pret-a-lusage\\\/#breadcrumb\",\"itemListElement\":[{\"@type\":\"ListItem\",\"position\":1,\"name\":\"Accueil\",\"item\":\"https:\\\/\\\/plamdistributions.com\\\/en\\\/\"},{\"@type\":\"ListItem\",\"position\":2,\"name\":\"Shop\",\"item\":\"https:\\\/\\\/plamdistributions.com\\\/en\\\/shop\\\/\"},{\"@type\":\"ListItem\",\"position\":3,\"name\":\"EP67 D\u00e9graissant industriel Avmor pret \u00e0 l&#8217;usage\"}]},{\"@type\":\"WebSite\",\"@id\":\"https:\\\/\\\/plamdistributions.com\\\/es\\\/#website\",\"url\":\"https:\\\/\\\/plamdistributions.com\\\/es\\\/\",\"name\":\"Distributions Pla-M Inc.\",\"description\":\"Sale of sanitary products and equipment\",\"publisher\":{\"@id\":\"https:\\\/\\\/plamdistributions.com\\\/es\\\/#organization\"},\"potentialAction\":[{\"@type\":\"SearchAction\",\"target\":{\"@type\":\"EntryPoint\",\"urlTemplate\":\"https:\\\/\\\/plamdistributions.com\\\/es\\\/?s={search_term_string}\"},\"query-input\":{\"@type\":\"PropertyValueSpecification\",\"valueRequired\":true,\"valueName\":\"search_term_string\"}}],\"inLanguage\":\"en-US\"},{\"@type\":\"Organization\",\"@id\":\"https:\\\/\\\/plamdistributions.com\\\/es\\\/#organization\",\"name\":\"Distributions Pla-M\",\"url\":\"https:\\\/\\\/plamdistributions.com\\\/es\\\/\",\"logo\":{\"@type\":\"ImageObject\",\"inLanguage\":\"en-US\",\"@id\":\"https:\\\/\\\/plamdistributions.com\\\/es\\\/#\\\/schema\\\/logo\\\/image\\\/\",\"url\":\"https:\\\/\\\/plamdistributions.com\\\/wp-content\\\/uploads\\\/2021\\\/05\\\/PLAM-SANS.png\",\"contentUrl\":\"https:\\\/\\\/plamdistributions.com\\\/wp-content\\\/uploads\\\/2021\\\/05\\\/PLAM-SANS.png\",\"width\":289,\"height\":224,\"caption\":\"Distributions Pla-M\"},\"image\":{\"@id\":\"https:\\\/\\\/plamdistributions.com\\\/es\\\/#\\\/schema\\\/logo\\\/image\\\/\"},\"sameAs\":[\"https:\\\/\\\/www.facebook.com\\\/displam\\\/\",\"https:\\\/\\\/x.com\\\/Displam\",\"https:\\\/\\\/www.youtube.com\\\/channel\\\/UCHmm3HCGnpGuaQ984quISDg\"]}]}<\/script>\n<!-- \/ Yoast SEO plugin. -->","yoast_head_json":{"title":"EP67 D\u00e9graissant industriel Avmor pret \u00e0 l'usage | Pla-M Distributions","robots":{"index":"index","follow":"follow","max-snippet":"max-snippet:-1","max-image-preview":"max-image-preview:large","max-video-preview":"max-video-preview:-1"},"canonical":"https:\/\/plamdistributions.com\/en\/produit\/ep67-degraissant-industriel-avmor-pret-a-lusage\/","og_locale":"en_US","og_type":"article","og_title":"EP67 D\u00e9graissant industriel Avmor pret \u00e0 l'usage | Pla-M Distributions","og_description":"Code: EP67 \/ EP6718 \/ EP674 EP67 D\u00e9graissant industriel surpuissant \u00e9limine rapidement et efficacement la graisse, les r\u00e9sidus huileux, le","og_url":"https:\/\/plamdistributions.com\/en\/produit\/ep67-degraissant-industriel-avmor-pret-a-lusage\/","og_site_name":"Pla-M Distributions","article_publisher":"https:\/\/www.facebook.com\/displam\/","article_modified_time":"2026-01-05T16:03:36+00:00","og_image":[{"width":700,"height":700,"url":"https:\/\/plamdistributions.com\/wp-content\/uploads\/2022\/02\/EP674.jpg","type":"image\/jpeg"}],"twitter_card":"summary_large_image","twitter_site":"@Displam","twitter_misc":{"Est. reading time":"1 minute"},"schema":{"@context":"https:\/\/schema.org","@graph":[{"@type":"WebPage","@id":"https:\/\/plamdistributions.com\/en\/produit\/ep67-degraissant-industriel-avmor-pret-a-lusage\/","url":"https:\/\/plamdistributions.com\/en\/produit\/ep67-degraissant-industriel-avmor-pret-a-lusage\/","name":"EP67 D\u00e9graissant industriel Avmor pret \u00e0 l'usage | Pla-M Distributions","isPartOf":{"@id":"https:\/\/plamdistributions.com\/es\/#website"},"primaryImageOfPage":{"@id":"https:\/\/plamdistributions.com\/en\/produit\/ep67-degraissant-industriel-avmor-pret-a-lusage\/#primaryimage"},"image":{"@id":"https:\/\/plamdistributions.com\/en\/produit\/ep67-degraissant-industriel-avmor-pret-a-lusage\/#primaryimage"},"thumbnailUrl":"https:\/\/plamdistributions.com\/wp-content\/uploads\/2022\/02\/EP674.jpg","datePublished":"2022-02-28T15:24:49+00:00","dateModified":"2026-01-05T16:03:36+00:00","breadcrumb":{"@id":"https:\/\/plamdistributions.com\/en\/produit\/ep67-degraissant-industriel-avmor-pret-a-lusage\/#breadcrumb"},"inLanguage":"en-US","potentialAction":[{"@type":"ReadAction","target":["https:\/\/plamdistributions.com\/en\/produit\/ep67-degraissant-industriel-avmor-pret-a-lusage\/"]}]},{"@type":"ImageObject","inLanguage":"en-US","@id":"https:\/\/plamdistributions.com\/en\/produit\/ep67-degraissant-industriel-avmor-pret-a-lusage\/#primaryimage","url":"https:\/\/plamdistributions.com\/wp-content\/uploads\/2022\/02\/EP674.jpg","contentUrl":"https:\/\/plamdistributions.com\/wp-content\/uploads\/2022\/02\/EP674.jpg","width":700,"height":700,"caption":"EP67 D\u00e9graissant industriel Avmor pret \u00e0 l'usage"},{"@type":"BreadcrumbList","@id":"https:\/\/plamdistributions.com\/en\/produit\/ep67-degraissant-industriel-avmor-pret-a-lusage\/#breadcrumb","itemListElement":[{"@type":"ListItem","position":1,"name":"Accueil","item":"https:\/\/plamdistributions.com\/en\/"},{"@type":"ListItem","position":2,"name":"Shop","item":"https:\/\/plamdistributions.com\/en\/shop\/"},{"@type":"ListItem","position":3,"name":"EP67 D\u00e9graissant industriel Avmor pret \u00e0 l&#8217;usage"}]},{"@type":"WebSite","@id":"https:\/\/plamdistributions.com\/es\/#website","url":"https:\/\/plamdistributions.com\/es\/","name":"Distributions Pla-M Inc.","description":"Sale of sanitary products and equipment","publisher":{"@id":"https:\/\/plamdistributions.com\/es\/#organization"},"potentialAction":[{"@type":"SearchAction","target":{"@type":"EntryPoint","urlTemplate":"https:\/\/plamdistributions.com\/es\/?s={search_term_string}"},"query-input":{"@type":"PropertyValueSpecification","valueRequired":true,"valueName":"search_term_string"}}],"inLanguage":"en-US"},{"@type":"Organization","@id":"https:\/\/plamdistributions.com\/es\/#organization","name":"Distributions Pla-M","url":"https:\/\/plamdistributions.com\/es\/","logo":{"@type":"ImageObject","inLanguage":"en-US","@id":"https:\/\/plamdistributions.com\/es\/#\/schema\/logo\/image\/","url":"https:\/\/plamdistributions.com\/wp-content\/uploads\/2021\/05\/PLAM-SANS.png","contentUrl":"https:\/\/plamdistributions.com\/wp-content\/uploads\/2021\/05\/PLAM-SANS.png","width":289,"height":224,"caption":"Distributions Pla-M"},"image":{"@id":"https:\/\/plamdistributions.com\/es\/#\/schema\/logo\/image\/"},"sameAs":["https:\/\/www.facebook.com\/displam\/","https:\/\/x.com\/Displam","https:\/\/www.youtube.com\/channel\/UCHmm3HCGnpGuaQ984quISDg"]}]}},"_links":{"self":[{"href":"https:\/\/plamdistributions.com\/en\/wp-json\/wp\/v2\/product\/33767","targetHints":{"allow":["GET"]}}],"collection":[{"href":"https:\/\/plamdistributions.com\/en\/wp-json\/wp\/v2\/product"}],"about":[{"href":"https:\/\/plamdistributions.com\/en\/wp-json\/wp\/v2\/types\/product"}],"replies":[{"embeddable":true,"href":"https:\/\/plamdistributions.com\/en\/wp-json\/wp\/v2\/comments?post=33767"}],"wp:featuredmedia":[{"embeddable":true,"href":"https:\/\/plamdistributions.com\/en\/wp-json\/wp\/v2\/media\/33768"}],"wp:attachment":[{"href":"https:\/\/plamdistributions.com\/en\/wp-json\/wp\/v2\/media?parent=33767"}],"wp:term":[{"taxonomy":"product_brand","embeddable":true,"href":"https:\/\/plamdistributions.com\/en\/wp-json\/wp\/v2\/product_brand?post=33767"},{"taxonomy":"product_cat","embeddable":true,"href":"https:\/\/plamdistributions.com\/en\/wp-json\/wp\/v2\/product_cat?post=33767"},{"taxonomy":"product_tag","embeddable":true,"href":"https:\/\/plamdistributions.com\/en\/wp-json\/wp\/v2\/product_tag?post=33767"}],"curies":[{"name":"wp","href":"https:\/\/api.w.org\/{rel}","templated":true}]}}