{"id":35021,"date":"2022-03-16T10:39:45","date_gmt":"2022-03-16T14:39:45","guid":{"rendered":"https:\/\/plamdistributions.com\/?post_type=product&#038;p=35021"},"modified":"2026-04-24T14:41:20","modified_gmt":"2026-04-24T18:41:20","slug":"linge-pva-micro-vileda-en-microfibre-bleu","status":"publish","type":"product","link":"https:\/\/plamdistributions.com\/en\/produit\/linge-pva-micro-vileda-en-microfibre-bleu\/","title":{"rendered":"LINGE PVA MICRO VILEDA EN MICRO FIBRE BLEU"},"content":{"rendered":"<p><strong>Code: MF-VL143590<\/strong><\/p>\n<div class=\"FFpbKc\">\n<div class=\"nidPne\">\n<div data-show-delay-ms=\"250\" data-append-to-body=\"true\" data-propagate-tooltip-mouseover-events=\"true\" data-anchor-corner=\"bottom-left\" data-enable-skip-handler=\"false\" data-popup-corner=\"top-left\">\n<div>\n<div class=\"scLCMd\">\n<div>\n<div class=\"goog-container goog-container-vertical\" tabindex=\"-1\">Pour essuyer et nettoyer en un seul mouvement, vous avez besoin d&#8217;un micro-linge Vileda PVA aux performances de nettoyage \u00e9lev\u00e9es. Ce linge a un taux d&#8217;absorption \u00e9lev\u00e9 et essuie la surface s\u00e8che, sans laisser de gouttelettes ou de tra\u00een\u00e9es. Et de pr\u00e9f\u00e9rence, combin\u00e9s en un seul tissu.<\/div>\n<ul>\n<li tabindex=\"-1\"><strong><em>Sans traces et sans rayures:<\/em><\/strong> Aucun risque de rayer les surfaces d\u00e9licates, en plus vous ne laissez rien d&#8217;autre qu&#8217;une surface propre sans traces.<\/li>\n<li tabindex=\"-1\"><em><strong>Glisse agr\u00e9able: <\/strong><\/em>Vileda Professional PVA micro est tr\u00e8s facile et confortable \u00e0 rincer et \u00e0 essorer, avec moins de stress sur les mains. \u00c0 l&#8217;\u00e9tat sec, le tissu est un peu rigide, mais une fois mouill\u00e9 &#8211; apr\u00e8s quelques secondes de contact avec l&#8217;eau &#8211; il offre un toucher et une sensation tr\u00e8s doux et attrayants.<\/li>\n<li tabindex=\"-1\"><em><strong>Durabilit\u00e9:<\/strong> <\/em>Le linge en microfibre Vileda peut \u00eatre lav\u00e9 plusieurs centaines de cycles. Il est \u00e9galement facile \u00e0 rincer. Le chiffon retient 40 fois moins de r\u00e9sidus de particules apr\u00e8s rin\u00e7age, par rapport \u00e0 un chiffon en microfibre tricot\u00e9 ordinaire. Performances de couverture.<\/li>\n<\/ul>\n<\/div>\n<\/div>\n<\/div>\n<\/div>\n<\/div>\n<\/div>\n","protected":false},"excerpt":{"rendered":"<p>Code: MF-VL143590 Pour essuyer et nettoyer en un seul mouvement, vous avez besoin d&#8217;un micro-linge Vileda PVA aux performances de<\/p>\n","protected":false},"featured_media":35022,"comment_status":"closed","ping_status":"closed","template":"","meta":[],"product_brand":[],"product_cat":[143,461],"product_tag":[],"class_list":{"0":"post-35021","1":"product","2":"type-product","3":"status-publish","4":"has-post-thumbnail","6":"product_cat-accessoires","7":"product_cat-linges-et-guenilles","8":"product_shipping_class-standard","10":"first","11":"instock","12":"featured","13":"taxable","14":"shipping-taxable","15":"purchasable","16":"product-type-simple"},"yoast_head":"<!-- This site is optimized with the Yoast SEO plugin v27.4 - https:\/\/yoast.com\/product\/yoast-seo-wordpress\/ -->\n<title>LINGE PVA MICRO VILEDA EN MICRO FIBRE BLEU | Pla-M Distributions<\/title>\n<meta name=\"robots\" content=\"index, follow, max-snippet:-1, max-image-preview:large, max-video-preview:-1\" \/>\n<link rel=\"canonical\" href=\"https:\/\/plamdistributions.com\/produit\/linge-pva-micro-vileda-en-microfibre-bleu\/\" \/>\n<meta property=\"og:locale\" content=\"en_US\" \/>\n<meta property=\"og:type\" content=\"article\" \/>\n<meta property=\"og:title\" content=\"LINGE PVA MICRO VILEDA EN MICRO FIBRE BLEU | Pla-M Distributions\" \/>\n<meta property=\"og:description\" content=\"Code: MF-VL143590 Pour essuyer et nettoyer en un seul mouvement, vous avez besoin d&#8217;un micro-linge Vileda PVA aux performances de\" \/>\n<meta property=\"og:url\" content=\"https:\/\/plamdistributions.com\/produit\/linge-pva-micro-vileda-en-microfibre-bleu\/\" \/>\n<meta property=\"og:site_name\" content=\"Pla-M Distributions\" \/>\n<meta property=\"article:publisher\" content=\"https:\/\/www.facebook.com\/displam\/\" \/>\n<meta property=\"article:modified_time\" content=\"2026-04-24T18:41:20+00:00\" \/>\n<meta property=\"og:image\" content=\"https:\/\/plamdistributions.com\/wp-content\/uploads\/2022\/03\/MF-VL143590.jpg\" \/>\n\t<meta property=\"og:image:width\" content=\"700\" \/>\n\t<meta property=\"og:image:height\" content=\"700\" \/>\n\t<meta property=\"og:image:type\" content=\"image\/jpeg\" \/>\n<meta name=\"twitter:card\" content=\"summary_large_image\" \/>\n<meta name=\"twitter:site\" content=\"@Displam\" \/>\n<meta name=\"twitter:label1\" content=\"Est. reading time\" \/>\n\t<meta name=\"twitter:data1\" content=\"1 minute\" \/>\n<script type=\"application\/ld+json\" class=\"yoast-schema-graph\">{\"@context\":\"https:\\\/\\\/schema.org\",\"@graph\":[{\"@type\":\"WebPage\",\"@id\":\"https:\\\/\\\/plamdistributions.com\\\/produit\\\/linge-pva-micro-vileda-en-microfibre-bleu\\\/\",\"url\":\"https:\\\/\\\/plamdistributions.com\\\/produit\\\/linge-pva-micro-vileda-en-microfibre-bleu\\\/\",\"name\":\"LINGE PVA MICRO VILEDA EN MICRO FIBRE BLEU | Pla-M Distributions\",\"isPartOf\":{\"@id\":\"https:\\\/\\\/plamdistributions.com\\\/#website\"},\"primaryImageOfPage\":{\"@id\":\"https:\\\/\\\/plamdistributions.com\\\/produit\\\/linge-pva-micro-vileda-en-microfibre-bleu\\\/#primaryimage\"},\"image\":{\"@id\":\"https:\\\/\\\/plamdistributions.com\\\/produit\\\/linge-pva-micro-vileda-en-microfibre-bleu\\\/#primaryimage\"},\"thumbnailUrl\":\"https:\\\/\\\/plamdistributions.com\\\/wp-content\\\/uploads\\\/2022\\\/03\\\/MF-VL143590.jpg\",\"datePublished\":\"2022-03-16T14:39:45+00:00\",\"dateModified\":\"2026-04-24T18:41:20+00:00\",\"breadcrumb\":{\"@id\":\"https:\\\/\\\/plamdistributions.com\\\/produit\\\/linge-pva-micro-vileda-en-microfibre-bleu\\\/#breadcrumb\"},\"inLanguage\":\"en-US\",\"potentialAction\":[{\"@type\":\"ReadAction\",\"target\":[\"https:\\\/\\\/plamdistributions.com\\\/produit\\\/linge-pva-micro-vileda-en-microfibre-bleu\\\/\"]}]},{\"@type\":\"ImageObject\",\"inLanguage\":\"en-US\",\"@id\":\"https:\\\/\\\/plamdistributions.com\\\/produit\\\/linge-pva-micro-vileda-en-microfibre-bleu\\\/#primaryimage\",\"url\":\"https:\\\/\\\/plamdistributions.com\\\/wp-content\\\/uploads\\\/2022\\\/03\\\/MF-VL143590.jpg\",\"contentUrl\":\"https:\\\/\\\/plamdistributions.com\\\/wp-content\\\/uploads\\\/2022\\\/03\\\/MF-VL143590.jpg\",\"width\":700,\"height\":700,\"caption\":\"Linge PVA MICRO Vileda en microfibre BLEU\"},{\"@type\":\"BreadcrumbList\",\"@id\":\"https:\\\/\\\/plamdistributions.com\\\/produit\\\/linge-pva-micro-vileda-en-microfibre-bleu\\\/#breadcrumb\",\"itemListElement\":[{\"@type\":\"ListItem\",\"position\":1,\"name\":\"Accueil\",\"item\":\"https:\\\/\\\/plamdistributions.com\\\/en\\\/\"},{\"@type\":\"ListItem\",\"position\":2,\"name\":\"Shop\",\"item\":\"https:\\\/\\\/plamdistributions.com\\\/en\\\/shop\\\/\"},{\"@type\":\"ListItem\",\"position\":3,\"name\":\"LINGE PVA MICRO VILEDA EN MICRO FIBRE BLEU\"}]},{\"@type\":\"WebSite\",\"@id\":\"https:\\\/\\\/plamdistributions.com\\\/#website\",\"url\":\"https:\\\/\\\/plamdistributions.com\\\/\",\"name\":\"Distributions Pla-M Inc.\",\"description\":\"Sale of sanitary products and equipment\",\"publisher\":{\"@id\":\"https:\\\/\\\/plamdistributions.com\\\/#organization\"},\"potentialAction\":[{\"@type\":\"SearchAction\",\"target\":{\"@type\":\"EntryPoint\",\"urlTemplate\":\"https:\\\/\\\/plamdistributions.com\\\/?s={search_term_string}\"},\"query-input\":{\"@type\":\"PropertyValueSpecification\",\"valueRequired\":true,\"valueName\":\"search_term_string\"}}],\"inLanguage\":\"en-US\"},{\"@type\":\"Organization\",\"@id\":\"https:\\\/\\\/plamdistributions.com\\\/#organization\",\"name\":\"Distributions Pla-M\",\"url\":\"https:\\\/\\\/plamdistributions.com\\\/\",\"logo\":{\"@type\":\"ImageObject\",\"inLanguage\":\"en-US\",\"@id\":\"https:\\\/\\\/plamdistributions.com\\\/#\\\/schema\\\/logo\\\/image\\\/\",\"url\":\"https:\\\/\\\/plamdistributions.com\\\/wp-content\\\/uploads\\\/2021\\\/05\\\/PLAM-SANS.png\",\"contentUrl\":\"https:\\\/\\\/plamdistributions.com\\\/wp-content\\\/uploads\\\/2021\\\/05\\\/PLAM-SANS.png\",\"width\":289,\"height\":224,\"caption\":\"Distributions Pla-M\"},\"image\":{\"@id\":\"https:\\\/\\\/plamdistributions.com\\\/#\\\/schema\\\/logo\\\/image\\\/\"},\"sameAs\":[\"https:\\\/\\\/www.facebook.com\\\/displam\\\/\",\"https:\\\/\\\/x.com\\\/Displam\",\"https:\\\/\\\/www.youtube.com\\\/channel\\\/UCHmm3HCGnpGuaQ984quISDg\"]}]}<\/script>\n<!-- \/ Yoast SEO plugin. -->","yoast_head_json":{"title":"LINGE PVA MICRO VILEDA EN MICRO FIBRE BLEU | Pla-M Distributions","robots":{"index":"index","follow":"follow","max-snippet":"max-snippet:-1","max-image-preview":"max-image-preview:large","max-video-preview":"max-video-preview:-1"},"canonical":"https:\/\/plamdistributions.com\/produit\/linge-pva-micro-vileda-en-microfibre-bleu\/","og_locale":"en_US","og_type":"article","og_title":"LINGE PVA MICRO VILEDA EN MICRO FIBRE BLEU | Pla-M Distributions","og_description":"Code: MF-VL143590 Pour essuyer et nettoyer en un seul mouvement, vous avez besoin d&#8217;un micro-linge Vileda PVA aux performances de","og_url":"https:\/\/plamdistributions.com\/produit\/linge-pva-micro-vileda-en-microfibre-bleu\/","og_site_name":"Pla-M Distributions","article_publisher":"https:\/\/www.facebook.com\/displam\/","article_modified_time":"2026-04-24T18:41:20+00:00","og_image":[{"width":700,"height":700,"url":"https:\/\/plamdistributions.com\/wp-content\/uploads\/2022\/03\/MF-VL143590.jpg","type":"image\/jpeg"}],"twitter_card":"summary_large_image","twitter_site":"@Displam","twitter_misc":{"Est. reading time":"1 minute"},"schema":{"@context":"https:\/\/schema.org","@graph":[{"@type":"WebPage","@id":"https:\/\/plamdistributions.com\/produit\/linge-pva-micro-vileda-en-microfibre-bleu\/","url":"https:\/\/plamdistributions.com\/produit\/linge-pva-micro-vileda-en-microfibre-bleu\/","name":"LINGE PVA MICRO VILEDA EN MICRO FIBRE BLEU | Pla-M Distributions","isPartOf":{"@id":"https:\/\/plamdistributions.com\/#website"},"primaryImageOfPage":{"@id":"https:\/\/plamdistributions.com\/produit\/linge-pva-micro-vileda-en-microfibre-bleu\/#primaryimage"},"image":{"@id":"https:\/\/plamdistributions.com\/produit\/linge-pva-micro-vileda-en-microfibre-bleu\/#primaryimage"},"thumbnailUrl":"https:\/\/plamdistributions.com\/wp-content\/uploads\/2022\/03\/MF-VL143590.jpg","datePublished":"2022-03-16T14:39:45+00:00","dateModified":"2026-04-24T18:41:20+00:00","breadcrumb":{"@id":"https:\/\/plamdistributions.com\/produit\/linge-pva-micro-vileda-en-microfibre-bleu\/#breadcrumb"},"inLanguage":"en-US","potentialAction":[{"@type":"ReadAction","target":["https:\/\/plamdistributions.com\/produit\/linge-pva-micro-vileda-en-microfibre-bleu\/"]}]},{"@type":"ImageObject","inLanguage":"en-US","@id":"https:\/\/plamdistributions.com\/produit\/linge-pva-micro-vileda-en-microfibre-bleu\/#primaryimage","url":"https:\/\/plamdistributions.com\/wp-content\/uploads\/2022\/03\/MF-VL143590.jpg","contentUrl":"https:\/\/plamdistributions.com\/wp-content\/uploads\/2022\/03\/MF-VL143590.jpg","width":700,"height":700,"caption":"Linge PVA MICRO Vileda en microfibre BLEU"},{"@type":"BreadcrumbList","@id":"https:\/\/plamdistributions.com\/produit\/linge-pva-micro-vileda-en-microfibre-bleu\/#breadcrumb","itemListElement":[{"@type":"ListItem","position":1,"name":"Accueil","item":"https:\/\/plamdistributions.com\/en\/"},{"@type":"ListItem","position":2,"name":"Shop","item":"https:\/\/plamdistributions.com\/en\/shop\/"},{"@type":"ListItem","position":3,"name":"LINGE PVA MICRO VILEDA EN MICRO FIBRE BLEU"}]},{"@type":"WebSite","@id":"https:\/\/plamdistributions.com\/#website","url":"https:\/\/plamdistributions.com\/","name":"Distributions Pla-M Inc.","description":"Sale of sanitary products and equipment","publisher":{"@id":"https:\/\/plamdistributions.com\/#organization"},"potentialAction":[{"@type":"SearchAction","target":{"@type":"EntryPoint","urlTemplate":"https:\/\/plamdistributions.com\/?s={search_term_string}"},"query-input":{"@type":"PropertyValueSpecification","valueRequired":true,"valueName":"search_term_string"}}],"inLanguage":"en-US"},{"@type":"Organization","@id":"https:\/\/plamdistributions.com\/#organization","name":"Distributions Pla-M","url":"https:\/\/plamdistributions.com\/","logo":{"@type":"ImageObject","inLanguage":"en-US","@id":"https:\/\/plamdistributions.com\/#\/schema\/logo\/image\/","url":"https:\/\/plamdistributions.com\/wp-content\/uploads\/2021\/05\/PLAM-SANS.png","contentUrl":"https:\/\/plamdistributions.com\/wp-content\/uploads\/2021\/05\/PLAM-SANS.png","width":289,"height":224,"caption":"Distributions Pla-M"},"image":{"@id":"https:\/\/plamdistributions.com\/#\/schema\/logo\/image\/"},"sameAs":["https:\/\/www.facebook.com\/displam\/","https:\/\/x.com\/Displam","https:\/\/www.youtube.com\/channel\/UCHmm3HCGnpGuaQ984quISDg"]}]}},"_links":{"self":[{"href":"https:\/\/plamdistributions.com\/en\/wp-json\/wp\/v2\/product\/35021","targetHints":{"allow":["GET"]}}],"collection":[{"href":"https:\/\/plamdistributions.com\/en\/wp-json\/wp\/v2\/product"}],"about":[{"href":"https:\/\/plamdistributions.com\/en\/wp-json\/wp\/v2\/types\/product"}],"replies":[{"embeddable":true,"href":"https:\/\/plamdistributions.com\/en\/wp-json\/wp\/v2\/comments?post=35021"}],"wp:featuredmedia":[{"embeddable":true,"href":"https:\/\/plamdistributions.com\/en\/wp-json\/wp\/v2\/media\/35022"}],"wp:attachment":[{"href":"https:\/\/plamdistributions.com\/en\/wp-json\/wp\/v2\/media?parent=35021"}],"wp:term":[{"taxonomy":"product_brand","embeddable":true,"href":"https:\/\/plamdistributions.com\/en\/wp-json\/wp\/v2\/product_brand?post=35021"},{"taxonomy":"product_cat","embeddable":true,"href":"https:\/\/plamdistributions.com\/en\/wp-json\/wp\/v2\/product_cat?post=35021"},{"taxonomy":"product_tag","embeddable":true,"href":"https:\/\/plamdistributions.com\/en\/wp-json\/wp\/v2\/product_tag?post=35021"}],"curies":[{"name":"wp","href":"https:\/\/api.w.org\/{rel}","templated":true}]}}