{"id":35256,"date":"2022-03-21T14:36:49","date_gmt":"2022-03-21T18:36:49","guid":{"rendered":"https:\/\/plamdistributions.com\/?post_type=product&#038;p=35256"},"modified":"2026-01-13T14:21:39","modified_gmt":"2026-01-13T18:21:39","slug":"fini-a-plancher-protection-plus-20-litres","status":"publish","type":"product","link":"https:\/\/plamdistributions.com\/en\/produit\/fini-a-plancher-protection-plus-20-litres\/","title":{"rendered":"FINI \u00c0 PLANCHER PROTECTION PLUS 20LTS"},"content":{"rendered":"<p><strong>Code: PROTECTION20\u00a0<\/strong><\/p>\n<p>PROTECTION PLUS de Avmor est un fini \u00e0 planchers qui offre un fini lustr\u00e9 et une durabilit\u00e9 sup\u00e9rieure; il s\u00e8che rapidement et r\u00e9agit rapidement au polissage. Sa facilit\u00e9 d\u2019application convient parfaitement aux entretiens r\u00e9guliers de m\u00eame qu\u2019\u00e0 ceux moins fr\u00e9quents et garantit une application sans probl\u00e8me. Ce produit est tr\u00e8s r\u00e9sistant \u00e0 l\u2019humidit\u00e9, aux d\u00e9tergents, aux \u00e9gratignures, aux marques noires de souliers ainsi qu\u2019\u00e0 l\u2019usure en g\u00e9n\u00e9ral en plus d\u2019offrir une protection sup\u00e9rieure et un fini lustr\u00e9 \u00e0 vos planchers.<\/p>\n","protected":false},"excerpt":{"rendered":"<p>Code: PROTECTION20\u00a0 PROTECTION PLUS de Avmor est un fini \u00e0 planchers qui offre un fini lustr\u00e9 et une durabilit\u00e9 sup\u00e9rieure;<\/p>\n","protected":false},"featured_media":35257,"comment_status":"closed","ping_status":"closed","template":"","meta":[],"product_brand":[],"product_cat":[62,110],"product_tag":[],"class_list":{"0":"post-35256","1":"product","2":"type-product","3":"status-publish","4":"has-post-thumbnail","6":"product_cat-produits-dentretien-menager","7":"product_cat-produits-pour-planchers","8":"product_shipping_class-standard","10":"first","11":"onbackorder","12":"taxable","13":"shipping-taxable","14":"purchasable","15":"product-type-simple"},"yoast_head":"<!-- This site is optimized with the Yoast SEO plugin v27.5 - https:\/\/yoast.com\/product\/yoast-seo-wordpress\/ -->\n<title>FINI \u00c0 PLANCHER PROTECTION PLUS 20LTS | Pla-M Distributions<\/title>\n<meta name=\"robots\" content=\"index, follow, max-snippet:-1, max-image-preview:large, max-video-preview:-1\" \/>\n<link rel=\"canonical\" href=\"https:\/\/plamdistributions.com\/produit\/fini-a-plancher-protection-plus-20-litres\/\" \/>\n<meta property=\"og:locale\" content=\"en_US\" \/>\n<meta property=\"og:type\" content=\"article\" \/>\n<meta property=\"og:title\" content=\"FINI \u00c0 PLANCHER PROTECTION PLUS 20LTS | Pla-M Distributions\" \/>\n<meta property=\"og:description\" content=\"Code: PROTECTION20\u00a0 PROTECTION PLUS de Avmor est un fini \u00e0 planchers qui offre un fini lustr\u00e9 et une durabilit\u00e9 sup\u00e9rieure;\" \/>\n<meta property=\"og:url\" content=\"https:\/\/plamdistributions.com\/produit\/fini-a-plancher-protection-plus-20-litres\/\" \/>\n<meta property=\"og:site_name\" content=\"Pla-M Distributions\" \/>\n<meta property=\"article:publisher\" content=\"https:\/\/www.facebook.com\/displam\/\" \/>\n<meta property=\"article:modified_time\" content=\"2026-01-13T18:21:39+00:00\" \/>\n<meta property=\"og:image\" content=\"https:\/\/plamdistributions.com\/wp-content\/uploads\/2022\/03\/PROTECTION20.jpg\" \/>\n\t<meta property=\"og:image:width\" content=\"700\" \/>\n\t<meta property=\"og:image:height\" content=\"700\" \/>\n\t<meta property=\"og:image:type\" content=\"image\/jpeg\" \/>\n<meta name=\"twitter:card\" content=\"summary_large_image\" \/>\n<meta name=\"twitter:site\" content=\"@Displam\" \/>\n<meta name=\"twitter:label1\" content=\"Est. reading time\" \/>\n\t<meta name=\"twitter:data1\" content=\"1 minute\" \/>\n<script type=\"application\/ld+json\" class=\"yoast-schema-graph\">{\"@context\":\"https:\\\/\\\/schema.org\",\"@graph\":[{\"@type\":\"WebPage\",\"@id\":\"https:\\\/\\\/plamdistributions.com\\\/produit\\\/fini-a-plancher-protection-plus-20-litres\\\/\",\"url\":\"https:\\\/\\\/plamdistributions.com\\\/produit\\\/fini-a-plancher-protection-plus-20-litres\\\/\",\"name\":\"FINI \u00c0 PLANCHER PROTECTION PLUS 20LTS | Pla-M Distributions\",\"isPartOf\":{\"@id\":\"https:\\\/\\\/plamdistributions.com\\\/#website\"},\"primaryImageOfPage\":{\"@id\":\"https:\\\/\\\/plamdistributions.com\\\/produit\\\/fini-a-plancher-protection-plus-20-litres\\\/#primaryimage\"},\"image\":{\"@id\":\"https:\\\/\\\/plamdistributions.com\\\/produit\\\/fini-a-plancher-protection-plus-20-litres\\\/#primaryimage\"},\"thumbnailUrl\":\"https:\\\/\\\/plamdistributions.com\\\/wp-content\\\/uploads\\\/2022\\\/03\\\/PROTECTION20.jpg\",\"datePublished\":\"2022-03-21T18:36:49+00:00\",\"dateModified\":\"2026-01-13T18:21:39+00:00\",\"breadcrumb\":{\"@id\":\"https:\\\/\\\/plamdistributions.com\\\/produit\\\/fini-a-plancher-protection-plus-20-litres\\\/#breadcrumb\"},\"inLanguage\":\"en-US\",\"potentialAction\":[{\"@type\":\"ReadAction\",\"target\":[\"https:\\\/\\\/plamdistributions.com\\\/produit\\\/fini-a-plancher-protection-plus-20-litres\\\/\"]}]},{\"@type\":\"ImageObject\",\"inLanguage\":\"en-US\",\"@id\":\"https:\\\/\\\/plamdistributions.com\\\/produit\\\/fini-a-plancher-protection-plus-20-litres\\\/#primaryimage\",\"url\":\"https:\\\/\\\/plamdistributions.com\\\/wp-content\\\/uploads\\\/2022\\\/03\\\/PROTECTION20.jpg\",\"contentUrl\":\"https:\\\/\\\/plamdistributions.com\\\/wp-content\\\/uploads\\\/2022\\\/03\\\/PROTECTION20.jpg\",\"width\":700,\"height\":700,\"caption\":\"Fini \u00e0 plancher PROTECTION PLUS 20 Litres\"},{\"@type\":\"BreadcrumbList\",\"@id\":\"https:\\\/\\\/plamdistributions.com\\\/produit\\\/fini-a-plancher-protection-plus-20-litres\\\/#breadcrumb\",\"itemListElement\":[{\"@type\":\"ListItem\",\"position\":1,\"name\":\"Accueil\",\"item\":\"https:\\\/\\\/plamdistributions.com\\\/en\\\/\"},{\"@type\":\"ListItem\",\"position\":2,\"name\":\"Shop\",\"item\":\"https:\\\/\\\/plamdistributions.com\\\/en\\\/shop\\\/\"},{\"@type\":\"ListItem\",\"position\":3,\"name\":\"FINI \u00c0 PLANCHER PROTECTION PLUS 20LTS\"}]},{\"@type\":\"WebSite\",\"@id\":\"https:\\\/\\\/plamdistributions.com\\\/#website\",\"url\":\"https:\\\/\\\/plamdistributions.com\\\/\",\"name\":\"Distributions Pla-M Inc.\",\"description\":\"Sale of sanitary products and equipment\",\"publisher\":{\"@id\":\"https:\\\/\\\/plamdistributions.com\\\/#organization\"},\"potentialAction\":[{\"@type\":\"SearchAction\",\"target\":{\"@type\":\"EntryPoint\",\"urlTemplate\":\"https:\\\/\\\/plamdistributions.com\\\/?s={search_term_string}\"},\"query-input\":{\"@type\":\"PropertyValueSpecification\",\"valueRequired\":true,\"valueName\":\"search_term_string\"}}],\"inLanguage\":\"en-US\"},{\"@type\":\"Organization\",\"@id\":\"https:\\\/\\\/plamdistributions.com\\\/#organization\",\"name\":\"Distributions Pla-M\",\"url\":\"https:\\\/\\\/plamdistributions.com\\\/\",\"logo\":{\"@type\":\"ImageObject\",\"inLanguage\":\"en-US\",\"@id\":\"https:\\\/\\\/plamdistributions.com\\\/#\\\/schema\\\/logo\\\/image\\\/\",\"url\":\"https:\\\/\\\/plamdistributions.com\\\/wp-content\\\/uploads\\\/2021\\\/05\\\/PLAM-SANS.png\",\"contentUrl\":\"https:\\\/\\\/plamdistributions.com\\\/wp-content\\\/uploads\\\/2021\\\/05\\\/PLAM-SANS.png\",\"width\":289,\"height\":224,\"caption\":\"Distributions Pla-M\"},\"image\":{\"@id\":\"https:\\\/\\\/plamdistributions.com\\\/#\\\/schema\\\/logo\\\/image\\\/\"},\"sameAs\":[\"https:\\\/\\\/www.facebook.com\\\/displam\\\/\",\"https:\\\/\\\/x.com\\\/Displam\",\"https:\\\/\\\/www.youtube.com\\\/channel\\\/UCHmm3HCGnpGuaQ984quISDg\"]}]}<\/script>\n<!-- \/ Yoast SEO plugin. -->","yoast_head_json":{"title":"FINI \u00c0 PLANCHER PROTECTION PLUS 20LTS | Pla-M Distributions","robots":{"index":"index","follow":"follow","max-snippet":"max-snippet:-1","max-image-preview":"max-image-preview:large","max-video-preview":"max-video-preview:-1"},"canonical":"https:\/\/plamdistributions.com\/produit\/fini-a-plancher-protection-plus-20-litres\/","og_locale":"en_US","og_type":"article","og_title":"FINI \u00c0 PLANCHER PROTECTION PLUS 20LTS | Pla-M Distributions","og_description":"Code: PROTECTION20\u00a0 PROTECTION PLUS de Avmor est un fini \u00e0 planchers qui offre un fini lustr\u00e9 et une durabilit\u00e9 sup\u00e9rieure;","og_url":"https:\/\/plamdistributions.com\/produit\/fini-a-plancher-protection-plus-20-litres\/","og_site_name":"Pla-M Distributions","article_publisher":"https:\/\/www.facebook.com\/displam\/","article_modified_time":"2026-01-13T18:21:39+00:00","og_image":[{"width":700,"height":700,"url":"https:\/\/plamdistributions.com\/wp-content\/uploads\/2022\/03\/PROTECTION20.jpg","type":"image\/jpeg"}],"twitter_card":"summary_large_image","twitter_site":"@Displam","twitter_misc":{"Est. reading time":"1 minute"},"schema":{"@context":"https:\/\/schema.org","@graph":[{"@type":"WebPage","@id":"https:\/\/plamdistributions.com\/produit\/fini-a-plancher-protection-plus-20-litres\/","url":"https:\/\/plamdistributions.com\/produit\/fini-a-plancher-protection-plus-20-litres\/","name":"FINI \u00c0 PLANCHER PROTECTION PLUS 20LTS | Pla-M Distributions","isPartOf":{"@id":"https:\/\/plamdistributions.com\/#website"},"primaryImageOfPage":{"@id":"https:\/\/plamdistributions.com\/produit\/fini-a-plancher-protection-plus-20-litres\/#primaryimage"},"image":{"@id":"https:\/\/plamdistributions.com\/produit\/fini-a-plancher-protection-plus-20-litres\/#primaryimage"},"thumbnailUrl":"https:\/\/plamdistributions.com\/wp-content\/uploads\/2022\/03\/PROTECTION20.jpg","datePublished":"2022-03-21T18:36:49+00:00","dateModified":"2026-01-13T18:21:39+00:00","breadcrumb":{"@id":"https:\/\/plamdistributions.com\/produit\/fini-a-plancher-protection-plus-20-litres\/#breadcrumb"},"inLanguage":"en-US","potentialAction":[{"@type":"ReadAction","target":["https:\/\/plamdistributions.com\/produit\/fini-a-plancher-protection-plus-20-litres\/"]}]},{"@type":"ImageObject","inLanguage":"en-US","@id":"https:\/\/plamdistributions.com\/produit\/fini-a-plancher-protection-plus-20-litres\/#primaryimage","url":"https:\/\/plamdistributions.com\/wp-content\/uploads\/2022\/03\/PROTECTION20.jpg","contentUrl":"https:\/\/plamdistributions.com\/wp-content\/uploads\/2022\/03\/PROTECTION20.jpg","width":700,"height":700,"caption":"Fini \u00e0 plancher PROTECTION PLUS 20 Litres"},{"@type":"BreadcrumbList","@id":"https:\/\/plamdistributions.com\/produit\/fini-a-plancher-protection-plus-20-litres\/#breadcrumb","itemListElement":[{"@type":"ListItem","position":1,"name":"Accueil","item":"https:\/\/plamdistributions.com\/en\/"},{"@type":"ListItem","position":2,"name":"Shop","item":"https:\/\/plamdistributions.com\/en\/shop\/"},{"@type":"ListItem","position":3,"name":"FINI \u00c0 PLANCHER PROTECTION PLUS 20LTS"}]},{"@type":"WebSite","@id":"https:\/\/plamdistributions.com\/#website","url":"https:\/\/plamdistributions.com\/","name":"Distributions Pla-M Inc.","description":"Sale of sanitary products and equipment","publisher":{"@id":"https:\/\/plamdistributions.com\/#organization"},"potentialAction":[{"@type":"SearchAction","target":{"@type":"EntryPoint","urlTemplate":"https:\/\/plamdistributions.com\/?s={search_term_string}"},"query-input":{"@type":"PropertyValueSpecification","valueRequired":true,"valueName":"search_term_string"}}],"inLanguage":"en-US"},{"@type":"Organization","@id":"https:\/\/plamdistributions.com\/#organization","name":"Distributions Pla-M","url":"https:\/\/plamdistributions.com\/","logo":{"@type":"ImageObject","inLanguage":"en-US","@id":"https:\/\/plamdistributions.com\/#\/schema\/logo\/image\/","url":"https:\/\/plamdistributions.com\/wp-content\/uploads\/2021\/05\/PLAM-SANS.png","contentUrl":"https:\/\/plamdistributions.com\/wp-content\/uploads\/2021\/05\/PLAM-SANS.png","width":289,"height":224,"caption":"Distributions Pla-M"},"image":{"@id":"https:\/\/plamdistributions.com\/#\/schema\/logo\/image\/"},"sameAs":["https:\/\/www.facebook.com\/displam\/","https:\/\/x.com\/Displam","https:\/\/www.youtube.com\/channel\/UCHmm3HCGnpGuaQ984quISDg"]}]}},"_links":{"self":[{"href":"https:\/\/plamdistributions.com\/en\/wp-json\/wp\/v2\/product\/35256","targetHints":{"allow":["GET"]}}],"collection":[{"href":"https:\/\/plamdistributions.com\/en\/wp-json\/wp\/v2\/product"}],"about":[{"href":"https:\/\/plamdistributions.com\/en\/wp-json\/wp\/v2\/types\/product"}],"replies":[{"embeddable":true,"href":"https:\/\/plamdistributions.com\/en\/wp-json\/wp\/v2\/comments?post=35256"}],"wp:featuredmedia":[{"embeddable":true,"href":"https:\/\/plamdistributions.com\/en\/wp-json\/wp\/v2\/media\/35257"}],"wp:attachment":[{"href":"https:\/\/plamdistributions.com\/en\/wp-json\/wp\/v2\/media?parent=35256"}],"wp:term":[{"taxonomy":"product_brand","embeddable":true,"href":"https:\/\/plamdistributions.com\/en\/wp-json\/wp\/v2\/product_brand?post=35256"},{"taxonomy":"product_cat","embeddable":true,"href":"https:\/\/plamdistributions.com\/en\/wp-json\/wp\/v2\/product_cat?post=35256"},{"taxonomy":"product_tag","embeddable":true,"href":"https:\/\/plamdistributions.com\/en\/wp-json\/wp\/v2\/product_tag?post=35256"}],"curies":[{"name":"wp","href":"https:\/\/api.w.org\/{rel}","templated":true}]}}