{"id":35602,"date":"2022-03-25T01:05:46","date_gmt":"2022-03-25T05:05:46","guid":{"rendered":"https:\/\/plamdistributions.com\/?post_type=product&#038;p=35602"},"modified":"2023-06-12T08:53:09","modified_gmt":"2023-06-12T12:53:09","slug":"cire-nettoyante-pour-vehicule-sans-eau-20lts","status":"publish","type":"product","link":"https:\/\/plamdistributions.com\/en\/produit\/cire-nettoyante-pour-vehicule-sans-eau-20lts\/","title":{"rendered":"CIRE NETTOYANTE POUR V\u00c9HICULE SANS EAU 20LTS"},"content":{"rendered":"<p><strong>Code: AUTODRY20<\/strong><\/p>\n<p>AUTODRY a \u00e9t\u00e9 con\u00e7u pour nettoyer, lustrer et cirer tout en prot\u00e9geant votre v\u00e9hicule sans utiliser d\u2019eau. Il est id\u00e9al pour la voiture, camion, bateau, moto. Ce produit permet de nettoyer et de cirer en une seule \u00e9tape aussi rapidement que d\u2019essuyer un v\u00e9hicule humide. Il est fait \u00e0 partir d\u2019agent nettoyant d\u00e9riv\u00e9 de noix de coco, d\u2019huile d\u2019orange et de cire de carnauba. Il est 100% biod\u00e9gradable et permet d\u2019\u00e9conomiser l\u2019eau lors d\u2019un lavage de v\u00e9hicule. Il fera briller la carrosserie, les vitres, le chrome, les miroirs, les jantes et les plastiques.<\/p>\n","protected":false},"excerpt":{"rendered":"<p>Code: AUTODRY20 AUTODRY a \u00e9t\u00e9 con\u00e7u pour nettoyer, lustrer et cirer tout en prot\u00e9geant votre v\u00e9hicule sans utiliser d\u2019eau. Il<\/p>\n","protected":false},"featured_media":38642,"comment_status":"closed","ping_status":"closed","template":"","meta":[],"product_brand":[],"product_cat":[62],"product_tag":[],"class_list":{"0":"post-35602","1":"product","2":"type-product","3":"status-publish","4":"has-post-thumbnail","6":"product_cat-produits-dentretien-menager","8":"first","9":"outofstock","10":"taxable","11":"shipping-taxable","12":"purchasable","13":"product-type-simple"},"yoast_head":"<!-- This site is optimized with the Yoast SEO plugin v27.4 - https:\/\/yoast.com\/product\/yoast-seo-wordpress\/ -->\n<title>CIRE NETTOYANTE POUR V\u00c9HICULE SANS EAU 20LTS | Pla-M Distributions<\/title>\n<meta name=\"robots\" content=\"index, follow, max-snippet:-1, max-image-preview:large, max-video-preview:-1\" \/>\n<link rel=\"canonical\" href=\"https:\/\/plamdistributions.com\/produit\/cire-nettoyante-pour-vehicule-sans-eau-20lts\/\" \/>\n<meta property=\"og:locale\" content=\"en_US\" \/>\n<meta property=\"og:type\" content=\"article\" \/>\n<meta property=\"og:title\" content=\"CIRE NETTOYANTE POUR V\u00c9HICULE SANS EAU 20LTS | Pla-M Distributions\" \/>\n<meta property=\"og:description\" content=\"Code: AUTODRY20 AUTODRY a \u00e9t\u00e9 con\u00e7u pour nettoyer, lustrer et cirer tout en prot\u00e9geant votre v\u00e9hicule sans utiliser d\u2019eau. Il\" \/>\n<meta property=\"og:url\" content=\"https:\/\/plamdistributions.com\/produit\/cire-nettoyante-pour-vehicule-sans-eau-20lts\/\" \/>\n<meta property=\"og:site_name\" content=\"Pla-M Distributions\" \/>\n<meta property=\"article:publisher\" content=\"https:\/\/www.facebook.com\/displam\/\" \/>\n<meta property=\"article:modified_time\" content=\"2023-06-12T12:53:09+00:00\" \/>\n<meta property=\"og:image\" content=\"https:\/\/plamdistributions.com\/wp-content\/uploads\/2022\/03\/autodry-20-litres-cire-nettoyante-pour-vehicule-sans-eau-unica-canada.jpg\" \/>\n\t<meta property=\"og:image:width\" content=\"700\" \/>\n\t<meta property=\"og:image:height\" content=\"700\" \/>\n\t<meta property=\"og:image:type\" content=\"image\/jpeg\" \/>\n<meta name=\"twitter:card\" content=\"summary_large_image\" \/>\n<meta name=\"twitter:site\" content=\"@Displam\" \/>\n<meta name=\"twitter:label1\" content=\"Est. reading time\" \/>\n\t<meta name=\"twitter:data1\" content=\"1 minute\" \/>\n<script type=\"application\/ld+json\" class=\"yoast-schema-graph\">{\"@context\":\"https:\\\/\\\/schema.org\",\"@graph\":[{\"@type\":\"WebPage\",\"@id\":\"https:\\\/\\\/plamdistributions.com\\\/produit\\\/cire-nettoyante-pour-vehicule-sans-eau-20lts\\\/\",\"url\":\"https:\\\/\\\/plamdistributions.com\\\/produit\\\/cire-nettoyante-pour-vehicule-sans-eau-20lts\\\/\",\"name\":\"CIRE NETTOYANTE POUR V\u00c9HICULE SANS EAU 20LTS | Pla-M Distributions\",\"isPartOf\":{\"@id\":\"https:\\\/\\\/plamdistributions.com\\\/#website\"},\"primaryImageOfPage\":{\"@id\":\"https:\\\/\\\/plamdistributions.com\\\/produit\\\/cire-nettoyante-pour-vehicule-sans-eau-20lts\\\/#primaryimage\"},\"image\":{\"@id\":\"https:\\\/\\\/plamdistributions.com\\\/produit\\\/cire-nettoyante-pour-vehicule-sans-eau-20lts\\\/#primaryimage\"},\"thumbnailUrl\":\"https:\\\/\\\/plamdistributions.com\\\/wp-content\\\/uploads\\\/2022\\\/03\\\/autodry-20-litres-cire-nettoyante-pour-vehicule-sans-eau-unica-canada.jpg\",\"datePublished\":\"2022-03-25T05:05:46+00:00\",\"dateModified\":\"2023-06-12T12:53:09+00:00\",\"breadcrumb\":{\"@id\":\"https:\\\/\\\/plamdistributions.com\\\/produit\\\/cire-nettoyante-pour-vehicule-sans-eau-20lts\\\/#breadcrumb\"},\"inLanguage\":\"en-US\",\"potentialAction\":[{\"@type\":\"ReadAction\",\"target\":[\"https:\\\/\\\/plamdistributions.com\\\/produit\\\/cire-nettoyante-pour-vehicule-sans-eau-20lts\\\/\"]}]},{\"@type\":\"ImageObject\",\"inLanguage\":\"en-US\",\"@id\":\"https:\\\/\\\/plamdistributions.com\\\/produit\\\/cire-nettoyante-pour-vehicule-sans-eau-20lts\\\/#primaryimage\",\"url\":\"https:\\\/\\\/plamdistributions.com\\\/wp-content\\\/uploads\\\/2022\\\/03\\\/autodry-20-litres-cire-nettoyante-pour-vehicule-sans-eau-unica-canada.jpg\",\"contentUrl\":\"https:\\\/\\\/plamdistributions.com\\\/wp-content\\\/uploads\\\/2022\\\/03\\\/autodry-20-litres-cire-nettoyante-pour-vehicule-sans-eau-unica-canada.jpg\",\"width\":700,\"height\":700,\"caption\":\"CIRE NETTOYANTE POUR V\u00c9HICULE SANS EAU 20LTS\"},{\"@type\":\"BreadcrumbList\",\"@id\":\"https:\\\/\\\/plamdistributions.com\\\/produit\\\/cire-nettoyante-pour-vehicule-sans-eau-20lts\\\/#breadcrumb\",\"itemListElement\":[{\"@type\":\"ListItem\",\"position\":1,\"name\":\"Accueil\",\"item\":\"https:\\\/\\\/plamdistributions.com\\\/en\\\/\"},{\"@type\":\"ListItem\",\"position\":2,\"name\":\"Shop\",\"item\":\"https:\\\/\\\/plamdistributions.com\\\/en\\\/shop\\\/\"},{\"@type\":\"ListItem\",\"position\":3,\"name\":\"CIRE NETTOYANTE POUR V\u00c9HICULE SANS EAU 20LTS\"}]},{\"@type\":\"WebSite\",\"@id\":\"https:\\\/\\\/plamdistributions.com\\\/#website\",\"url\":\"https:\\\/\\\/plamdistributions.com\\\/\",\"name\":\"Distributions Pla-M Inc.\",\"description\":\"Sale of sanitary products and equipment\",\"publisher\":{\"@id\":\"https:\\\/\\\/plamdistributions.com\\\/#organization\"},\"potentialAction\":[{\"@type\":\"SearchAction\",\"target\":{\"@type\":\"EntryPoint\",\"urlTemplate\":\"https:\\\/\\\/plamdistributions.com\\\/?s={search_term_string}\"},\"query-input\":{\"@type\":\"PropertyValueSpecification\",\"valueRequired\":true,\"valueName\":\"search_term_string\"}}],\"inLanguage\":\"en-US\"},{\"@type\":\"Organization\",\"@id\":\"https:\\\/\\\/plamdistributions.com\\\/#organization\",\"name\":\"Distributions Pla-M\",\"url\":\"https:\\\/\\\/plamdistributions.com\\\/\",\"logo\":{\"@type\":\"ImageObject\",\"inLanguage\":\"en-US\",\"@id\":\"https:\\\/\\\/plamdistributions.com\\\/#\\\/schema\\\/logo\\\/image\\\/\",\"url\":\"https:\\\/\\\/plamdistributions.com\\\/wp-content\\\/uploads\\\/2021\\\/05\\\/PLAM-SANS.png\",\"contentUrl\":\"https:\\\/\\\/plamdistributions.com\\\/wp-content\\\/uploads\\\/2021\\\/05\\\/PLAM-SANS.png\",\"width\":289,\"height\":224,\"caption\":\"Distributions Pla-M\"},\"image\":{\"@id\":\"https:\\\/\\\/plamdistributions.com\\\/#\\\/schema\\\/logo\\\/image\\\/\"},\"sameAs\":[\"https:\\\/\\\/www.facebook.com\\\/displam\\\/\",\"https:\\\/\\\/x.com\\\/Displam\",\"https:\\\/\\\/www.youtube.com\\\/channel\\\/UCHmm3HCGnpGuaQ984quISDg\"]}]}<\/script>\n<!-- \/ Yoast SEO plugin. -->","yoast_head_json":{"title":"CIRE NETTOYANTE POUR V\u00c9HICULE SANS EAU 20LTS | Pla-M Distributions","robots":{"index":"index","follow":"follow","max-snippet":"max-snippet:-1","max-image-preview":"max-image-preview:large","max-video-preview":"max-video-preview:-1"},"canonical":"https:\/\/plamdistributions.com\/produit\/cire-nettoyante-pour-vehicule-sans-eau-20lts\/","og_locale":"en_US","og_type":"article","og_title":"CIRE NETTOYANTE POUR V\u00c9HICULE SANS EAU 20LTS | Pla-M Distributions","og_description":"Code: AUTODRY20 AUTODRY a \u00e9t\u00e9 con\u00e7u pour nettoyer, lustrer et cirer tout en prot\u00e9geant votre v\u00e9hicule sans utiliser d\u2019eau. Il","og_url":"https:\/\/plamdistributions.com\/produit\/cire-nettoyante-pour-vehicule-sans-eau-20lts\/","og_site_name":"Pla-M Distributions","article_publisher":"https:\/\/www.facebook.com\/displam\/","article_modified_time":"2023-06-12T12:53:09+00:00","og_image":[{"width":700,"height":700,"url":"https:\/\/plamdistributions.com\/wp-content\/uploads\/2022\/03\/autodry-20-litres-cire-nettoyante-pour-vehicule-sans-eau-unica-canada.jpg","type":"image\/jpeg"}],"twitter_card":"summary_large_image","twitter_site":"@Displam","twitter_misc":{"Est. reading time":"1 minute"},"schema":{"@context":"https:\/\/schema.org","@graph":[{"@type":"WebPage","@id":"https:\/\/plamdistributions.com\/produit\/cire-nettoyante-pour-vehicule-sans-eau-20lts\/","url":"https:\/\/plamdistributions.com\/produit\/cire-nettoyante-pour-vehicule-sans-eau-20lts\/","name":"CIRE NETTOYANTE POUR V\u00c9HICULE SANS EAU 20LTS | Pla-M Distributions","isPartOf":{"@id":"https:\/\/plamdistributions.com\/#website"},"primaryImageOfPage":{"@id":"https:\/\/plamdistributions.com\/produit\/cire-nettoyante-pour-vehicule-sans-eau-20lts\/#primaryimage"},"image":{"@id":"https:\/\/plamdistributions.com\/produit\/cire-nettoyante-pour-vehicule-sans-eau-20lts\/#primaryimage"},"thumbnailUrl":"https:\/\/plamdistributions.com\/wp-content\/uploads\/2022\/03\/autodry-20-litres-cire-nettoyante-pour-vehicule-sans-eau-unica-canada.jpg","datePublished":"2022-03-25T05:05:46+00:00","dateModified":"2023-06-12T12:53:09+00:00","breadcrumb":{"@id":"https:\/\/plamdistributions.com\/produit\/cire-nettoyante-pour-vehicule-sans-eau-20lts\/#breadcrumb"},"inLanguage":"en-US","potentialAction":[{"@type":"ReadAction","target":["https:\/\/plamdistributions.com\/produit\/cire-nettoyante-pour-vehicule-sans-eau-20lts\/"]}]},{"@type":"ImageObject","inLanguage":"en-US","@id":"https:\/\/plamdistributions.com\/produit\/cire-nettoyante-pour-vehicule-sans-eau-20lts\/#primaryimage","url":"https:\/\/plamdistributions.com\/wp-content\/uploads\/2022\/03\/autodry-20-litres-cire-nettoyante-pour-vehicule-sans-eau-unica-canada.jpg","contentUrl":"https:\/\/plamdistributions.com\/wp-content\/uploads\/2022\/03\/autodry-20-litres-cire-nettoyante-pour-vehicule-sans-eau-unica-canada.jpg","width":700,"height":700,"caption":"CIRE NETTOYANTE POUR V\u00c9HICULE SANS EAU 20LTS"},{"@type":"BreadcrumbList","@id":"https:\/\/plamdistributions.com\/produit\/cire-nettoyante-pour-vehicule-sans-eau-20lts\/#breadcrumb","itemListElement":[{"@type":"ListItem","position":1,"name":"Accueil","item":"https:\/\/plamdistributions.com\/en\/"},{"@type":"ListItem","position":2,"name":"Shop","item":"https:\/\/plamdistributions.com\/en\/shop\/"},{"@type":"ListItem","position":3,"name":"CIRE NETTOYANTE POUR V\u00c9HICULE SANS EAU 20LTS"}]},{"@type":"WebSite","@id":"https:\/\/plamdistributions.com\/#website","url":"https:\/\/plamdistributions.com\/","name":"Distributions Pla-M Inc.","description":"Sale of sanitary products and equipment","publisher":{"@id":"https:\/\/plamdistributions.com\/#organization"},"potentialAction":[{"@type":"SearchAction","target":{"@type":"EntryPoint","urlTemplate":"https:\/\/plamdistributions.com\/?s={search_term_string}"},"query-input":{"@type":"PropertyValueSpecification","valueRequired":true,"valueName":"search_term_string"}}],"inLanguage":"en-US"},{"@type":"Organization","@id":"https:\/\/plamdistributions.com\/#organization","name":"Distributions Pla-M","url":"https:\/\/plamdistributions.com\/","logo":{"@type":"ImageObject","inLanguage":"en-US","@id":"https:\/\/plamdistributions.com\/#\/schema\/logo\/image\/","url":"https:\/\/plamdistributions.com\/wp-content\/uploads\/2021\/05\/PLAM-SANS.png","contentUrl":"https:\/\/plamdistributions.com\/wp-content\/uploads\/2021\/05\/PLAM-SANS.png","width":289,"height":224,"caption":"Distributions Pla-M"},"image":{"@id":"https:\/\/plamdistributions.com\/#\/schema\/logo\/image\/"},"sameAs":["https:\/\/www.facebook.com\/displam\/","https:\/\/x.com\/Displam","https:\/\/www.youtube.com\/channel\/UCHmm3HCGnpGuaQ984quISDg"]}]}},"_links":{"self":[{"href":"https:\/\/plamdistributions.com\/en\/wp-json\/wp\/v2\/product\/35602","targetHints":{"allow":["GET"]}}],"collection":[{"href":"https:\/\/plamdistributions.com\/en\/wp-json\/wp\/v2\/product"}],"about":[{"href":"https:\/\/plamdistributions.com\/en\/wp-json\/wp\/v2\/types\/product"}],"replies":[{"embeddable":true,"href":"https:\/\/plamdistributions.com\/en\/wp-json\/wp\/v2\/comments?post=35602"}],"wp:featuredmedia":[{"embeddable":true,"href":"https:\/\/plamdistributions.com\/en\/wp-json\/wp\/v2\/media\/38642"}],"wp:attachment":[{"href":"https:\/\/plamdistributions.com\/en\/wp-json\/wp\/v2\/media?parent=35602"}],"wp:term":[{"taxonomy":"product_brand","embeddable":true,"href":"https:\/\/plamdistributions.com\/en\/wp-json\/wp\/v2\/product_brand?post=35602"},{"taxonomy":"product_cat","embeddable":true,"href":"https:\/\/plamdistributions.com\/en\/wp-json\/wp\/v2\/product_cat?post=35602"},{"taxonomy":"product_tag","embeddable":true,"href":"https:\/\/plamdistributions.com\/en\/wp-json\/wp\/v2\/product_tag?post=35602"}],"curies":[{"name":"wp","href":"https:\/\/api.w.org\/{rel}","templated":true}]}}