{"id":36020,"date":"2022-03-25T01:24:58","date_gmt":"2022-03-25T05:24:58","guid":{"rendered":"https:\/\/plamdistributions.com\/?post_type=product&#038;p=36020"},"modified":"2024-01-17T12:33:49","modified_gmt":"2024-01-17T16:33:49","slug":"tampon-recurage-moyen-10","status":"publish","type":"product","link":"https:\/\/plamdistributions.com\/en\/produit\/tampon-recurage-moyen-10\/","title":{"rendered":"TAMPON RECURAGE MOYEN \/10"},"content":{"rendered":"<p><strong>Code: TU-3M97<\/strong><\/p>\n<p>Le tampon \u00e0 nettoyer pour travaux moyen est fabriqu\u00e9 avec un min\u00e9ral de grande qualit\u00e9 et avec des fibres synth\u00e9tiques adh\u00e9sives. Ce tampon peut \u00eatre utilis\u00e9 mouill\u00e9 ou sec pour r\u00e9curer les batteries de cuisine, pour nettoyer l&#8217;\u00e9quipement de cuisine et pour les travaux de nettoyage habituel. Il n&#8217;est pas recommand\u00e9 pour l&#8217;utilisation sur des surfaces polies ou qui s&#8217;\u00e9gratignent facilement.<\/p>\n<p>&nbsp;<\/p>\n","protected":false},"excerpt":{"rendered":"<p>Code: TU-3M97 Le tampon \u00e0 nettoyer pour travaux moyen est fabriqu\u00e9 avec un min\u00e9ral de grande qualit\u00e9 et avec des<\/p>\n","protected":false},"featured_media":23105,"comment_status":"closed","ping_status":"closed","template":"","meta":[],"product_brand":[],"product_cat":[144],"product_tag":[],"class_list":{"0":"post-36020","1":"product","2":"type-product","3":"status-publish","4":"has-post-thumbnail","6":"product_cat-tampons","8":"first","9":"onbackorder","10":"taxable","11":"shipping-taxable","12":"purchasable","13":"product-type-simple"},"yoast_head":"<!-- This site is optimized with the Yoast SEO plugin v27.4 - https:\/\/yoast.com\/product\/yoast-seo-wordpress\/ -->\n<title>TAMPON RECURAGE MOYEN \/10 | Pla-M Distributions<\/title>\n<meta name=\"robots\" content=\"index, follow, max-snippet:-1, max-image-preview:large, max-video-preview:-1\" \/>\n<link rel=\"canonical\" href=\"https:\/\/plamdistributions.com\/produit\/tampon-recurage-moyen-10\/\" \/>\n<meta property=\"og:locale\" content=\"en_US\" \/>\n<meta property=\"og:type\" content=\"article\" \/>\n<meta property=\"og:title\" content=\"TAMPON RECURAGE MOYEN \/10 | Pla-M Distributions\" \/>\n<meta property=\"og:description\" content=\"Code: TU-3M97 Le tampon \u00e0 nettoyer pour travaux moyen est fabriqu\u00e9 avec un min\u00e9ral de grande qualit\u00e9 et avec des\" \/>\n<meta property=\"og:url\" content=\"https:\/\/plamdistributions.com\/produit\/tampon-recurage-moyen-10\/\" \/>\n<meta property=\"og:site_name\" content=\"Pla-M Distributions\" \/>\n<meta property=\"article:publisher\" content=\"https:\/\/www.facebook.com\/displam\/\" \/>\n<meta property=\"article:modified_time\" content=\"2024-01-17T16:33:49+00:00\" \/>\n<meta property=\"og:image\" content=\"https:\/\/plamdistributions.com\/wp-content\/uploads\/2021\/05\/TU-3M97.jpg\" \/>\n\t<meta property=\"og:image:width\" content=\"400\" \/>\n\t<meta property=\"og:image:height\" content=\"400\" \/>\n\t<meta property=\"og:image:type\" content=\"image\/jpeg\" \/>\n<meta name=\"twitter:card\" content=\"summary_large_image\" \/>\n<meta name=\"twitter:site\" content=\"@Displam\" \/>\n<script type=\"application\/ld+json\" class=\"yoast-schema-graph\">{\"@context\":\"https:\\\/\\\/schema.org\",\"@graph\":[{\"@type\":\"WebPage\",\"@id\":\"https:\\\/\\\/plamdistributions.com\\\/produit\\\/tampon-recurage-moyen-10\\\/\",\"url\":\"https:\\\/\\\/plamdistributions.com\\\/produit\\\/tampon-recurage-moyen-10\\\/\",\"name\":\"TAMPON RECURAGE MOYEN \\\/10 | Pla-M Distributions\",\"isPartOf\":{\"@id\":\"https:\\\/\\\/plamdistributions.com\\\/#website\"},\"primaryImageOfPage\":{\"@id\":\"https:\\\/\\\/plamdistributions.com\\\/produit\\\/tampon-recurage-moyen-10\\\/#primaryimage\"},\"image\":{\"@id\":\"https:\\\/\\\/plamdistributions.com\\\/produit\\\/tampon-recurage-moyen-10\\\/#primaryimage\"},\"thumbnailUrl\":\"https:\\\/\\\/plamdistributions.com\\\/wp-content\\\/uploads\\\/2021\\\/05\\\/TU-3M97.jpg\",\"datePublished\":\"2022-03-25T05:24:58+00:00\",\"dateModified\":\"2024-01-17T16:33:49+00:00\",\"breadcrumb\":{\"@id\":\"https:\\\/\\\/plamdistributions.com\\\/produit\\\/tampon-recurage-moyen-10\\\/#breadcrumb\"},\"inLanguage\":\"en-US\",\"potentialAction\":[{\"@type\":\"ReadAction\",\"target\":[\"https:\\\/\\\/plamdistributions.com\\\/produit\\\/tampon-recurage-moyen-10\\\/\"]}]},{\"@type\":\"ImageObject\",\"inLanguage\":\"en-US\",\"@id\":\"https:\\\/\\\/plamdistributions.com\\\/produit\\\/tampon-recurage-moyen-10\\\/#primaryimage\",\"url\":\"https:\\\/\\\/plamdistributions.com\\\/wp-content\\\/uploads\\\/2021\\\/05\\\/TU-3M97.jpg\",\"contentUrl\":\"https:\\\/\\\/plamdistributions.com\\\/wp-content\\\/uploads\\\/2021\\\/05\\\/TU-3M97.jpg\",\"width\":400,\"height\":400,\"caption\":\"TAMPON RECURAGE MOYEN \\\/10\"},{\"@type\":\"BreadcrumbList\",\"@id\":\"https:\\\/\\\/plamdistributions.com\\\/produit\\\/tampon-recurage-moyen-10\\\/#breadcrumb\",\"itemListElement\":[{\"@type\":\"ListItem\",\"position\":1,\"name\":\"Accueil\",\"item\":\"https:\\\/\\\/plamdistributions.com\\\/en\\\/\"},{\"@type\":\"ListItem\",\"position\":2,\"name\":\"Shop\",\"item\":\"https:\\\/\\\/plamdistributions.com\\\/en\\\/shop\\\/\"},{\"@type\":\"ListItem\",\"position\":3,\"name\":\"TAMPON RECURAGE MOYEN \\\/10\"}]},{\"@type\":\"WebSite\",\"@id\":\"https:\\\/\\\/plamdistributions.com\\\/#website\",\"url\":\"https:\\\/\\\/plamdistributions.com\\\/\",\"name\":\"Distributions Pla-M Inc.\",\"description\":\"Sale of sanitary products and equipment\",\"publisher\":{\"@id\":\"https:\\\/\\\/plamdistributions.com\\\/#organization\"},\"potentialAction\":[{\"@type\":\"SearchAction\",\"target\":{\"@type\":\"EntryPoint\",\"urlTemplate\":\"https:\\\/\\\/plamdistributions.com\\\/?s={search_term_string}\"},\"query-input\":{\"@type\":\"PropertyValueSpecification\",\"valueRequired\":true,\"valueName\":\"search_term_string\"}}],\"inLanguage\":\"en-US\"},{\"@type\":\"Organization\",\"@id\":\"https:\\\/\\\/plamdistributions.com\\\/#organization\",\"name\":\"Distributions Pla-M\",\"url\":\"https:\\\/\\\/plamdistributions.com\\\/\",\"logo\":{\"@type\":\"ImageObject\",\"inLanguage\":\"en-US\",\"@id\":\"https:\\\/\\\/plamdistributions.com\\\/#\\\/schema\\\/logo\\\/image\\\/\",\"url\":\"https:\\\/\\\/plamdistributions.com\\\/wp-content\\\/uploads\\\/2021\\\/05\\\/PLAM-SANS.png\",\"contentUrl\":\"https:\\\/\\\/plamdistributions.com\\\/wp-content\\\/uploads\\\/2021\\\/05\\\/PLAM-SANS.png\",\"width\":289,\"height\":224,\"caption\":\"Distributions Pla-M\"},\"image\":{\"@id\":\"https:\\\/\\\/plamdistributions.com\\\/#\\\/schema\\\/logo\\\/image\\\/\"},\"sameAs\":[\"https:\\\/\\\/www.facebook.com\\\/displam\\\/\",\"https:\\\/\\\/x.com\\\/Displam\",\"https:\\\/\\\/www.youtube.com\\\/channel\\\/UCHmm3HCGnpGuaQ984quISDg\"]}]}<\/script>\n<!-- \/ Yoast SEO plugin. -->","yoast_head_json":{"title":"TAMPON RECURAGE MOYEN \/10 | Pla-M Distributions","robots":{"index":"index","follow":"follow","max-snippet":"max-snippet:-1","max-image-preview":"max-image-preview:large","max-video-preview":"max-video-preview:-1"},"canonical":"https:\/\/plamdistributions.com\/produit\/tampon-recurage-moyen-10\/","og_locale":"en_US","og_type":"article","og_title":"TAMPON RECURAGE MOYEN \/10 | Pla-M Distributions","og_description":"Code: TU-3M97 Le tampon \u00e0 nettoyer pour travaux moyen est fabriqu\u00e9 avec un min\u00e9ral de grande qualit\u00e9 et avec des","og_url":"https:\/\/plamdistributions.com\/produit\/tampon-recurage-moyen-10\/","og_site_name":"Pla-M Distributions","article_publisher":"https:\/\/www.facebook.com\/displam\/","article_modified_time":"2024-01-17T16:33:49+00:00","og_image":[{"width":400,"height":400,"url":"https:\/\/plamdistributions.com\/wp-content\/uploads\/2021\/05\/TU-3M97.jpg","type":"image\/jpeg"}],"twitter_card":"summary_large_image","twitter_site":"@Displam","schema":{"@context":"https:\/\/schema.org","@graph":[{"@type":"WebPage","@id":"https:\/\/plamdistributions.com\/produit\/tampon-recurage-moyen-10\/","url":"https:\/\/plamdistributions.com\/produit\/tampon-recurage-moyen-10\/","name":"TAMPON RECURAGE MOYEN \/10 | Pla-M Distributions","isPartOf":{"@id":"https:\/\/plamdistributions.com\/#website"},"primaryImageOfPage":{"@id":"https:\/\/plamdistributions.com\/produit\/tampon-recurage-moyen-10\/#primaryimage"},"image":{"@id":"https:\/\/plamdistributions.com\/produit\/tampon-recurage-moyen-10\/#primaryimage"},"thumbnailUrl":"https:\/\/plamdistributions.com\/wp-content\/uploads\/2021\/05\/TU-3M97.jpg","datePublished":"2022-03-25T05:24:58+00:00","dateModified":"2024-01-17T16:33:49+00:00","breadcrumb":{"@id":"https:\/\/plamdistributions.com\/produit\/tampon-recurage-moyen-10\/#breadcrumb"},"inLanguage":"en-US","potentialAction":[{"@type":"ReadAction","target":["https:\/\/plamdistributions.com\/produit\/tampon-recurage-moyen-10\/"]}]},{"@type":"ImageObject","inLanguage":"en-US","@id":"https:\/\/plamdistributions.com\/produit\/tampon-recurage-moyen-10\/#primaryimage","url":"https:\/\/plamdistributions.com\/wp-content\/uploads\/2021\/05\/TU-3M97.jpg","contentUrl":"https:\/\/plamdistributions.com\/wp-content\/uploads\/2021\/05\/TU-3M97.jpg","width":400,"height":400,"caption":"TAMPON RECURAGE MOYEN \/10"},{"@type":"BreadcrumbList","@id":"https:\/\/plamdistributions.com\/produit\/tampon-recurage-moyen-10\/#breadcrumb","itemListElement":[{"@type":"ListItem","position":1,"name":"Accueil","item":"https:\/\/plamdistributions.com\/en\/"},{"@type":"ListItem","position":2,"name":"Shop","item":"https:\/\/plamdistributions.com\/en\/shop\/"},{"@type":"ListItem","position":3,"name":"TAMPON RECURAGE MOYEN \/10"}]},{"@type":"WebSite","@id":"https:\/\/plamdistributions.com\/#website","url":"https:\/\/plamdistributions.com\/","name":"Distributions Pla-M Inc.","description":"Sale of sanitary products and equipment","publisher":{"@id":"https:\/\/plamdistributions.com\/#organization"},"potentialAction":[{"@type":"SearchAction","target":{"@type":"EntryPoint","urlTemplate":"https:\/\/plamdistributions.com\/?s={search_term_string}"},"query-input":{"@type":"PropertyValueSpecification","valueRequired":true,"valueName":"search_term_string"}}],"inLanguage":"en-US"},{"@type":"Organization","@id":"https:\/\/plamdistributions.com\/#organization","name":"Distributions Pla-M","url":"https:\/\/plamdistributions.com\/","logo":{"@type":"ImageObject","inLanguage":"en-US","@id":"https:\/\/plamdistributions.com\/#\/schema\/logo\/image\/","url":"https:\/\/plamdistributions.com\/wp-content\/uploads\/2021\/05\/PLAM-SANS.png","contentUrl":"https:\/\/plamdistributions.com\/wp-content\/uploads\/2021\/05\/PLAM-SANS.png","width":289,"height":224,"caption":"Distributions Pla-M"},"image":{"@id":"https:\/\/plamdistributions.com\/#\/schema\/logo\/image\/"},"sameAs":["https:\/\/www.facebook.com\/displam\/","https:\/\/x.com\/Displam","https:\/\/www.youtube.com\/channel\/UCHmm3HCGnpGuaQ984quISDg"]}]}},"_links":{"self":[{"href":"https:\/\/plamdistributions.com\/en\/wp-json\/wp\/v2\/product\/36020","targetHints":{"allow":["GET"]}}],"collection":[{"href":"https:\/\/plamdistributions.com\/en\/wp-json\/wp\/v2\/product"}],"about":[{"href":"https:\/\/plamdistributions.com\/en\/wp-json\/wp\/v2\/types\/product"}],"replies":[{"embeddable":true,"href":"https:\/\/plamdistributions.com\/en\/wp-json\/wp\/v2\/comments?post=36020"}],"wp:featuredmedia":[{"embeddable":true,"href":"https:\/\/plamdistributions.com\/en\/wp-json\/wp\/v2\/media\/23105"}],"wp:attachment":[{"href":"https:\/\/plamdistributions.com\/en\/wp-json\/wp\/v2\/media?parent=36020"}],"wp:term":[{"taxonomy":"product_brand","embeddable":true,"href":"https:\/\/plamdistributions.com\/en\/wp-json\/wp\/v2\/product_brand?post=36020"},{"taxonomy":"product_cat","embeddable":true,"href":"https:\/\/plamdistributions.com\/en\/wp-json\/wp\/v2\/product_cat?post=36020"},{"taxonomy":"product_tag","embeddable":true,"href":"https:\/\/plamdistributions.com\/en\/wp-json\/wp\/v2\/product_tag?post=36020"}],"curies":[{"name":"wp","href":"https:\/\/api.w.org\/{rel}","templated":true}]}}