{"id":36029,"date":"2022-03-25T01:25:24","date_gmt":"2022-03-25T05:25:24","guid":{"rendered":"https:\/\/plamdistributions.com\/?post_type=product&#038;p=36029"},"modified":"2024-01-17T12:35:06","modified_gmt":"2024-01-17T16:35:06","slug":"detergent-lessive-he-turbulence-4l","status":"publish","type":"product","link":"https:\/\/plamdistributions.com\/en\/produit\/detergent-lessive-he-turbulence-4l\/","title":{"rendered":"D\u00c9TERGENT LESSIVE HE TURBULENCE 4L"},"content":{"rendered":"<p><strong>Code: TURBULENCE<\/strong><\/p>\n<p>D\u00e9tergent \u00e0 lessive liquide HE. Con\u00e7u pour les laveuses Haute Efficacit\u00e9, hautement concentr\u00e9, destin\u00e9 aux lavages les plus exigeants de niveau institutionnel, industriel, commercial et r\u00e9sidentiel. Aussi efficace dans les machines r\u00e9guli\u00e8res. Fait disparaitre les taches laiss\u00e9es par les huiles, vin, sauce, chocolat, grisaille, gazon. Parfum r\u00e9siduel plaisant et d\u00e9licat.<\/p>\n","protected":false},"excerpt":{"rendered":"<p>Code: TURBULENCE D\u00e9tergent \u00e0 lessive liquide HE. Con\u00e7u pour les laveuses Haute Efficacit\u00e9, hautement concentr\u00e9, destin\u00e9 aux lavages les plus<\/p>\n","protected":false},"featured_media":37528,"comment_status":"closed","ping_status":"closed","template":"","meta":[],"product_brand":[],"product_cat":[111,62],"product_tag":[],"class_list":{"0":"post-36029","1":"product","2":"type-product","3":"status-publish","4":"has-post-thumbnail","6":"product_cat-produits-buanderie","7":"product_cat-produits-dentretien-menager","9":"first","10":"onbackorder","11":"taxable","12":"shipping-taxable","13":"purchasable","14":"product-type-simple"},"yoast_head":"<!-- This site is optimized with the Yoast SEO plugin v27.4 - https:\/\/yoast.com\/product\/yoast-seo-wordpress\/ -->\n<title>D\u00c9TERGENT LESSIVE HE TURBULENCE 4L | Pla-M Distributions<\/title>\n<meta name=\"robots\" content=\"index, follow, max-snippet:-1, max-image-preview:large, max-video-preview:-1\" \/>\n<link rel=\"canonical\" href=\"https:\/\/plamdistributions.com\/produit\/detergent-lessive-he-turbulence-4l\/\" \/>\n<meta property=\"og:locale\" content=\"en_US\" \/>\n<meta property=\"og:type\" content=\"article\" \/>\n<meta property=\"og:title\" content=\"D\u00c9TERGENT LESSIVE HE TURBULENCE 4L | Pla-M Distributions\" \/>\n<meta property=\"og:description\" content=\"Code: TURBULENCE D\u00e9tergent \u00e0 lessive liquide HE. Con\u00e7u pour les laveuses Haute Efficacit\u00e9, hautement concentr\u00e9, destin\u00e9 aux lavages les plus\" \/>\n<meta property=\"og:url\" content=\"https:\/\/plamdistributions.com\/produit\/detergent-lessive-he-turbulence-4l\/\" \/>\n<meta property=\"og:site_name\" content=\"Pla-M Distributions\" \/>\n<meta property=\"article:publisher\" content=\"https:\/\/www.facebook.com\/displam\/\" \/>\n<meta property=\"article:modified_time\" content=\"2024-01-17T16:35:06+00:00\" \/>\n<meta property=\"og:image\" content=\"https:\/\/plamdistributions.com\/wp-content\/uploads\/2022\/03\/TURBULANCE4-detergent-lessive-he-liquide-parall-distributions-plam-quebec.jpg\" \/>\n\t<meta property=\"og:image:width\" content=\"700\" \/>\n\t<meta property=\"og:image:height\" content=\"700\" \/>\n\t<meta property=\"og:image:type\" content=\"image\/jpeg\" \/>\n<meta name=\"twitter:card\" content=\"summary_large_image\" \/>\n<meta name=\"twitter:site\" content=\"@Displam\" \/>\n<script type=\"application\/ld+json\" class=\"yoast-schema-graph\">{\"@context\":\"https:\\\/\\\/schema.org\",\"@graph\":[{\"@type\":\"WebPage\",\"@id\":\"https:\\\/\\\/plamdistributions.com\\\/produit\\\/detergent-lessive-he-turbulence-4l\\\/\",\"url\":\"https:\\\/\\\/plamdistributions.com\\\/produit\\\/detergent-lessive-he-turbulence-4l\\\/\",\"name\":\"D\u00c9TERGENT LESSIVE HE TURBULENCE 4L | Pla-M Distributions\",\"isPartOf\":{\"@id\":\"https:\\\/\\\/plamdistributions.com\\\/#website\"},\"primaryImageOfPage\":{\"@id\":\"https:\\\/\\\/plamdistributions.com\\\/produit\\\/detergent-lessive-he-turbulence-4l\\\/#primaryimage\"},\"image\":{\"@id\":\"https:\\\/\\\/plamdistributions.com\\\/produit\\\/detergent-lessive-he-turbulence-4l\\\/#primaryimage\"},\"thumbnailUrl\":\"https:\\\/\\\/plamdistributions.com\\\/wp-content\\\/uploads\\\/2022\\\/03\\\/TURBULANCE4-detergent-lessive-he-liquide-parall-distributions-plam-quebec.jpg\",\"datePublished\":\"2022-03-25T05:25:24+00:00\",\"dateModified\":\"2024-01-17T16:35:06+00:00\",\"breadcrumb\":{\"@id\":\"https:\\\/\\\/plamdistributions.com\\\/produit\\\/detergent-lessive-he-turbulence-4l\\\/#breadcrumb\"},\"inLanguage\":\"en-US\",\"potentialAction\":[{\"@type\":\"ReadAction\",\"target\":[\"https:\\\/\\\/plamdistributions.com\\\/produit\\\/detergent-lessive-he-turbulence-4l\\\/\"]}]},{\"@type\":\"ImageObject\",\"inLanguage\":\"en-US\",\"@id\":\"https:\\\/\\\/plamdistributions.com\\\/produit\\\/detergent-lessive-he-turbulence-4l\\\/#primaryimage\",\"url\":\"https:\\\/\\\/plamdistributions.com\\\/wp-content\\\/uploads\\\/2022\\\/03\\\/TURBULANCE4-detergent-lessive-he-liquide-parall-distributions-plam-quebec.jpg\",\"contentUrl\":\"https:\\\/\\\/plamdistributions.com\\\/wp-content\\\/uploads\\\/2022\\\/03\\\/TURBULANCE4-detergent-lessive-he-liquide-parall-distributions-plam-quebec.jpg\",\"width\":700,\"height\":700,\"caption\":\"D\u00c9TERGENT LESSIVE HE TURBULENCE 4 LITRES\"},{\"@type\":\"BreadcrumbList\",\"@id\":\"https:\\\/\\\/plamdistributions.com\\\/produit\\\/detergent-lessive-he-turbulence-4l\\\/#breadcrumb\",\"itemListElement\":[{\"@type\":\"ListItem\",\"position\":1,\"name\":\"Accueil\",\"item\":\"https:\\\/\\\/plamdistributions.com\\\/en\\\/\"},{\"@type\":\"ListItem\",\"position\":2,\"name\":\"Shop\",\"item\":\"https:\\\/\\\/plamdistributions.com\\\/en\\\/shop\\\/\"},{\"@type\":\"ListItem\",\"position\":3,\"name\":\"D\u00c9TERGENT LESSIVE HE TURBULENCE 4L\"}]},{\"@type\":\"WebSite\",\"@id\":\"https:\\\/\\\/plamdistributions.com\\\/#website\",\"url\":\"https:\\\/\\\/plamdistributions.com\\\/\",\"name\":\"Distributions Pla-M Inc.\",\"description\":\"Sale of sanitary products and equipment\",\"publisher\":{\"@id\":\"https:\\\/\\\/plamdistributions.com\\\/#organization\"},\"potentialAction\":[{\"@type\":\"SearchAction\",\"target\":{\"@type\":\"EntryPoint\",\"urlTemplate\":\"https:\\\/\\\/plamdistributions.com\\\/?s={search_term_string}\"},\"query-input\":{\"@type\":\"PropertyValueSpecification\",\"valueRequired\":true,\"valueName\":\"search_term_string\"}}],\"inLanguage\":\"en-US\"},{\"@type\":\"Organization\",\"@id\":\"https:\\\/\\\/plamdistributions.com\\\/#organization\",\"name\":\"Distributions Pla-M\",\"url\":\"https:\\\/\\\/plamdistributions.com\\\/\",\"logo\":{\"@type\":\"ImageObject\",\"inLanguage\":\"en-US\",\"@id\":\"https:\\\/\\\/plamdistributions.com\\\/#\\\/schema\\\/logo\\\/image\\\/\",\"url\":\"https:\\\/\\\/plamdistributions.com\\\/wp-content\\\/uploads\\\/2021\\\/05\\\/PLAM-SANS.png\",\"contentUrl\":\"https:\\\/\\\/plamdistributions.com\\\/wp-content\\\/uploads\\\/2021\\\/05\\\/PLAM-SANS.png\",\"width\":289,\"height\":224,\"caption\":\"Distributions Pla-M\"},\"image\":{\"@id\":\"https:\\\/\\\/plamdistributions.com\\\/#\\\/schema\\\/logo\\\/image\\\/\"},\"sameAs\":[\"https:\\\/\\\/www.facebook.com\\\/displam\\\/\",\"https:\\\/\\\/x.com\\\/Displam\",\"https:\\\/\\\/www.youtube.com\\\/channel\\\/UCHmm3HCGnpGuaQ984quISDg\"]}]}<\/script>\n<!-- \/ Yoast SEO plugin. -->","yoast_head_json":{"title":"D\u00c9TERGENT LESSIVE HE TURBULENCE 4L | Pla-M Distributions","robots":{"index":"index","follow":"follow","max-snippet":"max-snippet:-1","max-image-preview":"max-image-preview:large","max-video-preview":"max-video-preview:-1"},"canonical":"https:\/\/plamdistributions.com\/produit\/detergent-lessive-he-turbulence-4l\/","og_locale":"en_US","og_type":"article","og_title":"D\u00c9TERGENT LESSIVE HE TURBULENCE 4L | Pla-M Distributions","og_description":"Code: TURBULENCE D\u00e9tergent \u00e0 lessive liquide HE. Con\u00e7u pour les laveuses Haute Efficacit\u00e9, hautement concentr\u00e9, destin\u00e9 aux lavages les plus","og_url":"https:\/\/plamdistributions.com\/produit\/detergent-lessive-he-turbulence-4l\/","og_site_name":"Pla-M Distributions","article_publisher":"https:\/\/www.facebook.com\/displam\/","article_modified_time":"2024-01-17T16:35:06+00:00","og_image":[{"width":700,"height":700,"url":"https:\/\/plamdistributions.com\/wp-content\/uploads\/2022\/03\/TURBULANCE4-detergent-lessive-he-liquide-parall-distributions-plam-quebec.jpg","type":"image\/jpeg"}],"twitter_card":"summary_large_image","twitter_site":"@Displam","schema":{"@context":"https:\/\/schema.org","@graph":[{"@type":"WebPage","@id":"https:\/\/plamdistributions.com\/produit\/detergent-lessive-he-turbulence-4l\/","url":"https:\/\/plamdistributions.com\/produit\/detergent-lessive-he-turbulence-4l\/","name":"D\u00c9TERGENT LESSIVE HE TURBULENCE 4L | Pla-M Distributions","isPartOf":{"@id":"https:\/\/plamdistributions.com\/#website"},"primaryImageOfPage":{"@id":"https:\/\/plamdistributions.com\/produit\/detergent-lessive-he-turbulence-4l\/#primaryimage"},"image":{"@id":"https:\/\/plamdistributions.com\/produit\/detergent-lessive-he-turbulence-4l\/#primaryimage"},"thumbnailUrl":"https:\/\/plamdistributions.com\/wp-content\/uploads\/2022\/03\/TURBULANCE4-detergent-lessive-he-liquide-parall-distributions-plam-quebec.jpg","datePublished":"2022-03-25T05:25:24+00:00","dateModified":"2024-01-17T16:35:06+00:00","breadcrumb":{"@id":"https:\/\/plamdistributions.com\/produit\/detergent-lessive-he-turbulence-4l\/#breadcrumb"},"inLanguage":"en-US","potentialAction":[{"@type":"ReadAction","target":["https:\/\/plamdistributions.com\/produit\/detergent-lessive-he-turbulence-4l\/"]}]},{"@type":"ImageObject","inLanguage":"en-US","@id":"https:\/\/plamdistributions.com\/produit\/detergent-lessive-he-turbulence-4l\/#primaryimage","url":"https:\/\/plamdistributions.com\/wp-content\/uploads\/2022\/03\/TURBULANCE4-detergent-lessive-he-liquide-parall-distributions-plam-quebec.jpg","contentUrl":"https:\/\/plamdistributions.com\/wp-content\/uploads\/2022\/03\/TURBULANCE4-detergent-lessive-he-liquide-parall-distributions-plam-quebec.jpg","width":700,"height":700,"caption":"D\u00c9TERGENT LESSIVE HE TURBULENCE 4 LITRES"},{"@type":"BreadcrumbList","@id":"https:\/\/plamdistributions.com\/produit\/detergent-lessive-he-turbulence-4l\/#breadcrumb","itemListElement":[{"@type":"ListItem","position":1,"name":"Accueil","item":"https:\/\/plamdistributions.com\/en\/"},{"@type":"ListItem","position":2,"name":"Shop","item":"https:\/\/plamdistributions.com\/en\/shop\/"},{"@type":"ListItem","position":3,"name":"D\u00c9TERGENT LESSIVE HE TURBULENCE 4L"}]},{"@type":"WebSite","@id":"https:\/\/plamdistributions.com\/#website","url":"https:\/\/plamdistributions.com\/","name":"Distributions Pla-M Inc.","description":"Sale of sanitary products and equipment","publisher":{"@id":"https:\/\/plamdistributions.com\/#organization"},"potentialAction":[{"@type":"SearchAction","target":{"@type":"EntryPoint","urlTemplate":"https:\/\/plamdistributions.com\/?s={search_term_string}"},"query-input":{"@type":"PropertyValueSpecification","valueRequired":true,"valueName":"search_term_string"}}],"inLanguage":"en-US"},{"@type":"Organization","@id":"https:\/\/plamdistributions.com\/#organization","name":"Distributions Pla-M","url":"https:\/\/plamdistributions.com\/","logo":{"@type":"ImageObject","inLanguage":"en-US","@id":"https:\/\/plamdistributions.com\/#\/schema\/logo\/image\/","url":"https:\/\/plamdistributions.com\/wp-content\/uploads\/2021\/05\/PLAM-SANS.png","contentUrl":"https:\/\/plamdistributions.com\/wp-content\/uploads\/2021\/05\/PLAM-SANS.png","width":289,"height":224,"caption":"Distributions Pla-M"},"image":{"@id":"https:\/\/plamdistributions.com\/#\/schema\/logo\/image\/"},"sameAs":["https:\/\/www.facebook.com\/displam\/","https:\/\/x.com\/Displam","https:\/\/www.youtube.com\/channel\/UCHmm3HCGnpGuaQ984quISDg"]}]}},"_links":{"self":[{"href":"https:\/\/plamdistributions.com\/en\/wp-json\/wp\/v2\/product\/36029","targetHints":{"allow":["GET"]}}],"collection":[{"href":"https:\/\/plamdistributions.com\/en\/wp-json\/wp\/v2\/product"}],"about":[{"href":"https:\/\/plamdistributions.com\/en\/wp-json\/wp\/v2\/types\/product"}],"replies":[{"embeddable":true,"href":"https:\/\/plamdistributions.com\/en\/wp-json\/wp\/v2\/comments?post=36029"}],"wp:featuredmedia":[{"embeddable":true,"href":"https:\/\/plamdistributions.com\/en\/wp-json\/wp\/v2\/media\/37528"}],"wp:attachment":[{"href":"https:\/\/plamdistributions.com\/en\/wp-json\/wp\/v2\/media?parent=36029"}],"wp:term":[{"taxonomy":"product_brand","embeddable":true,"href":"https:\/\/plamdistributions.com\/en\/wp-json\/wp\/v2\/product_brand?post=36029"},{"taxonomy":"product_cat","embeddable":true,"href":"https:\/\/plamdistributions.com\/en\/wp-json\/wp\/v2\/product_cat?post=36029"},{"taxonomy":"product_tag","embeddable":true,"href":"https:\/\/plamdistributions.com\/en\/wp-json\/wp\/v2\/product_tag?post=36029"}],"curies":[{"name":"wp","href":"https:\/\/api.w.org\/{rel}","templated":true}]}}