{"id":36085,"date":"2022-03-25T01:27:50","date_gmt":"2022-03-25T05:27:50","guid":{"rendered":"https:\/\/plamdistributions.com\/?post_type=product&#038;p=36085"},"modified":"2026-04-16T07:14:26","modified_gmt":"2026-04-16T11:14:26","slug":"savon-main-sans-eau-orangel-pierre-ponce-3-6lts","status":"publish","type":"product","link":"https:\/\/plamdistributions.com\/en\/produit\/savon-main-sans-eau-orangel-pierre-ponce-3-6lts\/","title":{"rendered":"SAVON MAIN SANS EAU ORANGEL PIERRE PONCE 3.6LTS"},"content":{"rendered":"<p><strong>Code: UNICAO<\/strong><\/p>\n<p>Nettoyant \u00e0 mains en lotion blanche avec abrasif pierre ponce, \u00e0 base de solvant d\u2019agrumes, pouvant \u00eatre employ\u00e9 avec ou sans eau. Il d\u00e9loge rapidement et naturellement les taches les plus tenaces telles que : rouille, graisse, peinture, goudron, ur\u00e9thane, charbon, vernis, gomme d\u2019\u00e9pinette, mastic, carbone, r\u00e9sine, ciment, adh\u00e9sifs, encre d\u2019imprimerie. Il est tr\u00e8s efficace aussi pour les taches sur les v\u00eatements et cuirette d\u2019autos. Sa formule unique combine le pouvoir nettoyant exceptionnel de l\u2019huile d\u2019orange avec les effets r\u00e9curant de la pierre ponce. Vient dans un format pratique avec pompe.<\/p>\n<p><strong>\u2713 Fabricant: Unica Canada<\/strong><\/p>\n","protected":false},"excerpt":{"rendered":"<p>Code: UNICAO Nettoyant \u00e0 mains en lotion blanche avec abrasif pierre ponce, \u00e0 base de solvant d\u2019agrumes, pouvant \u00eatre employ\u00e9<\/p>\n","protected":false},"featured_media":37339,"comment_status":"closed","ping_status":"closed","template":"","meta":[],"product_brand":[],"product_cat":[62,104],"product_tag":[],"class_list":{"0":"post-36085","1":"product","2":"type-product","3":"status-publish","4":"has-post-thumbnail","6":"product_cat-produits-dentretien-menager","7":"product_cat-soins-de-la-peau","9":"first","10":"instock","11":"taxable","12":"shipping-taxable","13":"purchasable","14":"product-type-simple"},"yoast_head":"<!-- This site is optimized with the Yoast SEO plugin v27.4 - https:\/\/yoast.com\/product\/yoast-seo-wordpress\/ -->\n<title>SAVON MAIN SANS EAU ORANGEL PIERRE PONCE 3.6LTS | Pla-M Distributions<\/title>\n<meta name=\"robots\" content=\"index, follow, max-snippet:-1, max-image-preview:large, max-video-preview:-1\" \/>\n<link rel=\"canonical\" href=\"https:\/\/plamdistributions.com\/en\/produit\/savon-main-sans-eau-orangel-pierre-ponce-3-6lts\/\" \/>\n<meta property=\"og:locale\" content=\"en_US\" \/>\n<meta property=\"og:type\" content=\"article\" \/>\n<meta property=\"og:title\" content=\"SAVON MAIN SANS EAU ORANGEL PIERRE PONCE 3.6LTS | Pla-M Distributions\" \/>\n<meta property=\"og:description\" content=\"Code: UNICAO Nettoyant \u00e0 mains en lotion blanche avec abrasif pierre ponce, \u00e0 base de solvant d\u2019agrumes, pouvant \u00eatre employ\u00e9\" \/>\n<meta property=\"og:url\" content=\"https:\/\/plamdistributions.com\/en\/produit\/savon-main-sans-eau-orangel-pierre-ponce-3-6lts\/\" \/>\n<meta property=\"og:site_name\" content=\"Pla-M Distributions\" \/>\n<meta property=\"article:publisher\" content=\"https:\/\/www.facebook.com\/displam\/\" \/>\n<meta property=\"article:modified_time\" content=\"2026-04-16T11:14:26+00:00\" \/>\n<meta property=\"og:image\" content=\"https:\/\/plamdistributions.com\/wp-content\/uploads\/2022\/03\/UNICAO-ORANGEL-Nettoyant-a-mains-en-lotion-blanche.jpg\" \/>\n\t<meta property=\"og:image:width\" content=\"700\" \/>\n\t<meta property=\"og:image:height\" content=\"700\" \/>\n\t<meta property=\"og:image:type\" content=\"image\/jpeg\" \/>\n<meta name=\"twitter:card\" content=\"summary_large_image\" \/>\n<meta name=\"twitter:site\" content=\"@Displam\" \/>\n<meta name=\"twitter:label1\" content=\"Est. reading time\" \/>\n\t<meta name=\"twitter:data1\" content=\"1 minute\" \/>\n<script type=\"application\/ld+json\" class=\"yoast-schema-graph\">{\"@context\":\"https:\\\/\\\/schema.org\",\"@graph\":[{\"@type\":\"WebPage\",\"@id\":\"https:\\\/\\\/plamdistributions.com\\\/en\\\/produit\\\/savon-main-sans-eau-orangel-pierre-ponce-3-6lts\\\/\",\"url\":\"https:\\\/\\\/plamdistributions.com\\\/en\\\/produit\\\/savon-main-sans-eau-orangel-pierre-ponce-3-6lts\\\/\",\"name\":\"SAVON MAIN SANS EAU ORANGEL PIERRE PONCE 3.6LTS | Pla-M Distributions\",\"isPartOf\":{\"@id\":\"https:\\\/\\\/plamdistributions.com\\\/en\\\/#website\"},\"primaryImageOfPage\":{\"@id\":\"https:\\\/\\\/plamdistributions.com\\\/en\\\/produit\\\/savon-main-sans-eau-orangel-pierre-ponce-3-6lts\\\/#primaryimage\"},\"image\":{\"@id\":\"https:\\\/\\\/plamdistributions.com\\\/en\\\/produit\\\/savon-main-sans-eau-orangel-pierre-ponce-3-6lts\\\/#primaryimage\"},\"thumbnailUrl\":\"https:\\\/\\\/plamdistributions.com\\\/wp-content\\\/uploads\\\/2022\\\/03\\\/UNICAO-ORANGEL-Nettoyant-a-mains-en-lotion-blanche.jpg\",\"datePublished\":\"2022-03-25T05:27:50+00:00\",\"dateModified\":\"2026-04-16T11:14:26+00:00\",\"breadcrumb\":{\"@id\":\"https:\\\/\\\/plamdistributions.com\\\/en\\\/produit\\\/savon-main-sans-eau-orangel-pierre-ponce-3-6lts\\\/#breadcrumb\"},\"inLanguage\":\"en-US\",\"potentialAction\":[{\"@type\":\"ReadAction\",\"target\":[\"https:\\\/\\\/plamdistributions.com\\\/en\\\/produit\\\/savon-main-sans-eau-orangel-pierre-ponce-3-6lts\\\/\"]}]},{\"@type\":\"ImageObject\",\"inLanguage\":\"en-US\",\"@id\":\"https:\\\/\\\/plamdistributions.com\\\/en\\\/produit\\\/savon-main-sans-eau-orangel-pierre-ponce-3-6lts\\\/#primaryimage\",\"url\":\"https:\\\/\\\/plamdistributions.com\\\/wp-content\\\/uploads\\\/2022\\\/03\\\/UNICAO-ORANGEL-Nettoyant-a-mains-en-lotion-blanche.jpg\",\"contentUrl\":\"https:\\\/\\\/plamdistributions.com\\\/wp-content\\\/uploads\\\/2022\\\/03\\\/UNICAO-ORANGEL-Nettoyant-a-mains-en-lotion-blanche.jpg\",\"width\":700,\"height\":700,\"caption\":\"SAVON MAIN SANS EAU ORANGEL PIERRE PONCE 3.6LTS\"},{\"@type\":\"BreadcrumbList\",\"@id\":\"https:\\\/\\\/plamdistributions.com\\\/en\\\/produit\\\/savon-main-sans-eau-orangel-pierre-ponce-3-6lts\\\/#breadcrumb\",\"itemListElement\":[{\"@type\":\"ListItem\",\"position\":1,\"name\":\"Accueil\",\"item\":\"https:\\\/\\\/plamdistributions.com\\\/en\\\/\"},{\"@type\":\"ListItem\",\"position\":2,\"name\":\"Shop\",\"item\":\"https:\\\/\\\/plamdistributions.com\\\/en\\\/shop\\\/\"},{\"@type\":\"ListItem\",\"position\":3,\"name\":\"SAVON MAIN SANS EAU ORANGEL PIERRE PONCE 3.6LTS\"}]},{\"@type\":\"WebSite\",\"@id\":\"https:\\\/\\\/plamdistributions.com\\\/en\\\/#website\",\"url\":\"https:\\\/\\\/plamdistributions.com\\\/en\\\/\",\"name\":\"Distributions Pla-M Inc.\",\"description\":\"Sale of sanitary products and equipment\",\"publisher\":{\"@id\":\"https:\\\/\\\/plamdistributions.com\\\/en\\\/#organization\"},\"potentialAction\":[{\"@type\":\"SearchAction\",\"target\":{\"@type\":\"EntryPoint\",\"urlTemplate\":\"https:\\\/\\\/plamdistributions.com\\\/en\\\/?s={search_term_string}\"},\"query-input\":{\"@type\":\"PropertyValueSpecification\",\"valueRequired\":true,\"valueName\":\"search_term_string\"}}],\"inLanguage\":\"en-US\"},{\"@type\":\"Organization\",\"@id\":\"https:\\\/\\\/plamdistributions.com\\\/en\\\/#organization\",\"name\":\"Distributions Pla-M\",\"url\":\"https:\\\/\\\/plamdistributions.com\\\/en\\\/\",\"logo\":{\"@type\":\"ImageObject\",\"inLanguage\":\"en-US\",\"@id\":\"https:\\\/\\\/plamdistributions.com\\\/en\\\/#\\\/schema\\\/logo\\\/image\\\/\",\"url\":\"https:\\\/\\\/plamdistributions.com\\\/wp-content\\\/uploads\\\/2021\\\/05\\\/PLAM-SANS.png\",\"contentUrl\":\"https:\\\/\\\/plamdistributions.com\\\/wp-content\\\/uploads\\\/2021\\\/05\\\/PLAM-SANS.png\",\"width\":289,\"height\":224,\"caption\":\"Distributions Pla-M\"},\"image\":{\"@id\":\"https:\\\/\\\/plamdistributions.com\\\/en\\\/#\\\/schema\\\/logo\\\/image\\\/\"},\"sameAs\":[\"https:\\\/\\\/www.facebook.com\\\/displam\\\/\",\"https:\\\/\\\/x.com\\\/Displam\",\"https:\\\/\\\/www.youtube.com\\\/channel\\\/UCHmm3HCGnpGuaQ984quISDg\"]}]}<\/script>\n<!-- \/ Yoast SEO plugin. -->","yoast_head_json":{"title":"SAVON MAIN SANS EAU ORANGEL PIERRE PONCE 3.6LTS | Pla-M Distributions","robots":{"index":"index","follow":"follow","max-snippet":"max-snippet:-1","max-image-preview":"max-image-preview:large","max-video-preview":"max-video-preview:-1"},"canonical":"https:\/\/plamdistributions.com\/en\/produit\/savon-main-sans-eau-orangel-pierre-ponce-3-6lts\/","og_locale":"en_US","og_type":"article","og_title":"SAVON MAIN SANS EAU ORANGEL PIERRE PONCE 3.6LTS | Pla-M Distributions","og_description":"Code: UNICAO Nettoyant \u00e0 mains en lotion blanche avec abrasif pierre ponce, \u00e0 base de solvant d\u2019agrumes, pouvant \u00eatre employ\u00e9","og_url":"https:\/\/plamdistributions.com\/en\/produit\/savon-main-sans-eau-orangel-pierre-ponce-3-6lts\/","og_site_name":"Pla-M Distributions","article_publisher":"https:\/\/www.facebook.com\/displam\/","article_modified_time":"2026-04-16T11:14:26+00:00","og_image":[{"width":700,"height":700,"url":"https:\/\/plamdistributions.com\/wp-content\/uploads\/2022\/03\/UNICAO-ORANGEL-Nettoyant-a-mains-en-lotion-blanche.jpg","type":"image\/jpeg"}],"twitter_card":"summary_large_image","twitter_site":"@Displam","twitter_misc":{"Est. reading time":"1 minute"},"schema":{"@context":"https:\/\/schema.org","@graph":[{"@type":"WebPage","@id":"https:\/\/plamdistributions.com\/en\/produit\/savon-main-sans-eau-orangel-pierre-ponce-3-6lts\/","url":"https:\/\/plamdistributions.com\/en\/produit\/savon-main-sans-eau-orangel-pierre-ponce-3-6lts\/","name":"SAVON MAIN SANS EAU ORANGEL PIERRE PONCE 3.6LTS | Pla-M Distributions","isPartOf":{"@id":"https:\/\/plamdistributions.com\/en\/#website"},"primaryImageOfPage":{"@id":"https:\/\/plamdistributions.com\/en\/produit\/savon-main-sans-eau-orangel-pierre-ponce-3-6lts\/#primaryimage"},"image":{"@id":"https:\/\/plamdistributions.com\/en\/produit\/savon-main-sans-eau-orangel-pierre-ponce-3-6lts\/#primaryimage"},"thumbnailUrl":"https:\/\/plamdistributions.com\/wp-content\/uploads\/2022\/03\/UNICAO-ORANGEL-Nettoyant-a-mains-en-lotion-blanche.jpg","datePublished":"2022-03-25T05:27:50+00:00","dateModified":"2026-04-16T11:14:26+00:00","breadcrumb":{"@id":"https:\/\/plamdistributions.com\/en\/produit\/savon-main-sans-eau-orangel-pierre-ponce-3-6lts\/#breadcrumb"},"inLanguage":"en-US","potentialAction":[{"@type":"ReadAction","target":["https:\/\/plamdistributions.com\/en\/produit\/savon-main-sans-eau-orangel-pierre-ponce-3-6lts\/"]}]},{"@type":"ImageObject","inLanguage":"en-US","@id":"https:\/\/plamdistributions.com\/en\/produit\/savon-main-sans-eau-orangel-pierre-ponce-3-6lts\/#primaryimage","url":"https:\/\/plamdistributions.com\/wp-content\/uploads\/2022\/03\/UNICAO-ORANGEL-Nettoyant-a-mains-en-lotion-blanche.jpg","contentUrl":"https:\/\/plamdistributions.com\/wp-content\/uploads\/2022\/03\/UNICAO-ORANGEL-Nettoyant-a-mains-en-lotion-blanche.jpg","width":700,"height":700,"caption":"SAVON MAIN SANS EAU ORANGEL PIERRE PONCE 3.6LTS"},{"@type":"BreadcrumbList","@id":"https:\/\/plamdistributions.com\/en\/produit\/savon-main-sans-eau-orangel-pierre-ponce-3-6lts\/#breadcrumb","itemListElement":[{"@type":"ListItem","position":1,"name":"Accueil","item":"https:\/\/plamdistributions.com\/en\/"},{"@type":"ListItem","position":2,"name":"Shop","item":"https:\/\/plamdistributions.com\/en\/shop\/"},{"@type":"ListItem","position":3,"name":"SAVON MAIN SANS EAU ORANGEL PIERRE PONCE 3.6LTS"}]},{"@type":"WebSite","@id":"https:\/\/plamdistributions.com\/en\/#website","url":"https:\/\/plamdistributions.com\/en\/","name":"Distributions Pla-M Inc.","description":"Sale of sanitary products and equipment","publisher":{"@id":"https:\/\/plamdistributions.com\/en\/#organization"},"potentialAction":[{"@type":"SearchAction","target":{"@type":"EntryPoint","urlTemplate":"https:\/\/plamdistributions.com\/en\/?s={search_term_string}"},"query-input":{"@type":"PropertyValueSpecification","valueRequired":true,"valueName":"search_term_string"}}],"inLanguage":"en-US"},{"@type":"Organization","@id":"https:\/\/plamdistributions.com\/en\/#organization","name":"Distributions Pla-M","url":"https:\/\/plamdistributions.com\/en\/","logo":{"@type":"ImageObject","inLanguage":"en-US","@id":"https:\/\/plamdistributions.com\/en\/#\/schema\/logo\/image\/","url":"https:\/\/plamdistributions.com\/wp-content\/uploads\/2021\/05\/PLAM-SANS.png","contentUrl":"https:\/\/plamdistributions.com\/wp-content\/uploads\/2021\/05\/PLAM-SANS.png","width":289,"height":224,"caption":"Distributions Pla-M"},"image":{"@id":"https:\/\/plamdistributions.com\/en\/#\/schema\/logo\/image\/"},"sameAs":["https:\/\/www.facebook.com\/displam\/","https:\/\/x.com\/Displam","https:\/\/www.youtube.com\/channel\/UCHmm3HCGnpGuaQ984quISDg"]}]}},"_links":{"self":[{"href":"https:\/\/plamdistributions.com\/en\/wp-json\/wp\/v2\/product\/36085","targetHints":{"allow":["GET"]}}],"collection":[{"href":"https:\/\/plamdistributions.com\/en\/wp-json\/wp\/v2\/product"}],"about":[{"href":"https:\/\/plamdistributions.com\/en\/wp-json\/wp\/v2\/types\/product"}],"replies":[{"embeddable":true,"href":"https:\/\/plamdistributions.com\/en\/wp-json\/wp\/v2\/comments?post=36085"}],"wp:featuredmedia":[{"embeddable":true,"href":"https:\/\/plamdistributions.com\/en\/wp-json\/wp\/v2\/media\/37339"}],"wp:attachment":[{"href":"https:\/\/plamdistributions.com\/en\/wp-json\/wp\/v2\/media?parent=36085"}],"wp:term":[{"taxonomy":"product_brand","embeddable":true,"href":"https:\/\/plamdistributions.com\/en\/wp-json\/wp\/v2\/product_brand?post=36085"},{"taxonomy":"product_cat","embeddable":true,"href":"https:\/\/plamdistributions.com\/en\/wp-json\/wp\/v2\/product_cat?post=36085"},{"taxonomy":"product_tag","embeddable":true,"href":"https:\/\/plamdistributions.com\/en\/wp-json\/wp\/v2\/product_tag?post=36085"}],"curies":[{"name":"wp","href":"https:\/\/api.w.org\/{rel}","templated":true}]}}