{"id":40330,"date":"2023-10-03T08:20:58","date_gmt":"2023-10-03T12:20:58","guid":{"rendered":"https:\/\/plamdistributions.com\/?post_type=product&#038;p=40330"},"modified":"2023-10-03T08:20:58","modified_gmt":"2023-10-03T12:20:58","slug":"ensemble-de-vadrouille-en-x-avec-tampons-microfibres","status":"publish","type":"product","link":"https:\/\/plamdistributions.com\/en\/produit\/ensemble-de-vadrouille-en-x-avec-tampons-microfibres\/","title":{"rendered":"ENSEMBLE DE VADROUILLE EN X AVEC TAMPONS MICROFIBRES"},"content":{"rendered":"<h3>Vadrouille de type X avec 3 tampons en microfibre r\u00e9utilisables<\/h3>\n<p>Ensemble de vadrouille et de 3 tampons en microfibre r\u00e9utilisables gris id\u00e9al pour vos planchers. La brosse int\u00e9gr\u00e9e permet de r\u00e9curer les joints du carrelage pour des r\u00e9sidus ou des taches plus tenaces. Les tampons sont aussi disponibles s\u00e9par\u00e9ment pour un minimum d&#8217;achat de 5 unit\u00e9s \u00e0 la fois (OST51240000).<\/p>\n<ul>\n<li>Facilement essorable<\/li>\n<\/ul>\n<p>&nbsp;<\/p>\n<ul>\n<li>Rotation universel<\/li>\n<\/ul>\n<p>&nbsp;<\/p>\n<ul>\n<li>Nettoyage \u00e0 360\u00b0<\/li>\n<\/ul>\n","protected":false},"excerpt":{"rendered":"<p>Vadrouille de type X avec 3 tampons en microfibre r\u00e9utilisables Ensemble de vadrouille et de 3 tampons en microfibre r\u00e9utilisables<\/p>\n","protected":false},"featured_media":40331,"comment_status":"open","ping_status":"closed","template":"","meta":[],"product_brand":[],"product_cat":[473,1361],"product_tag":[],"class_list":{"0":"post-40330","1":"product","2":"type-product","3":"status-publish","4":"has-post-thumbnail","6":"product_cat-moppes","7":"product_cat-produits-industriels","9":"first","10":"instock","11":"sale","12":"taxable","13":"shipping-taxable","14":"purchasable","15":"product-type-simple"},"yoast_head":"<!-- This site is optimized with the Yoast SEO plugin v27.4 - https:\/\/yoast.com\/product\/yoast-seo-wordpress\/ -->\n<title>ENSEMBLE DE VADROUILLE EN X AVEC TAMPONS MICROFIBRES | Pla-M Distributions<\/title>\n<meta name=\"robots\" content=\"index, follow, max-snippet:-1, max-image-preview:large, max-video-preview:-1\" \/>\n<link rel=\"canonical\" href=\"https:\/\/plamdistributions.com\/en\/produit\/ensemble-de-vadrouille-en-x-avec-tampons-microfibres\/\" \/>\n<meta property=\"og:locale\" content=\"en_US\" \/>\n<meta property=\"og:type\" content=\"article\" \/>\n<meta property=\"og:title\" content=\"ENSEMBLE DE VADROUILLE EN X AVEC TAMPONS MICROFIBRES | Pla-M Distributions\" \/>\n<meta property=\"og:description\" content=\"Vadrouille de type X avec 3 tampons en microfibre r\u00e9utilisables Ensemble de vadrouille et de 3 tampons en microfibre r\u00e9utilisables\" \/>\n<meta property=\"og:url\" content=\"https:\/\/plamdistributions.com\/en\/produit\/ensemble-de-vadrouille-en-x-avec-tampons-microfibres\/\" \/>\n<meta property=\"og:site_name\" content=\"Pla-M Distributions\" \/>\n<meta property=\"article:publisher\" content=\"https:\/\/www.facebook.com\/displam\/\" \/>\n<meta property=\"og:image\" content=\"https:\/\/plamdistributions.com\/wp-content\/uploads\/2023\/10\/OST9005.jpg\" \/>\n\t<meta property=\"og:image:width\" content=\"168\" \/>\n\t<meta property=\"og:image:height\" content=\"605\" \/>\n\t<meta property=\"og:image:type\" content=\"image\/jpeg\" \/>\n<meta name=\"twitter:card\" content=\"summary_large_image\" \/>\n<meta name=\"twitter:site\" content=\"@Displam\" \/>\n<script type=\"application\/ld+json\" class=\"yoast-schema-graph\">{\"@context\":\"https:\\\/\\\/schema.org\",\"@graph\":[{\"@type\":\"WebPage\",\"@id\":\"https:\\\/\\\/plamdistributions.com\\\/en\\\/produit\\\/ensemble-de-vadrouille-en-x-avec-tampons-microfibres\\\/\",\"url\":\"https:\\\/\\\/plamdistributions.com\\\/en\\\/produit\\\/ensemble-de-vadrouille-en-x-avec-tampons-microfibres\\\/\",\"name\":\"ENSEMBLE DE VADROUILLE EN X AVEC TAMPONS MICROFIBRES | Pla-M Distributions\",\"isPartOf\":{\"@id\":\"https:\\\/\\\/plamdistributions.com\\\/#website\"},\"primaryImageOfPage\":{\"@id\":\"https:\\\/\\\/plamdistributions.com\\\/en\\\/produit\\\/ensemble-de-vadrouille-en-x-avec-tampons-microfibres\\\/#primaryimage\"},\"image\":{\"@id\":\"https:\\\/\\\/plamdistributions.com\\\/en\\\/produit\\\/ensemble-de-vadrouille-en-x-avec-tampons-microfibres\\\/#primaryimage\"},\"thumbnailUrl\":\"https:\\\/\\\/plamdistributions.com\\\/wp-content\\\/uploads\\\/2023\\\/10\\\/OST9005.jpg\",\"datePublished\":\"2023-10-03T12:20:58+00:00\",\"breadcrumb\":{\"@id\":\"https:\\\/\\\/plamdistributions.com\\\/en\\\/produit\\\/ensemble-de-vadrouille-en-x-avec-tampons-microfibres\\\/#breadcrumb\"},\"inLanguage\":\"en-US\",\"potentialAction\":[{\"@type\":\"ReadAction\",\"target\":[\"https:\\\/\\\/plamdistributions.com\\\/en\\\/produit\\\/ensemble-de-vadrouille-en-x-avec-tampons-microfibres\\\/\"]}]},{\"@type\":\"ImageObject\",\"inLanguage\":\"en-US\",\"@id\":\"https:\\\/\\\/plamdistributions.com\\\/en\\\/produit\\\/ensemble-de-vadrouille-en-x-avec-tampons-microfibres\\\/#primaryimage\",\"url\":\"https:\\\/\\\/plamdistributions.com\\\/wp-content\\\/uploads\\\/2023\\\/10\\\/OST9005.jpg\",\"contentUrl\":\"https:\\\/\\\/plamdistributions.com\\\/wp-content\\\/uploads\\\/2023\\\/10\\\/OST9005.jpg\",\"width\":168,\"height\":605},{\"@type\":\"BreadcrumbList\",\"@id\":\"https:\\\/\\\/plamdistributions.com\\\/en\\\/produit\\\/ensemble-de-vadrouille-en-x-avec-tampons-microfibres\\\/#breadcrumb\",\"itemListElement\":[{\"@type\":\"ListItem\",\"position\":1,\"name\":\"Accueil\",\"item\":\"https:\\\/\\\/plamdistributions.com\\\/en\\\/\"},{\"@type\":\"ListItem\",\"position\":2,\"name\":\"Shop\",\"item\":\"https:\\\/\\\/plamdistributions.com\\\/en\\\/shop\\\/\"},{\"@type\":\"ListItem\",\"position\":3,\"name\":\"ENSEMBLE DE VADROUILLE EN X AVEC TAMPONS MICROFIBRES\"}]},{\"@type\":\"WebSite\",\"@id\":\"https:\\\/\\\/plamdistributions.com\\\/#website\",\"url\":\"https:\\\/\\\/plamdistributions.com\\\/\",\"name\":\"Distributions Pla-M Inc.\",\"description\":\"Sale of sanitary products and equipment\",\"publisher\":{\"@id\":\"https:\\\/\\\/plamdistributions.com\\\/#organization\"},\"potentialAction\":[{\"@type\":\"SearchAction\",\"target\":{\"@type\":\"EntryPoint\",\"urlTemplate\":\"https:\\\/\\\/plamdistributions.com\\\/?s={search_term_string}\"},\"query-input\":{\"@type\":\"PropertyValueSpecification\",\"valueRequired\":true,\"valueName\":\"search_term_string\"}}],\"inLanguage\":\"en-US\"},{\"@type\":\"Organization\",\"@id\":\"https:\\\/\\\/plamdistributions.com\\\/#organization\",\"name\":\"Distributions Pla-M\",\"url\":\"https:\\\/\\\/plamdistributions.com\\\/\",\"logo\":{\"@type\":\"ImageObject\",\"inLanguage\":\"en-US\",\"@id\":\"https:\\\/\\\/plamdistributions.com\\\/#\\\/schema\\\/logo\\\/image\\\/\",\"url\":\"https:\\\/\\\/plamdistributions.com\\\/wp-content\\\/uploads\\\/2021\\\/05\\\/PLAM-SANS.png\",\"contentUrl\":\"https:\\\/\\\/plamdistributions.com\\\/wp-content\\\/uploads\\\/2021\\\/05\\\/PLAM-SANS.png\",\"width\":289,\"height\":224,\"caption\":\"Distributions Pla-M\"},\"image\":{\"@id\":\"https:\\\/\\\/plamdistributions.com\\\/#\\\/schema\\\/logo\\\/image\\\/\"},\"sameAs\":[\"https:\\\/\\\/www.facebook.com\\\/displam\\\/\",\"https:\\\/\\\/x.com\\\/Displam\",\"https:\\\/\\\/www.youtube.com\\\/channel\\\/UCHmm3HCGnpGuaQ984quISDg\"]}]}<\/script>\n<!-- \/ Yoast SEO plugin. -->","yoast_head_json":{"title":"ENSEMBLE DE VADROUILLE EN X AVEC TAMPONS MICROFIBRES | Pla-M Distributions","robots":{"index":"index","follow":"follow","max-snippet":"max-snippet:-1","max-image-preview":"max-image-preview:large","max-video-preview":"max-video-preview:-1"},"canonical":"https:\/\/plamdistributions.com\/en\/produit\/ensemble-de-vadrouille-en-x-avec-tampons-microfibres\/","og_locale":"en_US","og_type":"article","og_title":"ENSEMBLE DE VADROUILLE EN X AVEC TAMPONS MICROFIBRES | Pla-M Distributions","og_description":"Vadrouille de type X avec 3 tampons en microfibre r\u00e9utilisables Ensemble de vadrouille et de 3 tampons en microfibre r\u00e9utilisables","og_url":"https:\/\/plamdistributions.com\/en\/produit\/ensemble-de-vadrouille-en-x-avec-tampons-microfibres\/","og_site_name":"Pla-M Distributions","article_publisher":"https:\/\/www.facebook.com\/displam\/","og_image":[{"width":168,"height":605,"url":"https:\/\/plamdistributions.com\/wp-content\/uploads\/2023\/10\/OST9005.jpg","type":"image\/jpeg"}],"twitter_card":"summary_large_image","twitter_site":"@Displam","schema":{"@context":"https:\/\/schema.org","@graph":[{"@type":"WebPage","@id":"https:\/\/plamdistributions.com\/en\/produit\/ensemble-de-vadrouille-en-x-avec-tampons-microfibres\/","url":"https:\/\/plamdistributions.com\/en\/produit\/ensemble-de-vadrouille-en-x-avec-tampons-microfibres\/","name":"ENSEMBLE DE VADROUILLE EN X AVEC TAMPONS MICROFIBRES | Pla-M Distributions","isPartOf":{"@id":"https:\/\/plamdistributions.com\/#website"},"primaryImageOfPage":{"@id":"https:\/\/plamdistributions.com\/en\/produit\/ensemble-de-vadrouille-en-x-avec-tampons-microfibres\/#primaryimage"},"image":{"@id":"https:\/\/plamdistributions.com\/en\/produit\/ensemble-de-vadrouille-en-x-avec-tampons-microfibres\/#primaryimage"},"thumbnailUrl":"https:\/\/plamdistributions.com\/wp-content\/uploads\/2023\/10\/OST9005.jpg","datePublished":"2023-10-03T12:20:58+00:00","breadcrumb":{"@id":"https:\/\/plamdistributions.com\/en\/produit\/ensemble-de-vadrouille-en-x-avec-tampons-microfibres\/#breadcrumb"},"inLanguage":"en-US","potentialAction":[{"@type":"ReadAction","target":["https:\/\/plamdistributions.com\/en\/produit\/ensemble-de-vadrouille-en-x-avec-tampons-microfibres\/"]}]},{"@type":"ImageObject","inLanguage":"en-US","@id":"https:\/\/plamdistributions.com\/en\/produit\/ensemble-de-vadrouille-en-x-avec-tampons-microfibres\/#primaryimage","url":"https:\/\/plamdistributions.com\/wp-content\/uploads\/2023\/10\/OST9005.jpg","contentUrl":"https:\/\/plamdistributions.com\/wp-content\/uploads\/2023\/10\/OST9005.jpg","width":168,"height":605},{"@type":"BreadcrumbList","@id":"https:\/\/plamdistributions.com\/en\/produit\/ensemble-de-vadrouille-en-x-avec-tampons-microfibres\/#breadcrumb","itemListElement":[{"@type":"ListItem","position":1,"name":"Accueil","item":"https:\/\/plamdistributions.com\/en\/"},{"@type":"ListItem","position":2,"name":"Shop","item":"https:\/\/plamdistributions.com\/en\/shop\/"},{"@type":"ListItem","position":3,"name":"ENSEMBLE DE VADROUILLE EN X AVEC TAMPONS MICROFIBRES"}]},{"@type":"WebSite","@id":"https:\/\/plamdistributions.com\/#website","url":"https:\/\/plamdistributions.com\/","name":"Distributions Pla-M Inc.","description":"Sale of sanitary products and equipment","publisher":{"@id":"https:\/\/plamdistributions.com\/#organization"},"potentialAction":[{"@type":"SearchAction","target":{"@type":"EntryPoint","urlTemplate":"https:\/\/plamdistributions.com\/?s={search_term_string}"},"query-input":{"@type":"PropertyValueSpecification","valueRequired":true,"valueName":"search_term_string"}}],"inLanguage":"en-US"},{"@type":"Organization","@id":"https:\/\/plamdistributions.com\/#organization","name":"Distributions Pla-M","url":"https:\/\/plamdistributions.com\/","logo":{"@type":"ImageObject","inLanguage":"en-US","@id":"https:\/\/plamdistributions.com\/#\/schema\/logo\/image\/","url":"https:\/\/plamdistributions.com\/wp-content\/uploads\/2021\/05\/PLAM-SANS.png","contentUrl":"https:\/\/plamdistributions.com\/wp-content\/uploads\/2021\/05\/PLAM-SANS.png","width":289,"height":224,"caption":"Distributions Pla-M"},"image":{"@id":"https:\/\/plamdistributions.com\/#\/schema\/logo\/image\/"},"sameAs":["https:\/\/www.facebook.com\/displam\/","https:\/\/x.com\/Displam","https:\/\/www.youtube.com\/channel\/UCHmm3HCGnpGuaQ984quISDg"]}]}},"_links":{"self":[{"href":"https:\/\/plamdistributions.com\/en\/wp-json\/wp\/v2\/product\/40330","targetHints":{"allow":["GET"]}}],"collection":[{"href":"https:\/\/plamdistributions.com\/en\/wp-json\/wp\/v2\/product"}],"about":[{"href":"https:\/\/plamdistributions.com\/en\/wp-json\/wp\/v2\/types\/product"}],"replies":[{"embeddable":true,"href":"https:\/\/plamdistributions.com\/en\/wp-json\/wp\/v2\/comments?post=40330"}],"wp:featuredmedia":[{"embeddable":true,"href":"https:\/\/plamdistributions.com\/en\/wp-json\/wp\/v2\/media\/40331"}],"wp:attachment":[{"href":"https:\/\/plamdistributions.com\/en\/wp-json\/wp\/v2\/media?parent=40330"}],"wp:term":[{"taxonomy":"product_brand","embeddable":true,"href":"https:\/\/plamdistributions.com\/en\/wp-json\/wp\/v2\/product_brand?post=40330"},{"taxonomy":"product_cat","embeddable":true,"href":"https:\/\/plamdistributions.com\/en\/wp-json\/wp\/v2\/product_cat?post=40330"},{"taxonomy":"product_tag","embeddable":true,"href":"https:\/\/plamdistributions.com\/en\/wp-json\/wp\/v2\/product_tag?post=40330"}],"curies":[{"name":"wp","href":"https:\/\/api.w.org\/{rel}","templated":true}]}}