{"id":23027,"date":"2021-05-21T14:32:19","date_gmt":"2021-05-21T18:32:19","guid":{"rendered":"https:\/\/plamdistributions.com\/produit\/desodorisant-intermittent-big-d-3400-70oz-199gr\/"},"modified":"2026-04-13T12:16:14","modified_gmt":"2026-04-13T16:16:14","slug":"desodorisant-intermittent-big-d-3400-70oz-199gr","status":"publish","type":"product","link":"https:\/\/plamdistributions.com\/es\/produit\/desodorisant-intermittent-big-d-3400-70oz-199gr\/","title":{"rendered":"D\u00e9sodorisant intermittent Big-D 3400 70oz\/199gr"},"content":{"rendered":"<div id=\"TPAMultiSection_jfuwtmm5\">\n<div class=\"TPAMultiSection_jfuwtmm5\">\n<div class=\"_1TImB layout__classic isDesktop\" data-hook=\"product-page\" data-layout-name=\"classic\">\n<article class=\"_30ZY-\">\n<div class=\"_12vNY\">\n<section class=\"_2h_HC\">\n<div class=\"_1FTz3 fggS- cell\">\n<section class=\"_2RbVQ\" data-hook=\"description-wrapper\">\n<div class=\"_3nbVj\">\n<div class=\"_3cRjW\" data-hook=\"content-wrapper\">\n<p><strong>Code: DOI-BD\u00a0<\/strong><\/p>\n<p>Le D\u00e9sodorisant intermittent Big-D est un v\u00e9ritable anti-odeurs sp\u00e9cialement formul\u00e9 pour les besoins industriels et institutionnels. BIG D\u00ae of propose un assortiment de parfums agr\u00e9ables contenant nos d\u00e9sodorisants sp\u00e9ciaux qui neutralisent les odeurs plut\u00f4t que les masquent.\u00a0On peut utiliser la cartouche d&#8217;a\u00e9rosol dans le diffuseur intermitent Big D. Chaque 7 oz. peut contenir environ 3400 pulv\u00e9rise et d\u00e9sodorise efficacement un 6000 cu. superficie de pi.<\/p>\n<p><strong>\u2713 Fabricant: Big D<\/strong><\/p>\n<\/div>\n<\/div>\n<\/section>\n<\/div>\n<\/section>\n<\/div>\n<div class=\"fggS- cell\">\n<div data-hook=\"bottom-placeholder\"><\/div>\n<\/div>\n<\/article>\n<\/div>\n<\/div>\n<\/div>\n<div id=\"comp-jz0zhwnw\">\n<div class=\"comp-jz0zhwnw\">\n<div class=\"_2DDgw\" data-hook=\"slider-gallery\" data-slider-index=\"0\"><\/div>\n<\/div>\n<\/div>\n","protected":false},"excerpt":{"rendered":"<p>Code: DOI-BD\u00a0 Le D\u00e9sodorisant intermittent Big-D est un v\u00e9ritable anti-odeurs sp\u00e9cialement formul\u00e9 pour les besoins industriels et institutionnels. BIG D\u00ae<\/p>\n","protected":false},"featured_media":23026,"comment_status":"closed","ping_status":"closed","template":"","meta":[],"product_brand":[],"product_cat":[137,62],"product_tag":[],"class_list":{"0":"post-23027","1":"product","2":"type-product","3":"status-publish","4":"has-post-thumbnail","6":"product_cat-controle-des-odeurs","7":"product_cat-produits-dentretien-menager","8":"product_shipping_class-standard","10":"first","11":"instock","12":"featured","13":"taxable","14":"shipping-taxable","15":"purchasable","16":"product-type-variable"},"yoast_head":"<!-- This site is optimized with the Yoast SEO plugin v27.4 - https:\/\/yoast.com\/product\/yoast-seo-wordpress\/ -->\n<title>D\u00e9sodorisant intermittent Big-D 3400 70oz\/199gr | Distributions Pla-M<\/title>\n<meta name=\"robots\" content=\"index, follow, max-snippet:-1, max-image-preview:large, max-video-preview:-1\" \/>\n<link rel=\"canonical\" href=\"https:\/\/plamdistributions.com\/es\/produit\/desodorisant-intermittent-big-d-3400-70oz-199gr\/\" \/>\n<meta property=\"og:locale\" content=\"es_ES\" \/>\n<meta property=\"og:type\" content=\"article\" \/>\n<meta property=\"og:title\" content=\"D\u00e9sodorisant intermittent Big-D 3400 70oz\/199gr | Distributions Pla-M\" \/>\n<meta property=\"og:description\" content=\"Code: DOI-BD\u00a0 Le D\u00e9sodorisant intermittent Big-D est un v\u00e9ritable anti-odeurs sp\u00e9cialement formul\u00e9 pour les besoins industriels et institutionnels. BIG D\u00ae\" \/>\n<meta property=\"og:url\" content=\"https:\/\/plamdistributions.com\/es\/produit\/desodorisant-intermittent-big-d-3400-70oz-199gr\/\" \/>\n<meta property=\"og:site_name\" content=\"Distributions Pla-M\" \/>\n<meta property=\"article:publisher\" content=\"https:\/\/www.facebook.com\/displam\/\" \/>\n<meta property=\"article:modified_time\" content=\"2026-04-13T16:16:14+00:00\" \/>\n<meta property=\"og:image\" content=\"https:\/\/plamdistributions.com\/wp-content\/uploads\/2021\/05\/DOI-BD451.jpg\" \/>\n\t<meta property=\"og:image:width\" content=\"1200\" \/>\n\t<meta property=\"og:image:height\" content=\"1200\" \/>\n\t<meta property=\"og:image:type\" content=\"image\/jpeg\" \/>\n<meta name=\"twitter:card\" content=\"summary_large_image\" \/>\n<meta name=\"twitter:site\" content=\"@Displam\" \/>\n<script type=\"application\/ld+json\" class=\"yoast-schema-graph\">{\"@context\":\"https:\\\/\\\/schema.org\",\"@graph\":[{\"@type\":\"WebPage\",\"@id\":\"https:\\\/\\\/plamdistributions.com\\\/es\\\/produit\\\/desodorisant-intermittent-big-d-3400-70oz-199gr\\\/\",\"url\":\"https:\\\/\\\/plamdistributions.com\\\/es\\\/produit\\\/desodorisant-intermittent-big-d-3400-70oz-199gr\\\/\",\"name\":\"D\u00e9sodorisant intermittent Big-D 3400 70oz\\\/199gr | Distributions Pla-M\",\"isPartOf\":{\"@id\":\"https:\\\/\\\/plamdistributions.com\\\/en\\\/#website\"},\"primaryImageOfPage\":{\"@id\":\"https:\\\/\\\/plamdistributions.com\\\/es\\\/produit\\\/desodorisant-intermittent-big-d-3400-70oz-199gr\\\/#primaryimage\"},\"image\":{\"@id\":\"https:\\\/\\\/plamdistributions.com\\\/es\\\/produit\\\/desodorisant-intermittent-big-d-3400-70oz-199gr\\\/#primaryimage\"},\"thumbnailUrl\":\"https:\\\/\\\/plamdistributions.com\\\/wp-content\\\/uploads\\\/2021\\\/05\\\/DOI-BD451.jpg\",\"datePublished\":\"2021-05-21T18:32:19+00:00\",\"dateModified\":\"2026-04-13T16:16:14+00:00\",\"breadcrumb\":{\"@id\":\"https:\\\/\\\/plamdistributions.com\\\/es\\\/produit\\\/desodorisant-intermittent-big-d-3400-70oz-199gr\\\/#breadcrumb\"},\"inLanguage\":\"es\",\"potentialAction\":[{\"@type\":\"ReadAction\",\"target\":[\"https:\\\/\\\/plamdistributions.com\\\/es\\\/produit\\\/desodorisant-intermittent-big-d-3400-70oz-199gr\\\/\"]}]},{\"@type\":\"ImageObject\",\"inLanguage\":\"es\",\"@id\":\"https:\\\/\\\/plamdistributions.com\\\/es\\\/produit\\\/desodorisant-intermittent-big-d-3400-70oz-199gr\\\/#primaryimage\",\"url\":\"https:\\\/\\\/plamdistributions.com\\\/wp-content\\\/uploads\\\/2021\\\/05\\\/DOI-BD451.jpg\",\"contentUrl\":\"https:\\\/\\\/plamdistributions.com\\\/wp-content\\\/uploads\\\/2021\\\/05\\\/DOI-BD451.jpg\",\"width\":1200,\"height\":1200},{\"@type\":\"BreadcrumbList\",\"@id\":\"https:\\\/\\\/plamdistributions.com\\\/es\\\/produit\\\/desodorisant-intermittent-big-d-3400-70oz-199gr\\\/#breadcrumb\",\"itemListElement\":[{\"@type\":\"ListItem\",\"position\":1,\"name\":\"Accueil\",\"item\":\"https:\\\/\\\/plamdistributions.com\\\/es\\\/\"},{\"@type\":\"ListItem\",\"position\":2,\"name\":\"Tienda\",\"item\":\"https:\\\/\\\/plamdistributions.com\\\/es\\\/tienda\\\/\"},{\"@type\":\"ListItem\",\"position\":3,\"name\":\"D\u00e9sodorisant intermittent Big-D 3400 70oz\\\/199gr\"}]},{\"@type\":\"WebSite\",\"@id\":\"https:\\\/\\\/plamdistributions.com\\\/en\\\/#website\",\"url\":\"https:\\\/\\\/plamdistributions.com\\\/en\\\/\",\"name\":\"Distributions Pla-M Inc.\",\"description\":\"Venta de productos y equipos sanitarios\",\"publisher\":{\"@id\":\"https:\\\/\\\/plamdistributions.com\\\/en\\\/#organization\"},\"potentialAction\":[{\"@type\":\"SearchAction\",\"target\":{\"@type\":\"EntryPoint\",\"urlTemplate\":\"https:\\\/\\\/plamdistributions.com\\\/en\\\/?s={search_term_string}\"},\"query-input\":{\"@type\":\"PropertyValueSpecification\",\"valueRequired\":true,\"valueName\":\"search_term_string\"}}],\"inLanguage\":\"es\"},{\"@type\":\"Organization\",\"@id\":\"https:\\\/\\\/plamdistributions.com\\\/en\\\/#organization\",\"name\":\"Distributions Pla-M\",\"url\":\"https:\\\/\\\/plamdistributions.com\\\/en\\\/\",\"logo\":{\"@type\":\"ImageObject\",\"inLanguage\":\"es\",\"@id\":\"https:\\\/\\\/plamdistributions.com\\\/en\\\/#\\\/schema\\\/logo\\\/image\\\/\",\"url\":\"https:\\\/\\\/plamdistributions.com\\\/wp-content\\\/uploads\\\/2021\\\/05\\\/PLAM-SANS.png\",\"contentUrl\":\"https:\\\/\\\/plamdistributions.com\\\/wp-content\\\/uploads\\\/2021\\\/05\\\/PLAM-SANS.png\",\"width\":289,\"height\":224,\"caption\":\"Distributions Pla-M\"},\"image\":{\"@id\":\"https:\\\/\\\/plamdistributions.com\\\/en\\\/#\\\/schema\\\/logo\\\/image\\\/\"},\"sameAs\":[\"https:\\\/\\\/www.facebook.com\\\/displam\\\/\",\"https:\\\/\\\/x.com\\\/Displam\",\"https:\\\/\\\/www.youtube.com\\\/channel\\\/UCHmm3HCGnpGuaQ984quISDg\"]}]}<\/script>\n<!-- \/ Yoast SEO plugin. -->","yoast_head_json":{"title":"D\u00e9sodorisant intermittent Big-D 3400 70oz\/199gr | Distributions Pla-M","robots":{"index":"index","follow":"follow","max-snippet":"max-snippet:-1","max-image-preview":"max-image-preview:large","max-video-preview":"max-video-preview:-1"},"canonical":"https:\/\/plamdistributions.com\/es\/produit\/desodorisant-intermittent-big-d-3400-70oz-199gr\/","og_locale":"es_ES","og_type":"article","og_title":"D\u00e9sodorisant intermittent Big-D 3400 70oz\/199gr | Distributions Pla-M","og_description":"Code: DOI-BD\u00a0 Le D\u00e9sodorisant intermittent Big-D est un v\u00e9ritable anti-odeurs sp\u00e9cialement formul\u00e9 pour les besoins industriels et institutionnels. BIG D\u00ae","og_url":"https:\/\/plamdistributions.com\/es\/produit\/desodorisant-intermittent-big-d-3400-70oz-199gr\/","og_site_name":"Distributions Pla-M","article_publisher":"https:\/\/www.facebook.com\/displam\/","article_modified_time":"2026-04-13T16:16:14+00:00","og_image":[{"width":1200,"height":1200,"url":"https:\/\/plamdistributions.com\/wp-content\/uploads\/2021\/05\/DOI-BD451.jpg","type":"image\/jpeg"}],"twitter_card":"summary_large_image","twitter_site":"@Displam","schema":{"@context":"https:\/\/schema.org","@graph":[{"@type":"WebPage","@id":"https:\/\/plamdistributions.com\/es\/produit\/desodorisant-intermittent-big-d-3400-70oz-199gr\/","url":"https:\/\/plamdistributions.com\/es\/produit\/desodorisant-intermittent-big-d-3400-70oz-199gr\/","name":"D\u00e9sodorisant intermittent Big-D 3400 70oz\/199gr | Distributions Pla-M","isPartOf":{"@id":"https:\/\/plamdistributions.com\/en\/#website"},"primaryImageOfPage":{"@id":"https:\/\/plamdistributions.com\/es\/produit\/desodorisant-intermittent-big-d-3400-70oz-199gr\/#primaryimage"},"image":{"@id":"https:\/\/plamdistributions.com\/es\/produit\/desodorisant-intermittent-big-d-3400-70oz-199gr\/#primaryimage"},"thumbnailUrl":"https:\/\/plamdistributions.com\/wp-content\/uploads\/2021\/05\/DOI-BD451.jpg","datePublished":"2021-05-21T18:32:19+00:00","dateModified":"2026-04-13T16:16:14+00:00","breadcrumb":{"@id":"https:\/\/plamdistributions.com\/es\/produit\/desodorisant-intermittent-big-d-3400-70oz-199gr\/#breadcrumb"},"inLanguage":"es","potentialAction":[{"@type":"ReadAction","target":["https:\/\/plamdistributions.com\/es\/produit\/desodorisant-intermittent-big-d-3400-70oz-199gr\/"]}]},{"@type":"ImageObject","inLanguage":"es","@id":"https:\/\/plamdistributions.com\/es\/produit\/desodorisant-intermittent-big-d-3400-70oz-199gr\/#primaryimage","url":"https:\/\/plamdistributions.com\/wp-content\/uploads\/2021\/05\/DOI-BD451.jpg","contentUrl":"https:\/\/plamdistributions.com\/wp-content\/uploads\/2021\/05\/DOI-BD451.jpg","width":1200,"height":1200},{"@type":"BreadcrumbList","@id":"https:\/\/plamdistributions.com\/es\/produit\/desodorisant-intermittent-big-d-3400-70oz-199gr\/#breadcrumb","itemListElement":[{"@type":"ListItem","position":1,"name":"Accueil","item":"https:\/\/plamdistributions.com\/es\/"},{"@type":"ListItem","position":2,"name":"Tienda","item":"https:\/\/plamdistributions.com\/es\/tienda\/"},{"@type":"ListItem","position":3,"name":"D\u00e9sodorisant intermittent Big-D 3400 70oz\/199gr"}]},{"@type":"WebSite","@id":"https:\/\/plamdistributions.com\/en\/#website","url":"https:\/\/plamdistributions.com\/en\/","name":"Distributions Pla-M Inc.","description":"Venta de productos y equipos sanitarios","publisher":{"@id":"https:\/\/plamdistributions.com\/en\/#organization"},"potentialAction":[{"@type":"SearchAction","target":{"@type":"EntryPoint","urlTemplate":"https:\/\/plamdistributions.com\/en\/?s={search_term_string}"},"query-input":{"@type":"PropertyValueSpecification","valueRequired":true,"valueName":"search_term_string"}}],"inLanguage":"es"},{"@type":"Organization","@id":"https:\/\/plamdistributions.com\/en\/#organization","name":"Distributions Pla-M","url":"https:\/\/plamdistributions.com\/en\/","logo":{"@type":"ImageObject","inLanguage":"es","@id":"https:\/\/plamdistributions.com\/en\/#\/schema\/logo\/image\/","url":"https:\/\/plamdistributions.com\/wp-content\/uploads\/2021\/05\/PLAM-SANS.png","contentUrl":"https:\/\/plamdistributions.com\/wp-content\/uploads\/2021\/05\/PLAM-SANS.png","width":289,"height":224,"caption":"Distributions Pla-M"},"image":{"@id":"https:\/\/plamdistributions.com\/en\/#\/schema\/logo\/image\/"},"sameAs":["https:\/\/www.facebook.com\/displam\/","https:\/\/x.com\/Displam","https:\/\/www.youtube.com\/channel\/UCHmm3HCGnpGuaQ984quISDg"]}]}},"_links":{"self":[{"href":"https:\/\/plamdistributions.com\/es\/wp-json\/wp\/v2\/product\/23027","targetHints":{"allow":["GET"]}}],"collection":[{"href":"https:\/\/plamdistributions.com\/es\/wp-json\/wp\/v2\/product"}],"about":[{"href":"https:\/\/plamdistributions.com\/es\/wp-json\/wp\/v2\/types\/product"}],"replies":[{"embeddable":true,"href":"https:\/\/plamdistributions.com\/es\/wp-json\/wp\/v2\/comments?post=23027"}],"wp:featuredmedia":[{"embeddable":true,"href":"https:\/\/plamdistributions.com\/es\/wp-json\/wp\/v2\/media\/23026"}],"wp:attachment":[{"href":"https:\/\/plamdistributions.com\/es\/wp-json\/wp\/v2\/media?parent=23027"}],"wp:term":[{"taxonomy":"product_brand","embeddable":true,"href":"https:\/\/plamdistributions.com\/es\/wp-json\/wp\/v2\/product_brand?post=23027"},{"taxonomy":"product_cat","embeddable":true,"href":"https:\/\/plamdistributions.com\/es\/wp-json\/wp\/v2\/product_cat?post=23027"},{"taxonomy":"product_tag","embeddable":true,"href":"https:\/\/plamdistributions.com\/es\/wp-json\/wp\/v2\/product_tag?post=23027"}],"curies":[{"name":"wp","href":"https:\/\/api.w.org\/{rel}","templated":true}]}}