{"id":23286,"date":"2021-05-21T14:33:49","date_gmt":"2021-05-21T18:33:49","guid":{"rendered":"https:\/\/plamdistributions.com\/produit\/support-crochet-a-serviette-double-frost-en-inox\/"},"modified":"2023-01-31T01:05:11","modified_gmt":"2023-01-31T05:05:11","slug":"support-crochet-a-serviette-double-frost-en-inox","status":"publish","type":"product","link":"https:\/\/plamdistributions.com\/es\/produit\/support-crochet-a-serviette-double-frost-en-inox\/","title":{"rendered":"SUPPORT\/CROCHET \u00c0 SERVIETTE DOUBLE FROST EN INOX"},"content":{"rendered":"<p><strong>Code: ACS-F1139S<\/strong><\/p>\n<p><strong>Mat\u00e9riaux:<\/strong>\u00a0Acier inoxydable\u00a0304, fini n<sup>o<\/sup>\u00a04<\/p>\n<p><strong>Caract\u00e9ristiques:\u00a0<\/strong>Fixation dissimul\u00e9e. Le crochet \u00e0 v\u00eatements est fait d\u2019acier inoxydable\u00a0304 n<sup>o<\/sup>\u00a016, avec fini n<sup>o<\/sup>\u00a04 bross\u00e9.<\/p>\n<p><strong>Installation:\u00a0<\/strong>Syst\u00e8me de fixation \u00e0 vis dissimul\u00e9es. Le support de fixation est fix\u00e9 au mur \u00e0 la hauteur d\u00e9sir\u00e9e au moyen de vis. L\u2019unit\u00e9 est ensuite accroch\u00e9e au support. Lorsque la vis de calage est serr\u00e9e, l\u2019unit\u00e9 est fermement fix\u00e9e au mur. La vis de calage applique une pression sur une surface inclin\u00e9e du support, permettant une installation rapide et facile. Le support et les vis de fixation sont fournis.<\/p>\n<p><strong>\u2713 Fabricant: Frost<\/strong><\/p>\n","protected":false},"excerpt":{"rendered":"<p>Code: ACS-F1139S Mat\u00e9riaux:\u00a0Acier inoxydable\u00a0304, fini no\u00a04 Caract\u00e9ristiques:\u00a0Fixation dissimul\u00e9e. Le crochet \u00e0 v\u00eatements est fait d\u2019acier inoxydable\u00a0304 no\u00a016, avec fini no\u00a04<\/p>\n","protected":false},"featured_media":23281,"comment_status":"closed","ping_status":"closed","template":"","meta":[],"product_brand":[],"product_cat":[143,208],"product_tag":[],"class_list":{"0":"post-23286","1":"product","2":"type-product","3":"status-publish","4":"has-post-thumbnail","6":"product_cat-accessoires","7":"product_cat-autres-accessoires","8":"product_shipping_class-standard","10":"first","11":"onbackorder","12":"featured","13":"taxable","14":"shipping-taxable","15":"purchasable","16":"product-type-simple"},"yoast_head":"<!-- This site is optimized with the Yoast SEO plugin v27.4 - https:\/\/yoast.com\/product\/yoast-seo-wordpress\/ -->\n<title>SUPPORT\/CROCHET \u00c0 SERVIETTE DOUBLE FROST EN INOX | Distributions Pla-M<\/title>\n<meta name=\"robots\" content=\"index, follow, max-snippet:-1, max-image-preview:large, max-video-preview:-1\" \/>\n<link rel=\"canonical\" href=\"https:\/\/plamdistributions.com\/produit\/support-crochet-a-serviette-double-frost-en-inox\/\" \/>\n<meta property=\"og:locale\" content=\"es_ES\" \/>\n<meta property=\"og:type\" content=\"article\" \/>\n<meta property=\"og:title\" content=\"SUPPORT\/CROCHET \u00c0 SERVIETTE DOUBLE FROST EN INOX | Distributions Pla-M\" \/>\n<meta property=\"og:description\" content=\"Code: ACS-F1139S Mat\u00e9riaux:\u00a0Acier inoxydable\u00a0304, fini no\u00a04 Caract\u00e9ristiques:\u00a0Fixation dissimul\u00e9e. Le crochet \u00e0 v\u00eatements est fait d\u2019acier inoxydable\u00a0304 no\u00a016, avec fini no\u00a04\" \/>\n<meta property=\"og:url\" content=\"https:\/\/plamdistributions.com\/produit\/support-crochet-a-serviette-double-frost-en-inox\/\" \/>\n<meta property=\"og:site_name\" content=\"Distributions Pla-M\" \/>\n<meta property=\"article:publisher\" content=\"https:\/\/www.facebook.com\/displam\/\" \/>\n<meta property=\"article:modified_time\" content=\"2023-01-31T05:05:11+00:00\" \/>\n<meta property=\"og:image\" content=\"https:\/\/plamdistributions.com\/wp-content\/uploads\/2021\/05\/ACS-F1139S-4.jpg\" \/>\n\t<meta property=\"og:image:width\" content=\"600\" \/>\n\t<meta property=\"og:image:height\" content=\"600\" \/>\n\t<meta property=\"og:image:type\" content=\"image\/jpeg\" \/>\n<meta name=\"twitter:card\" content=\"summary_large_image\" \/>\n<meta name=\"twitter:site\" content=\"@Displam\" \/>\n<meta name=\"twitter:label1\" content=\"Tiempo de lectura\" \/>\n\t<meta name=\"twitter:data1\" content=\"1 minuto\" \/>\n<script type=\"application\/ld+json\" class=\"yoast-schema-graph\">{\"@context\":\"https:\\\/\\\/schema.org\",\"@graph\":[{\"@type\":\"WebPage\",\"@id\":\"https:\\\/\\\/plamdistributions.com\\\/produit\\\/support-crochet-a-serviette-double-frost-en-inox\\\/\",\"url\":\"https:\\\/\\\/plamdistributions.com\\\/produit\\\/support-crochet-a-serviette-double-frost-en-inox\\\/\",\"name\":\"SUPPORT\\\/CROCHET \u00c0 SERVIETTE DOUBLE FROST EN INOX | Distributions Pla-M\",\"isPartOf\":{\"@id\":\"https:\\\/\\\/plamdistributions.com\\\/en\\\/#website\"},\"primaryImageOfPage\":{\"@id\":\"https:\\\/\\\/plamdistributions.com\\\/produit\\\/support-crochet-a-serviette-double-frost-en-inox\\\/#primaryimage\"},\"image\":{\"@id\":\"https:\\\/\\\/plamdistributions.com\\\/produit\\\/support-crochet-a-serviette-double-frost-en-inox\\\/#primaryimage\"},\"thumbnailUrl\":\"https:\\\/\\\/plamdistributions.com\\\/wp-content\\\/uploads\\\/2021\\\/05\\\/ACS-F1139S-4.jpg\",\"datePublished\":\"2021-05-21T18:33:49+00:00\",\"dateModified\":\"2023-01-31T05:05:11+00:00\",\"breadcrumb\":{\"@id\":\"https:\\\/\\\/plamdistributions.com\\\/produit\\\/support-crochet-a-serviette-double-frost-en-inox\\\/#breadcrumb\"},\"inLanguage\":\"es\",\"potentialAction\":[{\"@type\":\"ReadAction\",\"target\":[\"https:\\\/\\\/plamdistributions.com\\\/produit\\\/support-crochet-a-serviette-double-frost-en-inox\\\/\"]}]},{\"@type\":\"ImageObject\",\"inLanguage\":\"es\",\"@id\":\"https:\\\/\\\/plamdistributions.com\\\/produit\\\/support-crochet-a-serviette-double-frost-en-inox\\\/#primaryimage\",\"url\":\"https:\\\/\\\/plamdistributions.com\\\/wp-content\\\/uploads\\\/2021\\\/05\\\/ACS-F1139S-4.jpg\",\"contentUrl\":\"https:\\\/\\\/plamdistributions.com\\\/wp-content\\\/uploads\\\/2021\\\/05\\\/ACS-F1139S-4.jpg\",\"width\":600,\"height\":600},{\"@type\":\"BreadcrumbList\",\"@id\":\"https:\\\/\\\/plamdistributions.com\\\/produit\\\/support-crochet-a-serviette-double-frost-en-inox\\\/#breadcrumb\",\"itemListElement\":[{\"@type\":\"ListItem\",\"position\":1,\"name\":\"Accueil\",\"item\":\"https:\\\/\\\/plamdistributions.com\\\/es\\\/\"},{\"@type\":\"ListItem\",\"position\":2,\"name\":\"Tienda\",\"item\":\"https:\\\/\\\/plamdistributions.com\\\/es\\\/tienda\\\/\"},{\"@type\":\"ListItem\",\"position\":3,\"name\":\"SUPPORT\\\/CROCHET \u00c0 SERVIETTE DOUBLE FROST EN INOX\"}]},{\"@type\":\"WebSite\",\"@id\":\"https:\\\/\\\/plamdistributions.com\\\/en\\\/#website\",\"url\":\"https:\\\/\\\/plamdistributions.com\\\/en\\\/\",\"name\":\"Distributions Pla-M Inc.\",\"description\":\"Venta de productos y equipos sanitarios\",\"publisher\":{\"@id\":\"https:\\\/\\\/plamdistributions.com\\\/en\\\/#organization\"},\"potentialAction\":[{\"@type\":\"SearchAction\",\"target\":{\"@type\":\"EntryPoint\",\"urlTemplate\":\"https:\\\/\\\/plamdistributions.com\\\/en\\\/?s={search_term_string}\"},\"query-input\":{\"@type\":\"PropertyValueSpecification\",\"valueRequired\":true,\"valueName\":\"search_term_string\"}}],\"inLanguage\":\"es\"},{\"@type\":\"Organization\",\"@id\":\"https:\\\/\\\/plamdistributions.com\\\/en\\\/#organization\",\"name\":\"Distributions Pla-M\",\"url\":\"https:\\\/\\\/plamdistributions.com\\\/en\\\/\",\"logo\":{\"@type\":\"ImageObject\",\"inLanguage\":\"es\",\"@id\":\"https:\\\/\\\/plamdistributions.com\\\/en\\\/#\\\/schema\\\/logo\\\/image\\\/\",\"url\":\"https:\\\/\\\/plamdistributions.com\\\/wp-content\\\/uploads\\\/2021\\\/05\\\/PLAM-SANS.png\",\"contentUrl\":\"https:\\\/\\\/plamdistributions.com\\\/wp-content\\\/uploads\\\/2021\\\/05\\\/PLAM-SANS.png\",\"width\":289,\"height\":224,\"caption\":\"Distributions Pla-M\"},\"image\":{\"@id\":\"https:\\\/\\\/plamdistributions.com\\\/en\\\/#\\\/schema\\\/logo\\\/image\\\/\"},\"sameAs\":[\"https:\\\/\\\/www.facebook.com\\\/displam\\\/\",\"https:\\\/\\\/x.com\\\/Displam\",\"https:\\\/\\\/www.youtube.com\\\/channel\\\/UCHmm3HCGnpGuaQ984quISDg\"]}]}<\/script>\n<!-- \/ Yoast SEO plugin. -->","yoast_head_json":{"title":"SUPPORT\/CROCHET \u00c0 SERVIETTE DOUBLE FROST EN INOX | Distributions Pla-M","robots":{"index":"index","follow":"follow","max-snippet":"max-snippet:-1","max-image-preview":"max-image-preview:large","max-video-preview":"max-video-preview:-1"},"canonical":"https:\/\/plamdistributions.com\/produit\/support-crochet-a-serviette-double-frost-en-inox\/","og_locale":"es_ES","og_type":"article","og_title":"SUPPORT\/CROCHET \u00c0 SERVIETTE DOUBLE FROST EN INOX | Distributions Pla-M","og_description":"Code: ACS-F1139S Mat\u00e9riaux:\u00a0Acier inoxydable\u00a0304, fini no\u00a04 Caract\u00e9ristiques:\u00a0Fixation dissimul\u00e9e. Le crochet \u00e0 v\u00eatements est fait d\u2019acier inoxydable\u00a0304 no\u00a016, avec fini no\u00a04","og_url":"https:\/\/plamdistributions.com\/produit\/support-crochet-a-serviette-double-frost-en-inox\/","og_site_name":"Distributions Pla-M","article_publisher":"https:\/\/www.facebook.com\/displam\/","article_modified_time":"2023-01-31T05:05:11+00:00","og_image":[{"width":600,"height":600,"url":"https:\/\/plamdistributions.com\/wp-content\/uploads\/2021\/05\/ACS-F1139S-4.jpg","type":"image\/jpeg"}],"twitter_card":"summary_large_image","twitter_site":"@Displam","twitter_misc":{"Tiempo de lectura":"1 minuto"},"schema":{"@context":"https:\/\/schema.org","@graph":[{"@type":"WebPage","@id":"https:\/\/plamdistributions.com\/produit\/support-crochet-a-serviette-double-frost-en-inox\/","url":"https:\/\/plamdistributions.com\/produit\/support-crochet-a-serviette-double-frost-en-inox\/","name":"SUPPORT\/CROCHET \u00c0 SERVIETTE DOUBLE FROST EN INOX | Distributions Pla-M","isPartOf":{"@id":"https:\/\/plamdistributions.com\/en\/#website"},"primaryImageOfPage":{"@id":"https:\/\/plamdistributions.com\/produit\/support-crochet-a-serviette-double-frost-en-inox\/#primaryimage"},"image":{"@id":"https:\/\/plamdistributions.com\/produit\/support-crochet-a-serviette-double-frost-en-inox\/#primaryimage"},"thumbnailUrl":"https:\/\/plamdistributions.com\/wp-content\/uploads\/2021\/05\/ACS-F1139S-4.jpg","datePublished":"2021-05-21T18:33:49+00:00","dateModified":"2023-01-31T05:05:11+00:00","breadcrumb":{"@id":"https:\/\/plamdistributions.com\/produit\/support-crochet-a-serviette-double-frost-en-inox\/#breadcrumb"},"inLanguage":"es","potentialAction":[{"@type":"ReadAction","target":["https:\/\/plamdistributions.com\/produit\/support-crochet-a-serviette-double-frost-en-inox\/"]}]},{"@type":"ImageObject","inLanguage":"es","@id":"https:\/\/plamdistributions.com\/produit\/support-crochet-a-serviette-double-frost-en-inox\/#primaryimage","url":"https:\/\/plamdistributions.com\/wp-content\/uploads\/2021\/05\/ACS-F1139S-4.jpg","contentUrl":"https:\/\/plamdistributions.com\/wp-content\/uploads\/2021\/05\/ACS-F1139S-4.jpg","width":600,"height":600},{"@type":"BreadcrumbList","@id":"https:\/\/plamdistributions.com\/produit\/support-crochet-a-serviette-double-frost-en-inox\/#breadcrumb","itemListElement":[{"@type":"ListItem","position":1,"name":"Accueil","item":"https:\/\/plamdistributions.com\/es\/"},{"@type":"ListItem","position":2,"name":"Tienda","item":"https:\/\/plamdistributions.com\/es\/tienda\/"},{"@type":"ListItem","position":3,"name":"SUPPORT\/CROCHET \u00c0 SERVIETTE DOUBLE FROST EN INOX"}]},{"@type":"WebSite","@id":"https:\/\/plamdistributions.com\/en\/#website","url":"https:\/\/plamdistributions.com\/en\/","name":"Distributions Pla-M Inc.","description":"Venta de productos y equipos sanitarios","publisher":{"@id":"https:\/\/plamdistributions.com\/en\/#organization"},"potentialAction":[{"@type":"SearchAction","target":{"@type":"EntryPoint","urlTemplate":"https:\/\/plamdistributions.com\/en\/?s={search_term_string}"},"query-input":{"@type":"PropertyValueSpecification","valueRequired":true,"valueName":"search_term_string"}}],"inLanguage":"es"},{"@type":"Organization","@id":"https:\/\/plamdistributions.com\/en\/#organization","name":"Distributions Pla-M","url":"https:\/\/plamdistributions.com\/en\/","logo":{"@type":"ImageObject","inLanguage":"es","@id":"https:\/\/plamdistributions.com\/en\/#\/schema\/logo\/image\/","url":"https:\/\/plamdistributions.com\/wp-content\/uploads\/2021\/05\/PLAM-SANS.png","contentUrl":"https:\/\/plamdistributions.com\/wp-content\/uploads\/2021\/05\/PLAM-SANS.png","width":289,"height":224,"caption":"Distributions Pla-M"},"image":{"@id":"https:\/\/plamdistributions.com\/en\/#\/schema\/logo\/image\/"},"sameAs":["https:\/\/www.facebook.com\/displam\/","https:\/\/x.com\/Displam","https:\/\/www.youtube.com\/channel\/UCHmm3HCGnpGuaQ984quISDg"]}]}},"_links":{"self":[{"href":"https:\/\/plamdistributions.com\/es\/wp-json\/wp\/v2\/product\/23286","targetHints":{"allow":["GET"]}}],"collection":[{"href":"https:\/\/plamdistributions.com\/es\/wp-json\/wp\/v2\/product"}],"about":[{"href":"https:\/\/plamdistributions.com\/es\/wp-json\/wp\/v2\/types\/product"}],"replies":[{"embeddable":true,"href":"https:\/\/plamdistributions.com\/es\/wp-json\/wp\/v2\/comments?post=23286"}],"wp:featuredmedia":[{"embeddable":true,"href":"https:\/\/plamdistributions.com\/es\/wp-json\/wp\/v2\/media\/23281"}],"wp:attachment":[{"href":"https:\/\/plamdistributions.com\/es\/wp-json\/wp\/v2\/media?parent=23286"}],"wp:term":[{"taxonomy":"product_brand","embeddable":true,"href":"https:\/\/plamdistributions.com\/es\/wp-json\/wp\/v2\/product_brand?post=23286"},{"taxonomy":"product_cat","embeddable":true,"href":"https:\/\/plamdistributions.com\/es\/wp-json\/wp\/v2\/product_cat?post=23286"},{"taxonomy":"product_tag","embeddable":true,"href":"https:\/\/plamdistributions.com\/es\/wp-json\/wp\/v2\/product_tag?post=23286"}],"curies":[{"name":"wp","href":"https:\/\/api.w.org\/{rel}","templated":true}]}}