{"id":23468,"date":"2021-05-21T14:35:31","date_gmt":"2021-05-21T18:35:31","guid":{"rendered":"https:\/\/plamdistributions.com\/produit\/autowax-cire-liquide-pour-auto-unica\/"},"modified":"2023-06-12T08:53:19","modified_gmt":"2023-06-12T12:53:19","slug":"autowax-cire-liquide-pour-auto-unica","status":"publish","type":"product","link":"https:\/\/plamdistributions.com\/es\/produit\/autowax-cire-liquide-pour-auto-unica\/","title":{"rendered":"AUTOWAX\/ CIRE LIQUIDE POUR AUTO 4L"},"content":{"rendered":"<p><strong>Code: AUTOWAX<\/strong><\/p>\n<h4 class=\"sous-titre\"><span class=\"badge bg-vert\">\u2713 Pr\u00eat \u00e0 l&#8217;usage<\/span>\u00a0 \u2713 Avec carnauba\u00a0 <span class=\"badge bg-vert\">\u2713 Pour tous types de peinture<\/span><\/h4>\n<p>AUTOWAX (Unica) est une cire liquide professionnelle de haute qualit\u00e9 avec carnauba pur. Facile d\u2019application, elle nettoie, cire, lustre, enl\u00e8ve l\u2019oxydation et imperm\u00e9abilise en une seule \u00e9tape! Il dissout le goudron, les fiente d\u2019oiseau, les r\u00e9sidus d\u2019insectes, la poussi\u00e8re, la suie, la graisse, l\u2019huile et la vapeur de peinture. AUTOWAX contient des azurants optiques qui accentuent le lustre et font dispara\u00eetre les fines \u00e9gratignures. Il contient \u00e9galement des photo-stabilisants qui nourrissent la surface et la prot\u00e8ge des rayons UV et de la d\u00e9coloration.<\/p>\n<p>Il est ideal pour: vernis transparent, couches de fond, peinture-laque, acrylique, \u00e9mail, chrome, r\u00e9sine de synth\u00e8se et certains vinyles.<\/p>\n<p><strong>\u2713 Fabricant: Unica Canada<\/strong><\/p>\n<p>&nbsp;<\/p>\n<p>&nbsp;<\/p>\n","protected":false},"excerpt":{"rendered":"<p>Code: AUTOWAX \u2713 Pr\u00eat \u00e0 l&#8217;usage\u00a0 \u2713 Avec carnauba\u00a0 \u2713 Pour tous types de peinture AUTOWAX (Unica) est une cire<\/p>\n","protected":false},"featured_media":23466,"comment_status":"closed","ping_status":"closed","template":"","meta":[],"product_brand":[],"product_cat":[205,62],"product_tag":[],"class_list":{"0":"post-23468","1":"product","2":"type-product","3":"status-publish","4":"has-post-thumbnail","6":"product_cat-mecanique-et-lindustrie","7":"product_cat-produits-dentretien-menager","8":"product_shipping_class-standard","10":"first","11":"instock","12":"featured","13":"taxable","14":"shipping-taxable","15":"purchasable","16":"product-type-simple"},"yoast_head":"<!-- This site is optimized with the Yoast SEO plugin v27.4 - https:\/\/yoast.com\/product\/yoast-seo-wordpress\/ -->\n<title>AUTOWAX\/ CIRE LIQUIDE POUR AUTO 4L | Distributions Pla-M<\/title>\n<meta name=\"robots\" content=\"index, follow, max-snippet:-1, max-image-preview:large, max-video-preview:-1\" \/>\n<link rel=\"canonical\" href=\"https:\/\/plamdistributions.com\/es\/produit\/autowax-cire-liquide-pour-auto-unica\/\" \/>\n<meta property=\"og:locale\" content=\"es_ES\" \/>\n<meta property=\"og:type\" content=\"article\" \/>\n<meta property=\"og:title\" content=\"AUTOWAX\/ CIRE LIQUIDE POUR AUTO 4L | Distributions Pla-M\" \/>\n<meta property=\"og:description\" content=\"Code: AUTOWAX \u2713 Pr\u00eat \u00e0 l&#8217;usage\u00a0 \u2713 Avec carnauba\u00a0 \u2713 Pour tous types de peinture AUTOWAX (Unica) est une cire\" \/>\n<meta property=\"og:url\" content=\"https:\/\/plamdistributions.com\/es\/produit\/autowax-cire-liquide-pour-auto-unica\/\" \/>\n<meta property=\"og:site_name\" content=\"Distributions Pla-M\" \/>\n<meta property=\"article:publisher\" content=\"https:\/\/www.facebook.com\/displam\/\" \/>\n<meta property=\"article:modified_time\" content=\"2023-06-12T12:53:19+00:00\" \/>\n<meta property=\"og:image\" content=\"https:\/\/plamdistributions.com\/wp-content\/uploads\/2021\/05\/AUTOWAX-1.jpg\" \/>\n\t<meta property=\"og:image:width\" content=\"600\" \/>\n\t<meta property=\"og:image:height\" content=\"600\" \/>\n\t<meta property=\"og:image:type\" content=\"image\/jpeg\" \/>\n<meta name=\"twitter:card\" content=\"summary_large_image\" \/>\n<meta name=\"twitter:site\" content=\"@Displam\" \/>\n<meta name=\"twitter:label1\" content=\"Tiempo de lectura\" \/>\n\t<meta name=\"twitter:data1\" content=\"1 minuto\" \/>\n<script type=\"application\/ld+json\" class=\"yoast-schema-graph\">{\"@context\":\"https:\\\/\\\/schema.org\",\"@graph\":[{\"@type\":\"WebPage\",\"@id\":\"https:\\\/\\\/plamdistributions.com\\\/es\\\/produit\\\/autowax-cire-liquide-pour-auto-unica\\\/\",\"url\":\"https:\\\/\\\/plamdistributions.com\\\/es\\\/produit\\\/autowax-cire-liquide-pour-auto-unica\\\/\",\"name\":\"AUTOWAX\\\/ CIRE LIQUIDE POUR AUTO 4L | Distributions Pla-M\",\"isPartOf\":{\"@id\":\"https:\\\/\\\/plamdistributions.com\\\/#website\"},\"primaryImageOfPage\":{\"@id\":\"https:\\\/\\\/plamdistributions.com\\\/es\\\/produit\\\/autowax-cire-liquide-pour-auto-unica\\\/#primaryimage\"},\"image\":{\"@id\":\"https:\\\/\\\/plamdistributions.com\\\/es\\\/produit\\\/autowax-cire-liquide-pour-auto-unica\\\/#primaryimage\"},\"thumbnailUrl\":\"https:\\\/\\\/plamdistributions.com\\\/wp-content\\\/uploads\\\/2021\\\/05\\\/AUTOWAX-1.jpg\",\"datePublished\":\"2021-05-21T18:35:31+00:00\",\"dateModified\":\"2023-06-12T12:53:19+00:00\",\"breadcrumb\":{\"@id\":\"https:\\\/\\\/plamdistributions.com\\\/es\\\/produit\\\/autowax-cire-liquide-pour-auto-unica\\\/#breadcrumb\"},\"inLanguage\":\"es\",\"potentialAction\":[{\"@type\":\"ReadAction\",\"target\":[\"https:\\\/\\\/plamdistributions.com\\\/es\\\/produit\\\/autowax-cire-liquide-pour-auto-unica\\\/\"]}]},{\"@type\":\"ImageObject\",\"inLanguage\":\"es\",\"@id\":\"https:\\\/\\\/plamdistributions.com\\\/es\\\/produit\\\/autowax-cire-liquide-pour-auto-unica\\\/#primaryimage\",\"url\":\"https:\\\/\\\/plamdistributions.com\\\/wp-content\\\/uploads\\\/2021\\\/05\\\/AUTOWAX-1.jpg\",\"contentUrl\":\"https:\\\/\\\/plamdistributions.com\\\/wp-content\\\/uploads\\\/2021\\\/05\\\/AUTOWAX-1.jpg\",\"width\":600,\"height\":600,\"caption\":\"Facile d\u2019application, elle nettoie, cire, lustre, enl\u00e8ve l\u2019oxydation et imperm\u00e9abilise en une seule \u00e9tape! Il dissout le goudron, les fiente d\u2019oiseau, les r\u00e9sidus d\u2019insectes, la poussi\u00e8re, la suie, la graisse, l\u2019huile et la vapeur de peinture.\"},{\"@type\":\"BreadcrumbList\",\"@id\":\"https:\\\/\\\/plamdistributions.com\\\/es\\\/produit\\\/autowax-cire-liquide-pour-auto-unica\\\/#breadcrumb\",\"itemListElement\":[{\"@type\":\"ListItem\",\"position\":1,\"name\":\"Accueil\",\"item\":\"https:\\\/\\\/plamdistributions.com\\\/es\\\/\"},{\"@type\":\"ListItem\",\"position\":2,\"name\":\"Tienda\",\"item\":\"https:\\\/\\\/plamdistributions.com\\\/es\\\/tienda\\\/\"},{\"@type\":\"ListItem\",\"position\":3,\"name\":\"AUTOWAX\\\/ CIRE LIQUIDE POUR AUTO 4L\"}]},{\"@type\":\"WebSite\",\"@id\":\"https:\\\/\\\/plamdistributions.com\\\/#website\",\"url\":\"https:\\\/\\\/plamdistributions.com\\\/\",\"name\":\"Distributions Pla-M Inc.\",\"description\":\"Venta de productos y equipos sanitarios\",\"publisher\":{\"@id\":\"https:\\\/\\\/plamdistributions.com\\\/#organization\"},\"potentialAction\":[{\"@type\":\"SearchAction\",\"target\":{\"@type\":\"EntryPoint\",\"urlTemplate\":\"https:\\\/\\\/plamdistributions.com\\\/?s={search_term_string}\"},\"query-input\":{\"@type\":\"PropertyValueSpecification\",\"valueRequired\":true,\"valueName\":\"search_term_string\"}}],\"inLanguage\":\"es\"},{\"@type\":\"Organization\",\"@id\":\"https:\\\/\\\/plamdistributions.com\\\/#organization\",\"name\":\"Distributions Pla-M\",\"url\":\"https:\\\/\\\/plamdistributions.com\\\/\",\"logo\":{\"@type\":\"ImageObject\",\"inLanguage\":\"es\",\"@id\":\"https:\\\/\\\/plamdistributions.com\\\/#\\\/schema\\\/logo\\\/image\\\/\",\"url\":\"https:\\\/\\\/plamdistributions.com\\\/wp-content\\\/uploads\\\/2021\\\/05\\\/PLAM-SANS.png\",\"contentUrl\":\"https:\\\/\\\/plamdistributions.com\\\/wp-content\\\/uploads\\\/2021\\\/05\\\/PLAM-SANS.png\",\"width\":289,\"height\":224,\"caption\":\"Distributions Pla-M\"},\"image\":{\"@id\":\"https:\\\/\\\/plamdistributions.com\\\/#\\\/schema\\\/logo\\\/image\\\/\"},\"sameAs\":[\"https:\\\/\\\/www.facebook.com\\\/displam\\\/\",\"https:\\\/\\\/x.com\\\/Displam\",\"https:\\\/\\\/www.youtube.com\\\/channel\\\/UCHmm3HCGnpGuaQ984quISDg\"]}]}<\/script>\n<!-- \/ Yoast SEO plugin. -->","yoast_head_json":{"title":"AUTOWAX\/ CIRE LIQUIDE POUR AUTO 4L | Distributions Pla-M","robots":{"index":"index","follow":"follow","max-snippet":"max-snippet:-1","max-image-preview":"max-image-preview:large","max-video-preview":"max-video-preview:-1"},"canonical":"https:\/\/plamdistributions.com\/es\/produit\/autowax-cire-liquide-pour-auto-unica\/","og_locale":"es_ES","og_type":"article","og_title":"AUTOWAX\/ CIRE LIQUIDE POUR AUTO 4L | Distributions Pla-M","og_description":"Code: AUTOWAX \u2713 Pr\u00eat \u00e0 l&#8217;usage\u00a0 \u2713 Avec carnauba\u00a0 \u2713 Pour tous types de peinture AUTOWAX (Unica) est une cire","og_url":"https:\/\/plamdistributions.com\/es\/produit\/autowax-cire-liquide-pour-auto-unica\/","og_site_name":"Distributions Pla-M","article_publisher":"https:\/\/www.facebook.com\/displam\/","article_modified_time":"2023-06-12T12:53:19+00:00","og_image":[{"width":600,"height":600,"url":"https:\/\/plamdistributions.com\/wp-content\/uploads\/2021\/05\/AUTOWAX-1.jpg","type":"image\/jpeg"}],"twitter_card":"summary_large_image","twitter_site":"@Displam","twitter_misc":{"Tiempo de lectura":"1 minuto"},"schema":{"@context":"https:\/\/schema.org","@graph":[{"@type":"WebPage","@id":"https:\/\/plamdistributions.com\/es\/produit\/autowax-cire-liquide-pour-auto-unica\/","url":"https:\/\/plamdistributions.com\/es\/produit\/autowax-cire-liquide-pour-auto-unica\/","name":"AUTOWAX\/ CIRE LIQUIDE POUR AUTO 4L | Distributions Pla-M","isPartOf":{"@id":"https:\/\/plamdistributions.com\/#website"},"primaryImageOfPage":{"@id":"https:\/\/plamdistributions.com\/es\/produit\/autowax-cire-liquide-pour-auto-unica\/#primaryimage"},"image":{"@id":"https:\/\/plamdistributions.com\/es\/produit\/autowax-cire-liquide-pour-auto-unica\/#primaryimage"},"thumbnailUrl":"https:\/\/plamdistributions.com\/wp-content\/uploads\/2021\/05\/AUTOWAX-1.jpg","datePublished":"2021-05-21T18:35:31+00:00","dateModified":"2023-06-12T12:53:19+00:00","breadcrumb":{"@id":"https:\/\/plamdistributions.com\/es\/produit\/autowax-cire-liquide-pour-auto-unica\/#breadcrumb"},"inLanguage":"es","potentialAction":[{"@type":"ReadAction","target":["https:\/\/plamdistributions.com\/es\/produit\/autowax-cire-liquide-pour-auto-unica\/"]}]},{"@type":"ImageObject","inLanguage":"es","@id":"https:\/\/plamdistributions.com\/es\/produit\/autowax-cire-liquide-pour-auto-unica\/#primaryimage","url":"https:\/\/plamdistributions.com\/wp-content\/uploads\/2021\/05\/AUTOWAX-1.jpg","contentUrl":"https:\/\/plamdistributions.com\/wp-content\/uploads\/2021\/05\/AUTOWAX-1.jpg","width":600,"height":600,"caption":"Facile d\u2019application, elle nettoie, cire, lustre, enl\u00e8ve l\u2019oxydation et imperm\u00e9abilise en une seule \u00e9tape! Il dissout le goudron, les fiente d\u2019oiseau, les r\u00e9sidus d\u2019insectes, la poussi\u00e8re, la suie, la graisse, l\u2019huile et la vapeur de peinture."},{"@type":"BreadcrumbList","@id":"https:\/\/plamdistributions.com\/es\/produit\/autowax-cire-liquide-pour-auto-unica\/#breadcrumb","itemListElement":[{"@type":"ListItem","position":1,"name":"Accueil","item":"https:\/\/plamdistributions.com\/es\/"},{"@type":"ListItem","position":2,"name":"Tienda","item":"https:\/\/plamdistributions.com\/es\/tienda\/"},{"@type":"ListItem","position":3,"name":"AUTOWAX\/ CIRE LIQUIDE POUR AUTO 4L"}]},{"@type":"WebSite","@id":"https:\/\/plamdistributions.com\/#website","url":"https:\/\/plamdistributions.com\/","name":"Distributions Pla-M Inc.","description":"Venta de productos y equipos sanitarios","publisher":{"@id":"https:\/\/plamdistributions.com\/#organization"},"potentialAction":[{"@type":"SearchAction","target":{"@type":"EntryPoint","urlTemplate":"https:\/\/plamdistributions.com\/?s={search_term_string}"},"query-input":{"@type":"PropertyValueSpecification","valueRequired":true,"valueName":"search_term_string"}}],"inLanguage":"es"},{"@type":"Organization","@id":"https:\/\/plamdistributions.com\/#organization","name":"Distributions Pla-M","url":"https:\/\/plamdistributions.com\/","logo":{"@type":"ImageObject","inLanguage":"es","@id":"https:\/\/plamdistributions.com\/#\/schema\/logo\/image\/","url":"https:\/\/plamdistributions.com\/wp-content\/uploads\/2021\/05\/PLAM-SANS.png","contentUrl":"https:\/\/plamdistributions.com\/wp-content\/uploads\/2021\/05\/PLAM-SANS.png","width":289,"height":224,"caption":"Distributions Pla-M"},"image":{"@id":"https:\/\/plamdistributions.com\/#\/schema\/logo\/image\/"},"sameAs":["https:\/\/www.facebook.com\/displam\/","https:\/\/x.com\/Displam","https:\/\/www.youtube.com\/channel\/UCHmm3HCGnpGuaQ984quISDg"]}]}},"_links":{"self":[{"href":"https:\/\/plamdistributions.com\/es\/wp-json\/wp\/v2\/product\/23468","targetHints":{"allow":["GET"]}}],"collection":[{"href":"https:\/\/plamdistributions.com\/es\/wp-json\/wp\/v2\/product"}],"about":[{"href":"https:\/\/plamdistributions.com\/es\/wp-json\/wp\/v2\/types\/product"}],"replies":[{"embeddable":true,"href":"https:\/\/plamdistributions.com\/es\/wp-json\/wp\/v2\/comments?post=23468"}],"wp:featuredmedia":[{"embeddable":true,"href":"https:\/\/plamdistributions.com\/es\/wp-json\/wp\/v2\/media\/23466"}],"wp:attachment":[{"href":"https:\/\/plamdistributions.com\/es\/wp-json\/wp\/v2\/media?parent=23468"}],"wp:term":[{"taxonomy":"product_brand","embeddable":true,"href":"https:\/\/plamdistributions.com\/es\/wp-json\/wp\/v2\/product_brand?post=23468"},{"taxonomy":"product_cat","embeddable":true,"href":"https:\/\/plamdistributions.com\/es\/wp-json\/wp\/v2\/product_cat?post=23468"},{"taxonomy":"product_tag","embeddable":true,"href":"https:\/\/plamdistributions.com\/es\/wp-json\/wp\/v2\/product_tag?post=23468"}],"curies":[{"name":"wp","href":"https:\/\/api.w.org\/{rel}","templated":true}]}}