{"id":23530,"date":"2021-05-21T14:35:57","date_gmt":"2021-05-21T18:35:57","guid":{"rendered":"https:\/\/plamdistributions.com\/produit\/detergent-gel-pour-lave-vaiselle-bionature-2l\/"},"modified":"2026-01-23T12:55:39","modified_gmt":"2026-01-23T16:55:39","slug":"detergent-gel-pour-lave-vaiselle-bionature-2l","status":"publish","type":"product","link":"https:\/\/plamdistributions.com\/es\/produit\/detergent-gel-pour-lave-vaiselle-bionature-2l\/","title":{"rendered":"D\u00c9TERGENT GEL LAVE VAISELLE SANS PHOSPHATE BIONATURE 1.7L \/8"},"content":{"rendered":"<p><img decoding=\"async\" class=\"alignnone wp-image-30990\" src=\"https:\/\/distributionsplam.ca\/wp-content\/uploads\/2020\/09\/Fiche-technique-bilingue-300x134.jpg\" alt=\"Fiche technique bilingue\" width=\"150\" height=\"67\" \/><\/p>\n<p><strong>Code: Bio-172<\/strong><\/p>\n<p><strong>\u2713 Avec agent de rin\u00e7age\u00a0 \u2713 Ultra concentr\u00e9\u00a0 \u2713 Sans phosphate<\/strong><\/p>\n<p>Le gel \u00e0 lave-vaisselle ultra concentr\u00e9 Bionature\u00a0est con\u00e7u pour se dissoudre compl\u00e8tement, contrairement aux nettoyants pour lave-vaisselle en poudre. Il d\u00e9loge la graisse, les taches tenaces et les d\u00e9p\u00f4ts sur tout type de vaisselle. Sa formule unique contient des agents anticalcaires ainsi qu\u2019un agent de rin\u00e7age. Peu importe la quantit\u00e9 de min\u00e9raux dans l\u2019eau, le gel \u00e0 lave-vaisselle reste tout autant performant.<\/p>\n<p><strong>\u2713 Fabricant: Unica Canada<\/strong><\/p>\n<p>&nbsp;<\/p>\n","protected":false},"excerpt":{"rendered":"<p>Code: Bio-172 \u2713 Avec agent de rin\u00e7age\u00a0 \u2713 Ultra concentr\u00e9\u00a0 \u2713 Sans phosphate Le gel \u00e0 lave-vaisselle ultra concentr\u00e9 Bionature\u00a0est<\/p>\n","protected":false},"featured_media":23529,"comment_status":"closed","ping_status":"closed","template":"","meta":[],"product_brand":[],"product_cat":[62,237],"product_tag":[],"class_list":{"0":"post-23530","1":"product","2":"type-product","3":"status-publish","4":"has-post-thumbnail","6":"product_cat-produits-dentretien-menager","7":"product_cat-traitement-des-aliments-et-cuisines","8":"product_shipping_class-standard","10":"first","11":"onbackorder","12":"taxable","13":"shipping-taxable","14":"purchasable","15":"product-type-simple"},"yoast_head":"<!-- This site is optimized with the Yoast SEO plugin v27.4 - https:\/\/yoast.com\/product\/yoast-seo-wordpress\/ -->\n<title>D\u00c9TERGENT GEL LAVE VAISELLE SANS PHOSPHATE BIONATURE 1.7L \/8 | Distributions Pla-M<\/title>\n<meta name=\"robots\" content=\"index, follow, max-snippet:-1, max-image-preview:large, max-video-preview:-1\" \/>\n<link rel=\"canonical\" href=\"https:\/\/plamdistributions.com\/produit\/detergent-gel-pour-lave-vaiselle-bionature-2l\/\" \/>\n<meta property=\"og:locale\" content=\"es_ES\" \/>\n<meta property=\"og:type\" content=\"article\" \/>\n<meta property=\"og:title\" content=\"D\u00c9TERGENT GEL LAVE VAISELLE SANS PHOSPHATE BIONATURE 1.7L \/8 | Distributions Pla-M\" \/>\n<meta property=\"og:description\" content=\"Code: Bio-172 \u2713 Avec agent de rin\u00e7age\u00a0 \u2713 Ultra concentr\u00e9\u00a0 \u2713 Sans phosphate Le gel \u00e0 lave-vaisselle ultra concentr\u00e9 Bionature\u00a0est\" \/>\n<meta property=\"og:url\" content=\"https:\/\/plamdistributions.com\/produit\/detergent-gel-pour-lave-vaiselle-bionature-2l\/\" \/>\n<meta property=\"og:site_name\" content=\"Distributions Pla-M\" \/>\n<meta property=\"article:publisher\" content=\"https:\/\/www.facebook.com\/displam\/\" \/>\n<meta property=\"article:modified_time\" content=\"2026-01-23T16:55:39+00:00\" \/>\n<meta property=\"og:image\" content=\"https:\/\/plamdistributions.com\/wp-content\/uploads\/2021\/05\/BIO-172-1.jpg\" \/>\n\t<meta property=\"og:image:width\" content=\"600\" \/>\n\t<meta property=\"og:image:height\" content=\"600\" \/>\n\t<meta property=\"og:image:type\" content=\"image\/jpeg\" \/>\n<meta name=\"twitter:card\" content=\"summary_large_image\" \/>\n<meta name=\"twitter:site\" content=\"@Displam\" \/>\n<script type=\"application\/ld+json\" class=\"yoast-schema-graph\">{\"@context\":\"https:\\\/\\\/schema.org\",\"@graph\":[{\"@type\":\"WebPage\",\"@id\":\"https:\\\/\\\/plamdistributions.com\\\/produit\\\/detergent-gel-pour-lave-vaiselle-bionature-2l\\\/\",\"url\":\"https:\\\/\\\/plamdistributions.com\\\/produit\\\/detergent-gel-pour-lave-vaiselle-bionature-2l\\\/\",\"name\":\"D\u00c9TERGENT GEL LAVE VAISELLE SANS PHOSPHATE BIONATURE 1.7L \\\/8 | Distributions Pla-M\",\"isPartOf\":{\"@id\":\"https:\\\/\\\/plamdistributions.com\\\/#website\"},\"primaryImageOfPage\":{\"@id\":\"https:\\\/\\\/plamdistributions.com\\\/produit\\\/detergent-gel-pour-lave-vaiselle-bionature-2l\\\/#primaryimage\"},\"image\":{\"@id\":\"https:\\\/\\\/plamdistributions.com\\\/produit\\\/detergent-gel-pour-lave-vaiselle-bionature-2l\\\/#primaryimage\"},\"thumbnailUrl\":\"https:\\\/\\\/plamdistributions.com\\\/wp-content\\\/uploads\\\/2021\\\/05\\\/BIO-172-1.jpg\",\"datePublished\":\"2021-05-21T18:35:57+00:00\",\"dateModified\":\"2026-01-23T16:55:39+00:00\",\"breadcrumb\":{\"@id\":\"https:\\\/\\\/plamdistributions.com\\\/produit\\\/detergent-gel-pour-lave-vaiselle-bionature-2l\\\/#breadcrumb\"},\"inLanguage\":\"es\",\"potentialAction\":[{\"@type\":\"ReadAction\",\"target\":[\"https:\\\/\\\/plamdistributions.com\\\/produit\\\/detergent-gel-pour-lave-vaiselle-bionature-2l\\\/\"]}]},{\"@type\":\"ImageObject\",\"inLanguage\":\"es\",\"@id\":\"https:\\\/\\\/plamdistributions.com\\\/produit\\\/detergent-gel-pour-lave-vaiselle-bionature-2l\\\/#primaryimage\",\"url\":\"https:\\\/\\\/plamdistributions.com\\\/wp-content\\\/uploads\\\/2021\\\/05\\\/BIO-172-1.jpg\",\"contentUrl\":\"https:\\\/\\\/plamdistributions.com\\\/wp-content\\\/uploads\\\/2021\\\/05\\\/BIO-172-1.jpg\",\"width\":600,\"height\":600},{\"@type\":\"BreadcrumbList\",\"@id\":\"https:\\\/\\\/plamdistributions.com\\\/produit\\\/detergent-gel-pour-lave-vaiselle-bionature-2l\\\/#breadcrumb\",\"itemListElement\":[{\"@type\":\"ListItem\",\"position\":1,\"name\":\"Accueil\",\"item\":\"https:\\\/\\\/plamdistributions.com\\\/es\\\/\"},{\"@type\":\"ListItem\",\"position\":2,\"name\":\"Tienda\",\"item\":\"https:\\\/\\\/plamdistributions.com\\\/es\\\/tienda\\\/\"},{\"@type\":\"ListItem\",\"position\":3,\"name\":\"D\u00c9TERGENT GEL LAVE VAISELLE SANS PHOSPHATE BIONATURE 1.7L \\\/8\"}]},{\"@type\":\"WebSite\",\"@id\":\"https:\\\/\\\/plamdistributions.com\\\/#website\",\"url\":\"https:\\\/\\\/plamdistributions.com\\\/\",\"name\":\"Distributions Pla-M Inc.\",\"description\":\"Venta de productos y equipos sanitarios\",\"publisher\":{\"@id\":\"https:\\\/\\\/plamdistributions.com\\\/#organization\"},\"potentialAction\":[{\"@type\":\"SearchAction\",\"target\":{\"@type\":\"EntryPoint\",\"urlTemplate\":\"https:\\\/\\\/plamdistributions.com\\\/?s={search_term_string}\"},\"query-input\":{\"@type\":\"PropertyValueSpecification\",\"valueRequired\":true,\"valueName\":\"search_term_string\"}}],\"inLanguage\":\"es\"},{\"@type\":\"Organization\",\"@id\":\"https:\\\/\\\/plamdistributions.com\\\/#organization\",\"name\":\"Distributions Pla-M\",\"url\":\"https:\\\/\\\/plamdistributions.com\\\/\",\"logo\":{\"@type\":\"ImageObject\",\"inLanguage\":\"es\",\"@id\":\"https:\\\/\\\/plamdistributions.com\\\/#\\\/schema\\\/logo\\\/image\\\/\",\"url\":\"https:\\\/\\\/plamdistributions.com\\\/wp-content\\\/uploads\\\/2021\\\/05\\\/PLAM-SANS.png\",\"contentUrl\":\"https:\\\/\\\/plamdistributions.com\\\/wp-content\\\/uploads\\\/2021\\\/05\\\/PLAM-SANS.png\",\"width\":289,\"height\":224,\"caption\":\"Distributions Pla-M\"},\"image\":{\"@id\":\"https:\\\/\\\/plamdistributions.com\\\/#\\\/schema\\\/logo\\\/image\\\/\"},\"sameAs\":[\"https:\\\/\\\/www.facebook.com\\\/displam\\\/\",\"https:\\\/\\\/x.com\\\/Displam\",\"https:\\\/\\\/www.youtube.com\\\/channel\\\/UCHmm3HCGnpGuaQ984quISDg\"]}]}<\/script>\n<!-- \/ Yoast SEO plugin. -->","yoast_head_json":{"title":"D\u00c9TERGENT GEL LAVE VAISELLE SANS PHOSPHATE BIONATURE 1.7L \/8 | Distributions Pla-M","robots":{"index":"index","follow":"follow","max-snippet":"max-snippet:-1","max-image-preview":"max-image-preview:large","max-video-preview":"max-video-preview:-1"},"canonical":"https:\/\/plamdistributions.com\/produit\/detergent-gel-pour-lave-vaiselle-bionature-2l\/","og_locale":"es_ES","og_type":"article","og_title":"D\u00c9TERGENT GEL LAVE VAISELLE SANS PHOSPHATE BIONATURE 1.7L \/8 | Distributions Pla-M","og_description":"Code: Bio-172 \u2713 Avec agent de rin\u00e7age\u00a0 \u2713 Ultra concentr\u00e9\u00a0 \u2713 Sans phosphate Le gel \u00e0 lave-vaisselle ultra concentr\u00e9 Bionature\u00a0est","og_url":"https:\/\/plamdistributions.com\/produit\/detergent-gel-pour-lave-vaiselle-bionature-2l\/","og_site_name":"Distributions Pla-M","article_publisher":"https:\/\/www.facebook.com\/displam\/","article_modified_time":"2026-01-23T16:55:39+00:00","og_image":[{"width":600,"height":600,"url":"https:\/\/plamdistributions.com\/wp-content\/uploads\/2021\/05\/BIO-172-1.jpg","type":"image\/jpeg"}],"twitter_card":"summary_large_image","twitter_site":"@Displam","schema":{"@context":"https:\/\/schema.org","@graph":[{"@type":"WebPage","@id":"https:\/\/plamdistributions.com\/produit\/detergent-gel-pour-lave-vaiselle-bionature-2l\/","url":"https:\/\/plamdistributions.com\/produit\/detergent-gel-pour-lave-vaiselle-bionature-2l\/","name":"D\u00c9TERGENT GEL LAVE VAISELLE SANS PHOSPHATE BIONATURE 1.7L \/8 | Distributions Pla-M","isPartOf":{"@id":"https:\/\/plamdistributions.com\/#website"},"primaryImageOfPage":{"@id":"https:\/\/plamdistributions.com\/produit\/detergent-gel-pour-lave-vaiselle-bionature-2l\/#primaryimage"},"image":{"@id":"https:\/\/plamdistributions.com\/produit\/detergent-gel-pour-lave-vaiselle-bionature-2l\/#primaryimage"},"thumbnailUrl":"https:\/\/plamdistributions.com\/wp-content\/uploads\/2021\/05\/BIO-172-1.jpg","datePublished":"2021-05-21T18:35:57+00:00","dateModified":"2026-01-23T16:55:39+00:00","breadcrumb":{"@id":"https:\/\/plamdistributions.com\/produit\/detergent-gel-pour-lave-vaiselle-bionature-2l\/#breadcrumb"},"inLanguage":"es","potentialAction":[{"@type":"ReadAction","target":["https:\/\/plamdistributions.com\/produit\/detergent-gel-pour-lave-vaiselle-bionature-2l\/"]}]},{"@type":"ImageObject","inLanguage":"es","@id":"https:\/\/plamdistributions.com\/produit\/detergent-gel-pour-lave-vaiselle-bionature-2l\/#primaryimage","url":"https:\/\/plamdistributions.com\/wp-content\/uploads\/2021\/05\/BIO-172-1.jpg","contentUrl":"https:\/\/plamdistributions.com\/wp-content\/uploads\/2021\/05\/BIO-172-1.jpg","width":600,"height":600},{"@type":"BreadcrumbList","@id":"https:\/\/plamdistributions.com\/produit\/detergent-gel-pour-lave-vaiselle-bionature-2l\/#breadcrumb","itemListElement":[{"@type":"ListItem","position":1,"name":"Accueil","item":"https:\/\/plamdistributions.com\/es\/"},{"@type":"ListItem","position":2,"name":"Tienda","item":"https:\/\/plamdistributions.com\/es\/tienda\/"},{"@type":"ListItem","position":3,"name":"D\u00c9TERGENT GEL LAVE VAISELLE SANS PHOSPHATE BIONATURE 1.7L \/8"}]},{"@type":"WebSite","@id":"https:\/\/plamdistributions.com\/#website","url":"https:\/\/plamdistributions.com\/","name":"Distributions Pla-M Inc.","description":"Venta de productos y equipos sanitarios","publisher":{"@id":"https:\/\/plamdistributions.com\/#organization"},"potentialAction":[{"@type":"SearchAction","target":{"@type":"EntryPoint","urlTemplate":"https:\/\/plamdistributions.com\/?s={search_term_string}"},"query-input":{"@type":"PropertyValueSpecification","valueRequired":true,"valueName":"search_term_string"}}],"inLanguage":"es"},{"@type":"Organization","@id":"https:\/\/plamdistributions.com\/#organization","name":"Distributions Pla-M","url":"https:\/\/plamdistributions.com\/","logo":{"@type":"ImageObject","inLanguage":"es","@id":"https:\/\/plamdistributions.com\/#\/schema\/logo\/image\/","url":"https:\/\/plamdistributions.com\/wp-content\/uploads\/2021\/05\/PLAM-SANS.png","contentUrl":"https:\/\/plamdistributions.com\/wp-content\/uploads\/2021\/05\/PLAM-SANS.png","width":289,"height":224,"caption":"Distributions Pla-M"},"image":{"@id":"https:\/\/plamdistributions.com\/#\/schema\/logo\/image\/"},"sameAs":["https:\/\/www.facebook.com\/displam\/","https:\/\/x.com\/Displam","https:\/\/www.youtube.com\/channel\/UCHmm3HCGnpGuaQ984quISDg"]}]}},"_links":{"self":[{"href":"https:\/\/plamdistributions.com\/es\/wp-json\/wp\/v2\/product\/23530","targetHints":{"allow":["GET"]}}],"collection":[{"href":"https:\/\/plamdistributions.com\/es\/wp-json\/wp\/v2\/product"}],"about":[{"href":"https:\/\/plamdistributions.com\/es\/wp-json\/wp\/v2\/types\/product"}],"replies":[{"embeddable":true,"href":"https:\/\/plamdistributions.com\/es\/wp-json\/wp\/v2\/comments?post=23530"}],"wp:featuredmedia":[{"embeddable":true,"href":"https:\/\/plamdistributions.com\/es\/wp-json\/wp\/v2\/media\/23529"}],"wp:attachment":[{"href":"https:\/\/plamdistributions.com\/es\/wp-json\/wp\/v2\/media?parent=23530"}],"wp:term":[{"taxonomy":"product_brand","embeddable":true,"href":"https:\/\/plamdistributions.com\/es\/wp-json\/wp\/v2\/product_brand?post=23530"},{"taxonomy":"product_cat","embeddable":true,"href":"https:\/\/plamdistributions.com\/es\/wp-json\/wp\/v2\/product_cat?post=23530"},{"taxonomy":"product_tag","embeddable":true,"href":"https:\/\/plamdistributions.com\/es\/wp-json\/wp\/v2\/product_tag?post=23530"}],"curies":[{"name":"wp","href":"https:\/\/api.w.org\/{rel}","templated":true}]}}