{"id":23532,"date":"2021-05-21T14:35:58","date_gmt":"2021-05-21T18:35:58","guid":{"rendered":"https:\/\/plamdistributions.com\/produit\/nettoyant-salle-de-bain-et-ceramique-bionature-4l\/"},"modified":"2026-04-10T14:55:49","modified_gmt":"2026-04-10T18:55:49","slug":"nettoyant-salle-de-bain-et-ceramique-bionature-4l","status":"publish","type":"product","link":"https:\/\/plamdistributions.com\/es\/produit\/nettoyant-salle-de-bain-et-ceramique-bionature-4l\/","title":{"rendered":"NETTOYANT SALLE DE BAIN BIONATURE \/ 4L"},"content":{"rendered":"<h4>Code: BIO-194<\/h4>\n<h4 class=\"sous-titre\"><span class=\"badge bg-pomme\">\u2713 \u00c9limine savon et moisissure<\/span>\u00a0<span class=\"badge bg-pomme\">\u2713 Biotechnologique<\/span><\/h4>\n<p class=\"text-justify\">Sa composante biotechnologique est constitu\u00e9e de micro organismes qui s\u2019attaquent directement \u00e0 la mati\u00e8re organique et aux prot\u00e9ines qui causent la salet\u00e9 et les mauvaises odeurs. Il \u00e9limine les r\u00e9sidus de savon, le tartre et la moisissure sur toutes les surfaces de votre salle de bain telles que : la baignoire, la douche, l\u2019\u00e9vier, la cuvette, les tuiles, la c\u00e9ramique et le comptoir. Excellente option pour remplacer vos nettoyants chimiques et corrosifs, il laisse un fini \u00e9clatant sans \u00e9manation toxique.<\/p>\n<h4 class=\"sous-titre\"><span class=\"badge bg-pomme\">\u2713\u00a0<\/span>Fabricant: Unica Canada<\/h4>\n","protected":false},"excerpt":{"rendered":"<p>Code: BIO-194 \u2713 \u00c9limine savon et moisissure\u00a0\u2713 Biotechnologique Sa composante biotechnologique est constitu\u00e9e de micro organismes qui s\u2019attaquent directement \u00e0<\/p>\n","protected":false},"featured_media":23531,"comment_status":"closed","ping_status":"closed","template":"","meta":[],"product_brand":[],"product_cat":[62,249],"product_tag":[],"class_list":{"0":"post-23532","1":"product","2":"type-product","3":"status-publish","4":"has-post-thumbnail","6":"product_cat-produits-dentretien-menager","7":"product_cat-salles-de-bain","8":"product_shipping_class-standard","10":"first","11":"instock","12":"taxable","13":"shipping-taxable","14":"purchasable","15":"product-type-simple"},"yoast_head":"<!-- This site is optimized with the Yoast SEO plugin v27.4 - https:\/\/yoast.com\/product\/yoast-seo-wordpress\/ -->\n<title>NETTOYANT SALLE DE BAIN BIONATURE \/ 4L | Distributions Pla-M<\/title>\n<meta name=\"robots\" content=\"index, follow, max-snippet:-1, max-image-preview:large, max-video-preview:-1\" \/>\n<link rel=\"canonical\" href=\"https:\/\/plamdistributions.com\/produit\/nettoyant-salle-de-bain-et-ceramique-bionature-4l\/\" \/>\n<meta property=\"og:locale\" content=\"es_ES\" \/>\n<meta property=\"og:type\" content=\"article\" \/>\n<meta property=\"og:title\" content=\"NETTOYANT SALLE DE BAIN BIONATURE \/ 4L | Distributions Pla-M\" \/>\n<meta property=\"og:description\" content=\"Code: BIO-194 \u2713 \u00c9limine savon et moisissure\u00a0\u2713 Biotechnologique Sa composante biotechnologique est constitu\u00e9e de micro organismes qui s\u2019attaquent directement \u00e0\" \/>\n<meta property=\"og:url\" content=\"https:\/\/plamdistributions.com\/produit\/nettoyant-salle-de-bain-et-ceramique-bionature-4l\/\" \/>\n<meta property=\"og:site_name\" content=\"Distributions Pla-M\" \/>\n<meta property=\"article:publisher\" content=\"https:\/\/www.facebook.com\/displam\/\" \/>\n<meta property=\"article:modified_time\" content=\"2026-04-10T18:55:49+00:00\" \/>\n<meta property=\"og:image\" content=\"https:\/\/plamdistributions.com\/wp-content\/uploads\/2021\/05\/BIO-194-1.jpg\" \/>\n\t<meta property=\"og:image:width\" content=\"600\" \/>\n\t<meta property=\"og:image:height\" content=\"600\" \/>\n\t<meta property=\"og:image:type\" content=\"image\/jpeg\" \/>\n<meta name=\"twitter:card\" content=\"summary_large_image\" \/>\n<meta name=\"twitter:site\" content=\"@Displam\" \/>\n<meta name=\"twitter:label1\" content=\"Tiempo de lectura\" \/>\n\t<meta name=\"twitter:data1\" content=\"1 minuto\" \/>\n<script type=\"application\/ld+json\" class=\"yoast-schema-graph\">{\"@context\":\"https:\\\/\\\/schema.org\",\"@graph\":[{\"@type\":\"WebPage\",\"@id\":\"https:\\\/\\\/plamdistributions.com\\\/produit\\\/nettoyant-salle-de-bain-et-ceramique-bionature-4l\\\/\",\"url\":\"https:\\\/\\\/plamdistributions.com\\\/produit\\\/nettoyant-salle-de-bain-et-ceramique-bionature-4l\\\/\",\"name\":\"NETTOYANT SALLE DE BAIN BIONATURE \\\/ 4L | Distributions Pla-M\",\"isPartOf\":{\"@id\":\"https:\\\/\\\/plamdistributions.com\\\/en\\\/#website\"},\"primaryImageOfPage\":{\"@id\":\"https:\\\/\\\/plamdistributions.com\\\/produit\\\/nettoyant-salle-de-bain-et-ceramique-bionature-4l\\\/#primaryimage\"},\"image\":{\"@id\":\"https:\\\/\\\/plamdistributions.com\\\/produit\\\/nettoyant-salle-de-bain-et-ceramique-bionature-4l\\\/#primaryimage\"},\"thumbnailUrl\":\"https:\\\/\\\/plamdistributions.com\\\/wp-content\\\/uploads\\\/2021\\\/05\\\/BIO-194-1.jpg\",\"datePublished\":\"2021-05-21T18:35:58+00:00\",\"dateModified\":\"2026-04-10T18:55:49+00:00\",\"breadcrumb\":{\"@id\":\"https:\\\/\\\/plamdistributions.com\\\/produit\\\/nettoyant-salle-de-bain-et-ceramique-bionature-4l\\\/#breadcrumb\"},\"inLanguage\":\"es\",\"potentialAction\":[{\"@type\":\"ReadAction\",\"target\":[\"https:\\\/\\\/plamdistributions.com\\\/produit\\\/nettoyant-salle-de-bain-et-ceramique-bionature-4l\\\/\"]}]},{\"@type\":\"ImageObject\",\"inLanguage\":\"es\",\"@id\":\"https:\\\/\\\/plamdistributions.com\\\/produit\\\/nettoyant-salle-de-bain-et-ceramique-bionature-4l\\\/#primaryimage\",\"url\":\"https:\\\/\\\/plamdistributions.com\\\/wp-content\\\/uploads\\\/2021\\\/05\\\/BIO-194-1.jpg\",\"contentUrl\":\"https:\\\/\\\/plamdistributions.com\\\/wp-content\\\/uploads\\\/2021\\\/05\\\/BIO-194-1.jpg\",\"width\":600,\"height\":600,\"caption\":\"BIO 194 - Distributions Pla-M \\\/ Unica Canada\"},{\"@type\":\"BreadcrumbList\",\"@id\":\"https:\\\/\\\/plamdistributions.com\\\/produit\\\/nettoyant-salle-de-bain-et-ceramique-bionature-4l\\\/#breadcrumb\",\"itemListElement\":[{\"@type\":\"ListItem\",\"position\":1,\"name\":\"Accueil\",\"item\":\"https:\\\/\\\/plamdistributions.com\\\/es\\\/\"},{\"@type\":\"ListItem\",\"position\":2,\"name\":\"Tienda\",\"item\":\"https:\\\/\\\/plamdistributions.com\\\/es\\\/tienda\\\/\"},{\"@type\":\"ListItem\",\"position\":3,\"name\":\"NETTOYANT SALLE DE BAIN BIONATURE \\\/ 4L\"}]},{\"@type\":\"WebSite\",\"@id\":\"https:\\\/\\\/plamdistributions.com\\\/en\\\/#website\",\"url\":\"https:\\\/\\\/plamdistributions.com\\\/en\\\/\",\"name\":\"Distributions Pla-M Inc.\",\"description\":\"Venta de productos y equipos sanitarios\",\"publisher\":{\"@id\":\"https:\\\/\\\/plamdistributions.com\\\/en\\\/#organization\"},\"potentialAction\":[{\"@type\":\"SearchAction\",\"target\":{\"@type\":\"EntryPoint\",\"urlTemplate\":\"https:\\\/\\\/plamdistributions.com\\\/en\\\/?s={search_term_string}\"},\"query-input\":{\"@type\":\"PropertyValueSpecification\",\"valueRequired\":true,\"valueName\":\"search_term_string\"}}],\"inLanguage\":\"es\"},{\"@type\":\"Organization\",\"@id\":\"https:\\\/\\\/plamdistributions.com\\\/en\\\/#organization\",\"name\":\"Distributions Pla-M\",\"url\":\"https:\\\/\\\/plamdistributions.com\\\/en\\\/\",\"logo\":{\"@type\":\"ImageObject\",\"inLanguage\":\"es\",\"@id\":\"https:\\\/\\\/plamdistributions.com\\\/en\\\/#\\\/schema\\\/logo\\\/image\\\/\",\"url\":\"https:\\\/\\\/plamdistributions.com\\\/wp-content\\\/uploads\\\/2021\\\/05\\\/PLAM-SANS.png\",\"contentUrl\":\"https:\\\/\\\/plamdistributions.com\\\/wp-content\\\/uploads\\\/2021\\\/05\\\/PLAM-SANS.png\",\"width\":289,\"height\":224,\"caption\":\"Distributions Pla-M\"},\"image\":{\"@id\":\"https:\\\/\\\/plamdistributions.com\\\/en\\\/#\\\/schema\\\/logo\\\/image\\\/\"},\"sameAs\":[\"https:\\\/\\\/www.facebook.com\\\/displam\\\/\",\"https:\\\/\\\/x.com\\\/Displam\",\"https:\\\/\\\/www.youtube.com\\\/channel\\\/UCHmm3HCGnpGuaQ984quISDg\"]}]}<\/script>\n<!-- \/ Yoast SEO plugin. -->","yoast_head_json":{"title":"NETTOYANT SALLE DE BAIN BIONATURE \/ 4L | Distributions Pla-M","robots":{"index":"index","follow":"follow","max-snippet":"max-snippet:-1","max-image-preview":"max-image-preview:large","max-video-preview":"max-video-preview:-1"},"canonical":"https:\/\/plamdistributions.com\/produit\/nettoyant-salle-de-bain-et-ceramique-bionature-4l\/","og_locale":"es_ES","og_type":"article","og_title":"NETTOYANT SALLE DE BAIN BIONATURE \/ 4L | Distributions Pla-M","og_description":"Code: BIO-194 \u2713 \u00c9limine savon et moisissure\u00a0\u2713 Biotechnologique Sa composante biotechnologique est constitu\u00e9e de micro organismes qui s\u2019attaquent directement \u00e0","og_url":"https:\/\/plamdistributions.com\/produit\/nettoyant-salle-de-bain-et-ceramique-bionature-4l\/","og_site_name":"Distributions Pla-M","article_publisher":"https:\/\/www.facebook.com\/displam\/","article_modified_time":"2026-04-10T18:55:49+00:00","og_image":[{"width":600,"height":600,"url":"https:\/\/plamdistributions.com\/wp-content\/uploads\/2021\/05\/BIO-194-1.jpg","type":"image\/jpeg"}],"twitter_card":"summary_large_image","twitter_site":"@Displam","twitter_misc":{"Tiempo de lectura":"1 minuto"},"schema":{"@context":"https:\/\/schema.org","@graph":[{"@type":"WebPage","@id":"https:\/\/plamdistributions.com\/produit\/nettoyant-salle-de-bain-et-ceramique-bionature-4l\/","url":"https:\/\/plamdistributions.com\/produit\/nettoyant-salle-de-bain-et-ceramique-bionature-4l\/","name":"NETTOYANT SALLE DE BAIN BIONATURE \/ 4L | Distributions Pla-M","isPartOf":{"@id":"https:\/\/plamdistributions.com\/en\/#website"},"primaryImageOfPage":{"@id":"https:\/\/plamdistributions.com\/produit\/nettoyant-salle-de-bain-et-ceramique-bionature-4l\/#primaryimage"},"image":{"@id":"https:\/\/plamdistributions.com\/produit\/nettoyant-salle-de-bain-et-ceramique-bionature-4l\/#primaryimage"},"thumbnailUrl":"https:\/\/plamdistributions.com\/wp-content\/uploads\/2021\/05\/BIO-194-1.jpg","datePublished":"2021-05-21T18:35:58+00:00","dateModified":"2026-04-10T18:55:49+00:00","breadcrumb":{"@id":"https:\/\/plamdistributions.com\/produit\/nettoyant-salle-de-bain-et-ceramique-bionature-4l\/#breadcrumb"},"inLanguage":"es","potentialAction":[{"@type":"ReadAction","target":["https:\/\/plamdistributions.com\/produit\/nettoyant-salle-de-bain-et-ceramique-bionature-4l\/"]}]},{"@type":"ImageObject","inLanguage":"es","@id":"https:\/\/plamdistributions.com\/produit\/nettoyant-salle-de-bain-et-ceramique-bionature-4l\/#primaryimage","url":"https:\/\/plamdistributions.com\/wp-content\/uploads\/2021\/05\/BIO-194-1.jpg","contentUrl":"https:\/\/plamdistributions.com\/wp-content\/uploads\/2021\/05\/BIO-194-1.jpg","width":600,"height":600,"caption":"BIO 194 - Distributions Pla-M \/ Unica Canada"},{"@type":"BreadcrumbList","@id":"https:\/\/plamdistributions.com\/produit\/nettoyant-salle-de-bain-et-ceramique-bionature-4l\/#breadcrumb","itemListElement":[{"@type":"ListItem","position":1,"name":"Accueil","item":"https:\/\/plamdistributions.com\/es\/"},{"@type":"ListItem","position":2,"name":"Tienda","item":"https:\/\/plamdistributions.com\/es\/tienda\/"},{"@type":"ListItem","position":3,"name":"NETTOYANT SALLE DE BAIN BIONATURE \/ 4L"}]},{"@type":"WebSite","@id":"https:\/\/plamdistributions.com\/en\/#website","url":"https:\/\/plamdistributions.com\/en\/","name":"Distributions Pla-M Inc.","description":"Venta de productos y equipos sanitarios","publisher":{"@id":"https:\/\/plamdistributions.com\/en\/#organization"},"potentialAction":[{"@type":"SearchAction","target":{"@type":"EntryPoint","urlTemplate":"https:\/\/plamdistributions.com\/en\/?s={search_term_string}"},"query-input":{"@type":"PropertyValueSpecification","valueRequired":true,"valueName":"search_term_string"}}],"inLanguage":"es"},{"@type":"Organization","@id":"https:\/\/plamdistributions.com\/en\/#organization","name":"Distributions Pla-M","url":"https:\/\/plamdistributions.com\/en\/","logo":{"@type":"ImageObject","inLanguage":"es","@id":"https:\/\/plamdistributions.com\/en\/#\/schema\/logo\/image\/","url":"https:\/\/plamdistributions.com\/wp-content\/uploads\/2021\/05\/PLAM-SANS.png","contentUrl":"https:\/\/plamdistributions.com\/wp-content\/uploads\/2021\/05\/PLAM-SANS.png","width":289,"height":224,"caption":"Distributions Pla-M"},"image":{"@id":"https:\/\/plamdistributions.com\/en\/#\/schema\/logo\/image\/"},"sameAs":["https:\/\/www.facebook.com\/displam\/","https:\/\/x.com\/Displam","https:\/\/www.youtube.com\/channel\/UCHmm3HCGnpGuaQ984quISDg"]}]}},"_links":{"self":[{"href":"https:\/\/plamdistributions.com\/es\/wp-json\/wp\/v2\/product\/23532","targetHints":{"allow":["GET"]}}],"collection":[{"href":"https:\/\/plamdistributions.com\/es\/wp-json\/wp\/v2\/product"}],"about":[{"href":"https:\/\/plamdistributions.com\/es\/wp-json\/wp\/v2\/types\/product"}],"replies":[{"embeddable":true,"href":"https:\/\/plamdistributions.com\/es\/wp-json\/wp\/v2\/comments?post=23532"}],"wp:featuredmedia":[{"embeddable":true,"href":"https:\/\/plamdistributions.com\/es\/wp-json\/wp\/v2\/media\/23531"}],"wp:attachment":[{"href":"https:\/\/plamdistributions.com\/es\/wp-json\/wp\/v2\/media?parent=23532"}],"wp:term":[{"taxonomy":"product_brand","embeddable":true,"href":"https:\/\/plamdistributions.com\/es\/wp-json\/wp\/v2\/product_brand?post=23532"},{"taxonomy":"product_cat","embeddable":true,"href":"https:\/\/plamdistributions.com\/es\/wp-json\/wp\/v2\/product_cat?post=23532"},{"taxonomy":"product_tag","embeddable":true,"href":"https:\/\/plamdistributions.com\/es\/wp-json\/wp\/v2\/product_tag?post=23532"}],"curies":[{"name":"wp","href":"https:\/\/api.w.org\/{rel}","templated":true}]}}