{"id":23540,"date":"2021-05-21T14:36:14","date_gmt":"2021-05-21T18:36:14","guid":{"rendered":"https:\/\/plamdistributions.com\/produit\/bionature-302-nettoyant-lustrant-pour-chrome-et-inox-1l\/"},"modified":"2026-04-16T13:37:23","modified_gmt":"2026-04-16T17:37:23","slug":"bionature-302-nettoyant-lustrant-pour-chrome-et-inox-1l","status":"publish","type":"product","link":"https:\/\/plamdistributions.com\/es\/produit\/bionature-302-nettoyant-lustrant-pour-chrome-et-inox-1l\/","title":{"rendered":"NETTOYANT LUSTRANT POUR CHROME ET INOX BIONATURE 800ML"},"content":{"rendered":"<p><strong>Code: BIO-302<\/strong><\/p>\n<p class=\"sous-titre\"><strong><span class=\"badge bg-pomme\">\u2713 Prot\u00e8ge contre l\u2019oxydation<\/span>\u00a0<span class=\"badge bg-pomme\">\u2713 Brillance accrue<\/span><\/strong><\/p>\n<p class=\"text-justify\">Le Lustrant chrome et inox redonne \u00e9clat tout en d\u00e9graissant sur les surfaces de chrome et d\u2019acier inoxydable. Il laisse une couche protectrice afin de faciliter le nettoyage quotidien. Id\u00e9ale pour l\u2019entretien des cuisines et plus sp\u00e9cifiquement pour les comptoirs et les r\u00e9frig\u00e9rateurs en acier inoxydable.<\/p>\n<p><strong>\u2713 Fabricant: Unica Canada<\/strong><\/p>\n","protected":false},"excerpt":{"rendered":"<p>Code: BIO-302 \u2713 Prot\u00e8ge contre l\u2019oxydation\u00a0\u2713 Brillance accrue Le Lustrant chrome et inox redonne \u00e9clat tout en d\u00e9graissant sur les<\/p>\n","protected":false},"featured_media":23539,"comment_status":"closed","ping_status":"closed","template":"","meta":[],"product_brand":[],"product_cat":[62,124],"product_tag":[],"class_list":{"0":"post-23540","1":"product","2":"type-product","3":"status-publish","4":"has-post-thumbnail","6":"product_cat-produits-dentretien-menager","7":"product_cat-vitres-chrome-et-les-miroirs","8":"product_shipping_class-standard","10":"first","11":"instock","12":"taxable","13":"shipping-taxable","14":"purchasable","15":"product-type-simple"},"yoast_head":"<!-- This site is optimized with the Yoast SEO plugin v27.4 - https:\/\/yoast.com\/product\/yoast-seo-wordpress\/ -->\n<title>NETTOYANT LUSTRANT POUR CHROME ET INOX BIONATURE 800ML | Distributions Pla-M<\/title>\n<meta name=\"robots\" content=\"index, follow, max-snippet:-1, max-image-preview:large, max-video-preview:-1\" \/>\n<link rel=\"canonical\" href=\"https:\/\/plamdistributions.com\/produit\/bionature-302-nettoyant-lustrant-pour-chrome-et-inox-1l\/\" \/>\n<meta property=\"og:locale\" content=\"es_ES\" \/>\n<meta property=\"og:type\" content=\"article\" \/>\n<meta property=\"og:title\" content=\"NETTOYANT LUSTRANT POUR CHROME ET INOX BIONATURE 800ML | Distributions Pla-M\" \/>\n<meta property=\"og:description\" content=\"Code: BIO-302 \u2713 Prot\u00e8ge contre l\u2019oxydation\u00a0\u2713 Brillance accrue Le Lustrant chrome et inox redonne \u00e9clat tout en d\u00e9graissant sur les\" \/>\n<meta property=\"og:url\" content=\"https:\/\/plamdistributions.com\/produit\/bionature-302-nettoyant-lustrant-pour-chrome-et-inox-1l\/\" \/>\n<meta property=\"og:site_name\" content=\"Distributions Pla-M\" \/>\n<meta property=\"article:publisher\" content=\"https:\/\/www.facebook.com\/displam\/\" \/>\n<meta property=\"article:modified_time\" content=\"2026-04-16T17:37:23+00:00\" \/>\n<meta property=\"og:image\" content=\"https:\/\/plamdistributions.com\/wp-content\/uploads\/2021\/05\/BIO-302-1.jpg\" \/>\n\t<meta property=\"og:image:width\" content=\"600\" \/>\n\t<meta property=\"og:image:height\" content=\"600\" \/>\n\t<meta property=\"og:image:type\" content=\"image\/jpeg\" \/>\n<meta name=\"twitter:card\" content=\"summary_large_image\" \/>\n<meta name=\"twitter:site\" content=\"@Displam\" \/>\n<meta name=\"twitter:label1\" content=\"Tiempo de lectura\" \/>\n\t<meta name=\"twitter:data1\" content=\"1 minuto\" \/>\n<script type=\"application\/ld+json\" class=\"yoast-schema-graph\">{\"@context\":\"https:\\\/\\\/schema.org\",\"@graph\":[{\"@type\":\"WebPage\",\"@id\":\"https:\\\/\\\/plamdistributions.com\\\/produit\\\/bionature-302-nettoyant-lustrant-pour-chrome-et-inox-1l\\\/\",\"url\":\"https:\\\/\\\/plamdistributions.com\\\/produit\\\/bionature-302-nettoyant-lustrant-pour-chrome-et-inox-1l\\\/\",\"name\":\"NETTOYANT LUSTRANT POUR CHROME ET INOX BIONATURE 800ML | Distributions Pla-M\",\"isPartOf\":{\"@id\":\"https:\\\/\\\/plamdistributions.com\\\/#website\"},\"primaryImageOfPage\":{\"@id\":\"https:\\\/\\\/plamdistributions.com\\\/produit\\\/bionature-302-nettoyant-lustrant-pour-chrome-et-inox-1l\\\/#primaryimage\"},\"image\":{\"@id\":\"https:\\\/\\\/plamdistributions.com\\\/produit\\\/bionature-302-nettoyant-lustrant-pour-chrome-et-inox-1l\\\/#primaryimage\"},\"thumbnailUrl\":\"https:\\\/\\\/plamdistributions.com\\\/wp-content\\\/uploads\\\/2021\\\/05\\\/BIO-302-1.jpg\",\"datePublished\":\"2021-05-21T18:36:14+00:00\",\"dateModified\":\"2026-04-16T17:37:23+00:00\",\"breadcrumb\":{\"@id\":\"https:\\\/\\\/plamdistributions.com\\\/produit\\\/bionature-302-nettoyant-lustrant-pour-chrome-et-inox-1l\\\/#breadcrumb\"},\"inLanguage\":\"es\",\"potentialAction\":[{\"@type\":\"ReadAction\",\"target\":[\"https:\\\/\\\/plamdistributions.com\\\/produit\\\/bionature-302-nettoyant-lustrant-pour-chrome-et-inox-1l\\\/\"]}]},{\"@type\":\"ImageObject\",\"inLanguage\":\"es\",\"@id\":\"https:\\\/\\\/plamdistributions.com\\\/produit\\\/bionature-302-nettoyant-lustrant-pour-chrome-et-inox-1l\\\/#primaryimage\",\"url\":\"https:\\\/\\\/plamdistributions.com\\\/wp-content\\\/uploads\\\/2021\\\/05\\\/BIO-302-1.jpg\",\"contentUrl\":\"https:\\\/\\\/plamdistributions.com\\\/wp-content\\\/uploads\\\/2021\\\/05\\\/BIO-302-1.jpg\",\"width\":600,\"height\":600},{\"@type\":\"BreadcrumbList\",\"@id\":\"https:\\\/\\\/plamdistributions.com\\\/produit\\\/bionature-302-nettoyant-lustrant-pour-chrome-et-inox-1l\\\/#breadcrumb\",\"itemListElement\":[{\"@type\":\"ListItem\",\"position\":1,\"name\":\"Accueil\",\"item\":\"https:\\\/\\\/plamdistributions.com\\\/es\\\/\"},{\"@type\":\"ListItem\",\"position\":2,\"name\":\"Tienda\",\"item\":\"https:\\\/\\\/plamdistributions.com\\\/es\\\/tienda\\\/\"},{\"@type\":\"ListItem\",\"position\":3,\"name\":\"NETTOYANT LUSTRANT POUR CHROME ET INOX BIONATURE 800ML\"}]},{\"@type\":\"WebSite\",\"@id\":\"https:\\\/\\\/plamdistributions.com\\\/#website\",\"url\":\"https:\\\/\\\/plamdistributions.com\\\/\",\"name\":\"Distributions Pla-M Inc.\",\"description\":\"Venta de productos y equipos sanitarios\",\"publisher\":{\"@id\":\"https:\\\/\\\/plamdistributions.com\\\/#organization\"},\"potentialAction\":[{\"@type\":\"SearchAction\",\"target\":{\"@type\":\"EntryPoint\",\"urlTemplate\":\"https:\\\/\\\/plamdistributions.com\\\/?s={search_term_string}\"},\"query-input\":{\"@type\":\"PropertyValueSpecification\",\"valueRequired\":true,\"valueName\":\"search_term_string\"}}],\"inLanguage\":\"es\"},{\"@type\":\"Organization\",\"@id\":\"https:\\\/\\\/plamdistributions.com\\\/#organization\",\"name\":\"Distributions Pla-M\",\"url\":\"https:\\\/\\\/plamdistributions.com\\\/\",\"logo\":{\"@type\":\"ImageObject\",\"inLanguage\":\"es\",\"@id\":\"https:\\\/\\\/plamdistributions.com\\\/#\\\/schema\\\/logo\\\/image\\\/\",\"url\":\"https:\\\/\\\/plamdistributions.com\\\/wp-content\\\/uploads\\\/2021\\\/05\\\/PLAM-SANS.png\",\"contentUrl\":\"https:\\\/\\\/plamdistributions.com\\\/wp-content\\\/uploads\\\/2021\\\/05\\\/PLAM-SANS.png\",\"width\":289,\"height\":224,\"caption\":\"Distributions Pla-M\"},\"image\":{\"@id\":\"https:\\\/\\\/plamdistributions.com\\\/#\\\/schema\\\/logo\\\/image\\\/\"},\"sameAs\":[\"https:\\\/\\\/www.facebook.com\\\/displam\\\/\",\"https:\\\/\\\/x.com\\\/Displam\",\"https:\\\/\\\/www.youtube.com\\\/channel\\\/UCHmm3HCGnpGuaQ984quISDg\"]}]}<\/script>\n<!-- \/ Yoast SEO plugin. -->","yoast_head_json":{"title":"NETTOYANT LUSTRANT POUR CHROME ET INOX BIONATURE 800ML | Distributions Pla-M","robots":{"index":"index","follow":"follow","max-snippet":"max-snippet:-1","max-image-preview":"max-image-preview:large","max-video-preview":"max-video-preview:-1"},"canonical":"https:\/\/plamdistributions.com\/produit\/bionature-302-nettoyant-lustrant-pour-chrome-et-inox-1l\/","og_locale":"es_ES","og_type":"article","og_title":"NETTOYANT LUSTRANT POUR CHROME ET INOX BIONATURE 800ML | Distributions Pla-M","og_description":"Code: BIO-302 \u2713 Prot\u00e8ge contre l\u2019oxydation\u00a0\u2713 Brillance accrue Le Lustrant chrome et inox redonne \u00e9clat tout en d\u00e9graissant sur les","og_url":"https:\/\/plamdistributions.com\/produit\/bionature-302-nettoyant-lustrant-pour-chrome-et-inox-1l\/","og_site_name":"Distributions Pla-M","article_publisher":"https:\/\/www.facebook.com\/displam\/","article_modified_time":"2026-04-16T17:37:23+00:00","og_image":[{"width":600,"height":600,"url":"https:\/\/plamdistributions.com\/wp-content\/uploads\/2021\/05\/BIO-302-1.jpg","type":"image\/jpeg"}],"twitter_card":"summary_large_image","twitter_site":"@Displam","twitter_misc":{"Tiempo de lectura":"1 minuto"},"schema":{"@context":"https:\/\/schema.org","@graph":[{"@type":"WebPage","@id":"https:\/\/plamdistributions.com\/produit\/bionature-302-nettoyant-lustrant-pour-chrome-et-inox-1l\/","url":"https:\/\/plamdistributions.com\/produit\/bionature-302-nettoyant-lustrant-pour-chrome-et-inox-1l\/","name":"NETTOYANT LUSTRANT POUR CHROME ET INOX BIONATURE 800ML | Distributions Pla-M","isPartOf":{"@id":"https:\/\/plamdistributions.com\/#website"},"primaryImageOfPage":{"@id":"https:\/\/plamdistributions.com\/produit\/bionature-302-nettoyant-lustrant-pour-chrome-et-inox-1l\/#primaryimage"},"image":{"@id":"https:\/\/plamdistributions.com\/produit\/bionature-302-nettoyant-lustrant-pour-chrome-et-inox-1l\/#primaryimage"},"thumbnailUrl":"https:\/\/plamdistributions.com\/wp-content\/uploads\/2021\/05\/BIO-302-1.jpg","datePublished":"2021-05-21T18:36:14+00:00","dateModified":"2026-04-16T17:37:23+00:00","breadcrumb":{"@id":"https:\/\/plamdistributions.com\/produit\/bionature-302-nettoyant-lustrant-pour-chrome-et-inox-1l\/#breadcrumb"},"inLanguage":"es","potentialAction":[{"@type":"ReadAction","target":["https:\/\/plamdistributions.com\/produit\/bionature-302-nettoyant-lustrant-pour-chrome-et-inox-1l\/"]}]},{"@type":"ImageObject","inLanguage":"es","@id":"https:\/\/plamdistributions.com\/produit\/bionature-302-nettoyant-lustrant-pour-chrome-et-inox-1l\/#primaryimage","url":"https:\/\/plamdistributions.com\/wp-content\/uploads\/2021\/05\/BIO-302-1.jpg","contentUrl":"https:\/\/plamdistributions.com\/wp-content\/uploads\/2021\/05\/BIO-302-1.jpg","width":600,"height":600},{"@type":"BreadcrumbList","@id":"https:\/\/plamdistributions.com\/produit\/bionature-302-nettoyant-lustrant-pour-chrome-et-inox-1l\/#breadcrumb","itemListElement":[{"@type":"ListItem","position":1,"name":"Accueil","item":"https:\/\/plamdistributions.com\/es\/"},{"@type":"ListItem","position":2,"name":"Tienda","item":"https:\/\/plamdistributions.com\/es\/tienda\/"},{"@type":"ListItem","position":3,"name":"NETTOYANT LUSTRANT POUR CHROME ET INOX BIONATURE 800ML"}]},{"@type":"WebSite","@id":"https:\/\/plamdistributions.com\/#website","url":"https:\/\/plamdistributions.com\/","name":"Distributions Pla-M Inc.","description":"Venta de productos y equipos sanitarios","publisher":{"@id":"https:\/\/plamdistributions.com\/#organization"},"potentialAction":[{"@type":"SearchAction","target":{"@type":"EntryPoint","urlTemplate":"https:\/\/plamdistributions.com\/?s={search_term_string}"},"query-input":{"@type":"PropertyValueSpecification","valueRequired":true,"valueName":"search_term_string"}}],"inLanguage":"es"},{"@type":"Organization","@id":"https:\/\/plamdistributions.com\/#organization","name":"Distributions Pla-M","url":"https:\/\/plamdistributions.com\/","logo":{"@type":"ImageObject","inLanguage":"es","@id":"https:\/\/plamdistributions.com\/#\/schema\/logo\/image\/","url":"https:\/\/plamdistributions.com\/wp-content\/uploads\/2021\/05\/PLAM-SANS.png","contentUrl":"https:\/\/plamdistributions.com\/wp-content\/uploads\/2021\/05\/PLAM-SANS.png","width":289,"height":224,"caption":"Distributions Pla-M"},"image":{"@id":"https:\/\/plamdistributions.com\/#\/schema\/logo\/image\/"},"sameAs":["https:\/\/www.facebook.com\/displam\/","https:\/\/x.com\/Displam","https:\/\/www.youtube.com\/channel\/UCHmm3HCGnpGuaQ984quISDg"]}]}},"_links":{"self":[{"href":"https:\/\/plamdistributions.com\/es\/wp-json\/wp\/v2\/product\/23540","targetHints":{"allow":["GET"]}}],"collection":[{"href":"https:\/\/plamdistributions.com\/es\/wp-json\/wp\/v2\/product"}],"about":[{"href":"https:\/\/plamdistributions.com\/es\/wp-json\/wp\/v2\/types\/product"}],"replies":[{"embeddable":true,"href":"https:\/\/plamdistributions.com\/es\/wp-json\/wp\/v2\/comments?post=23540"}],"wp:featuredmedia":[{"embeddable":true,"href":"https:\/\/plamdistributions.com\/es\/wp-json\/wp\/v2\/media\/23539"}],"wp:attachment":[{"href":"https:\/\/plamdistributions.com\/es\/wp-json\/wp\/v2\/media?parent=23540"}],"wp:term":[{"taxonomy":"product_brand","embeddable":true,"href":"https:\/\/plamdistributions.com\/es\/wp-json\/wp\/v2\/product_brand?post=23540"},{"taxonomy":"product_cat","embeddable":true,"href":"https:\/\/plamdistributions.com\/es\/wp-json\/wp\/v2\/product_cat?post=23540"},{"taxonomy":"product_tag","embeddable":true,"href":"https:\/\/plamdistributions.com\/es\/wp-json\/wp\/v2\/product_tag?post=23540"}],"curies":[{"name":"wp","href":"https:\/\/api.w.org\/{rel}","templated":true}]}}