{"id":23552,"date":"2021-05-21T14:36:20","date_gmt":"2021-05-21T18:36:20","guid":{"rendered":"https:\/\/plamdistributions.com\/produit\/detergent-a-lessive-liquide-he-bionature-4l\/"},"modified":"2026-03-09T14:13:20","modified_gmt":"2026-03-09T18:13:20","slug":"detergent-a-lessive-liquide-he-bionature-4l","status":"publish","type":"product","link":"https:\/\/plamdistributions.com\/es\/produit\/detergent-a-lessive-liquide-he-bionature-4l\/","title":{"rendered":"D\u00c9TERGENT A LESSIVE LIQUIDE HE BIONATURE BAIES DES CHAMPS 4L"},"content":{"rendered":"<p><strong>Code: Bio-554\u00a0 <\/strong><\/p>\n<p><strong>\u00a0<\/strong><strong>\u2713 Hypoallerg\u00e8ne\u00a0 \u00a0<\/strong><strong>\u2713 Sans phosphate\u00a0 \u00a0 <\/strong><strong>\u2713 Ultra concentr\u00e9<\/strong><\/p>\n<p>Le d\u00e9tergent \u00e0 lessive liquide HE Bionature 4L est con\u00e7ue pour vous offrir un nettoyage haute gamme compatible pour les laveuses frontales et standards. Efficace dans l\u2019eau froide comme dans l\u2019eau chaude, il d\u00e9loge la salet\u00e9 tout en \u00e9tant doux pour les tissus. Le d\u00e9tergent \u00e0 lessive Bionature pr\u00e9serve la couleur de vos v\u00eatements plus \u00e9clatante que jamais.<\/p>\n<p><strong>\u2713 Fabricant: Unica Canada<\/strong><\/p>\n","protected":false},"excerpt":{"rendered":"<p>Code: Bio-554\u00a0 \u00a0\u2713 Hypoallerg\u00e8ne\u00a0 \u00a0\u2713 Sans phosphate\u00a0 \u00a0 \u2713 Ultra concentr\u00e9 Le d\u00e9tergent \u00e0 lessive liquide HE Bionature 4L est<\/p>\n","protected":false},"featured_media":23551,"comment_status":"closed","ping_status":"closed","template":"","meta":[],"product_brand":[],"product_cat":[111,62],"product_tag":[],"class_list":{"0":"post-23552","1":"product","2":"type-product","3":"status-publish","4":"has-post-thumbnail","6":"product_cat-produits-buanderie","7":"product_cat-produits-dentretien-menager","8":"product_shipping_class-standard","10":"first","11":"onbackorder","12":"taxable","13":"shipping-taxable","14":"purchasable","15":"product-type-simple"},"yoast_head":"<!-- This site is optimized with the Yoast SEO plugin v27.5 - https:\/\/yoast.com\/product\/yoast-seo-wordpress\/ -->\n<title>D\u00c9TERGENT A LESSIVE LIQUIDE HE BIONATURE BAIES DES CHAMPS 4L | Distributions Pla-M<\/title>\n<meta name=\"robots\" content=\"index, follow, max-snippet:-1, max-image-preview:large, max-video-preview:-1\" \/>\n<link rel=\"canonical\" href=\"https:\/\/plamdistributions.com\/produit\/detergent-a-lessive-liquide-he-bionature-4l\/\" \/>\n<meta property=\"og:locale\" content=\"es_ES\" \/>\n<meta property=\"og:type\" content=\"article\" \/>\n<meta property=\"og:title\" content=\"D\u00c9TERGENT A LESSIVE LIQUIDE HE BIONATURE BAIES DES CHAMPS 4L | Distributions Pla-M\" \/>\n<meta property=\"og:description\" content=\"Code: Bio-554\u00a0 \u00a0\u2713 Hypoallerg\u00e8ne\u00a0 \u00a0\u2713 Sans phosphate\u00a0 \u00a0 \u2713 Ultra concentr\u00e9 Le d\u00e9tergent \u00e0 lessive liquide HE Bionature 4L est\" \/>\n<meta property=\"og:url\" content=\"https:\/\/plamdistributions.com\/produit\/detergent-a-lessive-liquide-he-bionature-4l\/\" \/>\n<meta property=\"og:site_name\" content=\"Distributions Pla-M\" \/>\n<meta property=\"article:publisher\" content=\"https:\/\/www.facebook.com\/displam\/\" \/>\n<meta property=\"article:modified_time\" content=\"2026-03-09T18:13:20+00:00\" \/>\n<meta property=\"og:image\" content=\"https:\/\/plamdistributions.com\/wp-content\/uploads\/2021\/05\/BIO-554.jpg\" \/>\n\t<meta property=\"og:image:width\" content=\"600\" \/>\n\t<meta property=\"og:image:height\" content=\"600\" \/>\n\t<meta property=\"og:image:type\" content=\"image\/jpeg\" \/>\n<meta name=\"twitter:card\" content=\"summary_large_image\" \/>\n<meta name=\"twitter:site\" content=\"@Displam\" \/>\n<script type=\"application\/ld+json\" class=\"yoast-schema-graph\">{\"@context\":\"https:\\\/\\\/schema.org\",\"@graph\":[{\"@type\":\"WebPage\",\"@id\":\"https:\\\/\\\/plamdistributions.com\\\/produit\\\/detergent-a-lessive-liquide-he-bionature-4l\\\/\",\"url\":\"https:\\\/\\\/plamdistributions.com\\\/produit\\\/detergent-a-lessive-liquide-he-bionature-4l\\\/\",\"name\":\"D\u00c9TERGENT A LESSIVE LIQUIDE HE BIONATURE BAIES DES CHAMPS 4L | Distributions Pla-M\",\"isPartOf\":{\"@id\":\"https:\\\/\\\/plamdistributions.com\\\/#website\"},\"primaryImageOfPage\":{\"@id\":\"https:\\\/\\\/plamdistributions.com\\\/produit\\\/detergent-a-lessive-liquide-he-bionature-4l\\\/#primaryimage\"},\"image\":{\"@id\":\"https:\\\/\\\/plamdistributions.com\\\/produit\\\/detergent-a-lessive-liquide-he-bionature-4l\\\/#primaryimage\"},\"thumbnailUrl\":\"https:\\\/\\\/plamdistributions.com\\\/wp-content\\\/uploads\\\/2021\\\/05\\\/BIO-554.jpg\",\"datePublished\":\"2021-05-21T18:36:20+00:00\",\"dateModified\":\"2026-03-09T18:13:20+00:00\",\"breadcrumb\":{\"@id\":\"https:\\\/\\\/plamdistributions.com\\\/produit\\\/detergent-a-lessive-liquide-he-bionature-4l\\\/#breadcrumb\"},\"inLanguage\":\"es\",\"potentialAction\":[{\"@type\":\"ReadAction\",\"target\":[\"https:\\\/\\\/plamdistributions.com\\\/produit\\\/detergent-a-lessive-liquide-he-bionature-4l\\\/\"]}]},{\"@type\":\"ImageObject\",\"inLanguage\":\"es\",\"@id\":\"https:\\\/\\\/plamdistributions.com\\\/produit\\\/detergent-a-lessive-liquide-he-bionature-4l\\\/#primaryimage\",\"url\":\"https:\\\/\\\/plamdistributions.com\\\/wp-content\\\/uploads\\\/2021\\\/05\\\/BIO-554.jpg\",\"contentUrl\":\"https:\\\/\\\/plamdistributions.com\\\/wp-content\\\/uploads\\\/2021\\\/05\\\/BIO-554.jpg\",\"width\":600,\"height\":600},{\"@type\":\"BreadcrumbList\",\"@id\":\"https:\\\/\\\/plamdistributions.com\\\/produit\\\/detergent-a-lessive-liquide-he-bionature-4l\\\/#breadcrumb\",\"itemListElement\":[{\"@type\":\"ListItem\",\"position\":1,\"name\":\"Accueil\",\"item\":\"https:\\\/\\\/plamdistributions.com\\\/es\\\/\"},{\"@type\":\"ListItem\",\"position\":2,\"name\":\"Tienda\",\"item\":\"https:\\\/\\\/plamdistributions.com\\\/es\\\/tienda\\\/\"},{\"@type\":\"ListItem\",\"position\":3,\"name\":\"D\u00c9TERGENT A LESSIVE LIQUIDE HE BIONATURE BAIES DES CHAMPS 4L\"}]},{\"@type\":\"WebSite\",\"@id\":\"https:\\\/\\\/plamdistributions.com\\\/#website\",\"url\":\"https:\\\/\\\/plamdistributions.com\\\/\",\"name\":\"Distributions Pla-M Inc.\",\"description\":\"Venta de productos y equipos sanitarios\",\"publisher\":{\"@id\":\"https:\\\/\\\/plamdistributions.com\\\/#organization\"},\"potentialAction\":[{\"@type\":\"SearchAction\",\"target\":{\"@type\":\"EntryPoint\",\"urlTemplate\":\"https:\\\/\\\/plamdistributions.com\\\/?s={search_term_string}\"},\"query-input\":{\"@type\":\"PropertyValueSpecification\",\"valueRequired\":true,\"valueName\":\"search_term_string\"}}],\"inLanguage\":\"es\"},{\"@type\":\"Organization\",\"@id\":\"https:\\\/\\\/plamdistributions.com\\\/#organization\",\"name\":\"Distributions Pla-M\",\"url\":\"https:\\\/\\\/plamdistributions.com\\\/\",\"logo\":{\"@type\":\"ImageObject\",\"inLanguage\":\"es\",\"@id\":\"https:\\\/\\\/plamdistributions.com\\\/#\\\/schema\\\/logo\\\/image\\\/\",\"url\":\"https:\\\/\\\/plamdistributions.com\\\/wp-content\\\/uploads\\\/2021\\\/05\\\/PLAM-SANS.png\",\"contentUrl\":\"https:\\\/\\\/plamdistributions.com\\\/wp-content\\\/uploads\\\/2021\\\/05\\\/PLAM-SANS.png\",\"width\":289,\"height\":224,\"caption\":\"Distributions Pla-M\"},\"image\":{\"@id\":\"https:\\\/\\\/plamdistributions.com\\\/#\\\/schema\\\/logo\\\/image\\\/\"},\"sameAs\":[\"https:\\\/\\\/www.facebook.com\\\/displam\\\/\",\"https:\\\/\\\/x.com\\\/Displam\",\"https:\\\/\\\/www.youtube.com\\\/channel\\\/UCHmm3HCGnpGuaQ984quISDg\"]}]}<\/script>\n<!-- \/ Yoast SEO plugin. -->","yoast_head_json":{"title":"D\u00c9TERGENT A LESSIVE LIQUIDE HE BIONATURE BAIES DES CHAMPS 4L | Distributions Pla-M","robots":{"index":"index","follow":"follow","max-snippet":"max-snippet:-1","max-image-preview":"max-image-preview:large","max-video-preview":"max-video-preview:-1"},"canonical":"https:\/\/plamdistributions.com\/produit\/detergent-a-lessive-liquide-he-bionature-4l\/","og_locale":"es_ES","og_type":"article","og_title":"D\u00c9TERGENT A LESSIVE LIQUIDE HE BIONATURE BAIES DES CHAMPS 4L | Distributions Pla-M","og_description":"Code: Bio-554\u00a0 \u00a0\u2713 Hypoallerg\u00e8ne\u00a0 \u00a0\u2713 Sans phosphate\u00a0 \u00a0 \u2713 Ultra concentr\u00e9 Le d\u00e9tergent \u00e0 lessive liquide HE Bionature 4L est","og_url":"https:\/\/plamdistributions.com\/produit\/detergent-a-lessive-liquide-he-bionature-4l\/","og_site_name":"Distributions Pla-M","article_publisher":"https:\/\/www.facebook.com\/displam\/","article_modified_time":"2026-03-09T18:13:20+00:00","og_image":[{"width":600,"height":600,"url":"https:\/\/plamdistributions.com\/wp-content\/uploads\/2021\/05\/BIO-554.jpg","type":"image\/jpeg"}],"twitter_card":"summary_large_image","twitter_site":"@Displam","schema":{"@context":"https:\/\/schema.org","@graph":[{"@type":"WebPage","@id":"https:\/\/plamdistributions.com\/produit\/detergent-a-lessive-liquide-he-bionature-4l\/","url":"https:\/\/plamdistributions.com\/produit\/detergent-a-lessive-liquide-he-bionature-4l\/","name":"D\u00c9TERGENT A LESSIVE LIQUIDE HE BIONATURE BAIES DES CHAMPS 4L | Distributions Pla-M","isPartOf":{"@id":"https:\/\/plamdistributions.com\/#website"},"primaryImageOfPage":{"@id":"https:\/\/plamdistributions.com\/produit\/detergent-a-lessive-liquide-he-bionature-4l\/#primaryimage"},"image":{"@id":"https:\/\/plamdistributions.com\/produit\/detergent-a-lessive-liquide-he-bionature-4l\/#primaryimage"},"thumbnailUrl":"https:\/\/plamdistributions.com\/wp-content\/uploads\/2021\/05\/BIO-554.jpg","datePublished":"2021-05-21T18:36:20+00:00","dateModified":"2026-03-09T18:13:20+00:00","breadcrumb":{"@id":"https:\/\/plamdistributions.com\/produit\/detergent-a-lessive-liquide-he-bionature-4l\/#breadcrumb"},"inLanguage":"es","potentialAction":[{"@type":"ReadAction","target":["https:\/\/plamdistributions.com\/produit\/detergent-a-lessive-liquide-he-bionature-4l\/"]}]},{"@type":"ImageObject","inLanguage":"es","@id":"https:\/\/plamdistributions.com\/produit\/detergent-a-lessive-liquide-he-bionature-4l\/#primaryimage","url":"https:\/\/plamdistributions.com\/wp-content\/uploads\/2021\/05\/BIO-554.jpg","contentUrl":"https:\/\/plamdistributions.com\/wp-content\/uploads\/2021\/05\/BIO-554.jpg","width":600,"height":600},{"@type":"BreadcrumbList","@id":"https:\/\/plamdistributions.com\/produit\/detergent-a-lessive-liquide-he-bionature-4l\/#breadcrumb","itemListElement":[{"@type":"ListItem","position":1,"name":"Accueil","item":"https:\/\/plamdistributions.com\/es\/"},{"@type":"ListItem","position":2,"name":"Tienda","item":"https:\/\/plamdistributions.com\/es\/tienda\/"},{"@type":"ListItem","position":3,"name":"D\u00c9TERGENT A LESSIVE LIQUIDE HE BIONATURE BAIES DES CHAMPS 4L"}]},{"@type":"WebSite","@id":"https:\/\/plamdistributions.com\/#website","url":"https:\/\/plamdistributions.com\/","name":"Distributions Pla-M Inc.","description":"Venta de productos y equipos sanitarios","publisher":{"@id":"https:\/\/plamdistributions.com\/#organization"},"potentialAction":[{"@type":"SearchAction","target":{"@type":"EntryPoint","urlTemplate":"https:\/\/plamdistributions.com\/?s={search_term_string}"},"query-input":{"@type":"PropertyValueSpecification","valueRequired":true,"valueName":"search_term_string"}}],"inLanguage":"es"},{"@type":"Organization","@id":"https:\/\/plamdistributions.com\/#organization","name":"Distributions Pla-M","url":"https:\/\/plamdistributions.com\/","logo":{"@type":"ImageObject","inLanguage":"es","@id":"https:\/\/plamdistributions.com\/#\/schema\/logo\/image\/","url":"https:\/\/plamdistributions.com\/wp-content\/uploads\/2021\/05\/PLAM-SANS.png","contentUrl":"https:\/\/plamdistributions.com\/wp-content\/uploads\/2021\/05\/PLAM-SANS.png","width":289,"height":224,"caption":"Distributions Pla-M"},"image":{"@id":"https:\/\/plamdistributions.com\/#\/schema\/logo\/image\/"},"sameAs":["https:\/\/www.facebook.com\/displam\/","https:\/\/x.com\/Displam","https:\/\/www.youtube.com\/channel\/UCHmm3HCGnpGuaQ984quISDg"]}]}},"_links":{"self":[{"href":"https:\/\/plamdistributions.com\/es\/wp-json\/wp\/v2\/product\/23552","targetHints":{"allow":["GET"]}}],"collection":[{"href":"https:\/\/plamdistributions.com\/es\/wp-json\/wp\/v2\/product"}],"about":[{"href":"https:\/\/plamdistributions.com\/es\/wp-json\/wp\/v2\/types\/product"}],"replies":[{"embeddable":true,"href":"https:\/\/plamdistributions.com\/es\/wp-json\/wp\/v2\/comments?post=23552"}],"wp:featuredmedia":[{"embeddable":true,"href":"https:\/\/plamdistributions.com\/es\/wp-json\/wp\/v2\/media\/23551"}],"wp:attachment":[{"href":"https:\/\/plamdistributions.com\/es\/wp-json\/wp\/v2\/media?parent=23552"}],"wp:term":[{"taxonomy":"product_brand","embeddable":true,"href":"https:\/\/plamdistributions.com\/es\/wp-json\/wp\/v2\/product_brand?post=23552"},{"taxonomy":"product_cat","embeddable":true,"href":"https:\/\/plamdistributions.com\/es\/wp-json\/wp\/v2\/product_cat?post=23552"},{"taxonomy":"product_tag","embeddable":true,"href":"https:\/\/plamdistributions.com\/es\/wp-json\/wp\/v2\/product_tag?post=23552"}],"curies":[{"name":"wp","href":"https:\/\/api.w.org\/{rel}","templated":true}]}}