{"id":23619,"date":"2021-05-21T14:37:00","date_gmt":"2021-05-21T18:37:00","guid":{"rendered":"https:\/\/plamdistributions.com\/produit\/balai-mecanique-32-2-brosses-lateral-1-cylindrique-haaga-475\/"},"modified":"2024-04-02T14:13:38","modified_gmt":"2024-04-02T18:13:38","slug":"balai-mecanique-32-2-brosses-lateral-1-cylindrique-haaga-475","status":"publish","type":"product","link":"https:\/\/plamdistributions.com\/es\/produit\/balai-mecanique-32-2-brosses-lateral-1-cylindrique-haaga-475\/","title":{"rendered":"BALAI M\u00c9CANIQUE 32\u00bb 2 BROSSES LATERAL \/1 CYLINDRIQUE HAAGA"},"content":{"rendered":"<div id=\"sousTitreFiche\">\n<p><strong>Code: BM-HA475<\/strong><\/p>\n<p>Balai m\u00e9canique HAAGA 475. Le syst\u00e8me de balayage Turbo permet de balayer deux fois lors d&#8217;un seul passage. Les deux plateaux porte-brosses d\u00e9collent les salet\u00e9s du sol, les objets les plus lourds ou volumineux, et les entra\u00eenent vers l&#8217;arri\u00e8re. La brosse suivante \u00e0 rouleau ramasse les petits d\u00e9tritus et les poussi\u00e8res qui sont achemin\u00e9s aussi dans le bac de collecte.<\/p>\n<ul>\n<li>Tr\u00e8s efficace<\/li>\n<li>Facile \u00e0 manoeuvrer<\/li>\n<li>30\u00bb de largeur<\/li>\n<li>Une 3 i\u00e8me brosse central pour la poussi\u00e8re fine.<\/li>\n<li>R\u00e9servoir de 13.2 gallons (50L)<\/li>\n<li>Fonctionne sur surfaces humides et balayae les feuilles mouill\u00e9es sur sols mouill\u00e9s<\/li>\n<li>Id\u00e9al pour grandes surfaces<\/li>\n<li>Technologie simple<\/li>\n<li>Faible entretien<\/li>\n<li>Entreposage facile<\/li>\n<\/ul>\n<\/div>\n<div class=\"clear\">\n<p><strong>\u2713 Fabricant: HAAGA<\/strong><\/p>\n<\/div>\n","protected":false},"excerpt":{"rendered":"<p>Code: BM-HA475 Balai m\u00e9canique HAAGA 475. Le syst\u00e8me de balayage Turbo permet de balayer deux fois lors d&#8217;un seul passage.<\/p>\n","protected":false},"featured_media":26847,"comment_status":"closed","ping_status":"closed","template":"","meta":[],"product_brand":[],"product_cat":[255,98],"product_tag":[],"class_list":{"0":"post-23619","1":"product","2":"type-product","3":"status-publish","4":"has-post-thumbnail","6":"product_cat-autres-equipements-pour-planchers","7":"product_cat-equipements","8":"product_shipping_class-standard","10":"first","11":"onbackorder","12":"featured","13":"taxable","14":"shipping-taxable","15":"purchasable","16":"product-type-simple"},"yoast_head":"<!-- This site is optimized with the Yoast SEO plugin v27.4 - https:\/\/yoast.com\/product\/yoast-seo-wordpress\/ -->\n<title>BALAI M\u00c9CANIQUE 32&#039;&#039; 2 BROSSES LATERAL \/1 CYLINDRIQUE HAAGA | Distributions Pla-M<\/title>\n<meta name=\"robots\" content=\"index, follow, max-snippet:-1, max-image-preview:large, max-video-preview:-1\" \/>\n<link rel=\"canonical\" href=\"https:\/\/plamdistributions.com\/es\/produit\/balai-mecanique-32-2-brosses-lateral-1-cylindrique-haaga-475\/\" \/>\n<meta property=\"og:locale\" content=\"es_ES\" \/>\n<meta property=\"og:type\" content=\"article\" \/>\n<meta property=\"og:title\" content=\"BALAI M\u00c9CANIQUE 32&#039;&#039; 2 BROSSES LATERAL \/1 CYLINDRIQUE HAAGA | Distributions Pla-M\" \/>\n<meta property=\"og:description\" content=\"Code: BM-HA475 Balai m\u00e9canique HAAGA 475. Le syst\u00e8me de balayage Turbo permet de balayer deux fois lors d&#8217;un seul passage.\" \/>\n<meta property=\"og:url\" content=\"https:\/\/plamdistributions.com\/es\/produit\/balai-mecanique-32-2-brosses-lateral-1-cylindrique-haaga-475\/\" \/>\n<meta property=\"og:site_name\" content=\"Distributions Pla-M\" \/>\n<meta property=\"article:publisher\" content=\"https:\/\/www.facebook.com\/displam\/\" \/>\n<meta property=\"article:modified_time\" content=\"2024-04-02T18:13:38+00:00\" \/>\n<meta property=\"og:image\" content=\"https:\/\/plamdistributions.com\/wp-content\/uploads\/2021\/05\/BM-HA475.jpg.jpg\" \/>\n\t<meta property=\"og:image:width\" content=\"700\" \/>\n\t<meta property=\"og:image:height\" content=\"700\" \/>\n\t<meta property=\"og:image:type\" content=\"image\/jpeg\" \/>\n<meta name=\"twitter:card\" content=\"summary_large_image\" \/>\n<meta name=\"twitter:site\" content=\"@Displam\" \/>\n<meta name=\"twitter:label1\" content=\"Tiempo de lectura\" \/>\n\t<meta name=\"twitter:data1\" content=\"1 minuto\" \/>\n<script type=\"application\/ld+json\" class=\"yoast-schema-graph\">{\"@context\":\"https:\\\/\\\/schema.org\",\"@graph\":[{\"@type\":\"WebPage\",\"@id\":\"https:\\\/\\\/plamdistributions.com\\\/es\\\/produit\\\/balai-mecanique-32-2-brosses-lateral-1-cylindrique-haaga-475\\\/\",\"url\":\"https:\\\/\\\/plamdistributions.com\\\/es\\\/produit\\\/balai-mecanique-32-2-brosses-lateral-1-cylindrique-haaga-475\\\/\",\"name\":\"BALAI M\u00c9CANIQUE 32'' 2 BROSSES LATERAL \\\/1 CYLINDRIQUE HAAGA | Distributions Pla-M\",\"isPartOf\":{\"@id\":\"https:\\\/\\\/plamdistributions.com\\\/#website\"},\"primaryImageOfPage\":{\"@id\":\"https:\\\/\\\/plamdistributions.com\\\/es\\\/produit\\\/balai-mecanique-32-2-brosses-lateral-1-cylindrique-haaga-475\\\/#primaryimage\"},\"image\":{\"@id\":\"https:\\\/\\\/plamdistributions.com\\\/es\\\/produit\\\/balai-mecanique-32-2-brosses-lateral-1-cylindrique-haaga-475\\\/#primaryimage\"},\"thumbnailUrl\":\"https:\\\/\\\/plamdistributions.com\\\/wp-content\\\/uploads\\\/2021\\\/05\\\/BM-HA475.jpg.jpg\",\"datePublished\":\"2021-05-21T18:37:00+00:00\",\"dateModified\":\"2024-04-02T18:13:38+00:00\",\"breadcrumb\":{\"@id\":\"https:\\\/\\\/plamdistributions.com\\\/es\\\/produit\\\/balai-mecanique-32-2-brosses-lateral-1-cylindrique-haaga-475\\\/#breadcrumb\"},\"inLanguage\":\"es\",\"potentialAction\":[{\"@type\":\"ReadAction\",\"target\":[\"https:\\\/\\\/plamdistributions.com\\\/es\\\/produit\\\/balai-mecanique-32-2-brosses-lateral-1-cylindrique-haaga-475\\\/\"]}]},{\"@type\":\"ImageObject\",\"inLanguage\":\"es\",\"@id\":\"https:\\\/\\\/plamdistributions.com\\\/es\\\/produit\\\/balai-mecanique-32-2-brosses-lateral-1-cylindrique-haaga-475\\\/#primaryimage\",\"url\":\"https:\\\/\\\/plamdistributions.com\\\/wp-content\\\/uploads\\\/2021\\\/05\\\/BM-HA475.jpg.jpg\",\"contentUrl\":\"https:\\\/\\\/plamdistributions.com\\\/wp-content\\\/uploads\\\/2021\\\/05\\\/BM-HA475.jpg.jpg\",\"width\":700,\"height\":700},{\"@type\":\"BreadcrumbList\",\"@id\":\"https:\\\/\\\/plamdistributions.com\\\/es\\\/produit\\\/balai-mecanique-32-2-brosses-lateral-1-cylindrique-haaga-475\\\/#breadcrumb\",\"itemListElement\":[{\"@type\":\"ListItem\",\"position\":1,\"name\":\"Accueil\",\"item\":\"https:\\\/\\\/plamdistributions.com\\\/es\\\/\"},{\"@type\":\"ListItem\",\"position\":2,\"name\":\"Tienda\",\"item\":\"https:\\\/\\\/plamdistributions.com\\\/es\\\/tienda\\\/\"},{\"@type\":\"ListItem\",\"position\":3,\"name\":\"BALAI M\u00c9CANIQUE 32\u00bb 2 BROSSES LATERAL \\\/1 CYLINDRIQUE HAAGA\"}]},{\"@type\":\"WebSite\",\"@id\":\"https:\\\/\\\/plamdistributions.com\\\/#website\",\"url\":\"https:\\\/\\\/plamdistributions.com\\\/\",\"name\":\"Distributions Pla-M Inc.\",\"description\":\"Venta de productos y equipos sanitarios\",\"publisher\":{\"@id\":\"https:\\\/\\\/plamdistributions.com\\\/#organization\"},\"potentialAction\":[{\"@type\":\"SearchAction\",\"target\":{\"@type\":\"EntryPoint\",\"urlTemplate\":\"https:\\\/\\\/plamdistributions.com\\\/?s={search_term_string}\"},\"query-input\":{\"@type\":\"PropertyValueSpecification\",\"valueRequired\":true,\"valueName\":\"search_term_string\"}}],\"inLanguage\":\"es\"},{\"@type\":\"Organization\",\"@id\":\"https:\\\/\\\/plamdistributions.com\\\/#organization\",\"name\":\"Distributions Pla-M\",\"url\":\"https:\\\/\\\/plamdistributions.com\\\/\",\"logo\":{\"@type\":\"ImageObject\",\"inLanguage\":\"es\",\"@id\":\"https:\\\/\\\/plamdistributions.com\\\/#\\\/schema\\\/logo\\\/image\\\/\",\"url\":\"https:\\\/\\\/plamdistributions.com\\\/wp-content\\\/uploads\\\/2021\\\/05\\\/PLAM-SANS.png\",\"contentUrl\":\"https:\\\/\\\/plamdistributions.com\\\/wp-content\\\/uploads\\\/2021\\\/05\\\/PLAM-SANS.png\",\"width\":289,\"height\":224,\"caption\":\"Distributions Pla-M\"},\"image\":{\"@id\":\"https:\\\/\\\/plamdistributions.com\\\/#\\\/schema\\\/logo\\\/image\\\/\"},\"sameAs\":[\"https:\\\/\\\/www.facebook.com\\\/displam\\\/\",\"https:\\\/\\\/x.com\\\/Displam\",\"https:\\\/\\\/www.youtube.com\\\/channel\\\/UCHmm3HCGnpGuaQ984quISDg\"]}]}<\/script>\n<!-- \/ Yoast SEO plugin. -->","yoast_head_json":{"title":"BALAI M\u00c9CANIQUE 32'' 2 BROSSES LATERAL \/1 CYLINDRIQUE HAAGA | Distributions Pla-M","robots":{"index":"index","follow":"follow","max-snippet":"max-snippet:-1","max-image-preview":"max-image-preview:large","max-video-preview":"max-video-preview:-1"},"canonical":"https:\/\/plamdistributions.com\/es\/produit\/balai-mecanique-32-2-brosses-lateral-1-cylindrique-haaga-475\/","og_locale":"es_ES","og_type":"article","og_title":"BALAI M\u00c9CANIQUE 32'' 2 BROSSES LATERAL \/1 CYLINDRIQUE HAAGA | Distributions Pla-M","og_description":"Code: BM-HA475 Balai m\u00e9canique HAAGA 475. Le syst\u00e8me de balayage Turbo permet de balayer deux fois lors d&#8217;un seul passage.","og_url":"https:\/\/plamdistributions.com\/es\/produit\/balai-mecanique-32-2-brosses-lateral-1-cylindrique-haaga-475\/","og_site_name":"Distributions Pla-M","article_publisher":"https:\/\/www.facebook.com\/displam\/","article_modified_time":"2024-04-02T18:13:38+00:00","og_image":[{"width":700,"height":700,"url":"https:\/\/plamdistributions.com\/wp-content\/uploads\/2021\/05\/BM-HA475.jpg.jpg","type":"image\/jpeg"}],"twitter_card":"summary_large_image","twitter_site":"@Displam","twitter_misc":{"Tiempo de lectura":"1 minuto"},"schema":{"@context":"https:\/\/schema.org","@graph":[{"@type":"WebPage","@id":"https:\/\/plamdistributions.com\/es\/produit\/balai-mecanique-32-2-brosses-lateral-1-cylindrique-haaga-475\/","url":"https:\/\/plamdistributions.com\/es\/produit\/balai-mecanique-32-2-brosses-lateral-1-cylindrique-haaga-475\/","name":"BALAI M\u00c9CANIQUE 32'' 2 BROSSES LATERAL \/1 CYLINDRIQUE HAAGA | Distributions Pla-M","isPartOf":{"@id":"https:\/\/plamdistributions.com\/#website"},"primaryImageOfPage":{"@id":"https:\/\/plamdistributions.com\/es\/produit\/balai-mecanique-32-2-brosses-lateral-1-cylindrique-haaga-475\/#primaryimage"},"image":{"@id":"https:\/\/plamdistributions.com\/es\/produit\/balai-mecanique-32-2-brosses-lateral-1-cylindrique-haaga-475\/#primaryimage"},"thumbnailUrl":"https:\/\/plamdistributions.com\/wp-content\/uploads\/2021\/05\/BM-HA475.jpg.jpg","datePublished":"2021-05-21T18:37:00+00:00","dateModified":"2024-04-02T18:13:38+00:00","breadcrumb":{"@id":"https:\/\/plamdistributions.com\/es\/produit\/balai-mecanique-32-2-brosses-lateral-1-cylindrique-haaga-475\/#breadcrumb"},"inLanguage":"es","potentialAction":[{"@type":"ReadAction","target":["https:\/\/plamdistributions.com\/es\/produit\/balai-mecanique-32-2-brosses-lateral-1-cylindrique-haaga-475\/"]}]},{"@type":"ImageObject","inLanguage":"es","@id":"https:\/\/plamdistributions.com\/es\/produit\/balai-mecanique-32-2-brosses-lateral-1-cylindrique-haaga-475\/#primaryimage","url":"https:\/\/plamdistributions.com\/wp-content\/uploads\/2021\/05\/BM-HA475.jpg.jpg","contentUrl":"https:\/\/plamdistributions.com\/wp-content\/uploads\/2021\/05\/BM-HA475.jpg.jpg","width":700,"height":700},{"@type":"BreadcrumbList","@id":"https:\/\/plamdistributions.com\/es\/produit\/balai-mecanique-32-2-brosses-lateral-1-cylindrique-haaga-475\/#breadcrumb","itemListElement":[{"@type":"ListItem","position":1,"name":"Accueil","item":"https:\/\/plamdistributions.com\/es\/"},{"@type":"ListItem","position":2,"name":"Tienda","item":"https:\/\/plamdistributions.com\/es\/tienda\/"},{"@type":"ListItem","position":3,"name":"BALAI M\u00c9CANIQUE 32\u00bb 2 BROSSES LATERAL \/1 CYLINDRIQUE HAAGA"}]},{"@type":"WebSite","@id":"https:\/\/plamdistributions.com\/#website","url":"https:\/\/plamdistributions.com\/","name":"Distributions Pla-M Inc.","description":"Venta de productos y equipos sanitarios","publisher":{"@id":"https:\/\/plamdistributions.com\/#organization"},"potentialAction":[{"@type":"SearchAction","target":{"@type":"EntryPoint","urlTemplate":"https:\/\/plamdistributions.com\/?s={search_term_string}"},"query-input":{"@type":"PropertyValueSpecification","valueRequired":true,"valueName":"search_term_string"}}],"inLanguage":"es"},{"@type":"Organization","@id":"https:\/\/plamdistributions.com\/#organization","name":"Distributions Pla-M","url":"https:\/\/plamdistributions.com\/","logo":{"@type":"ImageObject","inLanguage":"es","@id":"https:\/\/plamdistributions.com\/#\/schema\/logo\/image\/","url":"https:\/\/plamdistributions.com\/wp-content\/uploads\/2021\/05\/PLAM-SANS.png","contentUrl":"https:\/\/plamdistributions.com\/wp-content\/uploads\/2021\/05\/PLAM-SANS.png","width":289,"height":224,"caption":"Distributions Pla-M"},"image":{"@id":"https:\/\/plamdistributions.com\/#\/schema\/logo\/image\/"},"sameAs":["https:\/\/www.facebook.com\/displam\/","https:\/\/x.com\/Displam","https:\/\/www.youtube.com\/channel\/UCHmm3HCGnpGuaQ984quISDg"]}]}},"_links":{"self":[{"href":"https:\/\/plamdistributions.com\/es\/wp-json\/wp\/v2\/product\/23619","targetHints":{"allow":["GET"]}}],"collection":[{"href":"https:\/\/plamdistributions.com\/es\/wp-json\/wp\/v2\/product"}],"about":[{"href":"https:\/\/plamdistributions.com\/es\/wp-json\/wp\/v2\/types\/product"}],"replies":[{"embeddable":true,"href":"https:\/\/plamdistributions.com\/es\/wp-json\/wp\/v2\/comments?post=23619"}],"wp:featuredmedia":[{"embeddable":true,"href":"https:\/\/plamdistributions.com\/es\/wp-json\/wp\/v2\/media\/26847"}],"wp:attachment":[{"href":"https:\/\/plamdistributions.com\/es\/wp-json\/wp\/v2\/media?parent=23619"}],"wp:term":[{"taxonomy":"product_brand","embeddable":true,"href":"https:\/\/plamdistributions.com\/es\/wp-json\/wp\/v2\/product_brand?post=23619"},{"taxonomy":"product_cat","embeddable":true,"href":"https:\/\/plamdistributions.com\/es\/wp-json\/wp\/v2\/product_cat?post=23619"},{"taxonomy":"product_tag","embeddable":true,"href":"https:\/\/plamdistributions.com\/es\/wp-json\/wp\/v2\/product_tag?post=23619"}],"curies":[{"name":"wp","href":"https:\/\/api.w.org\/{rel}","templated":true}]}}