{"id":23724,"date":"2021-05-21T14:37:49","date_gmt":"2021-05-21T18:37:49","guid":{"rendered":"https:\/\/plamdistributions.com\/produit\/detergent-a-camion-pour-machine-a-pression-camnet-20lts\/"},"modified":"2026-01-05T11:45:45","modified_gmt":"2026-01-05T15:45:45","slug":"detergent-a-camion-pour-machine-a-pression-camnet-20lts","status":"publish","type":"product","link":"https:\/\/plamdistributions.com\/es\/produit\/detergent-a-camion-pour-machine-a-pression-camnet-20lts\/","title":{"rendered":"CAMNET D\u00e9tergent \u00e0 camion pour machine \u00e0 pression"},"content":{"rendered":"<h4>Code: CAMNET20 \/ CAMNET205<\/h4>\n<h4 class=\"sous-titre\"><span class=\"badge bg-vert\">\u2713 Ultra concentr\u00e9<\/span>\u00a0<span class=\"badge bg-vert\">\u2713 Pour lave-camion automatique<\/span>\u00a0<span class=\"badge bg-vert\">\u2713 Aucun brossage n\u00e9cessaire<\/span><\/h4>\n<p class=\"text-justify\">CAMNET est un d\u00e9tergent liquide biod\u00e9gradable de qualit\u00e9 professionnelle et ultra concentr\u00e9, sp\u00e9cialement con\u00e7u pour le lavage des camions dans les lave-camion automatique ou avec une machine \u00e0 pression. Avec son m\u00e9lange de d\u00e9tersifs puissants, il enl\u00e8ve facilement les salet\u00e9s de route, insectes, suie de di\u00e9sel, sans avoir \u00e0 frotter et sans pour autant alt\u00e9rer la peinture, la cire, le fini protecteur, les caoutchoucs et le chrome.<\/p>\n<p><strong>\u2713\u00a0 Fabricant: Unica Canada<\/strong><\/p>\n","protected":false},"excerpt":{"rendered":"<p>Code: CAMNET20 \/ CAMNET205 \u2713 Ultra concentr\u00e9\u00a0\u2713 Pour lave-camion automatique\u00a0\u2713 Aucun brossage n\u00e9cessaire CAMNET est un d\u00e9tergent liquide biod\u00e9gradable de<\/p>\n","protected":false},"featured_media":23723,"comment_status":"closed","ping_status":"closed","template":"","meta":[],"product_brand":[],"product_cat":[205,62],"product_tag":[],"class_list":{"0":"post-23724","1":"product","2":"type-product","3":"status-publish","4":"has-post-thumbnail","6":"product_cat-mecanique-et-lindustrie","7":"product_cat-produits-dentretien-menager","8":"product_shipping_class-standard","10":"first","11":"onbackorder","12":"featured","13":"taxable","14":"shipping-taxable","15":"purchasable","16":"product-type-variable"},"yoast_head":"<!-- This site is optimized with the Yoast SEO plugin v27.5 - https:\/\/yoast.com\/product\/yoast-seo-wordpress\/ -->\n<title>CAMNET D\u00e9tergent \u00e0 camion pour machine \u00e0 pression | Distributions Pla-M<\/title>\n<meta name=\"robots\" content=\"index, follow, max-snippet:-1, max-image-preview:large, max-video-preview:-1\" \/>\n<link rel=\"canonical\" href=\"https:\/\/plamdistributions.com\/produit\/detergent-a-camion-pour-machine-a-pression-camnet-20lts\/\" \/>\n<meta property=\"og:locale\" content=\"es_ES\" \/>\n<meta property=\"og:type\" content=\"article\" \/>\n<meta property=\"og:title\" content=\"CAMNET D\u00e9tergent \u00e0 camion pour machine \u00e0 pression | Distributions Pla-M\" \/>\n<meta property=\"og:description\" content=\"Code: CAMNET20 \/ CAMNET205 \u2713 Ultra concentr\u00e9\u00a0\u2713 Pour lave-camion automatique\u00a0\u2713 Aucun brossage n\u00e9cessaire CAMNET est un d\u00e9tergent liquide biod\u00e9gradable de\" \/>\n<meta property=\"og:url\" content=\"https:\/\/plamdistributions.com\/produit\/detergent-a-camion-pour-machine-a-pression-camnet-20lts\/\" \/>\n<meta property=\"og:site_name\" content=\"Distributions Pla-M\" \/>\n<meta property=\"article:publisher\" content=\"https:\/\/www.facebook.com\/displam\/\" \/>\n<meta property=\"article:modified_time\" content=\"2026-01-05T15:45:45+00:00\" \/>\n<meta property=\"og:image\" content=\"https:\/\/plamdistributions.com\/wp-content\/uploads\/2021\/05\/CAMNET20.jpg\" \/>\n\t<meta property=\"og:image:width\" content=\"600\" \/>\n\t<meta property=\"og:image:height\" content=\"600\" \/>\n\t<meta property=\"og:image:type\" content=\"image\/jpeg\" \/>\n<meta name=\"twitter:card\" content=\"summary_large_image\" \/>\n<meta name=\"twitter:site\" content=\"@Displam\" \/>\n<meta name=\"twitter:label1\" content=\"Tiempo de lectura\" \/>\n\t<meta name=\"twitter:data1\" content=\"1 minuto\" \/>\n<script type=\"application\/ld+json\" class=\"yoast-schema-graph\">{\"@context\":\"https:\\\/\\\/schema.org\",\"@graph\":[{\"@type\":\"WebPage\",\"@id\":\"https:\\\/\\\/plamdistributions.com\\\/produit\\\/detergent-a-camion-pour-machine-a-pression-camnet-20lts\\\/\",\"url\":\"https:\\\/\\\/plamdistributions.com\\\/produit\\\/detergent-a-camion-pour-machine-a-pression-camnet-20lts\\\/\",\"name\":\"CAMNET D\u00e9tergent \u00e0 camion pour machine \u00e0 pression | Distributions Pla-M\",\"isPartOf\":{\"@id\":\"https:\\\/\\\/plamdistributions.com\\\/#website\"},\"primaryImageOfPage\":{\"@id\":\"https:\\\/\\\/plamdistributions.com\\\/produit\\\/detergent-a-camion-pour-machine-a-pression-camnet-20lts\\\/#primaryimage\"},\"image\":{\"@id\":\"https:\\\/\\\/plamdistributions.com\\\/produit\\\/detergent-a-camion-pour-machine-a-pression-camnet-20lts\\\/#primaryimage\"},\"thumbnailUrl\":\"https:\\\/\\\/plamdistributions.com\\\/wp-content\\\/uploads\\\/2021\\\/05\\\/CAMNET20.jpg\",\"datePublished\":\"2021-05-21T18:37:49+00:00\",\"dateModified\":\"2026-01-05T15:45:45+00:00\",\"breadcrumb\":{\"@id\":\"https:\\\/\\\/plamdistributions.com\\\/produit\\\/detergent-a-camion-pour-machine-a-pression-camnet-20lts\\\/#breadcrumb\"},\"inLanguage\":\"es\",\"potentialAction\":[{\"@type\":\"ReadAction\",\"target\":[\"https:\\\/\\\/plamdistributions.com\\\/produit\\\/detergent-a-camion-pour-machine-a-pression-camnet-20lts\\\/\"]}]},{\"@type\":\"ImageObject\",\"inLanguage\":\"es\",\"@id\":\"https:\\\/\\\/plamdistributions.com\\\/produit\\\/detergent-a-camion-pour-machine-a-pression-camnet-20lts\\\/#primaryimage\",\"url\":\"https:\\\/\\\/plamdistributions.com\\\/wp-content\\\/uploads\\\/2021\\\/05\\\/CAMNET20.jpg\",\"contentUrl\":\"https:\\\/\\\/plamdistributions.com\\\/wp-content\\\/uploads\\\/2021\\\/05\\\/CAMNET20.jpg\",\"width\":600,\"height\":600},{\"@type\":\"BreadcrumbList\",\"@id\":\"https:\\\/\\\/plamdistributions.com\\\/produit\\\/detergent-a-camion-pour-machine-a-pression-camnet-20lts\\\/#breadcrumb\",\"itemListElement\":[{\"@type\":\"ListItem\",\"position\":1,\"name\":\"Accueil\",\"item\":\"https:\\\/\\\/plamdistributions.com\\\/es\\\/\"},{\"@type\":\"ListItem\",\"position\":2,\"name\":\"Tienda\",\"item\":\"https:\\\/\\\/plamdistributions.com\\\/es\\\/tienda\\\/\"},{\"@type\":\"ListItem\",\"position\":3,\"name\":\"CAMNET D\u00e9tergent \u00e0 camion pour machine \u00e0 pression\"}]},{\"@type\":\"WebSite\",\"@id\":\"https:\\\/\\\/plamdistributions.com\\\/#website\",\"url\":\"https:\\\/\\\/plamdistributions.com\\\/\",\"name\":\"Distributions Pla-M Inc.\",\"description\":\"Venta de productos y equipos sanitarios\",\"publisher\":{\"@id\":\"https:\\\/\\\/plamdistributions.com\\\/#organization\"},\"potentialAction\":[{\"@type\":\"SearchAction\",\"target\":{\"@type\":\"EntryPoint\",\"urlTemplate\":\"https:\\\/\\\/plamdistributions.com\\\/?s={search_term_string}\"},\"query-input\":{\"@type\":\"PropertyValueSpecification\",\"valueRequired\":true,\"valueName\":\"search_term_string\"}}],\"inLanguage\":\"es\"},{\"@type\":\"Organization\",\"@id\":\"https:\\\/\\\/plamdistributions.com\\\/#organization\",\"name\":\"Distributions Pla-M\",\"url\":\"https:\\\/\\\/plamdistributions.com\\\/\",\"logo\":{\"@type\":\"ImageObject\",\"inLanguage\":\"es\",\"@id\":\"https:\\\/\\\/plamdistributions.com\\\/#\\\/schema\\\/logo\\\/image\\\/\",\"url\":\"https:\\\/\\\/plamdistributions.com\\\/wp-content\\\/uploads\\\/2021\\\/05\\\/PLAM-SANS.png\",\"contentUrl\":\"https:\\\/\\\/plamdistributions.com\\\/wp-content\\\/uploads\\\/2021\\\/05\\\/PLAM-SANS.png\",\"width\":289,\"height\":224,\"caption\":\"Distributions Pla-M\"},\"image\":{\"@id\":\"https:\\\/\\\/plamdistributions.com\\\/#\\\/schema\\\/logo\\\/image\\\/\"},\"sameAs\":[\"https:\\\/\\\/www.facebook.com\\\/displam\\\/\",\"https:\\\/\\\/x.com\\\/Displam\",\"https:\\\/\\\/www.youtube.com\\\/channel\\\/UCHmm3HCGnpGuaQ984quISDg\"]}]}<\/script>\n<!-- \/ Yoast SEO plugin. -->","yoast_head_json":{"title":"CAMNET D\u00e9tergent \u00e0 camion pour machine \u00e0 pression | Distributions Pla-M","robots":{"index":"index","follow":"follow","max-snippet":"max-snippet:-1","max-image-preview":"max-image-preview:large","max-video-preview":"max-video-preview:-1"},"canonical":"https:\/\/plamdistributions.com\/produit\/detergent-a-camion-pour-machine-a-pression-camnet-20lts\/","og_locale":"es_ES","og_type":"article","og_title":"CAMNET D\u00e9tergent \u00e0 camion pour machine \u00e0 pression | Distributions Pla-M","og_description":"Code: CAMNET20 \/ CAMNET205 \u2713 Ultra concentr\u00e9\u00a0\u2713 Pour lave-camion automatique\u00a0\u2713 Aucun brossage n\u00e9cessaire CAMNET est un d\u00e9tergent liquide biod\u00e9gradable de","og_url":"https:\/\/plamdistributions.com\/produit\/detergent-a-camion-pour-machine-a-pression-camnet-20lts\/","og_site_name":"Distributions Pla-M","article_publisher":"https:\/\/www.facebook.com\/displam\/","article_modified_time":"2026-01-05T15:45:45+00:00","og_image":[{"width":600,"height":600,"url":"https:\/\/plamdistributions.com\/wp-content\/uploads\/2021\/05\/CAMNET20.jpg","type":"image\/jpeg"}],"twitter_card":"summary_large_image","twitter_site":"@Displam","twitter_misc":{"Tiempo de lectura":"1 minuto"},"schema":{"@context":"https:\/\/schema.org","@graph":[{"@type":"WebPage","@id":"https:\/\/plamdistributions.com\/produit\/detergent-a-camion-pour-machine-a-pression-camnet-20lts\/","url":"https:\/\/plamdistributions.com\/produit\/detergent-a-camion-pour-machine-a-pression-camnet-20lts\/","name":"CAMNET D\u00e9tergent \u00e0 camion pour machine \u00e0 pression | Distributions Pla-M","isPartOf":{"@id":"https:\/\/plamdistributions.com\/#website"},"primaryImageOfPage":{"@id":"https:\/\/plamdistributions.com\/produit\/detergent-a-camion-pour-machine-a-pression-camnet-20lts\/#primaryimage"},"image":{"@id":"https:\/\/plamdistributions.com\/produit\/detergent-a-camion-pour-machine-a-pression-camnet-20lts\/#primaryimage"},"thumbnailUrl":"https:\/\/plamdistributions.com\/wp-content\/uploads\/2021\/05\/CAMNET20.jpg","datePublished":"2021-05-21T18:37:49+00:00","dateModified":"2026-01-05T15:45:45+00:00","breadcrumb":{"@id":"https:\/\/plamdistributions.com\/produit\/detergent-a-camion-pour-machine-a-pression-camnet-20lts\/#breadcrumb"},"inLanguage":"es","potentialAction":[{"@type":"ReadAction","target":["https:\/\/plamdistributions.com\/produit\/detergent-a-camion-pour-machine-a-pression-camnet-20lts\/"]}]},{"@type":"ImageObject","inLanguage":"es","@id":"https:\/\/plamdistributions.com\/produit\/detergent-a-camion-pour-machine-a-pression-camnet-20lts\/#primaryimage","url":"https:\/\/plamdistributions.com\/wp-content\/uploads\/2021\/05\/CAMNET20.jpg","contentUrl":"https:\/\/plamdistributions.com\/wp-content\/uploads\/2021\/05\/CAMNET20.jpg","width":600,"height":600},{"@type":"BreadcrumbList","@id":"https:\/\/plamdistributions.com\/produit\/detergent-a-camion-pour-machine-a-pression-camnet-20lts\/#breadcrumb","itemListElement":[{"@type":"ListItem","position":1,"name":"Accueil","item":"https:\/\/plamdistributions.com\/es\/"},{"@type":"ListItem","position":2,"name":"Tienda","item":"https:\/\/plamdistributions.com\/es\/tienda\/"},{"@type":"ListItem","position":3,"name":"CAMNET D\u00e9tergent \u00e0 camion pour machine \u00e0 pression"}]},{"@type":"WebSite","@id":"https:\/\/plamdistributions.com\/#website","url":"https:\/\/plamdistributions.com\/","name":"Distributions Pla-M Inc.","description":"Venta de productos y equipos sanitarios","publisher":{"@id":"https:\/\/plamdistributions.com\/#organization"},"potentialAction":[{"@type":"SearchAction","target":{"@type":"EntryPoint","urlTemplate":"https:\/\/plamdistributions.com\/?s={search_term_string}"},"query-input":{"@type":"PropertyValueSpecification","valueRequired":true,"valueName":"search_term_string"}}],"inLanguage":"es"},{"@type":"Organization","@id":"https:\/\/plamdistributions.com\/#organization","name":"Distributions Pla-M","url":"https:\/\/plamdistributions.com\/","logo":{"@type":"ImageObject","inLanguage":"es","@id":"https:\/\/plamdistributions.com\/#\/schema\/logo\/image\/","url":"https:\/\/plamdistributions.com\/wp-content\/uploads\/2021\/05\/PLAM-SANS.png","contentUrl":"https:\/\/plamdistributions.com\/wp-content\/uploads\/2021\/05\/PLAM-SANS.png","width":289,"height":224,"caption":"Distributions Pla-M"},"image":{"@id":"https:\/\/plamdistributions.com\/#\/schema\/logo\/image\/"},"sameAs":["https:\/\/www.facebook.com\/displam\/","https:\/\/x.com\/Displam","https:\/\/www.youtube.com\/channel\/UCHmm3HCGnpGuaQ984quISDg"]}]}},"_links":{"self":[{"href":"https:\/\/plamdistributions.com\/es\/wp-json\/wp\/v2\/product\/23724","targetHints":{"allow":["GET"]}}],"collection":[{"href":"https:\/\/plamdistributions.com\/es\/wp-json\/wp\/v2\/product"}],"about":[{"href":"https:\/\/plamdistributions.com\/es\/wp-json\/wp\/v2\/types\/product"}],"replies":[{"embeddable":true,"href":"https:\/\/plamdistributions.com\/es\/wp-json\/wp\/v2\/comments?post=23724"}],"wp:featuredmedia":[{"embeddable":true,"href":"https:\/\/plamdistributions.com\/es\/wp-json\/wp\/v2\/media\/23723"}],"wp:attachment":[{"href":"https:\/\/plamdistributions.com\/es\/wp-json\/wp\/v2\/media?parent=23724"}],"wp:term":[{"taxonomy":"product_brand","embeddable":true,"href":"https:\/\/plamdistributions.com\/es\/wp-json\/wp\/v2\/product_brand?post=23724"},{"taxonomy":"product_cat","embeddable":true,"href":"https:\/\/plamdistributions.com\/es\/wp-json\/wp\/v2\/product_cat?post=23724"},{"taxonomy":"product_tag","embeddable":true,"href":"https:\/\/plamdistributions.com\/es\/wp-json\/wp\/v2\/product_tag?post=23724"}],"curies":[{"name":"wp","href":"https:\/\/api.w.org\/{rel}","templated":true}]}}