{"id":23792,"date":"2021-05-21T14:38:22","date_gmt":"2021-05-21T18:38:22","guid":{"rendered":"https:\/\/plamdistributions.com\/produit\/chiffon-tork-center-pull-blanc-1-rouleaux-400fls\/"},"modified":"2023-01-31T01:28:39","modified_gmt":"2023-01-31T05:28:39","slug":"chiffon-tork-center-pull-blanc-1-rouleaux-400fls","status":"publish","type":"product","link":"https:\/\/plamdistributions.com\/es\/produit\/chiffon-tork-center-pull-blanc-1-rouleaux-400fls\/","title":{"rendered":"CHIFFON TORK CENTER PULL BLANC 1RLX DE 400FLS"},"content":{"rendered":"<p><strong>Code: CF-TK530137<\/strong><\/p>\n<p>Le chiffon de nettoyage Tork Center Pull est tr\u00e8s absorbant, \u00e9pais et tr\u00e8s durable, il r\u00e9siste au frottement dur sans tomber en morceaux. Il fonctionne avec la plupart des solvants et \u00e9limine l&#8217;huile, la graisse, l&#8217;eau et les taches tenaces rapidement et efficacement, tout en prot\u00e9geant les mains de la chaleur et des d\u00e9chets m\u00e9talliques.<\/p>\n<p><strong>\u2713\u00a0 Fabricant: Tork<\/strong><\/p>\n","protected":false},"excerpt":{"rendered":"<p>Code: CF-TK530137 Le chiffon de nettoyage Tork Center Pull est tr\u00e8s absorbant, \u00e9pais et tr\u00e8s durable, il r\u00e9siste au frottement<\/p>\n","protected":false},"featured_media":32297,"comment_status":"closed","ping_status":"closed","template":"","meta":[],"product_brand":[],"product_cat":[278,101],"product_tag":[],"class_list":{"0":"post-23792","1":"product","2":"type-product","3":"status-publish","4":"has-post-thumbnail","6":"product_cat-chiffons-et-lingettes-humides","7":"product_cat-papier-chiffons-et-sacs-a-dechets","8":"product_shipping_class-standard","10":"first","11":"onbackorder","12":"taxable","13":"shipping-taxable","14":"purchasable","15":"product-type-simple"},"yoast_head":"<!-- This site is optimized with the Yoast SEO plugin v27.4 - https:\/\/yoast.com\/product\/yoast-seo-wordpress\/ -->\n<title>CHIFFON TORK CENTER PULL BLANC 1RLX DE 400FLS | Distributions Pla-M<\/title>\n<meta name=\"robots\" content=\"index, follow, max-snippet:-1, max-image-preview:large, max-video-preview:-1\" \/>\n<link rel=\"canonical\" href=\"https:\/\/plamdistributions.com\/produit\/chiffon-tork-center-pull-blanc-1-rouleaux-400fls\/\" \/>\n<meta property=\"og:locale\" content=\"es_ES\" \/>\n<meta property=\"og:type\" content=\"article\" \/>\n<meta property=\"og:title\" content=\"CHIFFON TORK CENTER PULL BLANC 1RLX DE 400FLS | Distributions Pla-M\" \/>\n<meta property=\"og:description\" content=\"Code: CF-TK530137 Le chiffon de nettoyage Tork Center Pull est tr\u00e8s absorbant, \u00e9pais et tr\u00e8s durable, il r\u00e9siste au frottement\" \/>\n<meta property=\"og:url\" content=\"https:\/\/plamdistributions.com\/produit\/chiffon-tork-center-pull-blanc-1-rouleaux-400fls\/\" \/>\n<meta property=\"og:site_name\" content=\"Distributions Pla-M\" \/>\n<meta property=\"article:publisher\" content=\"https:\/\/www.facebook.com\/displam\/\" \/>\n<meta property=\"article:modified_time\" content=\"2023-01-31T05:28:39+00:00\" \/>\n<meta property=\"og:image\" content=\"https:\/\/plamdistributions.com\/wp-content\/uploads\/2021\/05\/CF-TK530137-1.jpg\" \/>\n\t<meta property=\"og:image:width\" content=\"700\" \/>\n\t<meta property=\"og:image:height\" content=\"700\" \/>\n\t<meta property=\"og:image:type\" content=\"image\/jpeg\" \/>\n<meta name=\"twitter:card\" content=\"summary_large_image\" \/>\n<meta name=\"twitter:site\" content=\"@Displam\" \/>\n<script type=\"application\/ld+json\" class=\"yoast-schema-graph\">{\"@context\":\"https:\\\/\\\/schema.org\",\"@graph\":[{\"@type\":\"WebPage\",\"@id\":\"https:\\\/\\\/plamdistributions.com\\\/produit\\\/chiffon-tork-center-pull-blanc-1-rouleaux-400fls\\\/\",\"url\":\"https:\\\/\\\/plamdistributions.com\\\/produit\\\/chiffon-tork-center-pull-blanc-1-rouleaux-400fls\\\/\",\"name\":\"CHIFFON TORK CENTER PULL BLANC 1RLX DE 400FLS | Distributions Pla-M\",\"isPartOf\":{\"@id\":\"https:\\\/\\\/plamdistributions.com\\\/en\\\/#website\"},\"primaryImageOfPage\":{\"@id\":\"https:\\\/\\\/plamdistributions.com\\\/produit\\\/chiffon-tork-center-pull-blanc-1-rouleaux-400fls\\\/#primaryimage\"},\"image\":{\"@id\":\"https:\\\/\\\/plamdistributions.com\\\/produit\\\/chiffon-tork-center-pull-blanc-1-rouleaux-400fls\\\/#primaryimage\"},\"thumbnailUrl\":\"https:\\\/\\\/plamdistributions.com\\\/wp-content\\\/uploads\\\/2021\\\/05\\\/CF-TK530137-1.jpg\",\"datePublished\":\"2021-05-21T18:38:22+00:00\",\"dateModified\":\"2023-01-31T05:28:39+00:00\",\"breadcrumb\":{\"@id\":\"https:\\\/\\\/plamdistributions.com\\\/produit\\\/chiffon-tork-center-pull-blanc-1-rouleaux-400fls\\\/#breadcrumb\"},\"inLanguage\":\"es\",\"potentialAction\":[{\"@type\":\"ReadAction\",\"target\":[\"https:\\\/\\\/plamdistributions.com\\\/produit\\\/chiffon-tork-center-pull-blanc-1-rouleaux-400fls\\\/\"]}]},{\"@type\":\"ImageObject\",\"inLanguage\":\"es\",\"@id\":\"https:\\\/\\\/plamdistributions.com\\\/produit\\\/chiffon-tork-center-pull-blanc-1-rouleaux-400fls\\\/#primaryimage\",\"url\":\"https:\\\/\\\/plamdistributions.com\\\/wp-content\\\/uploads\\\/2021\\\/05\\\/CF-TK530137-1.jpg\",\"contentUrl\":\"https:\\\/\\\/plamdistributions.com\\\/wp-content\\\/uploads\\\/2021\\\/05\\\/CF-TK530137-1.jpg\",\"width\":700,\"height\":700,\"caption\":\"Chiffon Tork Center Pull blanc 1 rouleaux 400fls\"},{\"@type\":\"BreadcrumbList\",\"@id\":\"https:\\\/\\\/plamdistributions.com\\\/produit\\\/chiffon-tork-center-pull-blanc-1-rouleaux-400fls\\\/#breadcrumb\",\"itemListElement\":[{\"@type\":\"ListItem\",\"position\":1,\"name\":\"Accueil\",\"item\":\"https:\\\/\\\/plamdistributions.com\\\/es\\\/\"},{\"@type\":\"ListItem\",\"position\":2,\"name\":\"Tienda\",\"item\":\"https:\\\/\\\/plamdistributions.com\\\/es\\\/tienda\\\/\"},{\"@type\":\"ListItem\",\"position\":3,\"name\":\"CHIFFON TORK CENTER PULL BLANC 1RLX DE 400FLS\"}]},{\"@type\":\"WebSite\",\"@id\":\"https:\\\/\\\/plamdistributions.com\\\/en\\\/#website\",\"url\":\"https:\\\/\\\/plamdistributions.com\\\/en\\\/\",\"name\":\"Distributions Pla-M Inc.\",\"description\":\"Venta de productos y equipos sanitarios\",\"publisher\":{\"@id\":\"https:\\\/\\\/plamdistributions.com\\\/en\\\/#organization\"},\"potentialAction\":[{\"@type\":\"SearchAction\",\"target\":{\"@type\":\"EntryPoint\",\"urlTemplate\":\"https:\\\/\\\/plamdistributions.com\\\/en\\\/?s={search_term_string}\"},\"query-input\":{\"@type\":\"PropertyValueSpecification\",\"valueRequired\":true,\"valueName\":\"search_term_string\"}}],\"inLanguage\":\"es\"},{\"@type\":\"Organization\",\"@id\":\"https:\\\/\\\/plamdistributions.com\\\/en\\\/#organization\",\"name\":\"Distributions Pla-M\",\"url\":\"https:\\\/\\\/plamdistributions.com\\\/en\\\/\",\"logo\":{\"@type\":\"ImageObject\",\"inLanguage\":\"es\",\"@id\":\"https:\\\/\\\/plamdistributions.com\\\/en\\\/#\\\/schema\\\/logo\\\/image\\\/\",\"url\":\"https:\\\/\\\/plamdistributions.com\\\/wp-content\\\/uploads\\\/2021\\\/05\\\/PLAM-SANS.png\",\"contentUrl\":\"https:\\\/\\\/plamdistributions.com\\\/wp-content\\\/uploads\\\/2021\\\/05\\\/PLAM-SANS.png\",\"width\":289,\"height\":224,\"caption\":\"Distributions Pla-M\"},\"image\":{\"@id\":\"https:\\\/\\\/plamdistributions.com\\\/en\\\/#\\\/schema\\\/logo\\\/image\\\/\"},\"sameAs\":[\"https:\\\/\\\/www.facebook.com\\\/displam\\\/\",\"https:\\\/\\\/x.com\\\/Displam\",\"https:\\\/\\\/www.youtube.com\\\/channel\\\/UCHmm3HCGnpGuaQ984quISDg\"]}]}<\/script>\n<!-- \/ Yoast SEO plugin. -->","yoast_head_json":{"title":"CHIFFON TORK CENTER PULL BLANC 1RLX DE 400FLS | Distributions Pla-M","robots":{"index":"index","follow":"follow","max-snippet":"max-snippet:-1","max-image-preview":"max-image-preview:large","max-video-preview":"max-video-preview:-1"},"canonical":"https:\/\/plamdistributions.com\/produit\/chiffon-tork-center-pull-blanc-1-rouleaux-400fls\/","og_locale":"es_ES","og_type":"article","og_title":"CHIFFON TORK CENTER PULL BLANC 1RLX DE 400FLS | Distributions Pla-M","og_description":"Code: CF-TK530137 Le chiffon de nettoyage Tork Center Pull est tr\u00e8s absorbant, \u00e9pais et tr\u00e8s durable, il r\u00e9siste au frottement","og_url":"https:\/\/plamdistributions.com\/produit\/chiffon-tork-center-pull-blanc-1-rouleaux-400fls\/","og_site_name":"Distributions Pla-M","article_publisher":"https:\/\/www.facebook.com\/displam\/","article_modified_time":"2023-01-31T05:28:39+00:00","og_image":[{"width":700,"height":700,"url":"https:\/\/plamdistributions.com\/wp-content\/uploads\/2021\/05\/CF-TK530137-1.jpg","type":"image\/jpeg"}],"twitter_card":"summary_large_image","twitter_site":"@Displam","schema":{"@context":"https:\/\/schema.org","@graph":[{"@type":"WebPage","@id":"https:\/\/plamdistributions.com\/produit\/chiffon-tork-center-pull-blanc-1-rouleaux-400fls\/","url":"https:\/\/plamdistributions.com\/produit\/chiffon-tork-center-pull-blanc-1-rouleaux-400fls\/","name":"CHIFFON TORK CENTER PULL BLANC 1RLX DE 400FLS | Distributions Pla-M","isPartOf":{"@id":"https:\/\/plamdistributions.com\/en\/#website"},"primaryImageOfPage":{"@id":"https:\/\/plamdistributions.com\/produit\/chiffon-tork-center-pull-blanc-1-rouleaux-400fls\/#primaryimage"},"image":{"@id":"https:\/\/plamdistributions.com\/produit\/chiffon-tork-center-pull-blanc-1-rouleaux-400fls\/#primaryimage"},"thumbnailUrl":"https:\/\/plamdistributions.com\/wp-content\/uploads\/2021\/05\/CF-TK530137-1.jpg","datePublished":"2021-05-21T18:38:22+00:00","dateModified":"2023-01-31T05:28:39+00:00","breadcrumb":{"@id":"https:\/\/plamdistributions.com\/produit\/chiffon-tork-center-pull-blanc-1-rouleaux-400fls\/#breadcrumb"},"inLanguage":"es","potentialAction":[{"@type":"ReadAction","target":["https:\/\/plamdistributions.com\/produit\/chiffon-tork-center-pull-blanc-1-rouleaux-400fls\/"]}]},{"@type":"ImageObject","inLanguage":"es","@id":"https:\/\/plamdistributions.com\/produit\/chiffon-tork-center-pull-blanc-1-rouleaux-400fls\/#primaryimage","url":"https:\/\/plamdistributions.com\/wp-content\/uploads\/2021\/05\/CF-TK530137-1.jpg","contentUrl":"https:\/\/plamdistributions.com\/wp-content\/uploads\/2021\/05\/CF-TK530137-1.jpg","width":700,"height":700,"caption":"Chiffon Tork Center Pull blanc 1 rouleaux 400fls"},{"@type":"BreadcrumbList","@id":"https:\/\/plamdistributions.com\/produit\/chiffon-tork-center-pull-blanc-1-rouleaux-400fls\/#breadcrumb","itemListElement":[{"@type":"ListItem","position":1,"name":"Accueil","item":"https:\/\/plamdistributions.com\/es\/"},{"@type":"ListItem","position":2,"name":"Tienda","item":"https:\/\/plamdistributions.com\/es\/tienda\/"},{"@type":"ListItem","position":3,"name":"CHIFFON TORK CENTER PULL BLANC 1RLX DE 400FLS"}]},{"@type":"WebSite","@id":"https:\/\/plamdistributions.com\/en\/#website","url":"https:\/\/plamdistributions.com\/en\/","name":"Distributions Pla-M Inc.","description":"Venta de productos y equipos sanitarios","publisher":{"@id":"https:\/\/plamdistributions.com\/en\/#organization"},"potentialAction":[{"@type":"SearchAction","target":{"@type":"EntryPoint","urlTemplate":"https:\/\/plamdistributions.com\/en\/?s={search_term_string}"},"query-input":{"@type":"PropertyValueSpecification","valueRequired":true,"valueName":"search_term_string"}}],"inLanguage":"es"},{"@type":"Organization","@id":"https:\/\/plamdistributions.com\/en\/#organization","name":"Distributions Pla-M","url":"https:\/\/plamdistributions.com\/en\/","logo":{"@type":"ImageObject","inLanguage":"es","@id":"https:\/\/plamdistributions.com\/en\/#\/schema\/logo\/image\/","url":"https:\/\/plamdistributions.com\/wp-content\/uploads\/2021\/05\/PLAM-SANS.png","contentUrl":"https:\/\/plamdistributions.com\/wp-content\/uploads\/2021\/05\/PLAM-SANS.png","width":289,"height":224,"caption":"Distributions Pla-M"},"image":{"@id":"https:\/\/plamdistributions.com\/en\/#\/schema\/logo\/image\/"},"sameAs":["https:\/\/www.facebook.com\/displam\/","https:\/\/x.com\/Displam","https:\/\/www.youtube.com\/channel\/UCHmm3HCGnpGuaQ984quISDg"]}]}},"_links":{"self":[{"href":"https:\/\/plamdistributions.com\/es\/wp-json\/wp\/v2\/product\/23792","targetHints":{"allow":["GET"]}}],"collection":[{"href":"https:\/\/plamdistributions.com\/es\/wp-json\/wp\/v2\/product"}],"about":[{"href":"https:\/\/plamdistributions.com\/es\/wp-json\/wp\/v2\/types\/product"}],"replies":[{"embeddable":true,"href":"https:\/\/plamdistributions.com\/es\/wp-json\/wp\/v2\/comments?post=23792"}],"wp:featuredmedia":[{"embeddable":true,"href":"https:\/\/plamdistributions.com\/es\/wp-json\/wp\/v2\/media\/32297"}],"wp:attachment":[{"href":"https:\/\/plamdistributions.com\/es\/wp-json\/wp\/v2\/media?parent=23792"}],"wp:term":[{"taxonomy":"product_brand","embeddable":true,"href":"https:\/\/plamdistributions.com\/es\/wp-json\/wp\/v2\/product_brand?post=23792"},{"taxonomy":"product_cat","embeddable":true,"href":"https:\/\/plamdistributions.com\/es\/wp-json\/wp\/v2\/product_cat?post=23792"},{"taxonomy":"product_tag","embeddable":true,"href":"https:\/\/plamdistributions.com\/es\/wp-json\/wp\/v2\/product_tag?post=23792"}],"curies":[{"name":"wp","href":"https:\/\/api.w.org\/{rel}","templated":true}]}}