{"id":23899,"date":"2021-05-21T14:39:58","date_gmt":"2021-05-21T18:39:58","guid":{"rendered":"https:\/\/plamdistributions.com\/produit\/poubelle-ronde-inox-couvercle-entonnoir-125l\/"},"modified":"2023-01-31T01:33:39","modified_gmt":"2023-01-31T05:33:39","slug":"poubelle-ronde-inox-couvercle-entonnoir-125l","status":"publish","type":"product","link":"https:\/\/plamdistributions.com\/es\/produit\/poubelle-ronde-inox-couvercle-entonnoir-125l\/","title":{"rendered":"POUBELLE RONDE INOX COUVERCLE ENTONNOIR 125L"},"content":{"rendered":"<p><strong><a href=\"http:\/\/plamdistributions.com\/wp-content\/uploads\/2021\/11\/Fiche-par-Frost-310S.pdf\"><img decoding=\"async\" class=\"alignnone wp-image-29652\" src=\"http:\/\/plamdistributions.com\/wp-content\/uploads\/2021\/11\/Fiche-technique-Frost.jpg\" alt=\"\" width=\"146\" height=\"65\" srcset=\"https:\/\/plamdistributions.com\/wp-content\/uploads\/2021\/11\/Fiche-technique-Frost-200x89.jpg 200w, https:\/\/plamdistributions.com\/wp-content\/uploads\/2021\/11\/Fiche-technique-Frost-300x134.jpg 300w, https:\/\/plamdistributions.com\/wp-content\/uploads\/2021\/11\/Fiche-technique-Frost.jpg 400w\" sizes=\"(max-width: 146px) 100vw, 146px\" \/><\/a><\/strong><\/p>\n<p><strong>Code: CP-F310S<\/strong><\/p>\n<p>Les poubelles de sol en acier inoxydable code 310 sont parfaites pour les endroits de grand passage, car elles ont la qualit\u00e9 et la durabilit\u00e9 de l\u2019acier inoxydable sans\u00a0\u00eatre des mod\u00e8les muraux. Les mod\u00e8les 310 pr\u00e9sentent un aspect arrondi esth\u00e9tique, id\u00e9al pour les halls et zones de r\u00e9ceptions.<\/p>\n<p><strong>\u2713\u00a0 Fabricant: Frost<\/strong><\/p>\n<p>&nbsp;<\/p>\n","protected":false},"excerpt":{"rendered":"<p>Code: CP-F310S Les poubelles de sol en acier inoxydable code 310 sont parfaites pour les endroits de grand passage, car<\/p>\n","protected":false},"featured_media":23898,"comment_status":"closed","ping_status":"closed","template":"","meta":[],"product_brand":[],"product_cat":[143,286],"product_tag":[],"class_list":{"0":"post-23899","1":"product","2":"type-product","3":"status-publish","4":"has-post-thumbnail","6":"product_cat-accessoires","7":"product_cat-poubelles-et-couvercles","8":"product_shipping_class-standard","10":"first","11":"onbackorder","12":"featured","13":"taxable","14":"shipping-taxable","15":"purchasable","16":"product-type-simple"},"yoast_head":"<!-- This site is optimized with the Yoast SEO plugin v27.5 - https:\/\/yoast.com\/product\/yoast-seo-wordpress\/ -->\n<title>POUBELLE RONDE INOX COUVERCLE ENTONNOIR 125L | Distributions Pla-M<\/title>\n<meta name=\"robots\" content=\"index, follow, max-snippet:-1, max-image-preview:large, max-video-preview:-1\" \/>\n<link rel=\"canonical\" href=\"https:\/\/plamdistributions.com\/produit\/poubelle-ronde-inox-couvercle-entonnoir-125l\/\" \/>\n<meta property=\"og:locale\" content=\"es_ES\" \/>\n<meta property=\"og:type\" content=\"article\" \/>\n<meta property=\"og:title\" content=\"POUBELLE RONDE INOX COUVERCLE ENTONNOIR 125L | Distributions Pla-M\" \/>\n<meta property=\"og:description\" content=\"Code: CP-F310S Les poubelles de sol en acier inoxydable code 310 sont parfaites pour les endroits de grand passage, car\" \/>\n<meta property=\"og:url\" content=\"https:\/\/plamdistributions.com\/produit\/poubelle-ronde-inox-couvercle-entonnoir-125l\/\" \/>\n<meta property=\"og:site_name\" content=\"Distributions Pla-M\" \/>\n<meta property=\"article:publisher\" content=\"https:\/\/www.facebook.com\/displam\/\" \/>\n<meta property=\"article:modified_time\" content=\"2023-01-31T05:33:39+00:00\" \/>\n<meta property=\"og:image\" content=\"https:\/\/plamdistributions.com\/wp-content\/uploads\/2021\/05\/CP-F310S.jpg\" \/>\n\t<meta property=\"og:image:width\" content=\"600\" \/>\n\t<meta property=\"og:image:height\" content=\"600\" \/>\n\t<meta property=\"og:image:type\" content=\"image\/jpeg\" \/>\n<meta name=\"twitter:card\" content=\"summary_large_image\" \/>\n<meta name=\"twitter:site\" content=\"@Displam\" \/>\n<meta name=\"twitter:label1\" content=\"Tiempo de lectura\" \/>\n\t<meta name=\"twitter:data1\" content=\"1 minuto\" \/>\n<script type=\"application\/ld+json\" class=\"yoast-schema-graph\">{\"@context\":\"https:\\\/\\\/schema.org\",\"@graph\":[{\"@type\":\"WebPage\",\"@id\":\"https:\\\/\\\/plamdistributions.com\\\/produit\\\/poubelle-ronde-inox-couvercle-entonnoir-125l\\\/\",\"url\":\"https:\\\/\\\/plamdistributions.com\\\/produit\\\/poubelle-ronde-inox-couvercle-entonnoir-125l\\\/\",\"name\":\"POUBELLE RONDE INOX COUVERCLE ENTONNOIR 125L | Distributions Pla-M\",\"isPartOf\":{\"@id\":\"https:\\\/\\\/plamdistributions.com\\\/#website\"},\"primaryImageOfPage\":{\"@id\":\"https:\\\/\\\/plamdistributions.com\\\/produit\\\/poubelle-ronde-inox-couvercle-entonnoir-125l\\\/#primaryimage\"},\"image\":{\"@id\":\"https:\\\/\\\/plamdistributions.com\\\/produit\\\/poubelle-ronde-inox-couvercle-entonnoir-125l\\\/#primaryimage\"},\"thumbnailUrl\":\"https:\\\/\\\/plamdistributions.com\\\/wp-content\\\/uploads\\\/2021\\\/05\\\/CP-F310S.jpg\",\"datePublished\":\"2021-05-21T18:39:58+00:00\",\"dateModified\":\"2023-01-31T05:33:39+00:00\",\"breadcrumb\":{\"@id\":\"https:\\\/\\\/plamdistributions.com\\\/produit\\\/poubelle-ronde-inox-couvercle-entonnoir-125l\\\/#breadcrumb\"},\"inLanguage\":\"es\",\"potentialAction\":[{\"@type\":\"ReadAction\",\"target\":[\"https:\\\/\\\/plamdistributions.com\\\/produit\\\/poubelle-ronde-inox-couvercle-entonnoir-125l\\\/\"]}]},{\"@type\":\"ImageObject\",\"inLanguage\":\"es\",\"@id\":\"https:\\\/\\\/plamdistributions.com\\\/produit\\\/poubelle-ronde-inox-couvercle-entonnoir-125l\\\/#primaryimage\",\"url\":\"https:\\\/\\\/plamdistributions.com\\\/wp-content\\\/uploads\\\/2021\\\/05\\\/CP-F310S.jpg\",\"contentUrl\":\"https:\\\/\\\/plamdistributions.com\\\/wp-content\\\/uploads\\\/2021\\\/05\\\/CP-F310S.jpg\",\"width\":600,\"height\":600},{\"@type\":\"BreadcrumbList\",\"@id\":\"https:\\\/\\\/plamdistributions.com\\\/produit\\\/poubelle-ronde-inox-couvercle-entonnoir-125l\\\/#breadcrumb\",\"itemListElement\":[{\"@type\":\"ListItem\",\"position\":1,\"name\":\"Accueil\",\"item\":\"https:\\\/\\\/plamdistributions.com\\\/es\\\/\"},{\"@type\":\"ListItem\",\"position\":2,\"name\":\"Tienda\",\"item\":\"https:\\\/\\\/plamdistributions.com\\\/es\\\/tienda\\\/\"},{\"@type\":\"ListItem\",\"position\":3,\"name\":\"POUBELLE RONDE INOX COUVERCLE ENTONNOIR 125L\"}]},{\"@type\":\"WebSite\",\"@id\":\"https:\\\/\\\/plamdistributions.com\\\/#website\",\"url\":\"https:\\\/\\\/plamdistributions.com\\\/\",\"name\":\"Distributions Pla-M Inc.\",\"description\":\"Venta de productos y equipos sanitarios\",\"publisher\":{\"@id\":\"https:\\\/\\\/plamdistributions.com\\\/#organization\"},\"potentialAction\":[{\"@type\":\"SearchAction\",\"target\":{\"@type\":\"EntryPoint\",\"urlTemplate\":\"https:\\\/\\\/plamdistributions.com\\\/?s={search_term_string}\"},\"query-input\":{\"@type\":\"PropertyValueSpecification\",\"valueRequired\":true,\"valueName\":\"search_term_string\"}}],\"inLanguage\":\"es\"},{\"@type\":\"Organization\",\"@id\":\"https:\\\/\\\/plamdistributions.com\\\/#organization\",\"name\":\"Distributions Pla-M\",\"url\":\"https:\\\/\\\/plamdistributions.com\\\/\",\"logo\":{\"@type\":\"ImageObject\",\"inLanguage\":\"es\",\"@id\":\"https:\\\/\\\/plamdistributions.com\\\/#\\\/schema\\\/logo\\\/image\\\/\",\"url\":\"https:\\\/\\\/plamdistributions.com\\\/wp-content\\\/uploads\\\/2021\\\/05\\\/PLAM-SANS.png\",\"contentUrl\":\"https:\\\/\\\/plamdistributions.com\\\/wp-content\\\/uploads\\\/2021\\\/05\\\/PLAM-SANS.png\",\"width\":289,\"height\":224,\"caption\":\"Distributions Pla-M\"},\"image\":{\"@id\":\"https:\\\/\\\/plamdistributions.com\\\/#\\\/schema\\\/logo\\\/image\\\/\"},\"sameAs\":[\"https:\\\/\\\/www.facebook.com\\\/displam\\\/\",\"https:\\\/\\\/x.com\\\/Displam\",\"https:\\\/\\\/www.youtube.com\\\/channel\\\/UCHmm3HCGnpGuaQ984quISDg\"]}]}<\/script>\n<!-- \/ Yoast SEO plugin. -->","yoast_head_json":{"title":"POUBELLE RONDE INOX COUVERCLE ENTONNOIR 125L | Distributions Pla-M","robots":{"index":"index","follow":"follow","max-snippet":"max-snippet:-1","max-image-preview":"max-image-preview:large","max-video-preview":"max-video-preview:-1"},"canonical":"https:\/\/plamdistributions.com\/produit\/poubelle-ronde-inox-couvercle-entonnoir-125l\/","og_locale":"es_ES","og_type":"article","og_title":"POUBELLE RONDE INOX COUVERCLE ENTONNOIR 125L | Distributions Pla-M","og_description":"Code: CP-F310S Les poubelles de sol en acier inoxydable code 310 sont parfaites pour les endroits de grand passage, car","og_url":"https:\/\/plamdistributions.com\/produit\/poubelle-ronde-inox-couvercle-entonnoir-125l\/","og_site_name":"Distributions Pla-M","article_publisher":"https:\/\/www.facebook.com\/displam\/","article_modified_time":"2023-01-31T05:33:39+00:00","og_image":[{"width":600,"height":600,"url":"https:\/\/plamdistributions.com\/wp-content\/uploads\/2021\/05\/CP-F310S.jpg","type":"image\/jpeg"}],"twitter_card":"summary_large_image","twitter_site":"@Displam","twitter_misc":{"Tiempo de lectura":"1 minuto"},"schema":{"@context":"https:\/\/schema.org","@graph":[{"@type":"WebPage","@id":"https:\/\/plamdistributions.com\/produit\/poubelle-ronde-inox-couvercle-entonnoir-125l\/","url":"https:\/\/plamdistributions.com\/produit\/poubelle-ronde-inox-couvercle-entonnoir-125l\/","name":"POUBELLE RONDE INOX COUVERCLE ENTONNOIR 125L | Distributions Pla-M","isPartOf":{"@id":"https:\/\/plamdistributions.com\/#website"},"primaryImageOfPage":{"@id":"https:\/\/plamdistributions.com\/produit\/poubelle-ronde-inox-couvercle-entonnoir-125l\/#primaryimage"},"image":{"@id":"https:\/\/plamdistributions.com\/produit\/poubelle-ronde-inox-couvercle-entonnoir-125l\/#primaryimage"},"thumbnailUrl":"https:\/\/plamdistributions.com\/wp-content\/uploads\/2021\/05\/CP-F310S.jpg","datePublished":"2021-05-21T18:39:58+00:00","dateModified":"2023-01-31T05:33:39+00:00","breadcrumb":{"@id":"https:\/\/plamdistributions.com\/produit\/poubelle-ronde-inox-couvercle-entonnoir-125l\/#breadcrumb"},"inLanguage":"es","potentialAction":[{"@type":"ReadAction","target":["https:\/\/plamdistributions.com\/produit\/poubelle-ronde-inox-couvercle-entonnoir-125l\/"]}]},{"@type":"ImageObject","inLanguage":"es","@id":"https:\/\/plamdistributions.com\/produit\/poubelle-ronde-inox-couvercle-entonnoir-125l\/#primaryimage","url":"https:\/\/plamdistributions.com\/wp-content\/uploads\/2021\/05\/CP-F310S.jpg","contentUrl":"https:\/\/plamdistributions.com\/wp-content\/uploads\/2021\/05\/CP-F310S.jpg","width":600,"height":600},{"@type":"BreadcrumbList","@id":"https:\/\/plamdistributions.com\/produit\/poubelle-ronde-inox-couvercle-entonnoir-125l\/#breadcrumb","itemListElement":[{"@type":"ListItem","position":1,"name":"Accueil","item":"https:\/\/plamdistributions.com\/es\/"},{"@type":"ListItem","position":2,"name":"Tienda","item":"https:\/\/plamdistributions.com\/es\/tienda\/"},{"@type":"ListItem","position":3,"name":"POUBELLE RONDE INOX COUVERCLE ENTONNOIR 125L"}]},{"@type":"WebSite","@id":"https:\/\/plamdistributions.com\/#website","url":"https:\/\/plamdistributions.com\/","name":"Distributions Pla-M Inc.","description":"Venta de productos y equipos sanitarios","publisher":{"@id":"https:\/\/plamdistributions.com\/#organization"},"potentialAction":[{"@type":"SearchAction","target":{"@type":"EntryPoint","urlTemplate":"https:\/\/plamdistributions.com\/?s={search_term_string}"},"query-input":{"@type":"PropertyValueSpecification","valueRequired":true,"valueName":"search_term_string"}}],"inLanguage":"es"},{"@type":"Organization","@id":"https:\/\/plamdistributions.com\/#organization","name":"Distributions Pla-M","url":"https:\/\/plamdistributions.com\/","logo":{"@type":"ImageObject","inLanguage":"es","@id":"https:\/\/plamdistributions.com\/#\/schema\/logo\/image\/","url":"https:\/\/plamdistributions.com\/wp-content\/uploads\/2021\/05\/PLAM-SANS.png","contentUrl":"https:\/\/plamdistributions.com\/wp-content\/uploads\/2021\/05\/PLAM-SANS.png","width":289,"height":224,"caption":"Distributions Pla-M"},"image":{"@id":"https:\/\/plamdistributions.com\/#\/schema\/logo\/image\/"},"sameAs":["https:\/\/www.facebook.com\/displam\/","https:\/\/x.com\/Displam","https:\/\/www.youtube.com\/channel\/UCHmm3HCGnpGuaQ984quISDg"]}]}},"_links":{"self":[{"href":"https:\/\/plamdistributions.com\/es\/wp-json\/wp\/v2\/product\/23899","targetHints":{"allow":["GET"]}}],"collection":[{"href":"https:\/\/plamdistributions.com\/es\/wp-json\/wp\/v2\/product"}],"about":[{"href":"https:\/\/plamdistributions.com\/es\/wp-json\/wp\/v2\/types\/product"}],"replies":[{"embeddable":true,"href":"https:\/\/plamdistributions.com\/es\/wp-json\/wp\/v2\/comments?post=23899"}],"wp:featuredmedia":[{"embeddable":true,"href":"https:\/\/plamdistributions.com\/es\/wp-json\/wp\/v2\/media\/23898"}],"wp:attachment":[{"href":"https:\/\/plamdistributions.com\/es\/wp-json\/wp\/v2\/media?parent=23899"}],"wp:term":[{"taxonomy":"product_brand","embeddable":true,"href":"https:\/\/plamdistributions.com\/es\/wp-json\/wp\/v2\/product_brand?post=23899"},{"taxonomy":"product_cat","embeddable":true,"href":"https:\/\/plamdistributions.com\/es\/wp-json\/wp\/v2\/product_cat?post=23899"},{"taxonomy":"product_tag","embeddable":true,"href":"https:\/\/plamdistributions.com\/es\/wp-json\/wp\/v2\/product_tag?post=23899"}],"curies":[{"name":"wp","href":"https:\/\/api.w.org\/{rel}","templated":true}]}}