{"id":24003,"date":"2021-05-21T14:41:02","date_gmt":"2021-05-21T18:41:02","guid":{"rendered":"https:\/\/plamdistributions.com\/produit\/contenant-35gl-ranger-avec-couvercle-2-portes-beige\/"},"modified":"2023-01-31T01:36:51","modified_gmt":"2023-01-31T05:36:51","slug":"contenant-35gl-ranger-avec-couvercle-2-portes","status":"publish","type":"product","link":"https:\/\/plamdistributions.com\/es\/produit\/contenant-35gl-ranger-avec-couvercle-2-portes\/","title":{"rendered":"Contenant 35GL ranger avec couvercle 2 portes"},"content":{"rendered":"<p><strong>Code: CP-RU8430BEI \/ CP-RU8430BLK<\/strong><\/p>\n<p>La poubelle Ranger 8430-88 comprend un couvercle battant et est con\u00e7u pour un usage ext\u00e9rieur pouvant r\u00e9sister aux chocs et au mauvais temps. Le contenant \u00e0 d\u00e9chets 843088 et parfait pour les environnements \u00e0 haut trafic tel que les stades, parcs, centre commerciaux, restaurants ou centre de sant\u00e9.<\/p>\n<p><strong>\u2713 Fabricant: Rubbermaid<\/strong><\/p>\n","protected":false},"excerpt":{"rendered":"<p>Code: CP-RU8430BEI \/ CP-RU8430BLK La poubelle Ranger 8430-88 comprend un couvercle battant et est con\u00e7u pour un usage ext\u00e9rieur pouvant<\/p>\n","protected":false},"featured_media":24002,"comment_status":"closed","ping_status":"closed","template":"","meta":[],"product_brand":[],"product_cat":[143,286],"product_tag":[],"class_list":{"0":"post-24003","1":"product","2":"type-product","3":"status-publish","4":"has-post-thumbnail","6":"product_cat-accessoires","7":"product_cat-poubelles-et-couvercles","8":"product_shipping_class-standard","10":"first","11":"onbackorder","12":"taxable","13":"shipping-taxable","14":"purchasable","15":"product-type-variable"},"yoast_head":"<!-- This site is optimized with the Yoast SEO plugin v27.4 - https:\/\/yoast.com\/product\/yoast-seo-wordpress\/ -->\n<title>Contenant 35GL ranger avec couvercle 2 portes | Distributions Pla-M<\/title>\n<meta name=\"robots\" content=\"index, follow, max-snippet:-1, max-image-preview:large, max-video-preview:-1\" \/>\n<link rel=\"canonical\" href=\"https:\/\/plamdistributions.com\/produit\/contenant-35gl-ranger-avec-couvercle-2-portes\/\" \/>\n<meta property=\"og:locale\" content=\"es_ES\" \/>\n<meta property=\"og:type\" content=\"article\" \/>\n<meta property=\"og:title\" content=\"Contenant 35GL ranger avec couvercle 2 portes | Distributions Pla-M\" \/>\n<meta property=\"og:description\" content=\"Code: CP-RU8430BEI \/ CP-RU8430BLK La poubelle Ranger 8430-88 comprend un couvercle battant et est con\u00e7u pour un usage ext\u00e9rieur pouvant\" \/>\n<meta property=\"og:url\" content=\"https:\/\/plamdistributions.com\/produit\/contenant-35gl-ranger-avec-couvercle-2-portes\/\" \/>\n<meta property=\"og:site_name\" content=\"Distributions Pla-M\" \/>\n<meta property=\"article:publisher\" content=\"https:\/\/www.facebook.com\/displam\/\" \/>\n<meta property=\"article:modified_time\" content=\"2023-01-31T05:36:51+00:00\" \/>\n<meta property=\"og:image\" content=\"https:\/\/plamdistributions.com\/wp-content\/uploads\/2021\/05\/CP-RU8430BEI.jpg\" \/>\n\t<meta property=\"og:image:width\" content=\"600\" \/>\n\t<meta property=\"og:image:height\" content=\"600\" \/>\n\t<meta property=\"og:image:type\" content=\"image\/jpeg\" \/>\n<meta name=\"twitter:card\" content=\"summary_large_image\" \/>\n<meta name=\"twitter:site\" content=\"@Displam\" \/>\n<meta name=\"twitter:label1\" content=\"Tiempo de lectura\" \/>\n\t<meta name=\"twitter:data1\" content=\"1 minuto\" \/>\n<script type=\"application\/ld+json\" class=\"yoast-schema-graph\">{\"@context\":\"https:\\\/\\\/schema.org\",\"@graph\":[{\"@type\":\"WebPage\",\"@id\":\"https:\\\/\\\/plamdistributions.com\\\/produit\\\/contenant-35gl-ranger-avec-couvercle-2-portes\\\/\",\"url\":\"https:\\\/\\\/plamdistributions.com\\\/produit\\\/contenant-35gl-ranger-avec-couvercle-2-portes\\\/\",\"name\":\"Contenant 35GL ranger avec couvercle 2 portes | Distributions Pla-M\",\"isPartOf\":{\"@id\":\"https:\\\/\\\/plamdistributions.com\\\/#website\"},\"primaryImageOfPage\":{\"@id\":\"https:\\\/\\\/plamdistributions.com\\\/produit\\\/contenant-35gl-ranger-avec-couvercle-2-portes\\\/#primaryimage\"},\"image\":{\"@id\":\"https:\\\/\\\/plamdistributions.com\\\/produit\\\/contenant-35gl-ranger-avec-couvercle-2-portes\\\/#primaryimage\"},\"thumbnailUrl\":\"https:\\\/\\\/plamdistributions.com\\\/wp-content\\\/uploads\\\/2021\\\/05\\\/CP-RU8430BEI.jpg\",\"datePublished\":\"2021-05-21T18:41:02+00:00\",\"dateModified\":\"2023-01-31T05:36:51+00:00\",\"breadcrumb\":{\"@id\":\"https:\\\/\\\/plamdistributions.com\\\/produit\\\/contenant-35gl-ranger-avec-couvercle-2-portes\\\/#breadcrumb\"},\"inLanguage\":\"es\",\"potentialAction\":[{\"@type\":\"ReadAction\",\"target\":[\"https:\\\/\\\/plamdistributions.com\\\/produit\\\/contenant-35gl-ranger-avec-couvercle-2-portes\\\/\"]}]},{\"@type\":\"ImageObject\",\"inLanguage\":\"es\",\"@id\":\"https:\\\/\\\/plamdistributions.com\\\/produit\\\/contenant-35gl-ranger-avec-couvercle-2-portes\\\/#primaryimage\",\"url\":\"https:\\\/\\\/plamdistributions.com\\\/wp-content\\\/uploads\\\/2021\\\/05\\\/CP-RU8430BEI.jpg\",\"contentUrl\":\"https:\\\/\\\/plamdistributions.com\\\/wp-content\\\/uploads\\\/2021\\\/05\\\/CP-RU8430BEI.jpg\",\"width\":600,\"height\":600,\"caption\":\"Contenant 35GL ranger avec couvercle 2 portes beige\"},{\"@type\":\"BreadcrumbList\",\"@id\":\"https:\\\/\\\/plamdistributions.com\\\/produit\\\/contenant-35gl-ranger-avec-couvercle-2-portes\\\/#breadcrumb\",\"itemListElement\":[{\"@type\":\"ListItem\",\"position\":1,\"name\":\"Accueil\",\"item\":\"https:\\\/\\\/plamdistributions.com\\\/es\\\/\"},{\"@type\":\"ListItem\",\"position\":2,\"name\":\"Tienda\",\"item\":\"https:\\\/\\\/plamdistributions.com\\\/es\\\/tienda\\\/\"},{\"@type\":\"ListItem\",\"position\":3,\"name\":\"Contenant 35GL ranger avec couvercle 2 portes\"}]},{\"@type\":\"WebSite\",\"@id\":\"https:\\\/\\\/plamdistributions.com\\\/#website\",\"url\":\"https:\\\/\\\/plamdistributions.com\\\/\",\"name\":\"Distributions Pla-M Inc.\",\"description\":\"Venta de productos y equipos sanitarios\",\"publisher\":{\"@id\":\"https:\\\/\\\/plamdistributions.com\\\/#organization\"},\"potentialAction\":[{\"@type\":\"SearchAction\",\"target\":{\"@type\":\"EntryPoint\",\"urlTemplate\":\"https:\\\/\\\/plamdistributions.com\\\/?s={search_term_string}\"},\"query-input\":{\"@type\":\"PropertyValueSpecification\",\"valueRequired\":true,\"valueName\":\"search_term_string\"}}],\"inLanguage\":\"es\"},{\"@type\":\"Organization\",\"@id\":\"https:\\\/\\\/plamdistributions.com\\\/#organization\",\"name\":\"Distributions Pla-M\",\"url\":\"https:\\\/\\\/plamdistributions.com\\\/\",\"logo\":{\"@type\":\"ImageObject\",\"inLanguage\":\"es\",\"@id\":\"https:\\\/\\\/plamdistributions.com\\\/#\\\/schema\\\/logo\\\/image\\\/\",\"url\":\"https:\\\/\\\/plamdistributions.com\\\/wp-content\\\/uploads\\\/2021\\\/05\\\/PLAM-SANS.png\",\"contentUrl\":\"https:\\\/\\\/plamdistributions.com\\\/wp-content\\\/uploads\\\/2021\\\/05\\\/PLAM-SANS.png\",\"width\":289,\"height\":224,\"caption\":\"Distributions Pla-M\"},\"image\":{\"@id\":\"https:\\\/\\\/plamdistributions.com\\\/#\\\/schema\\\/logo\\\/image\\\/\"},\"sameAs\":[\"https:\\\/\\\/www.facebook.com\\\/displam\\\/\",\"https:\\\/\\\/x.com\\\/Displam\",\"https:\\\/\\\/www.youtube.com\\\/channel\\\/UCHmm3HCGnpGuaQ984quISDg\"]}]}<\/script>\n<!-- \/ Yoast SEO plugin. -->","yoast_head_json":{"title":"Contenant 35GL ranger avec couvercle 2 portes | Distributions Pla-M","robots":{"index":"index","follow":"follow","max-snippet":"max-snippet:-1","max-image-preview":"max-image-preview:large","max-video-preview":"max-video-preview:-1"},"canonical":"https:\/\/plamdistributions.com\/produit\/contenant-35gl-ranger-avec-couvercle-2-portes\/","og_locale":"es_ES","og_type":"article","og_title":"Contenant 35GL ranger avec couvercle 2 portes | Distributions Pla-M","og_description":"Code: CP-RU8430BEI \/ CP-RU8430BLK La poubelle Ranger 8430-88 comprend un couvercle battant et est con\u00e7u pour un usage ext\u00e9rieur pouvant","og_url":"https:\/\/plamdistributions.com\/produit\/contenant-35gl-ranger-avec-couvercle-2-portes\/","og_site_name":"Distributions Pla-M","article_publisher":"https:\/\/www.facebook.com\/displam\/","article_modified_time":"2023-01-31T05:36:51+00:00","og_image":[{"width":600,"height":600,"url":"https:\/\/plamdistributions.com\/wp-content\/uploads\/2021\/05\/CP-RU8430BEI.jpg","type":"image\/jpeg"}],"twitter_card":"summary_large_image","twitter_site":"@Displam","twitter_misc":{"Tiempo de lectura":"1 minuto"},"schema":{"@context":"https:\/\/schema.org","@graph":[{"@type":"WebPage","@id":"https:\/\/plamdistributions.com\/produit\/contenant-35gl-ranger-avec-couvercle-2-portes\/","url":"https:\/\/plamdistributions.com\/produit\/contenant-35gl-ranger-avec-couvercle-2-portes\/","name":"Contenant 35GL ranger avec couvercle 2 portes | Distributions Pla-M","isPartOf":{"@id":"https:\/\/plamdistributions.com\/#website"},"primaryImageOfPage":{"@id":"https:\/\/plamdistributions.com\/produit\/contenant-35gl-ranger-avec-couvercle-2-portes\/#primaryimage"},"image":{"@id":"https:\/\/plamdistributions.com\/produit\/contenant-35gl-ranger-avec-couvercle-2-portes\/#primaryimage"},"thumbnailUrl":"https:\/\/plamdistributions.com\/wp-content\/uploads\/2021\/05\/CP-RU8430BEI.jpg","datePublished":"2021-05-21T18:41:02+00:00","dateModified":"2023-01-31T05:36:51+00:00","breadcrumb":{"@id":"https:\/\/plamdistributions.com\/produit\/contenant-35gl-ranger-avec-couvercle-2-portes\/#breadcrumb"},"inLanguage":"es","potentialAction":[{"@type":"ReadAction","target":["https:\/\/plamdistributions.com\/produit\/contenant-35gl-ranger-avec-couvercle-2-portes\/"]}]},{"@type":"ImageObject","inLanguage":"es","@id":"https:\/\/plamdistributions.com\/produit\/contenant-35gl-ranger-avec-couvercle-2-portes\/#primaryimage","url":"https:\/\/plamdistributions.com\/wp-content\/uploads\/2021\/05\/CP-RU8430BEI.jpg","contentUrl":"https:\/\/plamdistributions.com\/wp-content\/uploads\/2021\/05\/CP-RU8430BEI.jpg","width":600,"height":600,"caption":"Contenant 35GL ranger avec couvercle 2 portes beige"},{"@type":"BreadcrumbList","@id":"https:\/\/plamdistributions.com\/produit\/contenant-35gl-ranger-avec-couvercle-2-portes\/#breadcrumb","itemListElement":[{"@type":"ListItem","position":1,"name":"Accueil","item":"https:\/\/plamdistributions.com\/es\/"},{"@type":"ListItem","position":2,"name":"Tienda","item":"https:\/\/plamdistributions.com\/es\/tienda\/"},{"@type":"ListItem","position":3,"name":"Contenant 35GL ranger avec couvercle 2 portes"}]},{"@type":"WebSite","@id":"https:\/\/plamdistributions.com\/#website","url":"https:\/\/plamdistributions.com\/","name":"Distributions Pla-M Inc.","description":"Venta de productos y equipos sanitarios","publisher":{"@id":"https:\/\/plamdistributions.com\/#organization"},"potentialAction":[{"@type":"SearchAction","target":{"@type":"EntryPoint","urlTemplate":"https:\/\/plamdistributions.com\/?s={search_term_string}"},"query-input":{"@type":"PropertyValueSpecification","valueRequired":true,"valueName":"search_term_string"}}],"inLanguage":"es"},{"@type":"Organization","@id":"https:\/\/plamdistributions.com\/#organization","name":"Distributions Pla-M","url":"https:\/\/plamdistributions.com\/","logo":{"@type":"ImageObject","inLanguage":"es","@id":"https:\/\/plamdistributions.com\/#\/schema\/logo\/image\/","url":"https:\/\/plamdistributions.com\/wp-content\/uploads\/2021\/05\/PLAM-SANS.png","contentUrl":"https:\/\/plamdistributions.com\/wp-content\/uploads\/2021\/05\/PLAM-SANS.png","width":289,"height":224,"caption":"Distributions Pla-M"},"image":{"@id":"https:\/\/plamdistributions.com\/#\/schema\/logo\/image\/"},"sameAs":["https:\/\/www.facebook.com\/displam\/","https:\/\/x.com\/Displam","https:\/\/www.youtube.com\/channel\/UCHmm3HCGnpGuaQ984quISDg"]}]}},"_links":{"self":[{"href":"https:\/\/plamdistributions.com\/es\/wp-json\/wp\/v2\/product\/24003","targetHints":{"allow":["GET"]}}],"collection":[{"href":"https:\/\/plamdistributions.com\/es\/wp-json\/wp\/v2\/product"}],"about":[{"href":"https:\/\/plamdistributions.com\/es\/wp-json\/wp\/v2\/types\/product"}],"replies":[{"embeddable":true,"href":"https:\/\/plamdistributions.com\/es\/wp-json\/wp\/v2\/comments?post=24003"}],"wp:featuredmedia":[{"embeddable":true,"href":"https:\/\/plamdistributions.com\/es\/wp-json\/wp\/v2\/media\/24002"}],"wp:attachment":[{"href":"https:\/\/plamdistributions.com\/es\/wp-json\/wp\/v2\/media?parent=24003"}],"wp:term":[{"taxonomy":"product_brand","embeddable":true,"href":"https:\/\/plamdistributions.com\/es\/wp-json\/wp\/v2\/product_brand?post=24003"},{"taxonomy":"product_cat","embeddable":true,"href":"https:\/\/plamdistributions.com\/es\/wp-json\/wp\/v2\/product_cat?post=24003"},{"taxonomy":"product_tag","embeddable":true,"href":"https:\/\/plamdistributions.com\/es\/wp-json\/wp\/v2\/product_tag?post=24003"}],"curies":[{"name":"wp","href":"https:\/\/api.w.org\/{rel}","templated":true}]}}