{"id":24007,"date":"2021-05-21T14:41:04","date_gmt":"2021-05-21T18:41:04","guid":{"rendered":"https:\/\/plamdistributions.com\/produit\/poubelle-rubbermaid-infinity-carre-avec-couvercle-dome\/"},"modified":"2023-01-31T01:37:10","modified_gmt":"2023-01-31T05:37:10","slug":"poubelle-rubbermaid-infinity-carre-avec-couvercle-dome","status":"publish","type":"product","link":"https:\/\/plamdistributions.com\/es\/produit\/poubelle-rubbermaid-infinity-carre-avec-couvercle-dome\/","title":{"rendered":"POUBELLE RUBBERMAID INFINITY CARR\u00c9 AVEC COUVERLE DOME"},"content":{"rendered":"<p><strong>Code: CP-RU9W38<\/strong><\/p>\n<p>Contenants \u00e9l\u00e9gants avec construction en plastique pour une durabilit\u00e9 in\u00e9gal\u00e9e. Composants modulaires pour une remise \u00e0 neuf facile. Navires renvers\u00e9s pour une plus grande efficacit\u00e9 du cube et une hauteur inf\u00e9rieure. La base en r\u00e9sine ABS ne rayera pas les surfaces et ne laissera pas de taches de rouille. Les panneaux peuvent \u00eatre invers\u00e9s pour doubler la dur\u00e9e de vie.<\/p>\n<p><strong>\u2713 Fabricant: Rubbermaid<\/strong><\/p>\n","protected":false},"excerpt":{"rendered":"<p>Code: CP-RU9W38 Contenants \u00e9l\u00e9gants avec construction en plastique pour une durabilit\u00e9 in\u00e9gal\u00e9e. Composants modulaires pour une remise \u00e0 neuf facile.<\/p>\n","protected":false},"featured_media":24006,"comment_status":"closed","ping_status":"closed","template":"","meta":[],"product_brand":[],"product_cat":[143,286],"product_tag":[],"class_list":{"0":"post-24007","1":"product","2":"type-product","3":"status-publish","4":"has-post-thumbnail","6":"product_cat-accessoires","7":"product_cat-poubelles-et-couvercles","8":"product_shipping_class-standard","10":"first","11":"onbackorder","12":"taxable","13":"shipping-taxable","14":"purchasable","15":"product-type-simple"},"yoast_head":"<!-- This site is optimized with the Yoast SEO plugin v27.5 - https:\/\/yoast.com\/product\/yoast-seo-wordpress\/ -->\n<title>POUBELLE RUBBERMAID INFINITY CARR\u00c9 AVEC COUVERLE DOME | Distributions Pla-M<\/title>\n<meta name=\"robots\" content=\"index, follow, max-snippet:-1, max-image-preview:large, max-video-preview:-1\" \/>\n<link rel=\"canonical\" href=\"https:\/\/plamdistributions.com\/es\/produit\/poubelle-rubbermaid-infinity-carre-avec-couvercle-dome\/\" \/>\n<meta property=\"og:locale\" content=\"es_ES\" \/>\n<meta property=\"og:type\" content=\"article\" \/>\n<meta property=\"og:title\" content=\"POUBELLE RUBBERMAID INFINITY CARR\u00c9 AVEC COUVERLE DOME | Distributions Pla-M\" \/>\n<meta property=\"og:description\" content=\"Code: CP-RU9W38 Contenants \u00e9l\u00e9gants avec construction en plastique pour une durabilit\u00e9 in\u00e9gal\u00e9e. Composants modulaires pour une remise \u00e0 neuf facile.\" \/>\n<meta property=\"og:url\" content=\"https:\/\/plamdistributions.com\/es\/produit\/poubelle-rubbermaid-infinity-carre-avec-couvercle-dome\/\" \/>\n<meta property=\"og:site_name\" content=\"Distributions Pla-M\" \/>\n<meta property=\"article:publisher\" content=\"https:\/\/www.facebook.com\/displam\/\" \/>\n<meta property=\"article:modified_time\" content=\"2023-01-31T05:37:10+00:00\" \/>\n<meta property=\"og:image\" content=\"https:\/\/plamdistributions.com\/wp-content\/uploads\/2021\/05\/CP-RU9W38.jpg\" \/>\n\t<meta property=\"og:image:width\" content=\"600\" \/>\n\t<meta property=\"og:image:height\" content=\"600\" \/>\n\t<meta property=\"og:image:type\" content=\"image\/jpeg\" \/>\n<meta name=\"twitter:card\" content=\"summary_large_image\" \/>\n<meta name=\"twitter:site\" content=\"@Displam\" \/>\n<script type=\"application\/ld+json\" class=\"yoast-schema-graph\">{\"@context\":\"https:\\\/\\\/schema.org\",\"@graph\":[{\"@type\":\"WebPage\",\"@id\":\"https:\\\/\\\/plamdistributions.com\\\/es\\\/produit\\\/poubelle-rubbermaid-infinity-carre-avec-couvercle-dome\\\/\",\"url\":\"https:\\\/\\\/plamdistributions.com\\\/es\\\/produit\\\/poubelle-rubbermaid-infinity-carre-avec-couvercle-dome\\\/\",\"name\":\"POUBELLE RUBBERMAID INFINITY CARR\u00c9 AVEC COUVERLE DOME | Distributions Pla-M\",\"isPartOf\":{\"@id\":\"https:\\\/\\\/plamdistributions.com\\\/#website\"},\"primaryImageOfPage\":{\"@id\":\"https:\\\/\\\/plamdistributions.com\\\/es\\\/produit\\\/poubelle-rubbermaid-infinity-carre-avec-couvercle-dome\\\/#primaryimage\"},\"image\":{\"@id\":\"https:\\\/\\\/plamdistributions.com\\\/es\\\/produit\\\/poubelle-rubbermaid-infinity-carre-avec-couvercle-dome\\\/#primaryimage\"},\"thumbnailUrl\":\"https:\\\/\\\/plamdistributions.com\\\/wp-content\\\/uploads\\\/2021\\\/05\\\/CP-RU9W38.jpg\",\"datePublished\":\"2021-05-21T18:41:04+00:00\",\"dateModified\":\"2023-01-31T05:37:10+00:00\",\"breadcrumb\":{\"@id\":\"https:\\\/\\\/plamdistributions.com\\\/es\\\/produit\\\/poubelle-rubbermaid-infinity-carre-avec-couvercle-dome\\\/#breadcrumb\"},\"inLanguage\":\"es\",\"potentialAction\":[{\"@type\":\"ReadAction\",\"target\":[\"https:\\\/\\\/plamdistributions.com\\\/es\\\/produit\\\/poubelle-rubbermaid-infinity-carre-avec-couvercle-dome\\\/\"]}]},{\"@type\":\"ImageObject\",\"inLanguage\":\"es\",\"@id\":\"https:\\\/\\\/plamdistributions.com\\\/es\\\/produit\\\/poubelle-rubbermaid-infinity-carre-avec-couvercle-dome\\\/#primaryimage\",\"url\":\"https:\\\/\\\/plamdistributions.com\\\/wp-content\\\/uploads\\\/2021\\\/05\\\/CP-RU9W38.jpg\",\"contentUrl\":\"https:\\\/\\\/plamdistributions.com\\\/wp-content\\\/uploads\\\/2021\\\/05\\\/CP-RU9W38.jpg\",\"width\":600,\"height\":600,\"caption\":\"Poubelle Rubbermaid 9W38 Infinity carr\u00e9 avec couvercle dome\"},{\"@type\":\"BreadcrumbList\",\"@id\":\"https:\\\/\\\/plamdistributions.com\\\/es\\\/produit\\\/poubelle-rubbermaid-infinity-carre-avec-couvercle-dome\\\/#breadcrumb\",\"itemListElement\":[{\"@type\":\"ListItem\",\"position\":1,\"name\":\"Accueil\",\"item\":\"https:\\\/\\\/plamdistributions.com\\\/es\\\/\"},{\"@type\":\"ListItem\",\"position\":2,\"name\":\"Tienda\",\"item\":\"https:\\\/\\\/plamdistributions.com\\\/es\\\/tienda\\\/\"},{\"@type\":\"ListItem\",\"position\":3,\"name\":\"POUBELLE RUBBERMAID INFINITY CARR\u00c9 AVEC COUVERLE DOME\"}]},{\"@type\":\"WebSite\",\"@id\":\"https:\\\/\\\/plamdistributions.com\\\/#website\",\"url\":\"https:\\\/\\\/plamdistributions.com\\\/\",\"name\":\"Distributions Pla-M Inc.\",\"description\":\"Venta de productos y equipos sanitarios\",\"publisher\":{\"@id\":\"https:\\\/\\\/plamdistributions.com\\\/#organization\"},\"potentialAction\":[{\"@type\":\"SearchAction\",\"target\":{\"@type\":\"EntryPoint\",\"urlTemplate\":\"https:\\\/\\\/plamdistributions.com\\\/?s={search_term_string}\"},\"query-input\":{\"@type\":\"PropertyValueSpecification\",\"valueRequired\":true,\"valueName\":\"search_term_string\"}}],\"inLanguage\":\"es\"},{\"@type\":\"Organization\",\"@id\":\"https:\\\/\\\/plamdistributions.com\\\/#organization\",\"name\":\"Distributions Pla-M\",\"url\":\"https:\\\/\\\/plamdistributions.com\\\/\",\"logo\":{\"@type\":\"ImageObject\",\"inLanguage\":\"es\",\"@id\":\"https:\\\/\\\/plamdistributions.com\\\/#\\\/schema\\\/logo\\\/image\\\/\",\"url\":\"https:\\\/\\\/plamdistributions.com\\\/wp-content\\\/uploads\\\/2021\\\/05\\\/PLAM-SANS.png\",\"contentUrl\":\"https:\\\/\\\/plamdistributions.com\\\/wp-content\\\/uploads\\\/2021\\\/05\\\/PLAM-SANS.png\",\"width\":289,\"height\":224,\"caption\":\"Distributions Pla-M\"},\"image\":{\"@id\":\"https:\\\/\\\/plamdistributions.com\\\/#\\\/schema\\\/logo\\\/image\\\/\"},\"sameAs\":[\"https:\\\/\\\/www.facebook.com\\\/displam\\\/\",\"https:\\\/\\\/x.com\\\/Displam\",\"https:\\\/\\\/www.youtube.com\\\/channel\\\/UCHmm3HCGnpGuaQ984quISDg\"]}]}<\/script>\n<!-- \/ Yoast SEO plugin. -->","yoast_head_json":{"title":"POUBELLE RUBBERMAID INFINITY CARR\u00c9 AVEC COUVERLE DOME | Distributions Pla-M","robots":{"index":"index","follow":"follow","max-snippet":"max-snippet:-1","max-image-preview":"max-image-preview:large","max-video-preview":"max-video-preview:-1"},"canonical":"https:\/\/plamdistributions.com\/es\/produit\/poubelle-rubbermaid-infinity-carre-avec-couvercle-dome\/","og_locale":"es_ES","og_type":"article","og_title":"POUBELLE RUBBERMAID INFINITY CARR\u00c9 AVEC COUVERLE DOME | Distributions Pla-M","og_description":"Code: CP-RU9W38 Contenants \u00e9l\u00e9gants avec construction en plastique pour une durabilit\u00e9 in\u00e9gal\u00e9e. Composants modulaires pour une remise \u00e0 neuf facile.","og_url":"https:\/\/plamdistributions.com\/es\/produit\/poubelle-rubbermaid-infinity-carre-avec-couvercle-dome\/","og_site_name":"Distributions Pla-M","article_publisher":"https:\/\/www.facebook.com\/displam\/","article_modified_time":"2023-01-31T05:37:10+00:00","og_image":[{"width":600,"height":600,"url":"https:\/\/plamdistributions.com\/wp-content\/uploads\/2021\/05\/CP-RU9W38.jpg","type":"image\/jpeg"}],"twitter_card":"summary_large_image","twitter_site":"@Displam","schema":{"@context":"https:\/\/schema.org","@graph":[{"@type":"WebPage","@id":"https:\/\/plamdistributions.com\/es\/produit\/poubelle-rubbermaid-infinity-carre-avec-couvercle-dome\/","url":"https:\/\/plamdistributions.com\/es\/produit\/poubelle-rubbermaid-infinity-carre-avec-couvercle-dome\/","name":"POUBELLE RUBBERMAID INFINITY CARR\u00c9 AVEC COUVERLE DOME | Distributions Pla-M","isPartOf":{"@id":"https:\/\/plamdistributions.com\/#website"},"primaryImageOfPage":{"@id":"https:\/\/plamdistributions.com\/es\/produit\/poubelle-rubbermaid-infinity-carre-avec-couvercle-dome\/#primaryimage"},"image":{"@id":"https:\/\/plamdistributions.com\/es\/produit\/poubelle-rubbermaid-infinity-carre-avec-couvercle-dome\/#primaryimage"},"thumbnailUrl":"https:\/\/plamdistributions.com\/wp-content\/uploads\/2021\/05\/CP-RU9W38.jpg","datePublished":"2021-05-21T18:41:04+00:00","dateModified":"2023-01-31T05:37:10+00:00","breadcrumb":{"@id":"https:\/\/plamdistributions.com\/es\/produit\/poubelle-rubbermaid-infinity-carre-avec-couvercle-dome\/#breadcrumb"},"inLanguage":"es","potentialAction":[{"@type":"ReadAction","target":["https:\/\/plamdistributions.com\/es\/produit\/poubelle-rubbermaid-infinity-carre-avec-couvercle-dome\/"]}]},{"@type":"ImageObject","inLanguage":"es","@id":"https:\/\/plamdistributions.com\/es\/produit\/poubelle-rubbermaid-infinity-carre-avec-couvercle-dome\/#primaryimage","url":"https:\/\/plamdistributions.com\/wp-content\/uploads\/2021\/05\/CP-RU9W38.jpg","contentUrl":"https:\/\/plamdistributions.com\/wp-content\/uploads\/2021\/05\/CP-RU9W38.jpg","width":600,"height":600,"caption":"Poubelle Rubbermaid 9W38 Infinity carr\u00e9 avec couvercle dome"},{"@type":"BreadcrumbList","@id":"https:\/\/plamdistributions.com\/es\/produit\/poubelle-rubbermaid-infinity-carre-avec-couvercle-dome\/#breadcrumb","itemListElement":[{"@type":"ListItem","position":1,"name":"Accueil","item":"https:\/\/plamdistributions.com\/es\/"},{"@type":"ListItem","position":2,"name":"Tienda","item":"https:\/\/plamdistributions.com\/es\/tienda\/"},{"@type":"ListItem","position":3,"name":"POUBELLE RUBBERMAID INFINITY CARR\u00c9 AVEC COUVERLE DOME"}]},{"@type":"WebSite","@id":"https:\/\/plamdistributions.com\/#website","url":"https:\/\/plamdistributions.com\/","name":"Distributions Pla-M Inc.","description":"Venta de productos y equipos sanitarios","publisher":{"@id":"https:\/\/plamdistributions.com\/#organization"},"potentialAction":[{"@type":"SearchAction","target":{"@type":"EntryPoint","urlTemplate":"https:\/\/plamdistributions.com\/?s={search_term_string}"},"query-input":{"@type":"PropertyValueSpecification","valueRequired":true,"valueName":"search_term_string"}}],"inLanguage":"es"},{"@type":"Organization","@id":"https:\/\/plamdistributions.com\/#organization","name":"Distributions Pla-M","url":"https:\/\/plamdistributions.com\/","logo":{"@type":"ImageObject","inLanguage":"es","@id":"https:\/\/plamdistributions.com\/#\/schema\/logo\/image\/","url":"https:\/\/plamdistributions.com\/wp-content\/uploads\/2021\/05\/PLAM-SANS.png","contentUrl":"https:\/\/plamdistributions.com\/wp-content\/uploads\/2021\/05\/PLAM-SANS.png","width":289,"height":224,"caption":"Distributions Pla-M"},"image":{"@id":"https:\/\/plamdistributions.com\/#\/schema\/logo\/image\/"},"sameAs":["https:\/\/www.facebook.com\/displam\/","https:\/\/x.com\/Displam","https:\/\/www.youtube.com\/channel\/UCHmm3HCGnpGuaQ984quISDg"]}]}},"_links":{"self":[{"href":"https:\/\/plamdistributions.com\/es\/wp-json\/wp\/v2\/product\/24007","targetHints":{"allow":["GET"]}}],"collection":[{"href":"https:\/\/plamdistributions.com\/es\/wp-json\/wp\/v2\/product"}],"about":[{"href":"https:\/\/plamdistributions.com\/es\/wp-json\/wp\/v2\/types\/product"}],"replies":[{"embeddable":true,"href":"https:\/\/plamdistributions.com\/es\/wp-json\/wp\/v2\/comments?post=24007"}],"wp:featuredmedia":[{"embeddable":true,"href":"https:\/\/plamdistributions.com\/es\/wp-json\/wp\/v2\/media\/24006"}],"wp:attachment":[{"href":"https:\/\/plamdistributions.com\/es\/wp-json\/wp\/v2\/media?parent=24007"}],"wp:term":[{"taxonomy":"product_brand","embeddable":true,"href":"https:\/\/plamdistributions.com\/es\/wp-json\/wp\/v2\/product_brand?post=24007"},{"taxonomy":"product_cat","embeddable":true,"href":"https:\/\/plamdistributions.com\/es\/wp-json\/wp\/v2\/product_cat?post=24007"},{"taxonomy":"product_tag","embeddable":true,"href":"https:\/\/plamdistributions.com\/es\/wp-json\/wp\/v2\/product_tag?post=24007"}],"curies":[{"name":"wp","href":"https:\/\/api.w.org\/{rel}","templated":true}]}}