{"id":24090,"date":"2021-05-21T14:41:49","date_gmt":"2021-05-21T18:41:49","guid":{"rendered":"https:\/\/plamdistributions.com\/produit\/couvercle-rubbermaid-2-rabats-pour-ru3540\/"},"modified":"2024-09-06T11:03:58","modified_gmt":"2024-09-06T15:03:58","slug":"couvercle-rubbermaid-2-rabats-pour-ru3540","status":"publish","type":"product","link":"https:\/\/plamdistributions.com\/es\/produit\/couvercle-rubbermaid-2-rabats-pour-ru3540\/","title":{"rendered":"COUVERCLE RECYCLAGE BLEU \u00c0 2 RABATS POUR RU3540"},"content":{"rendered":"<p><strong>Code: CVR-RU267360<\/strong><\/p>\n<ul>\n<li>Couvercle pour dissimuler les d\u00e9chets;<\/li>\n<li>Plastique robuste facile \u00e0 nettoyer.<\/li>\n<li><strong>Couleur:<\/strong> Bleu<\/li>\n<\/ul>\n<p><strong>\u2713 Fabricant: Rubbermaid<\/strong><\/p>\n","protected":false},"excerpt":{"rendered":"<p>Code: CVR-RU267360 Couvercle pour dissimuler les d\u00e9chets; Plastique robuste facile \u00e0 nettoyer. Couleur: Bleu \u2713 Fabricant: Rubbermaid<\/p>\n","protected":false},"featured_media":33016,"comment_status":"closed","ping_status":"closed","template":"","meta":[],"product_brand":[],"product_cat":[143,286],"product_tag":[],"class_list":{"0":"post-24090","1":"product","2":"type-product","3":"status-publish","4":"has-post-thumbnail","6":"product_cat-accessoires","7":"product_cat-poubelles-et-couvercles","8":"product_shipping_class-standard","10":"first","11":"instock","12":"taxable","13":"shipping-taxable","14":"purchasable","15":"product-type-simple"},"yoast_head":"<!-- This site is optimized with the Yoast SEO plugin v27.4 - https:\/\/yoast.com\/product\/yoast-seo-wordpress\/ -->\n<title>COUVERCLE RECYCLAGE BLEU \u00c0 2 RABATS POUR RU3540 | Distributions Pla-M<\/title>\n<meta name=\"robots\" content=\"index, follow, max-snippet:-1, max-image-preview:large, max-video-preview:-1\" \/>\n<link rel=\"canonical\" href=\"https:\/\/plamdistributions.com\/es\/produit\/couvercle-rubbermaid-2-rabats-pour-ru3540\/\" \/>\n<meta property=\"og:locale\" content=\"es_ES\" \/>\n<meta property=\"og:type\" content=\"article\" \/>\n<meta property=\"og:title\" content=\"COUVERCLE RECYCLAGE BLEU \u00c0 2 RABATS POUR RU3540 | Distributions Pla-M\" \/>\n<meta property=\"og:description\" content=\"Code: CVR-RU267360 Couvercle pour dissimuler les d\u00e9chets; Plastique robuste facile \u00e0 nettoyer. Couleur: Bleu \u2713 Fabricant: Rubbermaid\" \/>\n<meta property=\"og:url\" content=\"https:\/\/plamdistributions.com\/es\/produit\/couvercle-rubbermaid-2-rabats-pour-ru3540\/\" \/>\n<meta property=\"og:site_name\" content=\"Distributions Pla-M\" \/>\n<meta property=\"article:publisher\" content=\"https:\/\/www.facebook.com\/displam\/\" \/>\n<meta property=\"article:modified_time\" content=\"2024-09-06T15:03:58+00:00\" \/>\n<meta property=\"og:image\" content=\"https:\/\/plamdistributions.com\/wp-content\/uploads\/2021\/05\/CVR-RU267360.jpg\" \/>\n\t<meta property=\"og:image:width\" content=\"700\" \/>\n\t<meta property=\"og:image:height\" content=\"700\" \/>\n\t<meta property=\"og:image:type\" content=\"image\/jpeg\" \/>\n<meta name=\"twitter:card\" content=\"summary_large_image\" \/>\n<meta name=\"twitter:site\" content=\"@Displam\" \/>\n<meta name=\"twitter:label1\" content=\"Tiempo de lectura\" \/>\n\t<meta name=\"twitter:data1\" content=\"1 minuto\" \/>\n<script type=\"application\/ld+json\" class=\"yoast-schema-graph\">{\"@context\":\"https:\\\/\\\/schema.org\",\"@graph\":[{\"@type\":\"WebPage\",\"@id\":\"https:\\\/\\\/plamdistributions.com\\\/es\\\/produit\\\/couvercle-rubbermaid-2-rabats-pour-ru3540\\\/\",\"url\":\"https:\\\/\\\/plamdistributions.com\\\/es\\\/produit\\\/couvercle-rubbermaid-2-rabats-pour-ru3540\\\/\",\"name\":\"COUVERCLE RECYCLAGE BLEU \u00c0 2 RABATS POUR RU3540 | Distributions Pla-M\",\"isPartOf\":{\"@id\":\"https:\\\/\\\/plamdistributions.com\\\/#website\"},\"primaryImageOfPage\":{\"@id\":\"https:\\\/\\\/plamdistributions.com\\\/es\\\/produit\\\/couvercle-rubbermaid-2-rabats-pour-ru3540\\\/#primaryimage\"},\"image\":{\"@id\":\"https:\\\/\\\/plamdistributions.com\\\/es\\\/produit\\\/couvercle-rubbermaid-2-rabats-pour-ru3540\\\/#primaryimage\"},\"thumbnailUrl\":\"https:\\\/\\\/plamdistributions.com\\\/wp-content\\\/uploads\\\/2021\\\/05\\\/CVR-RU267360.jpg\",\"datePublished\":\"2021-05-21T18:41:49+00:00\",\"dateModified\":\"2024-09-06T15:03:58+00:00\",\"breadcrumb\":{\"@id\":\"https:\\\/\\\/plamdistributions.com\\\/es\\\/produit\\\/couvercle-rubbermaid-2-rabats-pour-ru3540\\\/#breadcrumb\"},\"inLanguage\":\"es\",\"potentialAction\":[{\"@type\":\"ReadAction\",\"target\":[\"https:\\\/\\\/plamdistributions.com\\\/es\\\/produit\\\/couvercle-rubbermaid-2-rabats-pour-ru3540\\\/\"]}]},{\"@type\":\"ImageObject\",\"inLanguage\":\"es\",\"@id\":\"https:\\\/\\\/plamdistributions.com\\\/es\\\/produit\\\/couvercle-rubbermaid-2-rabats-pour-ru3540\\\/#primaryimage\",\"url\":\"https:\\\/\\\/plamdistributions.com\\\/wp-content\\\/uploads\\\/2021\\\/05\\\/CVR-RU267360.jpg\",\"contentUrl\":\"https:\\\/\\\/plamdistributions.com\\\/wp-content\\\/uploads\\\/2021\\\/05\\\/CVR-RU267360.jpg\",\"width\":700,\"height\":700,\"caption\":\"Couvercle bleu Rubbermaid 2 rabats pour RU3540\"},{\"@type\":\"BreadcrumbList\",\"@id\":\"https:\\\/\\\/plamdistributions.com\\\/es\\\/produit\\\/couvercle-rubbermaid-2-rabats-pour-ru3540\\\/#breadcrumb\",\"itemListElement\":[{\"@type\":\"ListItem\",\"position\":1,\"name\":\"Accueil\",\"item\":\"https:\\\/\\\/plamdistributions.com\\\/es\\\/\"},{\"@type\":\"ListItem\",\"position\":2,\"name\":\"Tienda\",\"item\":\"https:\\\/\\\/plamdistributions.com\\\/es\\\/tienda\\\/\"},{\"@type\":\"ListItem\",\"position\":3,\"name\":\"COUVERCLE RECYCLAGE BLEU \u00c0 2 RABATS POUR RU3540\"}]},{\"@type\":\"WebSite\",\"@id\":\"https:\\\/\\\/plamdistributions.com\\\/#website\",\"url\":\"https:\\\/\\\/plamdistributions.com\\\/\",\"name\":\"Distributions Pla-M Inc.\",\"description\":\"Venta de productos y equipos sanitarios\",\"publisher\":{\"@id\":\"https:\\\/\\\/plamdistributions.com\\\/#organization\"},\"potentialAction\":[{\"@type\":\"SearchAction\",\"target\":{\"@type\":\"EntryPoint\",\"urlTemplate\":\"https:\\\/\\\/plamdistributions.com\\\/?s={search_term_string}\"},\"query-input\":{\"@type\":\"PropertyValueSpecification\",\"valueRequired\":true,\"valueName\":\"search_term_string\"}}],\"inLanguage\":\"es\"},{\"@type\":\"Organization\",\"@id\":\"https:\\\/\\\/plamdistributions.com\\\/#organization\",\"name\":\"Distributions Pla-M\",\"url\":\"https:\\\/\\\/plamdistributions.com\\\/\",\"logo\":{\"@type\":\"ImageObject\",\"inLanguage\":\"es\",\"@id\":\"https:\\\/\\\/plamdistributions.com\\\/#\\\/schema\\\/logo\\\/image\\\/\",\"url\":\"https:\\\/\\\/plamdistributions.com\\\/wp-content\\\/uploads\\\/2021\\\/05\\\/PLAM-SANS.png\",\"contentUrl\":\"https:\\\/\\\/plamdistributions.com\\\/wp-content\\\/uploads\\\/2021\\\/05\\\/PLAM-SANS.png\",\"width\":289,\"height\":224,\"caption\":\"Distributions Pla-M\"},\"image\":{\"@id\":\"https:\\\/\\\/plamdistributions.com\\\/#\\\/schema\\\/logo\\\/image\\\/\"},\"sameAs\":[\"https:\\\/\\\/www.facebook.com\\\/displam\\\/\",\"https:\\\/\\\/x.com\\\/Displam\",\"https:\\\/\\\/www.youtube.com\\\/channel\\\/UCHmm3HCGnpGuaQ984quISDg\"]}]}<\/script>\n<!-- \/ Yoast SEO plugin. -->","yoast_head_json":{"title":"COUVERCLE RECYCLAGE BLEU \u00c0 2 RABATS POUR RU3540 | Distributions Pla-M","robots":{"index":"index","follow":"follow","max-snippet":"max-snippet:-1","max-image-preview":"max-image-preview:large","max-video-preview":"max-video-preview:-1"},"canonical":"https:\/\/plamdistributions.com\/es\/produit\/couvercle-rubbermaid-2-rabats-pour-ru3540\/","og_locale":"es_ES","og_type":"article","og_title":"COUVERCLE RECYCLAGE BLEU \u00c0 2 RABATS POUR RU3540 | Distributions Pla-M","og_description":"Code: CVR-RU267360 Couvercle pour dissimuler les d\u00e9chets; Plastique robuste facile \u00e0 nettoyer. Couleur: Bleu \u2713 Fabricant: Rubbermaid","og_url":"https:\/\/plamdistributions.com\/es\/produit\/couvercle-rubbermaid-2-rabats-pour-ru3540\/","og_site_name":"Distributions Pla-M","article_publisher":"https:\/\/www.facebook.com\/displam\/","article_modified_time":"2024-09-06T15:03:58+00:00","og_image":[{"width":700,"height":700,"url":"https:\/\/plamdistributions.com\/wp-content\/uploads\/2021\/05\/CVR-RU267360.jpg","type":"image\/jpeg"}],"twitter_card":"summary_large_image","twitter_site":"@Displam","twitter_misc":{"Tiempo de lectura":"1 minuto"},"schema":{"@context":"https:\/\/schema.org","@graph":[{"@type":"WebPage","@id":"https:\/\/plamdistributions.com\/es\/produit\/couvercle-rubbermaid-2-rabats-pour-ru3540\/","url":"https:\/\/plamdistributions.com\/es\/produit\/couvercle-rubbermaid-2-rabats-pour-ru3540\/","name":"COUVERCLE RECYCLAGE BLEU \u00c0 2 RABATS POUR RU3540 | Distributions Pla-M","isPartOf":{"@id":"https:\/\/plamdistributions.com\/#website"},"primaryImageOfPage":{"@id":"https:\/\/plamdistributions.com\/es\/produit\/couvercle-rubbermaid-2-rabats-pour-ru3540\/#primaryimage"},"image":{"@id":"https:\/\/plamdistributions.com\/es\/produit\/couvercle-rubbermaid-2-rabats-pour-ru3540\/#primaryimage"},"thumbnailUrl":"https:\/\/plamdistributions.com\/wp-content\/uploads\/2021\/05\/CVR-RU267360.jpg","datePublished":"2021-05-21T18:41:49+00:00","dateModified":"2024-09-06T15:03:58+00:00","breadcrumb":{"@id":"https:\/\/plamdistributions.com\/es\/produit\/couvercle-rubbermaid-2-rabats-pour-ru3540\/#breadcrumb"},"inLanguage":"es","potentialAction":[{"@type":"ReadAction","target":["https:\/\/plamdistributions.com\/es\/produit\/couvercle-rubbermaid-2-rabats-pour-ru3540\/"]}]},{"@type":"ImageObject","inLanguage":"es","@id":"https:\/\/plamdistributions.com\/es\/produit\/couvercle-rubbermaid-2-rabats-pour-ru3540\/#primaryimage","url":"https:\/\/plamdistributions.com\/wp-content\/uploads\/2021\/05\/CVR-RU267360.jpg","contentUrl":"https:\/\/plamdistributions.com\/wp-content\/uploads\/2021\/05\/CVR-RU267360.jpg","width":700,"height":700,"caption":"Couvercle bleu Rubbermaid 2 rabats pour RU3540"},{"@type":"BreadcrumbList","@id":"https:\/\/plamdistributions.com\/es\/produit\/couvercle-rubbermaid-2-rabats-pour-ru3540\/#breadcrumb","itemListElement":[{"@type":"ListItem","position":1,"name":"Accueil","item":"https:\/\/plamdistributions.com\/es\/"},{"@type":"ListItem","position":2,"name":"Tienda","item":"https:\/\/plamdistributions.com\/es\/tienda\/"},{"@type":"ListItem","position":3,"name":"COUVERCLE RECYCLAGE BLEU \u00c0 2 RABATS POUR RU3540"}]},{"@type":"WebSite","@id":"https:\/\/plamdistributions.com\/#website","url":"https:\/\/plamdistributions.com\/","name":"Distributions Pla-M Inc.","description":"Venta de productos y equipos sanitarios","publisher":{"@id":"https:\/\/plamdistributions.com\/#organization"},"potentialAction":[{"@type":"SearchAction","target":{"@type":"EntryPoint","urlTemplate":"https:\/\/plamdistributions.com\/?s={search_term_string}"},"query-input":{"@type":"PropertyValueSpecification","valueRequired":true,"valueName":"search_term_string"}}],"inLanguage":"es"},{"@type":"Organization","@id":"https:\/\/plamdistributions.com\/#organization","name":"Distributions Pla-M","url":"https:\/\/plamdistributions.com\/","logo":{"@type":"ImageObject","inLanguage":"es","@id":"https:\/\/plamdistributions.com\/#\/schema\/logo\/image\/","url":"https:\/\/plamdistributions.com\/wp-content\/uploads\/2021\/05\/PLAM-SANS.png","contentUrl":"https:\/\/plamdistributions.com\/wp-content\/uploads\/2021\/05\/PLAM-SANS.png","width":289,"height":224,"caption":"Distributions Pla-M"},"image":{"@id":"https:\/\/plamdistributions.com\/#\/schema\/logo\/image\/"},"sameAs":["https:\/\/www.facebook.com\/displam\/","https:\/\/x.com\/Displam","https:\/\/www.youtube.com\/channel\/UCHmm3HCGnpGuaQ984quISDg"]}]}},"_links":{"self":[{"href":"https:\/\/plamdistributions.com\/es\/wp-json\/wp\/v2\/product\/24090","targetHints":{"allow":["GET"]}}],"collection":[{"href":"https:\/\/plamdistributions.com\/es\/wp-json\/wp\/v2\/product"}],"about":[{"href":"https:\/\/plamdistributions.com\/es\/wp-json\/wp\/v2\/types\/product"}],"replies":[{"embeddable":true,"href":"https:\/\/plamdistributions.com\/es\/wp-json\/wp\/v2\/comments?post=24090"}],"wp:featuredmedia":[{"embeddable":true,"href":"https:\/\/plamdistributions.com\/es\/wp-json\/wp\/v2\/media\/33016"}],"wp:attachment":[{"href":"https:\/\/plamdistributions.com\/es\/wp-json\/wp\/v2\/media?parent=24090"}],"wp:term":[{"taxonomy":"product_brand","embeddable":true,"href":"https:\/\/plamdistributions.com\/es\/wp-json\/wp\/v2\/product_brand?post=24090"},{"taxonomy":"product_cat","embeddable":true,"href":"https:\/\/plamdistributions.com\/es\/wp-json\/wp\/v2\/product_cat?post=24090"},{"taxonomy":"product_tag","embeddable":true,"href":"https:\/\/plamdistributions.com\/es\/wp-json\/wp\/v2\/product_tag?post=24090"}],"curies":[{"name":"wp","href":"https:\/\/api.w.org\/{rel}","templated":true}]}}