{"id":24119,"date":"2021-05-21T14:42:01","date_gmt":"2021-05-21T18:42:01","guid":{"rendered":"https:\/\/plamdistributions.com\/produit\/desinfectant-gel-antibacterien-bionature-citron\/"},"modified":"2024-01-17T10:37:49","modified_gmt":"2024-01-17T14:37:49","slug":"desinfectant-gel-antibacterien-bionature-citron","status":"publish","type":"product","link":"https:\/\/plamdistributions.com\/es\/produit\/desinfectant-gel-antibacterien-bionature-citron\/","title":{"rendered":"D\u00e9sinfectant gel antibact\u00e9rien Bionature citron"},"content":{"rendered":"<h4>Code: D-420 \/ D-421 \/ D-424<\/h4>\n<h4 class=\"sous-titre\"><span class=\"badge bg-pomme\">\u2713 Avec alo\u00e8s et vitamine E\u00a0 \u00a0 <\/span><span class=\"badge bg-pomme\">\u2713 Biod\u00e9gradable<\/span><\/h4>\n<p>Excellent d\u00e9sinfectant pour les mains, il \u00e9limine les germes jusqu\u2019\u00e0 99.9%. Pour une excellente protection contre les maladies et les virus, il est conseill\u00e9 d\u2019utiliser le Gel antibact\u00e9rien r\u00e9guli\u00e8rement. Nul besoin de rin\u00e7age, il s\u00e8che rapidement sans r\u00e9sidu. Contenant de l\u2019alo\u00e8s et de la vitamine E, vos mains resteront hydrat\u00e9es et soyeuses.<\/p>\n<p><strong>Caract\u00e9ristiques:<\/strong><\/p>\n<ul>\n<li>Certifi\u00e9 non-toxique pour l\u2019environnement<\/li>\n<li>Biod\u00e9gradable\u00a0(selon le test de l\u2019OCDE No. 301D ou \u00e9quivalent)<\/li>\n<li>Non-canc\u00e9rig\u00e8ne<\/li>\n<li>Sans phosphate,\u00a0ni NTA<\/li>\n<\/ul>\n<p><strong>\u2713 Fabricant: Unica Canada<\/strong><\/p>\n","protected":false},"excerpt":{"rendered":"<p>Code: D-420 \/ D-421 \/ D-424 \u2713 Avec alo\u00e8s et vitamine E\u00a0 \u00a0 \u2713 Biod\u00e9gradable Excellent d\u00e9sinfectant pour les mains,<\/p>\n","protected":false},"featured_media":24116,"comment_status":"closed","ping_status":"closed","template":"","meta":[],"product_brand":[],"product_cat":[62,104],"product_tag":[],"class_list":{"0":"post-24119","1":"product","2":"type-product","3":"status-publish","4":"has-post-thumbnail","6":"product_cat-produits-dentretien-menager","7":"product_cat-soins-de-la-peau","8":"product_shipping_class-standard","10":"first","11":"outofstock","12":"taxable","13":"shipping-taxable","14":"product-type-variable"},"yoast_head":"<!-- This site is optimized with the Yoast SEO plugin v27.4 - https:\/\/yoast.com\/product\/yoast-seo-wordpress\/ -->\n<title>D\u00e9sinfectant gel antibact\u00e9rien Bionature citron | Distributions Pla-M<\/title>\n<meta name=\"robots\" content=\"index, follow, max-snippet:-1, max-image-preview:large, max-video-preview:-1\" \/>\n<link rel=\"canonical\" href=\"https:\/\/plamdistributions.com\/es\/produit\/desinfectant-gel-antibacterien-bionature-citron\/\" \/>\n<meta property=\"og:locale\" content=\"es_ES\" \/>\n<meta property=\"og:type\" content=\"article\" \/>\n<meta property=\"og:title\" content=\"D\u00e9sinfectant gel antibact\u00e9rien Bionature citron | Distributions Pla-M\" \/>\n<meta property=\"og:description\" content=\"Code: D-420 \/ D-421 \/ D-424 \u2713 Avec alo\u00e8s et vitamine E\u00a0 \u00a0 \u2713 Biod\u00e9gradable Excellent d\u00e9sinfectant pour les mains,\" \/>\n<meta property=\"og:url\" content=\"https:\/\/plamdistributions.com\/es\/produit\/desinfectant-gel-antibacterien-bionature-citron\/\" \/>\n<meta property=\"og:site_name\" content=\"Distributions Pla-M\" \/>\n<meta property=\"article:publisher\" content=\"https:\/\/www.facebook.com\/displam\/\" \/>\n<meta property=\"article:modified_time\" content=\"2024-01-17T14:37:49+00:00\" \/>\n<meta property=\"og:image\" content=\"https:\/\/plamdistributions.com\/wp-content\/uploads\/2021\/05\/D-420-421.jpg\" \/>\n\t<meta property=\"og:image:width\" content=\"600\" \/>\n\t<meta property=\"og:image:height\" content=\"600\" \/>\n\t<meta property=\"og:image:type\" content=\"image\/jpeg\" \/>\n<meta name=\"twitter:card\" content=\"summary_large_image\" \/>\n<meta name=\"twitter:site\" content=\"@Displam\" \/>\n<meta name=\"twitter:label1\" content=\"Tiempo de lectura\" \/>\n\t<meta name=\"twitter:data1\" content=\"1 minuto\" \/>\n<script type=\"application\/ld+json\" class=\"yoast-schema-graph\">{\"@context\":\"https:\\\/\\\/schema.org\",\"@graph\":[{\"@type\":\"WebPage\",\"@id\":\"https:\\\/\\\/plamdistributions.com\\\/es\\\/produit\\\/desinfectant-gel-antibacterien-bionature-citron\\\/\",\"url\":\"https:\\\/\\\/plamdistributions.com\\\/es\\\/produit\\\/desinfectant-gel-antibacterien-bionature-citron\\\/\",\"name\":\"D\u00e9sinfectant gel antibact\u00e9rien Bionature citron | Distributions Pla-M\",\"isPartOf\":{\"@id\":\"https:\\\/\\\/plamdistributions.com\\\/en\\\/#website\"},\"primaryImageOfPage\":{\"@id\":\"https:\\\/\\\/plamdistributions.com\\\/es\\\/produit\\\/desinfectant-gel-antibacterien-bionature-citron\\\/#primaryimage\"},\"image\":{\"@id\":\"https:\\\/\\\/plamdistributions.com\\\/es\\\/produit\\\/desinfectant-gel-antibacterien-bionature-citron\\\/#primaryimage\"},\"thumbnailUrl\":\"https:\\\/\\\/plamdistributions.com\\\/wp-content\\\/uploads\\\/2021\\\/05\\\/D-420-421.jpg\",\"datePublished\":\"2021-05-21T18:42:01+00:00\",\"dateModified\":\"2024-01-17T14:37:49+00:00\",\"breadcrumb\":{\"@id\":\"https:\\\/\\\/plamdistributions.com\\\/es\\\/produit\\\/desinfectant-gel-antibacterien-bionature-citron\\\/#breadcrumb\"},\"inLanguage\":\"es\",\"potentialAction\":[{\"@type\":\"ReadAction\",\"target\":[\"https:\\\/\\\/plamdistributions.com\\\/es\\\/produit\\\/desinfectant-gel-antibacterien-bionature-citron\\\/\"]}]},{\"@type\":\"ImageObject\",\"inLanguage\":\"es\",\"@id\":\"https:\\\/\\\/plamdistributions.com\\\/es\\\/produit\\\/desinfectant-gel-antibacterien-bionature-citron\\\/#primaryimage\",\"url\":\"https:\\\/\\\/plamdistributions.com\\\/wp-content\\\/uploads\\\/2021\\\/05\\\/D-420-421.jpg\",\"contentUrl\":\"https:\\\/\\\/plamdistributions.com\\\/wp-content\\\/uploads\\\/2021\\\/05\\\/D-420-421.jpg\",\"width\":600,\"height\":600},{\"@type\":\"BreadcrumbList\",\"@id\":\"https:\\\/\\\/plamdistributions.com\\\/es\\\/produit\\\/desinfectant-gel-antibacterien-bionature-citron\\\/#breadcrumb\",\"itemListElement\":[{\"@type\":\"ListItem\",\"position\":1,\"name\":\"Accueil\",\"item\":\"https:\\\/\\\/plamdistributions.com\\\/es\\\/\"},{\"@type\":\"ListItem\",\"position\":2,\"name\":\"Tienda\",\"item\":\"https:\\\/\\\/plamdistributions.com\\\/es\\\/tienda\\\/\"},{\"@type\":\"ListItem\",\"position\":3,\"name\":\"D\u00e9sinfectant gel antibact\u00e9rien Bionature citron\"}]},{\"@type\":\"WebSite\",\"@id\":\"https:\\\/\\\/plamdistributions.com\\\/en\\\/#website\",\"url\":\"https:\\\/\\\/plamdistributions.com\\\/en\\\/\",\"name\":\"Distributions Pla-M Inc.\",\"description\":\"Venta de productos y equipos sanitarios\",\"publisher\":{\"@id\":\"https:\\\/\\\/plamdistributions.com\\\/en\\\/#organization\"},\"potentialAction\":[{\"@type\":\"SearchAction\",\"target\":{\"@type\":\"EntryPoint\",\"urlTemplate\":\"https:\\\/\\\/plamdistributions.com\\\/en\\\/?s={search_term_string}\"},\"query-input\":{\"@type\":\"PropertyValueSpecification\",\"valueRequired\":true,\"valueName\":\"search_term_string\"}}],\"inLanguage\":\"es\"},{\"@type\":\"Organization\",\"@id\":\"https:\\\/\\\/plamdistributions.com\\\/en\\\/#organization\",\"name\":\"Distributions Pla-M\",\"url\":\"https:\\\/\\\/plamdistributions.com\\\/en\\\/\",\"logo\":{\"@type\":\"ImageObject\",\"inLanguage\":\"es\",\"@id\":\"https:\\\/\\\/plamdistributions.com\\\/en\\\/#\\\/schema\\\/logo\\\/image\\\/\",\"url\":\"https:\\\/\\\/plamdistributions.com\\\/wp-content\\\/uploads\\\/2021\\\/05\\\/PLAM-SANS.png\",\"contentUrl\":\"https:\\\/\\\/plamdistributions.com\\\/wp-content\\\/uploads\\\/2021\\\/05\\\/PLAM-SANS.png\",\"width\":289,\"height\":224,\"caption\":\"Distributions Pla-M\"},\"image\":{\"@id\":\"https:\\\/\\\/plamdistributions.com\\\/en\\\/#\\\/schema\\\/logo\\\/image\\\/\"},\"sameAs\":[\"https:\\\/\\\/www.facebook.com\\\/displam\\\/\",\"https:\\\/\\\/x.com\\\/Displam\",\"https:\\\/\\\/www.youtube.com\\\/channel\\\/UCHmm3HCGnpGuaQ984quISDg\"]}]}<\/script>\n<!-- \/ Yoast SEO plugin. -->","yoast_head_json":{"title":"D\u00e9sinfectant gel antibact\u00e9rien Bionature citron | Distributions Pla-M","robots":{"index":"index","follow":"follow","max-snippet":"max-snippet:-1","max-image-preview":"max-image-preview:large","max-video-preview":"max-video-preview:-1"},"canonical":"https:\/\/plamdistributions.com\/es\/produit\/desinfectant-gel-antibacterien-bionature-citron\/","og_locale":"es_ES","og_type":"article","og_title":"D\u00e9sinfectant gel antibact\u00e9rien Bionature citron | Distributions Pla-M","og_description":"Code: D-420 \/ D-421 \/ D-424 \u2713 Avec alo\u00e8s et vitamine E\u00a0 \u00a0 \u2713 Biod\u00e9gradable Excellent d\u00e9sinfectant pour les mains,","og_url":"https:\/\/plamdistributions.com\/es\/produit\/desinfectant-gel-antibacterien-bionature-citron\/","og_site_name":"Distributions Pla-M","article_publisher":"https:\/\/www.facebook.com\/displam\/","article_modified_time":"2024-01-17T14:37:49+00:00","og_image":[{"width":600,"height":600,"url":"https:\/\/plamdistributions.com\/wp-content\/uploads\/2021\/05\/D-420-421.jpg","type":"image\/jpeg"}],"twitter_card":"summary_large_image","twitter_site":"@Displam","twitter_misc":{"Tiempo de lectura":"1 minuto"},"schema":{"@context":"https:\/\/schema.org","@graph":[{"@type":"WebPage","@id":"https:\/\/plamdistributions.com\/es\/produit\/desinfectant-gel-antibacterien-bionature-citron\/","url":"https:\/\/plamdistributions.com\/es\/produit\/desinfectant-gel-antibacterien-bionature-citron\/","name":"D\u00e9sinfectant gel antibact\u00e9rien Bionature citron | Distributions Pla-M","isPartOf":{"@id":"https:\/\/plamdistributions.com\/en\/#website"},"primaryImageOfPage":{"@id":"https:\/\/plamdistributions.com\/es\/produit\/desinfectant-gel-antibacterien-bionature-citron\/#primaryimage"},"image":{"@id":"https:\/\/plamdistributions.com\/es\/produit\/desinfectant-gel-antibacterien-bionature-citron\/#primaryimage"},"thumbnailUrl":"https:\/\/plamdistributions.com\/wp-content\/uploads\/2021\/05\/D-420-421.jpg","datePublished":"2021-05-21T18:42:01+00:00","dateModified":"2024-01-17T14:37:49+00:00","breadcrumb":{"@id":"https:\/\/plamdistributions.com\/es\/produit\/desinfectant-gel-antibacterien-bionature-citron\/#breadcrumb"},"inLanguage":"es","potentialAction":[{"@type":"ReadAction","target":["https:\/\/plamdistributions.com\/es\/produit\/desinfectant-gel-antibacterien-bionature-citron\/"]}]},{"@type":"ImageObject","inLanguage":"es","@id":"https:\/\/plamdistributions.com\/es\/produit\/desinfectant-gel-antibacterien-bionature-citron\/#primaryimage","url":"https:\/\/plamdistributions.com\/wp-content\/uploads\/2021\/05\/D-420-421.jpg","contentUrl":"https:\/\/plamdistributions.com\/wp-content\/uploads\/2021\/05\/D-420-421.jpg","width":600,"height":600},{"@type":"BreadcrumbList","@id":"https:\/\/plamdistributions.com\/es\/produit\/desinfectant-gel-antibacterien-bionature-citron\/#breadcrumb","itemListElement":[{"@type":"ListItem","position":1,"name":"Accueil","item":"https:\/\/plamdistributions.com\/es\/"},{"@type":"ListItem","position":2,"name":"Tienda","item":"https:\/\/plamdistributions.com\/es\/tienda\/"},{"@type":"ListItem","position":3,"name":"D\u00e9sinfectant gel antibact\u00e9rien Bionature citron"}]},{"@type":"WebSite","@id":"https:\/\/plamdistributions.com\/en\/#website","url":"https:\/\/plamdistributions.com\/en\/","name":"Distributions Pla-M Inc.","description":"Venta de productos y equipos sanitarios","publisher":{"@id":"https:\/\/plamdistributions.com\/en\/#organization"},"potentialAction":[{"@type":"SearchAction","target":{"@type":"EntryPoint","urlTemplate":"https:\/\/plamdistributions.com\/en\/?s={search_term_string}"},"query-input":{"@type":"PropertyValueSpecification","valueRequired":true,"valueName":"search_term_string"}}],"inLanguage":"es"},{"@type":"Organization","@id":"https:\/\/plamdistributions.com\/en\/#organization","name":"Distributions Pla-M","url":"https:\/\/plamdistributions.com\/en\/","logo":{"@type":"ImageObject","inLanguage":"es","@id":"https:\/\/plamdistributions.com\/en\/#\/schema\/logo\/image\/","url":"https:\/\/plamdistributions.com\/wp-content\/uploads\/2021\/05\/PLAM-SANS.png","contentUrl":"https:\/\/plamdistributions.com\/wp-content\/uploads\/2021\/05\/PLAM-SANS.png","width":289,"height":224,"caption":"Distributions Pla-M"},"image":{"@id":"https:\/\/plamdistributions.com\/en\/#\/schema\/logo\/image\/"},"sameAs":["https:\/\/www.facebook.com\/displam\/","https:\/\/x.com\/Displam","https:\/\/www.youtube.com\/channel\/UCHmm3HCGnpGuaQ984quISDg"]}]}},"_links":{"self":[{"href":"https:\/\/plamdistributions.com\/es\/wp-json\/wp\/v2\/product\/24119","targetHints":{"allow":["GET"]}}],"collection":[{"href":"https:\/\/plamdistributions.com\/es\/wp-json\/wp\/v2\/product"}],"about":[{"href":"https:\/\/plamdistributions.com\/es\/wp-json\/wp\/v2\/types\/product"}],"replies":[{"embeddable":true,"href":"https:\/\/plamdistributions.com\/es\/wp-json\/wp\/v2\/comments?post=24119"}],"wp:featuredmedia":[{"embeddable":true,"href":"https:\/\/plamdistributions.com\/es\/wp-json\/wp\/v2\/media\/24116"}],"wp:attachment":[{"href":"https:\/\/plamdistributions.com\/es\/wp-json\/wp\/v2\/media?parent=24119"}],"wp:term":[{"taxonomy":"product_brand","embeddable":true,"href":"https:\/\/plamdistributions.com\/es\/wp-json\/wp\/v2\/product_brand?post=24119"},{"taxonomy":"product_cat","embeddable":true,"href":"https:\/\/plamdistributions.com\/es\/wp-json\/wp\/v2\/product_cat?post=24119"},{"taxonomy":"product_tag","embeddable":true,"href":"https:\/\/plamdistributions.com\/es\/wp-json\/wp\/v2\/product_tag?post=24119"}],"curies":[{"name":"wp","href":"https:\/\/api.w.org\/{rel}","templated":true}]}}