{"id":24124,"date":"2021-05-21T14:42:02","date_gmt":"2021-05-21T18:42:02","guid":{"rendered":"https:\/\/plamdistributions.com\/produit\/desinfectant-mousse-purgel-70-alcool-cartouche-1200ml\/"},"modified":"2025-10-16T11:32:30","modified_gmt":"2025-10-16T15:32:30","slug":"desinfectant-mousse-purgel-70-alcool-cartouche-1200ml","status":"publish","type":"product","link":"https:\/\/plamdistributions.com\/es\/produit\/desinfectant-mousse-purgel-70-alcool-cartouche-1200ml\/","title":{"rendered":"D\u00e9sinf\u00e9ctant mousse Purgel 70% alcool"},"content":{"rendered":"<p><strong>Code: D-S2204 \/ D-S2270\/ D-S2302V \/ D-S2207\u00a0<\/strong><\/p>\n<p>Mousse antiseptique au parfum fruit\u00e9, permettant de d\u00e9sinfecter les mains aux endroits o\u00f9 l\u2019eau et le savon ne sont pas disponibles. Fait \u00e0 bas de chlorure de benzalkonium, un agent d\u00e9sinfectant tr\u00e8s efficace, il a l\u2019avantage d\u2019\u00eatre beaucoup plus doux que les gels d\u2019alcool conventionnels.<\/p>\n","protected":false},"excerpt":{"rendered":"<p>Code: D-S2204 \/ D-S2270\/ D-S2302V \/ D-S2207\u00a0 Mousse antiseptique au parfum fruit\u00e9, permettant de d\u00e9sinfecter les mains aux endroits o\u00f9<\/p>\n","protected":false},"featured_media":29486,"comment_status":"closed","ping_status":"closed","template":"","meta":[],"product_brand":[],"product_cat":[62,104],"product_tag":[],"class_list":{"0":"post-24124","1":"product","2":"type-product","3":"status-publish","4":"has-post-thumbnail","6":"product_cat-produits-dentretien-menager","7":"product_cat-soins-de-la-peau","8":"product_shipping_class-standard","10":"first","11":"onbackorder","12":"featured","13":"taxable","14":"shipping-taxable","15":"purchasable","16":"product-type-variable"},"yoast_head":"<!-- This site is optimized with the Yoast SEO plugin v27.4 - https:\/\/yoast.com\/product\/yoast-seo-wordpress\/ -->\n<title>D\u00e9sinf\u00e9ctant mousse Purgel 70% alcool | Distributions Pla-M<\/title>\n<meta name=\"robots\" content=\"index, follow, max-snippet:-1, max-image-preview:large, max-video-preview:-1\" \/>\n<link rel=\"canonical\" href=\"https:\/\/plamdistributions.com\/produit\/desinfectant-mousse-purgel-70-alcool-cartouche-1200ml\/\" \/>\n<meta property=\"og:locale\" content=\"es_ES\" \/>\n<meta property=\"og:type\" content=\"article\" \/>\n<meta property=\"og:title\" content=\"D\u00e9sinf\u00e9ctant mousse Purgel 70% alcool | Distributions Pla-M\" \/>\n<meta property=\"og:description\" content=\"Code: D-S2204 \/ D-S2270\/ D-S2302V \/ D-S2207\u00a0 Mousse antiseptique au parfum fruit\u00e9, permettant de d\u00e9sinfecter les mains aux endroits o\u00f9\" \/>\n<meta property=\"og:url\" content=\"https:\/\/plamdistributions.com\/produit\/desinfectant-mousse-purgel-70-alcool-cartouche-1200ml\/\" \/>\n<meta property=\"og:site_name\" content=\"Distributions Pla-M\" \/>\n<meta property=\"article:publisher\" content=\"https:\/\/www.facebook.com\/displam\/\" \/>\n<meta property=\"article:modified_time\" content=\"2025-10-16T15:32:30+00:00\" \/>\n<meta property=\"og:image\" content=\"https:\/\/plamdistributions.com\/wp-content\/uploads\/2021\/05\/Mousse-Purgel-antiseptique-70-alcool.jpg\" \/>\n\t<meta property=\"og:image:width\" content=\"600\" \/>\n\t<meta property=\"og:image:height\" content=\"600\" \/>\n\t<meta property=\"og:image:type\" content=\"image\/jpeg\" \/>\n<meta name=\"twitter:card\" content=\"summary_large_image\" \/>\n<meta name=\"twitter:site\" content=\"@Displam\" \/>\n<meta name=\"twitter:label1\" content=\"Tiempo de lectura\" \/>\n\t<meta name=\"twitter:data1\" content=\"1 minuto\" \/>\n<script type=\"application\/ld+json\" class=\"yoast-schema-graph\">{\"@context\":\"https:\\\/\\\/schema.org\",\"@graph\":[{\"@type\":\"WebPage\",\"@id\":\"https:\\\/\\\/plamdistributions.com\\\/produit\\\/desinfectant-mousse-purgel-70-alcool-cartouche-1200ml\\\/\",\"url\":\"https:\\\/\\\/plamdistributions.com\\\/produit\\\/desinfectant-mousse-purgel-70-alcool-cartouche-1200ml\\\/\",\"name\":\"D\u00e9sinf\u00e9ctant mousse Purgel 70% alcool | Distributions Pla-M\",\"isPartOf\":{\"@id\":\"https:\\\/\\\/plamdistributions.com\\\/#website\"},\"primaryImageOfPage\":{\"@id\":\"https:\\\/\\\/plamdistributions.com\\\/produit\\\/desinfectant-mousse-purgel-70-alcool-cartouche-1200ml\\\/#primaryimage\"},\"image\":{\"@id\":\"https:\\\/\\\/plamdistributions.com\\\/produit\\\/desinfectant-mousse-purgel-70-alcool-cartouche-1200ml\\\/#primaryimage\"},\"thumbnailUrl\":\"https:\\\/\\\/plamdistributions.com\\\/wp-content\\\/uploads\\\/2021\\\/05\\\/Mousse-Purgel-antiseptique-70-alcool.jpg\",\"datePublished\":\"2021-05-21T18:42:02+00:00\",\"dateModified\":\"2025-10-16T15:32:30+00:00\",\"breadcrumb\":{\"@id\":\"https:\\\/\\\/plamdistributions.com\\\/produit\\\/desinfectant-mousse-purgel-70-alcool-cartouche-1200ml\\\/#breadcrumb\"},\"inLanguage\":\"es\",\"potentialAction\":[{\"@type\":\"ReadAction\",\"target\":[\"https:\\\/\\\/plamdistributions.com\\\/produit\\\/desinfectant-mousse-purgel-70-alcool-cartouche-1200ml\\\/\"]}]},{\"@type\":\"ImageObject\",\"inLanguage\":\"es\",\"@id\":\"https:\\\/\\\/plamdistributions.com\\\/produit\\\/desinfectant-mousse-purgel-70-alcool-cartouche-1200ml\\\/#primaryimage\",\"url\":\"https:\\\/\\\/plamdistributions.com\\\/wp-content\\\/uploads\\\/2021\\\/05\\\/Mousse-Purgel-antiseptique-70-alcool.jpg\",\"contentUrl\":\"https:\\\/\\\/plamdistributions.com\\\/wp-content\\\/uploads\\\/2021\\\/05\\\/Mousse-Purgel-antiseptique-70-alcool.jpg\",\"width\":600,\"height\":600,\"caption\":\"Purgel Mousse d'alcool antiseptique \u00e0 70% alcool\"},{\"@type\":\"BreadcrumbList\",\"@id\":\"https:\\\/\\\/plamdistributions.com\\\/produit\\\/desinfectant-mousse-purgel-70-alcool-cartouche-1200ml\\\/#breadcrumb\",\"itemListElement\":[{\"@type\":\"ListItem\",\"position\":1,\"name\":\"Accueil\",\"item\":\"https:\\\/\\\/plamdistributions.com\\\/es\\\/\"},{\"@type\":\"ListItem\",\"position\":2,\"name\":\"Tienda\",\"item\":\"https:\\\/\\\/plamdistributions.com\\\/es\\\/tienda\\\/\"},{\"@type\":\"ListItem\",\"position\":3,\"name\":\"D\u00e9sinf\u00e9ctant mousse Purgel 70% alcool\"}]},{\"@type\":\"WebSite\",\"@id\":\"https:\\\/\\\/plamdistributions.com\\\/#website\",\"url\":\"https:\\\/\\\/plamdistributions.com\\\/\",\"name\":\"Distributions Pla-M Inc.\",\"description\":\"Venta de productos y equipos sanitarios\",\"publisher\":{\"@id\":\"https:\\\/\\\/plamdistributions.com\\\/#organization\"},\"potentialAction\":[{\"@type\":\"SearchAction\",\"target\":{\"@type\":\"EntryPoint\",\"urlTemplate\":\"https:\\\/\\\/plamdistributions.com\\\/?s={search_term_string}\"},\"query-input\":{\"@type\":\"PropertyValueSpecification\",\"valueRequired\":true,\"valueName\":\"search_term_string\"}}],\"inLanguage\":\"es\"},{\"@type\":\"Organization\",\"@id\":\"https:\\\/\\\/plamdistributions.com\\\/#organization\",\"name\":\"Distributions Pla-M\",\"url\":\"https:\\\/\\\/plamdistributions.com\\\/\",\"logo\":{\"@type\":\"ImageObject\",\"inLanguage\":\"es\",\"@id\":\"https:\\\/\\\/plamdistributions.com\\\/#\\\/schema\\\/logo\\\/image\\\/\",\"url\":\"https:\\\/\\\/plamdistributions.com\\\/wp-content\\\/uploads\\\/2021\\\/05\\\/PLAM-SANS.png\",\"contentUrl\":\"https:\\\/\\\/plamdistributions.com\\\/wp-content\\\/uploads\\\/2021\\\/05\\\/PLAM-SANS.png\",\"width\":289,\"height\":224,\"caption\":\"Distributions Pla-M\"},\"image\":{\"@id\":\"https:\\\/\\\/plamdistributions.com\\\/#\\\/schema\\\/logo\\\/image\\\/\"},\"sameAs\":[\"https:\\\/\\\/www.facebook.com\\\/displam\\\/\",\"https:\\\/\\\/x.com\\\/Displam\",\"https:\\\/\\\/www.youtube.com\\\/channel\\\/UCHmm3HCGnpGuaQ984quISDg\"]}]}<\/script>\n<!-- \/ Yoast SEO plugin. -->","yoast_head_json":{"title":"D\u00e9sinf\u00e9ctant mousse Purgel 70% alcool | Distributions Pla-M","robots":{"index":"index","follow":"follow","max-snippet":"max-snippet:-1","max-image-preview":"max-image-preview:large","max-video-preview":"max-video-preview:-1"},"canonical":"https:\/\/plamdistributions.com\/produit\/desinfectant-mousse-purgel-70-alcool-cartouche-1200ml\/","og_locale":"es_ES","og_type":"article","og_title":"D\u00e9sinf\u00e9ctant mousse Purgel 70% alcool | Distributions Pla-M","og_description":"Code: D-S2204 \/ D-S2270\/ D-S2302V \/ D-S2207\u00a0 Mousse antiseptique au parfum fruit\u00e9, permettant de d\u00e9sinfecter les mains aux endroits o\u00f9","og_url":"https:\/\/plamdistributions.com\/produit\/desinfectant-mousse-purgel-70-alcool-cartouche-1200ml\/","og_site_name":"Distributions Pla-M","article_publisher":"https:\/\/www.facebook.com\/displam\/","article_modified_time":"2025-10-16T15:32:30+00:00","og_image":[{"width":600,"height":600,"url":"https:\/\/plamdistributions.com\/wp-content\/uploads\/2021\/05\/Mousse-Purgel-antiseptique-70-alcool.jpg","type":"image\/jpeg"}],"twitter_card":"summary_large_image","twitter_site":"@Displam","twitter_misc":{"Tiempo de lectura":"1 minuto"},"schema":{"@context":"https:\/\/schema.org","@graph":[{"@type":"WebPage","@id":"https:\/\/plamdistributions.com\/produit\/desinfectant-mousse-purgel-70-alcool-cartouche-1200ml\/","url":"https:\/\/plamdistributions.com\/produit\/desinfectant-mousse-purgel-70-alcool-cartouche-1200ml\/","name":"D\u00e9sinf\u00e9ctant mousse Purgel 70% alcool | Distributions Pla-M","isPartOf":{"@id":"https:\/\/plamdistributions.com\/#website"},"primaryImageOfPage":{"@id":"https:\/\/plamdistributions.com\/produit\/desinfectant-mousse-purgel-70-alcool-cartouche-1200ml\/#primaryimage"},"image":{"@id":"https:\/\/plamdistributions.com\/produit\/desinfectant-mousse-purgel-70-alcool-cartouche-1200ml\/#primaryimage"},"thumbnailUrl":"https:\/\/plamdistributions.com\/wp-content\/uploads\/2021\/05\/Mousse-Purgel-antiseptique-70-alcool.jpg","datePublished":"2021-05-21T18:42:02+00:00","dateModified":"2025-10-16T15:32:30+00:00","breadcrumb":{"@id":"https:\/\/plamdistributions.com\/produit\/desinfectant-mousse-purgel-70-alcool-cartouche-1200ml\/#breadcrumb"},"inLanguage":"es","potentialAction":[{"@type":"ReadAction","target":["https:\/\/plamdistributions.com\/produit\/desinfectant-mousse-purgel-70-alcool-cartouche-1200ml\/"]}]},{"@type":"ImageObject","inLanguage":"es","@id":"https:\/\/plamdistributions.com\/produit\/desinfectant-mousse-purgel-70-alcool-cartouche-1200ml\/#primaryimage","url":"https:\/\/plamdistributions.com\/wp-content\/uploads\/2021\/05\/Mousse-Purgel-antiseptique-70-alcool.jpg","contentUrl":"https:\/\/plamdistributions.com\/wp-content\/uploads\/2021\/05\/Mousse-Purgel-antiseptique-70-alcool.jpg","width":600,"height":600,"caption":"Purgel Mousse d'alcool antiseptique \u00e0 70% alcool"},{"@type":"BreadcrumbList","@id":"https:\/\/plamdistributions.com\/produit\/desinfectant-mousse-purgel-70-alcool-cartouche-1200ml\/#breadcrumb","itemListElement":[{"@type":"ListItem","position":1,"name":"Accueil","item":"https:\/\/plamdistributions.com\/es\/"},{"@type":"ListItem","position":2,"name":"Tienda","item":"https:\/\/plamdistributions.com\/es\/tienda\/"},{"@type":"ListItem","position":3,"name":"D\u00e9sinf\u00e9ctant mousse Purgel 70% alcool"}]},{"@type":"WebSite","@id":"https:\/\/plamdistributions.com\/#website","url":"https:\/\/plamdistributions.com\/","name":"Distributions Pla-M Inc.","description":"Venta de productos y equipos sanitarios","publisher":{"@id":"https:\/\/plamdistributions.com\/#organization"},"potentialAction":[{"@type":"SearchAction","target":{"@type":"EntryPoint","urlTemplate":"https:\/\/plamdistributions.com\/?s={search_term_string}"},"query-input":{"@type":"PropertyValueSpecification","valueRequired":true,"valueName":"search_term_string"}}],"inLanguage":"es"},{"@type":"Organization","@id":"https:\/\/plamdistributions.com\/#organization","name":"Distributions Pla-M","url":"https:\/\/plamdistributions.com\/","logo":{"@type":"ImageObject","inLanguage":"es","@id":"https:\/\/plamdistributions.com\/#\/schema\/logo\/image\/","url":"https:\/\/plamdistributions.com\/wp-content\/uploads\/2021\/05\/PLAM-SANS.png","contentUrl":"https:\/\/plamdistributions.com\/wp-content\/uploads\/2021\/05\/PLAM-SANS.png","width":289,"height":224,"caption":"Distributions Pla-M"},"image":{"@id":"https:\/\/plamdistributions.com\/#\/schema\/logo\/image\/"},"sameAs":["https:\/\/www.facebook.com\/displam\/","https:\/\/x.com\/Displam","https:\/\/www.youtube.com\/channel\/UCHmm3HCGnpGuaQ984quISDg"]}]}},"_links":{"self":[{"href":"https:\/\/plamdistributions.com\/es\/wp-json\/wp\/v2\/product\/24124","targetHints":{"allow":["GET"]}}],"collection":[{"href":"https:\/\/plamdistributions.com\/es\/wp-json\/wp\/v2\/product"}],"about":[{"href":"https:\/\/plamdistributions.com\/es\/wp-json\/wp\/v2\/types\/product"}],"replies":[{"embeddable":true,"href":"https:\/\/plamdistributions.com\/es\/wp-json\/wp\/v2\/comments?post=24124"}],"wp:featuredmedia":[{"embeddable":true,"href":"https:\/\/plamdistributions.com\/es\/wp-json\/wp\/v2\/media\/29486"}],"wp:attachment":[{"href":"https:\/\/plamdistributions.com\/es\/wp-json\/wp\/v2\/media?parent=24124"}],"wp:term":[{"taxonomy":"product_brand","embeddable":true,"href":"https:\/\/plamdistributions.com\/es\/wp-json\/wp\/v2\/product_brand?post=24124"},{"taxonomy":"product_cat","embeddable":true,"href":"https:\/\/plamdistributions.com\/es\/wp-json\/wp\/v2\/product_cat?post=24124"},{"taxonomy":"product_tag","embeddable":true,"href":"https:\/\/plamdistributions.com\/es\/wp-json\/wp\/v2\/product_tag?post=24124"}],"curies":[{"name":"wp","href":"https:\/\/api.w.org\/{rel}","templated":true}]}}