{"id":24212,"date":"2021-05-21T14:42:56","date_gmt":"2021-05-21T18:42:56","guid":{"rendered":"https:\/\/plamdistributions.com\/produit\/distributrice-papier-hygienique-vertical-frost-inox-165\/"},"modified":"2026-01-05T11:53:21","modified_gmt":"2026-01-05T15:53:21","slug":"distributrice-papier-hygienique-vertical-frost-inox-165","status":"publish","type":"product","link":"https:\/\/plamdistributions.com\/es\/produit\/distributrice-papier-hygienique-vertical-frost-inox-165\/","title":{"rendered":"Distributrice papier hygi\u00e9nique vertical Frost Inox 165"},"content":{"rendered":"<p><strong>Code: DH-F165 \/ DH-F165DP \/ DH-F165R<\/strong><\/p>\n<p><strong>Caract\u00e9ristiques:<\/strong>\u00a0Avec le distributeur 165, le deuxi\u00e8me rouleau n\u2019est entam\u00e9 qu\u2019apr\u00e9s la fin du premier rouleau. Ceci garantit que le pr\u00e9pos\u00e9 \u00e0 l\u2019entretien ne remplace que des rouleaux vides et ne se trouve pas en pr\u00e9sence de deux rouleaux \u00e0 moti\u00e9 utilis\u00e9s au cours de ses tourn\u00e9es. Distribue tous les rouleaux standards de papier hygi\u00e9nique. Fourni avec serrure \u00e0 cl\u00e9 \u00e0 broches pour r\u00e9duire le vol et le vandalisme. Chargement par le devant pour faciliter le service. Les rouleaux ne s\u2019enl\u00e8vent qu\u2019apr\u00e9s avoir ouvert avec la cl\u00e9.<\/p>\n<ul>\n<li><strong>Mat\u00e9riaux: \u00a0<\/strong>Bo\u00eetier en acier inoxydable soud\u00e9 de calibres 18 et 20.<\/li>\n<li><strong>Capacit\u00e9: \u00a0<\/strong>2 rouleaux<\/li>\n<\/ul>\n<p><strong>\u2713 Fabricant: Frost<\/strong><\/p>\n","protected":false},"excerpt":{"rendered":"<p>Code: DH-F165 \/ DH-F165DP \/ DH-F165R Caract\u00e9ristiques:\u00a0Avec le distributeur 165, le deuxi\u00e8me rouleau n\u2019est entam\u00e9 qu\u2019apr\u00e9s la fin du premier<\/p>\n","protected":false},"featured_media":24210,"comment_status":"closed","ping_status":"closed","template":"","meta":[],"product_brand":[],"product_cat":[105,101],"product_tag":[],"class_list":{"0":"post-24212","1":"product","2":"type-product","3":"status-publish","4":"has-post-thumbnail","6":"product_cat-distributeurs","7":"product_cat-papier-chiffons-et-sacs-a-dechets","8":"product_shipping_class-standard","10":"first","11":"instock","12":"taxable","13":"shipping-taxable","14":"purchasable","15":"product-type-variable"},"yoast_head":"<!-- This site is optimized with the Yoast SEO plugin v27.4 - https:\/\/yoast.com\/product\/yoast-seo-wordpress\/ -->\n<title>Distributrice papier hygi\u00e9nique vertical Frost Inox 165 | Distributions Pla-M<\/title>\n<meta name=\"robots\" content=\"index, follow, max-snippet:-1, max-image-preview:large, max-video-preview:-1\" \/>\n<link rel=\"canonical\" href=\"https:\/\/plamdistributions.com\/produit\/distributrice-papier-hygienique-vertical-frost-inox-165\/\" \/>\n<meta property=\"og:locale\" content=\"es_ES\" \/>\n<meta property=\"og:type\" content=\"article\" \/>\n<meta property=\"og:title\" content=\"Distributrice papier hygi\u00e9nique vertical Frost Inox 165 | Distributions Pla-M\" \/>\n<meta property=\"og:description\" content=\"Code: DH-F165 \/ DH-F165DP \/ DH-F165R Caract\u00e9ristiques:\u00a0Avec le distributeur 165, le deuxi\u00e8me rouleau n\u2019est entam\u00e9 qu\u2019apr\u00e9s la fin du premier\" \/>\n<meta property=\"og:url\" content=\"https:\/\/plamdistributions.com\/produit\/distributrice-papier-hygienique-vertical-frost-inox-165\/\" \/>\n<meta property=\"og:site_name\" content=\"Distributions Pla-M\" \/>\n<meta property=\"article:publisher\" content=\"https:\/\/www.facebook.com\/displam\/\" \/>\n<meta property=\"article:modified_time\" content=\"2026-01-05T15:53:21+00:00\" \/>\n<meta property=\"og:image\" content=\"https:\/\/plamdistributions.com\/wp-content\/uploads\/2021\/05\/DH-F165-DP-R.jpg\" \/>\n\t<meta property=\"og:image:width\" content=\"600\" \/>\n\t<meta property=\"og:image:height\" content=\"600\" \/>\n\t<meta property=\"og:image:type\" content=\"image\/jpeg\" \/>\n<meta name=\"twitter:card\" content=\"summary_large_image\" \/>\n<meta name=\"twitter:site\" content=\"@Displam\" \/>\n<meta name=\"twitter:label1\" content=\"Tiempo de lectura\" \/>\n\t<meta name=\"twitter:data1\" content=\"1 minuto\" \/>\n<script type=\"application\/ld+json\" class=\"yoast-schema-graph\">{\"@context\":\"https:\\\/\\\/schema.org\",\"@graph\":[{\"@type\":\"WebPage\",\"@id\":\"https:\\\/\\\/plamdistributions.com\\\/produit\\\/distributrice-papier-hygienique-vertical-frost-inox-165\\\/\",\"url\":\"https:\\\/\\\/plamdistributions.com\\\/produit\\\/distributrice-papier-hygienique-vertical-frost-inox-165\\\/\",\"name\":\"Distributrice papier hygi\u00e9nique vertical Frost Inox 165 | Distributions Pla-M\",\"isPartOf\":{\"@id\":\"https:\\\/\\\/plamdistributions.com\\\/#website\"},\"primaryImageOfPage\":{\"@id\":\"https:\\\/\\\/plamdistributions.com\\\/produit\\\/distributrice-papier-hygienique-vertical-frost-inox-165\\\/#primaryimage\"},\"image\":{\"@id\":\"https:\\\/\\\/plamdistributions.com\\\/produit\\\/distributrice-papier-hygienique-vertical-frost-inox-165\\\/#primaryimage\"},\"thumbnailUrl\":\"https:\\\/\\\/plamdistributions.com\\\/wp-content\\\/uploads\\\/2021\\\/05\\\/DH-F165-DP-R.jpg\",\"datePublished\":\"2021-05-21T18:42:56+00:00\",\"dateModified\":\"2026-01-05T15:53:21+00:00\",\"breadcrumb\":{\"@id\":\"https:\\\/\\\/plamdistributions.com\\\/produit\\\/distributrice-papier-hygienique-vertical-frost-inox-165\\\/#breadcrumb\"},\"inLanguage\":\"es\",\"potentialAction\":[{\"@type\":\"ReadAction\",\"target\":[\"https:\\\/\\\/plamdistributions.com\\\/produit\\\/distributrice-papier-hygienique-vertical-frost-inox-165\\\/\"]}]},{\"@type\":\"ImageObject\",\"inLanguage\":\"es\",\"@id\":\"https:\\\/\\\/plamdistributions.com\\\/produit\\\/distributrice-papier-hygienique-vertical-frost-inox-165\\\/#primaryimage\",\"url\":\"https:\\\/\\\/plamdistributions.com\\\/wp-content\\\/uploads\\\/2021\\\/05\\\/DH-F165-DP-R.jpg\",\"contentUrl\":\"https:\\\/\\\/plamdistributions.com\\\/wp-content\\\/uploads\\\/2021\\\/05\\\/DH-F165-DP-R.jpg\",\"width\":600,\"height\":600},{\"@type\":\"BreadcrumbList\",\"@id\":\"https:\\\/\\\/plamdistributions.com\\\/produit\\\/distributrice-papier-hygienique-vertical-frost-inox-165\\\/#breadcrumb\",\"itemListElement\":[{\"@type\":\"ListItem\",\"position\":1,\"name\":\"Accueil\",\"item\":\"https:\\\/\\\/plamdistributions.com\\\/es\\\/\"},{\"@type\":\"ListItem\",\"position\":2,\"name\":\"Tienda\",\"item\":\"https:\\\/\\\/plamdistributions.com\\\/es\\\/tienda\\\/\"},{\"@type\":\"ListItem\",\"position\":3,\"name\":\"Distributrice papier hygi\u00e9nique vertical Frost Inox 165\"}]},{\"@type\":\"WebSite\",\"@id\":\"https:\\\/\\\/plamdistributions.com\\\/#website\",\"url\":\"https:\\\/\\\/plamdistributions.com\\\/\",\"name\":\"Distributions Pla-M Inc.\",\"description\":\"Venta de productos y equipos sanitarios\",\"publisher\":{\"@id\":\"https:\\\/\\\/plamdistributions.com\\\/#organization\"},\"potentialAction\":[{\"@type\":\"SearchAction\",\"target\":{\"@type\":\"EntryPoint\",\"urlTemplate\":\"https:\\\/\\\/plamdistributions.com\\\/?s={search_term_string}\"},\"query-input\":{\"@type\":\"PropertyValueSpecification\",\"valueRequired\":true,\"valueName\":\"search_term_string\"}}],\"inLanguage\":\"es\"},{\"@type\":\"Organization\",\"@id\":\"https:\\\/\\\/plamdistributions.com\\\/#organization\",\"name\":\"Distributions Pla-M\",\"url\":\"https:\\\/\\\/plamdistributions.com\\\/\",\"logo\":{\"@type\":\"ImageObject\",\"inLanguage\":\"es\",\"@id\":\"https:\\\/\\\/plamdistributions.com\\\/#\\\/schema\\\/logo\\\/image\\\/\",\"url\":\"https:\\\/\\\/plamdistributions.com\\\/wp-content\\\/uploads\\\/2021\\\/05\\\/PLAM-SANS.png\",\"contentUrl\":\"https:\\\/\\\/plamdistributions.com\\\/wp-content\\\/uploads\\\/2021\\\/05\\\/PLAM-SANS.png\",\"width\":289,\"height\":224,\"caption\":\"Distributions Pla-M\"},\"image\":{\"@id\":\"https:\\\/\\\/plamdistributions.com\\\/#\\\/schema\\\/logo\\\/image\\\/\"},\"sameAs\":[\"https:\\\/\\\/www.facebook.com\\\/displam\\\/\",\"https:\\\/\\\/x.com\\\/Displam\",\"https:\\\/\\\/www.youtube.com\\\/channel\\\/UCHmm3HCGnpGuaQ984quISDg\"]}]}<\/script>\n<!-- \/ Yoast SEO plugin. -->","yoast_head_json":{"title":"Distributrice papier hygi\u00e9nique vertical Frost Inox 165 | Distributions Pla-M","robots":{"index":"index","follow":"follow","max-snippet":"max-snippet:-1","max-image-preview":"max-image-preview:large","max-video-preview":"max-video-preview:-1"},"canonical":"https:\/\/plamdistributions.com\/produit\/distributrice-papier-hygienique-vertical-frost-inox-165\/","og_locale":"es_ES","og_type":"article","og_title":"Distributrice papier hygi\u00e9nique vertical Frost Inox 165 | Distributions Pla-M","og_description":"Code: DH-F165 \/ DH-F165DP \/ DH-F165R Caract\u00e9ristiques:\u00a0Avec le distributeur 165, le deuxi\u00e8me rouleau n\u2019est entam\u00e9 qu\u2019apr\u00e9s la fin du premier","og_url":"https:\/\/plamdistributions.com\/produit\/distributrice-papier-hygienique-vertical-frost-inox-165\/","og_site_name":"Distributions Pla-M","article_publisher":"https:\/\/www.facebook.com\/displam\/","article_modified_time":"2026-01-05T15:53:21+00:00","og_image":[{"width":600,"height":600,"url":"https:\/\/plamdistributions.com\/wp-content\/uploads\/2021\/05\/DH-F165-DP-R.jpg","type":"image\/jpeg"}],"twitter_card":"summary_large_image","twitter_site":"@Displam","twitter_misc":{"Tiempo de lectura":"1 minuto"},"schema":{"@context":"https:\/\/schema.org","@graph":[{"@type":"WebPage","@id":"https:\/\/plamdistributions.com\/produit\/distributrice-papier-hygienique-vertical-frost-inox-165\/","url":"https:\/\/plamdistributions.com\/produit\/distributrice-papier-hygienique-vertical-frost-inox-165\/","name":"Distributrice papier hygi\u00e9nique vertical Frost Inox 165 | Distributions Pla-M","isPartOf":{"@id":"https:\/\/plamdistributions.com\/#website"},"primaryImageOfPage":{"@id":"https:\/\/plamdistributions.com\/produit\/distributrice-papier-hygienique-vertical-frost-inox-165\/#primaryimage"},"image":{"@id":"https:\/\/plamdistributions.com\/produit\/distributrice-papier-hygienique-vertical-frost-inox-165\/#primaryimage"},"thumbnailUrl":"https:\/\/plamdistributions.com\/wp-content\/uploads\/2021\/05\/DH-F165-DP-R.jpg","datePublished":"2021-05-21T18:42:56+00:00","dateModified":"2026-01-05T15:53:21+00:00","breadcrumb":{"@id":"https:\/\/plamdistributions.com\/produit\/distributrice-papier-hygienique-vertical-frost-inox-165\/#breadcrumb"},"inLanguage":"es","potentialAction":[{"@type":"ReadAction","target":["https:\/\/plamdistributions.com\/produit\/distributrice-papier-hygienique-vertical-frost-inox-165\/"]}]},{"@type":"ImageObject","inLanguage":"es","@id":"https:\/\/plamdistributions.com\/produit\/distributrice-papier-hygienique-vertical-frost-inox-165\/#primaryimage","url":"https:\/\/plamdistributions.com\/wp-content\/uploads\/2021\/05\/DH-F165-DP-R.jpg","contentUrl":"https:\/\/plamdistributions.com\/wp-content\/uploads\/2021\/05\/DH-F165-DP-R.jpg","width":600,"height":600},{"@type":"BreadcrumbList","@id":"https:\/\/plamdistributions.com\/produit\/distributrice-papier-hygienique-vertical-frost-inox-165\/#breadcrumb","itemListElement":[{"@type":"ListItem","position":1,"name":"Accueil","item":"https:\/\/plamdistributions.com\/es\/"},{"@type":"ListItem","position":2,"name":"Tienda","item":"https:\/\/plamdistributions.com\/es\/tienda\/"},{"@type":"ListItem","position":3,"name":"Distributrice papier hygi\u00e9nique vertical Frost Inox 165"}]},{"@type":"WebSite","@id":"https:\/\/plamdistributions.com\/#website","url":"https:\/\/plamdistributions.com\/","name":"Distributions Pla-M Inc.","description":"Venta de productos y equipos sanitarios","publisher":{"@id":"https:\/\/plamdistributions.com\/#organization"},"potentialAction":[{"@type":"SearchAction","target":{"@type":"EntryPoint","urlTemplate":"https:\/\/plamdistributions.com\/?s={search_term_string}"},"query-input":{"@type":"PropertyValueSpecification","valueRequired":true,"valueName":"search_term_string"}}],"inLanguage":"es"},{"@type":"Organization","@id":"https:\/\/plamdistributions.com\/#organization","name":"Distributions Pla-M","url":"https:\/\/plamdistributions.com\/","logo":{"@type":"ImageObject","inLanguage":"es","@id":"https:\/\/plamdistributions.com\/#\/schema\/logo\/image\/","url":"https:\/\/plamdistributions.com\/wp-content\/uploads\/2021\/05\/PLAM-SANS.png","contentUrl":"https:\/\/plamdistributions.com\/wp-content\/uploads\/2021\/05\/PLAM-SANS.png","width":289,"height":224,"caption":"Distributions Pla-M"},"image":{"@id":"https:\/\/plamdistributions.com\/#\/schema\/logo\/image\/"},"sameAs":["https:\/\/www.facebook.com\/displam\/","https:\/\/x.com\/Displam","https:\/\/www.youtube.com\/channel\/UCHmm3HCGnpGuaQ984quISDg"]}]}},"_links":{"self":[{"href":"https:\/\/plamdistributions.com\/es\/wp-json\/wp\/v2\/product\/24212","targetHints":{"allow":["GET"]}}],"collection":[{"href":"https:\/\/plamdistributions.com\/es\/wp-json\/wp\/v2\/product"}],"about":[{"href":"https:\/\/plamdistributions.com\/es\/wp-json\/wp\/v2\/types\/product"}],"replies":[{"embeddable":true,"href":"https:\/\/plamdistributions.com\/es\/wp-json\/wp\/v2\/comments?post=24212"}],"wp:featuredmedia":[{"embeddable":true,"href":"https:\/\/plamdistributions.com\/es\/wp-json\/wp\/v2\/media\/24210"}],"wp:attachment":[{"href":"https:\/\/plamdistributions.com\/es\/wp-json\/wp\/v2\/media?parent=24212"}],"wp:term":[{"taxonomy":"product_brand","embeddable":true,"href":"https:\/\/plamdistributions.com\/es\/wp-json\/wp\/v2\/product_brand?post=24212"},{"taxonomy":"product_cat","embeddable":true,"href":"https:\/\/plamdistributions.com\/es\/wp-json\/wp\/v2\/product_cat?post=24212"},{"taxonomy":"product_tag","embeddable":true,"href":"https:\/\/plamdistributions.com\/es\/wp-json\/wp\/v2\/product_tag?post=24212"}],"curies":[{"name":"wp","href":"https:\/\/api.w.org\/{rel}","templated":true}]}}