{"id":24266,"date":"2021-05-21T14:43:23","date_gmt":"2021-05-21T18:43:23","guid":{"rendered":"https:\/\/plamdistributions.com\/produit\/distributrice-papier-hygienique-jumbo-12-avec-reserve-6-san-jamar-3-3-noir\/"},"modified":"2024-01-17T10:42:02","modified_gmt":"2024-01-17T14:42:02","slug":"distributrice-papier-hygienique-jumbo-12-avec-reserve-6-san-jamar-3-3-noir","status":"publish","type":"product","link":"https:\/\/plamdistributions.com\/es\/produit\/distributrice-papier-hygienique-jumbo-12-avec-reserve-6-san-jamar-3-3-noir\/","title":{"rendered":"DIS PAP HYG JUMBO 12\u00bb AVEC RESERVE 6\u00bb SAN JAMAR 3.3\u00bb NOIR"},"content":{"rendered":"<p><strong>Code: DH-SJ6500N<\/strong><\/p>\n<ul>\n<li><span class=\"VIiyi\" lang=\"fr\"><span class=\"JLqJ4b ChMk0b\" data-language-for-alternatives=\"fr\" data-language-to-translate-into=\"auto\" data-phrase-index=\"0\">Fabriqu\u00e9 en plastique r\u00e9sistant \u00e0 la rupture avec une \u00e9l\u00e9gante couleur noire perle, ce distributeur de papier hygi\u00e9nique San Jamar R6500TBK Quantum est un ajout attrayant et efficace aux toilettes de tout \u00e9tablissement. <\/span><\/span><span class=\"VIiyi\" lang=\"fr\"><span class=\"JLqJ4b ChMk0b\" data-language-for-alternatives=\"fr\" data-language-to-translate-into=\"auto\" data-phrase-index=\"1\">Il peut contenir un rouleau de papier hygi\u00e9nique jumbo allant de 12 \u00ab\u00e0 13\u00bb de diam\u00e8tre avec un diam\u00e8tre de noyau de 3 1\/4 \u00ab, et a \u00e9galement une section s\u00e9par\u00e9e pour un rouleau de talon.<\/span> <\/span><span class=\"VIiyi\" lang=\"fr\"><span class=\"JLqJ4b ChMk0b\" data-language-for-alternatives=\"fr\" data-language-to-translate-into=\"auto\" data-phrase-index=\"3\">Il vous suffit de charger votre nouveau rouleau de papier hygi\u00e9nique jumbo et, une fois qu&#8217;il a \u00e9t\u00e9 utilis\u00e9 jusqu&#8217;\u00e0 un rouleau de 6 pouces, d\u00e9placez-le dans la section de bout et chargez un nouveau rouleau dans la section de jumbo.<\/span><\/span><\/li>\n<li><span class=\"VIiyi\" lang=\"fr\"><span class=\"JLqJ4b ChMk0b\" data-language-for-alternatives=\"fr\" data-language-to-translate-into=\"auto\" data-phrase-index=\"3\">Ce nouveau rouleau ne deviendra accessible que lorsque le bout<\/span> <span class=\"JLqJ4b ChMk0b\" data-language-for-alternatives=\"fr\" data-language-to-translate-into=\"auto\" data-phrase-index=\"4\">le rouleau est termin\u00e9 pour que vous puissiez d\u00e9sormais utiliser chaque derni\u00e8re feuille sans vous soucier de la vidange de votre distributeur!<\/span><\/span><\/li>\n<\/ul>\n<p><strong>\u2713 Fabricant: San Jamar<\/strong><\/p>\n","protected":false},"excerpt":{"rendered":"<p>Code: DH-SJ6500N Fabriqu\u00e9 en plastique r\u00e9sistant \u00e0 la rupture avec une \u00e9l\u00e9gante couleur noire perle, ce distributeur de papier hygi\u00e9nique<\/p>\n","protected":false},"featured_media":24264,"comment_status":"closed","ping_status":"closed","template":"","meta":[],"product_brand":[],"product_cat":[105,101],"product_tag":[],"class_list":{"0":"post-24266","1":"product","2":"type-product","3":"status-publish","4":"has-post-thumbnail","6":"product_cat-distributeurs","7":"product_cat-papier-chiffons-et-sacs-a-dechets","8":"product_shipping_class-standard","10":"first","11":"onbackorder","12":"taxable","13":"shipping-taxable","14":"purchasable","15":"product-type-simple"},"yoast_head":"<!-- This site is optimized with the Yoast SEO plugin v27.5 - https:\/\/yoast.com\/product\/yoast-seo-wordpress\/ -->\n<title>DIS PAP HYG JUMBO 12&#039;&#039; AVEC RESERVE 6&#039;&#039; SAN JAMAR 3.3&#039;&#039; NOIR | Distributions Pla-M<\/title>\n<meta name=\"robots\" content=\"index, follow, max-snippet:-1, max-image-preview:large, max-video-preview:-1\" \/>\n<link rel=\"canonical\" href=\"https:\/\/plamdistributions.com\/produit\/distributrice-papier-hygienique-jumbo-12-avec-reserve-6-san-jamar-3-3-noir\/\" \/>\n<meta property=\"og:locale\" content=\"es_ES\" \/>\n<meta property=\"og:type\" content=\"article\" \/>\n<meta property=\"og:title\" content=\"DIS PAP HYG JUMBO 12&#039;&#039; AVEC RESERVE 6&#039;&#039; SAN JAMAR 3.3&#039;&#039; NOIR | Distributions Pla-M\" \/>\n<meta property=\"og:description\" content=\"Code: DH-SJ6500N Fabriqu\u00e9 en plastique r\u00e9sistant \u00e0 la rupture avec une \u00e9l\u00e9gante couleur noire perle, ce distributeur de papier hygi\u00e9nique\" \/>\n<meta property=\"og:url\" content=\"https:\/\/plamdistributions.com\/produit\/distributrice-papier-hygienique-jumbo-12-avec-reserve-6-san-jamar-3-3-noir\/\" \/>\n<meta property=\"og:site_name\" content=\"Distributions Pla-M\" \/>\n<meta property=\"article:publisher\" content=\"https:\/\/www.facebook.com\/displam\/\" \/>\n<meta property=\"article:modified_time\" content=\"2024-01-17T14:42:02+00:00\" \/>\n<meta property=\"og:image\" content=\"https:\/\/plamdistributions.com\/wp-content\/uploads\/2021\/05\/DH-SJ6500N.jpg\" \/>\n\t<meta property=\"og:image:width\" content=\"600\" \/>\n\t<meta property=\"og:image:height\" content=\"600\" \/>\n\t<meta property=\"og:image:type\" content=\"image\/jpeg\" \/>\n<meta name=\"twitter:card\" content=\"summary_large_image\" \/>\n<meta name=\"twitter:site\" content=\"@Displam\" \/>\n<meta name=\"twitter:label1\" content=\"Tiempo de lectura\" \/>\n\t<meta name=\"twitter:data1\" content=\"1 minuto\" \/>\n<script type=\"application\/ld+json\" class=\"yoast-schema-graph\">{\"@context\":\"https:\\\/\\\/schema.org\",\"@graph\":[{\"@type\":\"WebPage\",\"@id\":\"https:\\\/\\\/plamdistributions.com\\\/produit\\\/distributrice-papier-hygienique-jumbo-12-avec-reserve-6-san-jamar-3-3-noir\\\/\",\"url\":\"https:\\\/\\\/plamdistributions.com\\\/produit\\\/distributrice-papier-hygienique-jumbo-12-avec-reserve-6-san-jamar-3-3-noir\\\/\",\"name\":\"DIS PAP HYG JUMBO 12'' AVEC RESERVE 6'' SAN JAMAR 3.3'' NOIR | Distributions Pla-M\",\"isPartOf\":{\"@id\":\"https:\\\/\\\/plamdistributions.com\\\/#website\"},\"primaryImageOfPage\":{\"@id\":\"https:\\\/\\\/plamdistributions.com\\\/produit\\\/distributrice-papier-hygienique-jumbo-12-avec-reserve-6-san-jamar-3-3-noir\\\/#primaryimage\"},\"image\":{\"@id\":\"https:\\\/\\\/plamdistributions.com\\\/produit\\\/distributrice-papier-hygienique-jumbo-12-avec-reserve-6-san-jamar-3-3-noir\\\/#primaryimage\"},\"thumbnailUrl\":\"https:\\\/\\\/plamdistributions.com\\\/wp-content\\\/uploads\\\/2021\\\/05\\\/DH-SJ6500N.jpg\",\"datePublished\":\"2021-05-21T18:43:23+00:00\",\"dateModified\":\"2024-01-17T14:42:02+00:00\",\"breadcrumb\":{\"@id\":\"https:\\\/\\\/plamdistributions.com\\\/produit\\\/distributrice-papier-hygienique-jumbo-12-avec-reserve-6-san-jamar-3-3-noir\\\/#breadcrumb\"},\"inLanguage\":\"es\",\"potentialAction\":[{\"@type\":\"ReadAction\",\"target\":[\"https:\\\/\\\/plamdistributions.com\\\/produit\\\/distributrice-papier-hygienique-jumbo-12-avec-reserve-6-san-jamar-3-3-noir\\\/\"]}]},{\"@type\":\"ImageObject\",\"inLanguage\":\"es\",\"@id\":\"https:\\\/\\\/plamdistributions.com\\\/produit\\\/distributrice-papier-hygienique-jumbo-12-avec-reserve-6-san-jamar-3-3-noir\\\/#primaryimage\",\"url\":\"https:\\\/\\\/plamdistributions.com\\\/wp-content\\\/uploads\\\/2021\\\/05\\\/DH-SJ6500N.jpg\",\"contentUrl\":\"https:\\\/\\\/plamdistributions.com\\\/wp-content\\\/uploads\\\/2021\\\/05\\\/DH-SJ6500N.jpg\",\"width\":600,\"height\":600},{\"@type\":\"BreadcrumbList\",\"@id\":\"https:\\\/\\\/plamdistributions.com\\\/produit\\\/distributrice-papier-hygienique-jumbo-12-avec-reserve-6-san-jamar-3-3-noir\\\/#breadcrumb\",\"itemListElement\":[{\"@type\":\"ListItem\",\"position\":1,\"name\":\"Accueil\",\"item\":\"https:\\\/\\\/plamdistributions.com\\\/es\\\/\"},{\"@type\":\"ListItem\",\"position\":2,\"name\":\"Tienda\",\"item\":\"https:\\\/\\\/plamdistributions.com\\\/es\\\/tienda\\\/\"},{\"@type\":\"ListItem\",\"position\":3,\"name\":\"DIS PAP HYG JUMBO 12\u00a0\u00bb AVEC RESERVE 6\u00a0\u00bb SAN JAMAR 3.3\u00a0\u00bb NOIR\"}]},{\"@type\":\"WebSite\",\"@id\":\"https:\\\/\\\/plamdistributions.com\\\/#website\",\"url\":\"https:\\\/\\\/plamdistributions.com\\\/\",\"name\":\"Distributions Pla-M Inc.\",\"description\":\"Venta de productos y equipos sanitarios\",\"publisher\":{\"@id\":\"https:\\\/\\\/plamdistributions.com\\\/#organization\"},\"potentialAction\":[{\"@type\":\"SearchAction\",\"target\":{\"@type\":\"EntryPoint\",\"urlTemplate\":\"https:\\\/\\\/plamdistributions.com\\\/?s={search_term_string}\"},\"query-input\":{\"@type\":\"PropertyValueSpecification\",\"valueRequired\":true,\"valueName\":\"search_term_string\"}}],\"inLanguage\":\"es\"},{\"@type\":\"Organization\",\"@id\":\"https:\\\/\\\/plamdistributions.com\\\/#organization\",\"name\":\"Distributions Pla-M\",\"url\":\"https:\\\/\\\/plamdistributions.com\\\/\",\"logo\":{\"@type\":\"ImageObject\",\"inLanguage\":\"es\",\"@id\":\"https:\\\/\\\/plamdistributions.com\\\/#\\\/schema\\\/logo\\\/image\\\/\",\"url\":\"https:\\\/\\\/plamdistributions.com\\\/wp-content\\\/uploads\\\/2021\\\/05\\\/PLAM-SANS.png\",\"contentUrl\":\"https:\\\/\\\/plamdistributions.com\\\/wp-content\\\/uploads\\\/2021\\\/05\\\/PLAM-SANS.png\",\"width\":289,\"height\":224,\"caption\":\"Distributions Pla-M\"},\"image\":{\"@id\":\"https:\\\/\\\/plamdistributions.com\\\/#\\\/schema\\\/logo\\\/image\\\/\"},\"sameAs\":[\"https:\\\/\\\/www.facebook.com\\\/displam\\\/\",\"https:\\\/\\\/x.com\\\/Displam\",\"https:\\\/\\\/www.youtube.com\\\/channel\\\/UCHmm3HCGnpGuaQ984quISDg\"]}]}<\/script>\n<!-- \/ Yoast SEO plugin. -->","yoast_head_json":{"title":"DIS PAP HYG JUMBO 12'' AVEC RESERVE 6'' SAN JAMAR 3.3'' NOIR | Distributions Pla-M","robots":{"index":"index","follow":"follow","max-snippet":"max-snippet:-1","max-image-preview":"max-image-preview:large","max-video-preview":"max-video-preview:-1"},"canonical":"https:\/\/plamdistributions.com\/produit\/distributrice-papier-hygienique-jumbo-12-avec-reserve-6-san-jamar-3-3-noir\/","og_locale":"es_ES","og_type":"article","og_title":"DIS PAP HYG JUMBO 12'' AVEC RESERVE 6'' SAN JAMAR 3.3'' NOIR | Distributions Pla-M","og_description":"Code: DH-SJ6500N Fabriqu\u00e9 en plastique r\u00e9sistant \u00e0 la rupture avec une \u00e9l\u00e9gante couleur noire perle, ce distributeur de papier hygi\u00e9nique","og_url":"https:\/\/plamdistributions.com\/produit\/distributrice-papier-hygienique-jumbo-12-avec-reserve-6-san-jamar-3-3-noir\/","og_site_name":"Distributions Pla-M","article_publisher":"https:\/\/www.facebook.com\/displam\/","article_modified_time":"2024-01-17T14:42:02+00:00","og_image":[{"width":600,"height":600,"url":"https:\/\/plamdistributions.com\/wp-content\/uploads\/2021\/05\/DH-SJ6500N.jpg","type":"image\/jpeg"}],"twitter_card":"summary_large_image","twitter_site":"@Displam","twitter_misc":{"Tiempo de lectura":"1 minuto"},"schema":{"@context":"https:\/\/schema.org","@graph":[{"@type":"WebPage","@id":"https:\/\/plamdistributions.com\/produit\/distributrice-papier-hygienique-jumbo-12-avec-reserve-6-san-jamar-3-3-noir\/","url":"https:\/\/plamdistributions.com\/produit\/distributrice-papier-hygienique-jumbo-12-avec-reserve-6-san-jamar-3-3-noir\/","name":"DIS PAP HYG JUMBO 12'' AVEC RESERVE 6'' SAN JAMAR 3.3'' NOIR | Distributions Pla-M","isPartOf":{"@id":"https:\/\/plamdistributions.com\/#website"},"primaryImageOfPage":{"@id":"https:\/\/plamdistributions.com\/produit\/distributrice-papier-hygienique-jumbo-12-avec-reserve-6-san-jamar-3-3-noir\/#primaryimage"},"image":{"@id":"https:\/\/plamdistributions.com\/produit\/distributrice-papier-hygienique-jumbo-12-avec-reserve-6-san-jamar-3-3-noir\/#primaryimage"},"thumbnailUrl":"https:\/\/plamdistributions.com\/wp-content\/uploads\/2021\/05\/DH-SJ6500N.jpg","datePublished":"2021-05-21T18:43:23+00:00","dateModified":"2024-01-17T14:42:02+00:00","breadcrumb":{"@id":"https:\/\/plamdistributions.com\/produit\/distributrice-papier-hygienique-jumbo-12-avec-reserve-6-san-jamar-3-3-noir\/#breadcrumb"},"inLanguage":"es","potentialAction":[{"@type":"ReadAction","target":["https:\/\/plamdistributions.com\/produit\/distributrice-papier-hygienique-jumbo-12-avec-reserve-6-san-jamar-3-3-noir\/"]}]},{"@type":"ImageObject","inLanguage":"es","@id":"https:\/\/plamdistributions.com\/produit\/distributrice-papier-hygienique-jumbo-12-avec-reserve-6-san-jamar-3-3-noir\/#primaryimage","url":"https:\/\/plamdistributions.com\/wp-content\/uploads\/2021\/05\/DH-SJ6500N.jpg","contentUrl":"https:\/\/plamdistributions.com\/wp-content\/uploads\/2021\/05\/DH-SJ6500N.jpg","width":600,"height":600},{"@type":"BreadcrumbList","@id":"https:\/\/plamdistributions.com\/produit\/distributrice-papier-hygienique-jumbo-12-avec-reserve-6-san-jamar-3-3-noir\/#breadcrumb","itemListElement":[{"@type":"ListItem","position":1,"name":"Accueil","item":"https:\/\/plamdistributions.com\/es\/"},{"@type":"ListItem","position":2,"name":"Tienda","item":"https:\/\/plamdistributions.com\/es\/tienda\/"},{"@type":"ListItem","position":3,"name":"DIS PAP HYG JUMBO 12\u00a0\u00bb AVEC RESERVE 6\u00a0\u00bb SAN JAMAR 3.3\u00a0\u00bb NOIR"}]},{"@type":"WebSite","@id":"https:\/\/plamdistributions.com\/#website","url":"https:\/\/plamdistributions.com\/","name":"Distributions Pla-M Inc.","description":"Venta de productos y equipos sanitarios","publisher":{"@id":"https:\/\/plamdistributions.com\/#organization"},"potentialAction":[{"@type":"SearchAction","target":{"@type":"EntryPoint","urlTemplate":"https:\/\/plamdistributions.com\/?s={search_term_string}"},"query-input":{"@type":"PropertyValueSpecification","valueRequired":true,"valueName":"search_term_string"}}],"inLanguage":"es"},{"@type":"Organization","@id":"https:\/\/plamdistributions.com\/#organization","name":"Distributions Pla-M","url":"https:\/\/plamdistributions.com\/","logo":{"@type":"ImageObject","inLanguage":"es","@id":"https:\/\/plamdistributions.com\/#\/schema\/logo\/image\/","url":"https:\/\/plamdistributions.com\/wp-content\/uploads\/2021\/05\/PLAM-SANS.png","contentUrl":"https:\/\/plamdistributions.com\/wp-content\/uploads\/2021\/05\/PLAM-SANS.png","width":289,"height":224,"caption":"Distributions Pla-M"},"image":{"@id":"https:\/\/plamdistributions.com\/#\/schema\/logo\/image\/"},"sameAs":["https:\/\/www.facebook.com\/displam\/","https:\/\/x.com\/Displam","https:\/\/www.youtube.com\/channel\/UCHmm3HCGnpGuaQ984quISDg"]}]}},"_links":{"self":[{"href":"https:\/\/plamdistributions.com\/es\/wp-json\/wp\/v2\/product\/24266","targetHints":{"allow":["GET"]}}],"collection":[{"href":"https:\/\/plamdistributions.com\/es\/wp-json\/wp\/v2\/product"}],"about":[{"href":"https:\/\/plamdistributions.com\/es\/wp-json\/wp\/v2\/types\/product"}],"replies":[{"embeddable":true,"href":"https:\/\/plamdistributions.com\/es\/wp-json\/wp\/v2\/comments?post=24266"}],"wp:featuredmedia":[{"embeddable":true,"href":"https:\/\/plamdistributions.com\/es\/wp-json\/wp\/v2\/media\/24264"}],"wp:attachment":[{"href":"https:\/\/plamdistributions.com\/es\/wp-json\/wp\/v2\/media?parent=24266"}],"wp:term":[{"taxonomy":"product_brand","embeddable":true,"href":"https:\/\/plamdistributions.com\/es\/wp-json\/wp\/v2\/product_brand?post=24266"},{"taxonomy":"product_cat","embeddable":true,"href":"https:\/\/plamdistributions.com\/es\/wp-json\/wp\/v2\/product_cat?post=24266"},{"taxonomy":"product_tag","embeddable":true,"href":"https:\/\/plamdistributions.com\/es\/wp-json\/wp\/v2\/product_tag?post=24266"}],"curies":[{"name":"wp","href":"https:\/\/api.w.org\/{rel}","templated":true}]}}